





{"id":70099,"date":"2024-03-06T17:18:27","date_gmt":"2024-03-06T16:18:27","guid":{"rendered":"https:\/\/repliquemangacine.fr\/?post_type=product&#038;p=70099"},"modified":"2026-04-15T16:25:03","modified_gmt":"2026-04-15T14:25:03","slug":"support-the-witcher","status":"publish","type":"product","link":"https:\/\/repliquemangacine.fr\/de\/epee-the-witcher\/support-the-witcher\/","title":{"rendered":"Unterst\u00fctzung f\u00fcr The Witcher"},"content":{"rendered":"<h2>The Witcher Support - Eine Hommage an die Welt des Zauberers<\/h2>\n<p>Zun\u00e4chst pr\u00e4sentieren wir Ihnen ein unverzichtbares Accessoire f\u00fcr Ihre Schwerter: \u201cThe Witcher Stand\u201d. Mit viel Liebe zum Detail und hoher Qualit\u00e4t hergestellt, ist er eine greifbare Hommage an das Universum von The Witcher. Er bereichert Ihre Sammlung und unterstreicht Ihre Leidenschaft f\u00fcr diese legend\u00e4re Saga.<\/p>\n<p>Jeder St\u00e4nder ist aus edlem Holz gefertigt und zeichnet sich durch unvergleichliche Robustheit und Eleganz aus. So wird eine Pr\u00e4sentation gew\u00e4hrleistet, die dem Erbe des\u2019<a href=\"https:\/\/witcher-archive.fandom.com\/fr\/wiki\/Sorceleur\" target=\"_blank\" rel=\"noopener noreferrer\">Zauberer<\/a>. An der Spitze thront ein Wolfskopf, der mit bemerkenswerter Feinheit im Siebdruckverfahren aufgebracht wurde. Er greift das ikonische Logo von The Witcher auf, ein starkes Symbol f\u00fcr St\u00e4rke, Weisheit und Schutz. Dieses bedeutungsvolle \u00e4sthetische Detail macht dieses Medium zu einem einzigartigen Sammlerst\u00fcck und einem fesselnden Gespr\u00e4chspunkt f\u00fcr alle Fans. \u00dcber seine praktische Funktion hinaus verleiht dieser Schwertst\u00e4nder Ihrem Zuhause einen Hauch von Authentizit\u00e4t und Magie.<\/p>\n<h2>Support the Witcher zum besten Preis<\/h2>\n<p>Dieser St\u00e4nder wurde f\u00fcr alle Schwerter aus dem Universum von The Witcher entwickelt und ist au\u00dfergew\u00f6hnlich vielseitig. Egal, ob Sie ein erfahrener Sammler oder ein Neuling in der Welt des Waffensammelns sind. Er ist perfekt, um Ihre Leidenschaft f\u00fcr die Serie stilvoll und elegant zur Schau zu stellen. Sein universelles Design sorgt daf\u00fcr, dass jedes Schwert, egal ob Kampf- oder Zeremonienschwert, seinen Platz findet und so pr\u00e4sentiert wird, wie es verdient. So k\u00f6nnen Sie beispielsweise folgende Schwerter ausstellen:<\/p>\n<p>\u2013 Die\u2019<a href=\"https:\/\/repliquemangacine.fr\/de\/schwert-the-witcher\/twin-wolf-schwert-geralt-de-riv-the-witcher-3-mit-medaillon-als-geschenk\/\">Schwert des Zauberers Twin Wolf<\/a> mit seinen zwei K\u00f6pfen auf dem Knauf.<\/p>\n<p>\u2013 Es gibt auch die\u2019<a href=\"https:\/\/repliquemangacine.fr\/de\/schwert-the-witcher\/zireael-de-ciri-the-witcher-3-schwert-mit-abgeschnittener-klinge\/\">Ciris Schwert<\/a> mit seiner Klinge in der Mitte ge\u00f6ffnet.<\/p>\n<p>\u2013 Sowie die ber\u00fchmte <a href=\"https:\/\/repliquemangacine.fr\/de\/schwert-the-witcher\/silbernes-schwert-geralt-de-riv-the-witcher\/\">Silberschwert<\/a> von Gerald de Riv ganz in Wei\u00df, ein Wunderwerk! Und viele weitere in unserem Online-Shop.<\/p>\n<p>Es ist zu beachten, dass wir beim Kauf eines The Witcher-Schwertes ein Wolf-Medaillon verschenken.<\/p>\n<h2>Eine kleine Investition f\u00fcr eine gro\u00dfe Leidenschaft<\/h2>\n<p>Mit diesem Schwertst\u00e4nder von The Witcher entscheiden Sie sich f\u00fcr ein Sammlerst\u00fcck, das die Zeit \u00fcberdauert. Eine Br\u00fccke zwischen der Welt der epischen Erz\u00e4hlungen und unserer Realit\u00e4t. Eine Einladung, Ihre Bewunderung f\u00fcr die Saga zu feiern. Und eine M\u00f6glichkeit, den Geist von The Witcher in Ihrem Alltag lebendig und pr\u00e4sent zu halten.<\/p>\n<p>Warten Sie nicht l\u00e4nger und geben Sie Ihren Schwertern den Ehrenplatz, den sie verdienen. Verwandeln Sie Ihren Raum in einen Tempel, der dem Ruhm und den Abenteuern von The Witcher gewidmet ist, mit diesem au\u00dfergew\u00f6hnlichen Schwertst\u00e4nder, der Ihre unersch\u00fctterliche Leidenschaft f\u00fcr das Universum des Zauberers bezeugt.<\/p>\n<p>Man muss sagen, dass es das perfekte Geschenk f\u00fcr Fans und Sammler ist. Ebenso wie f\u00fcr alle, die ihrer Einrichtung einen Hauch von Geheimnis verleihen m\u00f6chten.<\/p>\n<p>Tauchen Sie ein in das Abenteuer, Ihr Schwertst\u00e4nder \u201eThe Witcher\u201c wartet auf Sie.<\/p>","protected":false},"excerpt":{"rendered":"<p>Wundersch\u00f6ner The Witcher-St\u00e4nder zum Ausstellen Ihrer Schwerter des Zauberers<\/p>\n<ul>\n<li>Vollst\u00e4ndig aus Holz<\/li>\n<li>Siebdruck des Wolfskopfes The Witcher<\/li>\n<li>Wird mit allen Schrauben geliefert<\/li>\n<li>H\u00f6he: 37 cm - Breite: 24.5 cm - Dicke: 1.2 cm<\/li>\n<\/ul>","protected":false},"featured_media":70101,"template":"","meta":[],"product_brand":[],"product_cat":[50,58],"product_tag":[],"class_list":{"0":"post-70099","1":"product","2":"type-product","3":"status-publish","4":"has-post-thumbnail","6":"product_cat-accessoires-katana","7":"product_cat-epee-the-witcher","9":"first","10":"instock","11":"taxable","12":"shipping-taxable","13":"purchasable","14":"product-type-simple"},"yoast_head":"<!-- This site is optimized with the Yoast SEO plugin v27.5 - https:\/\/yoast.com\/product\/yoast-seo-wordpress\/ -->\n<title>Support The Witcher | R\u00e9plique Manga Cin\u00e9<\/title>\n<meta name=\"description\" content=\"D\u00e9couvrez ce superbe Support The Witcher avec sa t\u00eate de loup s\u00e9rigraphi\u00e9. Tout en bois, visseries fournis. Id\u00e9al pour exposer vos \u00e9p\u00e9es de Gerald de Riv.\" \/>\n<meta name=\"robots\" content=\"index, follow, max-snippet:-1, max-image-preview:large, max-video-preview:-1\" \/>\n<link rel=\"canonical\" href=\"https:\/\/repliquemangacine.fr\/de\/schwert-the-witcher\/support-the-witcher\/\" \/>\n<meta property=\"og:locale\" content=\"de_DE\" \/>\n<meta property=\"og:type\" content=\"article\" \/>\n<meta property=\"og:title\" content=\"Support The Witcher | R\u00e9plique Manga Cin\u00e9\" \/>\n<meta property=\"og:description\" content=\"D\u00e9couvrez ce superbe Support The Witcher avec sa t\u00eate de loup s\u00e9rigraphi\u00e9. Tout en bois, visseries fournis. Id\u00e9al pour exposer vos \u00e9p\u00e9es de Gerald de Riv.\" \/>\n<meta property=\"og:url\" content=\"https:\/\/repliquemangacine.fr\/de\/schwert-the-witcher\/support-the-witcher\/\" \/>\n<meta property=\"og:site_name\" content=\"R\u00e9plique Manga Cin\u00e9\" \/>\n<meta property=\"article:publisher\" content=\"https:\/\/www.facebook.com\/RepliqueMangaCine\" \/>\n<meta property=\"article:modified_time\" content=\"2026-04-15T14:25:03+00:00\" \/>\n<meta property=\"og:image\" content=\"https:\/\/repliquemangacine.fr\/wp-content\/uploads\/2024\/03\/support-the-witcher.jpg\" \/>\n\t<meta property=\"og:image:width\" content=\"500\" \/>\n\t<meta property=\"og:image:height\" content=\"500\" \/>\n\t<meta property=\"og:image:type\" content=\"image\/jpeg\" \/>\n<meta name=\"twitter:card\" content=\"summary_large_image\" \/>\n<meta name=\"twitter:label1\" content=\"Gesch\u00e4tzte Lesezeit\" \/>\n\t<meta name=\"twitter:data1\" content=\"3\u00a0Minuten\" \/>\n<script type=\"application\/ld+json\" class=\"yoast-schema-graph\">{\"@context\":\"https:\\\/\\\/schema.org\",\"@graph\":[{\"@type\":\"WebPage\",\"@id\":\"https:\\\/\\\/repliquemangacine.fr\\\/epee-the-witcher\\\/support-the-witcher\\\/\",\"url\":\"https:\\\/\\\/repliquemangacine.fr\\\/epee-the-witcher\\\/support-the-witcher\\\/\",\"name\":\"Support The Witcher | R\u00e9plique Manga Cin\u00e9\",\"isPartOf\":{\"@id\":\"https:\\\/\\\/repliquemangacine.fr\\\/#website\"},\"primaryImageOfPage\":{\"@id\":\"https:\\\/\\\/repliquemangacine.fr\\\/epee-the-witcher\\\/support-the-witcher\\\/#primaryimage\"},\"image\":{\"@id\":\"https:\\\/\\\/repliquemangacine.fr\\\/epee-the-witcher\\\/support-the-witcher\\\/#primaryimage\"},\"thumbnailUrl\":\"https:\\\/\\\/repliquemangacine.fr\\\/wp-content\\\/uploads\\\/2024\\\/03\\\/support-the-witcher.jpg\",\"datePublished\":\"2024-03-06T16:18:27+00:00\",\"dateModified\":\"2026-04-15T14:25:03+00:00\",\"description\":\"D\u00e9couvrez ce superbe Support The Witcher avec sa t\u00eate de loup s\u00e9rigraphi\u00e9. Tout en bois, visseries fournis. Id\u00e9al pour exposer vos \u00e9p\u00e9es de Gerald de Riv.\",\"breadcrumb\":{\"@id\":\"https:\\\/\\\/repliquemangacine.fr\\\/epee-the-witcher\\\/support-the-witcher\\\/#breadcrumb\"},\"inLanguage\":\"de\",\"potentialAction\":[{\"@type\":\"ReadAction\",\"target\":[\"https:\\\/\\\/repliquemangacine.fr\\\/epee-the-witcher\\\/support-the-witcher\\\/\"]}]},{\"@type\":\"ImageObject\",\"inLanguage\":\"de\",\"@id\":\"https:\\\/\\\/repliquemangacine.fr\\\/epee-the-witcher\\\/support-the-witcher\\\/#primaryimage\",\"url\":\"https:\\\/\\\/repliquemangacine.fr\\\/wp-content\\\/uploads\\\/2024\\\/03\\\/support-the-witcher.jpg\",\"contentUrl\":\"https:\\\/\\\/repliquemangacine.fr\\\/wp-content\\\/uploads\\\/2024\\\/03\\\/support-the-witcher.jpg\",\"width\":500,\"height\":500,\"caption\":\"Support The Witcher en bois\"},{\"@type\":\"BreadcrumbList\",\"@id\":\"https:\\\/\\\/repliquemangacine.fr\\\/epee-the-witcher\\\/support-the-witcher\\\/#breadcrumb\",\"itemListElement\":[{\"@type\":\"ListItem\",\"position\":1,\"name\":\"Accueil\",\"item\":\"https:\\\/\\\/repliquemangacine.fr\\\/\"},{\"@type\":\"ListItem\",\"position\":2,\"name\":\"Produits\",\"item\":\"https:\\\/\\\/repliquemangacine.fr\\\/boutique\\\/\"},{\"@type\":\"ListItem\",\"position\":3,\"name\":\"Support The Witcher\"}]},{\"@type\":\"WebSite\",\"@id\":\"https:\\\/\\\/repliquemangacine.fr\\\/#website\",\"url\":\"https:\\\/\\\/repliquemangacine.fr\\\/\",\"name\":\"R\u00e9plique Manga Cin\u00e9\",\"description\":\"\",\"publisher\":{\"@id\":\"https:\\\/\\\/repliquemangacine.fr\\\/#organization\"},\"potentialAction\":[{\"@type\":\"SearchAction\",\"target\":{\"@type\":\"EntryPoint\",\"urlTemplate\":\"https:\\\/\\\/repliquemangacine.fr\\\/?s={search_term_string}\"},\"query-input\":{\"@type\":\"PropertyValueSpecification\",\"valueRequired\":true,\"valueName\":\"search_term_string\"}}],\"inLanguage\":\"de\"},{\"@type\":\"Organization\",\"@id\":\"https:\\\/\\\/repliquemangacine.fr\\\/#organization\",\"name\":\"R\u00e9plique Manga Cin\u00e9\",\"url\":\"https:\\\/\\\/repliquemangacine.fr\\\/\",\"logo\":{\"@type\":\"ImageObject\",\"inLanguage\":\"de\",\"@id\":\"https:\\\/\\\/repliquemangacine.fr\\\/#\\\/schema\\\/logo\\\/image\\\/\",\"url\":\"https:\\\/\\\/repliquemangacine.fr\\\/wp-content\\\/uploads\\\/2023\\\/10\\\/RMC-500250.png\",\"contentUrl\":\"https:\\\/\\\/repliquemangacine.fr\\\/wp-content\\\/uploads\\\/2023\\\/10\\\/RMC-500250.png\",\"width\":500,\"height\":250,\"caption\":\"R\u00e9plique Manga Cin\u00e9\"},\"image\":{\"@id\":\"https:\\\/\\\/repliquemangacine.fr\\\/#\\\/schema\\\/logo\\\/image\\\/\"},\"sameAs\":[\"https:\\\/\\\/www.facebook.com\\\/RepliqueMangaCine\",\"https:\\\/\\\/www.instagram.com\\\/repliquemangacine.fr\\\/\"]}]}<\/script>\n<!-- \/ Yoast SEO plugin. -->","yoast_head_json":{"title":"The Witcher Support | R\u00e9plique Manga Cin\u00e9","description":"Entdecken Sie diesen tollen The Witcher-St\u00e4nder mit seinem im Siebdruckverfahren hergestellten Wolfskopf. Alles aus Holz, Schrauben werden mitgeliefert. Ideal, um Ihre Schwerter von Gerald de Riv auszustellen.","robots":{"index":"index","follow":"follow","max-snippet":"max-snippet:-1","max-image-preview":"max-image-preview:large","max-video-preview":"max-video-preview:-1"},"canonical":"https:\/\/repliquemangacine.fr\/de\/schwert-the-witcher\/support-the-witcher\/","og_locale":"de_DE","og_type":"article","og_title":"Support The Witcher | R\u00e9plique Manga Cin\u00e9","og_description":"D\u00e9couvrez ce superbe Support The Witcher avec sa t\u00eate de loup s\u00e9rigraphi\u00e9. Tout en bois, visseries fournis. Id\u00e9al pour exposer vos \u00e9p\u00e9es de Gerald de Riv.","og_url":"https:\/\/repliquemangacine.fr\/de\/schwert-the-witcher\/support-the-witcher\/","og_site_name":"R\u00e9plique Manga Cin\u00e9","article_publisher":"https:\/\/www.facebook.com\/RepliqueMangaCine","article_modified_time":"2026-04-15T14:25:03+00:00","og_image":[{"width":500,"height":500,"url":"https:\/\/repliquemangacine.fr\/wp-content\/uploads\/2024\/03\/support-the-witcher.jpg","type":"image\/jpeg"}],"twitter_card":"summary_large_image","twitter_misc":{"Gesch\u00e4tzte Lesezeit":"3\u00a0Minuten"},"schema":{"@context":"https:\/\/schema.org","@graph":[{"@type":"WebPage","@id":"https:\/\/repliquemangacine.fr\/epee-the-witcher\/support-the-witcher\/","url":"https:\/\/repliquemangacine.fr\/epee-the-witcher\/support-the-witcher\/","name":"The Witcher Support | R\u00e9plique Manga Cin\u00e9","isPartOf":{"@id":"https:\/\/repliquemangacine.fr\/#website"},"primaryImageOfPage":{"@id":"https:\/\/repliquemangacine.fr\/epee-the-witcher\/support-the-witcher\/#primaryimage"},"image":{"@id":"https:\/\/repliquemangacine.fr\/epee-the-witcher\/support-the-witcher\/#primaryimage"},"thumbnailUrl":"https:\/\/repliquemangacine.fr\/wp-content\/uploads\/2024\/03\/support-the-witcher.jpg","datePublished":"2024-03-06T16:18:27+00:00","dateModified":"2026-04-15T14:25:03+00:00","description":"Entdecken Sie diesen tollen The Witcher-St\u00e4nder mit seinem im Siebdruckverfahren hergestellten Wolfskopf. Alles aus Holz, Schrauben werden mitgeliefert. Ideal, um Ihre Schwerter von Gerald de Riv auszustellen.","breadcrumb":{"@id":"https:\/\/repliquemangacine.fr\/epee-the-witcher\/support-the-witcher\/#breadcrumb"},"inLanguage":"de","potentialAction":[{"@type":"ReadAction","target":["https:\/\/repliquemangacine.fr\/epee-the-witcher\/support-the-witcher\/"]}]},{"@type":"ImageObject","inLanguage":"de","@id":"https:\/\/repliquemangacine.fr\/epee-the-witcher\/support-the-witcher\/#primaryimage","url":"https:\/\/repliquemangacine.fr\/wp-content\/uploads\/2024\/03\/support-the-witcher.jpg","contentUrl":"https:\/\/repliquemangacine.fr\/wp-content\/uploads\/2024\/03\/support-the-witcher.jpg","width":500,"height":500,"caption":"Support The Witcher en bois"},{"@type":"BreadcrumbList","@id":"https:\/\/repliquemangacine.fr\/epee-the-witcher\/support-the-witcher\/#breadcrumb","itemListElement":[{"@type":"ListItem","position":1,"name":"Accueil","item":"https:\/\/repliquemangacine.fr\/"},{"@type":"ListItem","position":2,"name":"Produits","item":"https:\/\/repliquemangacine.fr\/boutique\/"},{"@type":"ListItem","position":3,"name":"Support The Witcher"}]},{"@type":"WebSite","@id":"https:\/\/repliquemangacine.fr\/#website","url":"https:\/\/repliquemangacine.fr\/","name":"R\u00e9plique Manga Cin\u00e9","description":"","publisher":{"@id":"https:\/\/repliquemangacine.fr\/#organization"},"potentialAction":[{"@type":"SearchAction","target":{"@type":"EntryPoint","urlTemplate":"https:\/\/repliquemangacine.fr\/?s={search_term_string}"},"query-input":{"@type":"PropertyValueSpecification","valueRequired":true,"valueName":"search_term_string"}}],"inLanguage":"de"},{"@type":"Organization","@id":"https:\/\/repliquemangacine.fr\/#organization","name":"R\u00e9plique Manga Cin\u00e9","url":"https:\/\/repliquemangacine.fr\/","logo":{"@type":"ImageObject","inLanguage":"de","@id":"https:\/\/repliquemangacine.fr\/#\/schema\/logo\/image\/","url":"https:\/\/repliquemangacine.fr\/wp-content\/uploads\/2023\/10\/RMC-500250.png","contentUrl":"https:\/\/repliquemangacine.fr\/wp-content\/uploads\/2023\/10\/RMC-500250.png","width":500,"height":250,"caption":"R\u00e9plique Manga Cin\u00e9"},"image":{"@id":"https:\/\/repliquemangacine.fr\/#\/schema\/logo\/image\/"},"sameAs":["https:\/\/www.facebook.com\/RepliqueMangaCine","https:\/\/www.instagram.com\/repliquemangacine.fr\/"]}]}},"_links":{"self":[{"href":"https:\/\/repliquemangacine.fr\/de\/wp-json\/wp\/v2\/product\/70099","targetHints":{"allow":["GET"]}}],"collection":[{"href":"https:\/\/repliquemangacine.fr\/de\/wp-json\/wp\/v2\/product"}],"about":[{"href":"https:\/\/repliquemangacine.fr\/de\/wp-json\/wp\/v2\/types\/product"}],"wp:featuredmedia":[{"embeddable":true,"href":"https:\/\/repliquemangacine.fr\/de\/wp-json\/wp\/v2\/media\/70101"}],"wp:attachment":[{"href":"https:\/\/repliquemangacine.fr\/de\/wp-json\/wp\/v2\/media?parent=70099"}],"wp:term":[{"taxonomy":"product_brand","embeddable":true,"href":"https:\/\/repliquemangacine.fr\/de\/wp-json\/wp\/v2\/product_brand?post=70099"},{"taxonomy":"product_cat","embeddable":true,"href":"https:\/\/repliquemangacine.fr\/de\/wp-json\/wp\/v2\/product_cat?post=70099"},{"taxonomy":"product_tag","embeddable":true,"href":"https:\/\/repliquemangacine.fr\/de\/wp-json\/wp\/v2\/product_tag?post=70099"}],"curies":[{"name":"wp","href":"https:\/\/api.w.org\/{rel}","templated":true}]}}