





{"id":69996,"date":"2024-03-05T13:48:01","date_gmt":"2024-03-05T12:48:01","guid":{"rendered":"https:\/\/repliquemangacine.fr\/?post_type=product&#038;p=69996"},"modified":"2025-12-02T16:56:04","modified_gmt":"2025-12-02T15:56:04","slug":"king-katana-one-piece","status":"publish","type":"product","link":"https:\/\/repliquemangacine.fr\/de\/katana-en-metal-one-piece\/katana-de-king-one-piece\/","title":{"rendered":"Kings Katana - One Piece"},"content":{"rendered":"<h2>Die Aura des King's Katana: Mehr als nur eine Waffe<\/h2>\n<p>In erster Linie ist Kings Katana von einer Aura des Geheimnisvollen und der Macht umgeben. Darin spiegeln sich die au\u00dfergew\u00f6hnlichen F\u00e4higkeiten seines Tr\u00e4gers wider. Es ist nicht nur die physische Erscheinung der Waffe, die beeindruckt. Sondern auch die Aura, die sie umgibt und die in der Lage ist, Gegner schon vor Beginn des Kampfes einzusch\u00fcchtern. Die Klinge selbst, die aus einem unbekannten Material geschmiedet wurde, scheint einen eigenen Willen zu besitzen. Sie schwingt mit dem Kampfgeist und der eisernen Entschlossenheit Kings mit. Diese Synergie zwischen dem Krieger und seiner Waffe schafft ein Duo, das auf dem Schlachtfeld unbesiegbar ist. Das Katana wirkt wie eine Erweiterung von Kings St\u00e4rke und Willenskraft. Seine Geschicklichkeit im Umgang mit dem Katana zeugt von seinem Platz in der Elite der One Piece-K\u00e4mpfer. Das macht ihn zu einer lebenden Legende, deren Geschichte und Waffe auch weiterhin Furcht und Respekt einfl\u00f6\u00dfen werden.<\/p>\n<h2>Kings Katana: Die Waffe eines wilden Kommandanten<\/h2>\n<p>Es ist hervorzuheben, dass <a href=\"https:\/\/onepiece.fandom.com\/fr\/wiki\/Alber\" target=\"_blank\" rel=\"noopener noreferrer\">King<\/a> (Alber), ein angesehenes Mitglied der Piratencrew von Big Mom und einer der drei s\u00fc\u00dfen Kommandanten. Eine Figur, die in der Welt von One Piece f\u00fcr Macht und Geheimnisse steht. Bekannt f\u00fcr seine rohe Kraft und seine unersch\u00fctterliche Treue gegen\u00fcber Big Mom. King zeichnet sich auch durch seine Lieblingswaffe aus: ein Katana, das er immer bei sich tr\u00e4gt. Dieses Katana ist keine einfache Klinge.<\/p>\n<p>Es ist die Verl\u00e4ngerung seines Willens, ein Werkzeug, mit dem er Hindernisse und Feinde mit beeindruckender Pr\u00e4zision und Effizienz \u00fcberwinden kann. Seine Beherrschung des Katana ist so gro\u00df, dass sie bei seinen Verb\u00fcndeten und Gegnern gleicherma\u00dfen Bewunderung und Furcht hervorruft. Damit unterstreicht er seinen Status nicht nur als Elitek\u00e4mpfer, sondern auch als Waffenmeister. Abschlie\u00dfend sei gesagt, dass King ein Lunarianer ist. Wenn die Flammen auf seinem R\u00fccken erscheinen, wird er nahezu unverwundbar gegen\u00fcber Angriffen.<\/p>\n<h2>Die Legend\u00e4ren Katanas aus One Piece<\/h2>\n<p>Zun\u00e4chst einmal sind Katanas in der Welt von One Piece nicht einfach nur Waffen. Sie sind Symbole f\u00fcr Macht, Ehre und Tradition und werden von den tapfersten und angesehensten Kriegern der sieben Meere getragen.<\/p>\n<p>R\u00e9plique Manga Cin\u00e9 bietet Ihnen die bekanntesten Klingen wie:<\/p>\n<ul>\n<li>Die <a href=\"https:\/\/repliquemangacine.fr\/de\/katana-aus-metall-one-piece\/katana-schwert-wado-ichimonji-schwert-des-zoro\/\">Wado Ichimonji<\/a> von Roronoa Zoro, den, den er zwischen seinen Z\u00e4hnen tr\u00e4gt<\/li>\n<li>Es gibt auch, den <a href=\"https:\/\/repliquemangacine.fr\/de\/katana-aus-metall-one-piece\/katana-sandai-kitetsu-zoroschwert\/\">Sandai Kitetsu<\/a> und seine verfluchte Aura, bis hin zu dem legend\u00e4ren Shusui, Ryumas schwarzer Klinge.<\/li>\n<li>Und noch viel mehr, das es in unserem Online-Shop zu entdecken gibt.<\/li>\n<\/ul>\n<p>Zusammenfassend l\u00e4sst sich sagen, dass diese Katanas nicht nur Kampfwerkzeuge, sondern auch Erbst\u00fccke sind, die \u00fcber Generationen hinweg von Hand zu Hand weitergereicht werden. Sie symbolisieren die St\u00e4rke, den Einsatz und die Entschlossenheit ihrer Tr\u00e4ger und spiegeln die Werte und Ideale derer wider, die sie f\u00fchren. In One Piece ist der Besitz eines Katanas nicht nur eine Frage der Wahl der Waffe. Es ist auch eine Aussage \u00fcber die Identit\u00e4t und den Weg des Kriegers.<\/p>","protected":false},"excerpt":{"rendered":"<p>Wundersch\u00f6ne Replik von Kings (Albers) Katana aus One Piece.<\/p>\n<ul>\n<li>Klinge aus fein verziertem Stahl<\/li>\n<li>Griff mit orangefarbenem Baumwollgeflecht \u00fcberzogen<\/li>\n<li>Speziell geformter Stahlschutz<\/li>\n<li>Orange lackierte Holzscheide mit Ornamenten<\/li>\n<li>L\u00e4nge der Klinge: 68 cm - Gesamtl\u00e4nge: 105 cm<\/li>\n<\/ul>","protected":false},"featured_media":69997,"template":"","meta":[],"product_brand":[],"product_cat":[123],"product_tag":[],"class_list":{"0":"post-69996","1":"product","2":"type-product","3":"status-publish","4":"has-post-thumbnail","6":"product_cat-katana-en-metal-one-piece","8":"first","9":"instock","10":"taxable","11":"shipping-taxable","12":"purchasable","13":"product-type-simple"},"yoast_head":"<!-- This site is optimized with the Yoast SEO plugin v27.5 - https:\/\/yoast.com\/product\/yoast-seo-wordpress\/ -->\n<title>Katana de King - One Piece | R\u00e9plique Manga Cin\u00e9<\/title>\n<meta name=\"description\" content=\"D\u00e9couvrez cette superbe r\u00e9plique du Katana de King dans One Piece au meilleur prix. Lame en acier d\u00e9cor\u00e9. Fourreau en bois laqu\u00e9 orange. Longueur : 105 cm\" \/>\n<meta name=\"robots\" content=\"index, follow, max-snippet:-1, max-image-preview:large, max-video-preview:-1\" \/>\n<link rel=\"canonical\" href=\"https:\/\/repliquemangacine.fr\/de\/katana-aus-metall-one-piece\/king-katana-one-piece\/\" \/>\n<meta property=\"og:locale\" content=\"de_DE\" \/>\n<meta property=\"og:type\" content=\"article\" \/>\n<meta property=\"og:title\" content=\"Katana de King - One Piece | R\u00e9plique Manga Cin\u00e9\" \/>\n<meta property=\"og:description\" content=\"D\u00e9couvrez cette superbe r\u00e9plique du Katana de King dans One Piece au meilleur prix. Lame en acier d\u00e9cor\u00e9. Fourreau en bois laqu\u00e9 orange. Longueur : 105 cm\" \/>\n<meta property=\"og:url\" content=\"https:\/\/repliquemangacine.fr\/de\/katana-aus-metall-one-piece\/king-katana-one-piece\/\" \/>\n<meta property=\"og:site_name\" content=\"R\u00e9plique Manga Cin\u00e9\" \/>\n<meta property=\"article:publisher\" content=\"https:\/\/www.facebook.com\/RepliqueMangaCine\" \/>\n<meta property=\"article:modified_time\" content=\"2025-12-02T15:56:04+00:00\" \/>\n<meta property=\"og:image\" content=\"https:\/\/repliquemangacine.fr\/wp-content\/uploads\/2024\/03\/Katana-King.jpg\" \/>\n\t<meta property=\"og:image:width\" content=\"500\" \/>\n\t<meta property=\"og:image:height\" content=\"500\" \/>\n\t<meta property=\"og:image:type\" content=\"image\/jpeg\" \/>\n<meta name=\"twitter:card\" content=\"summary_large_image\" \/>\n<meta name=\"twitter:label1\" content=\"Gesch\u00e4tzte Lesezeit\" \/>\n\t<meta name=\"twitter:data1\" content=\"3\u00a0Minuten\" \/>\n<script type=\"application\/ld+json\" class=\"yoast-schema-graph\">{\"@context\":\"https:\\\/\\\/schema.org\",\"@graph\":[{\"@type\":\"WebPage\",\"@id\":\"https:\\\/\\\/repliquemangacine.fr\\\/katana-en-metal-one-piece\\\/katana-de-king-one-piece\\\/\",\"url\":\"https:\\\/\\\/repliquemangacine.fr\\\/katana-en-metal-one-piece\\\/katana-de-king-one-piece\\\/\",\"name\":\"Katana de King - One Piece | R\u00e9plique Manga Cin\u00e9\",\"isPartOf\":{\"@id\":\"https:\\\/\\\/repliquemangacine.fr\\\/#website\"},\"primaryImageOfPage\":{\"@id\":\"https:\\\/\\\/repliquemangacine.fr\\\/katana-en-metal-one-piece\\\/katana-de-king-one-piece\\\/#primaryimage\"},\"image\":{\"@id\":\"https:\\\/\\\/repliquemangacine.fr\\\/katana-en-metal-one-piece\\\/katana-de-king-one-piece\\\/#primaryimage\"},\"thumbnailUrl\":\"https:\\\/\\\/repliquemangacine.fr\\\/wp-content\\\/uploads\\\/2024\\\/03\\\/Katana-King.jpg\",\"datePublished\":\"2024-03-05T12:48:01+00:00\",\"dateModified\":\"2025-12-02T15:56:04+00:00\",\"description\":\"D\u00e9couvrez cette superbe r\u00e9plique du Katana de King dans One Piece au meilleur prix. Lame en acier d\u00e9cor\u00e9. Fourreau en bois laqu\u00e9 orange. Longueur : 105 cm\",\"breadcrumb\":{\"@id\":\"https:\\\/\\\/repliquemangacine.fr\\\/katana-en-metal-one-piece\\\/katana-de-king-one-piece\\\/#breadcrumb\"},\"inLanguage\":\"de\",\"potentialAction\":[{\"@type\":\"ReadAction\",\"target\":[\"https:\\\/\\\/repliquemangacine.fr\\\/katana-en-metal-one-piece\\\/katana-de-king-one-piece\\\/\"]}]},{\"@type\":\"ImageObject\",\"inLanguage\":\"de\",\"@id\":\"https:\\\/\\\/repliquemangacine.fr\\\/katana-en-metal-one-piece\\\/katana-de-king-one-piece\\\/#primaryimage\",\"url\":\"https:\\\/\\\/repliquemangacine.fr\\\/wp-content\\\/uploads\\\/2024\\\/03\\\/Katana-King.jpg\",\"contentUrl\":\"https:\\\/\\\/repliquemangacine.fr\\\/wp-content\\\/uploads\\\/2024\\\/03\\\/Katana-King.jpg\",\"width\":500,\"height\":500,\"caption\":\"Katana de King dans One Piece\"},{\"@type\":\"BreadcrumbList\",\"@id\":\"https:\\\/\\\/repliquemangacine.fr\\\/katana-en-metal-one-piece\\\/katana-de-king-one-piece\\\/#breadcrumb\",\"itemListElement\":[{\"@type\":\"ListItem\",\"position\":1,\"name\":\"Accueil\",\"item\":\"https:\\\/\\\/repliquemangacine.fr\\\/\"},{\"@type\":\"ListItem\",\"position\":2,\"name\":\"Produits\",\"item\":\"https:\\\/\\\/repliquemangacine.fr\\\/boutique\\\/\"},{\"@type\":\"ListItem\",\"position\":3,\"name\":\"Katana de King &#8211; One Piece\"}]},{\"@type\":\"WebSite\",\"@id\":\"https:\\\/\\\/repliquemangacine.fr\\\/#website\",\"url\":\"https:\\\/\\\/repliquemangacine.fr\\\/\",\"name\":\"R\u00e9plique Manga Cin\u00e9\",\"description\":\"\",\"publisher\":{\"@id\":\"https:\\\/\\\/repliquemangacine.fr\\\/#organization\"},\"potentialAction\":[{\"@type\":\"SearchAction\",\"target\":{\"@type\":\"EntryPoint\",\"urlTemplate\":\"https:\\\/\\\/repliquemangacine.fr\\\/?s={search_term_string}\"},\"query-input\":{\"@type\":\"PropertyValueSpecification\",\"valueRequired\":true,\"valueName\":\"search_term_string\"}}],\"inLanguage\":\"de\"},{\"@type\":\"Organization\",\"@id\":\"https:\\\/\\\/repliquemangacine.fr\\\/#organization\",\"name\":\"R\u00e9plique Manga Cin\u00e9\",\"url\":\"https:\\\/\\\/repliquemangacine.fr\\\/\",\"logo\":{\"@type\":\"ImageObject\",\"inLanguage\":\"de\",\"@id\":\"https:\\\/\\\/repliquemangacine.fr\\\/#\\\/schema\\\/logo\\\/image\\\/\",\"url\":\"https:\\\/\\\/repliquemangacine.fr\\\/wp-content\\\/uploads\\\/2023\\\/10\\\/RMC-500250.png\",\"contentUrl\":\"https:\\\/\\\/repliquemangacine.fr\\\/wp-content\\\/uploads\\\/2023\\\/10\\\/RMC-500250.png\",\"width\":500,\"height\":250,\"caption\":\"R\u00e9plique Manga Cin\u00e9\"},\"image\":{\"@id\":\"https:\\\/\\\/repliquemangacine.fr\\\/#\\\/schema\\\/logo\\\/image\\\/\"},\"sameAs\":[\"https:\\\/\\\/www.facebook.com\\\/RepliqueMangaCine\",\"https:\\\/\\\/www.instagram.com\\\/repliquemangacine.fr\\\/\"]}]}<\/script>\n<!-- \/ Yoast SEO plugin. -->","yoast_head_json":{"title":"Kings Katana - One Piece | R\u00e9plique Manga Cin\u00e9","description":"Entdecken Sie diese gro\u00dfartige Replik von Kings Katana aus One Piece zum besten Preis. Klinge aus verziertem Stahl. Scheide aus orange lackiertem Holz. L\u00e4nge: 105 cm","robots":{"index":"index","follow":"follow","max-snippet":"max-snippet:-1","max-image-preview":"max-image-preview:large","max-video-preview":"max-video-preview:-1"},"canonical":"https:\/\/repliquemangacine.fr\/de\/katana-aus-metall-one-piece\/king-katana-one-piece\/","og_locale":"de_DE","og_type":"article","og_title":"Katana de King - One Piece | R\u00e9plique Manga Cin\u00e9","og_description":"D\u00e9couvrez cette superbe r\u00e9plique du Katana de King dans One Piece au meilleur prix. Lame en acier d\u00e9cor\u00e9. Fourreau en bois laqu\u00e9 orange. Longueur : 105 cm","og_url":"https:\/\/repliquemangacine.fr\/de\/katana-aus-metall-one-piece\/king-katana-one-piece\/","og_site_name":"R\u00e9plique Manga Cin\u00e9","article_publisher":"https:\/\/www.facebook.com\/RepliqueMangaCine","article_modified_time":"2025-12-02T15:56:04+00:00","og_image":[{"width":500,"height":500,"url":"https:\/\/repliquemangacine.fr\/wp-content\/uploads\/2024\/03\/Katana-King.jpg","type":"image\/jpeg"}],"twitter_card":"summary_large_image","twitter_misc":{"Gesch\u00e4tzte Lesezeit":"3\u00a0Minuten"},"schema":{"@context":"https:\/\/schema.org","@graph":[{"@type":"WebPage","@id":"https:\/\/repliquemangacine.fr\/katana-en-metal-one-piece\/katana-de-king-one-piece\/","url":"https:\/\/repliquemangacine.fr\/katana-en-metal-one-piece\/katana-de-king-one-piece\/","name":"Kings Katana - One Piece | R\u00e9plique Manga Cin\u00e9","isPartOf":{"@id":"https:\/\/repliquemangacine.fr\/#website"},"primaryImageOfPage":{"@id":"https:\/\/repliquemangacine.fr\/katana-en-metal-one-piece\/katana-de-king-one-piece\/#primaryimage"},"image":{"@id":"https:\/\/repliquemangacine.fr\/katana-en-metal-one-piece\/katana-de-king-one-piece\/#primaryimage"},"thumbnailUrl":"https:\/\/repliquemangacine.fr\/wp-content\/uploads\/2024\/03\/Katana-King.jpg","datePublished":"2024-03-05T12:48:01+00:00","dateModified":"2025-12-02T15:56:04+00:00","description":"Entdecken Sie diese gro\u00dfartige Replik von Kings Katana aus One Piece zum besten Preis. Klinge aus verziertem Stahl. Scheide aus orange lackiertem Holz. L\u00e4nge: 105 cm","breadcrumb":{"@id":"https:\/\/repliquemangacine.fr\/katana-en-metal-one-piece\/katana-de-king-one-piece\/#breadcrumb"},"inLanguage":"de","potentialAction":[{"@type":"ReadAction","target":["https:\/\/repliquemangacine.fr\/katana-en-metal-one-piece\/katana-de-king-one-piece\/"]}]},{"@type":"ImageObject","inLanguage":"de","@id":"https:\/\/repliquemangacine.fr\/katana-en-metal-one-piece\/katana-de-king-one-piece\/#primaryimage","url":"https:\/\/repliquemangacine.fr\/wp-content\/uploads\/2024\/03\/Katana-King.jpg","contentUrl":"https:\/\/repliquemangacine.fr\/wp-content\/uploads\/2024\/03\/Katana-King.jpg","width":500,"height":500,"caption":"Katana de King dans One Piece"},{"@type":"BreadcrumbList","@id":"https:\/\/repliquemangacine.fr\/katana-en-metal-one-piece\/katana-de-king-one-piece\/#breadcrumb","itemListElement":[{"@type":"ListItem","position":1,"name":"Accueil","item":"https:\/\/repliquemangacine.fr\/"},{"@type":"ListItem","position":2,"name":"Produits","item":"https:\/\/repliquemangacine.fr\/boutique\/"},{"@type":"ListItem","position":3,"name":"Katana de King &#8211; One Piece"}]},{"@type":"WebSite","@id":"https:\/\/repliquemangacine.fr\/#website","url":"https:\/\/repliquemangacine.fr\/","name":"R\u00e9plique Manga Cin\u00e9","description":"","publisher":{"@id":"https:\/\/repliquemangacine.fr\/#organization"},"potentialAction":[{"@type":"SearchAction","target":{"@type":"EntryPoint","urlTemplate":"https:\/\/repliquemangacine.fr\/?s={search_term_string}"},"query-input":{"@type":"PropertyValueSpecification","valueRequired":true,"valueName":"search_term_string"}}],"inLanguage":"de"},{"@type":"Organization","@id":"https:\/\/repliquemangacine.fr\/#organization","name":"R\u00e9plique Manga Cin\u00e9","url":"https:\/\/repliquemangacine.fr\/","logo":{"@type":"ImageObject","inLanguage":"de","@id":"https:\/\/repliquemangacine.fr\/#\/schema\/logo\/image\/","url":"https:\/\/repliquemangacine.fr\/wp-content\/uploads\/2023\/10\/RMC-500250.png","contentUrl":"https:\/\/repliquemangacine.fr\/wp-content\/uploads\/2023\/10\/RMC-500250.png","width":500,"height":250,"caption":"R\u00e9plique Manga Cin\u00e9"},"image":{"@id":"https:\/\/repliquemangacine.fr\/#\/schema\/logo\/image\/"},"sameAs":["https:\/\/www.facebook.com\/RepliqueMangaCine","https:\/\/www.instagram.com\/repliquemangacine.fr\/"]}]}},"_links":{"self":[{"href":"https:\/\/repliquemangacine.fr\/de\/wp-json\/wp\/v2\/product\/69996","targetHints":{"allow":["GET"]}}],"collection":[{"href":"https:\/\/repliquemangacine.fr\/de\/wp-json\/wp\/v2\/product"}],"about":[{"href":"https:\/\/repliquemangacine.fr\/de\/wp-json\/wp\/v2\/types\/product"}],"wp:featuredmedia":[{"embeddable":true,"href":"https:\/\/repliquemangacine.fr\/de\/wp-json\/wp\/v2\/media\/69997"}],"wp:attachment":[{"href":"https:\/\/repliquemangacine.fr\/de\/wp-json\/wp\/v2\/media?parent=69996"}],"wp:term":[{"taxonomy":"product_brand","embeddable":true,"href":"https:\/\/repliquemangacine.fr\/de\/wp-json\/wp\/v2\/product_brand?post=69996"},{"taxonomy":"product_cat","embeddable":true,"href":"https:\/\/repliquemangacine.fr\/de\/wp-json\/wp\/v2\/product_cat?post=69996"},{"taxonomy":"product_tag","embeddable":true,"href":"https:\/\/repliquemangacine.fr\/de\/wp-json\/wp\/v2\/product_tag?post=69996"}],"curies":[{"name":"wp","href":"https:\/\/api.w.org\/{rel}","templated":true}]}}