





{"id":69971,"date":"2024-03-05T12:13:12","date_gmt":"2024-03-05T11:13:12","guid":{"rendered":"https:\/\/repliquemangacine.fr\/?post_type=product&#038;p=69971"},"modified":"2026-01-22T18:56:11","modified_gmt":"2026-01-22T17:56:11","slug":"katana-uchigatana-elden-ring","status":"publish","type":"product","link":"https:\/\/repliquemangacine.fr\/de\/katana-et-epee-de-jeux-video-autre-jeux-video\/katana-uchigatana-elden-ring\/","title":{"rendered":"Katana Uchigatana - Elden ring"},"content":{"rendered":"<h2>Katana Uchigatana: Die Agile Klinge<\/h2>\n<p>Zu Beginn wird die Katana Uchigatana in <a href=\"https:\/\/eldenring.fandom.com\/wiki\/Elden_Ring_(game)\" target=\"_blank\" rel=\"noopener noreferrer\">Elden Ring<\/a> ist eine der bekanntesten und zu Beginn des Spiels am leichtesten zug\u00e4nglichen Waffen. Das macht diese Waffe sehr beliebt bei Spielern, insbesondere bei denen, die in ihrem Kampfstil Wert auf Beweglichkeit und Pr\u00e4zision legen. Hier finden Sie einen detaillierten \u00dcberblick \u00fcber die Uchigatana und ihre Eigenschaften im Spiel.<\/p>\n<p>Das Uchigatana, ein traditionelles japanisches Katana, das f\u00fcr seine charakteristische gebogene Klinge bekannt ist. In Elden Ring beh\u00e4lt es diese authentische \u00c4sthetik bei und bietet den Spielern eine ebenso elegante wie t\u00f6dliche Waffe. Sein schlichtes, aber raffiniertes Design spricht viele Spieler an, die eine Kombination aus Sch\u00f6nheit und Effizienz suchen.<\/p>\n<p>Das Besondere an der Uchigatana ist ihre F\u00e4higkeit, Blutungen zu verursachen. Dadurch kann die Gesundheit der Gegner durch aufeinanderfolgende Angriffe schnell geschw\u00e4cht werden. Diese Eigenschaft macht die Waffe besonders effektiv gegen Gegner mit einer hohen Anzahl an Lebenspunkten. Dar\u00fcber hinaus erm\u00f6glicht das Uchigatana den Einsatz der Technik \u201cUnsheathe\u201d. Dabei handelt es sich um einen schnellen und kraftvollen Angriff, der aus einer niedrigen Haltung heraus ausgef\u00fchrt werden kann. Er bietet eine \u00d6ffnung gegen\u00fcber Gegnern oder eine schnelle Fluchtm\u00f6glichkeit nach einem Angriff.<\/p>\n<h2>Katana Uchigatana: Anforderungen und Erhalt<\/h2>\n<p>Das Uchigatana ist eine relativ leichte Waffe, deren effektiver Einsatz Geschicklichkeit erfordert. Es eignet sich daher ideal f\u00fcr Spieler, die ihren Charakter eher auf Geschwindigkeit und Pr\u00e4zision als auf rohe Kraft ausrichten. Dank seines Schadenspotenzials und seiner Blutungsf\u00e4higkeiten ist es eine durchweg brauchbare Waffe. Viele Spieler entscheiden sich jedoch daf\u00fcr, sie im Laufe des Spiels zu verbessern oder durch andere Waffen zu erg\u00e4nzen.<\/p>\n<p>Das Uchigatana kann relativ fr\u00fch in Elden Ring erworben werden. Das macht es zu einer attraktiven Option f\u00fcr neue Spieler und f\u00fcr diejenigen, die ein Spiel neu beginnen. Aufgrund seiner Verf\u00fcgbarkeit und Vielseitigkeit wird es oft als erste m\u00e4chtige Waffe gew\u00e4hlt.<\/p>\n<p>Zusammenfassend l\u00e4sst sich sagen, dass das Uchigatana mehr als nur eine Waffe f\u00fcr den Spielbeginn ist. Es ist eine Erweiterung des Spielers, die Finesse und Strategie in den Vordergrund stellt. Mit seiner F\u00e4higkeit, schnell Blutungen zu verursachen, und seiner einzigartigen Angriffstechnik. Das Uchigatana bietet einen lohnenden Weg f\u00fcr diejenigen, die seinen agilen und pr\u00e4zisen Kampfstil beherrschen m\u00f6chten. Ganz gleich, ob Sie Ihre Reise in Elden Ring gerade erst beginnen oder als Veteran auf der Suche nach einer neuen Strategie sind, das Uchigatana ist eine Waffe, die jeder Abenteurer in Betracht ziehen sollte.<\/p>\n<h2>Waffen in Elden Ring zum besten Preis<\/h2>\n<p>Man muss betonen, dass es in Elden Ring viele Waffen gibt (etwa 300), aber die beliebtesten sind die Katanas. Deshalb bietet Ihnen R\u00e9plique Manga Cin\u00e9 zum besten Preis die drei besten an.<\/p>\n<ul>\n<li>Zun\u00e4chst einmal die unbestrittene <a href=\"https:\/\/repliquemangacine.fr\/de\/katana-und-schwert-von-videospielen-andere-videospiele\/katana-blutiger-riviere\/\">katana Blutiger Fluss<\/a> mit einer Klinge, die das Blut seiner Feinde zu tr\u00e4nken scheint. Was den Blutigen Fluss wirklich von anderen Katanas in Elden Ring unterscheidet, ist seine Spezialf\u00e4higkeit \"Corpse Piler\". Mit diesem Angriff kann der Spieler eine Reihe von schnellen Schl\u00e4gen ausf\u00fchren, die einen hohen Blutungsschaden verursachen. Er ist einfach hervorragend f\u00fcr einen Blooding Build geeignet. Blood River erfordert 12 St\u00e4rke, 18 Geschicklichkeit und 20 Esoterik.<\/li>\n<li>Dann gibt es noch den <a href=\"https:\/\/repliquemangacine.fr\/de\/neuheiten\/katana-moonveil-in-elden-ring\/\">Moonveil-Katana<\/a> (Mondfinsternis) hat seinen Namen von seinem Aussehen und seinen F\u00e4higkeiten. In der Tat ruft er das Bild eines geheimnisvollen Mondschleiers hervor. Die bemerkenswerteste Eigenschaft von Moonveil ist seine Spezialf\u00e4higkeit \"Transversal Edge\". Ein Angriff, der eine messerscharfe Welle magischer Energie auf kurze Distanz schleudert. Zusammenfassend l\u00e4sst sich sagen, dass diese beiden Katanas mit Uchigatana eine gro\u00dfe Bereicherung f\u00fcr Ihre Sammlung sein werden.<\/li>\n<\/ul>","protected":false},"excerpt":{"rendered":"<p>Wundersch\u00f6ne Replik von Katana Uchigatana im Elden Ring<\/p>\n<ul>\n<li>Stahlklinge mit Hohlkehle<\/li>\n<li>Speziell geformter, vergoldeter Metallb\u00fcgel<\/li>\n<li>Griff aus Rochenhautimitat, \u00fcberzogen mit einem gr\u00fcnen Baumwollgeflecht<\/li>\n<li>Scheide aus Holz<\/li>\n<li>L\u00e4nge der Klinge: 68 cm - Gesamtl\u00e4nge: 105 cm<\/li>\n<\/ul>","protected":false},"featured_media":69972,"template":"","meta":[],"product_brand":[],"product_cat":[876,67],"product_tag":[],"class_list":{"0":"post-69971","1":"product","2":"type-product","3":"status-publish","4":"has-post-thumbnail","6":"product_cat-elden-ring","7":"product_cat-katana-et-epee-de-jeux-video-autre-jeux-video","9":"first","10":"instock","11":"taxable","12":"shipping-taxable","13":"purchasable","14":"product-type-simple"},"yoast_head":"<!-- This site is optimized with the Yoast SEO plugin v27.5 - https:\/\/yoast.com\/product\/yoast-seo-wordpress\/ -->\n<title>Katana Uchigatana - Elden ring - Elden Ring | R\u00e9plique Manga Cin\u00e9<\/title>\n<meta name=\"description\" content=\"D\u00e9couvrez ce magnifique Katana Uchigatana dans le jeu vid\u00e9o Elden Ring au meilleur prix. Lame acier avec gorge. Fourreau. Longueur totale : 105 cm\" \/>\n<meta name=\"robots\" content=\"index, follow, max-snippet:-1, max-image-preview:large, max-video-preview:-1\" \/>\n<link rel=\"canonical\" href=\"https:\/\/repliquemangacine.fr\/de\/katana-und-schwert-von-videospielen-andere-videospiele\/katana-uchigatana-elden-ring\/\" \/>\n<meta property=\"og:locale\" content=\"de_DE\" \/>\n<meta property=\"og:type\" content=\"article\" \/>\n<meta property=\"og:title\" content=\"Katana Uchigatana - Elden ring - Elden Ring | R\u00e9plique Manga Cin\u00e9\" \/>\n<meta property=\"og:description\" content=\"D\u00e9couvrez ce magnifique Katana Uchigatana dans le jeu vid\u00e9o Elden Ring au meilleur prix. Lame acier avec gorge. Fourreau. Longueur totale : 105 cm\" \/>\n<meta property=\"og:url\" content=\"https:\/\/repliquemangacine.fr\/de\/katana-und-schwert-von-videospielen-andere-videospiele\/katana-uchigatana-elden-ring\/\" \/>\n<meta property=\"og:site_name\" content=\"R\u00e9plique Manga Cin\u00e9\" \/>\n<meta property=\"article:publisher\" content=\"https:\/\/www.facebook.com\/RepliqueMangaCine\" \/>\n<meta property=\"article:modified_time\" content=\"2026-01-22T17:56:11+00:00\" \/>\n<meta property=\"og:image\" content=\"https:\/\/repliquemangacine.fr\/wp-content\/uploads\/2024\/03\/katana-Uchigatana-et-son-fourreau.jpg\" \/>\n\t<meta property=\"og:image:width\" content=\"500\" \/>\n\t<meta property=\"og:image:height\" content=\"500\" \/>\n\t<meta property=\"og:image:type\" content=\"image\/jpeg\" \/>\n<meta name=\"twitter:card\" content=\"summary_large_image\" \/>\n<meta name=\"twitter:label1\" content=\"Gesch\u00e4tzte Lesezeit\" \/>\n\t<meta name=\"twitter:data1\" content=\"4\u00a0Minuten\" \/>\n<script type=\"application\/ld+json\" class=\"yoast-schema-graph\">{\"@context\":\"https:\\\/\\\/schema.org\",\"@graph\":[{\"@type\":\"WebPage\",\"@id\":\"https:\\\/\\\/repliquemangacine.fr\\\/katana-et-epee-de-jeux-video-autre-jeux-video\\\/katana-uchigatana-elden-ring\\\/\",\"url\":\"https:\\\/\\\/repliquemangacine.fr\\\/katana-et-epee-de-jeux-video-autre-jeux-video\\\/katana-uchigatana-elden-ring\\\/\",\"name\":\"Katana Uchigatana - Elden ring - Elden Ring | R\u00e9plique Manga Cin\u00e9\",\"isPartOf\":{\"@id\":\"https:\\\/\\\/repliquemangacine.fr\\\/#website\"},\"primaryImageOfPage\":{\"@id\":\"https:\\\/\\\/repliquemangacine.fr\\\/katana-et-epee-de-jeux-video-autre-jeux-video\\\/katana-uchigatana-elden-ring\\\/#primaryimage\"},\"image\":{\"@id\":\"https:\\\/\\\/repliquemangacine.fr\\\/katana-et-epee-de-jeux-video-autre-jeux-video\\\/katana-uchigatana-elden-ring\\\/#primaryimage\"},\"thumbnailUrl\":\"https:\\\/\\\/repliquemangacine.fr\\\/wp-content\\\/uploads\\\/2024\\\/03\\\/katana-Uchigatana-et-son-fourreau.jpg\",\"datePublished\":\"2024-03-05T11:13:12+00:00\",\"dateModified\":\"2026-01-22T17:56:11+00:00\",\"description\":\"D\u00e9couvrez ce magnifique Katana Uchigatana dans le jeu vid\u00e9o Elden Ring au meilleur prix. Lame acier avec gorge. Fourreau. Longueur totale : 105 cm\",\"breadcrumb\":{\"@id\":\"https:\\\/\\\/repliquemangacine.fr\\\/katana-et-epee-de-jeux-video-autre-jeux-video\\\/katana-uchigatana-elden-ring\\\/#breadcrumb\"},\"inLanguage\":\"de\",\"potentialAction\":[{\"@type\":\"ReadAction\",\"target\":[\"https:\\\/\\\/repliquemangacine.fr\\\/katana-et-epee-de-jeux-video-autre-jeux-video\\\/katana-uchigatana-elden-ring\\\/\"]}]},{\"@type\":\"ImageObject\",\"inLanguage\":\"de\",\"@id\":\"https:\\\/\\\/repliquemangacine.fr\\\/katana-et-epee-de-jeux-video-autre-jeux-video\\\/katana-uchigatana-elden-ring\\\/#primaryimage\",\"url\":\"https:\\\/\\\/repliquemangacine.fr\\\/wp-content\\\/uploads\\\/2024\\\/03\\\/katana-Uchigatana-et-son-fourreau.jpg\",\"contentUrl\":\"https:\\\/\\\/repliquemangacine.fr\\\/wp-content\\\/uploads\\\/2024\\\/03\\\/katana-Uchigatana-et-son-fourreau.jpg\",\"width\":500,\"height\":500,\"caption\":\"Katana Uchigatana Elden Ring\"},{\"@type\":\"BreadcrumbList\",\"@id\":\"https:\\\/\\\/repliquemangacine.fr\\\/katana-et-epee-de-jeux-video-autre-jeux-video\\\/katana-uchigatana-elden-ring\\\/#breadcrumb\",\"itemListElement\":[{\"@type\":\"ListItem\",\"position\":1,\"name\":\"Accueil\",\"item\":\"https:\\\/\\\/repliquemangacine.fr\\\/\"},{\"@type\":\"ListItem\",\"position\":2,\"name\":\"Produits\",\"item\":\"https:\\\/\\\/repliquemangacine.fr\\\/boutique\\\/\"},{\"@type\":\"ListItem\",\"position\":3,\"name\":\"Katana Uchigatana &#8211; Elden ring\"}]},{\"@type\":\"WebSite\",\"@id\":\"https:\\\/\\\/repliquemangacine.fr\\\/#website\",\"url\":\"https:\\\/\\\/repliquemangacine.fr\\\/\",\"name\":\"R\u00e9plique Manga Cin\u00e9\",\"description\":\"\",\"publisher\":{\"@id\":\"https:\\\/\\\/repliquemangacine.fr\\\/#organization\"},\"potentialAction\":[{\"@type\":\"SearchAction\",\"target\":{\"@type\":\"EntryPoint\",\"urlTemplate\":\"https:\\\/\\\/repliquemangacine.fr\\\/?s={search_term_string}\"},\"query-input\":{\"@type\":\"PropertyValueSpecification\",\"valueRequired\":true,\"valueName\":\"search_term_string\"}}],\"inLanguage\":\"de\"},{\"@type\":\"Organization\",\"@id\":\"https:\\\/\\\/repliquemangacine.fr\\\/#organization\",\"name\":\"R\u00e9plique Manga Cin\u00e9\",\"url\":\"https:\\\/\\\/repliquemangacine.fr\\\/\",\"logo\":{\"@type\":\"ImageObject\",\"inLanguage\":\"de\",\"@id\":\"https:\\\/\\\/repliquemangacine.fr\\\/#\\\/schema\\\/logo\\\/image\\\/\",\"url\":\"https:\\\/\\\/repliquemangacine.fr\\\/wp-content\\\/uploads\\\/2023\\\/10\\\/RMC-500250.png\",\"contentUrl\":\"https:\\\/\\\/repliquemangacine.fr\\\/wp-content\\\/uploads\\\/2023\\\/10\\\/RMC-500250.png\",\"width\":500,\"height\":250,\"caption\":\"R\u00e9plique Manga Cin\u00e9\"},\"image\":{\"@id\":\"https:\\\/\\\/repliquemangacine.fr\\\/#\\\/schema\\\/logo\\\/image\\\/\"},\"sameAs\":[\"https:\\\/\\\/www.facebook.com\\\/RepliqueMangaCine\",\"https:\\\/\\\/www.instagram.com\\\/repliquemangacine.fr\\\/\"]}]}<\/script>\n<!-- \/ Yoast SEO plugin. -->","yoast_head_json":{"title":"Katana Uchigatana - Elden Ring - Elden Ring | R\u00e9plique Manga Cin\u00e9","description":"Entdecken Sie dieses wundersch\u00f6ne Katana Uchigatana im Videospiel Elden Ring zum besten Preis. Stahlklinge mit Hohlkehle. Mit einer Scheide versehen. Gesamtl\u00e4nge: 105 cm","robots":{"index":"index","follow":"follow","max-snippet":"max-snippet:-1","max-image-preview":"max-image-preview:large","max-video-preview":"max-video-preview:-1"},"canonical":"https:\/\/repliquemangacine.fr\/de\/katana-und-schwert-von-videospielen-andere-videospiele\/katana-uchigatana-elden-ring\/","og_locale":"de_DE","og_type":"article","og_title":"Katana Uchigatana - Elden ring - Elden Ring | R\u00e9plique Manga Cin\u00e9","og_description":"D\u00e9couvrez ce magnifique Katana Uchigatana dans le jeu vid\u00e9o Elden Ring au meilleur prix. Lame acier avec gorge. Fourreau. Longueur totale : 105 cm","og_url":"https:\/\/repliquemangacine.fr\/de\/katana-und-schwert-von-videospielen-andere-videospiele\/katana-uchigatana-elden-ring\/","og_site_name":"R\u00e9plique Manga Cin\u00e9","article_publisher":"https:\/\/www.facebook.com\/RepliqueMangaCine","article_modified_time":"2026-01-22T17:56:11+00:00","og_image":[{"width":500,"height":500,"url":"https:\/\/repliquemangacine.fr\/wp-content\/uploads\/2024\/03\/katana-Uchigatana-et-son-fourreau.jpg","type":"image\/jpeg"}],"twitter_card":"summary_large_image","twitter_misc":{"Gesch\u00e4tzte Lesezeit":"4\u00a0Minuten"},"schema":{"@context":"https:\/\/schema.org","@graph":[{"@type":"WebPage","@id":"https:\/\/repliquemangacine.fr\/katana-et-epee-de-jeux-video-autre-jeux-video\/katana-uchigatana-elden-ring\/","url":"https:\/\/repliquemangacine.fr\/katana-et-epee-de-jeux-video-autre-jeux-video\/katana-uchigatana-elden-ring\/","name":"Katana Uchigatana - Elden Ring - Elden Ring | R\u00e9plique Manga Cin\u00e9","isPartOf":{"@id":"https:\/\/repliquemangacine.fr\/#website"},"primaryImageOfPage":{"@id":"https:\/\/repliquemangacine.fr\/katana-et-epee-de-jeux-video-autre-jeux-video\/katana-uchigatana-elden-ring\/#primaryimage"},"image":{"@id":"https:\/\/repliquemangacine.fr\/katana-et-epee-de-jeux-video-autre-jeux-video\/katana-uchigatana-elden-ring\/#primaryimage"},"thumbnailUrl":"https:\/\/repliquemangacine.fr\/wp-content\/uploads\/2024\/03\/katana-Uchigatana-et-son-fourreau.jpg","datePublished":"2024-03-05T11:13:12+00:00","dateModified":"2026-01-22T17:56:11+00:00","description":"Entdecken Sie dieses wundersch\u00f6ne Katana Uchigatana im Videospiel Elden Ring zum besten Preis. Stahlklinge mit Hohlkehle. Mit einer Scheide versehen. Gesamtl\u00e4nge: 105 cm","breadcrumb":{"@id":"https:\/\/repliquemangacine.fr\/katana-et-epee-de-jeux-video-autre-jeux-video\/katana-uchigatana-elden-ring\/#breadcrumb"},"inLanguage":"de","potentialAction":[{"@type":"ReadAction","target":["https:\/\/repliquemangacine.fr\/katana-et-epee-de-jeux-video-autre-jeux-video\/katana-uchigatana-elden-ring\/"]}]},{"@type":"ImageObject","inLanguage":"de","@id":"https:\/\/repliquemangacine.fr\/katana-et-epee-de-jeux-video-autre-jeux-video\/katana-uchigatana-elden-ring\/#primaryimage","url":"https:\/\/repliquemangacine.fr\/wp-content\/uploads\/2024\/03\/katana-Uchigatana-et-son-fourreau.jpg","contentUrl":"https:\/\/repliquemangacine.fr\/wp-content\/uploads\/2024\/03\/katana-Uchigatana-et-son-fourreau.jpg","width":500,"height":500,"caption":"Katana Uchigatana Elden Ring"},{"@type":"BreadcrumbList","@id":"https:\/\/repliquemangacine.fr\/katana-et-epee-de-jeux-video-autre-jeux-video\/katana-uchigatana-elden-ring\/#breadcrumb","itemListElement":[{"@type":"ListItem","position":1,"name":"Accueil","item":"https:\/\/repliquemangacine.fr\/"},{"@type":"ListItem","position":2,"name":"Produits","item":"https:\/\/repliquemangacine.fr\/boutique\/"},{"@type":"ListItem","position":3,"name":"Katana Uchigatana &#8211; Elden ring"}]},{"@type":"WebSite","@id":"https:\/\/repliquemangacine.fr\/#website","url":"https:\/\/repliquemangacine.fr\/","name":"R\u00e9plique Manga Cin\u00e9","description":"","publisher":{"@id":"https:\/\/repliquemangacine.fr\/#organization"},"potentialAction":[{"@type":"SearchAction","target":{"@type":"EntryPoint","urlTemplate":"https:\/\/repliquemangacine.fr\/?s={search_term_string}"},"query-input":{"@type":"PropertyValueSpecification","valueRequired":true,"valueName":"search_term_string"}}],"inLanguage":"de"},{"@type":"Organization","@id":"https:\/\/repliquemangacine.fr\/#organization","name":"R\u00e9plique Manga Cin\u00e9","url":"https:\/\/repliquemangacine.fr\/","logo":{"@type":"ImageObject","inLanguage":"de","@id":"https:\/\/repliquemangacine.fr\/#\/schema\/logo\/image\/","url":"https:\/\/repliquemangacine.fr\/wp-content\/uploads\/2023\/10\/RMC-500250.png","contentUrl":"https:\/\/repliquemangacine.fr\/wp-content\/uploads\/2023\/10\/RMC-500250.png","width":500,"height":250,"caption":"R\u00e9plique Manga Cin\u00e9"},"image":{"@id":"https:\/\/repliquemangacine.fr\/#\/schema\/logo\/image\/"},"sameAs":["https:\/\/www.facebook.com\/RepliqueMangaCine","https:\/\/www.instagram.com\/repliquemangacine.fr\/"]}]}},"_links":{"self":[{"href":"https:\/\/repliquemangacine.fr\/de\/wp-json\/wp\/v2\/product\/69971","targetHints":{"allow":["GET"]}}],"collection":[{"href":"https:\/\/repliquemangacine.fr\/de\/wp-json\/wp\/v2\/product"}],"about":[{"href":"https:\/\/repliquemangacine.fr\/de\/wp-json\/wp\/v2\/types\/product"}],"wp:featuredmedia":[{"embeddable":true,"href":"https:\/\/repliquemangacine.fr\/de\/wp-json\/wp\/v2\/media\/69972"}],"wp:attachment":[{"href":"https:\/\/repliquemangacine.fr\/de\/wp-json\/wp\/v2\/media?parent=69971"}],"wp:term":[{"taxonomy":"product_brand","embeddable":true,"href":"https:\/\/repliquemangacine.fr\/de\/wp-json\/wp\/v2\/product_brand?post=69971"},{"taxonomy":"product_cat","embeddable":true,"href":"https:\/\/repliquemangacine.fr\/de\/wp-json\/wp\/v2\/product_cat?post=69971"},{"taxonomy":"product_tag","embeddable":true,"href":"https:\/\/repliquemangacine.fr\/de\/wp-json\/wp\/v2\/product_tag?post=69971"}],"curies":[{"name":"wp","href":"https:\/\/api.w.org\/{rel}","templated":true}]}}