





{"id":69952,"date":"2024-03-04T19:25:14","date_gmt":"2024-03-04T18:25:14","guid":{"rendered":"https:\/\/repliquemangacine.fr\/?post_type=product&#038;p=69952"},"modified":"2026-03-29T18:19:47","modified_gmt":"2026-03-29T16:19:47","slug":"katana-blutiger-riviere","status":"publish","type":"product","link":"https:\/\/repliquemangacine.fr\/de\/katana-et-epee-de-jeux-video-autre-jeux-video\/katana-riviere-sanglante\/","title":{"rendered":"Katana Blutiger Fluss - Elden Ring"},"content":{"rendered":"<h2>Blutiger Fluss : Ein einzigartiges Katana<\/h2>\n<p>Zun\u00e4chst einmal ist das Katana \u201eBlutiger Fluss\u201c mit seiner wellenf\u00f6rmigen Klinge absolut beeindruckend. Sein Design spiegelt seinen Namen perfekt wider und erinnert an einen Fluss und das Blut seiner Feinde. Diese Waffe, die im Kampf unglaublich effektiv ist, verleiht ihm den Titel \u201eTop One\u201c.<\/p>\n<p>Was das Blutige Fluss wirklich von anderen Katanas unterscheidet, ist <a href=\"https:\/\/eldenring.fandom.com\/wiki\/Elden_Ring_(game)\" target=\"_blank\" rel=\"noopener noreferrer\">Elden Ring<\/a>, ist seine Spezialf\u00e4higkeit \u201cCorpse Piler\u201d. Mit diesem Angriff kann der Spieler eine Reihe schneller Schl\u00e4ge ausf\u00fchren, die erheblichen Blutungsschaden verursachen. Die Wirksamkeit dieser Waffe gegen blutungsanf\u00e4llige Gegner macht sie zu einer Waffe der Wahl im Kampf gegen z\u00e4he Gegner.<\/p>\n<p>Um den Blutigen Fluss zu f\u00fchren, m\u00fcssen Spieler bestimmte Anforderungen in Bezug auf Geschicklichkeit und Arkane erf\u00fcllen. Die Waffe nutzt die Attribute ihres Benutzers. Das bedeutet, dass Sie den verursachten Schaden maximieren k\u00f6nnen, je besser Ihr Charakter diesen Attributen entspricht.<\/p>\n<h2>Katana Blutiger Fluss : Beschaffung und Strategien<\/h2>\n<p>Der Blutige Fluss kann durch den Sieg \u00fcber einen bestimmten Gegner erworben werden, was den Erwerb dieser Waffe zu einer Quest f\u00fcr sich macht. Die Suche und die Herausforderung, diese Waffe zu erhalten, tragen zu ihrer Attraktivit\u00e4t und ihrem Prestige in der Spielergemeinschaft bei.<\/p>\n<p>Um den Blutigen Fluss effektiv einzusetzen, muss man seinen Rhythmus und seine besonderen F\u00e4higkeiten verstehen. Die Spieler m\u00fcssen lernen, die F\u00e4higkeit \u201cCorpse Piler\u201d zu beherrschen, um den Blutungsschaden zu maximieren. Gleichzeitig m\u00fcssen sie die Beweglichkeit und Geschwindigkeit des Katana geschickt einsetzen, um feindlichen Angriffen auszuweichen. Die Integration dieser Waffe in Ihre Kampfstrategie kann Ihre \u00dcberlebenschancen und Ihren Erfolg erheblich steigern.<\/p>\n<p>Zusammenfassend l\u00e4sst sich sagen, dass der Vorteil dieses Katana darin besteht, dass es den Bluteffekt bei Gegnern schnell verst\u00e4rkt. Es eignet sich einfach hervorragend f\u00fcr einen Blut-Build. \u201eBlutiger Fluss\u201d erfordert 12 St\u00e4rke, 18 Geschicklichkeit und 20 Esoterik, um ausger\u00fcstet werden zu k\u00f6nnen.<\/p>\n<h2>Waffen in Elden Ring zum besten Preis<\/h2>\n<p>Es muss betont werden, dass es in Elden Ring viele Waffen gibt (etwa 300), aber die beliebtesten sind die Katanas. Deshalb bietet Ihnen R\u00e9plique Manga Cin\u00e9 die drei besten zum besten Preis an. Die Nummer 1 ist nat\u00fcrlich Rivi\u00e8re Sanglante.<\/p>\n<p>Zweitens fahren wir fort mit <a href=\"https:\/\/repliquemangacine.fr\/de\/katana-und-schwert-von-videospielen-andere-videospiele\/katana-uchigatana-elden-ring\/\">Uchigatana<\/a>, ein traditionelles Katana. Diese symboltr\u00e4chtige Waffe ist besonders bei Fans der Souls-Reihe beliebt, da sie von Beginn des Spiels an als brauchbare Option zur Verf\u00fcgung steht. Ihre schlanke Silhouette und ihr schlichtes Design erinnern an die traditionellen Waffen der Samurai. Das Uchigatana zeichnet sich durch seine F\u00e4higkeit aus, Blutungsschaden zu verursachen, und belegt damit Platz 2.<\/p>\n<p>Dann gibt es noch das Katana Moonveil (Mondfinsternis), das seinen Namen aufgrund seines Aussehens und seiner F\u00e4higkeiten erhalten hat. Tats\u00e4chlich erinnert es an einen geheimnisvollen Mondschleier. Das auff\u00e4lligste Merkmal von <a href=\"https:\/\/repliquemangacine.fr\/de\/neuheiten\/katana-moonveil-in-elden-ring\/\">Moonveil<\/a> ist seine Spezialf\u00e4higkeit \u201cTransversal Edge\u201d. Ein Angriff, der eine scharfe Welle magischer Energie auf kurze Distanz ausst\u00f6\u00dft.<\/p>\n<p>Zusammenfassend l\u00e4sst sich sagen, dass diese drei Katanas eine gro\u00dfe Bereicherung f\u00fcr Ihre Sammlung darstellen werden.<\/p>","protected":false},"excerpt":{"rendered":"<p>Wundersch\u00f6ne Nachbildung des Blood River Katana aus dem Videospiel \"Elden Ring\".<\/p>\n<ul>\n<li>Klinge aus Stahl, die eine Welle bildet und fein verziert ist.<\/li>\n<li>Speziell geformter Vollstahlschutz<\/li>\n<li>Griff aus rotem Rochenhautimitat, \u00fcberzogen mit einem schwarzen Ledergeflecht.<\/li>\n<li>Schwarze Holzscheide<\/li>\n<li>L\u00e4nge der Klinge: 68 cm - Gesamtl\u00e4nge: 105 cm<\/li>\n<\/ul>","protected":false},"featured_media":69953,"template":"","meta":[],"product_brand":[],"product_cat":[876,67],"product_tag":[],"class_list":{"0":"post-69952","1":"product","2":"type-product","3":"status-publish","4":"has-post-thumbnail","6":"product_cat-elden-ring","7":"product_cat-katana-et-epee-de-jeux-video-autre-jeux-video","9":"first","10":"instock","11":"taxable","12":"shipping-taxable","13":"purchasable","14":"product-type-simple"},"yoast_head":"<!-- This site is optimized with the Yoast SEO plugin v27.5 - https:\/\/yoast.com\/product\/yoast-seo-wordpress\/ -->\n<title>Katana Rivi\u00e8re Sanglante - Elden Ring - R\u00e9plique Manga Cin\u00e9<\/title>\n<meta name=\"description\" content=\"D\u00e9couvrez le Katana Rivi\u00e8re Sanglante dans Elden Ring, le katana le plus puissant du jeu. Lame acier en forme de vague d\u00e9cor\u00e9. Poign\u00e9e cuir noir. 105cm\" \/>\n<meta name=\"robots\" content=\"index, follow, max-snippet:-1, max-image-preview:large, max-video-preview:-1\" \/>\n<link rel=\"canonical\" href=\"https:\/\/repliquemangacine.fr\/de\/katana-und-schwert-von-videospielen-andere-videospiele\/katana-blutiger-riviere\/\" \/>\n<meta property=\"og:locale\" content=\"de_DE\" \/>\n<meta property=\"og:type\" content=\"article\" \/>\n<meta property=\"og:title\" content=\"Katana Rivi\u00e8re Sanglante - Elden Ring - R\u00e9plique Manga Cin\u00e9\" \/>\n<meta property=\"og:description\" content=\"D\u00e9couvrez le Katana Rivi\u00e8re Sanglante dans Elden Ring, le katana le plus puissant du jeu. Lame acier en forme de vague d\u00e9cor\u00e9. Poign\u00e9e cuir noir. 105cm\" \/>\n<meta property=\"og:url\" content=\"https:\/\/repliquemangacine.fr\/de\/katana-und-schwert-von-videospielen-andere-videospiele\/katana-blutiger-riviere\/\" \/>\n<meta property=\"og:site_name\" content=\"R\u00e9plique Manga Cin\u00e9\" \/>\n<meta property=\"article:publisher\" content=\"https:\/\/www.facebook.com\/RepliqueMangaCine\" \/>\n<meta property=\"article:modified_time\" content=\"2026-03-29T16:19:47+00:00\" \/>\n<meta property=\"og:image\" content=\"https:\/\/repliquemangacine.fr\/wp-content\/uploads\/2024\/03\/Riviere-sanglante.jpg\" \/>\n\t<meta property=\"og:image:width\" content=\"500\" \/>\n\t<meta property=\"og:image:height\" content=\"500\" \/>\n\t<meta property=\"og:image:type\" content=\"image\/jpeg\" \/>\n<meta name=\"twitter:card\" content=\"summary_large_image\" \/>\n<meta name=\"twitter:label1\" content=\"Gesch\u00e4tzte Lesezeit\" \/>\n\t<meta name=\"twitter:data1\" content=\"3\u00a0Minuten\" \/>\n<script type=\"application\/ld+json\" class=\"yoast-schema-graph\">{\"@context\":\"https:\\\/\\\/schema.org\",\"@graph\":[{\"@type\":\"WebPage\",\"@id\":\"https:\\\/\\\/repliquemangacine.fr\\\/katana-et-epee-de-jeux-video-autre-jeux-video\\\/katana-riviere-sanglante\\\/\",\"url\":\"https:\\\/\\\/repliquemangacine.fr\\\/katana-et-epee-de-jeux-video-autre-jeux-video\\\/katana-riviere-sanglante\\\/\",\"name\":\"Katana Rivi\u00e8re Sanglante - Elden Ring - R\u00e9plique Manga Cin\u00e9\",\"isPartOf\":{\"@id\":\"https:\\\/\\\/repliquemangacine.fr\\\/#website\"},\"primaryImageOfPage\":{\"@id\":\"https:\\\/\\\/repliquemangacine.fr\\\/katana-et-epee-de-jeux-video-autre-jeux-video\\\/katana-riviere-sanglante\\\/#primaryimage\"},\"image\":{\"@id\":\"https:\\\/\\\/repliquemangacine.fr\\\/katana-et-epee-de-jeux-video-autre-jeux-video\\\/katana-riviere-sanglante\\\/#primaryimage\"},\"thumbnailUrl\":\"https:\\\/\\\/repliquemangacine.fr\\\/wp-content\\\/uploads\\\/2024\\\/03\\\/Riviere-sanglante.jpg\",\"datePublished\":\"2024-03-04T18:25:14+00:00\",\"dateModified\":\"2026-03-29T16:19:47+00:00\",\"description\":\"D\u00e9couvrez le Katana Rivi\u00e8re Sanglante dans Elden Ring, le katana le plus puissant du jeu. Lame acier en forme de vague d\u00e9cor\u00e9. Poign\u00e9e cuir noir. 105cm\",\"breadcrumb\":{\"@id\":\"https:\\\/\\\/repliquemangacine.fr\\\/katana-et-epee-de-jeux-video-autre-jeux-video\\\/katana-riviere-sanglante\\\/#breadcrumb\"},\"inLanguage\":\"de\",\"potentialAction\":[{\"@type\":\"ReadAction\",\"target\":[\"https:\\\/\\\/repliquemangacine.fr\\\/katana-et-epee-de-jeux-video-autre-jeux-video\\\/katana-riviere-sanglante\\\/\"]}]},{\"@type\":\"ImageObject\",\"inLanguage\":\"de\",\"@id\":\"https:\\\/\\\/repliquemangacine.fr\\\/katana-et-epee-de-jeux-video-autre-jeux-video\\\/katana-riviere-sanglante\\\/#primaryimage\",\"url\":\"https:\\\/\\\/repliquemangacine.fr\\\/wp-content\\\/uploads\\\/2024\\\/03\\\/Riviere-sanglante.jpg\",\"contentUrl\":\"https:\\\/\\\/repliquemangacine.fr\\\/wp-content\\\/uploads\\\/2024\\\/03\\\/Riviere-sanglante.jpg\",\"width\":500,\"height\":500,\"caption\":\"Katana rivi\u00e8re Sanglante Elden Ring\"},{\"@type\":\"BreadcrumbList\",\"@id\":\"https:\\\/\\\/repliquemangacine.fr\\\/katana-et-epee-de-jeux-video-autre-jeux-video\\\/katana-riviere-sanglante\\\/#breadcrumb\",\"itemListElement\":[{\"@type\":\"ListItem\",\"position\":1,\"name\":\"Accueil\",\"item\":\"https:\\\/\\\/repliquemangacine.fr\\\/\"},{\"@type\":\"ListItem\",\"position\":2,\"name\":\"Produits\",\"item\":\"https:\\\/\\\/repliquemangacine.fr\\\/boutique\\\/\"},{\"@type\":\"ListItem\",\"position\":3,\"name\":\"Katana Rivi\u00e8re Sanglante &#8211; Elden Ring\"}]},{\"@type\":\"WebSite\",\"@id\":\"https:\\\/\\\/repliquemangacine.fr\\\/#website\",\"url\":\"https:\\\/\\\/repliquemangacine.fr\\\/\",\"name\":\"R\u00e9plique Manga Cin\u00e9\",\"description\":\"\",\"publisher\":{\"@id\":\"https:\\\/\\\/repliquemangacine.fr\\\/#organization\"},\"potentialAction\":[{\"@type\":\"SearchAction\",\"target\":{\"@type\":\"EntryPoint\",\"urlTemplate\":\"https:\\\/\\\/repliquemangacine.fr\\\/?s={search_term_string}\"},\"query-input\":{\"@type\":\"PropertyValueSpecification\",\"valueRequired\":true,\"valueName\":\"search_term_string\"}}],\"inLanguage\":\"de\"},{\"@type\":\"Organization\",\"@id\":\"https:\\\/\\\/repliquemangacine.fr\\\/#organization\",\"name\":\"R\u00e9plique Manga Cin\u00e9\",\"url\":\"https:\\\/\\\/repliquemangacine.fr\\\/\",\"logo\":{\"@type\":\"ImageObject\",\"inLanguage\":\"de\",\"@id\":\"https:\\\/\\\/repliquemangacine.fr\\\/#\\\/schema\\\/logo\\\/image\\\/\",\"url\":\"https:\\\/\\\/repliquemangacine.fr\\\/wp-content\\\/uploads\\\/2023\\\/10\\\/RMC-500250.png\",\"contentUrl\":\"https:\\\/\\\/repliquemangacine.fr\\\/wp-content\\\/uploads\\\/2023\\\/10\\\/RMC-500250.png\",\"width\":500,\"height\":250,\"caption\":\"R\u00e9plique Manga Cin\u00e9\"},\"image\":{\"@id\":\"https:\\\/\\\/repliquemangacine.fr\\\/#\\\/schema\\\/logo\\\/image\\\/\"},\"sameAs\":[\"https:\\\/\\\/www.facebook.com\\\/RepliqueMangaCine\",\"https:\\\/\\\/www.instagram.com\\\/repliquemangacine.fr\\\/\"]}]}<\/script>\n<!-- \/ Yoast SEO plugin. -->","yoast_head_json":{"title":"Katana Blutiger Fluss - Elden Ring - R\u00e9plique Manga Cin\u00e9","description":"Entdecken Sie das Blutfluss-Katana in Elden Ring, das m\u00e4chtigste Katana im Spiel. Verzierte Stahlklinge in Wellenform. Griff aus schwarzem Leder. 105cm","robots":{"index":"index","follow":"follow","max-snippet":"max-snippet:-1","max-image-preview":"max-image-preview:large","max-video-preview":"max-video-preview:-1"},"canonical":"https:\/\/repliquemangacine.fr\/de\/katana-und-schwert-von-videospielen-andere-videospiele\/katana-blutiger-riviere\/","og_locale":"de_DE","og_type":"article","og_title":"Katana Rivi\u00e8re Sanglante - Elden Ring - R\u00e9plique Manga Cin\u00e9","og_description":"D\u00e9couvrez le Katana Rivi\u00e8re Sanglante dans Elden Ring, le katana le plus puissant du jeu. Lame acier en forme de vague d\u00e9cor\u00e9. Poign\u00e9e cuir noir. 105cm","og_url":"https:\/\/repliquemangacine.fr\/de\/katana-und-schwert-von-videospielen-andere-videospiele\/katana-blutiger-riviere\/","og_site_name":"R\u00e9plique Manga Cin\u00e9","article_publisher":"https:\/\/www.facebook.com\/RepliqueMangaCine","article_modified_time":"2026-03-29T16:19:47+00:00","og_image":[{"width":500,"height":500,"url":"https:\/\/repliquemangacine.fr\/wp-content\/uploads\/2024\/03\/Riviere-sanglante.jpg","type":"image\/jpeg"}],"twitter_card":"summary_large_image","twitter_misc":{"Gesch\u00e4tzte Lesezeit":"3\u00a0Minuten"},"schema":{"@context":"https:\/\/schema.org","@graph":[{"@type":"WebPage","@id":"https:\/\/repliquemangacine.fr\/katana-et-epee-de-jeux-video-autre-jeux-video\/katana-riviere-sanglante\/","url":"https:\/\/repliquemangacine.fr\/katana-et-epee-de-jeux-video-autre-jeux-video\/katana-riviere-sanglante\/","name":"Katana Blutiger Fluss - Elden Ring - R\u00e9plique Manga Cin\u00e9","isPartOf":{"@id":"https:\/\/repliquemangacine.fr\/#website"},"primaryImageOfPage":{"@id":"https:\/\/repliquemangacine.fr\/katana-et-epee-de-jeux-video-autre-jeux-video\/katana-riviere-sanglante\/#primaryimage"},"image":{"@id":"https:\/\/repliquemangacine.fr\/katana-et-epee-de-jeux-video-autre-jeux-video\/katana-riviere-sanglante\/#primaryimage"},"thumbnailUrl":"https:\/\/repliquemangacine.fr\/wp-content\/uploads\/2024\/03\/Riviere-sanglante.jpg","datePublished":"2024-03-04T18:25:14+00:00","dateModified":"2026-03-29T16:19:47+00:00","description":"Entdecken Sie das Blutfluss-Katana in Elden Ring, das m\u00e4chtigste Katana im Spiel. Verzierte Stahlklinge in Wellenform. Griff aus schwarzem Leder. 105cm","breadcrumb":{"@id":"https:\/\/repliquemangacine.fr\/katana-et-epee-de-jeux-video-autre-jeux-video\/katana-riviere-sanglante\/#breadcrumb"},"inLanguage":"de","potentialAction":[{"@type":"ReadAction","target":["https:\/\/repliquemangacine.fr\/katana-et-epee-de-jeux-video-autre-jeux-video\/katana-riviere-sanglante\/"]}]},{"@type":"ImageObject","inLanguage":"de","@id":"https:\/\/repliquemangacine.fr\/katana-et-epee-de-jeux-video-autre-jeux-video\/katana-riviere-sanglante\/#primaryimage","url":"https:\/\/repliquemangacine.fr\/wp-content\/uploads\/2024\/03\/Riviere-sanglante.jpg","contentUrl":"https:\/\/repliquemangacine.fr\/wp-content\/uploads\/2024\/03\/Riviere-sanglante.jpg","width":500,"height":500,"caption":"Katana rivi\u00e8re Sanglante Elden Ring"},{"@type":"BreadcrumbList","@id":"https:\/\/repliquemangacine.fr\/katana-et-epee-de-jeux-video-autre-jeux-video\/katana-riviere-sanglante\/#breadcrumb","itemListElement":[{"@type":"ListItem","position":1,"name":"Accueil","item":"https:\/\/repliquemangacine.fr\/"},{"@type":"ListItem","position":2,"name":"Produits","item":"https:\/\/repliquemangacine.fr\/boutique\/"},{"@type":"ListItem","position":3,"name":"Katana Rivi\u00e8re Sanglante &#8211; Elden Ring"}]},{"@type":"WebSite","@id":"https:\/\/repliquemangacine.fr\/#website","url":"https:\/\/repliquemangacine.fr\/","name":"R\u00e9plique Manga Cin\u00e9","description":"","publisher":{"@id":"https:\/\/repliquemangacine.fr\/#organization"},"potentialAction":[{"@type":"SearchAction","target":{"@type":"EntryPoint","urlTemplate":"https:\/\/repliquemangacine.fr\/?s={search_term_string}"},"query-input":{"@type":"PropertyValueSpecification","valueRequired":true,"valueName":"search_term_string"}}],"inLanguage":"de"},{"@type":"Organization","@id":"https:\/\/repliquemangacine.fr\/#organization","name":"R\u00e9plique Manga Cin\u00e9","url":"https:\/\/repliquemangacine.fr\/","logo":{"@type":"ImageObject","inLanguage":"de","@id":"https:\/\/repliquemangacine.fr\/#\/schema\/logo\/image\/","url":"https:\/\/repliquemangacine.fr\/wp-content\/uploads\/2023\/10\/RMC-500250.png","contentUrl":"https:\/\/repliquemangacine.fr\/wp-content\/uploads\/2023\/10\/RMC-500250.png","width":500,"height":250,"caption":"R\u00e9plique Manga Cin\u00e9"},"image":{"@id":"https:\/\/repliquemangacine.fr\/#\/schema\/logo\/image\/"},"sameAs":["https:\/\/www.facebook.com\/RepliqueMangaCine","https:\/\/www.instagram.com\/repliquemangacine.fr\/"]}]}},"_links":{"self":[{"href":"https:\/\/repliquemangacine.fr\/de\/wp-json\/wp\/v2\/product\/69952","targetHints":{"allow":["GET"]}}],"collection":[{"href":"https:\/\/repliquemangacine.fr\/de\/wp-json\/wp\/v2\/product"}],"about":[{"href":"https:\/\/repliquemangacine.fr\/de\/wp-json\/wp\/v2\/types\/product"}],"wp:featuredmedia":[{"embeddable":true,"href":"https:\/\/repliquemangacine.fr\/de\/wp-json\/wp\/v2\/media\/69953"}],"wp:attachment":[{"href":"https:\/\/repliquemangacine.fr\/de\/wp-json\/wp\/v2\/media?parent=69952"}],"wp:term":[{"taxonomy":"product_brand","embeddable":true,"href":"https:\/\/repliquemangacine.fr\/de\/wp-json\/wp\/v2\/product_brand?post=69952"},{"taxonomy":"product_cat","embeddable":true,"href":"https:\/\/repliquemangacine.fr\/de\/wp-json\/wp\/v2\/product_cat?post=69952"},{"taxonomy":"product_tag","embeddable":true,"href":"https:\/\/repliquemangacine.fr\/de\/wp-json\/wp\/v2\/product_tag?post=69952"}],"curies":[{"name":"wp","href":"https:\/\/api.w.org\/{rel}","templated":true}]}}