





{"id":69038,"date":"2024-02-09T17:35:31","date_gmt":"2024-02-09T16:35:31","guid":{"rendered":"https:\/\/repliquemangacine.fr\/?post_type=product&#038;p=69038"},"modified":"2025-11-18T14:48:32","modified_gmt":"2025-11-18T13:48:32","slug":"set-siegel-und-wachs-harry-potter","status":"publish","type":"product","link":"https:\/\/repliquemangacine.fr\/de\/collectors-et-goodies-harry-potter\/kit-sceau-et-cire-harry-potter\/","title":{"rendered":"Harry Potter Siegel- und Wachsset"},"content":{"rendered":"<h2>Harry Potter Siegel- und Wachsset : Alte Kunst trifft auf Magie<\/h2>\n<p>Entdecken Sie zu Beginn das <strong>Harry Potter Siegel- und Wachsset<\/strong>, eine wahre Hommage an die traditionelle Kunst der Siegelherstellung. Wundersch\u00f6n neu interpretiert durch die magische Welt von Harry Potter. Dieses au\u00dfergew\u00f6hnliche Set enth\u00e4lt alles, was Sie brauchen, um Ihrer Korrespondenz eine elegante Note zu verleihen.<\/p>\n<p>Im Mittelpunkt dieses Sets steht ein Siegelhalter mit dem Emblem von Gryffindor. Mit den vier verschiedenen Siegeln k\u00f6nnen Sie f\u00fcr Abwechslung sorgen und jede Sendung mit einem einzigartigen Symbol personalisieren. So verleihen Sie Ihrer Korrespondenz eine pers\u00f6nliche und unverwechselbare Note.<\/p>\n<p>Die beiden Wachsflaschen in satten, tiefen Farben sind speziell auf das Thema Gryffindor abgestimmt. Der Metalll\u00f6ffel ist nicht nur praktisch zum Schmelzen des Wachses, sondern verleiht dem gesamten Vorgang auch einen Hauch von Authentizit\u00e4t und Charme.<\/p>\n<p>Die mitgelieferte Teelichtkerze sorgt f\u00fcr eine zuverl\u00e4ssige und konstante W\u00e4rmequelle zum Schmelzen des Wachses. Mit dem goldenen Filzstift k\u00f6nnen Sie Ihren Texten oder Umschl\u00e4gen einen eleganten letzten Schliff verleihen.<\/p>\n<p>Zusammenfassend l\u00e4sst sich sagen, dass dieses Harry Potter Stempel- und Wachsset mehr als nur ein Werkzeugset ist. Es ist eine Einladung, die Magie und Romantik handgeschriebener Briefe wieder aufleben zu lassen, bereichert durch die ikonische \u00c4sthetik der Welt von Harry Potter.<\/p>\n<h2>Harry Potter Siegel- und Wachsset: Ein Qualit\u00e4tsschatz zu einem erschwinglichen Preis<\/h2>\n<p>Die <strong>Harry Potter Siegel- und Wachsset<\/strong> ist nicht nur eine Hommage an die feine Kunst der Siegelherstellung. Es steht auch f\u00fcr unser Engagement, hochwertige Produkte zu Preisen anzubieten, die Ihrem Budget entsprechen. Dieses Set wurde f\u00fcr Fans der Welt von Harry Potter entwickelt und vereint auf brillante Weise sorgf\u00e4ltige Verarbeitung, erstklassige Materialien und Erschwinglichkeit. Es spiegelt die Exzellenz und Authentizit\u00e4t wider, die Sie von jedem Artikel mit dem Harry-Potter-Logo erwarten d\u00fcrfen.<\/p>\n<p>Erweitern Sie Ihre Sammlung mit diesem Set, aber h\u00f6ren Sie damit nicht auf. Unser Shop ist voller Sch\u00e4tze, die direkt aus der magischen Welt stammen. F\u00fcr diejenigen, die tiefer in die Kunst des magischen Schreibens eintauchen m\u00f6chten, gibt es das <a href=\"https:\/\/repliquemangacine.fr\/de\/sammlerstucke-und-goodies-harry-potter\/kalligraphie-set-harry-potter-2\/\">kalligraphie-komplettset,<\/a> sowie unsere <a href=\"https:\/\/repliquemangacine.fr\/de\/verschiedene-goodies\/essstabchen-set-harry-potter\/\">Sammlerboxen mit Schl\u00fcsselanh\u00e4nger-St\u00e4bchen<\/a>. Bieten eine authentische und bereichernde Erfahrung, mit der Sie die Zauberspr\u00fcche und die ber\u00fchmten Briefe der Saga nachstellen k\u00f6nnen.<\/p>\n<p>Dann unsere <a href=\"https:\/\/repliquemangacine.fr\/de\/sammlerstucke-und-goodies-harry-potter\/hogwarts-becher-500-ml\/\">Tassen<\/a> aus den Hogwarts-H\u00e4usern, die so gestaltet sind, dass sie dem Zahn der Zeit standhalten. Sie sind der ideale Begleiter f\u00fcr Ihre morgendlichen oder abendlichen Getr\u00e4nke und vereinen N\u00fctzlichkeit und Leidenschaft.<\/p>\n<h2>Die Hogwarts-Must-Haves: Offizielle Harry Potter-Produkte<\/h2>\n<p>Seien Sie der gr\u00f6\u00dfte Zauberer mit unserer exklusiven Auswahl an offiziellen Produkten, die von Warner Bros. autorisiert und von <a href=\"https:\/\/noblecollection.fr\/produits-issus-univers-harry-potter-c-163_10.html\" target=\"_blank\" rel=\"noopener noreferrer\">Noble Collection<\/a>. Jedes St\u00fcck dieser Kollektion wurde entworfen, um Sie direkt in die zauberhafte Welt von J.K. Rowling zu entf\u00fchren, dank authentischer und magischer Repliken, die die Fantasie befl\u00fcgeln.<\/p>\n<p>Zun\u00e4chst einmal ist die <a href=\"https:\/\/repliquemangacine.fr\/de\/sammlerstucke-und-goodies-harry-potter\/karte-des-plunderers\/\">Karte des Marodeurs<\/a>Die B\u00fccher, die Sie in Ihrem Buch \"Der Pass f\u00fcr Abenteuer\" finden, enth\u00fcllen die Geheimnisse von Hogwarts. Anschlie\u00dfend wird der <a href=\"https:\/\/repliquemangacine.fr\/de\/sammlerstucke-und-goodies-harry-potter\/ron-weasley-deluminator\/\">Deluminator<\/a>, eine originalgetreue Nachbildung des von Ron Weasley geerbten Exemplars, ein faszinierendes Sammlerst\u00fcck. Es ist nicht nur ein starkes Symbol f\u00fcr Freundschaft und Licht in der Dunkelheit, sondern auch ein Beispiel f\u00fcr das au\u00dfergew\u00f6hnliche Know-how, das hinter der Herstellung offizieller Harry-Potter-Produkte steckt. Au\u00dferdem gibt es den Firebolt-Besen, Hermines Tasche und vieles mehr zu entdecken.<\/p>\n<p>Diese Must-haves aus Hogwarts sind mehr als nur Souvenirs. Sie laden dazu ein, die Magie wieder aufleben zu lassen, in das Abenteuer einzutauchen und die Fantasiewelt von Harry Potter zu entdecken. Ob Sie nun ein erfahrener Sammler oder ein neuer Fan sind, diese offiziellen Harry-Potter-Produkte sind Sch\u00e4tze, die man in Ehren halten sollte, denn sie zeugen von der zeitlosen Magie, die weiterhin Generationen inspiriert und begeistert.<\/p>","protected":false},"excerpt":{"rendered":"<p>Wundersch\u00f6nes Siegel- und Wachsset, inspiriert von der Harry-Potter-Saga.<\/p>\n<p>Dieses Paket enth\u00e4lt :<\/p>\n<ul>\n<li>ein Gryffindor-Siegelhalter<\/li>\n<li>Vier Siegel<\/li>\n<li>Zwei Fl\u00e4schchen mit Wachs<\/li>\n<li>ein L\u00f6ffel aus Metall mit Holzgriff<\/li>\n<li>Ein Teelicht<\/li>\n<li>Ein goldener Filzstift<\/li>\n<\/ul>","protected":false},"featured_media":69041,"template":"","meta":[],"product_brand":[896],"product_cat":[87,41],"product_tag":[],"class_list":{"0":"post-69038","1":"product","2":"type-product","3":"status-publish","4":"has-post-thumbnail","6":"product_brand-replique-manga-cine","7":"product_cat-collectors-et-goodies-harry-potter","8":"product_cat-baguettes-et-goodies-harry-potter","10":"first","11":"outofstock","12":"taxable","13":"shipping-taxable","14":"purchasable","15":"product-type-simple"},"yoast_head":"<!-- This site is optimized with the Yoast SEO plugin v27.5 - https:\/\/yoast.com\/product\/yoast-seo-wordpress\/ -->\n<title>Kit Sceau et Cire Harry Potter | R\u00e9plique Manga Cin\u00e9<\/title>\n<meta name=\"description\" content=\"Venez d\u00e9couvrir notre Kit Sceau et Cire Harry Potter au meilleur prix. Ce petit coffret vous permettra d&#039;apposer une touche originale \u00e0 vos courriers.\" \/>\n<meta name=\"robots\" content=\"index, follow, max-snippet:-1, max-image-preview:large, max-video-preview:-1\" \/>\n<link rel=\"canonical\" href=\"https:\/\/repliquemangacine.fr\/de\/sammlerstucke-und-goodies-harry-potter\/set-siegel-und-wachs-harry-potter\/\" \/>\n<meta property=\"og:locale\" content=\"de_DE\" \/>\n<meta property=\"og:type\" content=\"article\" \/>\n<meta property=\"og:title\" content=\"Kit Sceau et Cire Harry Potter | R\u00e9plique Manga Cin\u00e9\" \/>\n<meta property=\"og:description\" content=\"Venez d\u00e9couvrir notre Kit Sceau et Cire Harry Potter au meilleur prix. Ce petit coffret vous permettra d&#039;apposer une touche originale \u00e0 vos courriers.\" \/>\n<meta property=\"og:url\" content=\"https:\/\/repliquemangacine.fr\/de\/sammlerstucke-und-goodies-harry-potter\/set-siegel-und-wachs-harry-potter\/\" \/>\n<meta property=\"og:site_name\" content=\"R\u00e9plique Manga Cin\u00e9\" \/>\n<meta property=\"article:publisher\" content=\"https:\/\/www.facebook.com\/RepliqueMangaCine\" \/>\n<meta property=\"article:modified_time\" content=\"2025-11-18T13:48:32+00:00\" \/>\n<meta property=\"og:image\" content=\"https:\/\/repliquemangacine.fr\/wp-content\/uploads\/2024\/02\/coffret-tampon-et-cire-hp-boite.jpg\" \/>\n\t<meta property=\"og:image:width\" content=\"500\" \/>\n\t<meta property=\"og:image:height\" content=\"500\" \/>\n\t<meta property=\"og:image:type\" content=\"image\/jpeg\" \/>\n<meta name=\"twitter:card\" content=\"summary_large_image\" \/>\n<meta name=\"twitter:label1\" content=\"Gesch\u00e4tzte Lesezeit\" \/>\n\t<meta name=\"twitter:data1\" content=\"4\u00a0Minuten\" \/>\n<script type=\"application\/ld+json\" class=\"yoast-schema-graph\">{\"@context\":\"https:\\\/\\\/schema.org\",\"@graph\":[{\"@type\":\"WebPage\",\"@id\":\"https:\\\/\\\/repliquemangacine.fr\\\/collectors-et-goodies-harry-potter\\\/kit-sceau-et-cire-harry-potter\\\/\",\"url\":\"https:\\\/\\\/repliquemangacine.fr\\\/collectors-et-goodies-harry-potter\\\/kit-sceau-et-cire-harry-potter\\\/\",\"name\":\"Kit Sceau et Cire Harry Potter | R\u00e9plique Manga Cin\u00e9\",\"isPartOf\":{\"@id\":\"https:\\\/\\\/repliquemangacine.fr\\\/#website\"},\"primaryImageOfPage\":{\"@id\":\"https:\\\/\\\/repliquemangacine.fr\\\/collectors-et-goodies-harry-potter\\\/kit-sceau-et-cire-harry-potter\\\/#primaryimage\"},\"image\":{\"@id\":\"https:\\\/\\\/repliquemangacine.fr\\\/collectors-et-goodies-harry-potter\\\/kit-sceau-et-cire-harry-potter\\\/#primaryimage\"},\"thumbnailUrl\":\"https:\\\/\\\/repliquemangacine.fr\\\/wp-content\\\/uploads\\\/2024\\\/02\\\/coffret-tampon-et-cire-hp-boite.jpg\",\"datePublished\":\"2024-02-09T16:35:31+00:00\",\"dateModified\":\"2025-11-18T13:48:32+00:00\",\"description\":\"Venez d\u00e9couvrir notre Kit Sceau et Cire Harry Potter au meilleur prix. Ce petit coffret vous permettra d'apposer une touche originale \u00e0 vos courriers.\",\"breadcrumb\":{\"@id\":\"https:\\\/\\\/repliquemangacine.fr\\\/collectors-et-goodies-harry-potter\\\/kit-sceau-et-cire-harry-potter\\\/#breadcrumb\"},\"inLanguage\":\"de\",\"potentialAction\":[{\"@type\":\"ReadAction\",\"target\":[\"https:\\\/\\\/repliquemangacine.fr\\\/collectors-et-goodies-harry-potter\\\/kit-sceau-et-cire-harry-potter\\\/\"]}]},{\"@type\":\"ImageObject\",\"inLanguage\":\"de\",\"@id\":\"https:\\\/\\\/repliquemangacine.fr\\\/collectors-et-goodies-harry-potter\\\/kit-sceau-et-cire-harry-potter\\\/#primaryimage\",\"url\":\"https:\\\/\\\/repliquemangacine.fr\\\/wp-content\\\/uploads\\\/2024\\\/02\\\/coffret-tampon-et-cire-hp-boite.jpg\",\"contentUrl\":\"https:\\\/\\\/repliquemangacine.fr\\\/wp-content\\\/uploads\\\/2024\\\/02\\\/coffret-tampon-et-cire-hp-boite.jpg\",\"width\":500,\"height\":500,\"caption\":\"Kit Sceau et Cire Harry Potter\"},{\"@type\":\"BreadcrumbList\",\"@id\":\"https:\\\/\\\/repliquemangacine.fr\\\/collectors-et-goodies-harry-potter\\\/kit-sceau-et-cire-harry-potter\\\/#breadcrumb\",\"itemListElement\":[{\"@type\":\"ListItem\",\"position\":1,\"name\":\"Accueil\",\"item\":\"https:\\\/\\\/repliquemangacine.fr\\\/\"},{\"@type\":\"ListItem\",\"position\":2,\"name\":\"Produits\",\"item\":\"https:\\\/\\\/repliquemangacine.fr\\\/boutique\\\/\"},{\"@type\":\"ListItem\",\"position\":3,\"name\":\"Kit Sceau et Cire Harry Potter\"}]},{\"@type\":\"WebSite\",\"@id\":\"https:\\\/\\\/repliquemangacine.fr\\\/#website\",\"url\":\"https:\\\/\\\/repliquemangacine.fr\\\/\",\"name\":\"R\u00e9plique Manga Cin\u00e9\",\"description\":\"\",\"publisher\":{\"@id\":\"https:\\\/\\\/repliquemangacine.fr\\\/#organization\"},\"potentialAction\":[{\"@type\":\"SearchAction\",\"target\":{\"@type\":\"EntryPoint\",\"urlTemplate\":\"https:\\\/\\\/repliquemangacine.fr\\\/?s={search_term_string}\"},\"query-input\":{\"@type\":\"PropertyValueSpecification\",\"valueRequired\":true,\"valueName\":\"search_term_string\"}}],\"inLanguage\":\"de\"},{\"@type\":\"Organization\",\"@id\":\"https:\\\/\\\/repliquemangacine.fr\\\/#organization\",\"name\":\"R\u00e9plique Manga Cin\u00e9\",\"url\":\"https:\\\/\\\/repliquemangacine.fr\\\/\",\"logo\":{\"@type\":\"ImageObject\",\"inLanguage\":\"de\",\"@id\":\"https:\\\/\\\/repliquemangacine.fr\\\/#\\\/schema\\\/logo\\\/image\\\/\",\"url\":\"https:\\\/\\\/repliquemangacine.fr\\\/wp-content\\\/uploads\\\/2023\\\/10\\\/RMC-500250.png\",\"contentUrl\":\"https:\\\/\\\/repliquemangacine.fr\\\/wp-content\\\/uploads\\\/2023\\\/10\\\/RMC-500250.png\",\"width\":500,\"height\":250,\"caption\":\"R\u00e9plique Manga Cin\u00e9\"},\"image\":{\"@id\":\"https:\\\/\\\/repliquemangacine.fr\\\/#\\\/schema\\\/logo\\\/image\\\/\"},\"sameAs\":[\"https:\\\/\\\/www.facebook.com\\\/RepliqueMangaCine\",\"https:\\\/\\\/www.instagram.com\\\/repliquemangacine.fr\\\/\"]}]}<\/script>\n<!-- \/ Yoast SEO plugin. -->","yoast_head_json":{"title":"Harry Potter Siegel- und Wachsset | R\u00e9plique Manga Cin\u00e9","description":"Entdecken Sie unser Harry Potter Siegel- und Wachsset zum besten Preis. Mit diesem kleinen Set k\u00f6nnen Sie Ihren Briefen eine originelle Note verleihen.","robots":{"index":"index","follow":"follow","max-snippet":"max-snippet:-1","max-image-preview":"max-image-preview:large","max-video-preview":"max-video-preview:-1"},"canonical":"https:\/\/repliquemangacine.fr\/de\/sammlerstucke-und-goodies-harry-potter\/set-siegel-und-wachs-harry-potter\/","og_locale":"de_DE","og_type":"article","og_title":"Kit Sceau et Cire Harry Potter | R\u00e9plique Manga Cin\u00e9","og_description":"Venez d\u00e9couvrir notre Kit Sceau et Cire Harry Potter au meilleur prix. Ce petit coffret vous permettra d'apposer une touche originale \u00e0 vos courriers.","og_url":"https:\/\/repliquemangacine.fr\/de\/sammlerstucke-und-goodies-harry-potter\/set-siegel-und-wachs-harry-potter\/","og_site_name":"R\u00e9plique Manga Cin\u00e9","article_publisher":"https:\/\/www.facebook.com\/RepliqueMangaCine","article_modified_time":"2025-11-18T13:48:32+00:00","og_image":[{"width":500,"height":500,"url":"https:\/\/repliquemangacine.fr\/wp-content\/uploads\/2024\/02\/coffret-tampon-et-cire-hp-boite.jpg","type":"image\/jpeg"}],"twitter_card":"summary_large_image","twitter_misc":{"Gesch\u00e4tzte Lesezeit":"4\u00a0Minuten"},"schema":{"@context":"https:\/\/schema.org","@graph":[{"@type":"WebPage","@id":"https:\/\/repliquemangacine.fr\/collectors-et-goodies-harry-potter\/kit-sceau-et-cire-harry-potter\/","url":"https:\/\/repliquemangacine.fr\/collectors-et-goodies-harry-potter\/kit-sceau-et-cire-harry-potter\/","name":"Harry Potter Siegel- und Wachsset | R\u00e9plique Manga Cin\u00e9","isPartOf":{"@id":"https:\/\/repliquemangacine.fr\/#website"},"primaryImageOfPage":{"@id":"https:\/\/repliquemangacine.fr\/collectors-et-goodies-harry-potter\/kit-sceau-et-cire-harry-potter\/#primaryimage"},"image":{"@id":"https:\/\/repliquemangacine.fr\/collectors-et-goodies-harry-potter\/kit-sceau-et-cire-harry-potter\/#primaryimage"},"thumbnailUrl":"https:\/\/repliquemangacine.fr\/wp-content\/uploads\/2024\/02\/coffret-tampon-et-cire-hp-boite.jpg","datePublished":"2024-02-09T16:35:31+00:00","dateModified":"2025-11-18T13:48:32+00:00","description":"Entdecken Sie unser Harry Potter Siegel- und Wachsset zum besten Preis. Mit diesem kleinen Set k\u00f6nnen Sie Ihren Briefen eine originelle Note verleihen.","breadcrumb":{"@id":"https:\/\/repliquemangacine.fr\/collectors-et-goodies-harry-potter\/kit-sceau-et-cire-harry-potter\/#breadcrumb"},"inLanguage":"de","potentialAction":[{"@type":"ReadAction","target":["https:\/\/repliquemangacine.fr\/collectors-et-goodies-harry-potter\/kit-sceau-et-cire-harry-potter\/"]}]},{"@type":"ImageObject","inLanguage":"de","@id":"https:\/\/repliquemangacine.fr\/collectors-et-goodies-harry-potter\/kit-sceau-et-cire-harry-potter\/#primaryimage","url":"https:\/\/repliquemangacine.fr\/wp-content\/uploads\/2024\/02\/coffret-tampon-et-cire-hp-boite.jpg","contentUrl":"https:\/\/repliquemangacine.fr\/wp-content\/uploads\/2024\/02\/coffret-tampon-et-cire-hp-boite.jpg","width":500,"height":500,"caption":"Kit Sceau et Cire Harry Potter"},{"@type":"BreadcrumbList","@id":"https:\/\/repliquemangacine.fr\/collectors-et-goodies-harry-potter\/kit-sceau-et-cire-harry-potter\/#breadcrumb","itemListElement":[{"@type":"ListItem","position":1,"name":"Accueil","item":"https:\/\/repliquemangacine.fr\/"},{"@type":"ListItem","position":2,"name":"Produits","item":"https:\/\/repliquemangacine.fr\/boutique\/"},{"@type":"ListItem","position":3,"name":"Kit Sceau et Cire Harry Potter"}]},{"@type":"WebSite","@id":"https:\/\/repliquemangacine.fr\/#website","url":"https:\/\/repliquemangacine.fr\/","name":"R\u00e9plique Manga Cin\u00e9","description":"","publisher":{"@id":"https:\/\/repliquemangacine.fr\/#organization"},"potentialAction":[{"@type":"SearchAction","target":{"@type":"EntryPoint","urlTemplate":"https:\/\/repliquemangacine.fr\/?s={search_term_string}"},"query-input":{"@type":"PropertyValueSpecification","valueRequired":true,"valueName":"search_term_string"}}],"inLanguage":"de"},{"@type":"Organization","@id":"https:\/\/repliquemangacine.fr\/#organization","name":"R\u00e9plique Manga Cin\u00e9","url":"https:\/\/repliquemangacine.fr\/","logo":{"@type":"ImageObject","inLanguage":"de","@id":"https:\/\/repliquemangacine.fr\/#\/schema\/logo\/image\/","url":"https:\/\/repliquemangacine.fr\/wp-content\/uploads\/2023\/10\/RMC-500250.png","contentUrl":"https:\/\/repliquemangacine.fr\/wp-content\/uploads\/2023\/10\/RMC-500250.png","width":500,"height":250,"caption":"R\u00e9plique Manga Cin\u00e9"},"image":{"@id":"https:\/\/repliquemangacine.fr\/#\/schema\/logo\/image\/"},"sameAs":["https:\/\/www.facebook.com\/RepliqueMangaCine","https:\/\/www.instagram.com\/repliquemangacine.fr\/"]}]}},"_links":{"self":[{"href":"https:\/\/repliquemangacine.fr\/de\/wp-json\/wp\/v2\/product\/69038","targetHints":{"allow":["GET"]}}],"collection":[{"href":"https:\/\/repliquemangacine.fr\/de\/wp-json\/wp\/v2\/product"}],"about":[{"href":"https:\/\/repliquemangacine.fr\/de\/wp-json\/wp\/v2\/types\/product"}],"wp:featuredmedia":[{"embeddable":true,"href":"https:\/\/repliquemangacine.fr\/de\/wp-json\/wp\/v2\/media\/69041"}],"wp:attachment":[{"href":"https:\/\/repliquemangacine.fr\/de\/wp-json\/wp\/v2\/media?parent=69038"}],"wp:term":[{"taxonomy":"product_brand","embeddable":true,"href":"https:\/\/repliquemangacine.fr\/de\/wp-json\/wp\/v2\/product_brand?post=69038"},{"taxonomy":"product_cat","embeddable":true,"href":"https:\/\/repliquemangacine.fr\/de\/wp-json\/wp\/v2\/product_cat?post=69038"},{"taxonomy":"product_tag","embeddable":true,"href":"https:\/\/repliquemangacine.fr\/de\/wp-json\/wp\/v2\/product_tag?post=69038"}],"curies":[{"name":"wp","href":"https:\/\/api.w.org\/{rel}","templated":true}]}}