





{"id":69030,"date":"2024-02-09T14:55:00","date_gmt":"2024-02-09T13:55:00","guid":{"rendered":"https:\/\/repliquemangacine.fr\/?post_type=product&#038;p=69030"},"modified":"2025-11-18T14:49:26","modified_gmt":"2025-11-18T13:49:26","slug":"kalligraphie-set-harry-potter","status":"publish","type":"product","link":"https:\/\/repliquemangacine.fr\/de\/collectors-et-goodies-harry-potter\/kit-calligraphie-harry-potter\/","title":{"rendered":"Harry Potter Kalligraphie-Set"},"content":{"rendered":"<h2>Harry Potter Kalligraphie-Kit: Eine magische Reise in die Kunst des Schreibens<\/h2>\n<p>Entdecken Sie zu Beginn dieses faszinierende <strong>Harry Potter Kalligraphie-Set. <\/strong>Eine Einladung, in die zauberhafte Welt der Handschrift mit einem Hauch von Magie einzutauchen. Dieses au\u00dfergew\u00f6hnliche Set wurde f\u00fcr Fans der Saga von J.K. Rowling und Liebhaber der Briefkunst entwickelt. Es enth\u00e4lt einen wundersch\u00f6nen roten F\u00fcllfederhalter mit der Aufschrift \u201eHarry Potter\u201c, der ein fl\u00fcssiges und elegantes Schreibgef\u00fchl verspricht. Der mitgelieferte Federhalter verleiht Ihrer Kalligraphie eine authentische Note.<\/p>\n<p>Die Harry Potter-Tintenflasche ist ein echtes Sammlerst\u00fcck. Zusammen mit 5 Nachf\u00fcllungen in verschiedenen Farben bietet sie eine Vielzahl von M\u00f6glichkeiten, Ihre Schriften zu versch\u00f6nern. Ob Sie Briefe, Einladungen oder Zauberspr\u00fcche verfassen, die verf\u00fcgbaren Farbt\u00f6ne werden Ihre Kreativit\u00e4t befl\u00fcgeln. Und schlie\u00dflich ist das Lesezeichen in Form einer Feder das perfekte Accessoire, um Ihre Seite in jedem Zauberbuch oder Zauberspruchbuch zu markieren.<\/p>\n<p>Dieses Set ist nicht nur eine Sammlung von Schreibwerkzeugen, sondern ein Tor zur magischen Welt von Harry Potter, das allen, die ihren Alltag verzaubern m\u00f6chten, ein immersives Erlebnis bietet. Zusammenfassend l\u00e4sst sich sagen, dass das Harry-Potter-Kalligraphie-Set Ihr Ticket in eine Welt ist, in der das Schreiben zu einer magischen Kunst wird.<\/p>\n<h2>Erweitern Sie Ihre Sammlung mit Sch\u00e4tzen aus Harry Potter<\/h2>\n<p>\u00dcbrigens, \u00fcber den fesselnden <strong>Harry Potter Kalligraphie-Set<\/strong>Unsere Website ist vollgepackt mit Sch\u00e4tzen aus J.K. Rowlings magischer Welt. Zu diesen Sch\u00e4tzen geh\u00f6ren auch die offiziellen Figuren von <a href=\"https:\/\/noblecollection.fr\/produits-issus-univers-harry-potter-c-163_10.html\" target=\"_blank\" rel=\"noopener noreferrer\">Noble Collection<\/a>, sorgf\u00e4ltig detaillierte Sammlerst\u00fccke. Jede Figur ist eine Hommage an die Magie von Harry Potter und eignet sich perfekt als Dekoration f\u00fcr jedes Zuhause.<\/p>\n<p>F\u00fcr Fans der Serie gibt es auch unsere Must-haves <a href=\"https:\/\/repliquemangacine.fr\/de\/sammlerstucke-und-goodies-harry-potter\/gryffindor-becher-600-ml\/\">Becher mit 600 ml Inhalt<\/a> der vier H\u00e4user. Beginnen Sie Ihren Tag mit einem Getr\u00e4nk Ihrer Wahl, serviert in einem Becher, der Sie an Ihre stolze Zugeh\u00f6rigkeit zu Ihrem Haus erinnert.<\/p>\n<p>Junge angehende Zauberer werden unsere 6-teiligen Sets lieben. <a href=\"https:\/\/repliquemangacine.fr\/de\/neuheiten\/6-teiliges-gryffindor-set\/\">Gryffindor-Verkleidung<\/a> f\u00fcr Kinder, ein unverzichtbares Set f\u00fcr jedes Abenteuer in der Welt von Harry Potter.<\/p>\n<p>Und f\u00fcr echte Kenner unsere Kollektion von <a href=\"https:\/\/repliquemangacine.fr\/de\/essstabchen-figuren-harry-potter\/\">Zauberst\u00e4be<\/a> ist absolut un\u00fcbertroffen. Zun\u00e4chst einmal muss gesagt werden, dass jeder Zauberstab eine originalgetreue Nachbildung der Figuren aus der Saga ist. Er besteht aus hochwertigem Harz mit einem Metallkern im Inneren, um Ihnen Langlebigkeit und Stabilit\u00e4t zu garantieren.<\/p>\n<p>Entdecken Sie zum Abschluss unsere Website und tauchen Sie ein in die au\u00dfergew\u00f6hnliche Welt von Harry Potter. Unsere vielf\u00e4ltige Auswahl verspricht Ihnen eine Reise in die zauberhafte Welt der Magie.<\/p>\n<h2>Harry Potter Kalligraphie-Kit: Echte und erschwingliche verzauberte Sch\u00e4tze<\/h2>\n<p>Tauchen Sie ein in die magische Welt von Harry Potter mit unserer exklusiven Auswahl an offiziellen Produkten, die von Warner Bros. lizenziert und von Noble Collection vertrieben werden. Jedes St\u00fcck ist ein Tor zur fantastischen Welt von Hogwarts. Authentizit\u00e4t und Qualit\u00e4t zu einem Preis, der f\u00fcr alle angehenden Zauberer und Hexen erschwinglich ist.<\/p>\n<p>Heben Sie ab mit dem <a href=\"https:\/\/repliquemangacine.fr\/de\/sammlerstucke-und-goodies-harry-potter\/firebolt-besen-harry-potter\/\">Firebolt Besen<\/a>, eine originalgetreue Nachbildung des schnellsten Besens aus der Harry-Potter-Saga. Dieser von Noble Collection vertriebene Besen ist nicht nur ein beeindruckendes Dekorationsst\u00fcck. Er l\u00e4dt dazu ein, von wilden Quidditch-Spielen zu tr\u00e4umen, und macht das Erlebnis f\u00fcr Fans noch realer.<\/p>\n<p>Der interaktive Sprechende Hut ist ein technologisches Wunderwerk, das die Magie von Hogwarts direkt zu Ihnen nach Hause bringt. Mit seiner F\u00e4higkeit, zu interagieren und Ihr Haus \u201causzuw\u00e4hlen\u201d, bietet dieser Sprechende Hut ein einzigartiges, immersives Erlebnis.<\/p>\n<p>Schlie\u00dflich ist der <a href=\"https:\/\/repliquemangacine.fr\/de\/verschiedene-goodies\/schachbrett-der-zauberer-spiel-schach-hp\/\">Schachspiel Wizard Chess Set<\/a> ist die perfekte Nachbildung des Spiels aus \u201cHarry Potter und der Stein der Weisen\u201d. Jedes Teil wurde sorgf\u00e4ltig entworfen, um die Essenz des magischen Schachspiels einzufangen, sodass die Spieler in strategische Schlachten eintauchen k\u00f6nnen, die eines Zauberers w\u00fcrdig sind.<\/p>\n<p>Diese Produkte, die Treue, Qualit\u00e4t und erschwingliche Preise vereinen, sind ideal, um Ihre Harry-Potter-Sammlung zu erweitern oder einem geliebten Menschen zu schenken, der sich f\u00fcr dieses zauberhafte Universum begeistert. Besuchen Sie unsere Website, um diese und viele andere Sch\u00e4tze zu entdecken, die garantiert einen Hauch von Magie in Ihr Leben bringen werden.<\/p>","protected":false},"excerpt":{"rendered":"<p>Wundersch\u00f6nes Kalligraphie-Set, das von der Harry-Potter-Saga inspiriert wurde.<\/p>\n<p>Dieses Set enth\u00e4lt :<\/p>\n<ul>\n<li>Ein roter F\u00fcllfederhalter mit Aufschrift<\/li>\n<li>Ein Federhalter aus altem Stahl<\/li>\n<li>Eine Flasche Harry-Potter-Tinte<\/li>\n<li>5 Nachf\u00fcllpackungen mit Tinte in verschiedenen Farben<\/li>\n<li>Eine Feder als Lesezeichen mit drei Ideogrammen<\/li>\n<li>Box in den Farben der Saga<\/li>\n<\/ul>\n<p>&nbsp;<\/p>","protected":false},"featured_media":69032,"template":"","meta":[],"product_brand":[896],"product_cat":[87,41],"product_tag":[],"class_list":{"0":"post-69030","1":"product","2":"type-product","3":"status-publish","4":"has-post-thumbnail","6":"product_brand-replique-manga-cine","7":"product_cat-collectors-et-goodies-harry-potter","8":"product_cat-baguettes-et-goodies-harry-potter","10":"first","11":"outofstock","12":"taxable","13":"shipping-taxable","14":"purchasable","15":"product-type-simple"},"yoast_head":"<!-- This site is optimized with the Yoast SEO plugin v27.5 - https:\/\/yoast.com\/product\/yoast-seo-wordpress\/ -->\n<title>Kit Calligraphie Harry Potter | R\u00e9plique Manga Cin\u00e9<\/title>\n<meta name=\"description\" content=\"D\u00e9couvrez ce superbe Kit Calligraphie Harry Potter au meilleur prix. Stylo plume rouge, Porte-plume, 5 recharges d&#039;encres, Plume marque page et id\u00e9ogramme\" \/>\n<meta name=\"robots\" content=\"index, follow, max-snippet:-1, max-image-preview:large, max-video-preview:-1\" \/>\n<link rel=\"canonical\" href=\"https:\/\/repliquemangacine.fr\/de\/sammlerstucke-und-goodies-harry-potter\/kalligraphie-set-harry-potter\/\" \/>\n<meta property=\"og:locale\" content=\"de_DE\" \/>\n<meta property=\"og:type\" content=\"article\" \/>\n<meta property=\"og:title\" content=\"Kit Calligraphie Harry Potter | R\u00e9plique Manga Cin\u00e9\" \/>\n<meta property=\"og:description\" content=\"D\u00e9couvrez ce superbe Kit Calligraphie Harry Potter au meilleur prix. Stylo plume rouge, Porte-plume, 5 recharges d&#039;encres, Plume marque page et id\u00e9ogramme\" \/>\n<meta property=\"og:url\" content=\"https:\/\/repliquemangacine.fr\/de\/sammlerstucke-und-goodies-harry-potter\/kalligraphie-set-harry-potter\/\" \/>\n<meta property=\"og:site_name\" content=\"R\u00e9plique Manga Cin\u00e9\" \/>\n<meta property=\"article:publisher\" content=\"https:\/\/www.facebook.com\/RepliqueMangaCine\" \/>\n<meta property=\"article:modified_time\" content=\"2025-11-18T13:49:26+00:00\" \/>\n<meta property=\"og:image\" content=\"https:\/\/repliquemangacine.fr\/wp-content\/uploads\/2024\/02\/kit-calligraphie-hp.jpg\" \/>\n\t<meta property=\"og:image:width\" content=\"500\" \/>\n\t<meta property=\"og:image:height\" content=\"500\" \/>\n\t<meta property=\"og:image:type\" content=\"image\/jpeg\" \/>\n<meta name=\"twitter:card\" content=\"summary_large_image\" \/>\n<meta name=\"twitter:label1\" content=\"Gesch\u00e4tzte Lesezeit\" \/>\n\t<meta name=\"twitter:data1\" content=\"4\u00a0Minuten\" \/>\n<script type=\"application\/ld+json\" class=\"yoast-schema-graph\">{\"@context\":\"https:\\\/\\\/schema.org\",\"@graph\":[{\"@type\":\"WebPage\",\"@id\":\"https:\\\/\\\/repliquemangacine.fr\\\/collectors-et-goodies-harry-potter\\\/kit-calligraphie-harry-potter\\\/\",\"url\":\"https:\\\/\\\/repliquemangacine.fr\\\/collectors-et-goodies-harry-potter\\\/kit-calligraphie-harry-potter\\\/\",\"name\":\"Kit Calligraphie Harry Potter | R\u00e9plique Manga Cin\u00e9\",\"isPartOf\":{\"@id\":\"https:\\\/\\\/repliquemangacine.fr\\\/#website\"},\"primaryImageOfPage\":{\"@id\":\"https:\\\/\\\/repliquemangacine.fr\\\/collectors-et-goodies-harry-potter\\\/kit-calligraphie-harry-potter\\\/#primaryimage\"},\"image\":{\"@id\":\"https:\\\/\\\/repliquemangacine.fr\\\/collectors-et-goodies-harry-potter\\\/kit-calligraphie-harry-potter\\\/#primaryimage\"},\"thumbnailUrl\":\"https:\\\/\\\/repliquemangacine.fr\\\/wp-content\\\/uploads\\\/2024\\\/02\\\/kit-calligraphie-hp.jpg\",\"datePublished\":\"2024-02-09T13:55:00+00:00\",\"dateModified\":\"2025-11-18T13:49:26+00:00\",\"description\":\"D\u00e9couvrez ce superbe Kit Calligraphie Harry Potter au meilleur prix. Stylo plume rouge, Porte-plume, 5 recharges d'encres, Plume marque page et id\u00e9ogramme\",\"breadcrumb\":{\"@id\":\"https:\\\/\\\/repliquemangacine.fr\\\/collectors-et-goodies-harry-potter\\\/kit-calligraphie-harry-potter\\\/#breadcrumb\"},\"inLanguage\":\"de\",\"potentialAction\":[{\"@type\":\"ReadAction\",\"target\":[\"https:\\\/\\\/repliquemangacine.fr\\\/collectors-et-goodies-harry-potter\\\/kit-calligraphie-harry-potter\\\/\"]}]},{\"@type\":\"ImageObject\",\"inLanguage\":\"de\",\"@id\":\"https:\\\/\\\/repliquemangacine.fr\\\/collectors-et-goodies-harry-potter\\\/kit-calligraphie-harry-potter\\\/#primaryimage\",\"url\":\"https:\\\/\\\/repliquemangacine.fr\\\/wp-content\\\/uploads\\\/2024\\\/02\\\/kit-calligraphie-hp.jpg\",\"contentUrl\":\"https:\\\/\\\/repliquemangacine.fr\\\/wp-content\\\/uploads\\\/2024\\\/02\\\/kit-calligraphie-hp.jpg\",\"width\":500,\"height\":500,\"caption\":\"Kit Calligraphie Harry Potter\"},{\"@type\":\"BreadcrumbList\",\"@id\":\"https:\\\/\\\/repliquemangacine.fr\\\/collectors-et-goodies-harry-potter\\\/kit-calligraphie-harry-potter\\\/#breadcrumb\",\"itemListElement\":[{\"@type\":\"ListItem\",\"position\":1,\"name\":\"Accueil\",\"item\":\"https:\\\/\\\/repliquemangacine.fr\\\/\"},{\"@type\":\"ListItem\",\"position\":2,\"name\":\"Produits\",\"item\":\"https:\\\/\\\/repliquemangacine.fr\\\/boutique\\\/\"},{\"@type\":\"ListItem\",\"position\":3,\"name\":\"Kit Calligraphie Harry Potter\"}]},{\"@type\":\"WebSite\",\"@id\":\"https:\\\/\\\/repliquemangacine.fr\\\/#website\",\"url\":\"https:\\\/\\\/repliquemangacine.fr\\\/\",\"name\":\"R\u00e9plique Manga Cin\u00e9\",\"description\":\"\",\"publisher\":{\"@id\":\"https:\\\/\\\/repliquemangacine.fr\\\/#organization\"},\"potentialAction\":[{\"@type\":\"SearchAction\",\"target\":{\"@type\":\"EntryPoint\",\"urlTemplate\":\"https:\\\/\\\/repliquemangacine.fr\\\/?s={search_term_string}\"},\"query-input\":{\"@type\":\"PropertyValueSpecification\",\"valueRequired\":true,\"valueName\":\"search_term_string\"}}],\"inLanguage\":\"de\"},{\"@type\":\"Organization\",\"@id\":\"https:\\\/\\\/repliquemangacine.fr\\\/#organization\",\"name\":\"R\u00e9plique Manga Cin\u00e9\",\"url\":\"https:\\\/\\\/repliquemangacine.fr\\\/\",\"logo\":{\"@type\":\"ImageObject\",\"inLanguage\":\"de\",\"@id\":\"https:\\\/\\\/repliquemangacine.fr\\\/#\\\/schema\\\/logo\\\/image\\\/\",\"url\":\"https:\\\/\\\/repliquemangacine.fr\\\/wp-content\\\/uploads\\\/2023\\\/10\\\/RMC-500250.png\",\"contentUrl\":\"https:\\\/\\\/repliquemangacine.fr\\\/wp-content\\\/uploads\\\/2023\\\/10\\\/RMC-500250.png\",\"width\":500,\"height\":250,\"caption\":\"R\u00e9plique Manga Cin\u00e9\"},\"image\":{\"@id\":\"https:\\\/\\\/repliquemangacine.fr\\\/#\\\/schema\\\/logo\\\/image\\\/\"},\"sameAs\":[\"https:\\\/\\\/www.facebook.com\\\/RepliqueMangaCine\",\"https:\\\/\\\/www.instagram.com\\\/repliquemangacine.fr\\\/\"]}]}<\/script>\n<!-- \/ Yoast SEO plugin. -->","yoast_head_json":{"title":"Harry Potter Kalligraphie-Set | R\u00e9plique Manga Cin\u00e9","description":"Entdecken Sie dieses wundersch\u00f6ne Harry Potter Kalligraphie-Set zum besten Preis. Roter F\u00fcllfederhalter, Federhalter, 5 Tintenminen, Feder, Lesezeichen und Ideogramm","robots":{"index":"index","follow":"follow","max-snippet":"max-snippet:-1","max-image-preview":"max-image-preview:large","max-video-preview":"max-video-preview:-1"},"canonical":"https:\/\/repliquemangacine.fr\/de\/sammlerstucke-und-goodies-harry-potter\/kalligraphie-set-harry-potter\/","og_locale":"de_DE","og_type":"article","og_title":"Kit Calligraphie Harry Potter | R\u00e9plique Manga Cin\u00e9","og_description":"D\u00e9couvrez ce superbe Kit Calligraphie Harry Potter au meilleur prix. Stylo plume rouge, Porte-plume, 5 recharges d'encres, Plume marque page et id\u00e9ogramme","og_url":"https:\/\/repliquemangacine.fr\/de\/sammlerstucke-und-goodies-harry-potter\/kalligraphie-set-harry-potter\/","og_site_name":"R\u00e9plique Manga Cin\u00e9","article_publisher":"https:\/\/www.facebook.com\/RepliqueMangaCine","article_modified_time":"2025-11-18T13:49:26+00:00","og_image":[{"width":500,"height":500,"url":"https:\/\/repliquemangacine.fr\/wp-content\/uploads\/2024\/02\/kit-calligraphie-hp.jpg","type":"image\/jpeg"}],"twitter_card":"summary_large_image","twitter_misc":{"Gesch\u00e4tzte Lesezeit":"4\u00a0Minuten"},"schema":{"@context":"https:\/\/schema.org","@graph":[{"@type":"WebPage","@id":"https:\/\/repliquemangacine.fr\/collectors-et-goodies-harry-potter\/kit-calligraphie-harry-potter\/","url":"https:\/\/repliquemangacine.fr\/collectors-et-goodies-harry-potter\/kit-calligraphie-harry-potter\/","name":"Harry Potter Kalligraphie-Set | R\u00e9plique Manga Cin\u00e9","isPartOf":{"@id":"https:\/\/repliquemangacine.fr\/#website"},"primaryImageOfPage":{"@id":"https:\/\/repliquemangacine.fr\/collectors-et-goodies-harry-potter\/kit-calligraphie-harry-potter\/#primaryimage"},"image":{"@id":"https:\/\/repliquemangacine.fr\/collectors-et-goodies-harry-potter\/kit-calligraphie-harry-potter\/#primaryimage"},"thumbnailUrl":"https:\/\/repliquemangacine.fr\/wp-content\/uploads\/2024\/02\/kit-calligraphie-hp.jpg","datePublished":"2024-02-09T13:55:00+00:00","dateModified":"2025-11-18T13:49:26+00:00","description":"Entdecken Sie dieses wundersch\u00f6ne Harry Potter Kalligraphie-Set zum besten Preis. Roter F\u00fcllfederhalter, Federhalter, 5 Tintenminen, Feder, Lesezeichen und Ideogramm","breadcrumb":{"@id":"https:\/\/repliquemangacine.fr\/collectors-et-goodies-harry-potter\/kit-calligraphie-harry-potter\/#breadcrumb"},"inLanguage":"de","potentialAction":[{"@type":"ReadAction","target":["https:\/\/repliquemangacine.fr\/collectors-et-goodies-harry-potter\/kit-calligraphie-harry-potter\/"]}]},{"@type":"ImageObject","inLanguage":"de","@id":"https:\/\/repliquemangacine.fr\/collectors-et-goodies-harry-potter\/kit-calligraphie-harry-potter\/#primaryimage","url":"https:\/\/repliquemangacine.fr\/wp-content\/uploads\/2024\/02\/kit-calligraphie-hp.jpg","contentUrl":"https:\/\/repliquemangacine.fr\/wp-content\/uploads\/2024\/02\/kit-calligraphie-hp.jpg","width":500,"height":500,"caption":"Kit Calligraphie Harry Potter"},{"@type":"BreadcrumbList","@id":"https:\/\/repliquemangacine.fr\/collectors-et-goodies-harry-potter\/kit-calligraphie-harry-potter\/#breadcrumb","itemListElement":[{"@type":"ListItem","position":1,"name":"Accueil","item":"https:\/\/repliquemangacine.fr\/"},{"@type":"ListItem","position":2,"name":"Produits","item":"https:\/\/repliquemangacine.fr\/boutique\/"},{"@type":"ListItem","position":3,"name":"Kit Calligraphie Harry Potter"}]},{"@type":"WebSite","@id":"https:\/\/repliquemangacine.fr\/#website","url":"https:\/\/repliquemangacine.fr\/","name":"R\u00e9plique Manga Cin\u00e9","description":"","publisher":{"@id":"https:\/\/repliquemangacine.fr\/#organization"},"potentialAction":[{"@type":"SearchAction","target":{"@type":"EntryPoint","urlTemplate":"https:\/\/repliquemangacine.fr\/?s={search_term_string}"},"query-input":{"@type":"PropertyValueSpecification","valueRequired":true,"valueName":"search_term_string"}}],"inLanguage":"de"},{"@type":"Organization","@id":"https:\/\/repliquemangacine.fr\/#organization","name":"R\u00e9plique Manga Cin\u00e9","url":"https:\/\/repliquemangacine.fr\/","logo":{"@type":"ImageObject","inLanguage":"de","@id":"https:\/\/repliquemangacine.fr\/#\/schema\/logo\/image\/","url":"https:\/\/repliquemangacine.fr\/wp-content\/uploads\/2023\/10\/RMC-500250.png","contentUrl":"https:\/\/repliquemangacine.fr\/wp-content\/uploads\/2023\/10\/RMC-500250.png","width":500,"height":250,"caption":"R\u00e9plique Manga Cin\u00e9"},"image":{"@id":"https:\/\/repliquemangacine.fr\/#\/schema\/logo\/image\/"},"sameAs":["https:\/\/www.facebook.com\/RepliqueMangaCine","https:\/\/www.instagram.com\/repliquemangacine.fr\/"]}]}},"_links":{"self":[{"href":"https:\/\/repliquemangacine.fr\/de\/wp-json\/wp\/v2\/product\/69030","targetHints":{"allow":["GET"]}}],"collection":[{"href":"https:\/\/repliquemangacine.fr\/de\/wp-json\/wp\/v2\/product"}],"about":[{"href":"https:\/\/repliquemangacine.fr\/de\/wp-json\/wp\/v2\/types\/product"}],"wp:featuredmedia":[{"embeddable":true,"href":"https:\/\/repliquemangacine.fr\/de\/wp-json\/wp\/v2\/media\/69032"}],"wp:attachment":[{"href":"https:\/\/repliquemangacine.fr\/de\/wp-json\/wp\/v2\/media?parent=69030"}],"wp:term":[{"taxonomy":"product_brand","embeddable":true,"href":"https:\/\/repliquemangacine.fr\/de\/wp-json\/wp\/v2\/product_brand?post=69030"},{"taxonomy":"product_cat","embeddable":true,"href":"https:\/\/repliquemangacine.fr\/de\/wp-json\/wp\/v2\/product_cat?post=69030"},{"taxonomy":"product_tag","embeddable":true,"href":"https:\/\/repliquemangacine.fr\/de\/wp-json\/wp\/v2\/product_tag?post=69030"}],"curies":[{"name":"wp","href":"https:\/\/api.w.org\/{rel}","templated":true}]}}