





{"id":68952,"date":"2024-02-08T17:51:19","date_gmt":"2024-02-08T16:51:19","guid":{"rendered":"https:\/\/repliquemangacine.fr\/?post_type=product&#038;p=68952"},"modified":"2026-04-01T10:24:01","modified_gmt":"2026-04-01T08:24:01","slug":"koffer-mit-11-schlusselanhangerstaben-hp","status":"publish","type":"product","link":"https:\/\/repliquemangacine.fr\/de\/collectors-et-goodies-harry-potter\/coffret-11-baguettes-porte-cles-hp\/","title":{"rendered":"Set mit 11 HP-Schl\u00fcsselanh\u00e4nger-St\u00e4bchen"},"content":{"rendered":"<h2>Set mit 11 Harry Potter-Schl\u00fcsselanh\u00e4ngerst\u00e4ben: Ein Schatz f\u00fcr Fans<\/h2>\n<p>Tauchen Sie zun\u00e4chst mit dem Set 11 Schl\u00fcsselanh\u00e4nger mit Zauberstab in die magische Welt von Harry Potter ein. Dieses Sammlerst\u00fcck ist ein Muss f\u00fcr alle Fans der Saga. Diese Miniaturrepliken, die den Zauberst\u00e4ben der ikonischen Charaktere nachempfunden sind, sind mehr als nur ein Accessoire. Sie stellen ein St\u00fcck der Seele jedes Zauberers und jeder Hexe dar, indem sie die Essenz ihrer Macht und Pers\u00f6nlichkeit einfangen. Dieses au\u00dfergew\u00f6hnliche Set bietet Ihnen die M\u00f6glichkeit, ein St\u00fcck der magischen Welt zu besitzen. Denn mit den Zauberst\u00e4ben von Harry, Voldemort, Dumbledore und vielen anderen, von denen jeder seine eigene Geschichte erz\u00e4hlt.<\/p>\n<p>Also perfekt f\u00fcr Sammler oder als einzigartiges Geschenk. Dieses Set wird sowohl junge Fans als auch Erwachsene begeistern, die sich nach ihrem ersten Eintauchen in die verzauberte Welt von Hogwarts zur\u00fccksehnen. Mit viel Liebe zum Detail gestaltet, verspricht es, die Magie von Harry Potter in Ihren Alltag zu tragen. Verpassen Sie nicht die Gelegenheit, Ihre Leidenschaft f\u00fcr die Zauberei mit dieser schillernden Kollektion zu zeigen.<\/p>\n<h2>Erforschen Sie die Magie mit unserer Harry Potter-Kollektion<\/h2>\n<p>Unser Shop ist nicht auf das Harry-Potter-Set 11 Zauberst\u00e4be Schl\u00fcsselanh\u00e4nger beschr\u00e4nkt. Wir bieten eine gro\u00dfe Auswahl an authentischen Produkten f\u00fcr alle angehenden Zauberer und Hexen. \u00dcbrigens, unter unseren Sch\u00e4tzen entdecken Sie die <a href=\"https:\/\/repliquemangacine.fr\/de\/essstabchen-figuren-harry-potter\/\">St\u00e4bchen Figuren<\/a> in Originalgr\u00f6\u00dfe, genaue Repliken derjenigen, die Ihre Lieblingshelden in den Filmen benutzt haben. Lassen Sie sich vom <a href=\"https:\/\/repliquemangacine.fr\/de\/sammlerstucke-und-goodies-harry-potter\/hermiones-tasche\/\">Hermiones Tasche<\/a>Ein Must-have f\u00fcr Fans magischer Mode, vertrieben von <a href=\"https:\/\/noblecollection.fr\/produits-issus-univers-harry-potter-c-163_10.html\" target=\"_blank\" rel=\"noopener noreferrer\">Noble Collection<\/a>.<\/p>\n<p>F\u00fcr Strategen und Spielefans ist das <a href=\"https:\/\/repliquemangacine.fr\/de\/verschiedene-goodies\/schachbrett-der-zauberer-spiel-schach-hp\/\">Schachspiel<\/a> Hexer-Version verspricht epische Spiele. Es gibt auch unsere gro\u00dfen <a href=\"https:\/\/repliquemangacine.fr\/de\/sammlerstucke-und-goodies-harry-potter\/gryffindor-becher-600-ml\/\">Tassen<\/a> die die Embleme der vier H\u00e4user von Hogwarts darstellen, werden die Fans in ihren wohlverdienten Pausen begeistern. Besonders hervorzuheben ist, dass jedes Produkt in unserer Kollektion sorgf\u00e4ltig ausgew\u00e4hlt wird, um ein immersives Erlebnis in der Welt von Harry Potter zu bieten. Ob Sie nun auf der Suche nach einem Sammlerst\u00fcck oder einem magischen Geschenk sind, unser Shop ist Ihr ideales Ziel, um bezaubernde Artikel zu finden, die ein wenig Magie in Ihren Alltag bringen.<\/p>\n<h2>Set 11 St\u00e4bchen Schl\u00fcsselanh\u00e4nger: Beste Qualit\u00e4t und Preis<\/h2>\n<p>In unserem Bestreben, die Magie des Harry-Potter-Universums in Ihr t\u00e4gliches Leben zu bringen, legen wir gro\u00dfen Wert darauf, au\u00dfergew\u00f6hnliche Qualit\u00e4t mit einem erschwinglichen Preis zu verbinden.  Man darf nicht vergessen, dass jedes Produkt mit akribischer Liebe zum Detail hergestellt wird. Wir arbeiten eng mit renommierten Lieferanten wie Noble Collection zusammen, um originalgetreue und qualitativ hochwertige Repliken zu gew\u00e4hrleisten, die auch die Erwartungen der anspruchsvollsten Fans erf\u00fcllen.<\/p>\n<p>Wir wissen, wie wichtig es ist, die Welt von Harry Potter f\u00fcr alle zug\u00e4nglich zu machen. Deshalb bem\u00fchen wir uns, unsere magischen Produkte zu fairen Preisen anzubieten, ohne jemals Abstriche bei der Qualit\u00e4t zu machen. Egal, ob Sie Ihre pers\u00f6nliche Sammlung erweitern oder das perfekte Geschenk f\u00fcr einen lieben Menschen finden m\u00f6chten. Unser Shop ist der ideale Ort, um zauberhafte Artikel zu entdecken, die auf wunderbare Weise Authentizit\u00e4t und ein gutes Preis-Leistungs-Verh\u00e4ltnis miteinander verbinden. Tauchen Sie mit unserer sorgf\u00e4ltig ausgew\u00e4hlten Auswahl f\u00fcr Hexen und Zauberer jeden Alters in die Magie ein, ohne sich zu ruinieren.<\/p>","protected":false},"excerpt":{"rendered":"<p>Wundersch\u00f6nes Set mit 11 Mini-St\u00e4ben als Schl\u00fcsselanh\u00e4nger, die die Charaktere aus der Harry-Potter-Saga darstellen.<\/p>\n<ul>\n<li>11 St\u00e4bchen Figur ca. 13 cm<\/li>\n<li>1 Kleiner Karabinerhaken<\/li>\n<li>1 Schl\u00fcsselring<\/li>\n<li>Sammlerbox mit dem Bild der Saga<\/li>\n<\/ul>","protected":false},"featured_media":68954,"template":"","meta":[],"product_brand":[896],"product_cat":[87,41],"product_tag":[],"class_list":{"0":"post-68952","1":"product","2":"type-product","3":"status-publish","4":"has-post-thumbnail","6":"product_brand-replique-manga-cine","7":"product_cat-collectors-et-goodies-harry-potter","8":"product_cat-baguettes-et-goodies-harry-potter","10":"first","11":"outofstock","12":"taxable","13":"shipping-taxable","14":"purchasable","15":"product-type-simple"},"yoast_head":"<!-- This site is optimized with the Yoast SEO plugin v27.5 - https:\/\/yoast.com\/product\/yoast-seo-wordpress\/ -->\n<title>Coffret 11 Baguettes Porte-cl\u00e9s HP - Harry Potter | RMC<\/title>\n<meta name=\"description\" content=\"D\u00e9couvrez le Coffret 11 Baguettes Porte-cl\u00e9s Harry Potter, des r\u00e9pliques miniatures de vos personnages favoris. Avec RMC c&#039;est la magie au quotidien.\" \/>\n<meta name=\"robots\" content=\"index, follow, max-snippet:-1, max-image-preview:large, max-video-preview:-1\" \/>\n<link rel=\"canonical\" href=\"https:\/\/repliquemangacine.fr\/de\/sammlerstucke-und-goodies-harry-potter\/koffer-mit-11-schlusselanhangerstaben-hp\/\" \/>\n<meta property=\"og:locale\" content=\"de_DE\" \/>\n<meta property=\"og:type\" content=\"article\" \/>\n<meta property=\"og:title\" content=\"Coffret 11 Baguettes Porte-cl\u00e9s HP - Harry Potter | RMC\" \/>\n<meta property=\"og:description\" content=\"D\u00e9couvrez le Coffret 11 Baguettes Porte-cl\u00e9s Harry Potter, des r\u00e9pliques miniatures de vos personnages favoris. Avec RMC c&#039;est la magie au quotidien.\" \/>\n<meta property=\"og:url\" content=\"https:\/\/repliquemangacine.fr\/de\/sammlerstucke-und-goodies-harry-potter\/koffer-mit-11-schlusselanhangerstaben-hp\/\" \/>\n<meta property=\"og:site_name\" content=\"R\u00e9plique Manga Cin\u00e9\" \/>\n<meta property=\"article:publisher\" content=\"https:\/\/www.facebook.com\/RepliqueMangaCine\" \/>\n<meta property=\"article:modified_time\" content=\"2026-04-01T08:24:01+00:00\" \/>\n<meta property=\"og:image\" content=\"https:\/\/repliquemangacine.fr\/wp-content\/uploads\/2024\/02\/coffret-de-11-baguettes-Harry-Potter-boite.jpg\" \/>\n\t<meta property=\"og:image:width\" content=\"500\" \/>\n\t<meta property=\"og:image:height\" content=\"500\" \/>\n\t<meta property=\"og:image:type\" content=\"image\/jpeg\" \/>\n<meta name=\"twitter:card\" content=\"summary_large_image\" \/>\n<meta name=\"twitter:label1\" content=\"Gesch\u00e4tzte Lesezeit\" \/>\n\t<meta name=\"twitter:data1\" content=\"3\u00a0Minuten\" \/>\n<script type=\"application\/ld+json\" class=\"yoast-schema-graph\">{\"@context\":\"https:\\\/\\\/schema.org\",\"@graph\":[{\"@type\":\"WebPage\",\"@id\":\"https:\\\/\\\/repliquemangacine.fr\\\/collectors-et-goodies-harry-potter\\\/coffret-11-baguettes-porte-cles-hp\\\/\",\"url\":\"https:\\\/\\\/repliquemangacine.fr\\\/collectors-et-goodies-harry-potter\\\/coffret-11-baguettes-porte-cles-hp\\\/\",\"name\":\"Coffret 11 Baguettes Porte-cl\u00e9s HP - Harry Potter | RMC\",\"isPartOf\":{\"@id\":\"https:\\\/\\\/repliquemangacine.fr\\\/#website\"},\"primaryImageOfPage\":{\"@id\":\"https:\\\/\\\/repliquemangacine.fr\\\/collectors-et-goodies-harry-potter\\\/coffret-11-baguettes-porte-cles-hp\\\/#primaryimage\"},\"image\":{\"@id\":\"https:\\\/\\\/repliquemangacine.fr\\\/collectors-et-goodies-harry-potter\\\/coffret-11-baguettes-porte-cles-hp\\\/#primaryimage\"},\"thumbnailUrl\":\"https:\\\/\\\/repliquemangacine.fr\\\/wp-content\\\/uploads\\\/2024\\\/02\\\/coffret-de-11-baguettes-Harry-Potter-boite.jpg\",\"datePublished\":\"2024-02-08T16:51:19+00:00\",\"dateModified\":\"2026-04-01T08:24:01+00:00\",\"description\":\"D\u00e9couvrez le Coffret 11 Baguettes Porte-cl\u00e9s Harry Potter, des r\u00e9pliques miniatures de vos personnages favoris. Avec RMC c'est la magie au quotidien.\",\"breadcrumb\":{\"@id\":\"https:\\\/\\\/repliquemangacine.fr\\\/collectors-et-goodies-harry-potter\\\/coffret-11-baguettes-porte-cles-hp\\\/#breadcrumb\"},\"inLanguage\":\"de\",\"potentialAction\":[{\"@type\":\"ReadAction\",\"target\":[\"https:\\\/\\\/repliquemangacine.fr\\\/collectors-et-goodies-harry-potter\\\/coffret-11-baguettes-porte-cles-hp\\\/\"]}]},{\"@type\":\"ImageObject\",\"inLanguage\":\"de\",\"@id\":\"https:\\\/\\\/repliquemangacine.fr\\\/collectors-et-goodies-harry-potter\\\/coffret-11-baguettes-porte-cles-hp\\\/#primaryimage\",\"url\":\"https:\\\/\\\/repliquemangacine.fr\\\/wp-content\\\/uploads\\\/2024\\\/02\\\/coffret-de-11-baguettes-Harry-Potter-boite.jpg\",\"contentUrl\":\"https:\\\/\\\/repliquemangacine.fr\\\/wp-content\\\/uploads\\\/2024\\\/02\\\/coffret-de-11-baguettes-Harry-Potter-boite.jpg\",\"width\":500,\"height\":500,\"caption\":\"Coffret 11 Baguettes Porte-cl\u00e9s Harry Potter\"},{\"@type\":\"BreadcrumbList\",\"@id\":\"https:\\\/\\\/repliquemangacine.fr\\\/collectors-et-goodies-harry-potter\\\/coffret-11-baguettes-porte-cles-hp\\\/#breadcrumb\",\"itemListElement\":[{\"@type\":\"ListItem\",\"position\":1,\"name\":\"Accueil\",\"item\":\"https:\\\/\\\/repliquemangacine.fr\\\/\"},{\"@type\":\"ListItem\",\"position\":2,\"name\":\"Produits\",\"item\":\"https:\\\/\\\/repliquemangacine.fr\\\/boutique\\\/\"},{\"@type\":\"ListItem\",\"position\":3,\"name\":\"Coffret 11 Baguettes Porte-cl\u00e9s HP\"}]},{\"@type\":\"WebSite\",\"@id\":\"https:\\\/\\\/repliquemangacine.fr\\\/#website\",\"url\":\"https:\\\/\\\/repliquemangacine.fr\\\/\",\"name\":\"R\u00e9plique Manga Cin\u00e9\",\"description\":\"\",\"publisher\":{\"@id\":\"https:\\\/\\\/repliquemangacine.fr\\\/#organization\"},\"potentialAction\":[{\"@type\":\"SearchAction\",\"target\":{\"@type\":\"EntryPoint\",\"urlTemplate\":\"https:\\\/\\\/repliquemangacine.fr\\\/?s={search_term_string}\"},\"query-input\":{\"@type\":\"PropertyValueSpecification\",\"valueRequired\":true,\"valueName\":\"search_term_string\"}}],\"inLanguage\":\"de\"},{\"@type\":\"Organization\",\"@id\":\"https:\\\/\\\/repliquemangacine.fr\\\/#organization\",\"name\":\"R\u00e9plique Manga Cin\u00e9\",\"url\":\"https:\\\/\\\/repliquemangacine.fr\\\/\",\"logo\":{\"@type\":\"ImageObject\",\"inLanguage\":\"de\",\"@id\":\"https:\\\/\\\/repliquemangacine.fr\\\/#\\\/schema\\\/logo\\\/image\\\/\",\"url\":\"https:\\\/\\\/repliquemangacine.fr\\\/wp-content\\\/uploads\\\/2023\\\/10\\\/RMC-500250.png\",\"contentUrl\":\"https:\\\/\\\/repliquemangacine.fr\\\/wp-content\\\/uploads\\\/2023\\\/10\\\/RMC-500250.png\",\"width\":500,\"height\":250,\"caption\":\"R\u00e9plique Manga Cin\u00e9\"},\"image\":{\"@id\":\"https:\\\/\\\/repliquemangacine.fr\\\/#\\\/schema\\\/logo\\\/image\\\/\"},\"sameAs\":[\"https:\\\/\\\/www.facebook.com\\\/RepliqueMangaCine\",\"https:\\\/\\\/www.instagram.com\\\/repliquemangacine.fr\\\/\"]}]}<\/script>\n<!-- \/ Yoast SEO plugin. -->","yoast_head_json":{"title":"Set mit 11 HP-Schl\u00fcsselanh\u00e4ngerst\u00e4ben - Harry Potter | RMC","description":"Entdecken Sie das Set mit 11 Harry-Potter-Schl\u00fcsselanh\u00e4nger-St\u00e4ben, Miniaturnachbildungen Ihrer Lieblingsfiguren. Mit RMC ist es die Magie im Alltag.","robots":{"index":"index","follow":"follow","max-snippet":"max-snippet:-1","max-image-preview":"max-image-preview:large","max-video-preview":"max-video-preview:-1"},"canonical":"https:\/\/repliquemangacine.fr\/de\/sammlerstucke-und-goodies-harry-potter\/koffer-mit-11-schlusselanhangerstaben-hp\/","og_locale":"de_DE","og_type":"article","og_title":"Coffret 11 Baguettes Porte-cl\u00e9s HP - Harry Potter | RMC","og_description":"D\u00e9couvrez le Coffret 11 Baguettes Porte-cl\u00e9s Harry Potter, des r\u00e9pliques miniatures de vos personnages favoris. Avec RMC c'est la magie au quotidien.","og_url":"https:\/\/repliquemangacine.fr\/de\/sammlerstucke-und-goodies-harry-potter\/koffer-mit-11-schlusselanhangerstaben-hp\/","og_site_name":"R\u00e9plique Manga Cin\u00e9","article_publisher":"https:\/\/www.facebook.com\/RepliqueMangaCine","article_modified_time":"2026-04-01T08:24:01+00:00","og_image":[{"width":500,"height":500,"url":"https:\/\/repliquemangacine.fr\/wp-content\/uploads\/2024\/02\/coffret-de-11-baguettes-Harry-Potter-boite.jpg","type":"image\/jpeg"}],"twitter_card":"summary_large_image","twitter_misc":{"Gesch\u00e4tzte Lesezeit":"3\u00a0Minuten"},"schema":{"@context":"https:\/\/schema.org","@graph":[{"@type":"WebPage","@id":"https:\/\/repliquemangacine.fr\/collectors-et-goodies-harry-potter\/coffret-11-baguettes-porte-cles-hp\/","url":"https:\/\/repliquemangacine.fr\/collectors-et-goodies-harry-potter\/coffret-11-baguettes-porte-cles-hp\/","name":"Set mit 11 HP-Schl\u00fcsselanh\u00e4ngerst\u00e4ben - Harry Potter | RMC","isPartOf":{"@id":"https:\/\/repliquemangacine.fr\/#website"},"primaryImageOfPage":{"@id":"https:\/\/repliquemangacine.fr\/collectors-et-goodies-harry-potter\/coffret-11-baguettes-porte-cles-hp\/#primaryimage"},"image":{"@id":"https:\/\/repliquemangacine.fr\/collectors-et-goodies-harry-potter\/coffret-11-baguettes-porte-cles-hp\/#primaryimage"},"thumbnailUrl":"https:\/\/repliquemangacine.fr\/wp-content\/uploads\/2024\/02\/coffret-de-11-baguettes-Harry-Potter-boite.jpg","datePublished":"2024-02-08T16:51:19+00:00","dateModified":"2026-04-01T08:24:01+00:00","description":"Entdecken Sie das Set mit 11 Harry-Potter-Schl\u00fcsselanh\u00e4nger-St\u00e4ben, Miniaturnachbildungen Ihrer Lieblingsfiguren. Mit RMC ist es die Magie im Alltag.","breadcrumb":{"@id":"https:\/\/repliquemangacine.fr\/collectors-et-goodies-harry-potter\/coffret-11-baguettes-porte-cles-hp\/#breadcrumb"},"inLanguage":"de","potentialAction":[{"@type":"ReadAction","target":["https:\/\/repliquemangacine.fr\/collectors-et-goodies-harry-potter\/coffret-11-baguettes-porte-cles-hp\/"]}]},{"@type":"ImageObject","inLanguage":"de","@id":"https:\/\/repliquemangacine.fr\/collectors-et-goodies-harry-potter\/coffret-11-baguettes-porte-cles-hp\/#primaryimage","url":"https:\/\/repliquemangacine.fr\/wp-content\/uploads\/2024\/02\/coffret-de-11-baguettes-Harry-Potter-boite.jpg","contentUrl":"https:\/\/repliquemangacine.fr\/wp-content\/uploads\/2024\/02\/coffret-de-11-baguettes-Harry-Potter-boite.jpg","width":500,"height":500,"caption":"Coffret 11 Baguettes Porte-cl\u00e9s Harry Potter"},{"@type":"BreadcrumbList","@id":"https:\/\/repliquemangacine.fr\/collectors-et-goodies-harry-potter\/coffret-11-baguettes-porte-cles-hp\/#breadcrumb","itemListElement":[{"@type":"ListItem","position":1,"name":"Accueil","item":"https:\/\/repliquemangacine.fr\/"},{"@type":"ListItem","position":2,"name":"Produits","item":"https:\/\/repliquemangacine.fr\/boutique\/"},{"@type":"ListItem","position":3,"name":"Coffret 11 Baguettes Porte-cl\u00e9s HP"}]},{"@type":"WebSite","@id":"https:\/\/repliquemangacine.fr\/#website","url":"https:\/\/repliquemangacine.fr\/","name":"R\u00e9plique Manga Cin\u00e9","description":"","publisher":{"@id":"https:\/\/repliquemangacine.fr\/#organization"},"potentialAction":[{"@type":"SearchAction","target":{"@type":"EntryPoint","urlTemplate":"https:\/\/repliquemangacine.fr\/?s={search_term_string}"},"query-input":{"@type":"PropertyValueSpecification","valueRequired":true,"valueName":"search_term_string"}}],"inLanguage":"de"},{"@type":"Organization","@id":"https:\/\/repliquemangacine.fr\/#organization","name":"R\u00e9plique Manga Cin\u00e9","url":"https:\/\/repliquemangacine.fr\/","logo":{"@type":"ImageObject","inLanguage":"de","@id":"https:\/\/repliquemangacine.fr\/#\/schema\/logo\/image\/","url":"https:\/\/repliquemangacine.fr\/wp-content\/uploads\/2023\/10\/RMC-500250.png","contentUrl":"https:\/\/repliquemangacine.fr\/wp-content\/uploads\/2023\/10\/RMC-500250.png","width":500,"height":250,"caption":"R\u00e9plique Manga Cin\u00e9"},"image":{"@id":"https:\/\/repliquemangacine.fr\/#\/schema\/logo\/image\/"},"sameAs":["https:\/\/www.facebook.com\/RepliqueMangaCine","https:\/\/www.instagram.com\/repliquemangacine.fr\/"]}]}},"_links":{"self":[{"href":"https:\/\/repliquemangacine.fr\/de\/wp-json\/wp\/v2\/product\/68952","targetHints":{"allow":["GET"]}}],"collection":[{"href":"https:\/\/repliquemangacine.fr\/de\/wp-json\/wp\/v2\/product"}],"about":[{"href":"https:\/\/repliquemangacine.fr\/de\/wp-json\/wp\/v2\/types\/product"}],"wp:featuredmedia":[{"embeddable":true,"href":"https:\/\/repliquemangacine.fr\/de\/wp-json\/wp\/v2\/media\/68954"}],"wp:attachment":[{"href":"https:\/\/repliquemangacine.fr\/de\/wp-json\/wp\/v2\/media?parent=68952"}],"wp:term":[{"taxonomy":"product_brand","embeddable":true,"href":"https:\/\/repliquemangacine.fr\/de\/wp-json\/wp\/v2\/product_brand?post=68952"},{"taxonomy":"product_cat","embeddable":true,"href":"https:\/\/repliquemangacine.fr\/de\/wp-json\/wp\/v2\/product_cat?post=68952"},{"taxonomy":"product_tag","embeddable":true,"href":"https:\/\/repliquemangacine.fr\/de\/wp-json\/wp\/v2\/product_tag?post=68952"}],"curies":[{"name":"wp","href":"https:\/\/api.w.org\/{rel}","templated":true}]}}