





{"id":68780,"date":"2024-02-01T12:12:00","date_gmt":"2024-02-01T11:12:00","guid":{"rendered":"https:\/\/repliquemangacine.fr\/?post_type=product&#038;p=68780"},"modified":"2025-11-18T14:51:14","modified_gmt":"2025-11-18T13:51:14","slug":"kalligraphie-set-harry-potter-2","status":"publish","type":"product","link":"https:\/\/repliquemangacine.fr\/de\/collectors-et-goodies-harry-potter\/coffret-de-calligraphie-harry-potter\/","title":{"rendered":"Harry Potter Kalligraphie-Set"},"content":{"rendered":"<h2>Harry Potter Kalligraphie-Set: Ein exklusives Geschenk f\u00fcr Fans<\/h2>\n<p>Tauchen Sie zu Beginn in die magische Welt von Harry Potter ein mit unserem <strong>Kalligraphie-Set<\/strong> Ein unverzichtbares Sammlerst\u00fcck f\u00fcr jeden angehenden Zauberer oder Fan der Saga. Dieses Komplettset bietet Ihnen alles, was Sie brauchen, um Ihre Briefe oder k\u00fcnstlerischen Kreationen zum Leben zu erwecken. Es enth\u00e4lt ein Notizbuch in den Farben von Harry Potter, das sich perfekt eignet, um Ihre Zauberspr\u00fcche oder wertvollsten Gedanken festzuhalten.<\/p>\n<p>Das Set enth\u00e4lt au\u00dferdem ein einzigartiges Lesezeichen in Form einer Feder. Einen gl\u00e4nzenden roten F\u00fcllfederhalter mit dem Namen Harry Potter in goldenen Buchstaben. F\u00fcnf Ersatzfedern f\u00fcr endloses Schreiben. Einen Federhalter mit einer leeren Flasche (ohne Tinte), auf der stolz der Name Harry prangt.<\/p>\n<p>F\u00fcr Liebhaber traditioneller Korrespondenz enth\u00e4lt das Set einen Stempel mit den Emblemen der vier H\u00e4user von Hogwarts. Eine Kerze und einen speziellen L\u00f6ffel zum Schmelzen des Wachses. Sowie eine Flasche Wachs, um Ihre Briefe elegant zu versiegeln. Der mitgelieferte Brief\u00f6ffner rundet Ihr Harry-Potter-Kalligraphie-Set perfekt ab.<\/p>\n<p>Es muss betont werden, dass dieses Set mehr als nur ein Schreibset ist. Es ist eine Einladung, Ihre Kreativit\u00e4t zu entdecken und gleichzeitig die Welt von Harry Potter zu feiern. Ob als Geschenk oder als einzigartiges St\u00fcck f\u00fcr Ihre Sammlung, dieses Kalligraphie-Set wird Sie begeistern und inspirieren.<\/p>\n<h2>Erkunden Sie Unser Harry Potter-Universum: Sch\u00e4tze f\u00fcr Sammler und Fans<\/h2>\n<p>Jenseits unserer wunderbaren <strong>Kalligraphie-Set<\/strong> Harry Potter, unsere Website steckt voller weiterer Wunder aus dem Harry-Potter-Universum, die speziell daf\u00fcr geschaffen wurden, die Herzen von Zauberern und Hexen zu verzaubern. Entdecken Sie in unserer Auswahl Tassen, die von den H\u00e4usern von Hogwarts inspiriert sind und sich perfekt f\u00fcr Ihre magischen Morgenstunden oder zauberhaften Teepausen eignen.<\/p>\n<p>Lassen Sie sich auch von unseren <a href=\"https:\/\/repliquemangacine.fr\/de\/essstabchen-figuren-harry-potter\/\">Charakterst\u00e4be<\/a>, originalgetreue Nachbildungen, mit denen Sie die Macht der gr\u00f6\u00dften Zauberer und Hexen zum Greifen nah sp\u00fcren k\u00f6nnen. Jeder Zauberstab ist ein Kunstwerk, das die Pers\u00f6nlichkeit und die Heldentaten seiner legend\u00e4ren Besitzer widerspiegelt.<\/p>\n<p>F\u00fcr Fans: unsere offiziellen Figuren, vertrieben von <a href=\"https:\/\/noblecollection.fr\/produits-issus-univers-harry-potter-c-163_10.html\" target=\"_blank\" rel=\"noopener noreferrer\">Noble Collection<\/a> bieten ein beispielloses Eintauchen in die Welt von Harry Potter.<\/p>\n<p>L'<a href=\"https:\/\/repliquemangacine.fr\/de\/sammlerstucke-und-goodies-harry-potter\/godric-gryffindor-harry-potter-schwert\/\">Godric Gryffindor Schwert<\/a>, Eine majest\u00e4tische Nachbildung ist ebenfalls erh\u00e4ltlich f\u00fcr alle, die ein St\u00fcck Hogwarts-Geschichte besitzen m\u00f6chten.<\/p>\n<p>RMC ist Ihre erste Anlaufstelle, um diese Sammlerst\u00fccke und vieles mehr zu finden, von denen jedes seine eigene magische Geschichte erz\u00e4hlt. Ganz gleich, ob Sie Ihre Sammlung vervollst\u00e4ndigen oder einem Harry-Potter-Fan das perfekte Geschenk machen m\u00f6chten. Hier finden Sie Sch\u00e4tze, die die Fantasie anregen und Ihrem Alltag einen Hauch von Magie verleihen.<\/p>","protected":false},"excerpt":{"rendered":"<p>Ganz exklusiv f\u00fcr Sie! Wundersch\u00f6nes Harry Potter Kalligraphie- und Wachsset bestehend aus :<\/p>\n<ul>\n<li>Ein Notizbuch in HP-Farben<\/li>\n<li>Ein Lesezeichen aus Federn<\/li>\n<li>Ein roter F\u00fcllfederhalter mit dem Namen Harry Potter in Gold<\/li>\n<li>5 Ersatzfedern<\/li>\n<li>Ein Federhalter mit Fl\u00e4schchen (leer ohne Tinte) mit Harrys Namen<\/li>\n<li>Ein Stempelkissen der vier HP-H\u00e4user<\/li>\n<li>Eine Kerze<\/li>\n<li>Ein L\u00f6ffel, um die Kerze zu schmelzen<\/li>\n<li>Eine Flasche Wachs<\/li>\n<li>Ein Brief\u00f6ffner<\/li>\n<\/ul>","protected":false},"featured_media":68781,"template":"","meta":[],"product_brand":[896],"product_cat":[87,41],"product_tag":[],"class_list":{"0":"post-68780","1":"product","2":"type-product","3":"status-publish","4":"has-post-thumbnail","6":"product_brand-replique-manga-cine","7":"product_cat-collectors-et-goodies-harry-potter","8":"product_cat-baguettes-et-goodies-harry-potter","10":"first","11":"outofstock","12":"taxable","13":"shipping-taxable","14":"purchasable","15":"product-type-simple"},"yoast_head":"<!-- This site is optimized with the Yoast SEO plugin v27.5 - https:\/\/yoast.com\/product\/yoast-seo-wordpress\/ -->\n<title>Coffret de Calligraphie Harry Potter | R\u00e9plique Manga Cin\u00e9<\/title>\n<meta name=\"description\" content=\"En exclusivit\u00e9 ! Magnifique Coffret de Calligraphie Harry Potter \u00e0 prix bas. Vous trouverez 14 pi\u00e8ces aux couleurs de la saga. Stylo et Plumes, tampon, cire\" \/>\n<meta name=\"robots\" content=\"index, follow, max-snippet:-1, max-image-preview:large, max-video-preview:-1\" \/>\n<link rel=\"canonical\" href=\"https:\/\/repliquemangacine.fr\/de\/sammlerstucke-und-goodies-harry-potter\/kalligraphie-set-harry-potter-2\/\" \/>\n<meta property=\"og:locale\" content=\"de_DE\" \/>\n<meta property=\"og:type\" content=\"article\" \/>\n<meta property=\"og:title\" content=\"Coffret de Calligraphie Harry Potter | R\u00e9plique Manga Cin\u00e9\" \/>\n<meta property=\"og:description\" content=\"En exclusivit\u00e9 ! Magnifique Coffret de Calligraphie Harry Potter \u00e0 prix bas. Vous trouverez 14 pi\u00e8ces aux couleurs de la saga. Stylo et Plumes, tampon, cire\" \/>\n<meta property=\"og:url\" content=\"https:\/\/repliquemangacine.fr\/de\/sammlerstucke-und-goodies-harry-potter\/kalligraphie-set-harry-potter-2\/\" \/>\n<meta property=\"og:site_name\" content=\"R\u00e9plique Manga Cin\u00e9\" \/>\n<meta property=\"article:publisher\" content=\"https:\/\/www.facebook.com\/RepliqueMangaCine\" \/>\n<meta property=\"article:modified_time\" content=\"2025-11-18T13:51:14+00:00\" \/>\n<meta property=\"og:image\" content=\"https:\/\/repliquemangacine.fr\/wp-content\/uploads\/2024\/02\/coffret-ecriture-Harry-Potter.jpg\" \/>\n\t<meta property=\"og:image:width\" content=\"500\" \/>\n\t<meta property=\"og:image:height\" content=\"500\" \/>\n\t<meta property=\"og:image:type\" content=\"image\/jpeg\" \/>\n<meta name=\"twitter:card\" content=\"summary_large_image\" \/>\n<meta name=\"twitter:label1\" content=\"Gesch\u00e4tzte Lesezeit\" \/>\n\t<meta name=\"twitter:data1\" content=\"3\u00a0Minuten\" \/>\n<script type=\"application\/ld+json\" class=\"yoast-schema-graph\">{\"@context\":\"https:\\\/\\\/schema.org\",\"@graph\":[{\"@type\":\"WebPage\",\"@id\":\"https:\\\/\\\/repliquemangacine.fr\\\/collectors-et-goodies-harry-potter\\\/coffret-de-calligraphie-harry-potter\\\/\",\"url\":\"https:\\\/\\\/repliquemangacine.fr\\\/collectors-et-goodies-harry-potter\\\/coffret-de-calligraphie-harry-potter\\\/\",\"name\":\"Coffret de Calligraphie Harry Potter | R\u00e9plique Manga Cin\u00e9\",\"isPartOf\":{\"@id\":\"https:\\\/\\\/repliquemangacine.fr\\\/#website\"},\"primaryImageOfPage\":{\"@id\":\"https:\\\/\\\/repliquemangacine.fr\\\/collectors-et-goodies-harry-potter\\\/coffret-de-calligraphie-harry-potter\\\/#primaryimage\"},\"image\":{\"@id\":\"https:\\\/\\\/repliquemangacine.fr\\\/collectors-et-goodies-harry-potter\\\/coffret-de-calligraphie-harry-potter\\\/#primaryimage\"},\"thumbnailUrl\":\"https:\\\/\\\/repliquemangacine.fr\\\/wp-content\\\/uploads\\\/2024\\\/02\\\/coffret-ecriture-Harry-Potter.jpg\",\"datePublished\":\"2024-02-01T11:12:00+00:00\",\"dateModified\":\"2025-11-18T13:51:14+00:00\",\"description\":\"En exclusivit\u00e9 ! Magnifique Coffret de Calligraphie Harry Potter \u00e0 prix bas. Vous trouverez 14 pi\u00e8ces aux couleurs de la saga. Stylo et Plumes, tampon, cire\",\"breadcrumb\":{\"@id\":\"https:\\\/\\\/repliquemangacine.fr\\\/collectors-et-goodies-harry-potter\\\/coffret-de-calligraphie-harry-potter\\\/#breadcrumb\"},\"inLanguage\":\"de\",\"potentialAction\":[{\"@type\":\"ReadAction\",\"target\":[\"https:\\\/\\\/repliquemangacine.fr\\\/collectors-et-goodies-harry-potter\\\/coffret-de-calligraphie-harry-potter\\\/\"]}]},{\"@type\":\"ImageObject\",\"inLanguage\":\"de\",\"@id\":\"https:\\\/\\\/repliquemangacine.fr\\\/collectors-et-goodies-harry-potter\\\/coffret-de-calligraphie-harry-potter\\\/#primaryimage\",\"url\":\"https:\\\/\\\/repliquemangacine.fr\\\/wp-content\\\/uploads\\\/2024\\\/02\\\/coffret-ecriture-Harry-Potter.jpg\",\"contentUrl\":\"https:\\\/\\\/repliquemangacine.fr\\\/wp-content\\\/uploads\\\/2024\\\/02\\\/coffret-ecriture-Harry-Potter.jpg\",\"width\":500,\"height\":500,\"caption\":\"Coffret Calligraphie Harry Potter\"},{\"@type\":\"BreadcrumbList\",\"@id\":\"https:\\\/\\\/repliquemangacine.fr\\\/collectors-et-goodies-harry-potter\\\/coffret-de-calligraphie-harry-potter\\\/#breadcrumb\",\"itemListElement\":[{\"@type\":\"ListItem\",\"position\":1,\"name\":\"Accueil\",\"item\":\"https:\\\/\\\/repliquemangacine.fr\\\/\"},{\"@type\":\"ListItem\",\"position\":2,\"name\":\"Produits\",\"item\":\"https:\\\/\\\/repliquemangacine.fr\\\/boutique\\\/\"},{\"@type\":\"ListItem\",\"position\":3,\"name\":\"Coffret de Calligraphie Harry Potter\"}]},{\"@type\":\"WebSite\",\"@id\":\"https:\\\/\\\/repliquemangacine.fr\\\/#website\",\"url\":\"https:\\\/\\\/repliquemangacine.fr\\\/\",\"name\":\"R\u00e9plique Manga Cin\u00e9\",\"description\":\"\",\"publisher\":{\"@id\":\"https:\\\/\\\/repliquemangacine.fr\\\/#organization\"},\"potentialAction\":[{\"@type\":\"SearchAction\",\"target\":{\"@type\":\"EntryPoint\",\"urlTemplate\":\"https:\\\/\\\/repliquemangacine.fr\\\/?s={search_term_string}\"},\"query-input\":{\"@type\":\"PropertyValueSpecification\",\"valueRequired\":true,\"valueName\":\"search_term_string\"}}],\"inLanguage\":\"de\"},{\"@type\":\"Organization\",\"@id\":\"https:\\\/\\\/repliquemangacine.fr\\\/#organization\",\"name\":\"R\u00e9plique Manga Cin\u00e9\",\"url\":\"https:\\\/\\\/repliquemangacine.fr\\\/\",\"logo\":{\"@type\":\"ImageObject\",\"inLanguage\":\"de\",\"@id\":\"https:\\\/\\\/repliquemangacine.fr\\\/#\\\/schema\\\/logo\\\/image\\\/\",\"url\":\"https:\\\/\\\/repliquemangacine.fr\\\/wp-content\\\/uploads\\\/2023\\\/10\\\/RMC-500250.png\",\"contentUrl\":\"https:\\\/\\\/repliquemangacine.fr\\\/wp-content\\\/uploads\\\/2023\\\/10\\\/RMC-500250.png\",\"width\":500,\"height\":250,\"caption\":\"R\u00e9plique Manga Cin\u00e9\"},\"image\":{\"@id\":\"https:\\\/\\\/repliquemangacine.fr\\\/#\\\/schema\\\/logo\\\/image\\\/\"},\"sameAs\":[\"https:\\\/\\\/www.facebook.com\\\/RepliqueMangaCine\",\"https:\\\/\\\/www.instagram.com\\\/repliquemangacine.fr\\\/\"]}]}<\/script>\n<!-- \/ Yoast SEO plugin. -->","yoast_head_json":{"title":"Harry Potter Kalligraphie-Set | R\u00e9plique Manga Cin\u00e9","description":"Nur bei uns erh\u00e4ltlich! Wundersch\u00f6nes Harry-Potter-Kalligraphie-Set zu einem niedrigen Preis. Sie finden 14 Teile in den Farben der Saga. Kugelschreiber und Federn, Stempel, Wachs","robots":{"index":"index","follow":"follow","max-snippet":"max-snippet:-1","max-image-preview":"max-image-preview:large","max-video-preview":"max-video-preview:-1"},"canonical":"https:\/\/repliquemangacine.fr\/de\/sammlerstucke-und-goodies-harry-potter\/kalligraphie-set-harry-potter-2\/","og_locale":"de_DE","og_type":"article","og_title":"Coffret de Calligraphie Harry Potter | R\u00e9plique Manga Cin\u00e9","og_description":"En exclusivit\u00e9 ! Magnifique Coffret de Calligraphie Harry Potter \u00e0 prix bas. Vous trouverez 14 pi\u00e8ces aux couleurs de la saga. Stylo et Plumes, tampon, cire","og_url":"https:\/\/repliquemangacine.fr\/de\/sammlerstucke-und-goodies-harry-potter\/kalligraphie-set-harry-potter-2\/","og_site_name":"R\u00e9plique Manga Cin\u00e9","article_publisher":"https:\/\/www.facebook.com\/RepliqueMangaCine","article_modified_time":"2025-11-18T13:51:14+00:00","og_image":[{"width":500,"height":500,"url":"https:\/\/repliquemangacine.fr\/wp-content\/uploads\/2024\/02\/coffret-ecriture-Harry-Potter.jpg","type":"image\/jpeg"}],"twitter_card":"summary_large_image","twitter_misc":{"Gesch\u00e4tzte Lesezeit":"3\u00a0Minuten"},"schema":{"@context":"https:\/\/schema.org","@graph":[{"@type":"WebPage","@id":"https:\/\/repliquemangacine.fr\/collectors-et-goodies-harry-potter\/coffret-de-calligraphie-harry-potter\/","url":"https:\/\/repliquemangacine.fr\/collectors-et-goodies-harry-potter\/coffret-de-calligraphie-harry-potter\/","name":"Harry Potter Kalligraphie-Set | R\u00e9plique Manga Cin\u00e9","isPartOf":{"@id":"https:\/\/repliquemangacine.fr\/#website"},"primaryImageOfPage":{"@id":"https:\/\/repliquemangacine.fr\/collectors-et-goodies-harry-potter\/coffret-de-calligraphie-harry-potter\/#primaryimage"},"image":{"@id":"https:\/\/repliquemangacine.fr\/collectors-et-goodies-harry-potter\/coffret-de-calligraphie-harry-potter\/#primaryimage"},"thumbnailUrl":"https:\/\/repliquemangacine.fr\/wp-content\/uploads\/2024\/02\/coffret-ecriture-Harry-Potter.jpg","datePublished":"2024-02-01T11:12:00+00:00","dateModified":"2025-11-18T13:51:14+00:00","description":"Nur bei uns erh\u00e4ltlich! Wundersch\u00f6nes Harry-Potter-Kalligraphie-Set zu einem niedrigen Preis. Sie finden 14 Teile in den Farben der Saga. Kugelschreiber und Federn, Stempel, Wachs","breadcrumb":{"@id":"https:\/\/repliquemangacine.fr\/collectors-et-goodies-harry-potter\/coffret-de-calligraphie-harry-potter\/#breadcrumb"},"inLanguage":"de","potentialAction":[{"@type":"ReadAction","target":["https:\/\/repliquemangacine.fr\/collectors-et-goodies-harry-potter\/coffret-de-calligraphie-harry-potter\/"]}]},{"@type":"ImageObject","inLanguage":"de","@id":"https:\/\/repliquemangacine.fr\/collectors-et-goodies-harry-potter\/coffret-de-calligraphie-harry-potter\/#primaryimage","url":"https:\/\/repliquemangacine.fr\/wp-content\/uploads\/2024\/02\/coffret-ecriture-Harry-Potter.jpg","contentUrl":"https:\/\/repliquemangacine.fr\/wp-content\/uploads\/2024\/02\/coffret-ecriture-Harry-Potter.jpg","width":500,"height":500,"caption":"Coffret Calligraphie Harry Potter"},{"@type":"BreadcrumbList","@id":"https:\/\/repliquemangacine.fr\/collectors-et-goodies-harry-potter\/coffret-de-calligraphie-harry-potter\/#breadcrumb","itemListElement":[{"@type":"ListItem","position":1,"name":"Accueil","item":"https:\/\/repliquemangacine.fr\/"},{"@type":"ListItem","position":2,"name":"Produits","item":"https:\/\/repliquemangacine.fr\/boutique\/"},{"@type":"ListItem","position":3,"name":"Coffret de Calligraphie Harry Potter"}]},{"@type":"WebSite","@id":"https:\/\/repliquemangacine.fr\/#website","url":"https:\/\/repliquemangacine.fr\/","name":"R\u00e9plique Manga Cin\u00e9","description":"","publisher":{"@id":"https:\/\/repliquemangacine.fr\/#organization"},"potentialAction":[{"@type":"SearchAction","target":{"@type":"EntryPoint","urlTemplate":"https:\/\/repliquemangacine.fr\/?s={search_term_string}"},"query-input":{"@type":"PropertyValueSpecification","valueRequired":true,"valueName":"search_term_string"}}],"inLanguage":"de"},{"@type":"Organization","@id":"https:\/\/repliquemangacine.fr\/#organization","name":"R\u00e9plique Manga Cin\u00e9","url":"https:\/\/repliquemangacine.fr\/","logo":{"@type":"ImageObject","inLanguage":"de","@id":"https:\/\/repliquemangacine.fr\/#\/schema\/logo\/image\/","url":"https:\/\/repliquemangacine.fr\/wp-content\/uploads\/2023\/10\/RMC-500250.png","contentUrl":"https:\/\/repliquemangacine.fr\/wp-content\/uploads\/2023\/10\/RMC-500250.png","width":500,"height":250,"caption":"R\u00e9plique Manga Cin\u00e9"},"image":{"@id":"https:\/\/repliquemangacine.fr\/#\/schema\/logo\/image\/"},"sameAs":["https:\/\/www.facebook.com\/RepliqueMangaCine","https:\/\/www.instagram.com\/repliquemangacine.fr\/"]}]}},"_links":{"self":[{"href":"https:\/\/repliquemangacine.fr\/de\/wp-json\/wp\/v2\/product\/68780","targetHints":{"allow":["GET"]}}],"collection":[{"href":"https:\/\/repliquemangacine.fr\/de\/wp-json\/wp\/v2\/product"}],"about":[{"href":"https:\/\/repliquemangacine.fr\/de\/wp-json\/wp\/v2\/types\/product"}],"wp:featuredmedia":[{"embeddable":true,"href":"https:\/\/repliquemangacine.fr\/de\/wp-json\/wp\/v2\/media\/68781"}],"wp:attachment":[{"href":"https:\/\/repliquemangacine.fr\/de\/wp-json\/wp\/v2\/media?parent=68780"}],"wp:term":[{"taxonomy":"product_brand","embeddable":true,"href":"https:\/\/repliquemangacine.fr\/de\/wp-json\/wp\/v2\/product_brand?post=68780"},{"taxonomy":"product_cat","embeddable":true,"href":"https:\/\/repliquemangacine.fr\/de\/wp-json\/wp\/v2\/product_cat?post=68780"},{"taxonomy":"product_tag","embeddable":true,"href":"https:\/\/repliquemangacine.fr\/de\/wp-json\/wp\/v2\/product_tag?post=68780"}],"curies":[{"name":"wp","href":"https:\/\/api.w.org\/{rel}","templated":true}]}}