





{"id":68768,"date":"2024-01-31T17:19:00","date_gmt":"2024-01-31T16:19:00","guid":{"rendered":"https:\/\/repliquemangacine.fr\/?post_type=product&#038;p=68768"},"modified":"2026-01-13T10:41:04","modified_gmt":"2026-01-13T09:41:04","slug":"hogwarts-becher-500-ml","status":"publish","type":"product","link":"https:\/\/repliquemangacine.fr\/de\/collectors-et-goodies-harry-potter\/mug-poudlard-500-ml\/","title":{"rendered":"Hogwarts-Becher 500 ml"},"content":{"rendered":"<h2>Hogwarts-Tasse: Ein Symbol aus dem magischen Universum<\/h2>\n<p>In erster Linie ist das \"<strong>Hogwarts-Tasse<\/strong>\u201df\u00e4ngt die Essenz der ber\u00fchmten Zauberschule aus Harry Potter ein. Dieser Becher mit einem Fassungsverm\u00f6gen von 500 ml ist aus hochwertigem Harz gefertigt und handbemalt. Dies garantiert ein unvergleichliches Ma\u00df an Detailtreue und Verarbeitung. Auf einer Seite des Bechers vereint das Wappen von Hogwarts die Embleme der vier H\u00e4user. Es symbolisiert die Einheit und Vielfalt der Schule. Auf der anderen Seite befindet sich eine 3D-Darstellung des Schlosses Hogwarts. Sie bietet einen spektakul\u00e4ren und detaillierten Blick auf das ikonische Geb\u00e4ude und erinnert an die Magie und die Geheimnisse, die sich hinter seinen Mauern verbergen.<\/p>\n<p>Der sorgf\u00e4ltig verzierte Henkel des Bechers sorgt f\u00fcr einen Hauch von Eleganz und liegt angenehm in der Hand. Das Aluminium-Innenleben des Bechers sorgt nicht nur f\u00fcr Robustheit, sondern auch f\u00fcr eine hervorragende Temperaturerhaltung der Getr\u00e4nke, egal ob hei\u00df oder kalt. Also dieser \u201c<strong>Hogwarts-Tasse<\/strong>\" ist mehr als nur ein Beh\u00e4lter. Es ist ein einzigartiges Sammlerst\u00fcck f\u00fcr Fans und eine t\u00e4gliche M\u00f6glichkeit, den Geist von Hogwarts zu feiern.<\/p>\n<h2>Harry Potter Derivate: Ein magisches Universum zum Entdecken<\/h2>\n<p>Tauchen Sie mit unserer gro\u00dfen Auswahl an Merchandising-Artikeln, die sorgf\u00e4ltig ausgew\u00e4hlt wurden, um die W\u00fcnsche der leidenschaftlichsten Fans zu erf\u00fcllen, in die zauberhafte Welt von Harry Potter ein. Unter unseren Sch\u00e4tzen finden Sie die Repliken der <a href=\"https:\/\/repliquemangacine.fr\/de\/essstabchen-figuren-harry-potter\/\">St\u00e4be aller Charaktere<\/a> symboltr\u00e4chtigen Figuren der Saga, von Harry selbst \u00fcber Hermine und Ron bis hin zu Dumbledore. Jeder Zauberstab ist eine originalgetreue Nachbildung der in den Filmen verwendeten Modelle und bietet ein authentisches und magisches Erlebnis.<\/p>\n<p>Entdecken Sie auch das <a href=\"https:\/\/repliquemangacine.fr\/de\/sammlerstucke-und-goodies-harry-potter\/hermiones-tasche\/\">Hermiones Tasche<\/a>Die Tasche ist ein unverzichtbares Accessoire f\u00fcr alle, die Wert auf Stil und Funktionalit\u00e4t legen. Die <a href=\"https:\/\/repliquemangacine.fr\/de\/sammlerstucke-und-goodies-harry-potter\/karte-des-plunderers\/\">Karte des Marodeurs<\/a>Die Geschichte des Lebens in der Welt ist ein Abenteuer f\u00fcr alle, die Geheimnisse und Abenteuer lieben, und enth\u00fcllt die Geheimnisse von <a href=\"https:\/\/harrypotter.fandom.com\/fr\/wiki\/Coll%C3%A8ge_Poudlard,_%C3%A9cole_de_sorcellerie\">Hogwarts<\/a>. L'<a href=\"https:\/\/repliquemangacine.fr\/de\/sammlerstucke-und-goodies-harry-potter\/godric-gryffindor-harry-potter-schwert\/\">Gryffindor-Schwert<\/a>Dieses epische Sammlerst\u00fcck ist eine Hommage an die Tapferkeit und den Mut des ber\u00fchmten Hauses. F\u00fcr einen Hauch von Alltagsmagie sorgt die Halskette der <a href=\"https:\/\/repliquemangacine.fr\/de\/sammlerstucke-und-goodies-harry-potter\/philosophenstein-harry-potter\/\">Philosophischer Stein<\/a> ist eine elegante und sinnvolle Wahl.<\/p>\n<p>Unser Sortiment umfasst noch viel mehr: Entdecken Sie unsere Kollektion und finden Sie zahlreiche weitere Artikel, von Kleidung bis hin zu Accessoires, die alle von der Welt von Harry Potter inspiriert sind. Jedes Produkt wird aufgrund seiner Qualit\u00e4t und Authentizit\u00e4t ausgew\u00e4hlt, damit Fans vollst\u00e4ndig in die magische Welt von J.K. Rowling eintauchen k\u00f6nnen.<\/p>\n<p>Zusammenfassend l\u00e4sst sich sagen: Mit \u201cHarry Potter Merchandise\u201d betreten Sie eine Welt, in der Magie auf Realit\u00e4t trifft.<\/p>\n<p>&nbsp;<\/p>","protected":false},"excerpt":{"rendered":"<p>Wundersch\u00f6ne Tasse inspiriert von Hogwarts in Harry Potter<\/p>\n<ul>\n<li>Innenausstattung aus Aluminium<\/li>\n<li>Griff aus verziertem Harz<\/li>\n<li>3D-Harzbecher aus dem Schloss Hogwarts<\/li>\n<li>Auf der anderen Seite befindet sich das Wappen der vier H\u00e4user<\/li>\n<li>Inhalt: 500 ml<\/li>\n<li>H\u00f6he: 11 cm - Durchmesser: 8 cm<\/li>\n<\/ul>","protected":false},"featured_media":68769,"template":"","meta":[],"product_brand":[896],"product_cat":[87,41],"product_tag":[],"class_list":{"0":"post-68768","1":"product","2":"type-product","3":"status-publish","4":"has-post-thumbnail","6":"product_brand-replique-manga-cine","7":"product_cat-collectors-et-goodies-harry-potter","8":"product_cat-baguettes-et-goodies-harry-potter","10":"first","11":"instock","12":"taxable","13":"shipping-taxable","14":"purchasable","15":"product-type-simple"},"yoast_head":"<!-- This site is optimized with the Yoast SEO plugin v27.5 - https:\/\/yoast.com\/product\/yoast-seo-wordpress\/ -->\n<title>Mug Poudlard 500 ml - Harry Potter | R\u00e9plique Manga Cin\u00e9<\/title>\n<meta name=\"description\" content=\"Venez d\u00e9couvrir ce superbe Mug Poudlard 500 ml dans Harry Potter au meilleur prix. Int\u00e9rieur en aluminium. Poign\u00e9e en r\u00e9sine. Ch\u00e2teau en 3D en r\u00e9sine.\" \/>\n<meta name=\"robots\" content=\"index, follow, max-snippet:-1, max-image-preview:large, max-video-preview:-1\" \/>\n<link rel=\"canonical\" href=\"https:\/\/repliquemangacine.fr\/de\/sammlerstucke-und-goodies-harry-potter\/hogwarts-becher-500-ml\/\" \/>\n<meta property=\"og:locale\" content=\"de_DE\" \/>\n<meta property=\"og:type\" content=\"article\" \/>\n<meta property=\"og:title\" content=\"Mug Poudlard 500 ml - Harry Potter | R\u00e9plique Manga Cin\u00e9\" \/>\n<meta property=\"og:description\" content=\"Venez d\u00e9couvrir ce superbe Mug Poudlard 500 ml dans Harry Potter au meilleur prix. Int\u00e9rieur en aluminium. Poign\u00e9e en r\u00e9sine. Ch\u00e2teau en 3D en r\u00e9sine.\" \/>\n<meta property=\"og:url\" content=\"https:\/\/repliquemangacine.fr\/de\/sammlerstucke-und-goodies-harry-potter\/hogwarts-becher-500-ml\/\" \/>\n<meta property=\"og:site_name\" content=\"R\u00e9plique Manga Cin\u00e9\" \/>\n<meta property=\"article:publisher\" content=\"https:\/\/www.facebook.com\/RepliqueMangaCine\" \/>\n<meta property=\"article:modified_time\" content=\"2026-01-13T09:41:04+00:00\" \/>\n<meta property=\"og:image\" content=\"https:\/\/repliquemangacine.fr\/wp-content\/uploads\/2024\/01\/Mug-Poudlard.jpg\" \/>\n\t<meta property=\"og:image:width\" content=\"500\" \/>\n\t<meta property=\"og:image:height\" content=\"500\" \/>\n\t<meta property=\"og:image:type\" content=\"image\/jpeg\" \/>\n<meta name=\"twitter:card\" content=\"summary_large_image\" \/>\n<meta name=\"twitter:label1\" content=\"Gesch\u00e4tzte Lesezeit\" \/>\n\t<meta name=\"twitter:data1\" content=\"3\u00a0Minuten\" \/>\n<script type=\"application\/ld+json\" class=\"yoast-schema-graph\">{\"@context\":\"https:\\\/\\\/schema.org\",\"@graph\":[{\"@type\":\"WebPage\",\"@id\":\"https:\\\/\\\/repliquemangacine.fr\\\/collectors-et-goodies-harry-potter\\\/mug-poudlard-500-ml\\\/\",\"url\":\"https:\\\/\\\/repliquemangacine.fr\\\/collectors-et-goodies-harry-potter\\\/mug-poudlard-500-ml\\\/\",\"name\":\"Mug Poudlard 500 ml - Harry Potter | R\u00e9plique Manga Cin\u00e9\",\"isPartOf\":{\"@id\":\"https:\\\/\\\/repliquemangacine.fr\\\/#website\"},\"primaryImageOfPage\":{\"@id\":\"https:\\\/\\\/repliquemangacine.fr\\\/collectors-et-goodies-harry-potter\\\/mug-poudlard-500-ml\\\/#primaryimage\"},\"image\":{\"@id\":\"https:\\\/\\\/repliquemangacine.fr\\\/collectors-et-goodies-harry-potter\\\/mug-poudlard-500-ml\\\/#primaryimage\"},\"thumbnailUrl\":\"https:\\\/\\\/repliquemangacine.fr\\\/wp-content\\\/uploads\\\/2024\\\/01\\\/Mug-Poudlard.jpg\",\"datePublished\":\"2024-01-31T16:19:00+00:00\",\"dateModified\":\"2026-01-13T09:41:04+00:00\",\"description\":\"Venez d\u00e9couvrir ce superbe Mug Poudlard 500 ml dans Harry Potter au meilleur prix. Int\u00e9rieur en aluminium. Poign\u00e9e en r\u00e9sine. Ch\u00e2teau en 3D en r\u00e9sine.\",\"breadcrumb\":{\"@id\":\"https:\\\/\\\/repliquemangacine.fr\\\/collectors-et-goodies-harry-potter\\\/mug-poudlard-500-ml\\\/#breadcrumb\"},\"inLanguage\":\"de\",\"potentialAction\":[{\"@type\":\"ReadAction\",\"target\":[\"https:\\\/\\\/repliquemangacine.fr\\\/collectors-et-goodies-harry-potter\\\/mug-poudlard-500-ml\\\/\"]}]},{\"@type\":\"ImageObject\",\"inLanguage\":\"de\",\"@id\":\"https:\\\/\\\/repliquemangacine.fr\\\/collectors-et-goodies-harry-potter\\\/mug-poudlard-500-ml\\\/#primaryimage\",\"url\":\"https:\\\/\\\/repliquemangacine.fr\\\/wp-content\\\/uploads\\\/2024\\\/01\\\/Mug-Poudlard.jpg\",\"contentUrl\":\"https:\\\/\\\/repliquemangacine.fr\\\/wp-content\\\/uploads\\\/2024\\\/01\\\/Mug-Poudlard.jpg\",\"width\":500,\"height\":500,\"caption\":\"Mug Poudlard Harry Potter\"},{\"@type\":\"BreadcrumbList\",\"@id\":\"https:\\\/\\\/repliquemangacine.fr\\\/collectors-et-goodies-harry-potter\\\/mug-poudlard-500-ml\\\/#breadcrumb\",\"itemListElement\":[{\"@type\":\"ListItem\",\"position\":1,\"name\":\"Accueil\",\"item\":\"https:\\\/\\\/repliquemangacine.fr\\\/\"},{\"@type\":\"ListItem\",\"position\":2,\"name\":\"Produits\",\"item\":\"https:\\\/\\\/repliquemangacine.fr\\\/boutique\\\/\"},{\"@type\":\"ListItem\",\"position\":3,\"name\":\"Mug Poudlard 500 ml\"}]},{\"@type\":\"WebSite\",\"@id\":\"https:\\\/\\\/repliquemangacine.fr\\\/#website\",\"url\":\"https:\\\/\\\/repliquemangacine.fr\\\/\",\"name\":\"R\u00e9plique Manga Cin\u00e9\",\"description\":\"\",\"publisher\":{\"@id\":\"https:\\\/\\\/repliquemangacine.fr\\\/#organization\"},\"potentialAction\":[{\"@type\":\"SearchAction\",\"target\":{\"@type\":\"EntryPoint\",\"urlTemplate\":\"https:\\\/\\\/repliquemangacine.fr\\\/?s={search_term_string}\"},\"query-input\":{\"@type\":\"PropertyValueSpecification\",\"valueRequired\":true,\"valueName\":\"search_term_string\"}}],\"inLanguage\":\"de\"},{\"@type\":\"Organization\",\"@id\":\"https:\\\/\\\/repliquemangacine.fr\\\/#organization\",\"name\":\"R\u00e9plique Manga Cin\u00e9\",\"url\":\"https:\\\/\\\/repliquemangacine.fr\\\/\",\"logo\":{\"@type\":\"ImageObject\",\"inLanguage\":\"de\",\"@id\":\"https:\\\/\\\/repliquemangacine.fr\\\/#\\\/schema\\\/logo\\\/image\\\/\",\"url\":\"https:\\\/\\\/repliquemangacine.fr\\\/wp-content\\\/uploads\\\/2023\\\/10\\\/RMC-500250.png\",\"contentUrl\":\"https:\\\/\\\/repliquemangacine.fr\\\/wp-content\\\/uploads\\\/2023\\\/10\\\/RMC-500250.png\",\"width\":500,\"height\":250,\"caption\":\"R\u00e9plique Manga Cin\u00e9\"},\"image\":{\"@id\":\"https:\\\/\\\/repliquemangacine.fr\\\/#\\\/schema\\\/logo\\\/image\\\/\"},\"sameAs\":[\"https:\\\/\\\/www.facebook.com\\\/RepliqueMangaCine\",\"https:\\\/\\\/www.instagram.com\\\/repliquemangacine.fr\\\/\"]}]}<\/script>\n<!-- \/ Yoast SEO plugin. -->","yoast_head_json":{"title":"Hogwarts-Becher 500 ml - Harry Potter | R\u00e9plique Manga Cin\u00e9","description":"Entdecken Sie diesen tollen Hogwarts-Becher 500 ml in Harry Potter zum besten Preis. Innenseite aus Aluminium. Griff aus Kunstharz. 3D-Schloss aus Kunstharz.","robots":{"index":"index","follow":"follow","max-snippet":"max-snippet:-1","max-image-preview":"max-image-preview:large","max-video-preview":"max-video-preview:-1"},"canonical":"https:\/\/repliquemangacine.fr\/de\/sammlerstucke-und-goodies-harry-potter\/hogwarts-becher-500-ml\/","og_locale":"de_DE","og_type":"article","og_title":"Mug Poudlard 500 ml - Harry Potter | R\u00e9plique Manga Cin\u00e9","og_description":"Venez d\u00e9couvrir ce superbe Mug Poudlard 500 ml dans Harry Potter au meilleur prix. Int\u00e9rieur en aluminium. Poign\u00e9e en r\u00e9sine. Ch\u00e2teau en 3D en r\u00e9sine.","og_url":"https:\/\/repliquemangacine.fr\/de\/sammlerstucke-und-goodies-harry-potter\/hogwarts-becher-500-ml\/","og_site_name":"R\u00e9plique Manga Cin\u00e9","article_publisher":"https:\/\/www.facebook.com\/RepliqueMangaCine","article_modified_time":"2026-01-13T09:41:04+00:00","og_image":[{"width":500,"height":500,"url":"https:\/\/repliquemangacine.fr\/wp-content\/uploads\/2024\/01\/Mug-Poudlard.jpg","type":"image\/jpeg"}],"twitter_card":"summary_large_image","twitter_misc":{"Gesch\u00e4tzte Lesezeit":"3\u00a0Minuten"},"schema":{"@context":"https:\/\/schema.org","@graph":[{"@type":"WebPage","@id":"https:\/\/repliquemangacine.fr\/collectors-et-goodies-harry-potter\/mug-poudlard-500-ml\/","url":"https:\/\/repliquemangacine.fr\/collectors-et-goodies-harry-potter\/mug-poudlard-500-ml\/","name":"Hogwarts-Becher 500 ml - Harry Potter | R\u00e9plique Manga Cin\u00e9","isPartOf":{"@id":"https:\/\/repliquemangacine.fr\/#website"},"primaryImageOfPage":{"@id":"https:\/\/repliquemangacine.fr\/collectors-et-goodies-harry-potter\/mug-poudlard-500-ml\/#primaryimage"},"image":{"@id":"https:\/\/repliquemangacine.fr\/collectors-et-goodies-harry-potter\/mug-poudlard-500-ml\/#primaryimage"},"thumbnailUrl":"https:\/\/repliquemangacine.fr\/wp-content\/uploads\/2024\/01\/Mug-Poudlard.jpg","datePublished":"2024-01-31T16:19:00+00:00","dateModified":"2026-01-13T09:41:04+00:00","description":"Entdecken Sie diesen tollen Hogwarts-Becher 500 ml in Harry Potter zum besten Preis. Innenseite aus Aluminium. Griff aus Kunstharz. 3D-Schloss aus Kunstharz.","breadcrumb":{"@id":"https:\/\/repliquemangacine.fr\/collectors-et-goodies-harry-potter\/mug-poudlard-500-ml\/#breadcrumb"},"inLanguage":"de","potentialAction":[{"@type":"ReadAction","target":["https:\/\/repliquemangacine.fr\/collectors-et-goodies-harry-potter\/mug-poudlard-500-ml\/"]}]},{"@type":"ImageObject","inLanguage":"de","@id":"https:\/\/repliquemangacine.fr\/collectors-et-goodies-harry-potter\/mug-poudlard-500-ml\/#primaryimage","url":"https:\/\/repliquemangacine.fr\/wp-content\/uploads\/2024\/01\/Mug-Poudlard.jpg","contentUrl":"https:\/\/repliquemangacine.fr\/wp-content\/uploads\/2024\/01\/Mug-Poudlard.jpg","width":500,"height":500,"caption":"Mug Poudlard Harry Potter"},{"@type":"BreadcrumbList","@id":"https:\/\/repliquemangacine.fr\/collectors-et-goodies-harry-potter\/mug-poudlard-500-ml\/#breadcrumb","itemListElement":[{"@type":"ListItem","position":1,"name":"Accueil","item":"https:\/\/repliquemangacine.fr\/"},{"@type":"ListItem","position":2,"name":"Produits","item":"https:\/\/repliquemangacine.fr\/boutique\/"},{"@type":"ListItem","position":3,"name":"Mug Poudlard 500 ml"}]},{"@type":"WebSite","@id":"https:\/\/repliquemangacine.fr\/#website","url":"https:\/\/repliquemangacine.fr\/","name":"R\u00e9plique Manga Cin\u00e9","description":"","publisher":{"@id":"https:\/\/repliquemangacine.fr\/#organization"},"potentialAction":[{"@type":"SearchAction","target":{"@type":"EntryPoint","urlTemplate":"https:\/\/repliquemangacine.fr\/?s={search_term_string}"},"query-input":{"@type":"PropertyValueSpecification","valueRequired":true,"valueName":"search_term_string"}}],"inLanguage":"de"},{"@type":"Organization","@id":"https:\/\/repliquemangacine.fr\/#organization","name":"R\u00e9plique Manga Cin\u00e9","url":"https:\/\/repliquemangacine.fr\/","logo":{"@type":"ImageObject","inLanguage":"de","@id":"https:\/\/repliquemangacine.fr\/#\/schema\/logo\/image\/","url":"https:\/\/repliquemangacine.fr\/wp-content\/uploads\/2023\/10\/RMC-500250.png","contentUrl":"https:\/\/repliquemangacine.fr\/wp-content\/uploads\/2023\/10\/RMC-500250.png","width":500,"height":250,"caption":"R\u00e9plique Manga Cin\u00e9"},"image":{"@id":"https:\/\/repliquemangacine.fr\/#\/schema\/logo\/image\/"},"sameAs":["https:\/\/www.facebook.com\/RepliqueMangaCine","https:\/\/www.instagram.com\/repliquemangacine.fr\/"]}]}},"_links":{"self":[{"href":"https:\/\/repliquemangacine.fr\/de\/wp-json\/wp\/v2\/product\/68768","targetHints":{"allow":["GET"]}}],"collection":[{"href":"https:\/\/repliquemangacine.fr\/de\/wp-json\/wp\/v2\/product"}],"about":[{"href":"https:\/\/repliquemangacine.fr\/de\/wp-json\/wp\/v2\/types\/product"}],"wp:featuredmedia":[{"embeddable":true,"href":"https:\/\/repliquemangacine.fr\/de\/wp-json\/wp\/v2\/media\/68769"}],"wp:attachment":[{"href":"https:\/\/repliquemangacine.fr\/de\/wp-json\/wp\/v2\/media?parent=68768"}],"wp:term":[{"taxonomy":"product_brand","embeddable":true,"href":"https:\/\/repliquemangacine.fr\/de\/wp-json\/wp\/v2\/product_brand?post=68768"},{"taxonomy":"product_cat","embeddable":true,"href":"https:\/\/repliquemangacine.fr\/de\/wp-json\/wp\/v2\/product_cat?post=68768"},{"taxonomy":"product_tag","embeddable":true,"href":"https:\/\/repliquemangacine.fr\/de\/wp-json\/wp\/v2\/product_tag?post=68768"}],"curies":[{"name":"wp","href":"https:\/\/api.w.org\/{rel}","templated":true}]}}