





{"id":68762,"date":"2024-01-31T15:47:56","date_gmt":"2024-01-31T14:47:56","guid":{"rendered":"https:\/\/repliquemangacine.fr\/?post_type=product&#038;p=68762"},"modified":"2025-11-18T14:52:55","modified_gmt":"2025-11-18T13:52:55","slug":"serdaigle-becher-600-ml","status":"publish","type":"product","link":"https:\/\/repliquemangacine.fr\/de\/collectors-et-goodies-harry-potter\/mug-serdaigle-600-ml\/","title":{"rendered":"Serdaigle-Becher 600 ml"},"content":{"rendered":"<h2>Serdaigle-Tasse: Eine Hommage an Intelligenz und Kreativit\u00e4t<\/h2>\n<p>In erster Linie ist das \"<strong>Serdaigle-Tasse<\/strong>\u201c, wundersch\u00f6n gestaltet, ist ein Muss f\u00fcr alle Fans des Hauses Ravenclaw in Hogwarts. Die Tasse hat ein Fassungsverm\u00f6gen von 600 ml, ist aus Harz gefertigt  und handbemalt, was die handwerkliche Kunstfertigkeit unterstreicht. Auf blauem Hintergrund, der symbolischen Farbe von Ravenclaw, ziert das Wappen des Hauses mit dem Adler den Becher. Der Adler ist ein Symbol f\u00fcr Weisheit und Intelligenz. Auf der anderen Seite des Bechers ist der Kopf des Adlers abgebildet. Er ist mit beeindruckender Pr\u00e4zision dargestellt und f\u00e4ngt den edlen und scharfsinnigen Geist von Ravenclaw ein.<\/p>\n<p>Der Griff in Form eines Adlers verleiht dem Becher eine elegante Note und sorgt f\u00fcr einen bequemen und sicheren Halt. Das Innere des Bechers aus Aluminium garantiert nicht nur eine lange Lebensdauer, sondern auch eine optimale Temperaturerhaltung Ihrer Getr\u00e4nke, egal ob hei\u00df oder kalt. Dieser Becher ist nicht nur ein praktischer Gegenstand f\u00fcr Ihren Alltag, sondern auch ein Sammlerst\u00fcck. Er ist die perfekte Wahl f\u00fcr Fans, die ein Produkt suchen, das sowohl \u00e4sthetisch als auch hochwertig ist und den Zauber der Welt von Harry Potter verspr\u00fcht.<\/p>\n<h2>Serdaigle-Becher und Diversifizierte Sammlung: Qualit\u00e4t und erschwingliche Preise<\/h2>\n<p>Das \"<strong>Serdaigle-Tasse<\/strong>\u201d ist nur der Anfang unserer Harry Potter-Produktreihe, die ein hervorragendes Preis-Leistungs-Verh\u00e4ltnis bietet. Neben dieser Tasse pr\u00e4sentieren wir stolz eine Vielzahl von Artikeln f\u00fcr Fans zu erschwinglichen Preisen. Unsere Kollektion umfasst Kost\u00fcm-Sets f\u00fcr Kinder, damit auch die Kleinsten in die Rolle ihrer Lieblingsfiguren schl\u00fcpfen k\u00f6nnen.<\/p>\n<p>Dar\u00fcber hinaus bieten wir alle Replik-Zauberst\u00e4be der Figuren an, darunter auch die <a href=\"https:\/\/repliquemangacine.fr\/de\/essstabchen-figuren-harry-potter\/zauberstab-von-luna-lovegood-hochwertiger-metallkern\/\">Zauberstab von Luna Lovegood<\/a>. Es gibt auch den ber\u00fchmten <a href=\"https:\/\/repliquemangacine.fr\/de\/sammlerstucke-und-goodies-harry-potter\/interaktiver-wahlhut-harry-potter\/\">Herde<\/a>, bekannt daf\u00fcr, die Sch\u00fcler auf die verschiedenen H\u00e4user von Hogwarts zu verteilen. Sowie fein gearbeitete Figuren, die verteilt wurden von <a href=\"https:\/\/noblecollection.fr\/produits-issus-univers-harry-potter-c-163_10.html\" target=\"_blank\" rel=\"noopener noreferrer\">Noble Collection<\/a>. Sie werden auch das Vergn\u00fcgen haben, den <a href=\"https:\/\/repliquemangacine.fr\/de\/sammlerstucke-und-goodies-harry-potter\/firebolt-besen-harry-potter\/\">Firebolt Besen<\/a> Offiziell lizenziert, entworfen nach den Archiven von Warner Bros.<\/p>\n<p>Bei RMC finden Sie hochwertige Artikel, die die Magie von Harry Potter zelebrieren, und das zu Preisen, die die Magie f\u00fcr alle zug\u00e4nglich machen.<\/p>\n<h2>Erforschen Sie die Magie des Hauses Serdaigle<\/h2>\n<p>Ravenclaw (auf Englisch Ravenclaw) ist eines der vier H\u00e4user der Zauberschule Hogwarts in \u201dHarry Potter\u201d. Dieses Haus wurde von Rowena Serdaigle gegr\u00fcndet und ist daf\u00fcr bekannt, Intelligenz, Kreativit\u00e4t, Weisheit und Lernen zu sch\u00e4tzen. Die Sch\u00fcler von Serdaigle werden oft als neugierig, wissbegierig und innovativ in ihrer Herangehensweise an die Magie beschrieben.<\/p>\n<p>Das Symbol von Ravenclaw ist der Adler, seine Farbe ist Blau. Der Gemeinschaftsraum von Ravenclaw befindet sich oben in einem Turm von Hogwarts und bietet einen atemberaubenden Blick auf die umliegende Landschaft. Er ist bekannt f\u00fcr seine friedliche Atmosph\u00e4re, die zum Lernen und Nachdenken einl\u00e4dt.<\/p>\n<p>Zu den bekannten Ravenclaw-Charakteren geh\u00f6ren Luna Lovegood, bekannt f\u00fcr ihren originellen Geist und ihre einzigartige Sichtweise, sowie Cho Chang, eine talentierte Sch\u00fclerin im Bereich Zauberspr\u00fcche. Ravenclaw wird oft mit akademischer Exzellenz und einer nachdenklichen, offenen Lebenseinstellung in Verbindung gebracht.<\/p>\n<p>Ravenclaw-Fanartikel wie Zauberstab-Repliken, Kleidung in den Farben des Hauses oder Accessoires mit dem Adler-Emblem sind bei Harry-Potter-Fans sehr beliebt. Mit diesen Produkten k\u00f6nnen Fans des Hauses ihre Liebe zu Wissen, Weisheit und Originalit\u00e4t zum Ausdruck bringen.<\/p>","protected":false},"excerpt":{"rendered":"<p>Wundersch\u00f6ne Tasse, die vom Haus Serdaigle in Harry Potter inspiriert ist.<\/p>\n<ul>\n<li>Innenausstattung aus Aluminium<\/li>\n<li>Handbemalt<\/li>\n<li>Die Tasse aus Kunstharz ist fein verziert<\/li>\n<li>Griff aus Harz in Form eines Adlers<\/li>\n<li>Inhalt: 600 ml<\/li>\n<li>H\u00f6he: 15 cm - Durchmesser: 9.5 cm<\/li>\n<\/ul>","protected":false},"featured_media":68764,"template":"","meta":[],"product_brand":[896],"product_cat":[87,41],"product_tag":[],"class_list":{"0":"post-68762","1":"product","2":"type-product","3":"status-publish","4":"has-post-thumbnail","6":"product_brand-replique-manga-cine","7":"product_cat-collectors-et-goodies-harry-potter","8":"product_cat-baguettes-et-goodies-harry-potter","10":"first","11":"outofstock","12":"taxable","13":"shipping-taxable","14":"purchasable","15":"product-type-simple"},"yoast_head":"<!-- This site is optimized with the Yoast SEO plugin v27.4 - https:\/\/yoast.com\/product\/yoast-seo-wordpress\/ -->\n<title>Mug Serdaigle 600 ml - Harry Potter | R\u00e9plique Manga Cin\u00e9<\/title>\n<meta name=\"description\" content=\"D\u00e9couvrez ce superbe Mug Serdaigle 600 ml dans Harry Potter au meilleur prix. Int\u00e9rieur en Aluminium. Poign\u00e9e en forme d&#039;aigle. D\u00e9cor\u00e9 et Peint \u00e0 la main.\" \/>\n<meta name=\"robots\" content=\"index, follow, max-snippet:-1, max-image-preview:large, max-video-preview:-1\" \/>\n<link rel=\"canonical\" href=\"https:\/\/repliquemangacine.fr\/de\/sammlerstucke-und-goodies-harry-potter\/serdaigle-becher-600-ml\/\" \/>\n<meta property=\"og:locale\" content=\"de_DE\" \/>\n<meta property=\"og:type\" content=\"article\" \/>\n<meta property=\"og:title\" content=\"Mug Serdaigle 600 ml - Harry Potter | R\u00e9plique Manga Cin\u00e9\" \/>\n<meta property=\"og:description\" content=\"D\u00e9couvrez ce superbe Mug Serdaigle 600 ml dans Harry Potter au meilleur prix. Int\u00e9rieur en Aluminium. Poign\u00e9e en forme d&#039;aigle. D\u00e9cor\u00e9 et Peint \u00e0 la main.\" \/>\n<meta property=\"og:url\" content=\"https:\/\/repliquemangacine.fr\/de\/sammlerstucke-und-goodies-harry-potter\/serdaigle-becher-600-ml\/\" \/>\n<meta property=\"og:site_name\" content=\"R\u00e9plique Manga Cin\u00e9\" \/>\n<meta property=\"article:publisher\" content=\"https:\/\/www.facebook.com\/RepliqueMangaCine\" \/>\n<meta property=\"article:modified_time\" content=\"2025-11-18T13:52:55+00:00\" \/>\n<meta property=\"og:image\" content=\"https:\/\/repliquemangacine.fr\/wp-content\/uploads\/2024\/01\/Mug-Serdaigle.jpg\" \/>\n\t<meta property=\"og:image:width\" content=\"500\" \/>\n\t<meta property=\"og:image:height\" content=\"500\" \/>\n\t<meta property=\"og:image:type\" content=\"image\/jpeg\" \/>\n<meta name=\"twitter:card\" content=\"summary_large_image\" \/>\n<meta name=\"twitter:label1\" content=\"Gesch\u00e4tzte Lesezeit\" \/>\n\t<meta name=\"twitter:data1\" content=\"4\u00a0Minuten\" \/>\n<script type=\"application\/ld+json\" class=\"yoast-schema-graph\">{\"@context\":\"https:\\\/\\\/schema.org\",\"@graph\":[{\"@type\":\"WebPage\",\"@id\":\"https:\\\/\\\/repliquemangacine.fr\\\/collectors-et-goodies-harry-potter\\\/mug-serdaigle-600-ml\\\/\",\"url\":\"https:\\\/\\\/repliquemangacine.fr\\\/collectors-et-goodies-harry-potter\\\/mug-serdaigle-600-ml\\\/\",\"name\":\"Mug Serdaigle 600 ml - Harry Potter | R\u00e9plique Manga Cin\u00e9\",\"isPartOf\":{\"@id\":\"https:\\\/\\\/repliquemangacine.fr\\\/#website\"},\"primaryImageOfPage\":{\"@id\":\"https:\\\/\\\/repliquemangacine.fr\\\/collectors-et-goodies-harry-potter\\\/mug-serdaigle-600-ml\\\/#primaryimage\"},\"image\":{\"@id\":\"https:\\\/\\\/repliquemangacine.fr\\\/collectors-et-goodies-harry-potter\\\/mug-serdaigle-600-ml\\\/#primaryimage\"},\"thumbnailUrl\":\"https:\\\/\\\/repliquemangacine.fr\\\/wp-content\\\/uploads\\\/2024\\\/01\\\/Mug-Serdaigle.jpg\",\"datePublished\":\"2024-01-31T14:47:56+00:00\",\"dateModified\":\"2025-11-18T13:52:55+00:00\",\"description\":\"D\u00e9couvrez ce superbe Mug Serdaigle 600 ml dans Harry Potter au meilleur prix. Int\u00e9rieur en Aluminium. Poign\u00e9e en forme d'aigle. D\u00e9cor\u00e9 et Peint \u00e0 la main.\",\"breadcrumb\":{\"@id\":\"https:\\\/\\\/repliquemangacine.fr\\\/collectors-et-goodies-harry-potter\\\/mug-serdaigle-600-ml\\\/#breadcrumb\"},\"inLanguage\":\"de\",\"potentialAction\":[{\"@type\":\"ReadAction\",\"target\":[\"https:\\\/\\\/repliquemangacine.fr\\\/collectors-et-goodies-harry-potter\\\/mug-serdaigle-600-ml\\\/\"]}]},{\"@type\":\"ImageObject\",\"inLanguage\":\"de\",\"@id\":\"https:\\\/\\\/repliquemangacine.fr\\\/collectors-et-goodies-harry-potter\\\/mug-serdaigle-600-ml\\\/#primaryimage\",\"url\":\"https:\\\/\\\/repliquemangacine.fr\\\/wp-content\\\/uploads\\\/2024\\\/01\\\/Mug-Serdaigle.jpg\",\"contentUrl\":\"https:\\\/\\\/repliquemangacine.fr\\\/wp-content\\\/uploads\\\/2024\\\/01\\\/Mug-Serdaigle.jpg\",\"width\":500,\"height\":500,\"caption\":\"Mug Serdaigle Harry Potter\"},{\"@type\":\"BreadcrumbList\",\"@id\":\"https:\\\/\\\/repliquemangacine.fr\\\/collectors-et-goodies-harry-potter\\\/mug-serdaigle-600-ml\\\/#breadcrumb\",\"itemListElement\":[{\"@type\":\"ListItem\",\"position\":1,\"name\":\"Accueil\",\"item\":\"https:\\\/\\\/repliquemangacine.fr\\\/\"},{\"@type\":\"ListItem\",\"position\":2,\"name\":\"Produits\",\"item\":\"https:\\\/\\\/repliquemangacine.fr\\\/boutique\\\/\"},{\"@type\":\"ListItem\",\"position\":3,\"name\":\"Mug Serdaigle 600 ml\"}]},{\"@type\":\"WebSite\",\"@id\":\"https:\\\/\\\/repliquemangacine.fr\\\/#website\",\"url\":\"https:\\\/\\\/repliquemangacine.fr\\\/\",\"name\":\"R\u00e9plique Manga Cin\u00e9\",\"description\":\"\",\"publisher\":{\"@id\":\"https:\\\/\\\/repliquemangacine.fr\\\/#organization\"},\"potentialAction\":[{\"@type\":\"SearchAction\",\"target\":{\"@type\":\"EntryPoint\",\"urlTemplate\":\"https:\\\/\\\/repliquemangacine.fr\\\/?s={search_term_string}\"},\"query-input\":{\"@type\":\"PropertyValueSpecification\",\"valueRequired\":true,\"valueName\":\"search_term_string\"}}],\"inLanguage\":\"de\"},{\"@type\":\"Organization\",\"@id\":\"https:\\\/\\\/repliquemangacine.fr\\\/#organization\",\"name\":\"R\u00e9plique Manga Cin\u00e9\",\"url\":\"https:\\\/\\\/repliquemangacine.fr\\\/\",\"logo\":{\"@type\":\"ImageObject\",\"inLanguage\":\"de\",\"@id\":\"https:\\\/\\\/repliquemangacine.fr\\\/#\\\/schema\\\/logo\\\/image\\\/\",\"url\":\"https:\\\/\\\/repliquemangacine.fr\\\/wp-content\\\/uploads\\\/2023\\\/10\\\/RMC-500250.png\",\"contentUrl\":\"https:\\\/\\\/repliquemangacine.fr\\\/wp-content\\\/uploads\\\/2023\\\/10\\\/RMC-500250.png\",\"width\":500,\"height\":250,\"caption\":\"R\u00e9plique Manga Cin\u00e9\"},\"image\":{\"@id\":\"https:\\\/\\\/repliquemangacine.fr\\\/#\\\/schema\\\/logo\\\/image\\\/\"},\"sameAs\":[\"https:\\\/\\\/www.facebook.com\\\/RepliqueMangaCine\",\"https:\\\/\\\/www.instagram.com\\\/repliquemangacine.fr\\\/\"]}]}<\/script>\n<!-- \/ Yoast SEO plugin. -->","yoast_head_json":{"title":"Serdaigle-Becher 600 ml - Harry Potter | R\u00e9plique Manga Cin\u00e9","description":"Entdecken Sie diesen tollen Serdaigle-Becher 600 ml in Harry Potter zum besten Preis. Innenseite aus Aluminium. Griff in Form eines Adlers. Handverziert und handbemalt.","robots":{"index":"index","follow":"follow","max-snippet":"max-snippet:-1","max-image-preview":"max-image-preview:large","max-video-preview":"max-video-preview:-1"},"canonical":"https:\/\/repliquemangacine.fr\/de\/sammlerstucke-und-goodies-harry-potter\/serdaigle-becher-600-ml\/","og_locale":"de_DE","og_type":"article","og_title":"Mug Serdaigle 600 ml - Harry Potter | R\u00e9plique Manga Cin\u00e9","og_description":"D\u00e9couvrez ce superbe Mug Serdaigle 600 ml dans Harry Potter au meilleur prix. Int\u00e9rieur en Aluminium. Poign\u00e9e en forme d'aigle. D\u00e9cor\u00e9 et Peint \u00e0 la main.","og_url":"https:\/\/repliquemangacine.fr\/de\/sammlerstucke-und-goodies-harry-potter\/serdaigle-becher-600-ml\/","og_site_name":"R\u00e9plique Manga Cin\u00e9","article_publisher":"https:\/\/www.facebook.com\/RepliqueMangaCine","article_modified_time":"2025-11-18T13:52:55+00:00","og_image":[{"width":500,"height":500,"url":"https:\/\/repliquemangacine.fr\/wp-content\/uploads\/2024\/01\/Mug-Serdaigle.jpg","type":"image\/jpeg"}],"twitter_card":"summary_large_image","twitter_misc":{"Gesch\u00e4tzte Lesezeit":"4\u00a0Minuten"},"schema":{"@context":"https:\/\/schema.org","@graph":[{"@type":"WebPage","@id":"https:\/\/repliquemangacine.fr\/collectors-et-goodies-harry-potter\/mug-serdaigle-600-ml\/","url":"https:\/\/repliquemangacine.fr\/collectors-et-goodies-harry-potter\/mug-serdaigle-600-ml\/","name":"Serdaigle-Becher 600 ml - Harry Potter | R\u00e9plique Manga Cin\u00e9","isPartOf":{"@id":"https:\/\/repliquemangacine.fr\/#website"},"primaryImageOfPage":{"@id":"https:\/\/repliquemangacine.fr\/collectors-et-goodies-harry-potter\/mug-serdaigle-600-ml\/#primaryimage"},"image":{"@id":"https:\/\/repliquemangacine.fr\/collectors-et-goodies-harry-potter\/mug-serdaigle-600-ml\/#primaryimage"},"thumbnailUrl":"https:\/\/repliquemangacine.fr\/wp-content\/uploads\/2024\/01\/Mug-Serdaigle.jpg","datePublished":"2024-01-31T14:47:56+00:00","dateModified":"2025-11-18T13:52:55+00:00","description":"Entdecken Sie diesen tollen Serdaigle-Becher 600 ml in Harry Potter zum besten Preis. Innenseite aus Aluminium. Griff in Form eines Adlers. Handverziert und handbemalt.","breadcrumb":{"@id":"https:\/\/repliquemangacine.fr\/collectors-et-goodies-harry-potter\/mug-serdaigle-600-ml\/#breadcrumb"},"inLanguage":"de","potentialAction":[{"@type":"ReadAction","target":["https:\/\/repliquemangacine.fr\/collectors-et-goodies-harry-potter\/mug-serdaigle-600-ml\/"]}]},{"@type":"ImageObject","inLanguage":"de","@id":"https:\/\/repliquemangacine.fr\/collectors-et-goodies-harry-potter\/mug-serdaigle-600-ml\/#primaryimage","url":"https:\/\/repliquemangacine.fr\/wp-content\/uploads\/2024\/01\/Mug-Serdaigle.jpg","contentUrl":"https:\/\/repliquemangacine.fr\/wp-content\/uploads\/2024\/01\/Mug-Serdaigle.jpg","width":500,"height":500,"caption":"Mug Serdaigle Harry Potter"},{"@type":"BreadcrumbList","@id":"https:\/\/repliquemangacine.fr\/collectors-et-goodies-harry-potter\/mug-serdaigle-600-ml\/#breadcrumb","itemListElement":[{"@type":"ListItem","position":1,"name":"Accueil","item":"https:\/\/repliquemangacine.fr\/"},{"@type":"ListItem","position":2,"name":"Produits","item":"https:\/\/repliquemangacine.fr\/boutique\/"},{"@type":"ListItem","position":3,"name":"Mug Serdaigle 600 ml"}]},{"@type":"WebSite","@id":"https:\/\/repliquemangacine.fr\/#website","url":"https:\/\/repliquemangacine.fr\/","name":"R\u00e9plique Manga Cin\u00e9","description":"","publisher":{"@id":"https:\/\/repliquemangacine.fr\/#organization"},"potentialAction":[{"@type":"SearchAction","target":{"@type":"EntryPoint","urlTemplate":"https:\/\/repliquemangacine.fr\/?s={search_term_string}"},"query-input":{"@type":"PropertyValueSpecification","valueRequired":true,"valueName":"search_term_string"}}],"inLanguage":"de"},{"@type":"Organization","@id":"https:\/\/repliquemangacine.fr\/#organization","name":"R\u00e9plique Manga Cin\u00e9","url":"https:\/\/repliquemangacine.fr\/","logo":{"@type":"ImageObject","inLanguage":"de","@id":"https:\/\/repliquemangacine.fr\/#\/schema\/logo\/image\/","url":"https:\/\/repliquemangacine.fr\/wp-content\/uploads\/2023\/10\/RMC-500250.png","contentUrl":"https:\/\/repliquemangacine.fr\/wp-content\/uploads\/2023\/10\/RMC-500250.png","width":500,"height":250,"caption":"R\u00e9plique Manga Cin\u00e9"},"image":{"@id":"https:\/\/repliquemangacine.fr\/#\/schema\/logo\/image\/"},"sameAs":["https:\/\/www.facebook.com\/RepliqueMangaCine","https:\/\/www.instagram.com\/repliquemangacine.fr\/"]}]}},"_links":{"self":[{"href":"https:\/\/repliquemangacine.fr\/de\/wp-json\/wp\/v2\/product\/68762","targetHints":{"allow":["GET"]}}],"collection":[{"href":"https:\/\/repliquemangacine.fr\/de\/wp-json\/wp\/v2\/product"}],"about":[{"href":"https:\/\/repliquemangacine.fr\/de\/wp-json\/wp\/v2\/types\/product"}],"wp:featuredmedia":[{"embeddable":true,"href":"https:\/\/repliquemangacine.fr\/de\/wp-json\/wp\/v2\/media\/68764"}],"wp:attachment":[{"href":"https:\/\/repliquemangacine.fr\/de\/wp-json\/wp\/v2\/media?parent=68762"}],"wp:term":[{"taxonomy":"product_brand","embeddable":true,"href":"https:\/\/repliquemangacine.fr\/de\/wp-json\/wp\/v2\/product_brand?post=68762"},{"taxonomy":"product_cat","embeddable":true,"href":"https:\/\/repliquemangacine.fr\/de\/wp-json\/wp\/v2\/product_cat?post=68762"},{"taxonomy":"product_tag","embeddable":true,"href":"https:\/\/repliquemangacine.fr\/de\/wp-json\/wp\/v2\/product_tag?post=68762"}],"curies":[{"name":"wp","href":"https:\/\/api.w.org\/{rel}","templated":true}]}}