





{"id":68747,"date":"2024-01-31T12:32:53","date_gmt":"2024-01-31T11:32:53","guid":{"rendered":"https:\/\/repliquemangacine.fr\/?post_type=product&#038;p=68747"},"modified":"2026-03-02T19:30:22","modified_gmt":"2026-03-02T18:30:22","slug":"gryffindor-becher-600-ml","status":"publish","type":"product","link":"https:\/\/repliquemangacine.fr\/de\/collectors-et-goodies-harry-potter\/mug-gryffondor-600-ml\/","title":{"rendered":"Gryffindor-Becher 600 ml"},"content":{"rendered":"<h2>Gryffindor-Tasse: Ein einzigartiges Sammlerst\u00fcck<\/h2>\n<p>In erster Linie ist das \"<strong>Gryffindor-Tasse<\/strong>\" ist eine au\u00dfergew\u00f6hnliche Kreation f\u00fcr Harry-Potter-Fans, die \u00c4sthetik und Qualit\u00e4t vereint. Mit einem Fassungsverm\u00f6gen von 600 ml ist dieser handbemalte Becher aus Kunstharz ein wahres Meisterwerk. Sein auff\u00e4lliges Design zeigt einen leuchtend roten Hintergrund, die symbolische Farbe des Hauses Gryffindor, auf dem stolz das Wappen des Hauses thront, das f\u00fcr Mut und Tapferkeit steht. Auf der anderen Seite des Bechers ist der Kopf des L\u00f6wen, das Emblem von Gryffindor, mit viel Liebe zum Detail abgebildet und f\u00e4ngt den heroischen Geist und die Charakterst\u00e4rke des Hauses ein. Der l\u00f6wenf\u00f6rmige Griff verleiht dem Becher einen unverwechselbaren, ergonomischen Touch und macht jede Benutzung des Bechers einzigartig.<\/p>\n<p>Es ist zu betonen, dass das Aluminium-Innenleben des Bechers nicht nur eine \u00e4sthetische, sondern auch eine praktische Wahl ist. Denn es sorgt daf\u00fcr, dass der Becher langlebig ist und die Temperatur von Getr\u00e4nken, egal ob hei\u00df oder kalt, halten kann. Dieser Becher ist nicht einfach nur ein Gebrauchsgegenstand, sondern ein Sammlerst\u00fcck. Sie spiegelt die K\u00fchnheit und den Adel von Gryffindor wider. Ideal f\u00fcr den t\u00e4glichen Gebrauch oder als dekoratives Element. Die \"Gryffindor-Tasse\" ist ein perfektes Geschenk f\u00fcr Bewunderer der Saga, das Qualit\u00e4t mit einem ausgezeichneten Preis-Leistungs-Verh\u00e4ltnis verbindet.<\/p>\n<h2>Entdecken Sie Unsere Umfangreiche Harry Potter-Kollektion<\/h2>\n<p>Neben dem pr\u00e4chtigen \"<strong>Gryffindor-Tasse<\/strong>\"Unser Shop bietet eine gro\u00dfe Auswahl an Produkten aus dem Harry-Potter-Universum, die die Herzen von angehenden Zauberern und Hexen h\u00f6her schlagen lassen. Unter unseren Sch\u00e4tzen finden Sie Repliken von <a href=\"https:\/\/repliquemangacine.fr\/de\/essstabchen-figuren-harry-potter\/\">St\u00e4bchen Figuren<\/a> wie Harry, Hermine und Ron. Jeder Zauberstab ist eine genaue Nachbildung der in den Filmen verwendeten Zauberst\u00e4be und bietet den Fans ein authentisches Erlebnis. Wir bieten auch das Pl\u00fcschtier Hedwig, Harrys treue Eule, an, das sich perfekt als Begleiter f\u00fcr junge Zauberer eignet.<\/p>\n<p>F\u00fcr Sammler sind unsere <a href=\"https:\/\/repliquemangacine.fr\/de\/verschiedene-goodies\/14-teiliges-set-harry-potter\/\">Sammlerboxen<\/a> in Schl\u00fcsselanh\u00e4ngern sind ein Muss. Sie stellen eine elegante und praktische M\u00f6glichkeit dar, ein St\u00fcck Harry-Potter-Zauberei \u00fcberall mit sich zu tragen. Dar\u00fcber hinaus ist unser <a href=\"https:\/\/repliquemangacine.fr\/de\/verschiedene-goodies\/schachbrett-der-zauberer-spiel-schach-hp\/\">Harry-Potter-Schachbrett<\/a> ist ein au\u00dfergew\u00f6hnliches Sammlerst\u00fcck. Erh\u00e4ltlich in offiziellen von <a href=\"https:\/\/noblecollection.fr\/produits-issus-univers-harry-potter-c-163_10.html\" target=\"_blank\" rel=\"noopener noreferrer\">Noble Collection<\/a>Dieses Schachbrett ist ein wundersch\u00f6nes Dekorationsobjekt. Mit diesen und vielen anderen Produkten ist unser Shop das ideale Ziel f\u00fcr alle Fans des Harry-Potter-Universums. Er bietet Qualit\u00e4t, Authentizit\u00e4t und eine gro\u00dfe Auswahl an Artikeln, um alle magischen W\u00fcnsche zu erf\u00fcllen.<\/p>\n<h2>Gryffindor-Becher und Vielf\u00e4ltige Kollektion: Qualit\u00e4t und Preis erschwinglich<\/h2>\n<p>Das \"<strong>Gryffindor-Tasse<\/strong>\" ist nur der Anfang unseres Sortiments an Harry-Potter-Produkten, die ein hervorragendes Preis-Leistungs-Verh\u00e4ltnis bieten. Neben dieser detailreichen und charakterstarken Tasse sind wir stolz darauf, eine vielf\u00e4ltige Auswahl an Artikeln f\u00fcr alle Fans zu erschwinglichen Preisen anbieten zu k\u00f6nnen. Unsere Kollektion umfasst Verkleidungssets f\u00fcr Kinder, die sich perfekt daf\u00fcr eignen, dass die Kleinen in die Rolle ihrer Lieblingscharaktere schl\u00fcpfen und ihre eigenen magischen Abenteuer erleben k\u00f6nnen. Diese Sets sind so konzipiert, dass sie sowohl Spa\u00df machen als auch sicher sind und stundenlangen Spielspa\u00df und Entdeckungen garantieren.<\/p>\n<p>Au\u00dferdem bieten wir eine Reihe von fesselnden Figuren an, darunter Hedwig, Harrys elegante Eule. Au\u00dferdem gibt es das Salazar-Medaillon, einen der sieben Horkruxe, die Voldemort erschaffen hat. Und der ber\u00fchmte Hut, der die Sch\u00fcler in die verschiedenen H\u00e4user von Hogwarts einteilt.<\/p>\n<p>Zusammenfassend l\u00e4sst sich sagen, dass Sie hier Artikel finden, die die Magie von Harry Potter feiern, und das zu Preisen, die f\u00fcr jeden erschwinglich sind.<\/p>\n<p>&nbsp;<\/p>","protected":false},"excerpt":{"rendered":"<p>Wundersch\u00f6ne Tasse, die das Haus Gryffindor darstellt<\/p>\n<ul>\n<li>Innenausstattung aus Aluminium<\/li>\n<li>Die Tasse besteht aus reich verziertem Harz<\/li>\n<li>Handbemalt<\/li>\n<li>Der Griff ist wie ein L\u00f6we geformt<\/li>\n<li>Inhalt: 600 ml<\/li>\n<li>H\u00f6he: 15 cm - Durchmesser: 9.5 cm<\/li>\n<\/ul>","protected":false},"featured_media":68748,"template":"","meta":[],"product_brand":[896],"product_cat":[87,41],"product_tag":[],"class_list":{"0":"post-68747","1":"product","2":"type-product","3":"status-publish","4":"has-post-thumbnail","6":"product_brand-replique-manga-cine","7":"product_cat-collectors-et-goodies-harry-potter","8":"product_cat-baguettes-et-goodies-harry-potter","10":"first","11":"instock","12":"taxable","13":"shipping-taxable","14":"purchasable","15":"product-type-simple"},"yoast_head":"<!-- This site is optimized with the Yoast SEO plugin v27.5 - https:\/\/yoast.com\/product\/yoast-seo-wordpress\/ -->\n<title>Mug Gryffondor 600 ml - Harry Potter | R\u00e9plique Manga Cin\u00e9<\/title>\n<meta name=\"description\" content=\"D\u00e9couvrez ce splendide Mug Gryffondor de 600 ml au meilleur prix. Int\u00e9rieur en aluminium. Richement d\u00e9cor\u00e9 du lion de la maison. Peint \u00e0 la main.\" \/>\n<meta name=\"robots\" content=\"index, follow, max-snippet:-1, max-image-preview:large, max-video-preview:-1\" \/>\n<link rel=\"canonical\" href=\"https:\/\/repliquemangacine.fr\/de\/sammlerstucke-und-goodies-harry-potter\/gryffindor-becher-600-ml\/\" \/>\n<meta property=\"og:locale\" content=\"de_DE\" \/>\n<meta property=\"og:type\" content=\"article\" \/>\n<meta property=\"og:title\" content=\"Mug Gryffondor 600 ml - Harry Potter | R\u00e9plique Manga Cin\u00e9\" \/>\n<meta property=\"og:description\" content=\"D\u00e9couvrez ce splendide Mug Gryffondor de 600 ml au meilleur prix. Int\u00e9rieur en aluminium. Richement d\u00e9cor\u00e9 du lion de la maison. Peint \u00e0 la main.\" \/>\n<meta property=\"og:url\" content=\"https:\/\/repliquemangacine.fr\/de\/sammlerstucke-und-goodies-harry-potter\/gryffindor-becher-600-ml\/\" \/>\n<meta property=\"og:site_name\" content=\"R\u00e9plique Manga Cin\u00e9\" \/>\n<meta property=\"article:publisher\" content=\"https:\/\/www.facebook.com\/RepliqueMangaCine\" \/>\n<meta property=\"article:modified_time\" content=\"2026-03-02T18:30:22+00:00\" \/>\n<meta property=\"og:image\" content=\"https:\/\/repliquemangacine.fr\/wp-content\/uploads\/2024\/01\/Mug-Gryffondor-ecusson.jpg\" \/>\n\t<meta property=\"og:image:width\" content=\"500\" \/>\n\t<meta property=\"og:image:height\" content=\"500\" \/>\n\t<meta property=\"og:image:type\" content=\"image\/jpeg\" \/>\n<meta name=\"twitter:card\" content=\"summary_large_image\" \/>\n<meta name=\"twitter:label1\" content=\"Gesch\u00e4tzte Lesezeit\" \/>\n\t<meta name=\"twitter:data1\" content=\"4\u00a0Minuten\" \/>\n<script type=\"application\/ld+json\" class=\"yoast-schema-graph\">{\"@context\":\"https:\\\/\\\/schema.org\",\"@graph\":[{\"@type\":\"WebPage\",\"@id\":\"https:\\\/\\\/repliquemangacine.fr\\\/collectors-et-goodies-harry-potter\\\/mug-gryffondor-600-ml\\\/\",\"url\":\"https:\\\/\\\/repliquemangacine.fr\\\/collectors-et-goodies-harry-potter\\\/mug-gryffondor-600-ml\\\/\",\"name\":\"Mug Gryffondor 600 ml - Harry Potter | R\u00e9plique Manga Cin\u00e9\",\"isPartOf\":{\"@id\":\"https:\\\/\\\/repliquemangacine.fr\\\/#website\"},\"primaryImageOfPage\":{\"@id\":\"https:\\\/\\\/repliquemangacine.fr\\\/collectors-et-goodies-harry-potter\\\/mug-gryffondor-600-ml\\\/#primaryimage\"},\"image\":{\"@id\":\"https:\\\/\\\/repliquemangacine.fr\\\/collectors-et-goodies-harry-potter\\\/mug-gryffondor-600-ml\\\/#primaryimage\"},\"thumbnailUrl\":\"https:\\\/\\\/repliquemangacine.fr\\\/wp-content\\\/uploads\\\/2024\\\/01\\\/Mug-Gryffondor-ecusson.jpg\",\"datePublished\":\"2024-01-31T11:32:53+00:00\",\"dateModified\":\"2026-03-02T18:30:22+00:00\",\"description\":\"D\u00e9couvrez ce splendide Mug Gryffondor de 600 ml au meilleur prix. Int\u00e9rieur en aluminium. Richement d\u00e9cor\u00e9 du lion de la maison. Peint \u00e0 la main.\",\"breadcrumb\":{\"@id\":\"https:\\\/\\\/repliquemangacine.fr\\\/collectors-et-goodies-harry-potter\\\/mug-gryffondor-600-ml\\\/#breadcrumb\"},\"inLanguage\":\"de\",\"potentialAction\":[{\"@type\":\"ReadAction\",\"target\":[\"https:\\\/\\\/repliquemangacine.fr\\\/collectors-et-goodies-harry-potter\\\/mug-gryffondor-600-ml\\\/\"]}]},{\"@type\":\"ImageObject\",\"inLanguage\":\"de\",\"@id\":\"https:\\\/\\\/repliquemangacine.fr\\\/collectors-et-goodies-harry-potter\\\/mug-gryffondor-600-ml\\\/#primaryimage\",\"url\":\"https:\\\/\\\/repliquemangacine.fr\\\/wp-content\\\/uploads\\\/2024\\\/01\\\/Mug-Gryffondor-ecusson.jpg\",\"contentUrl\":\"https:\\\/\\\/repliquemangacine.fr\\\/wp-content\\\/uploads\\\/2024\\\/01\\\/Mug-Gryffondor-ecusson.jpg\",\"width\":500,\"height\":500,\"caption\":\"Mug Gryffondor 600 ml\"},{\"@type\":\"BreadcrumbList\",\"@id\":\"https:\\\/\\\/repliquemangacine.fr\\\/collectors-et-goodies-harry-potter\\\/mug-gryffondor-600-ml\\\/#breadcrumb\",\"itemListElement\":[{\"@type\":\"ListItem\",\"position\":1,\"name\":\"Accueil\",\"item\":\"https:\\\/\\\/repliquemangacine.fr\\\/\"},{\"@type\":\"ListItem\",\"position\":2,\"name\":\"Produits\",\"item\":\"https:\\\/\\\/repliquemangacine.fr\\\/boutique\\\/\"},{\"@type\":\"ListItem\",\"position\":3,\"name\":\"Mug Gryffondor 600 ml\"}]},{\"@type\":\"WebSite\",\"@id\":\"https:\\\/\\\/repliquemangacine.fr\\\/#website\",\"url\":\"https:\\\/\\\/repliquemangacine.fr\\\/\",\"name\":\"R\u00e9plique Manga Cin\u00e9\",\"description\":\"\",\"publisher\":{\"@id\":\"https:\\\/\\\/repliquemangacine.fr\\\/#organization\"},\"potentialAction\":[{\"@type\":\"SearchAction\",\"target\":{\"@type\":\"EntryPoint\",\"urlTemplate\":\"https:\\\/\\\/repliquemangacine.fr\\\/?s={search_term_string}\"},\"query-input\":{\"@type\":\"PropertyValueSpecification\",\"valueRequired\":true,\"valueName\":\"search_term_string\"}}],\"inLanguage\":\"de\"},{\"@type\":\"Organization\",\"@id\":\"https:\\\/\\\/repliquemangacine.fr\\\/#organization\",\"name\":\"R\u00e9plique Manga Cin\u00e9\",\"url\":\"https:\\\/\\\/repliquemangacine.fr\\\/\",\"logo\":{\"@type\":\"ImageObject\",\"inLanguage\":\"de\",\"@id\":\"https:\\\/\\\/repliquemangacine.fr\\\/#\\\/schema\\\/logo\\\/image\\\/\",\"url\":\"https:\\\/\\\/repliquemangacine.fr\\\/wp-content\\\/uploads\\\/2023\\\/10\\\/RMC-500250.png\",\"contentUrl\":\"https:\\\/\\\/repliquemangacine.fr\\\/wp-content\\\/uploads\\\/2023\\\/10\\\/RMC-500250.png\",\"width\":500,\"height\":250,\"caption\":\"R\u00e9plique Manga Cin\u00e9\"},\"image\":{\"@id\":\"https:\\\/\\\/repliquemangacine.fr\\\/#\\\/schema\\\/logo\\\/image\\\/\"},\"sameAs\":[\"https:\\\/\\\/www.facebook.com\\\/RepliqueMangaCine\",\"https:\\\/\\\/www.instagram.com\\\/repliquemangacine.fr\\\/\"]}]}<\/script>\n<!-- \/ Yoast SEO plugin. -->","yoast_head_json":{"title":"Gryffindor-Becher 600 ml - Harry Potter | R\u00e9plique Manga Cin\u00e9","description":"Entdecken Sie diesen herrlichen Gryffindor-Becher mit 600 ml Inhalt zum besten Preis. Innenseite aus Aluminium. Reich verziert mit dem L\u00f6wen des Hauses. Handbemalt.","robots":{"index":"index","follow":"follow","max-snippet":"max-snippet:-1","max-image-preview":"max-image-preview:large","max-video-preview":"max-video-preview:-1"},"canonical":"https:\/\/repliquemangacine.fr\/de\/sammlerstucke-und-goodies-harry-potter\/gryffindor-becher-600-ml\/","og_locale":"de_DE","og_type":"article","og_title":"Mug Gryffondor 600 ml - Harry Potter | R\u00e9plique Manga Cin\u00e9","og_description":"D\u00e9couvrez ce splendide Mug Gryffondor de 600 ml au meilleur prix. Int\u00e9rieur en aluminium. Richement d\u00e9cor\u00e9 du lion de la maison. Peint \u00e0 la main.","og_url":"https:\/\/repliquemangacine.fr\/de\/sammlerstucke-und-goodies-harry-potter\/gryffindor-becher-600-ml\/","og_site_name":"R\u00e9plique Manga Cin\u00e9","article_publisher":"https:\/\/www.facebook.com\/RepliqueMangaCine","article_modified_time":"2026-03-02T18:30:22+00:00","og_image":[{"width":500,"height":500,"url":"https:\/\/repliquemangacine.fr\/wp-content\/uploads\/2024\/01\/Mug-Gryffondor-ecusson.jpg","type":"image\/jpeg"}],"twitter_card":"summary_large_image","twitter_misc":{"Gesch\u00e4tzte Lesezeit":"4\u00a0Minuten"},"schema":{"@context":"https:\/\/schema.org","@graph":[{"@type":"WebPage","@id":"https:\/\/repliquemangacine.fr\/collectors-et-goodies-harry-potter\/mug-gryffondor-600-ml\/","url":"https:\/\/repliquemangacine.fr\/collectors-et-goodies-harry-potter\/mug-gryffondor-600-ml\/","name":"Gryffindor-Becher 600 ml - Harry Potter | R\u00e9plique Manga Cin\u00e9","isPartOf":{"@id":"https:\/\/repliquemangacine.fr\/#website"},"primaryImageOfPage":{"@id":"https:\/\/repliquemangacine.fr\/collectors-et-goodies-harry-potter\/mug-gryffondor-600-ml\/#primaryimage"},"image":{"@id":"https:\/\/repliquemangacine.fr\/collectors-et-goodies-harry-potter\/mug-gryffondor-600-ml\/#primaryimage"},"thumbnailUrl":"https:\/\/repliquemangacine.fr\/wp-content\/uploads\/2024\/01\/Mug-Gryffondor-ecusson.jpg","datePublished":"2024-01-31T11:32:53+00:00","dateModified":"2026-03-02T18:30:22+00:00","description":"Entdecken Sie diesen herrlichen Gryffindor-Becher mit 600 ml Inhalt zum besten Preis. Innenseite aus Aluminium. Reich verziert mit dem L\u00f6wen des Hauses. Handbemalt.","breadcrumb":{"@id":"https:\/\/repliquemangacine.fr\/collectors-et-goodies-harry-potter\/mug-gryffondor-600-ml\/#breadcrumb"},"inLanguage":"de","potentialAction":[{"@type":"ReadAction","target":["https:\/\/repliquemangacine.fr\/collectors-et-goodies-harry-potter\/mug-gryffondor-600-ml\/"]}]},{"@type":"ImageObject","inLanguage":"de","@id":"https:\/\/repliquemangacine.fr\/collectors-et-goodies-harry-potter\/mug-gryffondor-600-ml\/#primaryimage","url":"https:\/\/repliquemangacine.fr\/wp-content\/uploads\/2024\/01\/Mug-Gryffondor-ecusson.jpg","contentUrl":"https:\/\/repliquemangacine.fr\/wp-content\/uploads\/2024\/01\/Mug-Gryffondor-ecusson.jpg","width":500,"height":500,"caption":"Mug Gryffondor 600 ml"},{"@type":"BreadcrumbList","@id":"https:\/\/repliquemangacine.fr\/collectors-et-goodies-harry-potter\/mug-gryffondor-600-ml\/#breadcrumb","itemListElement":[{"@type":"ListItem","position":1,"name":"Accueil","item":"https:\/\/repliquemangacine.fr\/"},{"@type":"ListItem","position":2,"name":"Produits","item":"https:\/\/repliquemangacine.fr\/boutique\/"},{"@type":"ListItem","position":3,"name":"Mug Gryffondor 600 ml"}]},{"@type":"WebSite","@id":"https:\/\/repliquemangacine.fr\/#website","url":"https:\/\/repliquemangacine.fr\/","name":"R\u00e9plique Manga Cin\u00e9","description":"","publisher":{"@id":"https:\/\/repliquemangacine.fr\/#organization"},"potentialAction":[{"@type":"SearchAction","target":{"@type":"EntryPoint","urlTemplate":"https:\/\/repliquemangacine.fr\/?s={search_term_string}"},"query-input":{"@type":"PropertyValueSpecification","valueRequired":true,"valueName":"search_term_string"}}],"inLanguage":"de"},{"@type":"Organization","@id":"https:\/\/repliquemangacine.fr\/#organization","name":"R\u00e9plique Manga Cin\u00e9","url":"https:\/\/repliquemangacine.fr\/","logo":{"@type":"ImageObject","inLanguage":"de","@id":"https:\/\/repliquemangacine.fr\/#\/schema\/logo\/image\/","url":"https:\/\/repliquemangacine.fr\/wp-content\/uploads\/2023\/10\/RMC-500250.png","contentUrl":"https:\/\/repliquemangacine.fr\/wp-content\/uploads\/2023\/10\/RMC-500250.png","width":500,"height":250,"caption":"R\u00e9plique Manga Cin\u00e9"},"image":{"@id":"https:\/\/repliquemangacine.fr\/#\/schema\/logo\/image\/"},"sameAs":["https:\/\/www.facebook.com\/RepliqueMangaCine","https:\/\/www.instagram.com\/repliquemangacine.fr\/"]}]}},"_links":{"self":[{"href":"https:\/\/repliquemangacine.fr\/de\/wp-json\/wp\/v2\/product\/68747","targetHints":{"allow":["GET"]}}],"collection":[{"href":"https:\/\/repliquemangacine.fr\/de\/wp-json\/wp\/v2\/product"}],"about":[{"href":"https:\/\/repliquemangacine.fr\/de\/wp-json\/wp\/v2\/types\/product"}],"wp:featuredmedia":[{"embeddable":true,"href":"https:\/\/repliquemangacine.fr\/de\/wp-json\/wp\/v2\/media\/68748"}],"wp:attachment":[{"href":"https:\/\/repliquemangacine.fr\/de\/wp-json\/wp\/v2\/media?parent=68747"}],"wp:term":[{"taxonomy":"product_brand","embeddable":true,"href":"https:\/\/repliquemangacine.fr\/de\/wp-json\/wp\/v2\/product_brand?post=68747"},{"taxonomy":"product_cat","embeddable":true,"href":"https:\/\/repliquemangacine.fr\/de\/wp-json\/wp\/v2\/product_cat?post=68747"},{"taxonomy":"product_tag","embeddable":true,"href":"https:\/\/repliquemangacine.fr\/de\/wp-json\/wp\/v2\/product_tag?post=68747"}],"curies":[{"name":"wp","href":"https:\/\/api.w.org\/{rel}","templated":true}]}}