





{"id":68711,"date":"2024-01-30T18:14:51","date_gmt":"2024-01-30T17:14:51","guid":{"rendered":"https:\/\/repliquemangacine.fr\/?post_type=product&#038;p=68711"},"modified":"2026-03-02T19:30:22","modified_gmt":"2026-03-02T18:30:22","slug":"tasse-hufflepuff-600ml","status":"publish","type":"product","link":"https:\/\/repliquemangacine.fr\/de\/collectors-et-goodies-harry-potter\/mug-poufsouffle-600ml\/","title":{"rendered":"Tasse Hufflepuff 600ml"},"content":{"rendered":"<h2>Hufflepuff-Tasse: Ein Schatz f\u00fcr Harry Potter-Fans<\/h2>\n<p>Entdecken Sie zum Einstieg das \"<strong>Tasse Hufflepuff<\/strong>\", ein unverzichtbares Sammlerst\u00fcck f\u00fcr jeden Fan der magischen Welt von Harry Potter. Mit einem gro\u00dfz\u00fcgigen Fassungsverm\u00f6gen von 600 ml ist dieser Becher f\u00fcr Hexen und Zauberer gedacht, die gro\u00dfe Mengen ihres Lieblingsgetr\u00e4nks zu sch\u00e4tzen wissen.<\/p>\n<p>Aus hochwertigem Kunstharz gefertigt, tr\u00e4gt er stolz die ikonischen Symbole des Hauses Hufflepuff. Ein k\u00fchner Dachs auf einem strahlend gelben Hintergrund, umgeben von den Eigenschaften, f\u00fcr die das Haus steht, wie Loyalit\u00e4t, Geduld und Gerechtigkeitssinn. Auf der anderen Seite des Bechers ist das Wappen des Hauses Hufflepuff wundersch\u00f6n dargestellt. Es verleiht jedem Schluck einen Hauch von Eleganz und Stolz. Der Henkel in Form eines Dachses verleiht dem Becher einen einzigartigen Charme und sorgt f\u00fcr einen bequemen Griff. Das macht diesen Becher sowohl zu einem praktischen als auch zu einem dekorativen Gegenstand.<\/p>\n<p>Besonders hervorzuheben ist, dass das Innere des Bechers aus Aluminium besteht. Aluminium bietet n\u00e4mlich Haltbarkeit und die F\u00e4higkeit, die Temperatur Ihres Getr\u00e4nks zu halten.<\/p>\n<h2>Eine gro\u00dfe Auswahl an Harry Potter-Produkten<\/h2>\n<p>Unsere Harry-Potter-Sammlung geht noch weiter! Neben dem wundersch\u00f6nen \"<strong>Tasse Hufflepuff<\/strong>\" bieten wir eine breite Palette an Merchandising-Produkten an, um alle Bewunderer der Zaubererwelt zufriedenzustellen.<\/p>\n<p>Dazu geh\u00f6ren die <a href=\"https:\/\/repliquemangacine.fr\/de\/essstabchen-figuren-harry-potter\/cedric-diggory-baguette-noyau-metal\/\">Stab von Cedric Diggory<\/a>, eine ikonische Figur aus dem Hause Hufflepuff, ist ein absolutes Muss. Diese detaillierte Replik ist eine perfekte Hommage an Cedrics Erbe und den Geist von Hufflepuff. In unserer Sammlung finden Sie au\u00dferdem <a href=\"https:\/\/repliquemangacine.fr\/de\/sammlerstucke-und-goodies-harry-potter\/pluschtier-hedwige-harry-potter\/\">das Pl\u00fcschtier Hedwig<\/a>Harrys unentbehrliche Eule als Botin. Es gibt auch Sets mit Mini-St\u00e4bchen, die zu Schl\u00fcsselanh\u00e4ngern umfunktioniert wurden. Sowie das <a href=\"https:\/\/repliquemangacine.fr\/de\/sammlerstucke-und-goodies-harry-potter\/ron-weasley-deluminator\/\">Deluminator<\/a> von Ron, der von Dumbledore von <a href=\"https:\/\/noblecollection.fr\/produits-issus-univers-harry-potter-c-163_10.html\" target=\"_blank\" rel=\"noopener noreferrer\">Noble Collection<\/a>und viele andere \u00dcberraschungen.<\/p>\n<p>Jedes Produkt wird sorgf\u00e4ltig nach Qualit\u00e4t und Preis ausgew\u00e4hlt, um ein immersives Erlebnis in der magischen Welt von Harry Potter zu garantieren. Fans werden die Vielfalt unserer Kollektion zu sch\u00e4tzen wissen, die qualitativ hochwertige Sammlerst\u00fccke mit erschwinglichen Preisen verbindet.<\/p>\n<h2>Verschenken Sie das perfekte Geschenk mit dem Hufflepuff-Becher<\/h2>\n<p>Das \"<strong>Tasse Hufflepuff<\/strong>\" ist das perfekte Geschenk f\u00fcr jeden Harry-Potter-Fan und bietet eine einzigartige M\u00f6glichkeit, den Geist dieses ikonischen Hauses zu feiern. Perfekt f\u00fcr einen Geburtstag, einen besonderen Anlass oder einfach nur, um jemandem eine Freude zu machen, ist diese Tasse eine ausgezeichnete Wahl f\u00fcr Fans aller Altersgruppen.<\/p>\n<p>Er ist nicht nur ein praktischer Gegenstand, sondern auch ein Symbol f\u00fcr die Zugeh\u00f6rigkeit zu einer Gemeinschaft - der Gemeinschaft der Hufflepuff-Fans. Indem Sie diesen Becher verschenken, zeigen Sie Ihre Wertsch\u00e4tzung f\u00fcr Werte wie Loyalit\u00e4t und Ausdauer.<\/p>\n<p>Vergessen Sie nicht, unsere komplette Harry-Potter-Sammlung zu durchst\u00f6bern, um weitere Artikel zu entdecken, die zu Ihrem \" \" passen k\u00f6nnten.<strong>Tasse Hufflepuff<\/strong>\". Mit unserem vielf\u00e4ltigen und erschwinglichen Sortiment finden Sie garantiert das perfekte Geschenk, um Hexen und Zauberer in Erstaunen zu versetzen.<\/p>\n<p>Zusammenfassend l\u00e4sst sich sagen, dass dieser Becher auf diese Weise gepflegte \u00c4sthetik mit Funktionalit\u00e4t verbindet. Ein hervorragendes Preis-Leistungs-Verh\u00e4ltnis f\u00fcr ein inoffizielles Produkt, das Harry-Potter-Fans, die einen praktischen, robusten und eleganten Becher suchen, begeistern wird.<\/p>","protected":false},"excerpt":{"rendered":"<p>Wundersch\u00f6ne Tasse aus dem Hause Hufflepuff<\/p>\n<ul>\n<li>Ganz aus Harz<\/li>\n<li>Innenausstattung aus Aluminium<\/li>\n<li>Wundersch\u00f6ne Hintergr\u00fcnde<\/li>\n<li>Handgemacht<\/li>\n<li>Inhalt: 600 ml<\/li>\n<li>H\u00f6he: 15 cm - Durchmesser: 9.5 cm<\/li>\n<\/ul>","protected":false},"featured_media":68713,"template":"","meta":[],"product_brand":[896],"product_cat":[87,41],"product_tag":[],"class_list":{"0":"post-68711","1":"product","2":"type-product","3":"status-publish","4":"has-post-thumbnail","6":"product_brand-replique-manga-cine","7":"product_cat-collectors-et-goodies-harry-potter","8":"product_cat-baguettes-et-goodies-harry-potter","10":"first","11":"outofstock","12":"taxable","13":"shipping-taxable","14":"purchasable","15":"product-type-simple"},"yoast_head":"<!-- This site is optimized with the Yoast SEO plugin v27.5 - https:\/\/yoast.com\/product\/yoast-seo-wordpress\/ -->\n<title>Mug Poufsouffle 600ml - Harry Potter | R\u00e9plique Manga Cin\u00e9<\/title>\n<meta name=\"description\" content=\"D\u00e9couvrez le Mug Poufsouffle en r\u00e9sine de 600 ml, id\u00e9al pour fans de Harry Potter. Design unique, durable, parfait pour cadeaux et collectionneurs.\" \/>\n<meta name=\"robots\" content=\"index, follow, max-snippet:-1, max-image-preview:large, max-video-preview:-1\" \/>\n<link rel=\"canonical\" href=\"https:\/\/repliquemangacine.fr\/de\/sammlerstucke-und-goodies-harry-potter\/tasse-hufflepuff-600ml\/\" \/>\n<meta property=\"og:locale\" content=\"de_DE\" \/>\n<meta property=\"og:type\" content=\"article\" \/>\n<meta property=\"og:title\" content=\"Mug Poufsouffle 600ml - Harry Potter | R\u00e9plique Manga Cin\u00e9\" \/>\n<meta property=\"og:description\" content=\"D\u00e9couvrez le Mug Poufsouffle en r\u00e9sine de 600 ml, id\u00e9al pour fans de Harry Potter. Design unique, durable, parfait pour cadeaux et collectionneurs.\" \/>\n<meta property=\"og:url\" content=\"https:\/\/repliquemangacine.fr\/de\/sammlerstucke-und-goodies-harry-potter\/tasse-hufflepuff-600ml\/\" \/>\n<meta property=\"og:site_name\" content=\"R\u00e9plique Manga Cin\u00e9\" \/>\n<meta property=\"article:publisher\" content=\"https:\/\/www.facebook.com\/RepliqueMangaCine\" \/>\n<meta property=\"article:modified_time\" content=\"2026-03-02T18:30:22+00:00\" \/>\n<meta property=\"og:image\" content=\"https:\/\/repliquemangacine.fr\/wp-content\/uploads\/2024\/01\/Mug-Poufsouffle.jpg\" \/>\n\t<meta property=\"og:image:width\" content=\"500\" \/>\n\t<meta property=\"og:image:height\" content=\"500\" \/>\n\t<meta property=\"og:image:type\" content=\"image\/jpeg\" \/>\n<meta name=\"twitter:card\" content=\"summary_large_image\" \/>\n<meta name=\"twitter:label1\" content=\"Gesch\u00e4tzte Lesezeit\" \/>\n\t<meta name=\"twitter:data1\" content=\"3\u00a0Minuten\" \/>\n<script type=\"application\/ld+json\" class=\"yoast-schema-graph\">{\"@context\":\"https:\\\/\\\/schema.org\",\"@graph\":[{\"@type\":\"WebPage\",\"@id\":\"https:\\\/\\\/repliquemangacine.fr\\\/collectors-et-goodies-harry-potter\\\/mug-poufsouffle-600ml\\\/\",\"url\":\"https:\\\/\\\/repliquemangacine.fr\\\/collectors-et-goodies-harry-potter\\\/mug-poufsouffle-600ml\\\/\",\"name\":\"Mug Poufsouffle 600ml - Harry Potter | R\u00e9plique Manga Cin\u00e9\",\"isPartOf\":{\"@id\":\"https:\\\/\\\/repliquemangacine.fr\\\/#website\"},\"primaryImageOfPage\":{\"@id\":\"https:\\\/\\\/repliquemangacine.fr\\\/collectors-et-goodies-harry-potter\\\/mug-poufsouffle-600ml\\\/#primaryimage\"},\"image\":{\"@id\":\"https:\\\/\\\/repliquemangacine.fr\\\/collectors-et-goodies-harry-potter\\\/mug-poufsouffle-600ml\\\/#primaryimage\"},\"thumbnailUrl\":\"https:\\\/\\\/repliquemangacine.fr\\\/wp-content\\\/uploads\\\/2024\\\/01\\\/Mug-Poufsouffle.jpg\",\"datePublished\":\"2024-01-30T17:14:51+00:00\",\"dateModified\":\"2026-03-02T18:30:22+00:00\",\"description\":\"D\u00e9couvrez le Mug Poufsouffle en r\u00e9sine de 600 ml, id\u00e9al pour fans de Harry Potter. Design unique, durable, parfait pour cadeaux et collectionneurs.\",\"breadcrumb\":{\"@id\":\"https:\\\/\\\/repliquemangacine.fr\\\/collectors-et-goodies-harry-potter\\\/mug-poufsouffle-600ml\\\/#breadcrumb\"},\"inLanguage\":\"de\",\"potentialAction\":[{\"@type\":\"ReadAction\",\"target\":[\"https:\\\/\\\/repliquemangacine.fr\\\/collectors-et-goodies-harry-potter\\\/mug-poufsouffle-600ml\\\/\"]}]},{\"@type\":\"ImageObject\",\"inLanguage\":\"de\",\"@id\":\"https:\\\/\\\/repliquemangacine.fr\\\/collectors-et-goodies-harry-potter\\\/mug-poufsouffle-600ml\\\/#primaryimage\",\"url\":\"https:\\\/\\\/repliquemangacine.fr\\\/wp-content\\\/uploads\\\/2024\\\/01\\\/Mug-Poufsouffle.jpg\",\"contentUrl\":\"https:\\\/\\\/repliquemangacine.fr\\\/wp-content\\\/uploads\\\/2024\\\/01\\\/Mug-Poufsouffle.jpg\",\"width\":500,\"height\":500,\"caption\":\"Mug Poufsouffle Harry Potter\"},{\"@type\":\"BreadcrumbList\",\"@id\":\"https:\\\/\\\/repliquemangacine.fr\\\/collectors-et-goodies-harry-potter\\\/mug-poufsouffle-600ml\\\/#breadcrumb\",\"itemListElement\":[{\"@type\":\"ListItem\",\"position\":1,\"name\":\"Accueil\",\"item\":\"https:\\\/\\\/repliquemangacine.fr\\\/\"},{\"@type\":\"ListItem\",\"position\":2,\"name\":\"Produits\",\"item\":\"https:\\\/\\\/repliquemangacine.fr\\\/boutique\\\/\"},{\"@type\":\"ListItem\",\"position\":3,\"name\":\"Mug Poufsouffle 600ml\"}]},{\"@type\":\"WebSite\",\"@id\":\"https:\\\/\\\/repliquemangacine.fr\\\/#website\",\"url\":\"https:\\\/\\\/repliquemangacine.fr\\\/\",\"name\":\"R\u00e9plique Manga Cin\u00e9\",\"description\":\"\",\"publisher\":{\"@id\":\"https:\\\/\\\/repliquemangacine.fr\\\/#organization\"},\"potentialAction\":[{\"@type\":\"SearchAction\",\"target\":{\"@type\":\"EntryPoint\",\"urlTemplate\":\"https:\\\/\\\/repliquemangacine.fr\\\/?s={search_term_string}\"},\"query-input\":{\"@type\":\"PropertyValueSpecification\",\"valueRequired\":true,\"valueName\":\"search_term_string\"}}],\"inLanguage\":\"de\"},{\"@type\":\"Organization\",\"@id\":\"https:\\\/\\\/repliquemangacine.fr\\\/#organization\",\"name\":\"R\u00e9plique Manga Cin\u00e9\",\"url\":\"https:\\\/\\\/repliquemangacine.fr\\\/\",\"logo\":{\"@type\":\"ImageObject\",\"inLanguage\":\"de\",\"@id\":\"https:\\\/\\\/repliquemangacine.fr\\\/#\\\/schema\\\/logo\\\/image\\\/\",\"url\":\"https:\\\/\\\/repliquemangacine.fr\\\/wp-content\\\/uploads\\\/2023\\\/10\\\/RMC-500250.png\",\"contentUrl\":\"https:\\\/\\\/repliquemangacine.fr\\\/wp-content\\\/uploads\\\/2023\\\/10\\\/RMC-500250.png\",\"width\":500,\"height\":250,\"caption\":\"R\u00e9plique Manga Cin\u00e9\"},\"image\":{\"@id\":\"https:\\\/\\\/repliquemangacine.fr\\\/#\\\/schema\\\/logo\\\/image\\\/\"},\"sameAs\":[\"https:\\\/\\\/www.facebook.com\\\/RepliqueMangaCine\",\"https:\\\/\\\/www.instagram.com\\\/repliquemangacine.fr\\\/\"]}]}<\/script>\n<!-- \/ Yoast SEO plugin. -->","yoast_head_json":{"title":"Tasse Hufflepuff 600ml - Harry Potter | R\u00e9plique Manga Cin\u00e9","description":"Entdecken Sie den 600 ml fassenden Hufflepuff-Becher aus Kunstharz, ideal f\u00fcr Harry Potter-Fans. Einzigartiges Design, langlebig, perfekt f\u00fcr Geschenke und Sammler.","robots":{"index":"index","follow":"follow","max-snippet":"max-snippet:-1","max-image-preview":"max-image-preview:large","max-video-preview":"max-video-preview:-1"},"canonical":"https:\/\/repliquemangacine.fr\/de\/sammlerstucke-und-goodies-harry-potter\/tasse-hufflepuff-600ml\/","og_locale":"de_DE","og_type":"article","og_title":"Mug Poufsouffle 600ml - Harry Potter | R\u00e9plique Manga Cin\u00e9","og_description":"D\u00e9couvrez le Mug Poufsouffle en r\u00e9sine de 600 ml, id\u00e9al pour fans de Harry Potter. Design unique, durable, parfait pour cadeaux et collectionneurs.","og_url":"https:\/\/repliquemangacine.fr\/de\/sammlerstucke-und-goodies-harry-potter\/tasse-hufflepuff-600ml\/","og_site_name":"R\u00e9plique Manga Cin\u00e9","article_publisher":"https:\/\/www.facebook.com\/RepliqueMangaCine","article_modified_time":"2026-03-02T18:30:22+00:00","og_image":[{"width":500,"height":500,"url":"https:\/\/repliquemangacine.fr\/wp-content\/uploads\/2024\/01\/Mug-Poufsouffle.jpg","type":"image\/jpeg"}],"twitter_card":"summary_large_image","twitter_misc":{"Gesch\u00e4tzte Lesezeit":"3\u00a0Minuten"},"schema":{"@context":"https:\/\/schema.org","@graph":[{"@type":"WebPage","@id":"https:\/\/repliquemangacine.fr\/collectors-et-goodies-harry-potter\/mug-poufsouffle-600ml\/","url":"https:\/\/repliquemangacine.fr\/collectors-et-goodies-harry-potter\/mug-poufsouffle-600ml\/","name":"Tasse Hufflepuff 600ml - Harry Potter | R\u00e9plique Manga Cin\u00e9","isPartOf":{"@id":"https:\/\/repliquemangacine.fr\/#website"},"primaryImageOfPage":{"@id":"https:\/\/repliquemangacine.fr\/collectors-et-goodies-harry-potter\/mug-poufsouffle-600ml\/#primaryimage"},"image":{"@id":"https:\/\/repliquemangacine.fr\/collectors-et-goodies-harry-potter\/mug-poufsouffle-600ml\/#primaryimage"},"thumbnailUrl":"https:\/\/repliquemangacine.fr\/wp-content\/uploads\/2024\/01\/Mug-Poufsouffle.jpg","datePublished":"2024-01-30T17:14:51+00:00","dateModified":"2026-03-02T18:30:22+00:00","description":"Entdecken Sie den 600 ml fassenden Hufflepuff-Becher aus Kunstharz, ideal f\u00fcr Harry Potter-Fans. Einzigartiges Design, langlebig, perfekt f\u00fcr Geschenke und Sammler.","breadcrumb":{"@id":"https:\/\/repliquemangacine.fr\/collectors-et-goodies-harry-potter\/mug-poufsouffle-600ml\/#breadcrumb"},"inLanguage":"de","potentialAction":[{"@type":"ReadAction","target":["https:\/\/repliquemangacine.fr\/collectors-et-goodies-harry-potter\/mug-poufsouffle-600ml\/"]}]},{"@type":"ImageObject","inLanguage":"de","@id":"https:\/\/repliquemangacine.fr\/collectors-et-goodies-harry-potter\/mug-poufsouffle-600ml\/#primaryimage","url":"https:\/\/repliquemangacine.fr\/wp-content\/uploads\/2024\/01\/Mug-Poufsouffle.jpg","contentUrl":"https:\/\/repliquemangacine.fr\/wp-content\/uploads\/2024\/01\/Mug-Poufsouffle.jpg","width":500,"height":500,"caption":"Mug Poufsouffle Harry Potter"},{"@type":"BreadcrumbList","@id":"https:\/\/repliquemangacine.fr\/collectors-et-goodies-harry-potter\/mug-poufsouffle-600ml\/#breadcrumb","itemListElement":[{"@type":"ListItem","position":1,"name":"Accueil","item":"https:\/\/repliquemangacine.fr\/"},{"@type":"ListItem","position":2,"name":"Produits","item":"https:\/\/repliquemangacine.fr\/boutique\/"},{"@type":"ListItem","position":3,"name":"Mug Poufsouffle 600ml"}]},{"@type":"WebSite","@id":"https:\/\/repliquemangacine.fr\/#website","url":"https:\/\/repliquemangacine.fr\/","name":"R\u00e9plique Manga Cin\u00e9","description":"","publisher":{"@id":"https:\/\/repliquemangacine.fr\/#organization"},"potentialAction":[{"@type":"SearchAction","target":{"@type":"EntryPoint","urlTemplate":"https:\/\/repliquemangacine.fr\/?s={search_term_string}"},"query-input":{"@type":"PropertyValueSpecification","valueRequired":true,"valueName":"search_term_string"}}],"inLanguage":"de"},{"@type":"Organization","@id":"https:\/\/repliquemangacine.fr\/#organization","name":"R\u00e9plique Manga Cin\u00e9","url":"https:\/\/repliquemangacine.fr\/","logo":{"@type":"ImageObject","inLanguage":"de","@id":"https:\/\/repliquemangacine.fr\/#\/schema\/logo\/image\/","url":"https:\/\/repliquemangacine.fr\/wp-content\/uploads\/2023\/10\/RMC-500250.png","contentUrl":"https:\/\/repliquemangacine.fr\/wp-content\/uploads\/2023\/10\/RMC-500250.png","width":500,"height":250,"caption":"R\u00e9plique Manga Cin\u00e9"},"image":{"@id":"https:\/\/repliquemangacine.fr\/#\/schema\/logo\/image\/"},"sameAs":["https:\/\/www.facebook.com\/RepliqueMangaCine","https:\/\/www.instagram.com\/repliquemangacine.fr\/"]}]}},"_links":{"self":[{"href":"https:\/\/repliquemangacine.fr\/de\/wp-json\/wp\/v2\/product\/68711","targetHints":{"allow":["GET"]}}],"collection":[{"href":"https:\/\/repliquemangacine.fr\/de\/wp-json\/wp\/v2\/product"}],"about":[{"href":"https:\/\/repliquemangacine.fr\/de\/wp-json\/wp\/v2\/types\/product"}],"wp:featuredmedia":[{"embeddable":true,"href":"https:\/\/repliquemangacine.fr\/de\/wp-json\/wp\/v2\/media\/68713"}],"wp:attachment":[{"href":"https:\/\/repliquemangacine.fr\/de\/wp-json\/wp\/v2\/media?parent=68711"}],"wp:term":[{"taxonomy":"product_brand","embeddable":true,"href":"https:\/\/repliquemangacine.fr\/de\/wp-json\/wp\/v2\/product_brand?post=68711"},{"taxonomy":"product_cat","embeddable":true,"href":"https:\/\/repliquemangacine.fr\/de\/wp-json\/wp\/v2\/product_cat?post=68711"},{"taxonomy":"product_tag","embeddable":true,"href":"https:\/\/repliquemangacine.fr\/de\/wp-json\/wp\/v2\/product_tag?post=68711"}],"curies":[{"name":"wp","href":"https:\/\/api.w.org\/{rel}","templated":true}]}}