





{"id":68116,"date":"2024-01-17T14:27:23","date_gmt":"2024-01-17T13:27:23","guid":{"rendered":"https:\/\/repliquemangacine.fr\/?post_type=product&#038;p=68116"},"modified":"2026-03-21T09:28:40","modified_gmt":"2026-03-21T08:28:40","slug":"pflegekit-fur-katana","status":"publish","type":"product","link":"https:\/\/repliquemangacine.fr\/de\/katana-forge\/kit-dentretien-pour-katana\/","title":{"rendered":"Pflegeset f\u00fcr Katana"},"content":{"rendered":"<h2>Das Wichtigste f\u00fcr die Pflege Ihres Katanas<\/h2>\n<p>In erster Linie <strong>Pflegeset f\u00fcr Katana<\/strong> ist unerl\u00e4sslich, um seine Sch\u00f6nheit und Funktionalit\u00e4t zu bewahren.<\/p>\n<p>Die Wartung eines <a href=\"https:\/\/www.ici-japon.com\/culture-japonaise\/arts-martiaux-japonais\/les-sabres-japonais\/\" target=\"_blank\" rel=\"noopener noreferrer\">S\u00e4bel<\/a> ist eine Kunst f\u00fcr sich, die Aufmerksamkeit und Pr\u00e4zision erfordert. Unser Angebot wurde speziell f\u00fcr die Bed\u00fcrfnisse Ihres wertvollen Schwertes entwickelt. Es enth\u00e4lt alles, was Sie brauchen: hochwertiges \u00d6l zum Schutz der Klinge, ein weiches Pflegetuch, Polierpulver sowie einen kleinen Hammer und Ersatzmekugi. Mit diesem Set k\u00f6nnen Sie nicht nur den Glanz Ihres Katanas erhalten, sondern auch seine Langlebigkeit und Funktionsf\u00e4higkeit sicherstellen.<\/p>\n<h2>Warum Sie sich f\u00fcr unser Katana-Pflege-Set entscheiden sollten<\/h2>\n<p>Bei der Auswahl eines Pflege-Sets f\u00fcr Ihr Katana ist es wichtig, auf hochwertige Produkte zu achten. Ein gutes Set verl\u00e4ngert die Lebensdauer Ihres Schwertes und sorgt daf\u00fcr, dass es ein Objekt des Stolzes und der Leistungsf\u00e4higkeit bleibt.<\/p>\n<p>Unser Pflege-Set f\u00fcr Katana zeichnet sich durch die Qualit\u00e4t seiner Bestandteile aus. Zun\u00e4chst einmal das Ch\u00f4ji-\u00d6l, das f\u00fcr den Schutz der Klinge vor Korrosion und Feuchtigkeit unerl\u00e4sslich ist. Dann gibt es noch Reispapier oder weiches Tuch, mit dem das \u00d6l aufgetragen und die Klinge poliert wird. Ein Holzhammer (Mekugi-Nuki) zum Zerlegen des Katana ist ebenfalls enthalten, um eine gr\u00fcndliche Reinigung und Pflege zu erm\u00f6glichen. Schlie\u00dflich dient das Polierpulver (Uchiko) dazu, die Klinge zu konservieren und alte \u00d6lschichten zu entfernen, um optimalen Glanz und Schutz zu gew\u00e4hrleisten.<\/p>\n<h2>Vorteile einer regelm\u00e4\u00dfigen Wartung mit unserem Kit<\/h2>\n<p>Die regelm\u00e4\u00dfige Verwendung unseres Katana-Pflegesets ist entscheidend, um Ihr Schwert in einwandfreiem Zustand zu halten. Durch eine monatliche Pflege verhindern Sie Korrosion und erhalten die Sch\u00e4rfe der Klinge. Unser Set ist au\u00dferdem so konzipiert, dass es einfach zu verwenden ist. Ganz gleich, ob Sie ein Experte oder ein Neuling in der Pflege von Katanas sind. Jede Komponente des Sets wurde aufgrund ihrer einfachen Handhabung und Wirksamkeit ausgew\u00e4hlt. So k\u00f6nnen Sie Ihr Katana wie ein echter Samurai pflegen.<\/p>\n<p>Zusammenfassend l\u00e4sst sich sagen, dass Sie Ihr Katana auf einem <a href=\"https:\/\/repliquemangacine.fr\/de\/katana-zubehor\/katana-wandhalterung-1-platz\/\">Wandhalterung<\/a> oder Schreibtisch und bewundern Sie ihn, wie es sich geh\u00f6rt. Entdecken Sie unser Sortiment an <a href=\"https:\/\/repliquemangacine.fr\/de\/katana-schmiede\/\">geschmiedetes Katana<\/a> zum besten Preis.<\/p>","protected":false},"excerpt":{"rendered":"<p>Dieses Katana-Pflege-Set enth\u00e4lt :<\/p>\n<ul>\n<li>Ein Tuch<\/li>\n<li>Ein \u00d6l f\u00fcr die Klinge<\/li>\n<li>Eine Kugel Polierpulver<\/li>\n<li>Ein kleiner Hammer<\/li>\n<li>Verpackung in einer Holzkiste<\/li>\n<\/ul>","protected":false},"featured_media":68117,"template":"","meta":[],"product_brand":[896],"product_cat":[50,38],"product_tag":[],"class_list":{"0":"post-68116","1":"product","2":"type-product","3":"status-publish","4":"has-post-thumbnail","6":"product_brand-replique-manga-cine","7":"product_cat-accessoires-katana","8":"product_cat-katana-forge","10":"first","11":"instock","12":"taxable","13":"shipping-taxable","14":"purchasable","15":"product-type-simple"},"yoast_head":"<!-- This site is optimized with the Yoast SEO plugin v27.5 - https:\/\/yoast.com\/product\/yoast-seo-wordpress\/ -->\n<title>Kit d&#039;entretien pour katana | R\u00e9plique Manga Cin\u00e9<\/title>\n<meta name=\"description\" content=\"D\u00e9couvrez notre Kit d&#039;entretien pour katana : Haute qualit\u00e9, facile d&#039;utilisation. Efficacit\u00e9 et tradition pour un entretien impeccable !\" \/>\n<meta name=\"robots\" content=\"index, follow, max-snippet:-1, max-image-preview:large, max-video-preview:-1\" \/>\n<link rel=\"canonical\" href=\"https:\/\/repliquemangacine.fr\/de\/katana-schmiede\/pflegekit-fur-katana\/\" \/>\n<meta property=\"og:locale\" content=\"de_DE\" \/>\n<meta property=\"og:type\" content=\"article\" \/>\n<meta property=\"og:title\" content=\"Kit d&#039;entretien pour katana | R\u00e9plique Manga Cin\u00e9\" \/>\n<meta property=\"og:description\" content=\"D\u00e9couvrez notre Kit d&#039;entretien pour katana : Haute qualit\u00e9, facile d&#039;utilisation. Efficacit\u00e9 et tradition pour un entretien impeccable !\" \/>\n<meta property=\"og:url\" content=\"https:\/\/repliquemangacine.fr\/de\/katana-schmiede\/pflegekit-fur-katana\/\" \/>\n<meta property=\"og:site_name\" content=\"R\u00e9plique Manga Cin\u00e9\" \/>\n<meta property=\"article:publisher\" content=\"https:\/\/www.facebook.com\/RepliqueMangaCine\" \/>\n<meta property=\"article:modified_time\" content=\"2026-03-21T08:28:40+00:00\" \/>\n<meta property=\"og:image\" content=\"https:\/\/repliquemangacine.fr\/wp-content\/uploads\/2024\/01\/kit-dentretien-katana.jpg\" \/>\n\t<meta property=\"og:image:width\" content=\"500\" \/>\n\t<meta property=\"og:image:height\" content=\"500\" \/>\n\t<meta property=\"og:image:type\" content=\"image\/jpeg\" \/>\n<meta name=\"twitter:card\" content=\"summary_large_image\" \/>\n<meta name=\"twitter:label1\" content=\"Gesch\u00e4tzte Lesezeit\" \/>\n\t<meta name=\"twitter:data1\" content=\"3\u00a0Minuten\" \/>\n<script type=\"application\/ld+json\" class=\"yoast-schema-graph\">{\"@context\":\"https:\\\/\\\/schema.org\",\"@graph\":[{\"@type\":\"WebPage\",\"@id\":\"https:\\\/\\\/repliquemangacine.fr\\\/katana-forge\\\/kit-dentretien-pour-katana\\\/\",\"url\":\"https:\\\/\\\/repliquemangacine.fr\\\/katana-forge\\\/kit-dentretien-pour-katana\\\/\",\"name\":\"Kit d'entretien pour katana | R\u00e9plique Manga Cin\u00e9\",\"isPartOf\":{\"@id\":\"https:\\\/\\\/repliquemangacine.fr\\\/#website\"},\"primaryImageOfPage\":{\"@id\":\"https:\\\/\\\/repliquemangacine.fr\\\/katana-forge\\\/kit-dentretien-pour-katana\\\/#primaryimage\"},\"image\":{\"@id\":\"https:\\\/\\\/repliquemangacine.fr\\\/katana-forge\\\/kit-dentretien-pour-katana\\\/#primaryimage\"},\"thumbnailUrl\":\"https:\\\/\\\/repliquemangacine.fr\\\/wp-content\\\/uploads\\\/2024\\\/01\\\/kit-dentretien-katana.jpg\",\"datePublished\":\"2024-01-17T13:27:23+00:00\",\"dateModified\":\"2026-03-21T08:28:40+00:00\",\"description\":\"D\u00e9couvrez notre Kit d'entretien pour katana : Haute qualit\u00e9, facile d'utilisation. Efficacit\u00e9 et tradition pour un entretien impeccable !\",\"breadcrumb\":{\"@id\":\"https:\\\/\\\/repliquemangacine.fr\\\/katana-forge\\\/kit-dentretien-pour-katana\\\/#breadcrumb\"},\"inLanguage\":\"de\",\"potentialAction\":[{\"@type\":\"ReadAction\",\"target\":[\"https:\\\/\\\/repliquemangacine.fr\\\/katana-forge\\\/kit-dentretien-pour-katana\\\/\"]}]},{\"@type\":\"ImageObject\",\"inLanguage\":\"de\",\"@id\":\"https:\\\/\\\/repliquemangacine.fr\\\/katana-forge\\\/kit-dentretien-pour-katana\\\/#primaryimage\",\"url\":\"https:\\\/\\\/repliquemangacine.fr\\\/wp-content\\\/uploads\\\/2024\\\/01\\\/kit-dentretien-katana.jpg\",\"contentUrl\":\"https:\\\/\\\/repliquemangacine.fr\\\/wp-content\\\/uploads\\\/2024\\\/01\\\/kit-dentretien-katana.jpg\",\"width\":500,\"height\":500,\"caption\":\"Kit d'entretien pour katana\"},{\"@type\":\"BreadcrumbList\",\"@id\":\"https:\\\/\\\/repliquemangacine.fr\\\/katana-forge\\\/kit-dentretien-pour-katana\\\/#breadcrumb\",\"itemListElement\":[{\"@type\":\"ListItem\",\"position\":1,\"name\":\"Accueil\",\"item\":\"https:\\\/\\\/repliquemangacine.fr\\\/\"},{\"@type\":\"ListItem\",\"position\":2,\"name\":\"Produits\",\"item\":\"https:\\\/\\\/repliquemangacine.fr\\\/boutique\\\/\"},{\"@type\":\"ListItem\",\"position\":3,\"name\":\"Kit d&#8217;entretien pour katana\"}]},{\"@type\":\"WebSite\",\"@id\":\"https:\\\/\\\/repliquemangacine.fr\\\/#website\",\"url\":\"https:\\\/\\\/repliquemangacine.fr\\\/\",\"name\":\"R\u00e9plique Manga Cin\u00e9\",\"description\":\"\",\"publisher\":{\"@id\":\"https:\\\/\\\/repliquemangacine.fr\\\/#organization\"},\"potentialAction\":[{\"@type\":\"SearchAction\",\"target\":{\"@type\":\"EntryPoint\",\"urlTemplate\":\"https:\\\/\\\/repliquemangacine.fr\\\/?s={search_term_string}\"},\"query-input\":{\"@type\":\"PropertyValueSpecification\",\"valueRequired\":true,\"valueName\":\"search_term_string\"}}],\"inLanguage\":\"de\"},{\"@type\":\"Organization\",\"@id\":\"https:\\\/\\\/repliquemangacine.fr\\\/#organization\",\"name\":\"R\u00e9plique Manga Cin\u00e9\",\"url\":\"https:\\\/\\\/repliquemangacine.fr\\\/\",\"logo\":{\"@type\":\"ImageObject\",\"inLanguage\":\"de\",\"@id\":\"https:\\\/\\\/repliquemangacine.fr\\\/#\\\/schema\\\/logo\\\/image\\\/\",\"url\":\"https:\\\/\\\/repliquemangacine.fr\\\/wp-content\\\/uploads\\\/2023\\\/10\\\/RMC-500250.png\",\"contentUrl\":\"https:\\\/\\\/repliquemangacine.fr\\\/wp-content\\\/uploads\\\/2023\\\/10\\\/RMC-500250.png\",\"width\":500,\"height\":250,\"caption\":\"R\u00e9plique Manga Cin\u00e9\"},\"image\":{\"@id\":\"https:\\\/\\\/repliquemangacine.fr\\\/#\\\/schema\\\/logo\\\/image\\\/\"},\"sameAs\":[\"https:\\\/\\\/www.facebook.com\\\/RepliqueMangaCine\",\"https:\\\/\\\/www.instagram.com\\\/repliquemangacine.fr\\\/\"]}]}<\/script>\n<!-- \/ Yoast SEO plugin. -->","yoast_head_json":{"title":"Pflegeset f\u00fcr Katana | R\u00e9plique Manga Cin\u00e9","description":"Entdecken Sie unser Katana-Pflegeset: Hohe Qualit\u00e4t, einfach zu verwenden. Effizienz und Tradition f\u00fcr eine einwandfreie Pflege!","robots":{"index":"index","follow":"follow","max-snippet":"max-snippet:-1","max-image-preview":"max-image-preview:large","max-video-preview":"max-video-preview:-1"},"canonical":"https:\/\/repliquemangacine.fr\/de\/katana-schmiede\/pflegekit-fur-katana\/","og_locale":"de_DE","og_type":"article","og_title":"Kit d'entretien pour katana | R\u00e9plique Manga Cin\u00e9","og_description":"D\u00e9couvrez notre Kit d'entretien pour katana : Haute qualit\u00e9, facile d'utilisation. Efficacit\u00e9 et tradition pour un entretien impeccable !","og_url":"https:\/\/repliquemangacine.fr\/de\/katana-schmiede\/pflegekit-fur-katana\/","og_site_name":"R\u00e9plique Manga Cin\u00e9","article_publisher":"https:\/\/www.facebook.com\/RepliqueMangaCine","article_modified_time":"2026-03-21T08:28:40+00:00","og_image":[{"width":500,"height":500,"url":"https:\/\/repliquemangacine.fr\/wp-content\/uploads\/2024\/01\/kit-dentretien-katana.jpg","type":"image\/jpeg"}],"twitter_card":"summary_large_image","twitter_misc":{"Gesch\u00e4tzte Lesezeit":"3\u00a0Minuten"},"schema":{"@context":"https:\/\/schema.org","@graph":[{"@type":"WebPage","@id":"https:\/\/repliquemangacine.fr\/katana-forge\/kit-dentretien-pour-katana\/","url":"https:\/\/repliquemangacine.fr\/katana-forge\/kit-dentretien-pour-katana\/","name":"Pflegeset f\u00fcr Katana | R\u00e9plique Manga Cin\u00e9","isPartOf":{"@id":"https:\/\/repliquemangacine.fr\/#website"},"primaryImageOfPage":{"@id":"https:\/\/repliquemangacine.fr\/katana-forge\/kit-dentretien-pour-katana\/#primaryimage"},"image":{"@id":"https:\/\/repliquemangacine.fr\/katana-forge\/kit-dentretien-pour-katana\/#primaryimage"},"thumbnailUrl":"https:\/\/repliquemangacine.fr\/wp-content\/uploads\/2024\/01\/kit-dentretien-katana.jpg","datePublished":"2024-01-17T13:27:23+00:00","dateModified":"2026-03-21T08:28:40+00:00","description":"Entdecken Sie unser Katana-Pflegeset: Hohe Qualit\u00e4t, einfach zu verwenden. Effizienz und Tradition f\u00fcr eine einwandfreie Pflege!","breadcrumb":{"@id":"https:\/\/repliquemangacine.fr\/katana-forge\/kit-dentretien-pour-katana\/#breadcrumb"},"inLanguage":"de","potentialAction":[{"@type":"ReadAction","target":["https:\/\/repliquemangacine.fr\/katana-forge\/kit-dentretien-pour-katana\/"]}]},{"@type":"ImageObject","inLanguage":"de","@id":"https:\/\/repliquemangacine.fr\/katana-forge\/kit-dentretien-pour-katana\/#primaryimage","url":"https:\/\/repliquemangacine.fr\/wp-content\/uploads\/2024\/01\/kit-dentretien-katana.jpg","contentUrl":"https:\/\/repliquemangacine.fr\/wp-content\/uploads\/2024\/01\/kit-dentretien-katana.jpg","width":500,"height":500,"caption":"Kit d'entretien pour katana"},{"@type":"BreadcrumbList","@id":"https:\/\/repliquemangacine.fr\/katana-forge\/kit-dentretien-pour-katana\/#breadcrumb","itemListElement":[{"@type":"ListItem","position":1,"name":"Accueil","item":"https:\/\/repliquemangacine.fr\/"},{"@type":"ListItem","position":2,"name":"Produits","item":"https:\/\/repliquemangacine.fr\/boutique\/"},{"@type":"ListItem","position":3,"name":"Kit d&#8217;entretien pour katana"}]},{"@type":"WebSite","@id":"https:\/\/repliquemangacine.fr\/#website","url":"https:\/\/repliquemangacine.fr\/","name":"R\u00e9plique Manga Cin\u00e9","description":"","publisher":{"@id":"https:\/\/repliquemangacine.fr\/#organization"},"potentialAction":[{"@type":"SearchAction","target":{"@type":"EntryPoint","urlTemplate":"https:\/\/repliquemangacine.fr\/?s={search_term_string}"},"query-input":{"@type":"PropertyValueSpecification","valueRequired":true,"valueName":"search_term_string"}}],"inLanguage":"de"},{"@type":"Organization","@id":"https:\/\/repliquemangacine.fr\/#organization","name":"R\u00e9plique Manga Cin\u00e9","url":"https:\/\/repliquemangacine.fr\/","logo":{"@type":"ImageObject","inLanguage":"de","@id":"https:\/\/repliquemangacine.fr\/#\/schema\/logo\/image\/","url":"https:\/\/repliquemangacine.fr\/wp-content\/uploads\/2023\/10\/RMC-500250.png","contentUrl":"https:\/\/repliquemangacine.fr\/wp-content\/uploads\/2023\/10\/RMC-500250.png","width":500,"height":250,"caption":"R\u00e9plique Manga Cin\u00e9"},"image":{"@id":"https:\/\/repliquemangacine.fr\/#\/schema\/logo\/image\/"},"sameAs":["https:\/\/www.facebook.com\/RepliqueMangaCine","https:\/\/www.instagram.com\/repliquemangacine.fr\/"]}]}},"_links":{"self":[{"href":"https:\/\/repliquemangacine.fr\/de\/wp-json\/wp\/v2\/product\/68116","targetHints":{"allow":["GET"]}}],"collection":[{"href":"https:\/\/repliquemangacine.fr\/de\/wp-json\/wp\/v2\/product"}],"about":[{"href":"https:\/\/repliquemangacine.fr\/de\/wp-json\/wp\/v2\/types\/product"}],"wp:featuredmedia":[{"embeddable":true,"href":"https:\/\/repliquemangacine.fr\/de\/wp-json\/wp\/v2\/media\/68117"}],"wp:attachment":[{"href":"https:\/\/repliquemangacine.fr\/de\/wp-json\/wp\/v2\/media?parent=68116"}],"wp:term":[{"taxonomy":"product_brand","embeddable":true,"href":"https:\/\/repliquemangacine.fr\/de\/wp-json\/wp\/v2\/product_brand?post=68116"},{"taxonomy":"product_cat","embeddable":true,"href":"https:\/\/repliquemangacine.fr\/de\/wp-json\/wp\/v2\/product_cat?post=68116"},{"taxonomy":"product_tag","embeddable":true,"href":"https:\/\/repliquemangacine.fr\/de\/wp-json\/wp\/v2\/product_tag?post=68116"}],"curies":[{"name":"wp","href":"https:\/\/api.w.org\/{rel}","templated":true}]}}