





{"id":68021,"date":"2024-01-13T17:35:50","date_gmt":"2024-01-13T16:35:50","guid":{"rendered":"https:\/\/repliquemangacine.fr\/?post_type=product&#038;p=68021"},"modified":"2026-02-01T21:27:19","modified_gmt":"2026-02-01T20:27:19","slug":"rotkehlchen","status":"publish","type":"product","link":"https:\/\/repliquemangacine.fr\/de\/epee-templier-medievale\/epee-robin-des-bois\/","title":{"rendered":"Schwert Robin Hood"},"content":{"rendered":"<h2>Entdecken Sie das Schwert von Robin Hood von Russell Crowe<\/h2>\n<p>Tauchen Sie zun\u00e4chst in die Welt von Ridley Scott ein, mit dem<strong>Robin Hoods Schwert<\/strong> getragen von Russell Crowe. Diese inoffizielle Replik ist eine Hommage an den gefeierten Film von 2010 und bietet bemerkenswerte Qualit\u00e4t zu einem erschwinglichen Preis. Das Schwert f\u00e4ngt den Geist des mittelalterlichen Abenteurers ein und verleiht Ihrer Sammlung einen Hauch von Authentizit\u00e4t.<\/p>\n<p>Das Schwert von<a href=\"https:\/\/wikidoublage.fandom.com\/fr\/wiki\/Robin_des_Bois_(2010)\" target=\"_blank\" rel=\"noopener noreferrer\"> Robin Hood<\/a> Das hier angebotene Schwert verbindet gekonnt Qualit\u00e4t mit einem attraktiven Preis. Es wurde aus erstklassigen Materialien hergestellt und ist so konzipiert, dass es langlebig und dennoch erschwinglich ist. Die Liebe zum Detail zeigt sich in jedem Aspekt dieses Schwertes. Von der Parierstange bis zur Spitze der Klinge ist es eine originalgetreue Nachbildung des Schwertes, das Russell Crowe im Film verwendet hat.<\/p>\n<p>Perfekt f\u00fcr Liebhaber mittelalterlicher Waffen, Filmfans oder Sammler, die auf der Suche nach einem hochwertigen Artikel sind, ohne sich finanziell zu ruinieren.<\/p>\n<h2>Ein unverzichtbares Sammlerst\u00fcck<\/h2>\n<p>L'<strong>Robin Hoods Schwert<\/strong> ist mehr als nur eine Replik: Es ist ein echtes Sammlerst\u00fcck. Es wird Fans der Legende von Robin Hood und Bewunderer des Films von Ridley Scott begeistern. Jedes Detail dieses Schwertes spiegelt den k\u00fchnen Charakter und die Noblesse von Robin Hood wider, wie er von Russell Crowe interpretiert wird. Dieses einzigartige St\u00fcck verleiht jeder Sammlung von Waffen oder Filmrequisiten einen historischen und filmischen Mehrwert.<\/p>\n<p>Dies ist also die perfekte Gelegenheit, ein St\u00fcck Filmgeschichte und der Legende von Robin Hood zu einem au\u00dfergew\u00f6hnlichen Preis zu erwerben. Verpassen Sie also nicht die Gelegenheit, dieses symboltr\u00e4chtige Schwert in Ihre Sammlung aufzunehmen.<\/p>\n<h2>Wie pflegt man die Klinge seines Robin Hood-Schwerts?<\/h2>\n<p>Sammlungs- und Dekorationsschwerter werden in vereinfachter Form hergestellt und zusammengebaut. Da sie zu Dekorationszwecken verwendet werden, fehlen ihnen die Sicherheitselemente, die ein japanisches Schwert f\u00fcr Trainingszwecke aufweisen muss.<\/p>\n<p>Allerdings ist Ihr <strong>Robin Hoods Schwert<\/strong> zu einer Stahlklinge, die gepflegt werden muss, damit sie nicht mit der Zeit abgenutzt wird. Denn wenn du dein Schwert ausstellst, werden deine Freunde neugierig sein, die Klinge zu sehen und sie zu ber\u00fchren. Hierauf m\u00fcssen Sie achten. Es ist wichtig zu betonen, dass die S\u00e4ure der Finger f\u00fcr Stahl jeglicher Qualit\u00e4t sehr sch\u00e4dlich ist. Wenn das passiert, keine Panik, Sie brauchen nur einen Lappen, den Sie mit ein wenig Wasser befeuchten.<a href=\"https:\/\/repliquemangacine.fr\/de\/historische-waffen\/universalol-ballistol\/\">Ballistol Universal\u00f6l<\/a> und Fingerabdr\u00fccke abwischen. Wenn Sie dies tun, bleibt Ihnen Ihr Schwert sehr lange erhalten.<\/p>","protected":false},"excerpt":{"rendered":"<p>Wundersch\u00f6ne Replik von Russell Crowes Schwert in Ridley Scotts Film Robin Hood<\/p>\n<ul>\n<li>Klinge aus 440er Edelstahl mit zentraler Hohlkehle<\/li>\n<li>Zweischneidig gut schneidend<\/li>\n<li>\u00c4tzen auf beiden Seiten \"Robin Hood auf der Mitte der Klinge<\/li>\n<li>Knauf aus Vollstahl mit erhabenem Templerkreuz<\/li>\n<li>Griff aus Metall und PVC mit roter Perle verziert<\/li>\n<li>Garde aus gealtertem Vollstahl<\/li>\n<li>Wird mit einer Wandhalterung aus Holz geliefert<\/li>\n<li>L\u00e4nge der Klinge: 73.5 cm - Gesamtl\u00e4nge: 95 cm<\/li>\n<li>Gewicht 1005 g<\/li>\n<\/ul>","protected":false},"featured_media":68022,"template":"","meta":[],"product_brand":[896],"product_cat":[91,66,84],"product_tag":[],"class_list":{"0":"post-68021","1":"product","2":"type-product","3":"status-publish","4":"has-post-thumbnail","6":"product_brand-replique-manga-cine","7":"product_cat-katana-les-epees-de-films-et-series","8":"product_cat-repliques-d-armes-films-et-series","9":"product_cat-epee-templier-medievale","11":"first","12":"instock","13":"taxable","14":"shipping-taxable","15":"purchasable","16":"product-type-simple"},"yoast_head":"<!-- This site is optimized with the Yoast SEO plugin v27.5 - https:\/\/yoast.com\/product\/yoast-seo-wordpress\/ -->\n<title>\u00c9p\u00e9e Robin des Bois | R\u00e9plique Manga Cin\u00e9<\/title>\n<meta name=\"description\" content=\"D\u00e9couvrez l&#039;\u00c9p\u00e9e Robin des Bois, r\u00e9plique de qualit\u00e9 inspir\u00e9e du film avec Russell Crowe. Un objet de collection unique \u00e0 prix abordable. 95 cm\" \/>\n<meta name=\"robots\" content=\"index, follow, max-snippet:-1, max-image-preview:large, max-video-preview:-1\" \/>\n<link rel=\"canonical\" href=\"https:\/\/repliquemangacine.fr\/de\/mittelalterliches-schwert-der-templer\/rotkehlchen\/\" \/>\n<meta property=\"og:locale\" content=\"de_DE\" \/>\n<meta property=\"og:type\" content=\"article\" \/>\n<meta property=\"og:title\" content=\"\u00c9p\u00e9e Robin des Bois | R\u00e9plique Manga Cin\u00e9\" \/>\n<meta property=\"og:description\" content=\"D\u00e9couvrez l&#039;\u00c9p\u00e9e Robin des Bois, r\u00e9plique de qualit\u00e9 inspir\u00e9e du film avec Russell Crowe. Un objet de collection unique \u00e0 prix abordable. 95 cm\" \/>\n<meta property=\"og:url\" content=\"https:\/\/repliquemangacine.fr\/de\/mittelalterliches-schwert-der-templer\/rotkehlchen\/\" \/>\n<meta property=\"og:site_name\" content=\"R\u00e9plique Manga Cin\u00e9\" \/>\n<meta property=\"article:publisher\" content=\"https:\/\/www.facebook.com\/RepliqueMangaCine\" \/>\n<meta property=\"article:modified_time\" content=\"2026-02-01T20:27:19+00:00\" \/>\n<meta property=\"og:image\" content=\"https:\/\/repliquemangacine.fr\/wp-content\/uploads\/2024\/01\/Epee-Robin-des-bois-ridley-scott.jpg\" \/>\n\t<meta property=\"og:image:width\" content=\"500\" \/>\n\t<meta property=\"og:image:height\" content=\"500\" \/>\n\t<meta property=\"og:image:type\" content=\"image\/jpeg\" \/>\n<meta name=\"twitter:card\" content=\"summary_large_image\" \/>\n<meta name=\"twitter:label1\" content=\"Gesch\u00e4tzte Lesezeit\" \/>\n\t<meta name=\"twitter:data1\" content=\"3\u00a0Minuten\" \/>\n<script type=\"application\/ld+json\" class=\"yoast-schema-graph\">{\"@context\":\"https:\\\/\\\/schema.org\",\"@graph\":[{\"@type\":\"WebPage\",\"@id\":\"https:\\\/\\\/repliquemangacine.fr\\\/epee-templier-medievale\\\/epee-robin-des-bois\\\/\",\"url\":\"https:\\\/\\\/repliquemangacine.fr\\\/epee-templier-medievale\\\/epee-robin-des-bois\\\/\",\"name\":\"\u00c9p\u00e9e Robin des Bois | R\u00e9plique Manga Cin\u00e9\",\"isPartOf\":{\"@id\":\"https:\\\/\\\/repliquemangacine.fr\\\/#website\"},\"primaryImageOfPage\":{\"@id\":\"https:\\\/\\\/repliquemangacine.fr\\\/epee-templier-medievale\\\/epee-robin-des-bois\\\/#primaryimage\"},\"image\":{\"@id\":\"https:\\\/\\\/repliquemangacine.fr\\\/epee-templier-medievale\\\/epee-robin-des-bois\\\/#primaryimage\"},\"thumbnailUrl\":\"https:\\\/\\\/repliquemangacine.fr\\\/wp-content\\\/uploads\\\/2024\\\/01\\\/Epee-Robin-des-bois-ridley-scott.jpg\",\"datePublished\":\"2024-01-13T16:35:50+00:00\",\"dateModified\":\"2026-02-01T20:27:19+00:00\",\"description\":\"D\u00e9couvrez l'\u00c9p\u00e9e Robin des Bois, r\u00e9plique de qualit\u00e9 inspir\u00e9e du film avec Russell Crowe. Un objet de collection unique \u00e0 prix abordable. 95 cm\",\"breadcrumb\":{\"@id\":\"https:\\\/\\\/repliquemangacine.fr\\\/epee-templier-medievale\\\/epee-robin-des-bois\\\/#breadcrumb\"},\"inLanguage\":\"de\",\"potentialAction\":[{\"@type\":\"ReadAction\",\"target\":[\"https:\\\/\\\/repliquemangacine.fr\\\/epee-templier-medievale\\\/epee-robin-des-bois\\\/\"]}]},{\"@type\":\"ImageObject\",\"inLanguage\":\"de\",\"@id\":\"https:\\\/\\\/repliquemangacine.fr\\\/epee-templier-medievale\\\/epee-robin-des-bois\\\/#primaryimage\",\"url\":\"https:\\\/\\\/repliquemangacine.fr\\\/wp-content\\\/uploads\\\/2024\\\/01\\\/Epee-Robin-des-bois-ridley-scott.jpg\",\"contentUrl\":\"https:\\\/\\\/repliquemangacine.fr\\\/wp-content\\\/uploads\\\/2024\\\/01\\\/Epee-Robin-des-bois-ridley-scott.jpg\",\"width\":500,\"height\":500,\"caption\":\"\u00c9p\u00e9e de Robin des Bois\"},{\"@type\":\"BreadcrumbList\",\"@id\":\"https:\\\/\\\/repliquemangacine.fr\\\/epee-templier-medievale\\\/epee-robin-des-bois\\\/#breadcrumb\",\"itemListElement\":[{\"@type\":\"ListItem\",\"position\":1,\"name\":\"Accueil\",\"item\":\"https:\\\/\\\/repliquemangacine.fr\\\/\"},{\"@type\":\"ListItem\",\"position\":2,\"name\":\"Produits\",\"item\":\"https:\\\/\\\/repliquemangacine.fr\\\/boutique\\\/\"},{\"@type\":\"ListItem\",\"position\":3,\"name\":\"\u00c9p\u00e9e Robin des Bois\"}]},{\"@type\":\"WebSite\",\"@id\":\"https:\\\/\\\/repliquemangacine.fr\\\/#website\",\"url\":\"https:\\\/\\\/repliquemangacine.fr\\\/\",\"name\":\"R\u00e9plique Manga Cin\u00e9\",\"description\":\"\",\"publisher\":{\"@id\":\"https:\\\/\\\/repliquemangacine.fr\\\/#organization\"},\"potentialAction\":[{\"@type\":\"SearchAction\",\"target\":{\"@type\":\"EntryPoint\",\"urlTemplate\":\"https:\\\/\\\/repliquemangacine.fr\\\/?s={search_term_string}\"},\"query-input\":{\"@type\":\"PropertyValueSpecification\",\"valueRequired\":true,\"valueName\":\"search_term_string\"}}],\"inLanguage\":\"de\"},{\"@type\":\"Organization\",\"@id\":\"https:\\\/\\\/repliquemangacine.fr\\\/#organization\",\"name\":\"R\u00e9plique Manga Cin\u00e9\",\"url\":\"https:\\\/\\\/repliquemangacine.fr\\\/\",\"logo\":{\"@type\":\"ImageObject\",\"inLanguage\":\"de\",\"@id\":\"https:\\\/\\\/repliquemangacine.fr\\\/#\\\/schema\\\/logo\\\/image\\\/\",\"url\":\"https:\\\/\\\/repliquemangacine.fr\\\/wp-content\\\/uploads\\\/2023\\\/10\\\/RMC-500250.png\",\"contentUrl\":\"https:\\\/\\\/repliquemangacine.fr\\\/wp-content\\\/uploads\\\/2023\\\/10\\\/RMC-500250.png\",\"width\":500,\"height\":250,\"caption\":\"R\u00e9plique Manga Cin\u00e9\"},\"image\":{\"@id\":\"https:\\\/\\\/repliquemangacine.fr\\\/#\\\/schema\\\/logo\\\/image\\\/\"},\"sameAs\":[\"https:\\\/\\\/www.facebook.com\\\/RepliqueMangaCine\",\"https:\\\/\\\/www.instagram.com\\\/repliquemangacine.fr\\\/\"]}]}<\/script>\n<!-- \/ Yoast SEO plugin. -->","yoast_head_json":{"title":"Schwert Robin Hood | R\u00e9plique Manga Cin\u00e9","description":"Entdecken Sie das Robin Hood-Schwert, eine hochwertige Replik, die vom Film mit Russell Crowe inspiriert wurde. Ein einzigartiges Sammlerst\u00fcck zu einem erschwinglichen Preis. 95 cm","robots":{"index":"index","follow":"follow","max-snippet":"max-snippet:-1","max-image-preview":"max-image-preview:large","max-video-preview":"max-video-preview:-1"},"canonical":"https:\/\/repliquemangacine.fr\/de\/mittelalterliches-schwert-der-templer\/rotkehlchen\/","og_locale":"de_DE","og_type":"article","og_title":"\u00c9p\u00e9e Robin des Bois | R\u00e9plique Manga Cin\u00e9","og_description":"D\u00e9couvrez l'\u00c9p\u00e9e Robin des Bois, r\u00e9plique de qualit\u00e9 inspir\u00e9e du film avec Russell Crowe. Un objet de collection unique \u00e0 prix abordable. 95 cm","og_url":"https:\/\/repliquemangacine.fr\/de\/mittelalterliches-schwert-der-templer\/rotkehlchen\/","og_site_name":"R\u00e9plique Manga Cin\u00e9","article_publisher":"https:\/\/www.facebook.com\/RepliqueMangaCine","article_modified_time":"2026-02-01T20:27:19+00:00","og_image":[{"width":500,"height":500,"url":"https:\/\/repliquemangacine.fr\/wp-content\/uploads\/2024\/01\/Epee-Robin-des-bois-ridley-scott.jpg","type":"image\/jpeg"}],"twitter_card":"summary_large_image","twitter_misc":{"Gesch\u00e4tzte Lesezeit":"3\u00a0Minuten"},"schema":{"@context":"https:\/\/schema.org","@graph":[{"@type":"WebPage","@id":"https:\/\/repliquemangacine.fr\/epee-templier-medievale\/epee-robin-des-bois\/","url":"https:\/\/repliquemangacine.fr\/epee-templier-medievale\/epee-robin-des-bois\/","name":"Schwert Robin Hood | R\u00e9plique Manga Cin\u00e9","isPartOf":{"@id":"https:\/\/repliquemangacine.fr\/#website"},"primaryImageOfPage":{"@id":"https:\/\/repliquemangacine.fr\/epee-templier-medievale\/epee-robin-des-bois\/#primaryimage"},"image":{"@id":"https:\/\/repliquemangacine.fr\/epee-templier-medievale\/epee-robin-des-bois\/#primaryimage"},"thumbnailUrl":"https:\/\/repliquemangacine.fr\/wp-content\/uploads\/2024\/01\/Epee-Robin-des-bois-ridley-scott.jpg","datePublished":"2024-01-13T16:35:50+00:00","dateModified":"2026-02-01T20:27:19+00:00","description":"Entdecken Sie das Robin Hood-Schwert, eine hochwertige Replik, die vom Film mit Russell Crowe inspiriert wurde. Ein einzigartiges Sammlerst\u00fcck zu einem erschwinglichen Preis. 95 cm","breadcrumb":{"@id":"https:\/\/repliquemangacine.fr\/epee-templier-medievale\/epee-robin-des-bois\/#breadcrumb"},"inLanguage":"de","potentialAction":[{"@type":"ReadAction","target":["https:\/\/repliquemangacine.fr\/epee-templier-medievale\/epee-robin-des-bois\/"]}]},{"@type":"ImageObject","inLanguage":"de","@id":"https:\/\/repliquemangacine.fr\/epee-templier-medievale\/epee-robin-des-bois\/#primaryimage","url":"https:\/\/repliquemangacine.fr\/wp-content\/uploads\/2024\/01\/Epee-Robin-des-bois-ridley-scott.jpg","contentUrl":"https:\/\/repliquemangacine.fr\/wp-content\/uploads\/2024\/01\/Epee-Robin-des-bois-ridley-scott.jpg","width":500,"height":500,"caption":"\u00c9p\u00e9e de Robin des Bois"},{"@type":"BreadcrumbList","@id":"https:\/\/repliquemangacine.fr\/epee-templier-medievale\/epee-robin-des-bois\/#breadcrumb","itemListElement":[{"@type":"ListItem","position":1,"name":"Accueil","item":"https:\/\/repliquemangacine.fr\/"},{"@type":"ListItem","position":2,"name":"Produits","item":"https:\/\/repliquemangacine.fr\/boutique\/"},{"@type":"ListItem","position":3,"name":"\u00c9p\u00e9e Robin des Bois"}]},{"@type":"WebSite","@id":"https:\/\/repliquemangacine.fr\/#website","url":"https:\/\/repliquemangacine.fr\/","name":"R\u00e9plique Manga Cin\u00e9","description":"","publisher":{"@id":"https:\/\/repliquemangacine.fr\/#organization"},"potentialAction":[{"@type":"SearchAction","target":{"@type":"EntryPoint","urlTemplate":"https:\/\/repliquemangacine.fr\/?s={search_term_string}"},"query-input":{"@type":"PropertyValueSpecification","valueRequired":true,"valueName":"search_term_string"}}],"inLanguage":"de"},{"@type":"Organization","@id":"https:\/\/repliquemangacine.fr\/#organization","name":"R\u00e9plique Manga Cin\u00e9","url":"https:\/\/repliquemangacine.fr\/","logo":{"@type":"ImageObject","inLanguage":"de","@id":"https:\/\/repliquemangacine.fr\/#\/schema\/logo\/image\/","url":"https:\/\/repliquemangacine.fr\/wp-content\/uploads\/2023\/10\/RMC-500250.png","contentUrl":"https:\/\/repliquemangacine.fr\/wp-content\/uploads\/2023\/10\/RMC-500250.png","width":500,"height":250,"caption":"R\u00e9plique Manga Cin\u00e9"},"image":{"@id":"https:\/\/repliquemangacine.fr\/#\/schema\/logo\/image\/"},"sameAs":["https:\/\/www.facebook.com\/RepliqueMangaCine","https:\/\/www.instagram.com\/repliquemangacine.fr\/"]}]}},"_links":{"self":[{"href":"https:\/\/repliquemangacine.fr\/de\/wp-json\/wp\/v2\/product\/68021","targetHints":{"allow":["GET"]}}],"collection":[{"href":"https:\/\/repliquemangacine.fr\/de\/wp-json\/wp\/v2\/product"}],"about":[{"href":"https:\/\/repliquemangacine.fr\/de\/wp-json\/wp\/v2\/types\/product"}],"wp:featuredmedia":[{"embeddable":true,"href":"https:\/\/repliquemangacine.fr\/de\/wp-json\/wp\/v2\/media\/68022"}],"wp:attachment":[{"href":"https:\/\/repliquemangacine.fr\/de\/wp-json\/wp\/v2\/media?parent=68021"}],"wp:term":[{"taxonomy":"product_brand","embeddable":true,"href":"https:\/\/repliquemangacine.fr\/de\/wp-json\/wp\/v2\/product_brand?post=68021"},{"taxonomy":"product_cat","embeddable":true,"href":"https:\/\/repliquemangacine.fr\/de\/wp-json\/wp\/v2\/product_cat?post=68021"},{"taxonomy":"product_tag","embeddable":true,"href":"https:\/\/repliquemangacine.fr\/de\/wp-json\/wp\/v2\/product_tag?post=68021"}],"curies":[{"name":"wp","href":"https:\/\/api.w.org\/{rel}","templated":true}]}}