





{"id":67998,"date":"2024-01-13T14:14:57","date_gmt":"2024-01-13T13:14:57","guid":{"rendered":"https:\/\/repliquemangacine.fr\/?post_type=product&#038;p=67998"},"modified":"2026-01-21T11:32:42","modified_gmt":"2026-01-21T10:32:42","slug":"legendares-schwert-korrodiert","status":"publish","type":"product","link":"https:\/\/repliquemangacine.fr\/de\/epee-zelda\/epee-de-legende-corrodee\/","title":{"rendered":"Korrodiertes Schwert der Legende"},"content":{"rendered":"<h2>Das krumme Schwert der Legende: Ein Schatz f\u00fcr Zelda-Fans<\/h2>\n<p>Zun\u00e4chst einmal ist die neue Replik des<strong>Gekr\u00f6ntes Schwert der Legende<\/strong> (Decayed Master Sword) aus \u201cThe Legend of Zelda: Tears of the Kingdom\u201d ist ein Muss f\u00fcr alle Fans der Zelda-Saga. Dieses Schwert, das von Links Pr\u00fcfungen und epischen Schlachten gepr\u00e4gt ist, symbolisiert sowohl Widerstandsf\u00e4higkeit als auch Mut angesichts von Widrigkeiten.<\/p>\n<p>Obwohl es sich um eine inoffizielle Nachbildung handelt, wurde diese Replik mit viel Liebe zum Detail hergestellt, wodurch eine au\u00dfergew\u00f6hnliche Qualit\u00e4t und eine beeindruckende Treue zum Originaldesign des Spiels gew\u00e4hrleistet sind. Die Klinge, die sorgf\u00e4ltig gealtert wurde, um ihren korrodierten Zustand widerzuspiegeln, verleiht diesem St\u00fcck einen einzigartigen und authentischen Charme.<\/p>\n<h3>Au\u00dfergew\u00f6hnliche Qualit\u00e4t und Designtreue<\/h3>\n<p>Es ist hervorzuheben, dass jedes Detail, von der Beschaffenheit der Klinge bis hin zur Verarbeitung des Knaufs, die legend\u00e4re Waffe aus \u201cTears of the Kingdom\u201d originalgetreu widerspiegelt.<br \/>\nDieses Schwert aus einer anderen Zeit ist nicht nur ein Sammlerst\u00fcck, sondern ein Kunstwerk, das selbst die anspruchsvollsten Fans begeistern wird.<\/p>\n<h2>Das Hylian Shield: Eine perfekte Erg\u00e4nzung<\/h2>\n<p>Zur Begleitung der<strong>Gekr\u00f6ntes Schwert der Legende<\/strong>, vergessen Sie nicht den <a href=\"https:\/\/repliquemangacine.fr\/de\/zelda-schwert\/hylianischer-schild-zelda\/\">Hylianischer Schild<\/a>ein weiteres ikonisches Element aus dem Zelda-Universum. Dieser Schild mit seinem markanten Design, das das Wappen des Triforce darstellt, ist der perfekte Begleiter f\u00fcr das Schwert. Genau wie das Schwert ist auch der Schild aus hochwertigen Materialien gefertigt. Dadurch wird eine optische Treue und eine f\u00fcr Sammler geeignete Robustheit gew\u00e4hrleistet. Die Kombination aus Schwert und Schild erm\u00f6glicht ein vollst\u00e4ndiges Eintauchen in die Welt von <a href=\"https:\/\/zelda.fandom.com\/fr\/wiki\/%C3%89p%C3%A9e_de_L%C3%A9gende\" target=\"_blank\" rel=\"noopener noreferrer\">Zelda<\/a>.<\/p>\n<h3>Vollst\u00e4ndiges Eintauchen in das Zelda-Universum<\/h3>\n<p>Mit dem Besitz des Legend\u00e4ren Krummen Schwerts und des Hylia-Schilds k\u00f6nnen Fans in die Welt von Zelda eintauchen. Sei es f\u00fcr eine Ausstellung, ein Cosplay oder einfach nur f\u00fcr das Vergn\u00fcgen, ein St\u00fcck der Legende von Zelda zu besitzen. Diese Repliken sind also unbezahlbare Anschaffungen f\u00fcr jeden Liebhaber der Serie.<\/p>\n<h2>Das Schwert der Legende mit Krummschwert: Ein seltenes und begehrtes St\u00fcck<\/h2>\n<p>L'<strong>Gekr\u00f6ntes Schwert der Legende<\/strong> von \"The Legend of Zelda: Tears of the Kingdom\" ist ein seltenes Sammlerst\u00fcck. Seine begrenzte Verf\u00fcgbarkeit macht es noch besonderer, da es nur wenigen Auserw\u00e4hlten vorbehalten ist, es zu erwerben. Diese Exklusivit\u00e4t tr\u00e4gt zu seinem Wert bei und macht es zu einem begehrten Objekt f\u00fcr Sammler und Fans der Zelda-Reihe. Seine Seltenheit ist ein Zeichen von Vornehmheit und Einzigartigkeit. Dadurch wird jedes erworbene Schwert nicht nur zu einer Investition, sondern auch zu einem pers\u00f6nlichen Schatz.<\/p>\n<h3>Die Bedeutung von Exklusivit\u00e4t und Qualit\u00e4t<\/h3>\n<p>Die Exklusivit\u00e4t des Legendary Corrod Sword unterscheidet es von anderen auf dem Markt erh\u00e4ltlichen Repliken. Indem wir einer der wenigen Einzelh\u00e4ndler sind, die dieses Schwert anbieten. Wir bieten Ihnen die einmalige Gelegenheit, etwas wahrhaft Besonderes zu besitzen. Zusammenfassend l\u00e4sst sich sagen, dass dieses Sammlerst\u00fcck und nicht nur f\u00fcr eingefleischte Zelda-Fans, sondern auch f\u00fcr Sammler geeignet ist.<\/p>","protected":false},"excerpt":{"rendered":"<p>Originalgetreue Replik des Legend\u00e4ren Schwerts mit der Kordel in Zelda Tears of the Kingdom 2023<\/p>\n<ul>\n<li>Stahlklinge mit einem besch\u00e4digten Teil, korrodiertes Finish am Ende der Klinge.<\/li>\n<li>Triforce an der Basis<\/li>\n<li>Metallgriff mit gr\u00fcnem Lederriemen durchzogen<\/li>\n<li>Speziell geformter Vollstahlschutz<\/li>\n<li>Wird mit einer Scheide aus Kunstleder geliefert<\/li>\n<li>L\u00e4nge der Klinge: 33cm - Gesamtl\u00e4nge: 61.5 cm<\/li>\n<li>Gewicht: 975 g<\/li>\n<\/ul>\n<p><strong>Achtung falsches Foto keine Unterst\u00fctzung.<\/strong><\/p>","protected":false},"featured_media":68000,"template":"","meta":[],"product_brand":[896],"product_cat":[56],"product_tag":[],"class_list":{"0":"post-67998","1":"product","2":"type-product","3":"status-publish","4":"has-post-thumbnail","6":"product_brand-replique-manga-cine","7":"product_cat-epee-zelda","9":"first","10":"instock","11":"sale","12":"taxable","13":"shipping-taxable","14":"purchasable","15":"product-type-simple"},"yoast_head":"<!-- This site is optimized with the Yoast SEO plugin v27.5 - https:\/\/yoast.com\/product\/yoast-seo-wordpress\/ -->\n<title>\u00c9p\u00e9e de L\u00e9gende corrod\u00e9e - Zelda Master Sword | RMC<\/title>\n<meta name=\"description\" content=\"D\u00e9couvrez la rare et magnifique \u00c9p\u00e9e de L\u00e9gende Corrod\u00e9e dans Zelda &quot;Tears of the Kingdom&quot;. Haute qualit\u00e9 pour collectionneurs et fans passionn\u00e9s.\" \/>\n<meta name=\"robots\" content=\"index, follow, max-snippet:-1, max-image-preview:large, max-video-preview:-1\" \/>\n<link rel=\"canonical\" href=\"https:\/\/repliquemangacine.fr\/de\/zelda-schwert\/legendares-schwert-korrodiert\/\" \/>\n<meta property=\"og:locale\" content=\"de_DE\" \/>\n<meta property=\"og:type\" content=\"article\" \/>\n<meta property=\"og:title\" content=\"\u00c9p\u00e9e de L\u00e9gende corrod\u00e9e - Zelda Master Sword | RMC\" \/>\n<meta property=\"og:description\" content=\"D\u00e9couvrez la rare et magnifique \u00c9p\u00e9e de L\u00e9gende Corrod\u00e9e dans Zelda &quot;Tears of the Kingdom&quot;. Haute qualit\u00e9 pour collectionneurs et fans passionn\u00e9s.\" \/>\n<meta property=\"og:url\" content=\"https:\/\/repliquemangacine.fr\/de\/zelda-schwert\/legendares-schwert-korrodiert\/\" \/>\n<meta property=\"og:site_name\" content=\"R\u00e9plique Manga Cin\u00e9\" \/>\n<meta property=\"article:publisher\" content=\"https:\/\/www.facebook.com\/RepliqueMangaCine\" \/>\n<meta property=\"article:modified_time\" content=\"2026-01-21T10:32:42+00:00\" \/>\n<meta property=\"og:image\" content=\"https:\/\/repliquemangacine.fr\/wp-content\/uploads\/2024\/01\/Epee-du-Maitre-de-Zelda-du-jeu-Tears-of-the-Kingdom.jpg\" \/>\n\t<meta property=\"og:image:width\" content=\"500\" \/>\n\t<meta property=\"og:image:height\" content=\"500\" \/>\n\t<meta property=\"og:image:type\" content=\"image\/jpeg\" \/>\n<meta name=\"twitter:card\" content=\"summary_large_image\" \/>\n<meta name=\"twitter:label1\" content=\"Gesch\u00e4tzte Lesezeit\" \/>\n\t<meta name=\"twitter:data1\" content=\"3\u00a0Minuten\" \/>\n<script type=\"application\/ld+json\" class=\"yoast-schema-graph\">{\"@context\":\"https:\\\/\\\/schema.org\",\"@graph\":[{\"@type\":\"WebPage\",\"@id\":\"https:\\\/\\\/repliquemangacine.fr\\\/epee-zelda\\\/epee-de-legende-corrodee\\\/\",\"url\":\"https:\\\/\\\/repliquemangacine.fr\\\/epee-zelda\\\/epee-de-legende-corrodee\\\/\",\"name\":\"\u00c9p\u00e9e de L\u00e9gende corrod\u00e9e - Zelda Master Sword | RMC\",\"isPartOf\":{\"@id\":\"https:\\\/\\\/repliquemangacine.fr\\\/#website\"},\"primaryImageOfPage\":{\"@id\":\"https:\\\/\\\/repliquemangacine.fr\\\/epee-zelda\\\/epee-de-legende-corrodee\\\/#primaryimage\"},\"image\":{\"@id\":\"https:\\\/\\\/repliquemangacine.fr\\\/epee-zelda\\\/epee-de-legende-corrodee\\\/#primaryimage\"},\"thumbnailUrl\":\"https:\\\/\\\/repliquemangacine.fr\\\/wp-content\\\/uploads\\\/2024\\\/01\\\/Epee-du-Maitre-de-Zelda-du-jeu-Tears-of-the-Kingdom.jpg\",\"datePublished\":\"2024-01-13T13:14:57+00:00\",\"dateModified\":\"2026-01-21T10:32:42+00:00\",\"description\":\"D\u00e9couvrez la rare et magnifique \u00c9p\u00e9e de L\u00e9gende Corrod\u00e9e dans Zelda \\\"Tears of the Kingdom\\\". Haute qualit\u00e9 pour collectionneurs et fans passionn\u00e9s.\",\"breadcrumb\":{\"@id\":\"https:\\\/\\\/repliquemangacine.fr\\\/epee-zelda\\\/epee-de-legende-corrodee\\\/#breadcrumb\"},\"inLanguage\":\"de\",\"potentialAction\":[{\"@type\":\"ReadAction\",\"target\":[\"https:\\\/\\\/repliquemangacine.fr\\\/epee-zelda\\\/epee-de-legende-corrodee\\\/\"]}]},{\"@type\":\"ImageObject\",\"inLanguage\":\"de\",\"@id\":\"https:\\\/\\\/repliquemangacine.fr\\\/epee-zelda\\\/epee-de-legende-corrodee\\\/#primaryimage\",\"url\":\"https:\\\/\\\/repliquemangacine.fr\\\/wp-content\\\/uploads\\\/2024\\\/01\\\/Epee-du-Maitre-de-Zelda-du-jeu-Tears-of-the-Kingdom.jpg\",\"contentUrl\":\"https:\\\/\\\/repliquemangacine.fr\\\/wp-content\\\/uploads\\\/2024\\\/01\\\/Epee-du-Maitre-de-Zelda-du-jeu-Tears-of-the-Kingdom.jpg\",\"width\":500,\"height\":500,\"caption\":\"\u00c9p\u00e9e de L\u00e9gende Corrod\u00e9e\"},{\"@type\":\"BreadcrumbList\",\"@id\":\"https:\\\/\\\/repliquemangacine.fr\\\/epee-zelda\\\/epee-de-legende-corrodee\\\/#breadcrumb\",\"itemListElement\":[{\"@type\":\"ListItem\",\"position\":1,\"name\":\"Accueil\",\"item\":\"https:\\\/\\\/repliquemangacine.fr\\\/\"},{\"@type\":\"ListItem\",\"position\":2,\"name\":\"Produits\",\"item\":\"https:\\\/\\\/repliquemangacine.fr\\\/boutique\\\/\"},{\"@type\":\"ListItem\",\"position\":3,\"name\":\"\u00c9p\u00e9e de L\u00e9gende corrod\u00e9e\"}]},{\"@type\":\"WebSite\",\"@id\":\"https:\\\/\\\/repliquemangacine.fr\\\/#website\",\"url\":\"https:\\\/\\\/repliquemangacine.fr\\\/\",\"name\":\"R\u00e9plique Manga Cin\u00e9\",\"description\":\"\",\"publisher\":{\"@id\":\"https:\\\/\\\/repliquemangacine.fr\\\/#organization\"},\"potentialAction\":[{\"@type\":\"SearchAction\",\"target\":{\"@type\":\"EntryPoint\",\"urlTemplate\":\"https:\\\/\\\/repliquemangacine.fr\\\/?s={search_term_string}\"},\"query-input\":{\"@type\":\"PropertyValueSpecification\",\"valueRequired\":true,\"valueName\":\"search_term_string\"}}],\"inLanguage\":\"de\"},{\"@type\":\"Organization\",\"@id\":\"https:\\\/\\\/repliquemangacine.fr\\\/#organization\",\"name\":\"R\u00e9plique Manga Cin\u00e9\",\"url\":\"https:\\\/\\\/repliquemangacine.fr\\\/\",\"logo\":{\"@type\":\"ImageObject\",\"inLanguage\":\"de\",\"@id\":\"https:\\\/\\\/repliquemangacine.fr\\\/#\\\/schema\\\/logo\\\/image\\\/\",\"url\":\"https:\\\/\\\/repliquemangacine.fr\\\/wp-content\\\/uploads\\\/2023\\\/10\\\/RMC-500250.png\",\"contentUrl\":\"https:\\\/\\\/repliquemangacine.fr\\\/wp-content\\\/uploads\\\/2023\\\/10\\\/RMC-500250.png\",\"width\":500,\"height\":250,\"caption\":\"R\u00e9plique Manga Cin\u00e9\"},\"image\":{\"@id\":\"https:\\\/\\\/repliquemangacine.fr\\\/#\\\/schema\\\/logo\\\/image\\\/\"},\"sameAs\":[\"https:\\\/\\\/www.facebook.com\\\/RepliqueMangaCine\",\"https:\\\/\\\/www.instagram.com\\\/repliquemangacine.fr\\\/\"]}]}<\/script>\n<!-- \/ Yoast SEO plugin. -->","yoast_head_json":{"title":"Korrodiertes Schwert der Legende - Zelda Master Sword | RMC","description":"Entdecken Sie das seltene und wundersch\u00f6ne Krummschwert der Legende in Zelda \"Tears of the Kingdom\". Hohe Qualit\u00e4t f\u00fcr Sammler und leidenschaftliche Fans.","robots":{"index":"index","follow":"follow","max-snippet":"max-snippet:-1","max-image-preview":"max-image-preview:large","max-video-preview":"max-video-preview:-1"},"canonical":"https:\/\/repliquemangacine.fr\/de\/zelda-schwert\/legendares-schwert-korrodiert\/","og_locale":"de_DE","og_type":"article","og_title":"\u00c9p\u00e9e de L\u00e9gende corrod\u00e9e - Zelda Master Sword | RMC","og_description":"D\u00e9couvrez la rare et magnifique \u00c9p\u00e9e de L\u00e9gende Corrod\u00e9e dans Zelda \"Tears of the Kingdom\". Haute qualit\u00e9 pour collectionneurs et fans passionn\u00e9s.","og_url":"https:\/\/repliquemangacine.fr\/de\/zelda-schwert\/legendares-schwert-korrodiert\/","og_site_name":"R\u00e9plique Manga Cin\u00e9","article_publisher":"https:\/\/www.facebook.com\/RepliqueMangaCine","article_modified_time":"2026-01-21T10:32:42+00:00","og_image":[{"width":500,"height":500,"url":"https:\/\/repliquemangacine.fr\/wp-content\/uploads\/2024\/01\/Epee-du-Maitre-de-Zelda-du-jeu-Tears-of-the-Kingdom.jpg","type":"image\/jpeg"}],"twitter_card":"summary_large_image","twitter_misc":{"Gesch\u00e4tzte Lesezeit":"3\u00a0Minuten"},"schema":{"@context":"https:\/\/schema.org","@graph":[{"@type":"WebPage","@id":"https:\/\/repliquemangacine.fr\/epee-zelda\/epee-de-legende-corrodee\/","url":"https:\/\/repliquemangacine.fr\/epee-zelda\/epee-de-legende-corrodee\/","name":"Korrodiertes Schwert der Legende - Zelda Master Sword | RMC","isPartOf":{"@id":"https:\/\/repliquemangacine.fr\/#website"},"primaryImageOfPage":{"@id":"https:\/\/repliquemangacine.fr\/epee-zelda\/epee-de-legende-corrodee\/#primaryimage"},"image":{"@id":"https:\/\/repliquemangacine.fr\/epee-zelda\/epee-de-legende-corrodee\/#primaryimage"},"thumbnailUrl":"https:\/\/repliquemangacine.fr\/wp-content\/uploads\/2024\/01\/Epee-du-Maitre-de-Zelda-du-jeu-Tears-of-the-Kingdom.jpg","datePublished":"2024-01-13T13:14:57+00:00","dateModified":"2026-01-21T10:32:42+00:00","description":"Entdecken Sie das seltene und wundersch\u00f6ne Krummschwert der Legende in Zelda \"Tears of the Kingdom\". Hohe Qualit\u00e4t f\u00fcr Sammler und leidenschaftliche Fans.","breadcrumb":{"@id":"https:\/\/repliquemangacine.fr\/epee-zelda\/epee-de-legende-corrodee\/#breadcrumb"},"inLanguage":"de","potentialAction":[{"@type":"ReadAction","target":["https:\/\/repliquemangacine.fr\/epee-zelda\/epee-de-legende-corrodee\/"]}]},{"@type":"ImageObject","inLanguage":"de","@id":"https:\/\/repliquemangacine.fr\/epee-zelda\/epee-de-legende-corrodee\/#primaryimage","url":"https:\/\/repliquemangacine.fr\/wp-content\/uploads\/2024\/01\/Epee-du-Maitre-de-Zelda-du-jeu-Tears-of-the-Kingdom.jpg","contentUrl":"https:\/\/repliquemangacine.fr\/wp-content\/uploads\/2024\/01\/Epee-du-Maitre-de-Zelda-du-jeu-Tears-of-the-Kingdom.jpg","width":500,"height":500,"caption":"\u00c9p\u00e9e de L\u00e9gende Corrod\u00e9e"},{"@type":"BreadcrumbList","@id":"https:\/\/repliquemangacine.fr\/epee-zelda\/epee-de-legende-corrodee\/#breadcrumb","itemListElement":[{"@type":"ListItem","position":1,"name":"Accueil","item":"https:\/\/repliquemangacine.fr\/"},{"@type":"ListItem","position":2,"name":"Produits","item":"https:\/\/repliquemangacine.fr\/boutique\/"},{"@type":"ListItem","position":3,"name":"\u00c9p\u00e9e de L\u00e9gende corrod\u00e9e"}]},{"@type":"WebSite","@id":"https:\/\/repliquemangacine.fr\/#website","url":"https:\/\/repliquemangacine.fr\/","name":"R\u00e9plique Manga Cin\u00e9","description":"","publisher":{"@id":"https:\/\/repliquemangacine.fr\/#organization"},"potentialAction":[{"@type":"SearchAction","target":{"@type":"EntryPoint","urlTemplate":"https:\/\/repliquemangacine.fr\/?s={search_term_string}"},"query-input":{"@type":"PropertyValueSpecification","valueRequired":true,"valueName":"search_term_string"}}],"inLanguage":"de"},{"@type":"Organization","@id":"https:\/\/repliquemangacine.fr\/#organization","name":"R\u00e9plique Manga Cin\u00e9","url":"https:\/\/repliquemangacine.fr\/","logo":{"@type":"ImageObject","inLanguage":"de","@id":"https:\/\/repliquemangacine.fr\/#\/schema\/logo\/image\/","url":"https:\/\/repliquemangacine.fr\/wp-content\/uploads\/2023\/10\/RMC-500250.png","contentUrl":"https:\/\/repliquemangacine.fr\/wp-content\/uploads\/2023\/10\/RMC-500250.png","width":500,"height":250,"caption":"R\u00e9plique Manga Cin\u00e9"},"image":{"@id":"https:\/\/repliquemangacine.fr\/#\/schema\/logo\/image\/"},"sameAs":["https:\/\/www.facebook.com\/RepliqueMangaCine","https:\/\/www.instagram.com\/repliquemangacine.fr\/"]}]}},"_links":{"self":[{"href":"https:\/\/repliquemangacine.fr\/de\/wp-json\/wp\/v2\/product\/67998","targetHints":{"allow":["GET"]}}],"collection":[{"href":"https:\/\/repliquemangacine.fr\/de\/wp-json\/wp\/v2\/product"}],"about":[{"href":"https:\/\/repliquemangacine.fr\/de\/wp-json\/wp\/v2\/types\/product"}],"wp:featuredmedia":[{"embeddable":true,"href":"https:\/\/repliquemangacine.fr\/de\/wp-json\/wp\/v2\/media\/68000"}],"wp:attachment":[{"href":"https:\/\/repliquemangacine.fr\/de\/wp-json\/wp\/v2\/media?parent=67998"}],"wp:term":[{"taxonomy":"product_brand","embeddable":true,"href":"https:\/\/repliquemangacine.fr\/de\/wp-json\/wp\/v2\/product_brand?post=67998"},{"taxonomy":"product_cat","embeddable":true,"href":"https:\/\/repliquemangacine.fr\/de\/wp-json\/wp\/v2\/product_cat?post=67998"},{"taxonomy":"product_tag","embeddable":true,"href":"https:\/\/repliquemangacine.fr\/de\/wp-json\/wp\/v2\/product_tag?post=67998"}],"curies":[{"name":"wp","href":"https:\/\/api.w.org\/{rel}","templated":true}]}}