





{"id":67958,"date":"2024-01-11T17:28:12","date_gmt":"2024-01-11T16:28:12","guid":{"rendered":"https:\/\/repliquemangacine.fr\/?post_type=product&#038;p=67958"},"modified":"2025-11-18T15:17:17","modified_gmt":"2025-11-18T14:17:17","slug":"mauser-c96-etui-schaft","status":"publish","type":"product","link":"https:\/\/repliquemangacine.fr\/de\/reproductions-armes-seconde-guerre-mondiale-denix\/mauser-c96-etui-crosse\/","title":{"rendered":"Mauser C96 Holsterkreuz"},"content":{"rendered":"<h2>Mauser C96 Denix Pistolenhalfter: Ein Klassiker neu erfunden<\/h2>\n<p>Tauchen Sie zun\u00e4chst in die Welt der historischen Waffen mit dem <strong>Mauser C96 Holsterkreuz<\/strong>. Dieses emblematische St\u00fcck, hergestellt von Denix, einer Marke, die f\u00fcr ihre Handwerkskunst bekannt ist. Unumg\u00e4nglich f\u00fcr Sammler und Liebhaber der Milit\u00e4rgeschichte. Diese originalgetreue Replik bietet einen verbl\u00fcffenden Realismus, der Sch\u00f6nheit und Authentizit\u00e4t vereint. Die Mauser C96 mit Schaft zeichnet sich durch ihr elegantes Design und ihre reiche Geschichte aus, was sie perfekt macht, um Ihre Sammlung zu erweitern oder als einzigartiges Geschenk f\u00fcr einen leidenschaftlichen Sammler.<\/p>\n<h3>Andere Ikonen der Milit\u00e4rgeschichte<\/h3>\n<p>Entdecken Sie neben der Mauser C96 auch Repliken anderer legend\u00e4rer Waffen wie die<a href=\"https:\/\/repliquemangacine.fr\/de\/waffenreproduktionen-zweiter-weltkrieg-denix\/gewehr-m1-garand\/\"> Garand M1-Gewehr<\/a> und die <a href=\"https:\/\/repliquemangacine.fr\/de\/denix\/maschinengewehr-mp40-sub-machin-gun\/\">Maschinenpistole MP40<\/a>die auch auf R\u00e9plique Manga Cin\u00e9 erh\u00e4ltlich sind. Diese Waffen spielten bei den Landungen und in den Schlachten des Zweiten Weltkriegs eine entscheidende Rolle und fingen das Wesen dieser historischen Periode ein.<\/p>\n<h2>Qualit\u00e4t und Verarbeitung : Das Versprechen von Denix<\/h2>\n<p>Wir bei RMC wissen, wie wichtig Qualit\u00e4t ist. Deshalb haben wir uns f\u00fcr die Mauser C96 von <a href=\"https:\/\/www.denix.fr\/fr\/catalogue\/guerres-mondiales-1914-1945\/pistolets\/1025\/\" target=\"_blank\" rel=\"noopener noreferrer\">Denix<\/a>Eine Marke, die f\u00fcr ihre perfekte Verarbeitung bekannt ist. Jedes Replikat wird mit viel Liebe zum Detail gefertigt. Das garantiert eine verbl\u00fcffende \u00c4hnlichkeit mit der Originalwaffe. Ob Sie nun ein historischer Reenactor, ein Sammler oder einfach nur ein Liebhaber von au\u00dfergew\u00f6hnlichen St\u00fccken sind, diese Replik wird Sie mit ihrer Qualit\u00e4t und Authentizit\u00e4t beeindrucken.<\/p>\n<h3>Denix: Perfektion in den Details<\/h3>\n<p>Besonders hervorzuheben ist, dass sich die Denix-Repliken durch ihre Liebe zum Detail auszeichnen. Texturen, Gewichte und Mechanismen sind so gestaltet, dass sie die Erfahrung einer echten Waffe getreu wiedergeben und ein vollst\u00e4ndiges Eintauchen in die Geschichte bieten.<\/p>\n<h2>Mauser C96 Holster: Bester Preis f\u00fcr einen unvergleichlichen Wert<\/h2>\n<p>RMC verpflichtet sich, Ihnen den <strong>Mauser C96 Holsterkreuz<\/strong> zu einem wettbewerbsf\u00e4higen Preis, ohne Kompromisse bei der Qualit\u00e4t einzugehen. Wir glauben, dass jeder Enthusiast den Zugang zu au\u00dfergew\u00f6hnlichen Repliken verdient. Aus diesem Grund bieten wir dieses Meisterst\u00fcck zu einem erschwinglichen Preis an. Au\u00dferdem bedeutet eine Investition in dieses Replikat, dass Sie sich f\u00fcr ein hochwertiges Sammlerst\u00fcck zu einem unvergleichlichen Wert entscheiden. Wenn Sie bei uns kaufen, erhalten Sie nicht nur ein au\u00dfergew\u00f6hnliches Produkt, sondern auch einen fachkundigen und engagierten Kundenservice, der bereit ist, Sie bei Ihrer Leidenschaft f\u00fcr historische Repliken zu unterst\u00fctzen.<\/p>\n<h3>Entdecken Sie die gesamte Palette<\/h3>\n<p>Entdecken Sie das gesamte Angebot an historischen Repliken auf R\u00e9plique Manga Cin\u00e9. Inklusive nicht nur der Mauser C96, sondern auch ikonische Waffen wie das <a href=\"https:\/\/repliquemangacine.fr\/de\/denix\/colt-m1911a1-demontabel-denix-schaft-kariert\/\">Colt M1911A1<\/a> zerlegbar ist. Jedes Replikat ist ein Fenster in die Geschichte und bietet ein einzigartiges, immersives Erlebnis.<\/p>","protected":false},"excerpt":{"rendered":"<p>Originalgetreue Nachbildung der halbautomatischen Pistole Mauser C96 von 1896 mit ihrem Pistolenhalfter.<\/p>\n<ul>\n<li>Geh\u00e4use ist aus Zamac.<\/li>\n<li>Schaftkappen aus dunkelbraunem Massivholz.<\/li>\n<li>Bewaffnet sich und schl\u00e4gt auf, ist aber v\u00f6llig untauglich f\u00fcr einen Schuss.<\/li>\n<li>Etui aus gebeiztem Holz<\/li>\n<li>Befestigungsschiene f\u00fcr den Schaft<\/li>\n<li>Unterliegt keiner Genehmigungspflicht. Verkauf und Besitz frei<\/li>\n<li>Ma\u00dfe: 32 cm - 65 cm mit Pistolenetui<\/li>\n<li>Gewicht der Waffe: 1120 Gramm - Gewicht des gesamten Holsters und der Pistole: 1541 Gramm<\/li>\n<\/ul>","protected":false},"featured_media":67960,"template":"","meta":[],"product_brand":[896],"product_cat":[102,54,40,28,76],"product_tag":[],"class_list":{"0":"post-67958","1":"product","2":"type-product","3":"status-publish","4":"has-post-thumbnail","6":"product_brand-replique-manga-cine","7":"product_cat-denix","8":"product_cat-armes-accessoires-guerre-mondiale","9":"product_cat-pistolet-moderne","10":"product_cat-repliques-darmes","11":"product_cat-reproductions-armes-seconde-guerre-mondiale-denix","13":"first","14":"instock","15":"taxable","16":"shipping-taxable","17":"purchasable","18":"product-type-simple"},"yoast_head":"<!-- This site is optimized with the Yoast SEO plugin v27.5 - https:\/\/yoast.com\/product\/yoast-seo-wordpress\/ -->\n<title>Mauser C96 Etui-Crosse - R\u00e9plique Manga Cin\u00e9<\/title>\n<meta name=\"description\" content=\"D\u00e9couvrez des r\u00e9pliques uniques chez RMC : Mauser C96 Etui-Crosse, Garand M1, MP40. Haute Qualit\u00e9, prix comp\u00e9titifs, immersion historique garantie.\" \/>\n<meta name=\"robots\" content=\"index, follow, max-snippet:-1, max-image-preview:large, max-video-preview:-1\" \/>\n<link rel=\"canonical\" href=\"https:\/\/repliquemangacine.fr\/de\/waffenreproduktionen-zweiter-weltkrieg-denix\/mauser-c96-etui-schaft\/\" \/>\n<meta property=\"og:locale\" content=\"de_DE\" \/>\n<meta property=\"og:type\" content=\"article\" \/>\n<meta property=\"og:title\" content=\"Mauser C96 Etui-Crosse - R\u00e9plique Manga Cin\u00e9\" \/>\n<meta property=\"og:description\" content=\"D\u00e9couvrez des r\u00e9pliques uniques chez RMC : Mauser C96 Etui-Crosse, Garand M1, MP40. Haute Qualit\u00e9, prix comp\u00e9titifs, immersion historique garantie.\" \/>\n<meta property=\"og:url\" content=\"https:\/\/repliquemangacine.fr\/de\/waffenreproduktionen-zweiter-weltkrieg-denix\/mauser-c96-etui-schaft\/\" \/>\n<meta property=\"og:site_name\" content=\"R\u00e9plique Manga Cin\u00e9\" \/>\n<meta property=\"article:publisher\" content=\"https:\/\/www.facebook.com\/RepliqueMangaCine\" \/>\n<meta property=\"article:modified_time\" content=\"2025-11-18T14:17:17+00:00\" \/>\n<meta property=\"og:image\" content=\"https:\/\/repliquemangacine.fr\/wp-content\/uploads\/2024\/01\/Pistolet-mauser-C96-avec-crosse-en-bois-amovible.jpg\" \/>\n\t<meta property=\"og:image:width\" content=\"500\" \/>\n\t<meta property=\"og:image:height\" content=\"500\" \/>\n\t<meta property=\"og:image:type\" content=\"image\/jpeg\" \/>\n<meta name=\"twitter:card\" content=\"summary_large_image\" \/>\n<meta name=\"twitter:label1\" content=\"Gesch\u00e4tzte Lesezeit\" \/>\n\t<meta name=\"twitter:data1\" content=\"3\u00a0Minuten\" \/>\n<script type=\"application\/ld+json\" class=\"yoast-schema-graph\">{\"@context\":\"https:\\\/\\\/schema.org\",\"@graph\":[{\"@type\":\"WebPage\",\"@id\":\"https:\\\/\\\/repliquemangacine.fr\\\/reproductions-armes-seconde-guerre-mondiale-denix\\\/mauser-c96-etui-crosse\\\/\",\"url\":\"https:\\\/\\\/repliquemangacine.fr\\\/reproductions-armes-seconde-guerre-mondiale-denix\\\/mauser-c96-etui-crosse\\\/\",\"name\":\"Mauser C96 Etui-Crosse - R\u00e9plique Manga Cin\u00e9\",\"isPartOf\":{\"@id\":\"https:\\\/\\\/repliquemangacine.fr\\\/#website\"},\"primaryImageOfPage\":{\"@id\":\"https:\\\/\\\/repliquemangacine.fr\\\/reproductions-armes-seconde-guerre-mondiale-denix\\\/mauser-c96-etui-crosse\\\/#primaryimage\"},\"image\":{\"@id\":\"https:\\\/\\\/repliquemangacine.fr\\\/reproductions-armes-seconde-guerre-mondiale-denix\\\/mauser-c96-etui-crosse\\\/#primaryimage\"},\"thumbnailUrl\":\"https:\\\/\\\/repliquemangacine.fr\\\/wp-content\\\/uploads\\\/2024\\\/01\\\/Pistolet-mauser-C96-avec-crosse-en-bois-amovible.jpg\",\"datePublished\":\"2024-01-11T16:28:12+00:00\",\"dateModified\":\"2025-11-18T14:17:17+00:00\",\"description\":\"D\u00e9couvrez des r\u00e9pliques uniques chez RMC : Mauser C96 Etui-Crosse, Garand M1, MP40. Haute Qualit\u00e9, prix comp\u00e9titifs, immersion historique garantie.\",\"breadcrumb\":{\"@id\":\"https:\\\/\\\/repliquemangacine.fr\\\/reproductions-armes-seconde-guerre-mondiale-denix\\\/mauser-c96-etui-crosse\\\/#breadcrumb\"},\"inLanguage\":\"de\",\"potentialAction\":[{\"@type\":\"ReadAction\",\"target\":[\"https:\\\/\\\/repliquemangacine.fr\\\/reproductions-armes-seconde-guerre-mondiale-denix\\\/mauser-c96-etui-crosse\\\/\"]}]},{\"@type\":\"ImageObject\",\"inLanguage\":\"de\",\"@id\":\"https:\\\/\\\/repliquemangacine.fr\\\/reproductions-armes-seconde-guerre-mondiale-denix\\\/mauser-c96-etui-crosse\\\/#primaryimage\",\"url\":\"https:\\\/\\\/repliquemangacine.fr\\\/wp-content\\\/uploads\\\/2024\\\/01\\\/Pistolet-mauser-C96-avec-crosse-en-bois-amovible.jpg\",\"contentUrl\":\"https:\\\/\\\/repliquemangacine.fr\\\/wp-content\\\/uploads\\\/2024\\\/01\\\/Pistolet-mauser-C96-avec-crosse-en-bois-amovible.jpg\",\"width\":500,\"height\":500,\"caption\":\"Mauser C96 Etui-Crosse amovible\"},{\"@type\":\"BreadcrumbList\",\"@id\":\"https:\\\/\\\/repliquemangacine.fr\\\/reproductions-armes-seconde-guerre-mondiale-denix\\\/mauser-c96-etui-crosse\\\/#breadcrumb\",\"itemListElement\":[{\"@type\":\"ListItem\",\"position\":1,\"name\":\"Accueil\",\"item\":\"https:\\\/\\\/repliquemangacine.fr\\\/\"},{\"@type\":\"ListItem\",\"position\":2,\"name\":\"Produits\",\"item\":\"https:\\\/\\\/repliquemangacine.fr\\\/boutique\\\/\"},{\"@type\":\"ListItem\",\"position\":3,\"name\":\"Mauser C96 Etui-Crosse\"}]},{\"@type\":\"WebSite\",\"@id\":\"https:\\\/\\\/repliquemangacine.fr\\\/#website\",\"url\":\"https:\\\/\\\/repliquemangacine.fr\\\/\",\"name\":\"R\u00e9plique Manga Cin\u00e9\",\"description\":\"\",\"publisher\":{\"@id\":\"https:\\\/\\\/repliquemangacine.fr\\\/#organization\"},\"potentialAction\":[{\"@type\":\"SearchAction\",\"target\":{\"@type\":\"EntryPoint\",\"urlTemplate\":\"https:\\\/\\\/repliquemangacine.fr\\\/?s={search_term_string}\"},\"query-input\":{\"@type\":\"PropertyValueSpecification\",\"valueRequired\":true,\"valueName\":\"search_term_string\"}}],\"inLanguage\":\"de\"},{\"@type\":\"Organization\",\"@id\":\"https:\\\/\\\/repliquemangacine.fr\\\/#organization\",\"name\":\"R\u00e9plique Manga Cin\u00e9\",\"url\":\"https:\\\/\\\/repliquemangacine.fr\\\/\",\"logo\":{\"@type\":\"ImageObject\",\"inLanguage\":\"de\",\"@id\":\"https:\\\/\\\/repliquemangacine.fr\\\/#\\\/schema\\\/logo\\\/image\\\/\",\"url\":\"https:\\\/\\\/repliquemangacine.fr\\\/wp-content\\\/uploads\\\/2023\\\/10\\\/RMC-500250.png\",\"contentUrl\":\"https:\\\/\\\/repliquemangacine.fr\\\/wp-content\\\/uploads\\\/2023\\\/10\\\/RMC-500250.png\",\"width\":500,\"height\":250,\"caption\":\"R\u00e9plique Manga Cin\u00e9\"},\"image\":{\"@id\":\"https:\\\/\\\/repliquemangacine.fr\\\/#\\\/schema\\\/logo\\\/image\\\/\"},\"sameAs\":[\"https:\\\/\\\/www.facebook.com\\\/RepliqueMangaCine\",\"https:\\\/\\\/www.instagram.com\\\/repliquemangacine.fr\\\/\"]}]}<\/script>\n<!-- \/ Yoast SEO plugin. -->","yoast_head_json":{"title":"Mauser C96 Pistolenhalfter - R\u00e9plique Manga Cin\u00e9","description":"Entdecken Sie einzigartige Repliken bei RMC: Mauser C96 Etui-Crosse, Garand M1, MP40. Hohe Qualit\u00e4t, konkurrenzf\u00e4hige Preise, historische Immersion garantiert.","robots":{"index":"index","follow":"follow","max-snippet":"max-snippet:-1","max-image-preview":"max-image-preview:large","max-video-preview":"max-video-preview:-1"},"canonical":"https:\/\/repliquemangacine.fr\/de\/waffenreproduktionen-zweiter-weltkrieg-denix\/mauser-c96-etui-schaft\/","og_locale":"de_DE","og_type":"article","og_title":"Mauser C96 Etui-Crosse - R\u00e9plique Manga Cin\u00e9","og_description":"D\u00e9couvrez des r\u00e9pliques uniques chez RMC : Mauser C96 Etui-Crosse, Garand M1, MP40. Haute Qualit\u00e9, prix comp\u00e9titifs, immersion historique garantie.","og_url":"https:\/\/repliquemangacine.fr\/de\/waffenreproduktionen-zweiter-weltkrieg-denix\/mauser-c96-etui-schaft\/","og_site_name":"R\u00e9plique Manga Cin\u00e9","article_publisher":"https:\/\/www.facebook.com\/RepliqueMangaCine","article_modified_time":"2025-11-18T14:17:17+00:00","og_image":[{"width":500,"height":500,"url":"https:\/\/repliquemangacine.fr\/wp-content\/uploads\/2024\/01\/Pistolet-mauser-C96-avec-crosse-en-bois-amovible.jpg","type":"image\/jpeg"}],"twitter_card":"summary_large_image","twitter_misc":{"Gesch\u00e4tzte Lesezeit":"3\u00a0Minuten"},"schema":{"@context":"https:\/\/schema.org","@graph":[{"@type":"WebPage","@id":"https:\/\/repliquemangacine.fr\/reproductions-armes-seconde-guerre-mondiale-denix\/mauser-c96-etui-crosse\/","url":"https:\/\/repliquemangacine.fr\/reproductions-armes-seconde-guerre-mondiale-denix\/mauser-c96-etui-crosse\/","name":"Mauser C96 Pistolenhalfter - R\u00e9plique Manga Cin\u00e9","isPartOf":{"@id":"https:\/\/repliquemangacine.fr\/#website"},"primaryImageOfPage":{"@id":"https:\/\/repliquemangacine.fr\/reproductions-armes-seconde-guerre-mondiale-denix\/mauser-c96-etui-crosse\/#primaryimage"},"image":{"@id":"https:\/\/repliquemangacine.fr\/reproductions-armes-seconde-guerre-mondiale-denix\/mauser-c96-etui-crosse\/#primaryimage"},"thumbnailUrl":"https:\/\/repliquemangacine.fr\/wp-content\/uploads\/2024\/01\/Pistolet-mauser-C96-avec-crosse-en-bois-amovible.jpg","datePublished":"2024-01-11T16:28:12+00:00","dateModified":"2025-11-18T14:17:17+00:00","description":"Entdecken Sie einzigartige Repliken bei RMC: Mauser C96 Etui-Crosse, Garand M1, MP40. Hohe Qualit\u00e4t, konkurrenzf\u00e4hige Preise, historische Immersion garantiert.","breadcrumb":{"@id":"https:\/\/repliquemangacine.fr\/reproductions-armes-seconde-guerre-mondiale-denix\/mauser-c96-etui-crosse\/#breadcrumb"},"inLanguage":"de","potentialAction":[{"@type":"ReadAction","target":["https:\/\/repliquemangacine.fr\/reproductions-armes-seconde-guerre-mondiale-denix\/mauser-c96-etui-crosse\/"]}]},{"@type":"ImageObject","inLanguage":"de","@id":"https:\/\/repliquemangacine.fr\/reproductions-armes-seconde-guerre-mondiale-denix\/mauser-c96-etui-crosse\/#primaryimage","url":"https:\/\/repliquemangacine.fr\/wp-content\/uploads\/2024\/01\/Pistolet-mauser-C96-avec-crosse-en-bois-amovible.jpg","contentUrl":"https:\/\/repliquemangacine.fr\/wp-content\/uploads\/2024\/01\/Pistolet-mauser-C96-avec-crosse-en-bois-amovible.jpg","width":500,"height":500,"caption":"Mauser C96 Etui-Crosse amovible"},{"@type":"BreadcrumbList","@id":"https:\/\/repliquemangacine.fr\/reproductions-armes-seconde-guerre-mondiale-denix\/mauser-c96-etui-crosse\/#breadcrumb","itemListElement":[{"@type":"ListItem","position":1,"name":"Accueil","item":"https:\/\/repliquemangacine.fr\/"},{"@type":"ListItem","position":2,"name":"Produits","item":"https:\/\/repliquemangacine.fr\/boutique\/"},{"@type":"ListItem","position":3,"name":"Mauser C96 Etui-Crosse"}]},{"@type":"WebSite","@id":"https:\/\/repliquemangacine.fr\/#website","url":"https:\/\/repliquemangacine.fr\/","name":"R\u00e9plique Manga Cin\u00e9","description":"","publisher":{"@id":"https:\/\/repliquemangacine.fr\/#organization"},"potentialAction":[{"@type":"SearchAction","target":{"@type":"EntryPoint","urlTemplate":"https:\/\/repliquemangacine.fr\/?s={search_term_string}"},"query-input":{"@type":"PropertyValueSpecification","valueRequired":true,"valueName":"search_term_string"}}],"inLanguage":"de"},{"@type":"Organization","@id":"https:\/\/repliquemangacine.fr\/#organization","name":"R\u00e9plique Manga Cin\u00e9","url":"https:\/\/repliquemangacine.fr\/","logo":{"@type":"ImageObject","inLanguage":"de","@id":"https:\/\/repliquemangacine.fr\/#\/schema\/logo\/image\/","url":"https:\/\/repliquemangacine.fr\/wp-content\/uploads\/2023\/10\/RMC-500250.png","contentUrl":"https:\/\/repliquemangacine.fr\/wp-content\/uploads\/2023\/10\/RMC-500250.png","width":500,"height":250,"caption":"R\u00e9plique Manga Cin\u00e9"},"image":{"@id":"https:\/\/repliquemangacine.fr\/#\/schema\/logo\/image\/"},"sameAs":["https:\/\/www.facebook.com\/RepliqueMangaCine","https:\/\/www.instagram.com\/repliquemangacine.fr\/"]}]}},"_links":{"self":[{"href":"https:\/\/repliquemangacine.fr\/de\/wp-json\/wp\/v2\/product\/67958","targetHints":{"allow":["GET"]}}],"collection":[{"href":"https:\/\/repliquemangacine.fr\/de\/wp-json\/wp\/v2\/product"}],"about":[{"href":"https:\/\/repliquemangacine.fr\/de\/wp-json\/wp\/v2\/types\/product"}],"wp:featuredmedia":[{"embeddable":true,"href":"https:\/\/repliquemangacine.fr\/de\/wp-json\/wp\/v2\/media\/67960"}],"wp:attachment":[{"href":"https:\/\/repliquemangacine.fr\/de\/wp-json\/wp\/v2\/media?parent=67958"}],"wp:term":[{"taxonomy":"product_brand","embeddable":true,"href":"https:\/\/repliquemangacine.fr\/de\/wp-json\/wp\/v2\/product_brand?post=67958"},{"taxonomy":"product_cat","embeddable":true,"href":"https:\/\/repliquemangacine.fr\/de\/wp-json\/wp\/v2\/product_cat?post=67958"},{"taxonomy":"product_tag","embeddable":true,"href":"https:\/\/repliquemangacine.fr\/de\/wp-json\/wp\/v2\/product_tag?post=67958"}],"curies":[{"name":"wp","href":"https:\/\/api.w.org\/{rel}","templated":true}]}}