





{"id":67885,"date":"2024-01-09T17:57:50","date_gmt":"2024-01-09T16:57:50","guid":{"rendered":"https:\/\/repliquemangacine.fr\/?post_type=product&#038;p=67885"},"modified":"2026-03-19T17:11:44","modified_gmt":"2026-03-19T16:11:44","slug":"pluschtier-niffleur-fantastic-animals","status":"publish","type":"product","link":"https:\/\/repliquemangacine.fr\/de\/les-animaux-fantastiques\/peluche-niffleur-les-animaux-fantastiques\/","title":{"rendered":"Pl\u00fcschtier Niffleur - Phantastische Tierwesen"},"content":{"rendered":"<h2>Pl\u00fcschtier Niffleur: Der treue Begleiter f\u00fcr Fans von Phantastische Tierwesen<\/h2>\n<p>Zun\u00e4chst einmal: Wenn Sie ein Fan der magischen Kreaturen aus \"Phantastische Tierwesen\" sind, dann ist unser <strong>Pl\u00fcschtier Niffler<\/strong> ist ein Muss f\u00fcr Ihre Sammlung. Wir freuen uns, Ihnen dieses entz\u00fcckende Pl\u00fcschtier, inspiriert vom <a href=\"https:\/\/harrypotter.fandom.com\/fr\/wiki\/Niffleur\" target=\"_blank\" rel=\"noopener noreferrer\">Niffler.<\/a> Diese schelmische Kreatur mit einer Vorliebe f\u00fcr glitzernde Gegenst\u00e4nde aus dem magischen Universum. Sie verk\u00f6rpert den abenteuerlichen und verspielten Geist dieser magischen Welt und wird alle Fans der Phantastischen Tierwesen begeistern.<\/p>\n<h3>Entdecken Sie unser Pl\u00fcschtier Niffler in Phantastische Tierwesen<\/h3>\n<p>Tats\u00e4chlich f\u00e4ngt unser Pl\u00fcschtier das Aussehen und die schelmische Pers\u00f6nlichkeit dieser bei den Fans beliebten Kreatur perfekt ein. Mit seinen neugierigen Augen und seiner Neigung, nach Sch\u00e4tzen zu suchen, wurde der Niffler zu einer der beliebtesten Figuren in Phantastische Tierwesen. Obwohl er nicht offiziell ist, wurde er mit viel Liebe zum Detail entworfen, um Ihnen ein hochwertiges Replikat zu bieten.<\/p>\n<h2>G\u00fcnstige Pl\u00fcschtiere Niffleur : Ein schelmischer Begleiter zum kleinen Preis<\/h2>\n<p>Wenn Sie schon immer davon getr\u00e4umt haben, einen Niffleur, diese verspielte Kreatur, zu adoptieren, ohne sich dabei zu ruinieren, dann sind Sie hier genau richtig! Wir stellen Ihnen unsere <strong>Pl\u00fcschtier Niffleur<\/strong> g\u00fcnstig. Au\u00dferdem eine preiswerte Option f\u00fcr alle Liebhaber magischer Wesen.<\/p>\n<p>Niffleur f\u00e4ngt den verspielten und schelmischen Charakter dieser Kreatur ein, die nach gl\u00e4nzenden Gegenst\u00e4nden sucht. Mit seinen neugierigen Augen und seinem schelmischen Blick ist es schwer, seinem Charme zu widerstehen.<\/p>\n<h3>Adoptieren Sie Ihren eigenen Niffleur: G\u00fcnstiges und unwiderstehliches Pl\u00fcschtier!<\/h3>\n<p>Es ist wichtig zu beachten, dass unser <strong>Pl\u00fcschtier Niffleur<\/strong> Es handelt sich nicht um eine offizielle Ausgabe, sondern um eine mit Liebe zum Detail und Qualit\u00e4t gestaltete Ausgabe.<\/p>\n<p>Ob Sie Ihre Sammlung magischer Kreaturen erweitern oder einem Freund ein magisches Geschenk machen m\u00f6chten, unser <strong>Pl\u00fcschtier Niffleur<\/strong> billig ist die perfekte Wahl. Sie verk\u00f6rpert die bezaubernde Welt der Phantastischen Tierwesen und passt gleichzeitig in Ihr Budget.<\/p>\n<h2>Phantastische Tierwesen Zauberst\u00e4be: Die Magie der Kreaturen<\/h2>\n<p>Tauchen Sie mit unserer einzigartigen Kollektion von Zauberst\u00e4ben, die von den ikonischen Charakteren dieser Filmreihe inspiriert sind, in die bezaubernde Welt von \"Phantastische Tierwesen\" ein. Wir bieten Ihnen also unser komplettes Sortiment an Zauberst\u00e4ben an, die speziell f\u00fcr Fans von \"Phantastische Tierwesen\" entworfen wurden. \u00dcbrigens: Jeder unserer Zauberst\u00e4be verk\u00f6rpert die Magie der Helden und Heldinnen dieser bezaubernden Welt.<\/p>\n<h3>Entdecken Sie unsere Sammlung von Zauberst\u00e4ben der Charaktere<\/h3>\n<p>Denn egal, ob Sie von den Abenteuern von <a href=\"https:\/\/repliquemangacine.fr\/de\/phantastische-tierwesen\/norbertstab-dragonneau-metallkern\/\">Newt Scamander<\/a>Tina Goldstein, sowie die <a href=\"https:\/\/repliquemangacine.fr\/de\/phantastische-tierwesen\/zauberstab-queenie-goldstein-phantastische-tierwesen\/\">Taktstock von Queenie Goldstein<\/a>, oder andere unvergessliche Figuren. Unsere Zauberst\u00e4be sind eine Hommage an ihre magische Essenz. Jeder Zauberstab ist eine originalgetreue Nachbildung der in den Filmen verwendeten Modelle, mit viel Liebe zum Detail.<\/p>\n<p>Ob Sie Sammler oder Liebhaber der Magie sind, unsere Zauberst\u00e4be sind eine faszinierende M\u00f6glichkeit, sich mit dieser au\u00dfergew\u00f6hnlichen Welt zu verbinden.<\/p>\n<p>Erweitern Sie also Ihre Sammlung und erleben Sie die Magie Ihrer Lieblingsfiguren.<\/p>","protected":false},"excerpt":{"rendered":"<p>Wundersch\u00f6ne inoffizielle Replik des Pl\u00fcschtiers Niffleur aus \"Phantastische Tierwesen\".<\/p>\n<ul>\n<li>Alles aus Polyesterfasern<\/li>\n<li>H\u00f6he: 23 cm<\/li>\n<li>Oberfl\u00e4chenreinigung nur von Hand<\/li>\n<li><strong>Nicht geeignet f\u00fcr Kinder unter 36 Monaten<\/strong><\/li>\n<\/ul>","protected":false},"featured_media":67886,"template":"","meta":[],"product_brand":[896],"product_cat":[104],"product_tag":[],"class_list":{"0":"post-67885","1":"product","2":"type-product","3":"status-publish","4":"has-post-thumbnail","6":"product_brand-replique-manga-cine","7":"product_cat-les-animaux-fantastiques","9":"first","10":"instock","11":"taxable","12":"shipping-taxable","13":"purchasable","14":"product-type-simple"},"yoast_head":"<!-- This site is optimized with the Yoast SEO plugin v27.5 - https:\/\/yoast.com\/product\/yoast-seo-wordpress\/ -->\n<title>Peluche Niffleur - Les Animaux Fantastiques - R\u00e9plique Manga Cin\u00e9<\/title>\n<meta name=\"description\" content=\"Venez d\u00e9couvrir cette Peluche Niffleur des Animaux Fantastiques au meilleur prix. Tout en fibres Polyester. Hauteur : 23 cm. Envoi 24\/48h\" \/>\n<meta name=\"robots\" content=\"index, follow, max-snippet:-1, max-image-preview:large, max-video-preview:-1\" \/>\n<link rel=\"canonical\" href=\"https:\/\/repliquemangacine.fr\/de\/phantastische-tierwesen\/pluschtier-niffleur-fantastic-animals\/\" \/>\n<meta property=\"og:locale\" content=\"de_DE\" \/>\n<meta property=\"og:type\" content=\"article\" \/>\n<meta property=\"og:title\" content=\"Peluche Niffleur - Les Animaux Fantastiques - R\u00e9plique Manga Cin\u00e9\" \/>\n<meta property=\"og:description\" content=\"Venez d\u00e9couvrir cette Peluche Niffleur des Animaux Fantastiques au meilleur prix. Tout en fibres Polyester. Hauteur : 23 cm. Envoi 24\/48h\" \/>\n<meta property=\"og:url\" content=\"https:\/\/repliquemangacine.fr\/de\/phantastische-tierwesen\/pluschtier-niffleur-fantastic-animals\/\" \/>\n<meta property=\"og:site_name\" content=\"R\u00e9plique Manga Cin\u00e9\" \/>\n<meta property=\"article:publisher\" content=\"https:\/\/www.facebook.com\/RepliqueMangaCine\" \/>\n<meta property=\"article:modified_time\" content=\"2026-03-19T16:11:44+00:00\" \/>\n<meta property=\"og:image\" content=\"https:\/\/repliquemangacine.fr\/wp-content\/uploads\/2024\/01\/peluche-niffleur.jpg\" \/>\n\t<meta property=\"og:image:width\" content=\"500\" \/>\n\t<meta property=\"og:image:height\" content=\"500\" \/>\n\t<meta property=\"og:image:type\" content=\"image\/jpeg\" \/>\n<meta name=\"twitter:card\" content=\"summary_large_image\" \/>\n<meta name=\"twitter:label1\" content=\"Gesch\u00e4tzte Lesezeit\" \/>\n\t<meta name=\"twitter:data1\" content=\"3\u00a0Minuten\" \/>\n<script type=\"application\/ld+json\" class=\"yoast-schema-graph\">{\"@context\":\"https:\\\/\\\/schema.org\",\"@graph\":[{\"@type\":\"WebPage\",\"@id\":\"https:\\\/\\\/repliquemangacine.fr\\\/les-animaux-fantastiques\\\/peluche-niffleur-les-animaux-fantastiques\\\/\",\"url\":\"https:\\\/\\\/repliquemangacine.fr\\\/les-animaux-fantastiques\\\/peluche-niffleur-les-animaux-fantastiques\\\/\",\"name\":\"Peluche Niffleur - Les Animaux Fantastiques - R\u00e9plique Manga Cin\u00e9\",\"isPartOf\":{\"@id\":\"https:\\\/\\\/repliquemangacine.fr\\\/#website\"},\"primaryImageOfPage\":{\"@id\":\"https:\\\/\\\/repliquemangacine.fr\\\/les-animaux-fantastiques\\\/peluche-niffleur-les-animaux-fantastiques\\\/#primaryimage\"},\"image\":{\"@id\":\"https:\\\/\\\/repliquemangacine.fr\\\/les-animaux-fantastiques\\\/peluche-niffleur-les-animaux-fantastiques\\\/#primaryimage\"},\"thumbnailUrl\":\"https:\\\/\\\/repliquemangacine.fr\\\/wp-content\\\/uploads\\\/2024\\\/01\\\/peluche-niffleur.jpg\",\"datePublished\":\"2024-01-09T16:57:50+00:00\",\"dateModified\":\"2026-03-19T16:11:44+00:00\",\"description\":\"Venez d\u00e9couvrir cette Peluche Niffleur des Animaux Fantastiques au meilleur prix. Tout en fibres Polyester. Hauteur : 23 cm. Envoi 24\\\/48h\",\"breadcrumb\":{\"@id\":\"https:\\\/\\\/repliquemangacine.fr\\\/les-animaux-fantastiques\\\/peluche-niffleur-les-animaux-fantastiques\\\/#breadcrumb\"},\"inLanguage\":\"de\",\"potentialAction\":[{\"@type\":\"ReadAction\",\"target\":[\"https:\\\/\\\/repliquemangacine.fr\\\/les-animaux-fantastiques\\\/peluche-niffleur-les-animaux-fantastiques\\\/\"]}]},{\"@type\":\"ImageObject\",\"inLanguage\":\"de\",\"@id\":\"https:\\\/\\\/repliquemangacine.fr\\\/les-animaux-fantastiques\\\/peluche-niffleur-les-animaux-fantastiques\\\/#primaryimage\",\"url\":\"https:\\\/\\\/repliquemangacine.fr\\\/wp-content\\\/uploads\\\/2024\\\/01\\\/peluche-niffleur.jpg\",\"contentUrl\":\"https:\\\/\\\/repliquemangacine.fr\\\/wp-content\\\/uploads\\\/2024\\\/01\\\/peluche-niffleur.jpg\",\"width\":500,\"height\":500,\"caption\":\"Peluche Niffleur des Animaux Fantastiques\"},{\"@type\":\"BreadcrumbList\",\"@id\":\"https:\\\/\\\/repliquemangacine.fr\\\/les-animaux-fantastiques\\\/peluche-niffleur-les-animaux-fantastiques\\\/#breadcrumb\",\"itemListElement\":[{\"@type\":\"ListItem\",\"position\":1,\"name\":\"Accueil\",\"item\":\"https:\\\/\\\/repliquemangacine.fr\\\/\"},{\"@type\":\"ListItem\",\"position\":2,\"name\":\"Produits\",\"item\":\"https:\\\/\\\/repliquemangacine.fr\\\/boutique\\\/\"},{\"@type\":\"ListItem\",\"position\":3,\"name\":\"Peluche Niffleur &#8211; Les Animaux Fantastiques\"}]},{\"@type\":\"WebSite\",\"@id\":\"https:\\\/\\\/repliquemangacine.fr\\\/#website\",\"url\":\"https:\\\/\\\/repliquemangacine.fr\\\/\",\"name\":\"R\u00e9plique Manga Cin\u00e9\",\"description\":\"\",\"publisher\":{\"@id\":\"https:\\\/\\\/repliquemangacine.fr\\\/#organization\"},\"potentialAction\":[{\"@type\":\"SearchAction\",\"target\":{\"@type\":\"EntryPoint\",\"urlTemplate\":\"https:\\\/\\\/repliquemangacine.fr\\\/?s={search_term_string}\"},\"query-input\":{\"@type\":\"PropertyValueSpecification\",\"valueRequired\":true,\"valueName\":\"search_term_string\"}}],\"inLanguage\":\"de\"},{\"@type\":\"Organization\",\"@id\":\"https:\\\/\\\/repliquemangacine.fr\\\/#organization\",\"name\":\"R\u00e9plique Manga Cin\u00e9\",\"url\":\"https:\\\/\\\/repliquemangacine.fr\\\/\",\"logo\":{\"@type\":\"ImageObject\",\"inLanguage\":\"de\",\"@id\":\"https:\\\/\\\/repliquemangacine.fr\\\/#\\\/schema\\\/logo\\\/image\\\/\",\"url\":\"https:\\\/\\\/repliquemangacine.fr\\\/wp-content\\\/uploads\\\/2023\\\/10\\\/RMC-500250.png\",\"contentUrl\":\"https:\\\/\\\/repliquemangacine.fr\\\/wp-content\\\/uploads\\\/2023\\\/10\\\/RMC-500250.png\",\"width\":500,\"height\":250,\"caption\":\"R\u00e9plique Manga Cin\u00e9\"},\"image\":{\"@id\":\"https:\\\/\\\/repliquemangacine.fr\\\/#\\\/schema\\\/logo\\\/image\\\/\"},\"sameAs\":[\"https:\\\/\\\/www.facebook.com\\\/RepliqueMangaCine\",\"https:\\\/\\\/www.instagram.com\\\/repliquemangacine.fr\\\/\"]}]}<\/script>\n<!-- \/ Yoast SEO plugin. -->","yoast_head_json":{"title":"Pl\u00fcschtier Niffleur - Phantastische Tierwesen - R\u00e9plique Manga Cin\u00e9","description":"Entdecken Sie dieses Pl\u00fcschtier Niffleur aus den Phantastischen Tierwesen zum besten Preis. Vollst\u00e4ndig aus Polyesterfasern. H\u00f6he: 23 cm. Versand 24\/48h","robots":{"index":"index","follow":"follow","max-snippet":"max-snippet:-1","max-image-preview":"max-image-preview:large","max-video-preview":"max-video-preview:-1"},"canonical":"https:\/\/repliquemangacine.fr\/de\/phantastische-tierwesen\/pluschtier-niffleur-fantastic-animals\/","og_locale":"de_DE","og_type":"article","og_title":"Peluche Niffleur - Les Animaux Fantastiques - R\u00e9plique Manga Cin\u00e9","og_description":"Venez d\u00e9couvrir cette Peluche Niffleur des Animaux Fantastiques au meilleur prix. Tout en fibres Polyester. Hauteur : 23 cm. Envoi 24\/48h","og_url":"https:\/\/repliquemangacine.fr\/de\/phantastische-tierwesen\/pluschtier-niffleur-fantastic-animals\/","og_site_name":"R\u00e9plique Manga Cin\u00e9","article_publisher":"https:\/\/www.facebook.com\/RepliqueMangaCine","article_modified_time":"2026-03-19T16:11:44+00:00","og_image":[{"width":500,"height":500,"url":"https:\/\/repliquemangacine.fr\/wp-content\/uploads\/2024\/01\/peluche-niffleur.jpg","type":"image\/jpeg"}],"twitter_card":"summary_large_image","twitter_misc":{"Gesch\u00e4tzte Lesezeit":"3\u00a0Minuten"},"schema":{"@context":"https:\/\/schema.org","@graph":[{"@type":"WebPage","@id":"https:\/\/repliquemangacine.fr\/les-animaux-fantastiques\/peluche-niffleur-les-animaux-fantastiques\/","url":"https:\/\/repliquemangacine.fr\/les-animaux-fantastiques\/peluche-niffleur-les-animaux-fantastiques\/","name":"Pl\u00fcschtier Niffleur - Phantastische Tierwesen - R\u00e9plique Manga Cin\u00e9","isPartOf":{"@id":"https:\/\/repliquemangacine.fr\/#website"},"primaryImageOfPage":{"@id":"https:\/\/repliquemangacine.fr\/les-animaux-fantastiques\/peluche-niffleur-les-animaux-fantastiques\/#primaryimage"},"image":{"@id":"https:\/\/repliquemangacine.fr\/les-animaux-fantastiques\/peluche-niffleur-les-animaux-fantastiques\/#primaryimage"},"thumbnailUrl":"https:\/\/repliquemangacine.fr\/wp-content\/uploads\/2024\/01\/peluche-niffleur.jpg","datePublished":"2024-01-09T16:57:50+00:00","dateModified":"2026-03-19T16:11:44+00:00","description":"Entdecken Sie dieses Pl\u00fcschtier Niffleur aus den Phantastischen Tierwesen zum besten Preis. Vollst\u00e4ndig aus Polyesterfasern. H\u00f6he: 23 cm. Versand 24\/48h","breadcrumb":{"@id":"https:\/\/repliquemangacine.fr\/les-animaux-fantastiques\/peluche-niffleur-les-animaux-fantastiques\/#breadcrumb"},"inLanguage":"de","potentialAction":[{"@type":"ReadAction","target":["https:\/\/repliquemangacine.fr\/les-animaux-fantastiques\/peluche-niffleur-les-animaux-fantastiques\/"]}]},{"@type":"ImageObject","inLanguage":"de","@id":"https:\/\/repliquemangacine.fr\/les-animaux-fantastiques\/peluche-niffleur-les-animaux-fantastiques\/#primaryimage","url":"https:\/\/repliquemangacine.fr\/wp-content\/uploads\/2024\/01\/peluche-niffleur.jpg","contentUrl":"https:\/\/repliquemangacine.fr\/wp-content\/uploads\/2024\/01\/peluche-niffleur.jpg","width":500,"height":500,"caption":"Peluche Niffleur des Animaux Fantastiques"},{"@type":"BreadcrumbList","@id":"https:\/\/repliquemangacine.fr\/les-animaux-fantastiques\/peluche-niffleur-les-animaux-fantastiques\/#breadcrumb","itemListElement":[{"@type":"ListItem","position":1,"name":"Accueil","item":"https:\/\/repliquemangacine.fr\/"},{"@type":"ListItem","position":2,"name":"Produits","item":"https:\/\/repliquemangacine.fr\/boutique\/"},{"@type":"ListItem","position":3,"name":"Peluche Niffleur &#8211; Les Animaux Fantastiques"}]},{"@type":"WebSite","@id":"https:\/\/repliquemangacine.fr\/#website","url":"https:\/\/repliquemangacine.fr\/","name":"R\u00e9plique Manga Cin\u00e9","description":"","publisher":{"@id":"https:\/\/repliquemangacine.fr\/#organization"},"potentialAction":[{"@type":"SearchAction","target":{"@type":"EntryPoint","urlTemplate":"https:\/\/repliquemangacine.fr\/?s={search_term_string}"},"query-input":{"@type":"PropertyValueSpecification","valueRequired":true,"valueName":"search_term_string"}}],"inLanguage":"de"},{"@type":"Organization","@id":"https:\/\/repliquemangacine.fr\/#organization","name":"R\u00e9plique Manga Cin\u00e9","url":"https:\/\/repliquemangacine.fr\/","logo":{"@type":"ImageObject","inLanguage":"de","@id":"https:\/\/repliquemangacine.fr\/#\/schema\/logo\/image\/","url":"https:\/\/repliquemangacine.fr\/wp-content\/uploads\/2023\/10\/RMC-500250.png","contentUrl":"https:\/\/repliquemangacine.fr\/wp-content\/uploads\/2023\/10\/RMC-500250.png","width":500,"height":250,"caption":"R\u00e9plique Manga Cin\u00e9"},"image":{"@id":"https:\/\/repliquemangacine.fr\/#\/schema\/logo\/image\/"},"sameAs":["https:\/\/www.facebook.com\/RepliqueMangaCine","https:\/\/www.instagram.com\/repliquemangacine.fr\/"]}]}},"_links":{"self":[{"href":"https:\/\/repliquemangacine.fr\/de\/wp-json\/wp\/v2\/product\/67885","targetHints":{"allow":["GET"]}}],"collection":[{"href":"https:\/\/repliquemangacine.fr\/de\/wp-json\/wp\/v2\/product"}],"about":[{"href":"https:\/\/repliquemangacine.fr\/de\/wp-json\/wp\/v2\/types\/product"}],"wp:featuredmedia":[{"embeddable":true,"href":"https:\/\/repliquemangacine.fr\/de\/wp-json\/wp\/v2\/media\/67886"}],"wp:attachment":[{"href":"https:\/\/repliquemangacine.fr\/de\/wp-json\/wp\/v2\/media?parent=67885"}],"wp:term":[{"taxonomy":"product_brand","embeddable":true,"href":"https:\/\/repliquemangacine.fr\/de\/wp-json\/wp\/v2\/product_brand?post=67885"},{"taxonomy":"product_cat","embeddable":true,"href":"https:\/\/repliquemangacine.fr\/de\/wp-json\/wp\/v2\/product_cat?post=67885"},{"taxonomy":"product_tag","embeddable":true,"href":"https:\/\/repliquemangacine.fr\/de\/wp-json\/wp\/v2\/product_tag?post=67885"}],"curies":[{"name":"wp","href":"https:\/\/api.w.org\/{rel}","templated":true}]}}