





{"id":67874,"date":"2024-01-09T14:49:05","date_gmt":"2024-01-09T13:49:05","guid":{"rendered":"https:\/\/repliquemangacine.fr\/?post_type=product&#038;p=67874"},"modified":"2025-12-16T15:34:33","modified_gmt":"2025-12-16T14:34:33","slug":"philosophenstein-harry-potter","status":"publish","type":"product","link":"https:\/\/repliquemangacine.fr\/de\/collectors-et-goodies-harry-potter\/pierre-philosophale-harry-potter\/","title":{"rendered":"Harry Potter Philosophical Stone"},"content":{"rendered":"<h2>Der Stein der Weisen: Ein mythisches Artefakt in der Welt von Harry Potter<\/h2>\n<p>Zu Beginn wird die <strong>Philosophischer Stein in Harry Potter<\/strong>, ein legend\u00e4res Artefakt im Herzen dieses Universums, fasziniert die Fans seit Jahren. In unserer Produktkollektion bieten wir Ihnen \u00fcbrigens eine originalgetreue Nachbildung dieses symboltr\u00e4chtigen magischen Objekts an.<br \/>\nOb Sie nun ein angehender Zauberer oder ein begeisterter Sammler sind, diese Nachbildung des Stein der Weisen ist ein Muss. Mit unvergleichlicher Liebe zum Detail gefertigt, f\u00e4ngt sie die Essenz von J.K. Rowlings Werk auf atemberaubende Weise ein.<\/p>\n<h3>Entdecken Sie den Stein der Weisen in Harry Potter<\/h3>\n<p>Lassen Sie sich in die bezaubernde Welt von Harry Potter entf\u00fchren, indem Sie dieses einzigartige Replikat besitzen. Stellen Sie sich die Abenteuer von Harry, Ron und Hermine vor, w\u00e4hrend sie nach dem geheimnisvollen Stein suchen, um Unsterblichkeit zu erlangen. Ob Sie ihn stolz in Ihrer Sammlung ausstellen oder bei Cosplay-Veranstaltungen tragen m\u00f6chten, unsere Replik garantiert Ihnen ein authentisches Erlebnis.<\/p>\n<h2>Der billige Harry Potter Stein der Weisen: Eine Qualit\u00e4tsreplik<\/h2>\n<p>Auf der Suche nach einer Replik der <a href=\"https:\/\/harrypotter.fandom.com\/fr\/wiki\/Pierre_philosophale\" target=\"_blank\" rel=\"noopener noreferrer\">Philosophischer Stein<\/a> auf der Suche nach g\u00fcnstigen Harry Potter-Artikeln, die keine Abstriche bei der Qualit\u00e4t machen? Dann sind Sie hier genau richtig!<br \/>\nWir bei R\u00e9plique Manga Cin\u00e9 sind stolz darauf, Ihnen unsere erschwingliche Nachbildung des Steins der Weisen pr\u00e4sentieren zu k\u00f6nnen. Denn wir wissen, dass sich nicht alle Zauberer und Harry-Potter-Fans ein Verm\u00f6gen leisten k\u00f6nnen, um dieses mythische Artefakt zu besitzen.<\/p>\n<h3>Entdecken Sie den Stein der Weisen zu Erschwinglichen Preisen!<\/h3>\n<p>Es ist zu betonen, dass unsere Nachbildung des Steins der Weisen mit viel Liebe zum Detail gestaltet wurde. Es ist jedoch wichtig zu beachten, dass unsere Nachbildung kein offizielles Schmuckst\u00fcck aus der Saga ist, aber dennoch von hoher Qualit\u00e4t ist.<\/p>\n<p>Wir glauben an die Magie der Fantasie. Diese Replik ist perfekt f\u00fcr Fans, die ihrer Sammlung ein St\u00fcck Magie hinzuf\u00fcgen m\u00f6chten, ohne dabei ihr Portemonnaie zu leeren.<\/p>\n<h2>Harry Potter-Zauberstab und andere Sammlerst\u00fccke<\/h2>\n<p>Bei RMC bieten wir Ihnen nicht nur die <strong>Harry Potter Philosophical Stone<\/strong>. Wir haben auch eine beeindruckende Auswahl an Zauberst\u00e4ben und anderen Sammlerst\u00fccken.<br \/>\nOb Sie nun ein angehender Zauberer auf der Suche nach dem perfekten Zauberstab sind oder ein leidenschaftlicher Sammler, unsere Kollektion l\u00e4sst keine W\u00fcnsche offen.<\/p>\n<h3>Entdecken Sie unser Sortiment an Sammlerprodukten<\/h3>\n<p>Tauchen Sie ein in die bezaubernde Welt von Harry Potter und entdecken Sie unser Sortiment an Charakterst\u00e4ben wie den <a href=\"https:\/\/repliquemangacine.fr\/de\/essstabchen-figuren-harry-potter\/harry-potter-stab-mit-hochwertigem-metallkern\/\">Harrys Zauberstab<\/a>Hermine oder andere Figuren. Es gibt auch Hedwigs Pl\u00fcschtier, sowie den <a href=\"https:\/\/repliquemangacine.fr\/de\/sammlerstucke-und-goodies-harry-potter\/firebolt-besen-harry-potter\/\">Firebolt Besen<\/a>. Zusammenfassend l\u00e4sst sich sagen, dass unser Online-Shop eine wahre Fundgrube f\u00fcr Harry-Potter-Fans ist. Sie k\u00f6nnen sicher sein, dass Sie etwas finden werden, das Ihre Sammlung bereichert.<\/p>\n<p>Entdecken Sie noch heute unser komplettes Sortiment an Harry-Potter-Zauberst\u00e4ben und anderen Sammlerprodukten.<\/p>","protected":false},"excerpt":{"rendered":"<p>Wundersch\u00f6ne, preisg\u00fcnstige Replik der Halskette des Steins der Weisen aus Harry Potter<\/p>\n<ul>\n<li>Stein aus Harz<\/li>\n<li>Kette aus vergoldetem Stahl<\/li>\n<li>Wird mit einem schwarzen Harry Potter-Samtbeutel geliefert<\/li>\n<\/ul>","protected":false},"featured_media":67875,"template":"","meta":[],"product_brand":[],"product_cat":[87],"product_tag":[],"class_list":{"0":"post-67874","1":"product","2":"type-product","3":"status-publish","4":"has-post-thumbnail","6":"product_cat-collectors-et-goodies-harry-potter","8":"first","9":"instock","10":"taxable","11":"shipping-taxable","12":"purchasable","13":"product-type-simple"},"yoast_head":"<!-- This site is optimized with the Yoast SEO plugin v27.5 - https:\/\/yoast.com\/product\/yoast-seo-wordpress\/ -->\n<title>Pierre Philosophale Harry Potter - Collier collector | R\u00e9plique Manga Cin\u00e9<\/title>\n<meta name=\"description\" content=\"Venez d\u00e9couvrir ce pendentif Pierre Philosophale Harry Potter pas cher. Chaine en zinc dor\u00e9. Pierre en r\u00e9sine. Livr\u00e9 avec sa pochette Harry Potter\" \/>\n<meta name=\"robots\" content=\"index, follow, max-snippet:-1, max-image-preview:large, max-video-preview:-1\" \/>\n<link rel=\"canonical\" href=\"https:\/\/repliquemangacine.fr\/de\/sammlerstucke-und-goodies-harry-potter\/philosophenstein-harry-potter\/\" \/>\n<meta property=\"og:locale\" content=\"de_DE\" \/>\n<meta property=\"og:type\" content=\"article\" \/>\n<meta property=\"og:title\" content=\"Pierre Philosophale Harry Potter - Collier collector | R\u00e9plique Manga Cin\u00e9\" \/>\n<meta property=\"og:description\" content=\"Venez d\u00e9couvrir ce pendentif Pierre Philosophale Harry Potter pas cher. Chaine en zinc dor\u00e9. Pierre en r\u00e9sine. Livr\u00e9 avec sa pochette Harry Potter\" \/>\n<meta property=\"og:url\" content=\"https:\/\/repliquemangacine.fr\/de\/sammlerstucke-und-goodies-harry-potter\/philosophenstein-harry-potter\/\" \/>\n<meta property=\"og:site_name\" content=\"R\u00e9plique Manga Cin\u00e9\" \/>\n<meta property=\"article:publisher\" content=\"https:\/\/www.facebook.com\/RepliqueMangaCine\" \/>\n<meta property=\"article:modified_time\" content=\"2025-12-16T14:34:33+00:00\" \/>\n<meta property=\"og:image\" content=\"https:\/\/repliquemangacine.fr\/wp-content\/uploads\/2024\/01\/pierre-philosophale-harry-potter.jpg\" \/>\n\t<meta property=\"og:image:width\" content=\"500\" \/>\n\t<meta property=\"og:image:height\" content=\"500\" \/>\n\t<meta property=\"og:image:type\" content=\"image\/jpeg\" \/>\n<meta name=\"twitter:card\" content=\"summary_large_image\" \/>\n<meta name=\"twitter:label1\" content=\"Gesch\u00e4tzte Lesezeit\" \/>\n\t<meta name=\"twitter:data1\" content=\"3\u00a0Minuten\" \/>\n<script type=\"application\/ld+json\" class=\"yoast-schema-graph\">{\"@context\":\"https:\\\/\\\/schema.org\",\"@graph\":[{\"@type\":\"WebPage\",\"@id\":\"https:\\\/\\\/repliquemangacine.fr\\\/collectors-et-goodies-harry-potter\\\/pierre-philosophale-harry-potter\\\/\",\"url\":\"https:\\\/\\\/repliquemangacine.fr\\\/collectors-et-goodies-harry-potter\\\/pierre-philosophale-harry-potter\\\/\",\"name\":\"Pierre Philosophale Harry Potter - Collier collector | R\u00e9plique Manga Cin\u00e9\",\"isPartOf\":{\"@id\":\"https:\\\/\\\/repliquemangacine.fr\\\/#website\"},\"primaryImageOfPage\":{\"@id\":\"https:\\\/\\\/repliquemangacine.fr\\\/collectors-et-goodies-harry-potter\\\/pierre-philosophale-harry-potter\\\/#primaryimage\"},\"image\":{\"@id\":\"https:\\\/\\\/repliquemangacine.fr\\\/collectors-et-goodies-harry-potter\\\/pierre-philosophale-harry-potter\\\/#primaryimage\"},\"thumbnailUrl\":\"https:\\\/\\\/repliquemangacine.fr\\\/wp-content\\\/uploads\\\/2024\\\/01\\\/pierre-philosophale-harry-potter.jpg\",\"datePublished\":\"2024-01-09T13:49:05+00:00\",\"dateModified\":\"2025-12-16T14:34:33+00:00\",\"description\":\"Venez d\u00e9couvrir ce pendentif Pierre Philosophale Harry Potter pas cher. Chaine en zinc dor\u00e9. Pierre en r\u00e9sine. Livr\u00e9 avec sa pochette Harry Potter\",\"breadcrumb\":{\"@id\":\"https:\\\/\\\/repliquemangacine.fr\\\/collectors-et-goodies-harry-potter\\\/pierre-philosophale-harry-potter\\\/#breadcrumb\"},\"inLanguage\":\"de\",\"potentialAction\":[{\"@type\":\"ReadAction\",\"target\":[\"https:\\\/\\\/repliquemangacine.fr\\\/collectors-et-goodies-harry-potter\\\/pierre-philosophale-harry-potter\\\/\"]}]},{\"@type\":\"ImageObject\",\"inLanguage\":\"de\",\"@id\":\"https:\\\/\\\/repliquemangacine.fr\\\/collectors-et-goodies-harry-potter\\\/pierre-philosophale-harry-potter\\\/#primaryimage\",\"url\":\"https:\\\/\\\/repliquemangacine.fr\\\/wp-content\\\/uploads\\\/2024\\\/01\\\/pierre-philosophale-harry-potter.jpg\",\"contentUrl\":\"https:\\\/\\\/repliquemangacine.fr\\\/wp-content\\\/uploads\\\/2024\\\/01\\\/pierre-philosophale-harry-potter.jpg\",\"width\":500,\"height\":500,\"caption\":\"Pierre Philosophale Harry Potter\"},{\"@type\":\"BreadcrumbList\",\"@id\":\"https:\\\/\\\/repliquemangacine.fr\\\/collectors-et-goodies-harry-potter\\\/pierre-philosophale-harry-potter\\\/#breadcrumb\",\"itemListElement\":[{\"@type\":\"ListItem\",\"position\":1,\"name\":\"Accueil\",\"item\":\"https:\\\/\\\/repliquemangacine.fr\\\/\"},{\"@type\":\"ListItem\",\"position\":2,\"name\":\"Produits\",\"item\":\"https:\\\/\\\/repliquemangacine.fr\\\/boutique\\\/\"},{\"@type\":\"ListItem\",\"position\":3,\"name\":\"Pierre Philosophale Harry Potter\"}]},{\"@type\":\"WebSite\",\"@id\":\"https:\\\/\\\/repliquemangacine.fr\\\/#website\",\"url\":\"https:\\\/\\\/repliquemangacine.fr\\\/\",\"name\":\"R\u00e9plique Manga Cin\u00e9\",\"description\":\"\",\"publisher\":{\"@id\":\"https:\\\/\\\/repliquemangacine.fr\\\/#organization\"},\"potentialAction\":[{\"@type\":\"SearchAction\",\"target\":{\"@type\":\"EntryPoint\",\"urlTemplate\":\"https:\\\/\\\/repliquemangacine.fr\\\/?s={search_term_string}\"},\"query-input\":{\"@type\":\"PropertyValueSpecification\",\"valueRequired\":true,\"valueName\":\"search_term_string\"}}],\"inLanguage\":\"de\"},{\"@type\":\"Organization\",\"@id\":\"https:\\\/\\\/repliquemangacine.fr\\\/#organization\",\"name\":\"R\u00e9plique Manga Cin\u00e9\",\"url\":\"https:\\\/\\\/repliquemangacine.fr\\\/\",\"logo\":{\"@type\":\"ImageObject\",\"inLanguage\":\"de\",\"@id\":\"https:\\\/\\\/repliquemangacine.fr\\\/#\\\/schema\\\/logo\\\/image\\\/\",\"url\":\"https:\\\/\\\/repliquemangacine.fr\\\/wp-content\\\/uploads\\\/2023\\\/10\\\/RMC-500250.png\",\"contentUrl\":\"https:\\\/\\\/repliquemangacine.fr\\\/wp-content\\\/uploads\\\/2023\\\/10\\\/RMC-500250.png\",\"width\":500,\"height\":250,\"caption\":\"R\u00e9plique Manga Cin\u00e9\"},\"image\":{\"@id\":\"https:\\\/\\\/repliquemangacine.fr\\\/#\\\/schema\\\/logo\\\/image\\\/\"},\"sameAs\":[\"https:\\\/\\\/www.facebook.com\\\/RepliqueMangaCine\",\"https:\\\/\\\/www.instagram.com\\\/repliquemangacine.fr\\\/\"]}]}<\/script>\n<!-- \/ Yoast SEO plugin. -->","yoast_head_json":{"title":"Harry Potter Philosophical Stone - Sammler-Halskette | R\u00e9plique Manga Cin\u00e9","description":"\u00dcberzeugen Sie sich von diesem g\u00fcnstigen Harry Potter Stein der Weisen-Anh\u00e4nger. Kette aus vergoldetem Zink. Stein aus Kunstharz. Wird mit einem Harry Potter Beutel geliefert","robots":{"index":"index","follow":"follow","max-snippet":"max-snippet:-1","max-image-preview":"max-image-preview:large","max-video-preview":"max-video-preview:-1"},"canonical":"https:\/\/repliquemangacine.fr\/de\/sammlerstucke-und-goodies-harry-potter\/philosophenstein-harry-potter\/","og_locale":"de_DE","og_type":"article","og_title":"Pierre Philosophale Harry Potter - Collier collector | R\u00e9plique Manga Cin\u00e9","og_description":"Venez d\u00e9couvrir ce pendentif Pierre Philosophale Harry Potter pas cher. Chaine en zinc dor\u00e9. Pierre en r\u00e9sine. Livr\u00e9 avec sa pochette Harry Potter","og_url":"https:\/\/repliquemangacine.fr\/de\/sammlerstucke-und-goodies-harry-potter\/philosophenstein-harry-potter\/","og_site_name":"R\u00e9plique Manga Cin\u00e9","article_publisher":"https:\/\/www.facebook.com\/RepliqueMangaCine","article_modified_time":"2025-12-16T14:34:33+00:00","og_image":[{"width":500,"height":500,"url":"https:\/\/repliquemangacine.fr\/wp-content\/uploads\/2024\/01\/pierre-philosophale-harry-potter.jpg","type":"image\/jpeg"}],"twitter_card":"summary_large_image","twitter_misc":{"Gesch\u00e4tzte Lesezeit":"3\u00a0Minuten"},"schema":{"@context":"https:\/\/schema.org","@graph":[{"@type":"WebPage","@id":"https:\/\/repliquemangacine.fr\/collectors-et-goodies-harry-potter\/pierre-philosophale-harry-potter\/","url":"https:\/\/repliquemangacine.fr\/collectors-et-goodies-harry-potter\/pierre-philosophale-harry-potter\/","name":"Harry Potter Philosophical Stone - Sammler-Halskette | R\u00e9plique Manga Cin\u00e9","isPartOf":{"@id":"https:\/\/repliquemangacine.fr\/#website"},"primaryImageOfPage":{"@id":"https:\/\/repliquemangacine.fr\/collectors-et-goodies-harry-potter\/pierre-philosophale-harry-potter\/#primaryimage"},"image":{"@id":"https:\/\/repliquemangacine.fr\/collectors-et-goodies-harry-potter\/pierre-philosophale-harry-potter\/#primaryimage"},"thumbnailUrl":"https:\/\/repliquemangacine.fr\/wp-content\/uploads\/2024\/01\/pierre-philosophale-harry-potter.jpg","datePublished":"2024-01-09T13:49:05+00:00","dateModified":"2025-12-16T14:34:33+00:00","description":"\u00dcberzeugen Sie sich von diesem g\u00fcnstigen Harry Potter Stein der Weisen-Anh\u00e4nger. Kette aus vergoldetem Zink. Stein aus Kunstharz. Wird mit einem Harry Potter Beutel geliefert","breadcrumb":{"@id":"https:\/\/repliquemangacine.fr\/collectors-et-goodies-harry-potter\/pierre-philosophale-harry-potter\/#breadcrumb"},"inLanguage":"de","potentialAction":[{"@type":"ReadAction","target":["https:\/\/repliquemangacine.fr\/collectors-et-goodies-harry-potter\/pierre-philosophale-harry-potter\/"]}]},{"@type":"ImageObject","inLanguage":"de","@id":"https:\/\/repliquemangacine.fr\/collectors-et-goodies-harry-potter\/pierre-philosophale-harry-potter\/#primaryimage","url":"https:\/\/repliquemangacine.fr\/wp-content\/uploads\/2024\/01\/pierre-philosophale-harry-potter.jpg","contentUrl":"https:\/\/repliquemangacine.fr\/wp-content\/uploads\/2024\/01\/pierre-philosophale-harry-potter.jpg","width":500,"height":500,"caption":"Pierre Philosophale Harry Potter"},{"@type":"BreadcrumbList","@id":"https:\/\/repliquemangacine.fr\/collectors-et-goodies-harry-potter\/pierre-philosophale-harry-potter\/#breadcrumb","itemListElement":[{"@type":"ListItem","position":1,"name":"Accueil","item":"https:\/\/repliquemangacine.fr\/"},{"@type":"ListItem","position":2,"name":"Produits","item":"https:\/\/repliquemangacine.fr\/boutique\/"},{"@type":"ListItem","position":3,"name":"Pierre Philosophale Harry Potter"}]},{"@type":"WebSite","@id":"https:\/\/repliquemangacine.fr\/#website","url":"https:\/\/repliquemangacine.fr\/","name":"R\u00e9plique Manga Cin\u00e9","description":"","publisher":{"@id":"https:\/\/repliquemangacine.fr\/#organization"},"potentialAction":[{"@type":"SearchAction","target":{"@type":"EntryPoint","urlTemplate":"https:\/\/repliquemangacine.fr\/?s={search_term_string}"},"query-input":{"@type":"PropertyValueSpecification","valueRequired":true,"valueName":"search_term_string"}}],"inLanguage":"de"},{"@type":"Organization","@id":"https:\/\/repliquemangacine.fr\/#organization","name":"R\u00e9plique Manga Cin\u00e9","url":"https:\/\/repliquemangacine.fr\/","logo":{"@type":"ImageObject","inLanguage":"de","@id":"https:\/\/repliquemangacine.fr\/#\/schema\/logo\/image\/","url":"https:\/\/repliquemangacine.fr\/wp-content\/uploads\/2023\/10\/RMC-500250.png","contentUrl":"https:\/\/repliquemangacine.fr\/wp-content\/uploads\/2023\/10\/RMC-500250.png","width":500,"height":250,"caption":"R\u00e9plique Manga Cin\u00e9"},"image":{"@id":"https:\/\/repliquemangacine.fr\/#\/schema\/logo\/image\/"},"sameAs":["https:\/\/www.facebook.com\/RepliqueMangaCine","https:\/\/www.instagram.com\/repliquemangacine.fr\/"]}]}},"_links":{"self":[{"href":"https:\/\/repliquemangacine.fr\/de\/wp-json\/wp\/v2\/product\/67874","targetHints":{"allow":["GET"]}}],"collection":[{"href":"https:\/\/repliquemangacine.fr\/de\/wp-json\/wp\/v2\/product"}],"about":[{"href":"https:\/\/repliquemangacine.fr\/de\/wp-json\/wp\/v2\/types\/product"}],"wp:featuredmedia":[{"embeddable":true,"href":"https:\/\/repliquemangacine.fr\/de\/wp-json\/wp\/v2\/media\/67875"}],"wp:attachment":[{"href":"https:\/\/repliquemangacine.fr\/de\/wp-json\/wp\/v2\/media?parent=67874"}],"wp:term":[{"taxonomy":"product_brand","embeddable":true,"href":"https:\/\/repliquemangacine.fr\/de\/wp-json\/wp\/v2\/product_brand?post=67874"},{"taxonomy":"product_cat","embeddable":true,"href":"https:\/\/repliquemangacine.fr\/de\/wp-json\/wp\/v2\/product_cat?post=67874"},{"taxonomy":"product_tag","embeddable":true,"href":"https:\/\/repliquemangacine.fr\/de\/wp-json\/wp\/v2\/product_tag?post=67874"}],"curies":[{"name":"wp","href":"https:\/\/api.w.org\/{rel}","templated":true}]}}