





{"id":67553,"date":"2023-12-22T17:05:06","date_gmt":"2023-12-22T16:05:06","guid":{"rendered":"https:\/\/repliquemangacine.fr\/?post_type=product&#038;p=67553"},"modified":"2025-11-18T15:35:38","modified_gmt":"2025-11-18T14:35:38","slug":"doppeltes-holster-braun","status":"publish","type":"product","link":"https:\/\/repliquemangacine.fr\/de\/holster-accessoires-western\/holster-double-marron\/","title":{"rendered":"Doppeltes Holster Braun"},"content":{"rendered":"<h2>Doppeltes Holster Braun<\/h2>\n<p>Zu Beginn dieses <strong>Doppeltes Holster Braun<\/strong>Dieser G\u00fcrtel ist speziell f\u00fcr zwei Revolver konzipiert. Dieser G\u00fcrtel hat einen Patroneng\u00fcrtel mit 24 Patronenattrappen. In der Regel f\u00fcr die einh\u00e4ndige Bedienung konzipiert. Dadurch kann die Handfeuerwaffe mit derselben Hand abgenommen und \/ oder ersetzt werden. Um die Handfeuerwaffe mit einer Hand wieder in das Holster zu stecken, ist ein halbsteifes Material erforderlich. Damit es seine Form beh\u00e4lt und das Holster nicht zusammenf\u00e4llt, wenn der Colt nicht mehr darin liegt, um ihn zu st\u00fctzen.<\/p>\n<p>Traditionell \u00fcber einen Klettergurt am G\u00fcrtel befestigt. Popul\u00e4r geworden in Westernfilmen und in ber\u00fchmten Duellszenen. Das Herausziehen der Pistole in einigen Filmen ist ziemlich spektakul\u00e4r und man erlebt technische Meisterleistungen, um sie wieder hineinzubekommen.<\/p>\n<h2>Ihr braunes Doppelholster zum besten Preis.<\/h2>\n<p>Wir bieten Ihnen eine gro\u00dfe Auswahl an Western-Zubeh\u00f6r.<\/p>\n<p>Zun\u00e4chst einmal,<\/p>\n<ul>\n<li>F\u00fcr Ihr Holster ben\u00f6tigen Sie <a href=\"https:\/\/repliquemangacine.fr\/de\/kolser-waffe\/koffer-colt-45-poliert-4-75-zoll-1873-kolser\/\">colt 45 poliert 4.75<\/a>Modell 1873 der Marke <a href=\"https:\/\/kolser.com\/\" target=\"_blank\" rel=\"noopener noreferrer\">Kolser<\/a> .<\/li>\n<li>Es gibt auch Attrappen mit Z\u00fcndh\u00fctchen f\u00fcr Colt Kaliber 45, mit denen Sie Ihren Patronengurt auff\u00fcllen k\u00f6nnen.<\/li>\n<li>Sowie die <a href=\"https:\/\/repliquemangacine.fr\/de\/kolser-waffe\/blister-208-kolser-zundhutchen\/\">Blisterpackungen mit Primern<\/a> Ersatzteile, die Sie brauchen, um es krachen zu lassen!<\/li>\n<li>Und viele andere, die es in unserem Online-Shop zu entdecken gibt!<\/li>\n<\/ul>\n<p>Aus diesem Grund ist dies eine gro\u00dfartige Geschenkidee f\u00fcr alle Liebhaber historischer Waffen. Zusammenfassend l\u00e4sst sich sagen, dass Sie dieses Holster 2 Colts schwarz f\u00fcr Ihre Reenactments und Westernauff\u00fchrungen verwenden k\u00f6nnen. Vor allem ist diese Waffe ein Sammler- und Dekorationsst\u00fcck. R\u00e9plique Manga Cin\u00e9 ist ein franz\u00f6sisches Unternehmen und offizieller Vertriebspartner der Marke Denix.<\/p>\n<h2>Wie werden Ihre Western-Accessoires hergestellt?<\/h2>\n<p>Zun\u00e4chst einmal sind alle unsere Produkte von hoher Qualit\u00e4t und werden mit besonderer Sorgfalt hergestellt. Die Herstellung erfolgt zum Teil von Hand, um jedes noch so kleine Detail zu reproduzieren. Gr\u00f6\u00dfere Teile werden von pr\u00e4zisen Maschinen bearbeitet. Die Gravuren werden in der Regel mit einer Diamantspitze oder einem Laser ausgef\u00fchrt. Ihre <strong>Doppeltes Holster Braun<\/strong> hergestellt, um jedes Detail genau zu reproduzieren. Um dem Erbe der originalen Meisterwerke gerecht zu werden. Der Schwerpunkt liegt darauf, qualitativ hochwertige Repliken herzustellen, die so historisch genau wie m\u00f6glich sind. Abschlie\u00dfend sei gesagt, dass unsere Repliken, ob aus China, Spanien oder Indien importiert, Sie in Erstaunen versetzen werden!<\/p>","protected":false},"excerpt":{"rendered":"<p>Dieser Westerng\u00fcrtel ist von sehr hoher Qualit\u00e4t und aus dickem, geformtem Leder.<\/p>\n<ul>\n<li>Hergestellt und handgen\u00e4ht.<\/li>\n<li>Zwei Pistolenetuis mit Zierteilen aus echtem Leder.<\/li>\n<li>G\u00fcrtelschnalle aus Metall.<\/li>\n<li>Halteriemen.<\/li>\n<li>Patronengurt.<\/li>\n<li>Lieferung ohne Attrappenkugeln<\/li>\n<\/ul>","protected":false},"featured_media":67554,"template":"","meta":[],"product_brand":[],"product_cat":[45,90,27,64],"product_tag":[],"class_list":{"0":"post-67553","1":"product","2":"type-product","3":"status-publish","4":"has-post-thumbnail","6":"product_cat-holster-western-ceinturon","7":"product_cat-holster-accessoires-western","8":"product_cat-armes-et-accessoires-western","9":"product_cat-western-repliques-armes","11":"first","12":"outofstock","13":"taxable","14":"shipping-taxable","15":"purchasable","16":"product-type-simple"},"yoast_head":"<!-- This site is optimized with the Yoast SEO plugin v27.5 - https:\/\/yoast.com\/product\/yoast-seo-wordpress\/ -->\n<title>Holster Double Marron - Accessoires Western | RMC<\/title>\n<meta name=\"description\" content=\"D\u00e9couvrez ce superbe Holster Double Marron au meilleur prix. Tout en cuir marron. Cartouchi\u00e8res. Id\u00e9al pour votre costume de Cow-boys.\" \/>\n<meta name=\"robots\" content=\"index, follow, max-snippet:-1, max-image-preview:large, max-video-preview:-1\" \/>\n<link rel=\"canonical\" href=\"https:\/\/repliquemangacine.fr\/de\/holster-westernzubehor\/doppeltes-holster-braun\/\" \/>\n<meta property=\"og:locale\" content=\"de_DE\" \/>\n<meta property=\"og:type\" content=\"article\" \/>\n<meta property=\"og:title\" content=\"Holster Double Marron - Accessoires Western | RMC\" \/>\n<meta property=\"og:description\" content=\"D\u00e9couvrez ce superbe Holster Double Marron au meilleur prix. Tout en cuir marron. Cartouchi\u00e8res. Id\u00e9al pour votre costume de Cow-boys.\" \/>\n<meta property=\"og:url\" content=\"https:\/\/repliquemangacine.fr\/de\/holster-westernzubehor\/doppeltes-holster-braun\/\" \/>\n<meta property=\"og:site_name\" content=\"R\u00e9plique Manga Cin\u00e9\" \/>\n<meta property=\"article:publisher\" content=\"https:\/\/www.facebook.com\/RepliqueMangaCine\" \/>\n<meta property=\"article:modified_time\" content=\"2025-11-18T14:35:38+00:00\" \/>\n<meta property=\"og:image\" content=\"https:\/\/repliquemangacine.fr\/wp-content\/uploads\/2023\/12\/Holster-double-marron.jpg\" \/>\n\t<meta property=\"og:image:width\" content=\"500\" \/>\n\t<meta property=\"og:image:height\" content=\"500\" \/>\n\t<meta property=\"og:image:type\" content=\"image\/jpeg\" \/>\n<meta name=\"twitter:card\" content=\"summary_large_image\" \/>\n<meta name=\"twitter:label1\" content=\"Gesch\u00e4tzte Lesezeit\" \/>\n\t<meta name=\"twitter:data1\" content=\"3\u00a0Minuten\" \/>\n<script type=\"application\/ld+json\" class=\"yoast-schema-graph\">{\"@context\":\"https:\\\/\\\/schema.org\",\"@graph\":[{\"@type\":\"WebPage\",\"@id\":\"https:\\\/\\\/repliquemangacine.fr\\\/holster-accessoires-western\\\/holster-double-marron\\\/\",\"url\":\"https:\\\/\\\/repliquemangacine.fr\\\/holster-accessoires-western\\\/holster-double-marron\\\/\",\"name\":\"Holster Double Marron - Accessoires Western | RMC\",\"isPartOf\":{\"@id\":\"https:\\\/\\\/repliquemangacine.fr\\\/#website\"},\"primaryImageOfPage\":{\"@id\":\"https:\\\/\\\/repliquemangacine.fr\\\/holster-accessoires-western\\\/holster-double-marron\\\/#primaryimage\"},\"image\":{\"@id\":\"https:\\\/\\\/repliquemangacine.fr\\\/holster-accessoires-western\\\/holster-double-marron\\\/#primaryimage\"},\"thumbnailUrl\":\"https:\\\/\\\/repliquemangacine.fr\\\/wp-content\\\/uploads\\\/2023\\\/12\\\/Holster-double-marron.jpg\",\"datePublished\":\"2023-12-22T16:05:06+00:00\",\"dateModified\":\"2025-11-18T14:35:38+00:00\",\"description\":\"D\u00e9couvrez ce superbe Holster Double Marron au meilleur prix. Tout en cuir marron. Cartouchi\u00e8res. Id\u00e9al pour votre costume de Cow-boys.\",\"breadcrumb\":{\"@id\":\"https:\\\/\\\/repliquemangacine.fr\\\/holster-accessoires-western\\\/holster-double-marron\\\/#breadcrumb\"},\"inLanguage\":\"de\",\"potentialAction\":[{\"@type\":\"ReadAction\",\"target\":[\"https:\\\/\\\/repliquemangacine.fr\\\/holster-accessoires-western\\\/holster-double-marron\\\/\"]}]},{\"@type\":\"ImageObject\",\"inLanguage\":\"de\",\"@id\":\"https:\\\/\\\/repliquemangacine.fr\\\/holster-accessoires-western\\\/holster-double-marron\\\/#primaryimage\",\"url\":\"https:\\\/\\\/repliquemangacine.fr\\\/wp-content\\\/uploads\\\/2023\\\/12\\\/Holster-double-marron.jpg\",\"contentUrl\":\"https:\\\/\\\/repliquemangacine.fr\\\/wp-content\\\/uploads\\\/2023\\\/12\\\/Holster-double-marron.jpg\",\"width\":500,\"height\":500,\"caption\":\"Holster Double Marron\"},{\"@type\":\"BreadcrumbList\",\"@id\":\"https:\\\/\\\/repliquemangacine.fr\\\/holster-accessoires-western\\\/holster-double-marron\\\/#breadcrumb\",\"itemListElement\":[{\"@type\":\"ListItem\",\"position\":1,\"name\":\"Accueil\",\"item\":\"https:\\\/\\\/repliquemangacine.fr\\\/\"},{\"@type\":\"ListItem\",\"position\":2,\"name\":\"Produits\",\"item\":\"https:\\\/\\\/repliquemangacine.fr\\\/boutique\\\/\"},{\"@type\":\"ListItem\",\"position\":3,\"name\":\"Holster Double Marron\"}]},{\"@type\":\"WebSite\",\"@id\":\"https:\\\/\\\/repliquemangacine.fr\\\/#website\",\"url\":\"https:\\\/\\\/repliquemangacine.fr\\\/\",\"name\":\"R\u00e9plique Manga Cin\u00e9\",\"description\":\"\",\"publisher\":{\"@id\":\"https:\\\/\\\/repliquemangacine.fr\\\/#organization\"},\"potentialAction\":[{\"@type\":\"SearchAction\",\"target\":{\"@type\":\"EntryPoint\",\"urlTemplate\":\"https:\\\/\\\/repliquemangacine.fr\\\/?s={search_term_string}\"},\"query-input\":{\"@type\":\"PropertyValueSpecification\",\"valueRequired\":true,\"valueName\":\"search_term_string\"}}],\"inLanguage\":\"de\"},{\"@type\":\"Organization\",\"@id\":\"https:\\\/\\\/repliquemangacine.fr\\\/#organization\",\"name\":\"R\u00e9plique Manga Cin\u00e9\",\"url\":\"https:\\\/\\\/repliquemangacine.fr\\\/\",\"logo\":{\"@type\":\"ImageObject\",\"inLanguage\":\"de\",\"@id\":\"https:\\\/\\\/repliquemangacine.fr\\\/#\\\/schema\\\/logo\\\/image\\\/\",\"url\":\"https:\\\/\\\/repliquemangacine.fr\\\/wp-content\\\/uploads\\\/2023\\\/10\\\/RMC-500250.png\",\"contentUrl\":\"https:\\\/\\\/repliquemangacine.fr\\\/wp-content\\\/uploads\\\/2023\\\/10\\\/RMC-500250.png\",\"width\":500,\"height\":250,\"caption\":\"R\u00e9plique Manga Cin\u00e9\"},\"image\":{\"@id\":\"https:\\\/\\\/repliquemangacine.fr\\\/#\\\/schema\\\/logo\\\/image\\\/\"},\"sameAs\":[\"https:\\\/\\\/www.facebook.com\\\/RepliqueMangaCine\",\"https:\\\/\\\/www.instagram.com\\\/repliquemangacine.fr\\\/\"]}]}<\/script>\n<!-- \/ Yoast SEO plugin. -->","yoast_head_json":{"title":"Doppeltes Holster Braun - Westernzubeh\u00f6r | RMC","description":"Entdecken Sie dieses tolle Doppelholster Braun zum besten Preis. Komplett aus braunem Leder. Mit Patronengurten versehen. Ideal f\u00fcr Ihr Cowboy-Kost\u00fcm.","robots":{"index":"index","follow":"follow","max-snippet":"max-snippet:-1","max-image-preview":"max-image-preview:large","max-video-preview":"max-video-preview:-1"},"canonical":"https:\/\/repliquemangacine.fr\/de\/holster-westernzubehor\/doppeltes-holster-braun\/","og_locale":"de_DE","og_type":"article","og_title":"Holster Double Marron - Accessoires Western | RMC","og_description":"D\u00e9couvrez ce superbe Holster Double Marron au meilleur prix. Tout en cuir marron. Cartouchi\u00e8res. Id\u00e9al pour votre costume de Cow-boys.","og_url":"https:\/\/repliquemangacine.fr\/de\/holster-westernzubehor\/doppeltes-holster-braun\/","og_site_name":"R\u00e9plique Manga Cin\u00e9","article_publisher":"https:\/\/www.facebook.com\/RepliqueMangaCine","article_modified_time":"2025-11-18T14:35:38+00:00","og_image":[{"width":500,"height":500,"url":"https:\/\/repliquemangacine.fr\/wp-content\/uploads\/2023\/12\/Holster-double-marron.jpg","type":"image\/jpeg"}],"twitter_card":"summary_large_image","twitter_misc":{"Gesch\u00e4tzte Lesezeit":"3\u00a0Minuten"},"schema":{"@context":"https:\/\/schema.org","@graph":[{"@type":"WebPage","@id":"https:\/\/repliquemangacine.fr\/holster-accessoires-western\/holster-double-marron\/","url":"https:\/\/repliquemangacine.fr\/holster-accessoires-western\/holster-double-marron\/","name":"Doppeltes Holster Braun - Westernzubeh\u00f6r | RMC","isPartOf":{"@id":"https:\/\/repliquemangacine.fr\/#website"},"primaryImageOfPage":{"@id":"https:\/\/repliquemangacine.fr\/holster-accessoires-western\/holster-double-marron\/#primaryimage"},"image":{"@id":"https:\/\/repliquemangacine.fr\/holster-accessoires-western\/holster-double-marron\/#primaryimage"},"thumbnailUrl":"https:\/\/repliquemangacine.fr\/wp-content\/uploads\/2023\/12\/Holster-double-marron.jpg","datePublished":"2023-12-22T16:05:06+00:00","dateModified":"2025-11-18T14:35:38+00:00","description":"Entdecken Sie dieses tolle Doppelholster Braun zum besten Preis. Komplett aus braunem Leder. Mit Patronengurten versehen. Ideal f\u00fcr Ihr Cowboy-Kost\u00fcm.","breadcrumb":{"@id":"https:\/\/repliquemangacine.fr\/holster-accessoires-western\/holster-double-marron\/#breadcrumb"},"inLanguage":"de","potentialAction":[{"@type":"ReadAction","target":["https:\/\/repliquemangacine.fr\/holster-accessoires-western\/holster-double-marron\/"]}]},{"@type":"ImageObject","inLanguage":"de","@id":"https:\/\/repliquemangacine.fr\/holster-accessoires-western\/holster-double-marron\/#primaryimage","url":"https:\/\/repliquemangacine.fr\/wp-content\/uploads\/2023\/12\/Holster-double-marron.jpg","contentUrl":"https:\/\/repliquemangacine.fr\/wp-content\/uploads\/2023\/12\/Holster-double-marron.jpg","width":500,"height":500,"caption":"Holster Double Marron"},{"@type":"BreadcrumbList","@id":"https:\/\/repliquemangacine.fr\/holster-accessoires-western\/holster-double-marron\/#breadcrumb","itemListElement":[{"@type":"ListItem","position":1,"name":"Accueil","item":"https:\/\/repliquemangacine.fr\/"},{"@type":"ListItem","position":2,"name":"Produits","item":"https:\/\/repliquemangacine.fr\/boutique\/"},{"@type":"ListItem","position":3,"name":"Holster Double Marron"}]},{"@type":"WebSite","@id":"https:\/\/repliquemangacine.fr\/#website","url":"https:\/\/repliquemangacine.fr\/","name":"R\u00e9plique Manga Cin\u00e9","description":"","publisher":{"@id":"https:\/\/repliquemangacine.fr\/#organization"},"potentialAction":[{"@type":"SearchAction","target":{"@type":"EntryPoint","urlTemplate":"https:\/\/repliquemangacine.fr\/?s={search_term_string}"},"query-input":{"@type":"PropertyValueSpecification","valueRequired":true,"valueName":"search_term_string"}}],"inLanguage":"de"},{"@type":"Organization","@id":"https:\/\/repliquemangacine.fr\/#organization","name":"R\u00e9plique Manga Cin\u00e9","url":"https:\/\/repliquemangacine.fr\/","logo":{"@type":"ImageObject","inLanguage":"de","@id":"https:\/\/repliquemangacine.fr\/#\/schema\/logo\/image\/","url":"https:\/\/repliquemangacine.fr\/wp-content\/uploads\/2023\/10\/RMC-500250.png","contentUrl":"https:\/\/repliquemangacine.fr\/wp-content\/uploads\/2023\/10\/RMC-500250.png","width":500,"height":250,"caption":"R\u00e9plique Manga Cin\u00e9"},"image":{"@id":"https:\/\/repliquemangacine.fr\/#\/schema\/logo\/image\/"},"sameAs":["https:\/\/www.facebook.com\/RepliqueMangaCine","https:\/\/www.instagram.com\/repliquemangacine.fr\/"]}]}},"_links":{"self":[{"href":"https:\/\/repliquemangacine.fr\/de\/wp-json\/wp\/v2\/product\/67553","targetHints":{"allow":["GET"]}}],"collection":[{"href":"https:\/\/repliquemangacine.fr\/de\/wp-json\/wp\/v2\/product"}],"about":[{"href":"https:\/\/repliquemangacine.fr\/de\/wp-json\/wp\/v2\/types\/product"}],"wp:featuredmedia":[{"embeddable":true,"href":"https:\/\/repliquemangacine.fr\/de\/wp-json\/wp\/v2\/media\/67554"}],"wp:attachment":[{"href":"https:\/\/repliquemangacine.fr\/de\/wp-json\/wp\/v2\/media?parent=67553"}],"wp:term":[{"taxonomy":"product_brand","embeddable":true,"href":"https:\/\/repliquemangacine.fr\/de\/wp-json\/wp\/v2\/product_brand?post=67553"},{"taxonomy":"product_cat","embeddable":true,"href":"https:\/\/repliquemangacine.fr\/de\/wp-json\/wp\/v2\/product_cat?post=67553"},{"taxonomy":"product_tag","embeddable":true,"href":"https:\/\/repliquemangacine.fr\/de\/wp-json\/wp\/v2\/product_tag?post=67553"}],"curies":[{"name":"wp","href":"https:\/\/api.w.org\/{rel}","templated":true}]}}