





{"id":67142,"date":"2023-12-15T18:45:45","date_gmt":"2023-12-15T17:45:45","guid":{"rendered":"https:\/\/repliquemangacine.fr\/?post_type=product&#038;p=67142"},"modified":"2025-12-02T16:33:56","modified_gmt":"2025-12-02T15:33:56","slug":"schwert-delendil-die-ringe-der-macht","status":"publish","type":"product","link":"https:\/\/repliquemangacine.fr\/de\/epees-et-dague-les-anneaux-de-pouvoir\/epee-delendil-les-anneaux-de-pouvoir\/","title":{"rendered":"Elendils Schwert - Die Ringe der Macht"},"content":{"rendered":"<h2>Entdecken Sie Elendils Schwert aus \"Die Ringe der Macht\".<\/h2>\n<p>Zun\u00e4chst einmal das Schwert von Elendil, ein mythischer Schatz aus Mittelerde. Ein zentrales St\u00fcck im Universum von \"Der Herr der Ringe\" und zeichnet sich auch in der Serie \"Die Ringe der Macht\" aus. Diese legend\u00e4re Waffe, die von den geschickten H\u00e4nden der Elfen geschmiedet wurde, tr\u00e4gt die Geschichte und den Mut der gro\u00dfen K\u00f6nige von Mittelerde in sich.<\/p>\n<h3>\"Ringe der Macht\": Eine neue Vision des Schwertes von Elendil<\/h3>\n<p>In \"Die Ringe der Macht\" nimmt sich die Serie erz\u00e4hlerische Freiheiten, um die Wurzeln und das Schicksal von Narsil, Elendils Schwert, zu erforschen. Obwohl die Serie dem Geist von Tolkiens Originalwerk treu bleibt, bietet sie eine einzigartige und bereichernde Interpretation der Geschichte dieses ikonischen Schwertes. Diese kreative Freiheit bietet den Fans eine neue Perspektive auf Narsil und macht jedes Replikat des Schwertes noch wertvoller und bei Sammlern begehrt.<\/p>\n<h2>Narsil: Das legend\u00e4re Schwert von Elendil<\/h2>\n<p>Narsil ist mehr als nur ein Schwert, es ist ein Symbol f\u00fcr Mut und Legende in der Welt von \u201cDer Herr der Ringe\u201d. Seine Geschichte ist untrennbar mit der von Elendil, dem gro\u00dfen K\u00f6nig der Menschen, verbunden und erstreckt sich \u00fcber die Zeitalter von Mittelerde.<\/p>\n<p>Neu erfunden in der Serie \u201c<a href=\"https:\/\/www.premiere.fr\/Series\/News-Series\/Les-Anneaux-de-pouvoir-pourquoi-lepee-de-lepisode-3-est-si-importante\" target=\"_blank\" rel=\"noopener noreferrer\">Die Ringe der Macht<\/a>\" beh\u00e4lt Narsil ihre mythische Aura bei, erh\u00e4lt aber eine neue Erz\u00e4hlung. Sie erscheint in der 3\u1d49 Episode der Serie. Wer Narsil in N\u00famenor schmiedete und warum M\u00edriel das Schwert so Elendil anvertraute, bleibt abzuwarten.<\/p>\n<h3>Narsil, das Schwert von Elendil in \"Ringe der Macht\".<\/h3>\n<p>\u00dcbrigens: Die Serie h\u00e4lt sich zwar an den Geist von Tolkiens Werk, erforscht aber auch neue Aspekte dieses legend\u00e4ren Schwertes. Narsil, steht f\u00fcr Macht und K\u00f6niglichkeit, aber auch f\u00fcr eine Br\u00fccke zwischen den Zeiten und Legenden.  Ein Schatz f\u00fcr Tolkien-Verehrer und Sammler von einzigartigen Objekten.<\/p>\n<h2>Die Schwerter des Herrn der Ringe und Die Ringe der Macht<\/h2>\n<p>In der reichhaltigen und fesselnden Welt von \u201cDer Herr der Ringe\u201d und \u201cDie Ringe der Macht\u201d spielen Schwerter und Dolche eine entscheidende Rolle.<\/p>\n<p>Diese Schwerter, darunter das legend\u00e4re, neu geschmiedete Schwert Narsil\u2019<a href=\"https:\/\/repliquemangacine.fr\/de\/schwerter-und-dolche-die-ringe-der-macht\/anduril-epee-aragorn-herr-der-ringe\/\">Anduril<\/a>in der <a href=\"https:\/\/repliquemangacine.fr\/de\/herr-der-ringe-schwerter\/dolch-aragorn-elbischer-dolch-elven-knife-daragorn\/\">Aragorns Dolch<\/a> seinen elfischen Dolch. Es gibt auch den<a href=\"https:\/\/repliquemangacine.fr\/de\/neuheiten\/galadriels-schwert-ringe-der-macht\/\">Galadriels Schwert<\/a> in den Ringen der Macht sowie seinen Dolch. All diese Waffen erz\u00e4hlen die Geschichte von Mittelerde.<\/p>\n<h3>Eine einzigartige Sammlung von Waffen aus Mittelerde<\/h3>\n<p>Jedes Schwert und jeder Dolch, egal ob es sich um das eines K\u00f6nigs oder eines Hobbits handelt, wird mit viel Liebe zum Detail nachgebildet.  Tolkien-Fans und Sammler werden von der Qualit\u00e4t unserer Repliken begeistert sein.<br \/>\nZusammenfassend l\u00e4sst sich sagen, dass diese Schwerter nicht nur Sammlerst\u00fccke sind. Sie sind vielmehr ein Tor zu einer Welt voller Fantasie und Abenteuer, ein Erbe der Magie Tolkiens.<\/p>","protected":false},"excerpt":{"rendered":"<p>Wundersch\u00f6ne Replik von Elendils Schwert aus der Serie \"Die Ringe der Macht\".<\/p>\n<ul>\n<li>Klinge aus poliertem Stahl mit goldener Gravur<\/li>\n<li>Vollstahlknauf in Form einer Sonne, in der Mitte eine Perle.<\/li>\n<li>Griff mit schwarzem Kunstleder \u00fcberzogen<\/li>\n<li>Spezifischer Formschutz aus Vollstahl<\/li>\n<li>Scheide aus schwarzem Kunstleder.<\/li>\n<li>L\u00e4nge der Klinge: 77 cm - Gesamtl\u00e4nge: 105,5 cm<\/li>\n<li>Gewicht: 1440 gr<\/li>\n<\/ul>","protected":false},"featured_media":68951,"template":"","meta":[],"product_brand":[],"product_cat":[68,106],"product_tag":[],"class_list":{"0":"post-67142","1":"product","2":"type-product","3":"status-publish","4":"has-post-thumbnail","6":"product_cat-epees-seigneur-des-anneaux","7":"product_cat-epees-et-dague-les-anneaux-de-pouvoir","9":"first","10":"instock","11":"taxable","12":"shipping-taxable","13":"purchasable","14":"product-type-simple"},"yoast_head":"<!-- This site is optimized with the Yoast SEO plugin v27.5 - https:\/\/yoast.com\/product\/yoast-seo-wordpress\/ -->\n<title>\u00c9p\u00e9e d&#039;Elendil - Les Anneaux de Pouvoir - Ep\u00e9e Narsil | RMC<\/title>\n<meta name=\"description\" content=\"En exclusivit\u00e9 ! Retrouvez cette sublime \u00c9p\u00e9e d&#039;Elendil dans la s\u00e9rie les Anneaux de pouvoir. Lame en acier poli d\u00e9cor\u00e9e. Fourreau similicuir. 105,5 cm\" \/>\n<meta name=\"robots\" content=\"index, follow, max-snippet:-1, max-image-preview:large, max-video-preview:-1\" \/>\n<link rel=\"canonical\" href=\"https:\/\/repliquemangacine.fr\/de\/schwerter-und-dolche-die-ringe-der-macht\/schwert-delendil-die-ringe-der-macht\/\" \/>\n<meta property=\"og:locale\" content=\"de_DE\" \/>\n<meta property=\"og:type\" content=\"article\" \/>\n<meta property=\"og:title\" content=\"\u00c9p\u00e9e d&#039;Elendil - Les Anneaux de Pouvoir - Ep\u00e9e Narsil | RMC\" \/>\n<meta property=\"og:description\" content=\"En exclusivit\u00e9 ! Retrouvez cette sublime \u00c9p\u00e9e d&#039;Elendil dans la s\u00e9rie les Anneaux de pouvoir. Lame en acier poli d\u00e9cor\u00e9e. Fourreau similicuir. 105,5 cm\" \/>\n<meta property=\"og:url\" content=\"https:\/\/repliquemangacine.fr\/de\/schwerter-und-dolche-die-ringe-der-macht\/schwert-delendil-die-ringe-der-macht\/\" \/>\n<meta property=\"og:site_name\" content=\"R\u00e9plique Manga Cin\u00e9\" \/>\n<meta property=\"article:publisher\" content=\"https:\/\/www.facebook.com\/RepliqueMangaCine\" \/>\n<meta property=\"article:modified_time\" content=\"2025-12-02T15:33:56+00:00\" \/>\n<meta property=\"og:image\" content=\"https:\/\/repliquemangacine.fr\/wp-content\/uploads\/2023\/12\/Epee-Elendil-les-anneaux-de-pouvoir.jpg\" \/>\n\t<meta property=\"og:image:width\" content=\"500\" \/>\n\t<meta property=\"og:image:height\" content=\"500\" \/>\n\t<meta property=\"og:image:type\" content=\"image\/jpeg\" \/>\n<meta name=\"twitter:card\" content=\"summary_large_image\" \/>\n<meta name=\"twitter:label1\" content=\"Gesch\u00e4tzte Lesezeit\" \/>\n\t<meta name=\"twitter:data1\" content=\"3\u00a0Minuten\" \/>\n<script type=\"application\/ld+json\" class=\"yoast-schema-graph\">{\"@context\":\"https:\\\/\\\/schema.org\",\"@graph\":[{\"@type\":\"WebPage\",\"@id\":\"https:\\\/\\\/repliquemangacine.fr\\\/epees-et-dague-les-anneaux-de-pouvoir\\\/epee-delendil-les-anneaux-de-pouvoir\\\/\",\"url\":\"https:\\\/\\\/repliquemangacine.fr\\\/epees-et-dague-les-anneaux-de-pouvoir\\\/epee-delendil-les-anneaux-de-pouvoir\\\/\",\"name\":\"\u00c9p\u00e9e d'Elendil - Les Anneaux de Pouvoir - Ep\u00e9e Narsil | RMC\",\"isPartOf\":{\"@id\":\"https:\\\/\\\/repliquemangacine.fr\\\/#website\"},\"primaryImageOfPage\":{\"@id\":\"https:\\\/\\\/repliquemangacine.fr\\\/epees-et-dague-les-anneaux-de-pouvoir\\\/epee-delendil-les-anneaux-de-pouvoir\\\/#primaryimage\"},\"image\":{\"@id\":\"https:\\\/\\\/repliquemangacine.fr\\\/epees-et-dague-les-anneaux-de-pouvoir\\\/epee-delendil-les-anneaux-de-pouvoir\\\/#primaryimage\"},\"thumbnailUrl\":\"https:\\\/\\\/repliquemangacine.fr\\\/wp-content\\\/uploads\\\/2023\\\/12\\\/Epee-Elendil-les-anneaux-de-pouvoir.jpg\",\"datePublished\":\"2023-12-15T17:45:45+00:00\",\"dateModified\":\"2025-12-02T15:33:56+00:00\",\"description\":\"En exclusivit\u00e9 ! Retrouvez cette sublime \u00c9p\u00e9e d'Elendil dans la s\u00e9rie les Anneaux de pouvoir. Lame en acier poli d\u00e9cor\u00e9e. Fourreau similicuir. 105,5 cm\",\"breadcrumb\":{\"@id\":\"https:\\\/\\\/repliquemangacine.fr\\\/epees-et-dague-les-anneaux-de-pouvoir\\\/epee-delendil-les-anneaux-de-pouvoir\\\/#breadcrumb\"},\"inLanguage\":\"de\",\"potentialAction\":[{\"@type\":\"ReadAction\",\"target\":[\"https:\\\/\\\/repliquemangacine.fr\\\/epees-et-dague-les-anneaux-de-pouvoir\\\/epee-delendil-les-anneaux-de-pouvoir\\\/\"]}]},{\"@type\":\"ImageObject\",\"inLanguage\":\"de\",\"@id\":\"https:\\\/\\\/repliquemangacine.fr\\\/epees-et-dague-les-anneaux-de-pouvoir\\\/epee-delendil-les-anneaux-de-pouvoir\\\/#primaryimage\",\"url\":\"https:\\\/\\\/repliquemangacine.fr\\\/wp-content\\\/uploads\\\/2023\\\/12\\\/Epee-Elendil-les-anneaux-de-pouvoir.jpg\",\"contentUrl\":\"https:\\\/\\\/repliquemangacine.fr\\\/wp-content\\\/uploads\\\/2023\\\/12\\\/Epee-Elendil-les-anneaux-de-pouvoir.jpg\",\"width\":500,\"height\":500,\"caption\":\"Ep\u00e9e d'Elendil Les Anneaux de Pouvoir\"},{\"@type\":\"BreadcrumbList\",\"@id\":\"https:\\\/\\\/repliquemangacine.fr\\\/epees-et-dague-les-anneaux-de-pouvoir\\\/epee-delendil-les-anneaux-de-pouvoir\\\/#breadcrumb\",\"itemListElement\":[{\"@type\":\"ListItem\",\"position\":1,\"name\":\"Accueil\",\"item\":\"https:\\\/\\\/repliquemangacine.fr\\\/\"},{\"@type\":\"ListItem\",\"position\":2,\"name\":\"Produits\",\"item\":\"https:\\\/\\\/repliquemangacine.fr\\\/boutique\\\/\"},{\"@type\":\"ListItem\",\"position\":3,\"name\":\"\u00c9p\u00e9e d&#8217;Elendil &#8211; Les Anneaux de Pouvoir\"}]},{\"@type\":\"WebSite\",\"@id\":\"https:\\\/\\\/repliquemangacine.fr\\\/#website\",\"url\":\"https:\\\/\\\/repliquemangacine.fr\\\/\",\"name\":\"R\u00e9plique Manga Cin\u00e9\",\"description\":\"\",\"publisher\":{\"@id\":\"https:\\\/\\\/repliquemangacine.fr\\\/#organization\"},\"potentialAction\":[{\"@type\":\"SearchAction\",\"target\":{\"@type\":\"EntryPoint\",\"urlTemplate\":\"https:\\\/\\\/repliquemangacine.fr\\\/?s={search_term_string}\"},\"query-input\":{\"@type\":\"PropertyValueSpecification\",\"valueRequired\":true,\"valueName\":\"search_term_string\"}}],\"inLanguage\":\"de\"},{\"@type\":\"Organization\",\"@id\":\"https:\\\/\\\/repliquemangacine.fr\\\/#organization\",\"name\":\"R\u00e9plique Manga Cin\u00e9\",\"url\":\"https:\\\/\\\/repliquemangacine.fr\\\/\",\"logo\":{\"@type\":\"ImageObject\",\"inLanguage\":\"de\",\"@id\":\"https:\\\/\\\/repliquemangacine.fr\\\/#\\\/schema\\\/logo\\\/image\\\/\",\"url\":\"https:\\\/\\\/repliquemangacine.fr\\\/wp-content\\\/uploads\\\/2023\\\/10\\\/RMC-500250.png\",\"contentUrl\":\"https:\\\/\\\/repliquemangacine.fr\\\/wp-content\\\/uploads\\\/2023\\\/10\\\/RMC-500250.png\",\"width\":500,\"height\":250,\"caption\":\"R\u00e9plique Manga Cin\u00e9\"},\"image\":{\"@id\":\"https:\\\/\\\/repliquemangacine.fr\\\/#\\\/schema\\\/logo\\\/image\\\/\"},\"sameAs\":[\"https:\\\/\\\/www.facebook.com\\\/RepliqueMangaCine\",\"https:\\\/\\\/www.instagram.com\\\/repliquemangacine.fr\\\/\"]}]}<\/script>\n<!-- \/ Yoast SEO plugin. -->","yoast_head_json":{"title":"Elendils Schwert - Die Ringe der Macht - Narsils Schwert | RMC","description":"Jetzt exklusiv erh\u00e4ltlich! Finden Sie dieses erhabene Schwert von Elendil in der Serie \"Ringe der Macht\". Verzierte Klinge aus poliertem Stahl. Scheide aus Kunstleder. 105,5 cm","robots":{"index":"index","follow":"follow","max-snippet":"max-snippet:-1","max-image-preview":"max-image-preview:large","max-video-preview":"max-video-preview:-1"},"canonical":"https:\/\/repliquemangacine.fr\/de\/schwerter-und-dolche-die-ringe-der-macht\/schwert-delendil-die-ringe-der-macht\/","og_locale":"de_DE","og_type":"article","og_title":"\u00c9p\u00e9e d'Elendil - Les Anneaux de Pouvoir - Ep\u00e9e Narsil | RMC","og_description":"En exclusivit\u00e9 ! Retrouvez cette sublime \u00c9p\u00e9e d'Elendil dans la s\u00e9rie les Anneaux de pouvoir. Lame en acier poli d\u00e9cor\u00e9e. Fourreau similicuir. 105,5 cm","og_url":"https:\/\/repliquemangacine.fr\/de\/schwerter-und-dolche-die-ringe-der-macht\/schwert-delendil-die-ringe-der-macht\/","og_site_name":"R\u00e9plique Manga Cin\u00e9","article_publisher":"https:\/\/www.facebook.com\/RepliqueMangaCine","article_modified_time":"2025-12-02T15:33:56+00:00","og_image":[{"width":500,"height":500,"url":"https:\/\/repliquemangacine.fr\/wp-content\/uploads\/2023\/12\/Epee-Elendil-les-anneaux-de-pouvoir.jpg","type":"image\/jpeg"}],"twitter_card":"summary_large_image","twitter_misc":{"Gesch\u00e4tzte Lesezeit":"3\u00a0Minuten"},"schema":{"@context":"https:\/\/schema.org","@graph":[{"@type":"WebPage","@id":"https:\/\/repliquemangacine.fr\/epees-et-dague-les-anneaux-de-pouvoir\/epee-delendil-les-anneaux-de-pouvoir\/","url":"https:\/\/repliquemangacine.fr\/epees-et-dague-les-anneaux-de-pouvoir\/epee-delendil-les-anneaux-de-pouvoir\/","name":"Elendils Schwert - Die Ringe der Macht - Narsils Schwert | RMC","isPartOf":{"@id":"https:\/\/repliquemangacine.fr\/#website"},"primaryImageOfPage":{"@id":"https:\/\/repliquemangacine.fr\/epees-et-dague-les-anneaux-de-pouvoir\/epee-delendil-les-anneaux-de-pouvoir\/#primaryimage"},"image":{"@id":"https:\/\/repliquemangacine.fr\/epees-et-dague-les-anneaux-de-pouvoir\/epee-delendil-les-anneaux-de-pouvoir\/#primaryimage"},"thumbnailUrl":"https:\/\/repliquemangacine.fr\/wp-content\/uploads\/2023\/12\/Epee-Elendil-les-anneaux-de-pouvoir.jpg","datePublished":"2023-12-15T17:45:45+00:00","dateModified":"2025-12-02T15:33:56+00:00","description":"Jetzt exklusiv erh\u00e4ltlich! Finden Sie dieses erhabene Schwert von Elendil in der Serie \"Ringe der Macht\". Verzierte Klinge aus poliertem Stahl. Scheide aus Kunstleder. 105,5 cm","breadcrumb":{"@id":"https:\/\/repliquemangacine.fr\/epees-et-dague-les-anneaux-de-pouvoir\/epee-delendil-les-anneaux-de-pouvoir\/#breadcrumb"},"inLanguage":"de","potentialAction":[{"@type":"ReadAction","target":["https:\/\/repliquemangacine.fr\/epees-et-dague-les-anneaux-de-pouvoir\/epee-delendil-les-anneaux-de-pouvoir\/"]}]},{"@type":"ImageObject","inLanguage":"de","@id":"https:\/\/repliquemangacine.fr\/epees-et-dague-les-anneaux-de-pouvoir\/epee-delendil-les-anneaux-de-pouvoir\/#primaryimage","url":"https:\/\/repliquemangacine.fr\/wp-content\/uploads\/2023\/12\/Epee-Elendil-les-anneaux-de-pouvoir.jpg","contentUrl":"https:\/\/repliquemangacine.fr\/wp-content\/uploads\/2023\/12\/Epee-Elendil-les-anneaux-de-pouvoir.jpg","width":500,"height":500,"caption":"Ep\u00e9e d'Elendil Les Anneaux de Pouvoir"},{"@type":"BreadcrumbList","@id":"https:\/\/repliquemangacine.fr\/epees-et-dague-les-anneaux-de-pouvoir\/epee-delendil-les-anneaux-de-pouvoir\/#breadcrumb","itemListElement":[{"@type":"ListItem","position":1,"name":"Accueil","item":"https:\/\/repliquemangacine.fr\/"},{"@type":"ListItem","position":2,"name":"Produits","item":"https:\/\/repliquemangacine.fr\/boutique\/"},{"@type":"ListItem","position":3,"name":"\u00c9p\u00e9e d&#8217;Elendil &#8211; Les Anneaux de Pouvoir"}]},{"@type":"WebSite","@id":"https:\/\/repliquemangacine.fr\/#website","url":"https:\/\/repliquemangacine.fr\/","name":"R\u00e9plique Manga Cin\u00e9","description":"","publisher":{"@id":"https:\/\/repliquemangacine.fr\/#organization"},"potentialAction":[{"@type":"SearchAction","target":{"@type":"EntryPoint","urlTemplate":"https:\/\/repliquemangacine.fr\/?s={search_term_string}"},"query-input":{"@type":"PropertyValueSpecification","valueRequired":true,"valueName":"search_term_string"}}],"inLanguage":"de"},{"@type":"Organization","@id":"https:\/\/repliquemangacine.fr\/#organization","name":"R\u00e9plique Manga Cin\u00e9","url":"https:\/\/repliquemangacine.fr\/","logo":{"@type":"ImageObject","inLanguage":"de","@id":"https:\/\/repliquemangacine.fr\/#\/schema\/logo\/image\/","url":"https:\/\/repliquemangacine.fr\/wp-content\/uploads\/2023\/10\/RMC-500250.png","contentUrl":"https:\/\/repliquemangacine.fr\/wp-content\/uploads\/2023\/10\/RMC-500250.png","width":500,"height":250,"caption":"R\u00e9plique Manga Cin\u00e9"},"image":{"@id":"https:\/\/repliquemangacine.fr\/#\/schema\/logo\/image\/"},"sameAs":["https:\/\/www.facebook.com\/RepliqueMangaCine","https:\/\/www.instagram.com\/repliquemangacine.fr\/"]}]}},"_links":{"self":[{"href":"https:\/\/repliquemangacine.fr\/de\/wp-json\/wp\/v2\/product\/67142","targetHints":{"allow":["GET"]}}],"collection":[{"href":"https:\/\/repliquemangacine.fr\/de\/wp-json\/wp\/v2\/product"}],"about":[{"href":"https:\/\/repliquemangacine.fr\/de\/wp-json\/wp\/v2\/types\/product"}],"wp:featuredmedia":[{"embeddable":true,"href":"https:\/\/repliquemangacine.fr\/de\/wp-json\/wp\/v2\/media\/68951"}],"wp:attachment":[{"href":"https:\/\/repliquemangacine.fr\/de\/wp-json\/wp\/v2\/media?parent=67142"}],"wp:term":[{"taxonomy":"product_brand","embeddable":true,"href":"https:\/\/repliquemangacine.fr\/de\/wp-json\/wp\/v2\/product_brand?post=67142"},{"taxonomy":"product_cat","embeddable":true,"href":"https:\/\/repliquemangacine.fr\/de\/wp-json\/wp\/v2\/product_cat?post=67142"},{"taxonomy":"product_tag","embeddable":true,"href":"https:\/\/repliquemangacine.fr\/de\/wp-json\/wp\/v2\/product_tag?post=67142"}],"curies":[{"name":"wp","href":"https:\/\/api.w.org\/{rel}","templated":true}]}}