





{"id":66140,"date":"2023-11-30T14:47:21","date_gmt":"2023-11-30T13:47:21","guid":{"rendered":"https:\/\/repliquemangacine.fr\/?post_type=product&#038;p=66140"},"modified":"2026-04-25T10:35:42","modified_gmt":"2026-04-25T08:35:42","slug":"universalol-ballistol","status":"publish","type":"product","link":"https:\/\/repliquemangacine.fr\/de\/armes-historiques\/huile-universelle-ballistol\/","title":{"rendered":"Ballistol Universal\u00f6l"},"content":{"rendered":"<h2>Die Exzellenz des Ballistol-Universal\u00f6ls<\/h2>\n<p>An erster Stelle steht das Ballistol Universal\u00f6l, ein vielseitiges Produkt, das mehrere Vorteile und Verwendungsm\u00f6glichkeiten bietet. Besteht aus reinem Wei\u00df\u00f6l im medizinischen Sinne,<br \/>\nwas bedeutet, dass sie harzund s\u00e4urefrei ist und sich im Laufe der Zeit nicht verschlechtert. Diese Eigenschaft macht es ideal f\u00fcr verschiedene Anwendungen, vor allem f\u00fcr die Pflege und Aufbewahrung von Gegenst\u00e4nden.<\/p>\n<h3>Ballistol Universal\u00f6l: bew\u00e4hrt und un\u00fcbertroffen<\/h3>\n<p>Besonders hervorzuheben ist, dass dieses Produkt ideal f\u00fcr die Pflege von Metall, Holz, Leder, Gummi, synthetischen Materialien, Haut, Tierfell und vielem mehr geeignet ist.<\/p>\n<p>\u00dcbrigens, <a href=\"https:\/\/ballistol.de\/\" target=\"_blank\" rel=\"noopener noreferrer\">Ballistol<\/a> ist umweltfreundlich, biologisch abbaubar und sicher f\u00fcr die Haut und die Verwendung mit Lebensmitteln. Aufgrund dieser Eigenschaften eignet es sich besonders f\u00fcr eine Vielzahl von Anwendungen, von der Waffenpflege bis hin zu anderen Haushalts- und Arbeitszwecken.<\/p>\n<h2>Ballistol Universal\u00f6l: Ein Must f\u00fcr die Pflege von Repliken und Zubeh\u00f6r<\/h2>\n<p>Das Ballistol Universal\u00f6l ist die erste Wahl f\u00fcr die optimale Pflege von Katanas, Replika-Waffen und Lederaccessoires wie Holstern.<\/p>\n<p>Durch seine einzigartige Zusammensetzung aus reinem Wei\u00df\u00f6l ist es ideal f\u00fcr die Aufbewahrung und Pflege dieser wertvollen Artikel.<\/p>\n<h2>Entdecken Sie die vielseitige Macht von Ballistol<\/h2>\n<p>BALLISTOL sorgt f\u00fcr einen alkalischen Schutzfilm auf der Metalloberfl\u00e4che. Neutralisiert Handschwei\u00df und andere korrosive S\u00e4urer\u00fcckst\u00e4nde, so dass die Oberfl\u00e4che vor Korrosion gesch\u00fctzt ist.<\/p>\n<p>Ideal f\u00fcr Handwerk, Industrie, Heimwerker, Landwirtschaft, Haushalt, Garten, Autos und Motorr\u00e4der, Angeln, Jagen und Schie\u00dfen.<\/p>\n<p>Seine nicht korrosive und biologisch abbaubare Formel macht es zu einer sicheren und umweltfreundlichen Wahl, um Ihre Ger\u00e4te in perfektem Zustand zu halten.<\/p>\n<h2>Hochwertige Pflege und Schutz f\u00fcr Ihre Sammlungen<\/h2>\n<p>In Bezug auf die <a href=\"https:\/\/repliquemangacine.fr\/de\/katana-schmiede\/\">Katanas<\/a> und andere Klingen. Ballistol spielt eine entscheidende Rolle bei der Erhaltung der Sch\u00e4rfe und des Glanzes der Klingen. Seine F\u00e4higkeit, tief einzudringen, beugt Korrosion vor.<br \/>\nund bewahrt die Unversehrtheit der Klinge, wodurch Leben und Sch\u00f6nheit verl\u00e4ngert werden.<\/p>\n<p>F\u00fcr die <a href=\"https:\/\/repliquemangacine.fr\/de\/replica-darmes\/\">Waffennachbildungen<\/a>, Ballistol sch\u00fctzt vor Rost und Besch\u00e4digungen und neutralisiert S\u00e4urer\u00fcckst\u00e4nde, so dass Ihre Replikas auch in Zukunft einsatzbereit bleiben.<br \/>\nbeeindruckender als am Tag ihres Erwerbs.<\/p>\n<h3>Ballistol und die Pflege von Lederaccessoires<\/h3>\n<p>Was die Pflege von Leder wie Holstern betrifft, so ist Ballistol ebenso wirksam. Es n\u00e4hrt das Leder, macht es geschmeidiger und widerstandsf\u00e4higer und sch\u00fctzt seine Oberfl\u00e4che.<\/p>\n<p>Zusammenfassend l\u00e4sst sich sagen, dass Sie mit Ballistol eine un\u00fcbertroffene Langlebigkeit und Eleganz f\u00fcr Ihre Sammlungen von Repliken und Zubeh\u00f6r gew\u00e4hrleisten.<\/p>","protected":false},"excerpt":{"rendered":"<p>Absolut fabelhaft dieses Universal\u00f6l der Marke Ballistol.<\/p>\n<p>Pflege von Metall, Holz, Leder etc.<\/p>\n<ul>\n<li>Sch\u00fctzt vor Korrosion Pflegt, schmiert, desinfiziert, sch\u00fctzt vor Rost<\/li>\n<li>Kommt in die kleinsten Ecken, gleitet leicht<\/li>\n<li>Verharrt nicht, vollst\u00e4ndig biologisch abbaubar<\/li>\n<li>Geeignet f\u00fcr Lebensmittel, hautvertr\u00e4glich.<\/li>\n<li>Erh\u00e4ltlich als Spray mit 200 und 400 ml Inhalt und als Flasche mit 500 ml Inhalt<\/li>\n<\/ul>","protected":false},"featured_media":66154,"template":"","meta":[],"product_brand":[896],"product_cat":[50,51,49,25,34,65,66,30,39,86,82,33,77,93,84,73,44,72,68,112,69,55,46,92,111,45,90,26,32,117,116,38,109,71,88,23,52,40,114,83,28,833,76,115,74],"product_tag":[],"class_list":{"0":"post-66140","1":"product","2":"type-product","3":"status-publish","4":"has-post-thumbnail","6":"product_brand-replique-manga-cine","7":"product_cat-accessoires-katana","8":"product_cat-accessoires-western","9":"product_cat-armes-de-pirates","10":"product_cat-armes-historiques","11":"product_cat-armes-westerns","12":"product_cat-katana-et-epee-de-manga-anime-autre-manga","13":"product_cat-repliques-d-armes-films-et-series","14":"product_cat-katana-bleach","15":"product_cat-carabine-winchester","16":"product_cat-repliques-carabine-winchester-western","17":"product_cat-casques-romains-et-grecs","18":"product_cat-colt-pistolet","19":"product_cat-colt-revolver-western","20":"product_cat-dagues-medievales","21":"product_cat-epee-templier-medievale","22":"product_cat-epees-glaives-antique","23":"product_cat-epees-et-dagues-fantasy","24":"product_cat-epees-game-of-thrones","25":"product_cat-epees-seigneur-des-anneaux","26":"product_cat-epees-serie-tv-vikings","27":"product_cat-epees-the-hobbit","28":"product_cat-fusil-ancien","29":"product_cat-fusil-d-assaut-fusil-moderne","30":"product_cat-haches-de-guerre-medievale-et-accessoire-medievaux","31":"product_cat-haches-serie-vikings","32":"product_cat-holster-western-ceinturon","33":"product_cat-holster-accessoires-western","34":"product_cat-katana-epee","35":"product_cat-katana-decoration","36":"product_cat-katana-demon-slayer-metal","37":"product_cat-katana-en-bois-demon-slayer","38":"product_cat-katana-forge","39":"product_cat-katana-naruto","40":"product_cat-katana-kill-bill","41":"product_cat-katanas-le-dernier-samourai","42":"product_cat-repliques-manga-jeux-video","43":"product_cat-pistolet-ancien","44":"product_cat-pistolet-moderne","45":"product_cat-pistolet-pirate","46":"product_cat-replique-d-armes-1er-empire","47":"product_cat-repliques-darmes","48":"product_cat-repliques-darmes-napoleon","49":"product_cat-reproductions-armes-seconde-guerre-mondiale-denix","50":"product_cat-sabre-dabordage-de-pirate","51":"product_cat-sabres-1er-empire","53":"first","54":"instock","55":"taxable","56":"shipping-taxable","57":"purchasable","58":"product-type-variable"},"yoast_head":"<!-- This site is optimized with the Yoast SEO plugin v27.5 - https:\/\/yoast.com\/product\/yoast-seo-wordpress\/ -->\n<title>Huile universelle Ballistol - Entretien premium assur\u00e9 | R\u00e9plique Manga Cin\u00e9<\/title>\n<meta name=\"description\" content=\"D\u00e9couvrez l&#039;Huile universelle Ballistol le must pour l&#039;entretien des armes, des katanas et du cuir. Biod\u00e9gradable, ultra-efficace. Spray de 200ml, 400ml ...\" \/>\n<meta name=\"robots\" content=\"index, follow, max-snippet:-1, max-image-preview:large, max-video-preview:-1\" \/>\n<link rel=\"canonical\" href=\"https:\/\/repliquemangacine.fr\/de\/historische-waffen\/universalol-ballistol\/\" \/>\n<meta property=\"og:locale\" content=\"de_DE\" \/>\n<meta property=\"og:type\" content=\"article\" \/>\n<meta property=\"og:title\" content=\"Huile universelle Ballistol - Entretien premium assur\u00e9 | R\u00e9plique Manga Cin\u00e9\" \/>\n<meta property=\"og:description\" content=\"D\u00e9couvrez l&#039;Huile universelle Ballistol le must pour l&#039;entretien des armes, des katanas et du cuir. Biod\u00e9gradable, ultra-efficace. Spray de 200ml, 400ml ...\" \/>\n<meta property=\"og:url\" content=\"https:\/\/repliquemangacine.fr\/de\/historische-waffen\/universalol-ballistol\/\" \/>\n<meta property=\"og:site_name\" content=\"R\u00e9plique Manga Cin\u00e9\" \/>\n<meta property=\"article:publisher\" content=\"https:\/\/www.facebook.com\/RepliqueMangaCine\" \/>\n<meta property=\"article:modified_time\" content=\"2026-04-25T08:35:42+00:00\" \/>\n<meta property=\"og:image\" content=\"https:\/\/repliquemangacine.fr\/wp-content\/uploads\/2023\/11\/huile-ballistol.jpg\" \/>\n\t<meta property=\"og:image:width\" content=\"500\" \/>\n\t<meta property=\"og:image:height\" content=\"500\" \/>\n\t<meta property=\"og:image:type\" content=\"image\/jpeg\" \/>\n<meta name=\"twitter:card\" content=\"summary_large_image\" \/>\n<meta name=\"twitter:label1\" content=\"Gesch\u00e4tzte Lesezeit\" \/>\n\t<meta name=\"twitter:data1\" content=\"3\u00a0Minuten\" \/>\n<script type=\"application\/ld+json\" class=\"yoast-schema-graph\">{\"@context\":\"https:\\\/\\\/schema.org\",\"@graph\":[{\"@type\":\"WebPage\",\"@id\":\"https:\\\/\\\/repliquemangacine.fr\\\/armes-historiques\\\/huile-universelle-ballistol\\\/\",\"url\":\"https:\\\/\\\/repliquemangacine.fr\\\/armes-historiques\\\/huile-universelle-ballistol\\\/\",\"name\":\"Huile universelle Ballistol - Entretien premium assur\u00e9 | R\u00e9plique Manga Cin\u00e9\",\"isPartOf\":{\"@id\":\"https:\\\/\\\/repliquemangacine.fr\\\/#website\"},\"primaryImageOfPage\":{\"@id\":\"https:\\\/\\\/repliquemangacine.fr\\\/armes-historiques\\\/huile-universelle-ballistol\\\/#primaryimage\"},\"image\":{\"@id\":\"https:\\\/\\\/repliquemangacine.fr\\\/armes-historiques\\\/huile-universelle-ballistol\\\/#primaryimage\"},\"thumbnailUrl\":\"https:\\\/\\\/repliquemangacine.fr\\\/wp-content\\\/uploads\\\/2023\\\/11\\\/huile-ballistol.jpg\",\"datePublished\":\"2023-11-30T13:47:21+00:00\",\"dateModified\":\"2026-04-25T08:35:42+00:00\",\"description\":\"D\u00e9couvrez l'Huile universelle Ballistol le must pour l'entretien des armes, des katanas et du cuir. Biod\u00e9gradable, ultra-efficace. Spray de 200ml, 400ml ...\",\"breadcrumb\":{\"@id\":\"https:\\\/\\\/repliquemangacine.fr\\\/armes-historiques\\\/huile-universelle-ballistol\\\/#breadcrumb\"},\"inLanguage\":\"de\",\"potentialAction\":[{\"@type\":\"ReadAction\",\"target\":[\"https:\\\/\\\/repliquemangacine.fr\\\/armes-historiques\\\/huile-universelle-ballistol\\\/\"]}]},{\"@type\":\"ImageObject\",\"inLanguage\":\"de\",\"@id\":\"https:\\\/\\\/repliquemangacine.fr\\\/armes-historiques\\\/huile-universelle-ballistol\\\/#primaryimage\",\"url\":\"https:\\\/\\\/repliquemangacine.fr\\\/wp-content\\\/uploads\\\/2023\\\/11\\\/huile-ballistol.jpg\",\"contentUrl\":\"https:\\\/\\\/repliquemangacine.fr\\\/wp-content\\\/uploads\\\/2023\\\/11\\\/huile-ballistol.jpg\",\"width\":500,\"height\":500,\"caption\":\"Huile Ballistol\"},{\"@type\":\"BreadcrumbList\",\"@id\":\"https:\\\/\\\/repliquemangacine.fr\\\/armes-historiques\\\/huile-universelle-ballistol\\\/#breadcrumb\",\"itemListElement\":[{\"@type\":\"ListItem\",\"position\":1,\"name\":\"Accueil\",\"item\":\"https:\\\/\\\/repliquemangacine.fr\\\/\"},{\"@type\":\"ListItem\",\"position\":2,\"name\":\"Produits\",\"item\":\"https:\\\/\\\/repliquemangacine.fr\\\/boutique\\\/\"},{\"@type\":\"ListItem\",\"position\":3,\"name\":\"Huile universelle Ballistol\"}]},{\"@type\":\"WebSite\",\"@id\":\"https:\\\/\\\/repliquemangacine.fr\\\/#website\",\"url\":\"https:\\\/\\\/repliquemangacine.fr\\\/\",\"name\":\"R\u00e9plique Manga Cin\u00e9\",\"description\":\"\",\"publisher\":{\"@id\":\"https:\\\/\\\/repliquemangacine.fr\\\/#organization\"},\"potentialAction\":[{\"@type\":\"SearchAction\",\"target\":{\"@type\":\"EntryPoint\",\"urlTemplate\":\"https:\\\/\\\/repliquemangacine.fr\\\/?s={search_term_string}\"},\"query-input\":{\"@type\":\"PropertyValueSpecification\",\"valueRequired\":true,\"valueName\":\"search_term_string\"}}],\"inLanguage\":\"de\"},{\"@type\":\"Organization\",\"@id\":\"https:\\\/\\\/repliquemangacine.fr\\\/#organization\",\"name\":\"R\u00e9plique Manga Cin\u00e9\",\"url\":\"https:\\\/\\\/repliquemangacine.fr\\\/\",\"logo\":{\"@type\":\"ImageObject\",\"inLanguage\":\"de\",\"@id\":\"https:\\\/\\\/repliquemangacine.fr\\\/#\\\/schema\\\/logo\\\/image\\\/\",\"url\":\"https:\\\/\\\/repliquemangacine.fr\\\/wp-content\\\/uploads\\\/2023\\\/10\\\/RMC-500250.png\",\"contentUrl\":\"https:\\\/\\\/repliquemangacine.fr\\\/wp-content\\\/uploads\\\/2023\\\/10\\\/RMC-500250.png\",\"width\":500,\"height\":250,\"caption\":\"R\u00e9plique Manga Cin\u00e9\"},\"image\":{\"@id\":\"https:\\\/\\\/repliquemangacine.fr\\\/#\\\/schema\\\/logo\\\/image\\\/\"},\"sameAs\":[\"https:\\\/\\\/www.facebook.com\\\/RepliqueMangaCine\",\"https:\\\/\\\/www.instagram.com\\\/repliquemangacine.fr\\\/\"]}]}<\/script>\n<!-- \/ Yoast SEO plugin. -->","yoast_head_json":{"title":"Ballistol Universal\u00f6l - Premiumpflege gesichert | R\u00e9plique Manga Cin\u00e9","description":"Entdecken Sie das Ballistol Universal\u00f6l das Muss f\u00fcr die Pflege von Waffen, Katanas und Leder. Biologisch abbaubar, ultra-effizient. Spray von 200ml, 400ml ...","robots":{"index":"index","follow":"follow","max-snippet":"max-snippet:-1","max-image-preview":"max-image-preview:large","max-video-preview":"max-video-preview:-1"},"canonical":"https:\/\/repliquemangacine.fr\/de\/historische-waffen\/universalol-ballistol\/","og_locale":"de_DE","og_type":"article","og_title":"Huile universelle Ballistol - Entretien premium assur\u00e9 | R\u00e9plique Manga Cin\u00e9","og_description":"D\u00e9couvrez l'Huile universelle Ballistol le must pour l'entretien des armes, des katanas et du cuir. Biod\u00e9gradable, ultra-efficace. Spray de 200ml, 400ml ...","og_url":"https:\/\/repliquemangacine.fr\/de\/historische-waffen\/universalol-ballistol\/","og_site_name":"R\u00e9plique Manga Cin\u00e9","article_publisher":"https:\/\/www.facebook.com\/RepliqueMangaCine","article_modified_time":"2026-04-25T08:35:42+00:00","og_image":[{"width":500,"height":500,"url":"https:\/\/repliquemangacine.fr\/wp-content\/uploads\/2023\/11\/huile-ballistol.jpg","type":"image\/jpeg"}],"twitter_card":"summary_large_image","twitter_misc":{"Gesch\u00e4tzte Lesezeit":"3\u00a0Minuten"},"schema":{"@context":"https:\/\/schema.org","@graph":[{"@type":"WebPage","@id":"https:\/\/repliquemangacine.fr\/armes-historiques\/huile-universelle-ballistol\/","url":"https:\/\/repliquemangacine.fr\/armes-historiques\/huile-universelle-ballistol\/","name":"Ballistol Universal\u00f6l - Premiumpflege gesichert | R\u00e9plique Manga Cin\u00e9","isPartOf":{"@id":"https:\/\/repliquemangacine.fr\/#website"},"primaryImageOfPage":{"@id":"https:\/\/repliquemangacine.fr\/armes-historiques\/huile-universelle-ballistol\/#primaryimage"},"image":{"@id":"https:\/\/repliquemangacine.fr\/armes-historiques\/huile-universelle-ballistol\/#primaryimage"},"thumbnailUrl":"https:\/\/repliquemangacine.fr\/wp-content\/uploads\/2023\/11\/huile-ballistol.jpg","datePublished":"2023-11-30T13:47:21+00:00","dateModified":"2026-04-25T08:35:42+00:00","description":"Entdecken Sie das Ballistol Universal\u00f6l das Muss f\u00fcr die Pflege von Waffen, Katanas und Leder. Biologisch abbaubar, ultra-effizient. Spray von 200ml, 400ml ...","breadcrumb":{"@id":"https:\/\/repliquemangacine.fr\/armes-historiques\/huile-universelle-ballistol\/#breadcrumb"},"inLanguage":"de","potentialAction":[{"@type":"ReadAction","target":["https:\/\/repliquemangacine.fr\/armes-historiques\/huile-universelle-ballistol\/"]}]},{"@type":"ImageObject","inLanguage":"de","@id":"https:\/\/repliquemangacine.fr\/armes-historiques\/huile-universelle-ballistol\/#primaryimage","url":"https:\/\/repliquemangacine.fr\/wp-content\/uploads\/2023\/11\/huile-ballistol.jpg","contentUrl":"https:\/\/repliquemangacine.fr\/wp-content\/uploads\/2023\/11\/huile-ballistol.jpg","width":500,"height":500,"caption":"Huile Ballistol"},{"@type":"BreadcrumbList","@id":"https:\/\/repliquemangacine.fr\/armes-historiques\/huile-universelle-ballistol\/#breadcrumb","itemListElement":[{"@type":"ListItem","position":1,"name":"Accueil","item":"https:\/\/repliquemangacine.fr\/"},{"@type":"ListItem","position":2,"name":"Produits","item":"https:\/\/repliquemangacine.fr\/boutique\/"},{"@type":"ListItem","position":3,"name":"Huile universelle Ballistol"}]},{"@type":"WebSite","@id":"https:\/\/repliquemangacine.fr\/#website","url":"https:\/\/repliquemangacine.fr\/","name":"R\u00e9plique Manga Cin\u00e9","description":"","publisher":{"@id":"https:\/\/repliquemangacine.fr\/#organization"},"potentialAction":[{"@type":"SearchAction","target":{"@type":"EntryPoint","urlTemplate":"https:\/\/repliquemangacine.fr\/?s={search_term_string}"},"query-input":{"@type":"PropertyValueSpecification","valueRequired":true,"valueName":"search_term_string"}}],"inLanguage":"de"},{"@type":"Organization","@id":"https:\/\/repliquemangacine.fr\/#organization","name":"R\u00e9plique Manga Cin\u00e9","url":"https:\/\/repliquemangacine.fr\/","logo":{"@type":"ImageObject","inLanguage":"de","@id":"https:\/\/repliquemangacine.fr\/#\/schema\/logo\/image\/","url":"https:\/\/repliquemangacine.fr\/wp-content\/uploads\/2023\/10\/RMC-500250.png","contentUrl":"https:\/\/repliquemangacine.fr\/wp-content\/uploads\/2023\/10\/RMC-500250.png","width":500,"height":250,"caption":"R\u00e9plique Manga Cin\u00e9"},"image":{"@id":"https:\/\/repliquemangacine.fr\/#\/schema\/logo\/image\/"},"sameAs":["https:\/\/www.facebook.com\/RepliqueMangaCine","https:\/\/www.instagram.com\/repliquemangacine.fr\/"]}]}},"_links":{"self":[{"href":"https:\/\/repliquemangacine.fr\/de\/wp-json\/wp\/v2\/product\/66140","targetHints":{"allow":["GET"]}}],"collection":[{"href":"https:\/\/repliquemangacine.fr\/de\/wp-json\/wp\/v2\/product"}],"about":[{"href":"https:\/\/repliquemangacine.fr\/de\/wp-json\/wp\/v2\/types\/product"}],"wp:featuredmedia":[{"embeddable":true,"href":"https:\/\/repliquemangacine.fr\/de\/wp-json\/wp\/v2\/media\/66154"}],"wp:attachment":[{"href":"https:\/\/repliquemangacine.fr\/de\/wp-json\/wp\/v2\/media?parent=66140"}],"wp:term":[{"taxonomy":"product_brand","embeddable":true,"href":"https:\/\/repliquemangacine.fr\/de\/wp-json\/wp\/v2\/product_brand?post=66140"},{"taxonomy":"product_cat","embeddable":true,"href":"https:\/\/repliquemangacine.fr\/de\/wp-json\/wp\/v2\/product_cat?post=66140"},{"taxonomy":"product_tag","embeddable":true,"href":"https:\/\/repliquemangacine.fr\/de\/wp-json\/wp\/v2\/product_tag?post=66140"}],"curies":[{"name":"wp","href":"https:\/\/api.w.org\/{rel}","templated":true}]}}