





{"id":66091,"date":"2023-11-29T17:19:50","date_gmt":"2023-11-29T16:19:50","guid":{"rendered":"https:\/\/repliquemangacine.fr\/?post_type=product&#038;p=66091"},"modified":"2025-11-18T15:42:05","modified_gmt":"2025-11-18T14:42:05","slug":"dolche-von-drax-die-wachter-der-galaxis","status":"publish","type":"product","link":"https:\/\/repliquemangacine.fr\/de\/super-heros-marvel\/dagues-de-drax-les-gardiens-de-la-galaxie\/","title":{"rendered":"Dolche von Drax - Guardians of the Galaxy"},"content":{"rendered":"<h2>Die Dolche von Drax: Ein ikonisches Artefakt aus den Guardians of the Galaxy<\/h2>\n<p>In erster Linie werden im Marvel-Filmuniversum die <strong>Dolche von Drax<\/strong> nehmen eine besondere Stellung ein und zeichnen sich als Symbol f\u00fcr St\u00e4rke und Widerstandsf\u00e4higkeit aus. Wird von Drax dem Zerst\u00f6rer in dem erfolgreichen Film \"Guardians of the Galaxy\" verwendet. Diese ikonische Waffe spiegelt nicht nur die wilde und unbezwingbare Pers\u00f6nlichkeit von <a href=\"https:\/\/universcinematographiquemarvel.fandom.com\/fr\/wiki\/Drax\" target=\"_blank\" rel=\"noopener noreferrer\">Drax<\/a>Sie verk\u00f6rpert nicht nur ihre eigene Geschichte, sondern auch ihre eigene ergreifende Geschichte.<\/p>\n<h3>Drax' legend\u00e4re Waffe im Marvel-Universum<\/h3>\n<p>Der mit bemerkenswerter Pr\u00e4zision gefertigte Dolch ist nicht nur ein begehrtes Sammlerst\u00fcck f\u00fcr Fans. Sondern auch ein au\u00dfergew\u00f6hnliches Beispiel f\u00fcr die Handwerkskunst in der Welt der Filmrepliken. Sein einzigartiges Design, das \u00c4sthetik und Funktionalit\u00e4t vereint, macht ihn zu einem Objekt der Begierde f\u00fcr Sammler und Liebhaber des Marvel-Universums.<\/p>\n<h2>Die emblematischen Waffen des Marvel-Universums<\/h2>\n<p>Das Marvel-Universum mit seiner ganzen Bandbreite an Helden und Schurken ist auch f\u00fcr seine ikonischen Waffen ber\u00fchmt. Diese sind \u00fcbrigens Symbole f\u00fcr Macht und Charakter. Von <a href=\"https:\/\/repliquemangacine.fr\/de\/marvel-super-heros\/thor-mjolnir-hammer-aus-metall-mit-basis\/\">Thors Hammer<\/a> an <a href=\"https:\/\/repliquemangacine.fr\/de\/marvel-super-heros\/captain-america-schild-luxusversion\/\">Schilde von Captain America<\/a>, Jede Waffe erz\u00e4hlt eine Geschichte und spiegelt die St\u00e4rke und die Werte ihres Tr\u00e4gers wider.<\/p>\n<p>Diese Waffen sind zu Kultobjekten geworden und sowohl bei Filmfans als auch bei Sammlern sehr begehrt.<\/p>\n<h3>Die Macht der ikonischen Marvel-Waffen<\/h3>\n<p>Sie verk\u00f6rpern die au\u00dfergew\u00f6hnliche Innovation und Handwerkskunst des Marvel-Universums. Sie zeugen von der Sorgfalt und Pr\u00e4zision, mit der sie sowohl in der Filmhandlung als auch in ihrer Reproduktion f\u00fcr Sammler geschaffen wurden.<\/p>\n<p>Zusammenfassend l\u00e4sst sich sagen, dass der Besitz einer Nachbildung dieser legend\u00e4ren Waffen gleichbedeutend ist mit dem Besitz eines St\u00fccks Marvel-Geschichte. Ein Symbol f\u00fcr den Kampf zwischen Gut und B\u00f6se und eine Hommage an Heldentum in all seinen Formen.<\/p>\n<h2>Erhalten Sie die Zwei Dolche von Drax zum besten Preis<\/h2>\n<p>Entdecken Sie die einmalige Gelegenheit, Ihr eigenes Set der beiden Dolche von Drax zu einem unschlagbaren Preis zu erwerben. Diese Repliken sind zwar nicht offiziell, wurden jedoch mit viel Liebe zum Detail und in einer Qualit\u00e4t gefertigt, die selbst die anspruchsvollsten Fans begeistern wird.<\/p>\n<p>Jeder Dolch ist das Ergebnis sorgf\u00e4ltiger Arbeit. Er gibt die \u00c4sthetik und Dynamik der legend\u00e4ren Waffen von Drax in \u201cGuardians of the Galaxy\u201d originalgetreu wieder.<\/p>\n<h3>Repliken der Drax-Dolche in herausragender Qualit\u00e4t<\/h3>\n<p>Diese Repliken werden zu einem wettbewerbsf\u00e4higen Preis angeboten und sind ohne Qualit\u00e4tseinbu\u00dfen erh\u00e4ltlich. Sie verk\u00f6rpern die perfekte Balance zwischen erschwinglichem Preis und hochwertiger Verarbeitung.,<br \/>\nwas dieses Set zu einer bevorzugten Wahl f\u00fcr Sammler und Fans des Marvel-Universums macht.<\/p>\n<p>F\u00fcgen Sie Ihrer Sammlung einen Hauch von Abenteuer und Tapferkeit hinzu mit diesen <strong>Dolche von Drax<\/strong>Diese au\u00dfergew\u00f6hnlichen St\u00fccke fangen den Kampfgeist und die Seele des ber\u00fchmten Kriegers ein.<\/p>","protected":false},"excerpt":{"rendered":"<p>Wundersch\u00f6ne inoffizielle Replik, Set aus zwei Dolchen von Drax in Guardians of the Galaxy.<\/p>\n<ul>\n<li>Satinierte Stahlklinge<\/li>\n<li>Gravur auf den Klingen in Rot<\/li>\n<li>Garde und Griff aus vernickeltem Stahl<\/li>\n<li>Speziell geformter Knauf aus vernickeltem Stahl<\/li>\n<li>Schwarze Kunstledertaschen mit Klettverschluss zur Befestigung<\/li>\n<li>L\u00e4nge jeder Klinge: 30.5 cm - Gesamtl\u00e4nge: je 48 cm<\/li>\n<li>Gewicht: 670 g pro St\u00fcck.<\/li>\n<\/ul>","protected":false},"featured_media":66094,"template":"","meta":[],"product_brand":[896],"product_cat":[59],"product_tag":[],"class_list":{"0":"post-66091","1":"product","2":"type-product","3":"status-publish","4":"has-post-thumbnail","6":"product_brand-replique-manga-cine","7":"product_cat-super-heros-marvel","9":"first","10":"instock","11":"sale","12":"taxable","13":"shipping-taxable","14":"purchasable","15":"product-type-simple"},"yoast_head":"<!-- This site is optimized with the Yoast SEO plugin v27.5 - https:\/\/yoast.com\/product\/yoast-seo-wordpress\/ -->\n<title>Dagues de Drax - Les gardiens de la Galaxie - R\u00e9plique Manga Cin\u00e9<\/title>\n<meta name=\"description\" content=\"D\u00e9couvrez les r\u00e9pliques des dagues de Drax dans Les Gardiens de la Galaxie. Qualit\u00e9 exceptionnelle, prix imbattable, pour les fans de l&#039;univers Marvel.\" \/>\n<meta name=\"robots\" content=\"index, follow, max-snippet:-1, max-image-preview:large, max-video-preview:-1\" \/>\n<link rel=\"canonical\" href=\"https:\/\/repliquemangacine.fr\/de\/marvel-super-heros\/dolche-von-drax-die-wachter-der-galaxis\/\" \/>\n<meta property=\"og:locale\" content=\"de_DE\" \/>\n<meta property=\"og:type\" content=\"article\" \/>\n<meta property=\"og:title\" content=\"Dagues de Drax - Les gardiens de la Galaxie - R\u00e9plique Manga Cin\u00e9\" \/>\n<meta property=\"og:description\" content=\"D\u00e9couvrez les r\u00e9pliques des dagues de Drax dans Les Gardiens de la Galaxie. Qualit\u00e9 exceptionnelle, prix imbattable, pour les fans de l&#039;univers Marvel.\" \/>\n<meta property=\"og:url\" content=\"https:\/\/repliquemangacine.fr\/de\/marvel-super-heros\/dolche-von-drax-die-wachter-der-galaxis\/\" \/>\n<meta property=\"og:site_name\" content=\"R\u00e9plique Manga Cin\u00e9\" \/>\n<meta property=\"article:publisher\" content=\"https:\/\/www.facebook.com\/RepliqueMangaCine\" \/>\n<meta property=\"article:modified_time\" content=\"2025-11-18T14:42:05+00:00\" \/>\n<meta property=\"og:image\" content=\"https:\/\/repliquemangacine.fr\/wp-content\/uploads\/2023\/11\/Dagues-de-Drax.jpg\" \/>\n\t<meta property=\"og:image:width\" content=\"500\" \/>\n\t<meta property=\"og:image:height\" content=\"500\" \/>\n\t<meta property=\"og:image:type\" content=\"image\/jpeg\" \/>\n<meta name=\"twitter:card\" content=\"summary_large_image\" \/>\n<meta name=\"twitter:label1\" content=\"Gesch\u00e4tzte Lesezeit\" \/>\n\t<meta name=\"twitter:data1\" content=\"3\u00a0Minuten\" \/>\n<script type=\"application\/ld+json\" class=\"yoast-schema-graph\">{\"@context\":\"https:\\\/\\\/schema.org\",\"@graph\":[{\"@type\":\"WebPage\",\"@id\":\"https:\\\/\\\/repliquemangacine.fr\\\/super-heros-marvel\\\/dagues-de-drax-les-gardiens-de-la-galaxie\\\/\",\"url\":\"https:\\\/\\\/repliquemangacine.fr\\\/super-heros-marvel\\\/dagues-de-drax-les-gardiens-de-la-galaxie\\\/\",\"name\":\"Dagues de Drax - Les gardiens de la Galaxie - R\u00e9plique Manga Cin\u00e9\",\"isPartOf\":{\"@id\":\"https:\\\/\\\/repliquemangacine.fr\\\/#website\"},\"primaryImageOfPage\":{\"@id\":\"https:\\\/\\\/repliquemangacine.fr\\\/super-heros-marvel\\\/dagues-de-drax-les-gardiens-de-la-galaxie\\\/#primaryimage\"},\"image\":{\"@id\":\"https:\\\/\\\/repliquemangacine.fr\\\/super-heros-marvel\\\/dagues-de-drax-les-gardiens-de-la-galaxie\\\/#primaryimage\"},\"thumbnailUrl\":\"https:\\\/\\\/repliquemangacine.fr\\\/wp-content\\\/uploads\\\/2023\\\/11\\\/Dagues-de-Drax.jpg\",\"datePublished\":\"2023-11-29T16:19:50+00:00\",\"dateModified\":\"2025-11-18T14:42:05+00:00\",\"description\":\"D\u00e9couvrez les r\u00e9pliques des dagues de Drax dans Les Gardiens de la Galaxie. Qualit\u00e9 exceptionnelle, prix imbattable, pour les fans de l'univers Marvel.\",\"breadcrumb\":{\"@id\":\"https:\\\/\\\/repliquemangacine.fr\\\/super-heros-marvel\\\/dagues-de-drax-les-gardiens-de-la-galaxie\\\/#breadcrumb\"},\"inLanguage\":\"de\",\"potentialAction\":[{\"@type\":\"ReadAction\",\"target\":[\"https:\\\/\\\/repliquemangacine.fr\\\/super-heros-marvel\\\/dagues-de-drax-les-gardiens-de-la-galaxie\\\/\"]}]},{\"@type\":\"ImageObject\",\"inLanguage\":\"de\",\"@id\":\"https:\\\/\\\/repliquemangacine.fr\\\/super-heros-marvel\\\/dagues-de-drax-les-gardiens-de-la-galaxie\\\/#primaryimage\",\"url\":\"https:\\\/\\\/repliquemangacine.fr\\\/wp-content\\\/uploads\\\/2023\\\/11\\\/Dagues-de-Drax.jpg\",\"contentUrl\":\"https:\\\/\\\/repliquemangacine.fr\\\/wp-content\\\/uploads\\\/2023\\\/11\\\/Dagues-de-Drax.jpg\",\"width\":500,\"height\":500,\"caption\":\"Dagues de Drax\"},{\"@type\":\"BreadcrumbList\",\"@id\":\"https:\\\/\\\/repliquemangacine.fr\\\/super-heros-marvel\\\/dagues-de-drax-les-gardiens-de-la-galaxie\\\/#breadcrumb\",\"itemListElement\":[{\"@type\":\"ListItem\",\"position\":1,\"name\":\"Accueil\",\"item\":\"https:\\\/\\\/repliquemangacine.fr\\\/\"},{\"@type\":\"ListItem\",\"position\":2,\"name\":\"Produits\",\"item\":\"https:\\\/\\\/repliquemangacine.fr\\\/boutique\\\/\"},{\"@type\":\"ListItem\",\"position\":3,\"name\":\"Dagues de Drax &#8211; Les gardiens de la Galaxie\"}]},{\"@type\":\"WebSite\",\"@id\":\"https:\\\/\\\/repliquemangacine.fr\\\/#website\",\"url\":\"https:\\\/\\\/repliquemangacine.fr\\\/\",\"name\":\"R\u00e9plique Manga Cin\u00e9\",\"description\":\"\",\"publisher\":{\"@id\":\"https:\\\/\\\/repliquemangacine.fr\\\/#organization\"},\"potentialAction\":[{\"@type\":\"SearchAction\",\"target\":{\"@type\":\"EntryPoint\",\"urlTemplate\":\"https:\\\/\\\/repliquemangacine.fr\\\/?s={search_term_string}\"},\"query-input\":{\"@type\":\"PropertyValueSpecification\",\"valueRequired\":true,\"valueName\":\"search_term_string\"}}],\"inLanguage\":\"de\"},{\"@type\":\"Organization\",\"@id\":\"https:\\\/\\\/repliquemangacine.fr\\\/#organization\",\"name\":\"R\u00e9plique Manga Cin\u00e9\",\"url\":\"https:\\\/\\\/repliquemangacine.fr\\\/\",\"logo\":{\"@type\":\"ImageObject\",\"inLanguage\":\"de\",\"@id\":\"https:\\\/\\\/repliquemangacine.fr\\\/#\\\/schema\\\/logo\\\/image\\\/\",\"url\":\"https:\\\/\\\/repliquemangacine.fr\\\/wp-content\\\/uploads\\\/2023\\\/10\\\/RMC-500250.png\",\"contentUrl\":\"https:\\\/\\\/repliquemangacine.fr\\\/wp-content\\\/uploads\\\/2023\\\/10\\\/RMC-500250.png\",\"width\":500,\"height\":250,\"caption\":\"R\u00e9plique Manga Cin\u00e9\"},\"image\":{\"@id\":\"https:\\\/\\\/repliquemangacine.fr\\\/#\\\/schema\\\/logo\\\/image\\\/\"},\"sameAs\":[\"https:\\\/\\\/www.facebook.com\\\/RepliqueMangaCine\",\"https:\\\/\\\/www.instagram.com\\\/repliquemangacine.fr\\\/\"]}]}<\/script>\n<!-- \/ Yoast SEO plugin. -->","yoast_head_json":{"title":"Dolche von Drax - Guardians of the Galaxy - R\u00e9plique Manga Cin\u00e9","description":"Entdecken Sie die Repliken der Dolche von Drax aus \"Guardians of the Galaxy\". Hervorragende Qualit\u00e4t, unschlagbarer Preis, f\u00fcr Fans des Marvel-Universums.","robots":{"index":"index","follow":"follow","max-snippet":"max-snippet:-1","max-image-preview":"max-image-preview:large","max-video-preview":"max-video-preview:-1"},"canonical":"https:\/\/repliquemangacine.fr\/de\/marvel-super-heros\/dolche-von-drax-die-wachter-der-galaxis\/","og_locale":"de_DE","og_type":"article","og_title":"Dagues de Drax - Les gardiens de la Galaxie - R\u00e9plique Manga Cin\u00e9","og_description":"D\u00e9couvrez les r\u00e9pliques des dagues de Drax dans Les Gardiens de la Galaxie. Qualit\u00e9 exceptionnelle, prix imbattable, pour les fans de l'univers Marvel.","og_url":"https:\/\/repliquemangacine.fr\/de\/marvel-super-heros\/dolche-von-drax-die-wachter-der-galaxis\/","og_site_name":"R\u00e9plique Manga Cin\u00e9","article_publisher":"https:\/\/www.facebook.com\/RepliqueMangaCine","article_modified_time":"2025-11-18T14:42:05+00:00","og_image":[{"width":500,"height":500,"url":"https:\/\/repliquemangacine.fr\/wp-content\/uploads\/2023\/11\/Dagues-de-Drax.jpg","type":"image\/jpeg"}],"twitter_card":"summary_large_image","twitter_misc":{"Gesch\u00e4tzte Lesezeit":"3\u00a0Minuten"},"schema":{"@context":"https:\/\/schema.org","@graph":[{"@type":"WebPage","@id":"https:\/\/repliquemangacine.fr\/super-heros-marvel\/dagues-de-drax-les-gardiens-de-la-galaxie\/","url":"https:\/\/repliquemangacine.fr\/super-heros-marvel\/dagues-de-drax-les-gardiens-de-la-galaxie\/","name":"Dolche von Drax - Guardians of the Galaxy - R\u00e9plique Manga Cin\u00e9","isPartOf":{"@id":"https:\/\/repliquemangacine.fr\/#website"},"primaryImageOfPage":{"@id":"https:\/\/repliquemangacine.fr\/super-heros-marvel\/dagues-de-drax-les-gardiens-de-la-galaxie\/#primaryimage"},"image":{"@id":"https:\/\/repliquemangacine.fr\/super-heros-marvel\/dagues-de-drax-les-gardiens-de-la-galaxie\/#primaryimage"},"thumbnailUrl":"https:\/\/repliquemangacine.fr\/wp-content\/uploads\/2023\/11\/Dagues-de-Drax.jpg","datePublished":"2023-11-29T16:19:50+00:00","dateModified":"2025-11-18T14:42:05+00:00","description":"Entdecken Sie die Repliken der Dolche von Drax aus \"Guardians of the Galaxy\". Hervorragende Qualit\u00e4t, unschlagbarer Preis, f\u00fcr Fans des Marvel-Universums.","breadcrumb":{"@id":"https:\/\/repliquemangacine.fr\/super-heros-marvel\/dagues-de-drax-les-gardiens-de-la-galaxie\/#breadcrumb"},"inLanguage":"de","potentialAction":[{"@type":"ReadAction","target":["https:\/\/repliquemangacine.fr\/super-heros-marvel\/dagues-de-drax-les-gardiens-de-la-galaxie\/"]}]},{"@type":"ImageObject","inLanguage":"de","@id":"https:\/\/repliquemangacine.fr\/super-heros-marvel\/dagues-de-drax-les-gardiens-de-la-galaxie\/#primaryimage","url":"https:\/\/repliquemangacine.fr\/wp-content\/uploads\/2023\/11\/Dagues-de-Drax.jpg","contentUrl":"https:\/\/repliquemangacine.fr\/wp-content\/uploads\/2023\/11\/Dagues-de-Drax.jpg","width":500,"height":500,"caption":"Dagues de Drax"},{"@type":"BreadcrumbList","@id":"https:\/\/repliquemangacine.fr\/super-heros-marvel\/dagues-de-drax-les-gardiens-de-la-galaxie\/#breadcrumb","itemListElement":[{"@type":"ListItem","position":1,"name":"Accueil","item":"https:\/\/repliquemangacine.fr\/"},{"@type":"ListItem","position":2,"name":"Produits","item":"https:\/\/repliquemangacine.fr\/boutique\/"},{"@type":"ListItem","position":3,"name":"Dagues de Drax &#8211; Les gardiens de la Galaxie"}]},{"@type":"WebSite","@id":"https:\/\/repliquemangacine.fr\/#website","url":"https:\/\/repliquemangacine.fr\/","name":"R\u00e9plique Manga Cin\u00e9","description":"","publisher":{"@id":"https:\/\/repliquemangacine.fr\/#organization"},"potentialAction":[{"@type":"SearchAction","target":{"@type":"EntryPoint","urlTemplate":"https:\/\/repliquemangacine.fr\/?s={search_term_string}"},"query-input":{"@type":"PropertyValueSpecification","valueRequired":true,"valueName":"search_term_string"}}],"inLanguage":"de"},{"@type":"Organization","@id":"https:\/\/repliquemangacine.fr\/#organization","name":"R\u00e9plique Manga Cin\u00e9","url":"https:\/\/repliquemangacine.fr\/","logo":{"@type":"ImageObject","inLanguage":"de","@id":"https:\/\/repliquemangacine.fr\/#\/schema\/logo\/image\/","url":"https:\/\/repliquemangacine.fr\/wp-content\/uploads\/2023\/10\/RMC-500250.png","contentUrl":"https:\/\/repliquemangacine.fr\/wp-content\/uploads\/2023\/10\/RMC-500250.png","width":500,"height":250,"caption":"R\u00e9plique Manga Cin\u00e9"},"image":{"@id":"https:\/\/repliquemangacine.fr\/#\/schema\/logo\/image\/"},"sameAs":["https:\/\/www.facebook.com\/RepliqueMangaCine","https:\/\/www.instagram.com\/repliquemangacine.fr\/"]}]}},"_links":{"self":[{"href":"https:\/\/repliquemangacine.fr\/de\/wp-json\/wp\/v2\/product\/66091","targetHints":{"allow":["GET"]}}],"collection":[{"href":"https:\/\/repliquemangacine.fr\/de\/wp-json\/wp\/v2\/product"}],"about":[{"href":"https:\/\/repliquemangacine.fr\/de\/wp-json\/wp\/v2\/types\/product"}],"wp:featuredmedia":[{"embeddable":true,"href":"https:\/\/repliquemangacine.fr\/de\/wp-json\/wp\/v2\/media\/66094"}],"wp:attachment":[{"href":"https:\/\/repliquemangacine.fr\/de\/wp-json\/wp\/v2\/media?parent=66091"}],"wp:term":[{"taxonomy":"product_brand","embeddable":true,"href":"https:\/\/repliquemangacine.fr\/de\/wp-json\/wp\/v2\/product_brand?post=66091"},{"taxonomy":"product_cat","embeddable":true,"href":"https:\/\/repliquemangacine.fr\/de\/wp-json\/wp\/v2\/product_cat?post=66091"},{"taxonomy":"product_tag","embeddable":true,"href":"https:\/\/repliquemangacine.fr\/de\/wp-json\/wp\/v2\/product_tag?post=66091"}],"curies":[{"name":"wp","href":"https:\/\/api.w.org\/{rel}","templated":true}]}}