





{"id":65989,"date":"2023-11-27T17:28:36","date_gmt":"2023-11-27T16:28:36","guid":{"rendered":"https:\/\/repliquemangacine.fr\/?post_type=product&#038;p=65989"},"modified":"2025-11-18T15:44:27","modified_gmt":"2025-11-18T14:44:27","slug":"kreuzungspunkt-fur-m1-garand","status":"publish","type":"product","link":"https:\/\/repliquemangacine.fr\/de\/dagues-et-accessoires-seconde-guerre-mondiale-materiels-militaria\/bretelle-pour-m1-garand\/","title":{"rendered":"Hosentr\u00e4ger f\u00fcr M1 Garand"},"content":{"rendered":"<h2>Schulterriemen f\u00fcr Gewehr M1 Garand<\/h2>\n<p>Zu Beginn wird die <strong>Hosentr\u00e4ger f\u00fcr M1 Garand<\/strong>, das ber\u00fchmte halbautomatische Gewehr der G.I.s. Es wurde w\u00e4hrend des Zweiten Weltkriegs sowie w\u00e4hrend des Koreakriegs von den amerikanischen und alliierten Streitkr\u00e4ften h\u00e4ufig eingesetzt. Seine Zuverl\u00e4ssigkeit und Pr\u00e4zision machten es bei Soldaten sehr beliebt.<\/p>\n<p>\u00dcber seine milit\u00e4rische Rolle hinaus hat der <a href=\"https:\/\/www.histoiredumonde.net\/M1-Garand.html\" target=\"_blank\" rel=\"noopener noreferrer\">M1 Garand<\/a> ist in der Popul\u00e4rkultur zu einem Symbol des Zweiten Weltkriegs geworden und taucht in zahlreichen Filmen, Serien und Videospielen auf, die sich mit dieser Zeit besch\u00e4ftigen. Sie ist auch ein begehrtes St\u00fcck f\u00fcr Sammler historischer Waffen.<\/p>\n<h3>Schulterriemen f\u00fcr M1 Garand: Funktionalit\u00e4t<\/h3>\n<p>Der Schulterriemen ist \u00fcbrigens nicht nur ein Mittel zum Tragen der Waffe, sondern auch ein Hilfsmittel zur Stabilisierung beim Schie\u00dfen. Die Soldaten wurden darauf trainiert, den Schulterriemen zu verwenden, um einen besseren Halt zu erhalten und die Schussgenauigkeit zu erh\u00f6hen, indem sie ihn um ihren Arm oder ihre Schulter wickelten.<\/p>\n<h2>Schulterriemen f\u00fcr M1 Garand: Wesentliches milit\u00e4rhistorisches Accessoire<\/h2>\n<p>Es ist mehr als nur ein Accessoire, es ist ein lebendiger Teil der Milit\u00e4rgeschichte. Entwickelt, um eine bessere Kontrolle und Stabilit\u00e4t beim Gebrauch des legend\u00e4ren M1 Garand zu bieten. Ein wichtiges Element f\u00fcr Liebhaber historischer Waffen.<\/p>\n<p>Sie zeichnet sich durch ihre Robustheit aus und wird traditionell aus Stoff oder Leder hergestellt, Materialien, die aufgrund ihrer Langlebigkeit und Funktionalit\u00e4t unter schwierigen Bedingungen ausgew\u00e4hlt werden.<\/p>\n<h3>Der Hosentr\u00e4ger der M1 Garand: Komfort und Pr\u00e4zision<\/h3>\n<p>Es spielt tats\u00e4chlich eine entscheidende Rolle beim Schie\u00dfen. Indem man es um den Arm wickelt, erm\u00f6glicht es eine bessere Pr\u00e4zision, reduziert das Zittern und erh\u00f6ht die Stabilit\u00e4t.<\/p>\n<p>F\u00fcr Sammler und historische Reenactors ist der Besitz eines originalgetreuen Riemens unverzichtbar, um ihre Ausr\u00fcstung zu vervollst\u00e4ndigen. Bei RMC bieten wir Riemen f\u00fcr M1 Garand an, die historische Authentizit\u00e4t und h\u00f6chste Qualit\u00e4t vereinen und Enthusiasten ein immersives und geschichtstreues Erlebnis garantieren.<\/p>\n<h2>Finden Sie unser Militaria-Zubeh\u00f6r : Eine Reise in die Geschichte<\/h2>\n<p>F\u00fcr Geschichtsinteressierte und Sammler von Militaria-Objekten ist unsere Kollektion an Militaria-Accessoires eine wahre Fundgrube.<\/p>\n<p>Jedes St\u00fcck erz\u00e4hlt \u00fcbrigens eine Geschichte. Unsere Produkte werden sorgf\u00e4ltig aufgrund ihrer Authentizit\u00e4t und Qualit\u00e4t ausgew\u00e4hlt.<\/p>\n<p>Bietet ein eindringliches Erlebnis in der Milit\u00e4rgeschichte. Ob zur Vervollst\u00e4ndigung einer Sammlung oder f\u00fcr eine historische Nachstellung, bei RMC finden Sie alles, was Sie brauchen.<\/p>\n<h3>Bei RMC finden Sie eine komplette Palette an Militaria-Zubeh\u00f6r.<\/h3>\n<p>Unser Sortiment an Militaria-Zubeh\u00f6r umfasst den historischen Zeitraum des Zweiten Weltkriegs und reicht von klassischen Waffen bis hin zu diverser Feldausr\u00fcstung.<br \/>\nBeginnen wir mit<\/p>\n<ul>\n<li>Die <a href=\"https:\/\/repliquemangacine.fr\/de\/dolche-und-zubehor-zweiter-weltkrieg-militarisches-material\/deutscher-helm-stahlhelm-m42\/\">deutsche Milit\u00e4rhelme<\/a>sondern auch amerikanisch<\/li>\n<li>Sowie die <a href=\"https:\/\/repliquemangacine.fr\/de\/dolche-und-zubehor-zweiter-weltkrieg-militarisches-material\/granatapfel-mk2-usa-1918-granatapfel-ananas\/\">Ananasgranat\u00e4pfel<\/a> (Attrappen) oder Kartoffelpressen<\/li>\n<li>Au\u00dferdem gibt es Bajonette, Holster und vieles mehr!<\/li>\n<\/ul>\n<p>Fazit: Finden Sie die Sch\u00e4tze der Vergangenheit und tauchen Sie mit unserem Militaria-Zubeh\u00f6r in die Geschichte ein.<\/p>","protected":false},"excerpt":{"rendered":"<p>Wundersch\u00f6ner Hosentr\u00e4ger f\u00fcr das Garand M1-Gewehr<\/p>\n<ul>\n<li>Alles aus echtem Leder<\/li>\n<li>Doppelte Perforation f\u00fcr den Haken<\/li>\n<li>Wird auf Grenadinen montiert<\/li>\n<li>Metallhaken<\/li>\n<\/ul>","protected":false},"featured_media":65990,"template":"","meta":[],"product_brand":[896],"product_cat":[54,85],"product_tag":[],"class_list":{"0":"post-65989","1":"product","2":"type-product","3":"status-publish","4":"has-post-thumbnail","6":"product_brand-replique-manga-cine","7":"product_cat-armes-accessoires-guerre-mondiale","8":"product_cat-dagues-et-accessoires-seconde-guerre-mondiale-materiels-militaria","10":"first","11":"outofstock","12":"taxable","13":"shipping-taxable","14":"purchasable","15":"product-type-simple"},"yoast_head":"<!-- This site is optimized with the Yoast SEO plugin v27.5 - https:\/\/yoast.com\/product\/yoast-seo-wordpress\/ -->\n<title>Bretelle pour M1 Garand - Accessoires Militaria | R\u00e9plique Manga Cin\u00e9<\/title>\n<meta name=\"description\" content=\"D\u00e9couvrez cette superbe Bretelle pour M1 Garand au meilleur prix. Tout en cuir v\u00e9ritable. Crochet en m\u00e9tal. Id\u00e9al pour transporter votre r\u00e9plique historique\" \/>\n<meta name=\"robots\" content=\"index, follow, max-snippet:-1, max-image-preview:large, max-video-preview:-1\" \/>\n<link rel=\"canonical\" href=\"https:\/\/repliquemangacine.fr\/de\/dolche-und-zubehor-zweiter-weltkrieg-militarisches-material\/kreuzungspunkt-fur-m1-garand\/\" \/>\n<meta property=\"og:locale\" content=\"de_DE\" \/>\n<meta property=\"og:type\" content=\"article\" \/>\n<meta property=\"og:title\" content=\"Bretelle pour M1 Garand - Accessoires Militaria | R\u00e9plique Manga Cin\u00e9\" \/>\n<meta property=\"og:description\" content=\"D\u00e9couvrez cette superbe Bretelle pour M1 Garand au meilleur prix. Tout en cuir v\u00e9ritable. Crochet en m\u00e9tal. Id\u00e9al pour transporter votre r\u00e9plique historique\" \/>\n<meta property=\"og:url\" content=\"https:\/\/repliquemangacine.fr\/de\/dolche-und-zubehor-zweiter-weltkrieg-militarisches-material\/kreuzungspunkt-fur-m1-garand\/\" \/>\n<meta property=\"og:site_name\" content=\"R\u00e9plique Manga Cin\u00e9\" \/>\n<meta property=\"article:publisher\" content=\"https:\/\/www.facebook.com\/RepliqueMangaCine\" \/>\n<meta property=\"article:modified_time\" content=\"2025-11-18T14:44:27+00:00\" \/>\n<meta property=\"og:image\" content=\"https:\/\/repliquemangacine.fr\/wp-content\/uploads\/2023\/11\/Bretelle-pour-M1-Garand.jpg\" \/>\n\t<meta property=\"og:image:width\" content=\"500\" \/>\n\t<meta property=\"og:image:height\" content=\"500\" \/>\n\t<meta property=\"og:image:type\" content=\"image\/jpeg\" \/>\n<meta name=\"twitter:card\" content=\"summary_large_image\" \/>\n<meta name=\"twitter:label1\" content=\"Gesch\u00e4tzte Lesezeit\" \/>\n\t<meta name=\"twitter:data1\" content=\"3\u00a0Minuten\" \/>\n<script type=\"application\/ld+json\" class=\"yoast-schema-graph\">{\"@context\":\"https:\\\/\\\/schema.org\",\"@graph\":[{\"@type\":\"WebPage\",\"@id\":\"https:\\\/\\\/repliquemangacine.fr\\\/dagues-et-accessoires-seconde-guerre-mondiale-materiels-militaria\\\/bretelle-pour-m1-garand\\\/\",\"url\":\"https:\\\/\\\/repliquemangacine.fr\\\/dagues-et-accessoires-seconde-guerre-mondiale-materiels-militaria\\\/bretelle-pour-m1-garand\\\/\",\"name\":\"Bretelle pour M1 Garand - Accessoires Militaria | R\u00e9plique Manga Cin\u00e9\",\"isPartOf\":{\"@id\":\"https:\\\/\\\/repliquemangacine.fr\\\/#website\"},\"primaryImageOfPage\":{\"@id\":\"https:\\\/\\\/repliquemangacine.fr\\\/dagues-et-accessoires-seconde-guerre-mondiale-materiels-militaria\\\/bretelle-pour-m1-garand\\\/#primaryimage\"},\"image\":{\"@id\":\"https:\\\/\\\/repliquemangacine.fr\\\/dagues-et-accessoires-seconde-guerre-mondiale-materiels-militaria\\\/bretelle-pour-m1-garand\\\/#primaryimage\"},\"thumbnailUrl\":\"https:\\\/\\\/repliquemangacine.fr\\\/wp-content\\\/uploads\\\/2023\\\/11\\\/Bretelle-pour-M1-Garand.jpg\",\"datePublished\":\"2023-11-27T16:28:36+00:00\",\"dateModified\":\"2025-11-18T14:44:27+00:00\",\"description\":\"D\u00e9couvrez cette superbe Bretelle pour M1 Garand au meilleur prix. Tout en cuir v\u00e9ritable. Crochet en m\u00e9tal. Id\u00e9al pour transporter votre r\u00e9plique historique\",\"breadcrumb\":{\"@id\":\"https:\\\/\\\/repliquemangacine.fr\\\/dagues-et-accessoires-seconde-guerre-mondiale-materiels-militaria\\\/bretelle-pour-m1-garand\\\/#breadcrumb\"},\"inLanguage\":\"de\",\"potentialAction\":[{\"@type\":\"ReadAction\",\"target\":[\"https:\\\/\\\/repliquemangacine.fr\\\/dagues-et-accessoires-seconde-guerre-mondiale-materiels-militaria\\\/bretelle-pour-m1-garand\\\/\"]}]},{\"@type\":\"ImageObject\",\"inLanguage\":\"de\",\"@id\":\"https:\\\/\\\/repliquemangacine.fr\\\/dagues-et-accessoires-seconde-guerre-mondiale-materiels-militaria\\\/bretelle-pour-m1-garand\\\/#primaryimage\",\"url\":\"https:\\\/\\\/repliquemangacine.fr\\\/wp-content\\\/uploads\\\/2023\\\/11\\\/Bretelle-pour-M1-Garand.jpg\",\"contentUrl\":\"https:\\\/\\\/repliquemangacine.fr\\\/wp-content\\\/uploads\\\/2023\\\/11\\\/Bretelle-pour-M1-Garand.jpg\",\"width\":500,\"height\":500,\"caption\":\"Bretelle pour M1 Garand\"},{\"@type\":\"BreadcrumbList\",\"@id\":\"https:\\\/\\\/repliquemangacine.fr\\\/dagues-et-accessoires-seconde-guerre-mondiale-materiels-militaria\\\/bretelle-pour-m1-garand\\\/#breadcrumb\",\"itemListElement\":[{\"@type\":\"ListItem\",\"position\":1,\"name\":\"Accueil\",\"item\":\"https:\\\/\\\/repliquemangacine.fr\\\/\"},{\"@type\":\"ListItem\",\"position\":2,\"name\":\"Produits\",\"item\":\"https:\\\/\\\/repliquemangacine.fr\\\/boutique\\\/\"},{\"@type\":\"ListItem\",\"position\":3,\"name\":\"Bretelle pour M1 Garand\"}]},{\"@type\":\"WebSite\",\"@id\":\"https:\\\/\\\/repliquemangacine.fr\\\/#website\",\"url\":\"https:\\\/\\\/repliquemangacine.fr\\\/\",\"name\":\"R\u00e9plique Manga Cin\u00e9\",\"description\":\"\",\"publisher\":{\"@id\":\"https:\\\/\\\/repliquemangacine.fr\\\/#organization\"},\"potentialAction\":[{\"@type\":\"SearchAction\",\"target\":{\"@type\":\"EntryPoint\",\"urlTemplate\":\"https:\\\/\\\/repliquemangacine.fr\\\/?s={search_term_string}\"},\"query-input\":{\"@type\":\"PropertyValueSpecification\",\"valueRequired\":true,\"valueName\":\"search_term_string\"}}],\"inLanguage\":\"de\"},{\"@type\":\"Organization\",\"@id\":\"https:\\\/\\\/repliquemangacine.fr\\\/#organization\",\"name\":\"R\u00e9plique Manga Cin\u00e9\",\"url\":\"https:\\\/\\\/repliquemangacine.fr\\\/\",\"logo\":{\"@type\":\"ImageObject\",\"inLanguage\":\"de\",\"@id\":\"https:\\\/\\\/repliquemangacine.fr\\\/#\\\/schema\\\/logo\\\/image\\\/\",\"url\":\"https:\\\/\\\/repliquemangacine.fr\\\/wp-content\\\/uploads\\\/2023\\\/10\\\/RMC-500250.png\",\"contentUrl\":\"https:\\\/\\\/repliquemangacine.fr\\\/wp-content\\\/uploads\\\/2023\\\/10\\\/RMC-500250.png\",\"width\":500,\"height\":250,\"caption\":\"R\u00e9plique Manga Cin\u00e9\"},\"image\":{\"@id\":\"https:\\\/\\\/repliquemangacine.fr\\\/#\\\/schema\\\/logo\\\/image\\\/\"},\"sameAs\":[\"https:\\\/\\\/www.facebook.com\\\/RepliqueMangaCine\",\"https:\\\/\\\/www.instagram.com\\\/repliquemangacine.fr\\\/\"]}]}<\/script>\n<!-- \/ Yoast SEO plugin. -->","yoast_head_json":{"title":"Schulterriemen f\u00fcr M1 Garand - Militaria Zubeh\u00f6r | R\u00e9plique Manga Cin\u00e9","description":"Entdecken Sie diesen tollen Schulterriemen f\u00fcr M1 Garand zum besten Preis. Komplett aus echtem Leder gefertigt. Haken aus Metall. Ideal, um Ihre historische Replik zu transportieren","robots":{"index":"index","follow":"follow","max-snippet":"max-snippet:-1","max-image-preview":"max-image-preview:large","max-video-preview":"max-video-preview:-1"},"canonical":"https:\/\/repliquemangacine.fr\/de\/dolche-und-zubehor-zweiter-weltkrieg-militarisches-material\/kreuzungspunkt-fur-m1-garand\/","og_locale":"de_DE","og_type":"article","og_title":"Bretelle pour M1 Garand - Accessoires Militaria | R\u00e9plique Manga Cin\u00e9","og_description":"D\u00e9couvrez cette superbe Bretelle pour M1 Garand au meilleur prix. Tout en cuir v\u00e9ritable. Crochet en m\u00e9tal. Id\u00e9al pour transporter votre r\u00e9plique historique","og_url":"https:\/\/repliquemangacine.fr\/de\/dolche-und-zubehor-zweiter-weltkrieg-militarisches-material\/kreuzungspunkt-fur-m1-garand\/","og_site_name":"R\u00e9plique Manga Cin\u00e9","article_publisher":"https:\/\/www.facebook.com\/RepliqueMangaCine","article_modified_time":"2025-11-18T14:44:27+00:00","og_image":[{"width":500,"height":500,"url":"https:\/\/repliquemangacine.fr\/wp-content\/uploads\/2023\/11\/Bretelle-pour-M1-Garand.jpg","type":"image\/jpeg"}],"twitter_card":"summary_large_image","twitter_misc":{"Gesch\u00e4tzte Lesezeit":"3\u00a0Minuten"},"schema":{"@context":"https:\/\/schema.org","@graph":[{"@type":"WebPage","@id":"https:\/\/repliquemangacine.fr\/dagues-et-accessoires-seconde-guerre-mondiale-materiels-militaria\/bretelle-pour-m1-garand\/","url":"https:\/\/repliquemangacine.fr\/dagues-et-accessoires-seconde-guerre-mondiale-materiels-militaria\/bretelle-pour-m1-garand\/","name":"Schulterriemen f\u00fcr M1 Garand - Militaria Zubeh\u00f6r | R\u00e9plique Manga Cin\u00e9","isPartOf":{"@id":"https:\/\/repliquemangacine.fr\/#website"},"primaryImageOfPage":{"@id":"https:\/\/repliquemangacine.fr\/dagues-et-accessoires-seconde-guerre-mondiale-materiels-militaria\/bretelle-pour-m1-garand\/#primaryimage"},"image":{"@id":"https:\/\/repliquemangacine.fr\/dagues-et-accessoires-seconde-guerre-mondiale-materiels-militaria\/bretelle-pour-m1-garand\/#primaryimage"},"thumbnailUrl":"https:\/\/repliquemangacine.fr\/wp-content\/uploads\/2023\/11\/Bretelle-pour-M1-Garand.jpg","datePublished":"2023-11-27T16:28:36+00:00","dateModified":"2025-11-18T14:44:27+00:00","description":"Entdecken Sie diesen tollen Schulterriemen f\u00fcr M1 Garand zum besten Preis. Komplett aus echtem Leder gefertigt. Haken aus Metall. Ideal, um Ihre historische Replik zu transportieren","breadcrumb":{"@id":"https:\/\/repliquemangacine.fr\/dagues-et-accessoires-seconde-guerre-mondiale-materiels-militaria\/bretelle-pour-m1-garand\/#breadcrumb"},"inLanguage":"de","potentialAction":[{"@type":"ReadAction","target":["https:\/\/repliquemangacine.fr\/dagues-et-accessoires-seconde-guerre-mondiale-materiels-militaria\/bretelle-pour-m1-garand\/"]}]},{"@type":"ImageObject","inLanguage":"de","@id":"https:\/\/repliquemangacine.fr\/dagues-et-accessoires-seconde-guerre-mondiale-materiels-militaria\/bretelle-pour-m1-garand\/#primaryimage","url":"https:\/\/repliquemangacine.fr\/wp-content\/uploads\/2023\/11\/Bretelle-pour-M1-Garand.jpg","contentUrl":"https:\/\/repliquemangacine.fr\/wp-content\/uploads\/2023\/11\/Bretelle-pour-M1-Garand.jpg","width":500,"height":500,"caption":"Bretelle pour M1 Garand"},{"@type":"BreadcrumbList","@id":"https:\/\/repliquemangacine.fr\/dagues-et-accessoires-seconde-guerre-mondiale-materiels-militaria\/bretelle-pour-m1-garand\/#breadcrumb","itemListElement":[{"@type":"ListItem","position":1,"name":"Accueil","item":"https:\/\/repliquemangacine.fr\/"},{"@type":"ListItem","position":2,"name":"Produits","item":"https:\/\/repliquemangacine.fr\/boutique\/"},{"@type":"ListItem","position":3,"name":"Bretelle pour M1 Garand"}]},{"@type":"WebSite","@id":"https:\/\/repliquemangacine.fr\/#website","url":"https:\/\/repliquemangacine.fr\/","name":"R\u00e9plique Manga Cin\u00e9","description":"","publisher":{"@id":"https:\/\/repliquemangacine.fr\/#organization"},"potentialAction":[{"@type":"SearchAction","target":{"@type":"EntryPoint","urlTemplate":"https:\/\/repliquemangacine.fr\/?s={search_term_string}"},"query-input":{"@type":"PropertyValueSpecification","valueRequired":true,"valueName":"search_term_string"}}],"inLanguage":"de"},{"@type":"Organization","@id":"https:\/\/repliquemangacine.fr\/#organization","name":"R\u00e9plique Manga Cin\u00e9","url":"https:\/\/repliquemangacine.fr\/","logo":{"@type":"ImageObject","inLanguage":"de","@id":"https:\/\/repliquemangacine.fr\/#\/schema\/logo\/image\/","url":"https:\/\/repliquemangacine.fr\/wp-content\/uploads\/2023\/10\/RMC-500250.png","contentUrl":"https:\/\/repliquemangacine.fr\/wp-content\/uploads\/2023\/10\/RMC-500250.png","width":500,"height":250,"caption":"R\u00e9plique Manga Cin\u00e9"},"image":{"@id":"https:\/\/repliquemangacine.fr\/#\/schema\/logo\/image\/"},"sameAs":["https:\/\/www.facebook.com\/RepliqueMangaCine","https:\/\/www.instagram.com\/repliquemangacine.fr\/"]}]}},"_links":{"self":[{"href":"https:\/\/repliquemangacine.fr\/de\/wp-json\/wp\/v2\/product\/65989","targetHints":{"allow":["GET"]}}],"collection":[{"href":"https:\/\/repliquemangacine.fr\/de\/wp-json\/wp\/v2\/product"}],"about":[{"href":"https:\/\/repliquemangacine.fr\/de\/wp-json\/wp\/v2\/types\/product"}],"wp:featuredmedia":[{"embeddable":true,"href":"https:\/\/repliquemangacine.fr\/de\/wp-json\/wp\/v2\/media\/65990"}],"wp:attachment":[{"href":"https:\/\/repliquemangacine.fr\/de\/wp-json\/wp\/v2\/media?parent=65989"}],"wp:term":[{"taxonomy":"product_brand","embeddable":true,"href":"https:\/\/repliquemangacine.fr\/de\/wp-json\/wp\/v2\/product_brand?post=65989"},{"taxonomy":"product_cat","embeddable":true,"href":"https:\/\/repliquemangacine.fr\/de\/wp-json\/wp\/v2\/product_cat?post=65989"},{"taxonomy":"product_tag","embeddable":true,"href":"https:\/\/repliquemangacine.fr\/de\/wp-json\/wp\/v2\/product_tag?post=65989"}],"curies":[{"name":"wp","href":"https:\/\/api.w.org\/{rel}","templated":true}]}}