





{"id":65870,"date":"2023-11-24T19:08:31","date_gmt":"2023-11-24T18:08:31","guid":{"rendered":"https:\/\/repliquemangacine.fr\/?post_type=product&#038;p=65870"},"modified":"2025-11-18T15:49:46","modified_gmt":"2025-11-18T14:49:46","slug":"kampfschild","status":"publish","type":"product","link":"https:\/\/repliquemangacine.fr\/de\/armes-et-accessoires-vikings\/bouclier-de-combat\/","title":{"rendered":"Wikinger-Kampfschild"},"content":{"rendered":"<h2>Wikinger-Kampfschild - Symbol der St\u00e4rke<\/h2>\n<p>In erster Linie <strong>Wikinger-Kampfschild<\/strong>, ein Schl\u00fcsselelement im Arsenal der nordischen Krieger, das eine bemerkenswerte Verschmelzung von Funktionalit\u00e4t und Symbolik darstellt.<br \/>\nDiese runden Schilde wurden f\u00fcr den Krieg und zum Schutz entwickelt und aus leichtem Holz hergestellt. Oft wurden sie mit Metallstreifen und einem zentralen Umbo (Ausbuchtung) aus Eisen verst\u00e4rkt.<br \/>\nIhre Gr\u00f6\u00dfe variierte, aber ein typischer Durchmesser lag zwischen 70 und 100 cm, was eine optimale Handhabung in heftigen Schlachten erm\u00f6glichte.<\/p>\n<h3>Wikingerschild: Macht und Schutz<\/h3>\n<p>Die mit symbolischen Motiven bemalten und verzierten Wikingerschilde waren nicht nur Kriegswerkzeuge. Sie waren auch Ausdruck der Identit\u00e4t und des Glaubens der Wikinger.<br \/>\nFarbe und Design spielten eine entscheidende Rolle bei der Einsch\u00fcchterung der Feinde. Die robuste Bauweise bot einen lebenswichtigen Schutz vor den Waffen der damaligen Zeit.<\/p>\n<h2>Ihr Wikinger-Kampfschild zum besten Preis<\/h2>\n<p>Tauchen Sie ein in die faszinierende Welt der Wikinger mit einem Wikingerschild, der ein perfektes Gleichgewicht zwischen Qualit\u00e4t und Preis bietet. Diese Repliken, die den Originalen aus den Schlachten des Mittelalters nachempfunden sind, wurden entwickelt, um ein authentisches Erlebnis zu bieten.<\/p>\n<p>Nehmen wir das Beispiel des<\/p>\n<ul>\n<li><a href=\"https:\/\/repliquemangacine.fr\/de\/schilde-serie-vikings\/wikingerschild-fenrir\/\">Fenrir-Schild<\/a>Das Holzbrett ist bemalt, der zentrale Umbo und die Lederumrandung sind handgen\u00e4ht.<\/li>\n<li>Es gibt auch, den <a href=\"https:\/\/repliquemangacine.fr\/de\/waffen-und-zubehor-der-wikinger\/wikingerschild-aus-holz\/\">Rundschild<\/a> mit seinem Umbo und den Metallverst\u00e4rkungen und noch viel mehr!<\/li>\n<\/ul>\n<h3>Wikingergeist zu einem erschwinglichen Preis: Hochwertige Schilde<\/h3>\n<p>Mit der Garantie einer au\u00dfergew\u00f6hnlichen Qualit\u00e4t zu einem wettbewerbsf\u00e4higen Preis sind diese Wikingerschilde nicht nur Sammlerst\u00fccke. Sie sind Portale zu einer heroischen Vergangenheit. Die Sorgfalt, mit der sie hergestellt werden, sorgt f\u00fcr kompromisslose Haltbarkeit und Authentizit\u00e4t.<\/p>\n<h2>Kampftechniken und Strategien mit dem Wikingerschild<\/h2>\n<p>Speziell f\u00fcr Vorf\u00fchrungen und historische Nachstellungen entwickelt. Dieser Schild, der den historischen Designs und Materialien treu bleibt, ist ideal f\u00fcr alle, die die Kampftechniken und Strategien der Wikinger auf sichere und spektakul\u00e4re Weise ausprobieren m\u00f6chten.<\/p>\n<p>Seine robuste Konstruktion und seine Wendigkeit machen ihn perfekt f\u00fcr Vorf\u00fchrungen, bei denen Pr\u00e4zision und Sicherheit von entscheidender Bedeutung sind.<\/p>\n<h3>Der Wikinger-Schildwall: Eine immersive Taktik f\u00fcr Ausstellungen.<\/h3>\n<p>Integrieren Sie die ber\u00fchmte Wikinger-Taktik der \u201cSchildmauer\u201d in Ihre Vorf\u00fchrungen. Unser Schild wurde speziell f\u00fcr diese Verteidigungsformation entwickelt, bei der die Krieger ihre Schilde eng aneinanderreihten, um einen fast undurchdringlichen Schutzwall zu bilden.<\/p>\n<p>Es muss betont werden, dass diese Taktik ein faszinierendes Eintauchen in die Kampfstrategien bietet. <a href=\"https:\/\/www.futura-sciences.com\/sciences\/questions-reponses\/histoire-histoire-vikings-leur-epopee-13777\/\" target=\"_blank\" rel=\"noopener noreferrer\">viking<\/a>. Fazit: Perfekt f\u00fcr Geschichtsinteressierte und B\u00fchnenkampfk\u00fcnstler.<\/p>","protected":false},"excerpt":{"rendered":"<p>Wundersch\u00f6ner Wikinger-Kampfschild<\/p>\n<ul>\n<li>Geeignet f\u00fcr Schauk\u00e4mpfe<\/li>\n<li>Runder Schild aus Holz<\/li>\n<li>Buckel (Umbo) aus Stahl und Beschl\u00e4ge aus Stahl mit einer St\u00e4rke von ca. 1,2 mm.<\/li>\n<li>Der R\u00fccken ist mit Stoff \u00fcberzogen.<\/li>\n<li>Der Faustgriff aus Stahl ist gepolstert und mit Wildleder umwickelt.<\/li>\n<li>Durchmesser: ca. 55 cm - Materialst\u00e4rke: ca. 1,4 cm<\/li>\n<li>Gewicht: ca. 3,2 kg<\/li>\n<\/ul>","protected":false},"featured_media":65874,"template":"","meta":[],"product_brand":[896],"product_cat":[103],"product_tag":[],"class_list":{"0":"post-65870","1":"product","2":"type-product","3":"status-publish","4":"has-post-thumbnail","6":"product_brand-replique-manga-cine","7":"product_cat-armes-et-accessoires-vikings","9":"first","10":"instock","11":"taxable","12":"shipping-taxable","13":"purchasable","14":"product-type-simple"},"yoast_head":"<!-- This site is optimized with the Yoast SEO plugin v27.5 - https:\/\/yoast.com\/product\/yoast-seo-wordpress\/ -->\n<title>Bouclier de combat Viking | R\u00e9plique Manga Cin\u00e9<\/title>\n<meta name=\"description\" content=\"D\u00e9couvrez ce superbe Bouclier de combat Viking au meilleur prix. Tout n bois avec garniture en m\u00e9tal. Poign\u00e9e au dos. Adapt\u00e9 au combat d&#039;exhibition\" \/>\n<meta name=\"robots\" content=\"index, follow, max-snippet:-1, max-image-preview:large, max-video-preview:-1\" \/>\n<link rel=\"canonical\" href=\"https:\/\/repliquemangacine.fr\/de\/waffen-und-zubehor-der-wikinger\/kampfschild\/\" \/>\n<meta property=\"og:locale\" content=\"de_DE\" \/>\n<meta property=\"og:type\" content=\"article\" \/>\n<meta property=\"og:title\" content=\"Bouclier de combat Viking | R\u00e9plique Manga Cin\u00e9\" \/>\n<meta property=\"og:description\" content=\"D\u00e9couvrez ce superbe Bouclier de combat Viking au meilleur prix. Tout n bois avec garniture en m\u00e9tal. Poign\u00e9e au dos. Adapt\u00e9 au combat d&#039;exhibition\" \/>\n<meta property=\"og:url\" content=\"https:\/\/repliquemangacine.fr\/de\/waffen-und-zubehor-der-wikinger\/kampfschild\/\" \/>\n<meta property=\"og:site_name\" content=\"R\u00e9plique Manga Cin\u00e9\" \/>\n<meta property=\"article:publisher\" content=\"https:\/\/www.facebook.com\/RepliqueMangaCine\" \/>\n<meta property=\"article:modified_time\" content=\"2025-11-18T14:49:46+00:00\" \/>\n<meta property=\"og:image\" content=\"https:\/\/repliquemangacine.fr\/wp-content\/uploads\/2023\/11\/Bouclier-de-combat.jpg\" \/>\n\t<meta property=\"og:image:width\" content=\"500\" \/>\n\t<meta property=\"og:image:height\" content=\"500\" \/>\n\t<meta property=\"og:image:type\" content=\"image\/jpeg\" \/>\n<meta name=\"twitter:card\" content=\"summary_large_image\" \/>\n<meta name=\"twitter:label1\" content=\"Gesch\u00e4tzte Lesezeit\" \/>\n\t<meta name=\"twitter:data1\" content=\"3\u00a0Minuten\" \/>\n<script type=\"application\/ld+json\" class=\"yoast-schema-graph\">{\"@context\":\"https:\\\/\\\/schema.org\",\"@graph\":[{\"@type\":\"WebPage\",\"@id\":\"https:\\\/\\\/repliquemangacine.fr\\\/armes-et-accessoires-vikings\\\/bouclier-de-combat\\\/\",\"url\":\"https:\\\/\\\/repliquemangacine.fr\\\/armes-et-accessoires-vikings\\\/bouclier-de-combat\\\/\",\"name\":\"Bouclier de combat Viking | R\u00e9plique Manga Cin\u00e9\",\"isPartOf\":{\"@id\":\"https:\\\/\\\/repliquemangacine.fr\\\/#website\"},\"primaryImageOfPage\":{\"@id\":\"https:\\\/\\\/repliquemangacine.fr\\\/armes-et-accessoires-vikings\\\/bouclier-de-combat\\\/#primaryimage\"},\"image\":{\"@id\":\"https:\\\/\\\/repliquemangacine.fr\\\/armes-et-accessoires-vikings\\\/bouclier-de-combat\\\/#primaryimage\"},\"thumbnailUrl\":\"https:\\\/\\\/repliquemangacine.fr\\\/wp-content\\\/uploads\\\/2023\\\/11\\\/Bouclier-de-combat.jpg\",\"datePublished\":\"2023-11-24T18:08:31+00:00\",\"dateModified\":\"2025-11-18T14:49:46+00:00\",\"description\":\"D\u00e9couvrez ce superbe Bouclier de combat Viking au meilleur prix. Tout n bois avec garniture en m\u00e9tal. Poign\u00e9e au dos. Adapt\u00e9 au combat d'exhibition\",\"breadcrumb\":{\"@id\":\"https:\\\/\\\/repliquemangacine.fr\\\/armes-et-accessoires-vikings\\\/bouclier-de-combat\\\/#breadcrumb\"},\"inLanguage\":\"de\",\"potentialAction\":[{\"@type\":\"ReadAction\",\"target\":[\"https:\\\/\\\/repliquemangacine.fr\\\/armes-et-accessoires-vikings\\\/bouclier-de-combat\\\/\"]}]},{\"@type\":\"ImageObject\",\"inLanguage\":\"de\",\"@id\":\"https:\\\/\\\/repliquemangacine.fr\\\/armes-et-accessoires-vikings\\\/bouclier-de-combat\\\/#primaryimage\",\"url\":\"https:\\\/\\\/repliquemangacine.fr\\\/wp-content\\\/uploads\\\/2023\\\/11\\\/Bouclier-de-combat.jpg\",\"contentUrl\":\"https:\\\/\\\/repliquemangacine.fr\\\/wp-content\\\/uploads\\\/2023\\\/11\\\/Bouclier-de-combat.jpg\",\"width\":500,\"height\":500,\"caption\":\"Bouclier de combat Viking\"},{\"@type\":\"BreadcrumbList\",\"@id\":\"https:\\\/\\\/repliquemangacine.fr\\\/armes-et-accessoires-vikings\\\/bouclier-de-combat\\\/#breadcrumb\",\"itemListElement\":[{\"@type\":\"ListItem\",\"position\":1,\"name\":\"Accueil\",\"item\":\"https:\\\/\\\/repliquemangacine.fr\\\/\"},{\"@type\":\"ListItem\",\"position\":2,\"name\":\"Produits\",\"item\":\"https:\\\/\\\/repliquemangacine.fr\\\/boutique\\\/\"},{\"@type\":\"ListItem\",\"position\":3,\"name\":\"Bouclier de combat Viking\"}]},{\"@type\":\"WebSite\",\"@id\":\"https:\\\/\\\/repliquemangacine.fr\\\/#website\",\"url\":\"https:\\\/\\\/repliquemangacine.fr\\\/\",\"name\":\"R\u00e9plique Manga Cin\u00e9\",\"description\":\"\",\"publisher\":{\"@id\":\"https:\\\/\\\/repliquemangacine.fr\\\/#organization\"},\"potentialAction\":[{\"@type\":\"SearchAction\",\"target\":{\"@type\":\"EntryPoint\",\"urlTemplate\":\"https:\\\/\\\/repliquemangacine.fr\\\/?s={search_term_string}\"},\"query-input\":{\"@type\":\"PropertyValueSpecification\",\"valueRequired\":true,\"valueName\":\"search_term_string\"}}],\"inLanguage\":\"de\"},{\"@type\":\"Organization\",\"@id\":\"https:\\\/\\\/repliquemangacine.fr\\\/#organization\",\"name\":\"R\u00e9plique Manga Cin\u00e9\",\"url\":\"https:\\\/\\\/repliquemangacine.fr\\\/\",\"logo\":{\"@type\":\"ImageObject\",\"inLanguage\":\"de\",\"@id\":\"https:\\\/\\\/repliquemangacine.fr\\\/#\\\/schema\\\/logo\\\/image\\\/\",\"url\":\"https:\\\/\\\/repliquemangacine.fr\\\/wp-content\\\/uploads\\\/2023\\\/10\\\/RMC-500250.png\",\"contentUrl\":\"https:\\\/\\\/repliquemangacine.fr\\\/wp-content\\\/uploads\\\/2023\\\/10\\\/RMC-500250.png\",\"width\":500,\"height\":250,\"caption\":\"R\u00e9plique Manga Cin\u00e9\"},\"image\":{\"@id\":\"https:\\\/\\\/repliquemangacine.fr\\\/#\\\/schema\\\/logo\\\/image\\\/\"},\"sameAs\":[\"https:\\\/\\\/www.facebook.com\\\/RepliqueMangaCine\",\"https:\\\/\\\/www.instagram.com\\\/repliquemangacine.fr\\\/\"]}]}<\/script>\n<!-- \/ Yoast SEO plugin. -->","yoast_head_json":{"title":"Wikinger-Kampfschild | R\u00e9plique Manga Cin\u00e9","description":"Entdecken Sie diesen tollen Wikinger-Kampfschild zum besten Preis. Vollst\u00e4ndig aus Holz mit Metallbeschl\u00e4gen. Griff auf der R\u00fcckseite. Geeignet f\u00fcr Schauk\u00e4mpfe","robots":{"index":"index","follow":"follow","max-snippet":"max-snippet:-1","max-image-preview":"max-image-preview:large","max-video-preview":"max-video-preview:-1"},"canonical":"https:\/\/repliquemangacine.fr\/de\/waffen-und-zubehor-der-wikinger\/kampfschild\/","og_locale":"de_DE","og_type":"article","og_title":"Bouclier de combat Viking | R\u00e9plique Manga Cin\u00e9","og_description":"D\u00e9couvrez ce superbe Bouclier de combat Viking au meilleur prix. Tout n bois avec garniture en m\u00e9tal. Poign\u00e9e au dos. Adapt\u00e9 au combat d'exhibition","og_url":"https:\/\/repliquemangacine.fr\/de\/waffen-und-zubehor-der-wikinger\/kampfschild\/","og_site_name":"R\u00e9plique Manga Cin\u00e9","article_publisher":"https:\/\/www.facebook.com\/RepliqueMangaCine","article_modified_time":"2025-11-18T14:49:46+00:00","og_image":[{"width":500,"height":500,"url":"https:\/\/repliquemangacine.fr\/wp-content\/uploads\/2023\/11\/Bouclier-de-combat.jpg","type":"image\/jpeg"}],"twitter_card":"summary_large_image","twitter_misc":{"Gesch\u00e4tzte Lesezeit":"3\u00a0Minuten"},"schema":{"@context":"https:\/\/schema.org","@graph":[{"@type":"WebPage","@id":"https:\/\/repliquemangacine.fr\/armes-et-accessoires-vikings\/bouclier-de-combat\/","url":"https:\/\/repliquemangacine.fr\/armes-et-accessoires-vikings\/bouclier-de-combat\/","name":"Wikinger-Kampfschild | R\u00e9plique Manga Cin\u00e9","isPartOf":{"@id":"https:\/\/repliquemangacine.fr\/#website"},"primaryImageOfPage":{"@id":"https:\/\/repliquemangacine.fr\/armes-et-accessoires-vikings\/bouclier-de-combat\/#primaryimage"},"image":{"@id":"https:\/\/repliquemangacine.fr\/armes-et-accessoires-vikings\/bouclier-de-combat\/#primaryimage"},"thumbnailUrl":"https:\/\/repliquemangacine.fr\/wp-content\/uploads\/2023\/11\/Bouclier-de-combat.jpg","datePublished":"2023-11-24T18:08:31+00:00","dateModified":"2025-11-18T14:49:46+00:00","description":"Entdecken Sie diesen tollen Wikinger-Kampfschild zum besten Preis. Vollst\u00e4ndig aus Holz mit Metallbeschl\u00e4gen. Griff auf der R\u00fcckseite. Geeignet f\u00fcr Schauk\u00e4mpfe","breadcrumb":{"@id":"https:\/\/repliquemangacine.fr\/armes-et-accessoires-vikings\/bouclier-de-combat\/#breadcrumb"},"inLanguage":"de","potentialAction":[{"@type":"ReadAction","target":["https:\/\/repliquemangacine.fr\/armes-et-accessoires-vikings\/bouclier-de-combat\/"]}]},{"@type":"ImageObject","inLanguage":"de","@id":"https:\/\/repliquemangacine.fr\/armes-et-accessoires-vikings\/bouclier-de-combat\/#primaryimage","url":"https:\/\/repliquemangacine.fr\/wp-content\/uploads\/2023\/11\/Bouclier-de-combat.jpg","contentUrl":"https:\/\/repliquemangacine.fr\/wp-content\/uploads\/2023\/11\/Bouclier-de-combat.jpg","width":500,"height":500,"caption":"Bouclier de combat Viking"},{"@type":"BreadcrumbList","@id":"https:\/\/repliquemangacine.fr\/armes-et-accessoires-vikings\/bouclier-de-combat\/#breadcrumb","itemListElement":[{"@type":"ListItem","position":1,"name":"Accueil","item":"https:\/\/repliquemangacine.fr\/"},{"@type":"ListItem","position":2,"name":"Produits","item":"https:\/\/repliquemangacine.fr\/boutique\/"},{"@type":"ListItem","position":3,"name":"Bouclier de combat Viking"}]},{"@type":"WebSite","@id":"https:\/\/repliquemangacine.fr\/#website","url":"https:\/\/repliquemangacine.fr\/","name":"R\u00e9plique Manga Cin\u00e9","description":"","publisher":{"@id":"https:\/\/repliquemangacine.fr\/#organization"},"potentialAction":[{"@type":"SearchAction","target":{"@type":"EntryPoint","urlTemplate":"https:\/\/repliquemangacine.fr\/?s={search_term_string}"},"query-input":{"@type":"PropertyValueSpecification","valueRequired":true,"valueName":"search_term_string"}}],"inLanguage":"de"},{"@type":"Organization","@id":"https:\/\/repliquemangacine.fr\/#organization","name":"R\u00e9plique Manga Cin\u00e9","url":"https:\/\/repliquemangacine.fr\/","logo":{"@type":"ImageObject","inLanguage":"de","@id":"https:\/\/repliquemangacine.fr\/#\/schema\/logo\/image\/","url":"https:\/\/repliquemangacine.fr\/wp-content\/uploads\/2023\/10\/RMC-500250.png","contentUrl":"https:\/\/repliquemangacine.fr\/wp-content\/uploads\/2023\/10\/RMC-500250.png","width":500,"height":250,"caption":"R\u00e9plique Manga Cin\u00e9"},"image":{"@id":"https:\/\/repliquemangacine.fr\/#\/schema\/logo\/image\/"},"sameAs":["https:\/\/www.facebook.com\/RepliqueMangaCine","https:\/\/www.instagram.com\/repliquemangacine.fr\/"]}]}},"_links":{"self":[{"href":"https:\/\/repliquemangacine.fr\/de\/wp-json\/wp\/v2\/product\/65870","targetHints":{"allow":["GET"]}}],"collection":[{"href":"https:\/\/repliquemangacine.fr\/de\/wp-json\/wp\/v2\/product"}],"about":[{"href":"https:\/\/repliquemangacine.fr\/de\/wp-json\/wp\/v2\/types\/product"}],"wp:featuredmedia":[{"embeddable":true,"href":"https:\/\/repliquemangacine.fr\/de\/wp-json\/wp\/v2\/media\/65874"}],"wp:attachment":[{"href":"https:\/\/repliquemangacine.fr\/de\/wp-json\/wp\/v2\/media?parent=65870"}],"wp:term":[{"taxonomy":"product_brand","embeddable":true,"href":"https:\/\/repliquemangacine.fr\/de\/wp-json\/wp\/v2\/product_brand?post=65870"},{"taxonomy":"product_cat","embeddable":true,"href":"https:\/\/repliquemangacine.fr\/de\/wp-json\/wp\/v2\/product_cat?post=65870"},{"taxonomy":"product_tag","embeddable":true,"href":"https:\/\/repliquemangacine.fr\/de\/wp-json\/wp\/v2\/product_tag?post=65870"}],"curies":[{"name":"wp","href":"https:\/\/api.w.org\/{rel}","templated":true}]}}