





{"id":65854,"date":"2023-11-24T16:39:35","date_gmt":"2023-11-24T15:39:35","guid":{"rendered":"https:\/\/repliquemangacine.fr\/?post_type=product&#038;p=65854"},"modified":"2026-02-06T15:46:15","modified_gmt":"2026-02-06T14:46:15","slug":"truppensabel-1801","status":"publish","type":"product","link":"https:\/\/repliquemangacine.fr\/de\/armes-historiques\/sabre-de-troupe-1801\/","title":{"rendered":"Truppens\u00e4bel 1801"},"content":{"rendered":"<h2>Sabre de Troupe 1801 - Ein napoleonisches Erbe<\/h2>\n<p>Zun\u00e4chst einmal ist der Truppens\u00e4bel der Kavallerie von 1801, auch bekannt als \"sabre de cavalerie l\u00e9g\u00e8re mod\u00e8le An IX\", eine emblematische Waffe aus der napoleonischen Zeit in Frankreich.<\/p>\n<ul>\n<li><strong>Ursprung und Hintergrund Historischer Hintergrund :<\/strong> Dieser 1801 eingef\u00fchrte S\u00e4bel wurde entwickelt, um die leichte Kavallerie der franz\u00f6sischen Armee auszustatten.<\/li>\n<li><strong>Design und Eigenschaften :<\/strong> Der leichte Kavalleries\u00e4bel Modell 1801 zeichnet sich durch seine gebogene Klinge aus, die ideal f\u00fcr den Angriff zu Pferd ist.<\/li>\n<li><strong>Nutzung und Effektivit\u00e4t :<\/strong> Entwickelt f\u00fcr schnelle Angriffe und fl\u00fcssige Bewegungen. Besonders effektiv bei Kavallerieangriffen.<\/li>\n<\/ul>\n<h3>Auswirkungen und Verm\u00e4chtnis des Kavalleries\u00e4bels<\/h3>\n<p>Der leichte Kavalleries\u00e4bel Modell 1801 wurde zu einem Symbol der milit\u00e4rischen Macht Napoleons und beeinflusste das Design von Blankwaffen in anderen europ\u00e4ischen Armeen. Seine Wirksamkeit und sein Design wurden bewundert und nachgeahmt und festigten den Ruf der franz\u00f6sischen Armee als furchteinfl\u00f6\u00dfende Streitmacht.<\/p>\n<h2>Ihr S\u00e4bel der Kavallerie Modell An IX - Bemerkenswerte Qualit\u00e4t-Preis<\/h2>\n<p>Der Kavalleries\u00e4bel Modell An IX ist nicht nur eine historische Nachbildung, sondern auch die beste Wahl f\u00fcr Sammler in Bezug auf das Preis-Leistungs-Verh\u00e4ltnis.  Er ist originalgetreu und ein perfektes Beispiel f\u00fcr Qualit\u00e4t.<\/p>\n<p>Der Erwerb einer Replik des Modells An XI ist eine einmalige Gelegenheit, ein St\u00fcck Geschichte zu besitzen. Es bietet sowohl einen au\u00dfergew\u00f6hnlichen \u00e4sthetischen als auch historischen Wert.<\/p>\n<p>Ideal f\u00fcr erfahrene Sammler, die ihre Sammlung erweitern m\u00f6chten, ohne Kompromisse bei Qualit\u00e4t oder Budget einzugehen.<\/p>\n<h3>Die emblematischen S\u00e4bel des Ersten Kaiserreichs: Eine Legende aus Stahl<\/h3>\n<p>W\u00e4hrend der Herrschaft von <a href=\"https:\/\/www.larousse.fr\/encyclopedie\/personnage\/Napol%C3%A9on_I_er\/134747\" target=\"_blank\" rel=\"noopener noreferrer\">Napoleon<\/a> Bonaparte wurden von der franz\u00f6sischen Armee mehrere Arten von S\u00e4beln verwendet.<\/p>\n<p>Zun\u00e4chst einmal,<\/p>\n<ul>\n<li><a href=\"https:\/\/repliquemangacine.fr\/de\/repliken-darmen-napoleon\/sabel-feuerzeug-infanterie-napoleonischen-1-empire\/\">S\u00e4bel Feuerzeug:<\/a> Von der Infanterie getragen, ist das S\u00e4belfeuerzeug, das vielseitige Werkzeug auf dem Schlachtfeld.<\/li>\n<li><a href=\"https:\/\/repliquemangacine.fr\/de\/sabel-1-empire\/blucher-sabel-m1811-sabel-der-preusischen-kavallerie\/\">S\u00e4bel Bl\u00fccher M1811<\/a> Bl\u00fccher, deutscher General, beliebter Befehlshaber w\u00e4hrend des deutschen Feldzugs gegen Napoleon.<\/li>\n<\/ul>\n<h2>Wie pflegt man die Klinge seines \"Sabre de Troupe 1801\"?<\/h2>\n<p>Zun\u00e4chst einmal Sammler- und Dekorationsschwerter, die auf vereinfachte Weise hergestellt und zusammengesetzt werden. Da sie nur zu Dekorationszwecken dienen, verf\u00fcgen sie nicht \u00fcber die Sicherheitsmerkmale, die f\u00fcr ein japanisches Trainingsschwert erforderlich sind.<\/p>\n<p>Allerdings ist Ihr <strong>Truppens\u00e4bel 1801<\/strong> eine Stahlklinge, die gepflegt werden muss, damit sie mit der Zeit nicht besch\u00e4digt wird. Denn Sie werden Ihr Schwert ausstellen, Ihre Freunde werden neugierig sein, die Klinge zu sehen und anzufassen. Hier ist Vorsicht geboten. Es ist zu beachten, dass die S\u00e4ure der Finger f\u00fcr Stahl unabh\u00e4ngig von seiner Qualit\u00e4t sehr sch\u00e4dlich ist.<\/p>\n<p>Sollte dies dennoch passieren, keine Panik, Sie brauchen nur ein mit etwas \u00d6l befeuchtetes Tuch und wischen die Fingerabdr\u00fccke ab. Auf diese Weise bleibt Ihr Schwert sehr lange erhalten.<\/p>\n<p>&nbsp;<\/p>","protected":false},"excerpt":{"rendered":"<p>Hervorragende Reproduktion des Truppens\u00e4bels 1801 der franz\u00f6sischen Kavallerie.<\/p>\n<ul>\n<li>Klinge aus Stahl<\/li>\n<li>Spezifischer Schutz aus vergoldetem Stahl<\/li>\n<li>Griff mit schwarzem Kunstleder \u00fcberzogen<\/li>\n<li>Scheide aus Metall.<\/li>\n<\/ul>","protected":false},"featured_media":65863,"template":"","meta":[],"product_brand":[896],"product_cat":[25,83,74],"product_tag":[],"class_list":{"0":"post-65854","1":"product","2":"type-product","3":"status-publish","4":"has-post-thumbnail","6":"product_brand-replique-manga-cine","7":"product_cat-armes-historiques","8":"product_cat-replique-d-armes-1er-empire","9":"product_cat-sabres-1er-empire","11":"first","12":"instock","13":"taxable","14":"shipping-taxable","15":"purchasable","16":"product-type-simple"},"yoast_head":"<!-- This site is optimized with the Yoast SEO plugin v27.5 - https:\/\/yoast.com\/product\/yoast-seo-wordpress\/ -->\n<title>Sabre de Troupe 1801 - Sabre de cavalerie | R\u00e9plique Manga Cin\u00e9<\/title>\n<meta name=\"description\" content=\"D\u00e9couvrez ce magnifique sabre de troupe 1801 au meilleur prix. Lame en acier. Garde de forme sp\u00e9cifique en acier dor\u00e9. Fourreau en m\u00e9tal\" \/>\n<meta name=\"robots\" content=\"index, follow, max-snippet:-1, max-image-preview:large, max-video-preview:-1\" \/>\n<link rel=\"canonical\" href=\"https:\/\/repliquemangacine.fr\/de\/historische-waffen\/truppensabel-1801\/\" \/>\n<meta property=\"og:locale\" content=\"de_DE\" \/>\n<meta property=\"og:type\" content=\"article\" \/>\n<meta property=\"og:title\" content=\"Sabre de Troupe 1801 - Sabre de cavalerie | R\u00e9plique Manga Cin\u00e9\" \/>\n<meta property=\"og:description\" content=\"D\u00e9couvrez ce magnifique sabre de troupe 1801 au meilleur prix. Lame en acier. Garde de forme sp\u00e9cifique en acier dor\u00e9. Fourreau en m\u00e9tal\" \/>\n<meta property=\"og:url\" content=\"https:\/\/repliquemangacine.fr\/de\/historische-waffen\/truppensabel-1801\/\" \/>\n<meta property=\"og:site_name\" content=\"R\u00e9plique Manga Cin\u00e9\" \/>\n<meta property=\"article:publisher\" content=\"https:\/\/www.facebook.com\/RepliqueMangaCine\" \/>\n<meta property=\"article:modified_time\" content=\"2026-02-06T14:46:15+00:00\" \/>\n<meta property=\"og:image\" content=\"https:\/\/repliquemangacine.fr\/wp-content\/uploads\/2023\/11\/sabre-de-cavalerie-napoleonlamejpg.jpg\" \/>\n\t<meta property=\"og:image:width\" content=\"500\" \/>\n\t<meta property=\"og:image:height\" content=\"500\" \/>\n\t<meta property=\"og:image:type\" content=\"image\/jpeg\" \/>\n<meta name=\"twitter:card\" content=\"summary_large_image\" \/>\n<meta name=\"twitter:label1\" content=\"Gesch\u00e4tzte Lesezeit\" \/>\n\t<meta name=\"twitter:data1\" content=\"3\u00a0Minuten\" \/>\n<script type=\"application\/ld+json\" class=\"yoast-schema-graph\">{\"@context\":\"https:\\\/\\\/schema.org\",\"@graph\":[{\"@type\":\"WebPage\",\"@id\":\"https:\\\/\\\/repliquemangacine.fr\\\/armes-historiques\\\/sabre-de-troupe-1801\\\/\",\"url\":\"https:\\\/\\\/repliquemangacine.fr\\\/armes-historiques\\\/sabre-de-troupe-1801\\\/\",\"name\":\"Sabre de Troupe 1801 - Sabre de cavalerie | R\u00e9plique Manga Cin\u00e9\",\"isPartOf\":{\"@id\":\"https:\\\/\\\/repliquemangacine.fr\\\/#website\"},\"primaryImageOfPage\":{\"@id\":\"https:\\\/\\\/repliquemangacine.fr\\\/armes-historiques\\\/sabre-de-troupe-1801\\\/#primaryimage\"},\"image\":{\"@id\":\"https:\\\/\\\/repliquemangacine.fr\\\/armes-historiques\\\/sabre-de-troupe-1801\\\/#primaryimage\"},\"thumbnailUrl\":\"https:\\\/\\\/repliquemangacine.fr\\\/wp-content\\\/uploads\\\/2023\\\/11\\\/sabre-de-cavalerie-napoleonlamejpg.jpg\",\"datePublished\":\"2023-11-24T15:39:35+00:00\",\"dateModified\":\"2026-02-06T14:46:15+00:00\",\"description\":\"D\u00e9couvrez ce magnifique sabre de troupe 1801 au meilleur prix. Lame en acier. Garde de forme sp\u00e9cifique en acier dor\u00e9. Fourreau en m\u00e9tal\",\"breadcrumb\":{\"@id\":\"https:\\\/\\\/repliquemangacine.fr\\\/armes-historiques\\\/sabre-de-troupe-1801\\\/#breadcrumb\"},\"inLanguage\":\"de\",\"potentialAction\":[{\"@type\":\"ReadAction\",\"target\":[\"https:\\\/\\\/repliquemangacine.fr\\\/armes-historiques\\\/sabre-de-troupe-1801\\\/\"]}]},{\"@type\":\"ImageObject\",\"inLanguage\":\"de\",\"@id\":\"https:\\\/\\\/repliquemangacine.fr\\\/armes-historiques\\\/sabre-de-troupe-1801\\\/#primaryimage\",\"url\":\"https:\\\/\\\/repliquemangacine.fr\\\/wp-content\\\/uploads\\\/2023\\\/11\\\/sabre-de-cavalerie-napoleonlamejpg.jpg\",\"contentUrl\":\"https:\\\/\\\/repliquemangacine.fr\\\/wp-content\\\/uploads\\\/2023\\\/11\\\/sabre-de-cavalerie-napoleonlamejpg.jpg\",\"width\":500,\"height\":500,\"caption\":\"Sabre de Troupe 1801\"},{\"@type\":\"BreadcrumbList\",\"@id\":\"https:\\\/\\\/repliquemangacine.fr\\\/armes-historiques\\\/sabre-de-troupe-1801\\\/#breadcrumb\",\"itemListElement\":[{\"@type\":\"ListItem\",\"position\":1,\"name\":\"Accueil\",\"item\":\"https:\\\/\\\/repliquemangacine.fr\\\/\"},{\"@type\":\"ListItem\",\"position\":2,\"name\":\"Produits\",\"item\":\"https:\\\/\\\/repliquemangacine.fr\\\/boutique\\\/\"},{\"@type\":\"ListItem\",\"position\":3,\"name\":\"Sabre de Troupe 1801\"}]},{\"@type\":\"WebSite\",\"@id\":\"https:\\\/\\\/repliquemangacine.fr\\\/#website\",\"url\":\"https:\\\/\\\/repliquemangacine.fr\\\/\",\"name\":\"R\u00e9plique Manga Cin\u00e9\",\"description\":\"\",\"publisher\":{\"@id\":\"https:\\\/\\\/repliquemangacine.fr\\\/#organization\"},\"potentialAction\":[{\"@type\":\"SearchAction\",\"target\":{\"@type\":\"EntryPoint\",\"urlTemplate\":\"https:\\\/\\\/repliquemangacine.fr\\\/?s={search_term_string}\"},\"query-input\":{\"@type\":\"PropertyValueSpecification\",\"valueRequired\":true,\"valueName\":\"search_term_string\"}}],\"inLanguage\":\"de\"},{\"@type\":\"Organization\",\"@id\":\"https:\\\/\\\/repliquemangacine.fr\\\/#organization\",\"name\":\"R\u00e9plique Manga Cin\u00e9\",\"url\":\"https:\\\/\\\/repliquemangacine.fr\\\/\",\"logo\":{\"@type\":\"ImageObject\",\"inLanguage\":\"de\",\"@id\":\"https:\\\/\\\/repliquemangacine.fr\\\/#\\\/schema\\\/logo\\\/image\\\/\",\"url\":\"https:\\\/\\\/repliquemangacine.fr\\\/wp-content\\\/uploads\\\/2023\\\/10\\\/RMC-500250.png\",\"contentUrl\":\"https:\\\/\\\/repliquemangacine.fr\\\/wp-content\\\/uploads\\\/2023\\\/10\\\/RMC-500250.png\",\"width\":500,\"height\":250,\"caption\":\"R\u00e9plique Manga Cin\u00e9\"},\"image\":{\"@id\":\"https:\\\/\\\/repliquemangacine.fr\\\/#\\\/schema\\\/logo\\\/image\\\/\"},\"sameAs\":[\"https:\\\/\\\/www.facebook.com\\\/RepliqueMangaCine\",\"https:\\\/\\\/www.instagram.com\\\/repliquemangacine.fr\\\/\"]}]}<\/script>\n<!-- \/ Yoast SEO plugin. -->","yoast_head_json":{"title":"Sabre de Troupe 1801 - Kavalleries\u00e4bel | R\u00e9plique Manga Cin\u00e9","description":"Entdecken Sie diesen wundersch\u00f6nen Truppens\u00e4bel 1801 zum besten Preis. Die Klinge ist aus Stahl gefertigt. Speziell geformter Schutzb\u00fcgel aus vergoldetem Stahl. Scheide aus Metall","robots":{"index":"index","follow":"follow","max-snippet":"max-snippet:-1","max-image-preview":"max-image-preview:large","max-video-preview":"max-video-preview:-1"},"canonical":"https:\/\/repliquemangacine.fr\/de\/historische-waffen\/truppensabel-1801\/","og_locale":"de_DE","og_type":"article","og_title":"Sabre de Troupe 1801 - Sabre de cavalerie | R\u00e9plique Manga Cin\u00e9","og_description":"D\u00e9couvrez ce magnifique sabre de troupe 1801 au meilleur prix. Lame en acier. Garde de forme sp\u00e9cifique en acier dor\u00e9. Fourreau en m\u00e9tal","og_url":"https:\/\/repliquemangacine.fr\/de\/historische-waffen\/truppensabel-1801\/","og_site_name":"R\u00e9plique Manga Cin\u00e9","article_publisher":"https:\/\/www.facebook.com\/RepliqueMangaCine","article_modified_time":"2026-02-06T14:46:15+00:00","og_image":[{"width":500,"height":500,"url":"https:\/\/repliquemangacine.fr\/wp-content\/uploads\/2023\/11\/sabre-de-cavalerie-napoleonlamejpg.jpg","type":"image\/jpeg"}],"twitter_card":"summary_large_image","twitter_misc":{"Gesch\u00e4tzte Lesezeit":"3\u00a0Minuten"},"schema":{"@context":"https:\/\/schema.org","@graph":[{"@type":"WebPage","@id":"https:\/\/repliquemangacine.fr\/armes-historiques\/sabre-de-troupe-1801\/","url":"https:\/\/repliquemangacine.fr\/armes-historiques\/sabre-de-troupe-1801\/","name":"Sabre de Troupe 1801 - Kavalleries\u00e4bel | R\u00e9plique Manga Cin\u00e9","isPartOf":{"@id":"https:\/\/repliquemangacine.fr\/#website"},"primaryImageOfPage":{"@id":"https:\/\/repliquemangacine.fr\/armes-historiques\/sabre-de-troupe-1801\/#primaryimage"},"image":{"@id":"https:\/\/repliquemangacine.fr\/armes-historiques\/sabre-de-troupe-1801\/#primaryimage"},"thumbnailUrl":"https:\/\/repliquemangacine.fr\/wp-content\/uploads\/2023\/11\/sabre-de-cavalerie-napoleonlamejpg.jpg","datePublished":"2023-11-24T15:39:35+00:00","dateModified":"2026-02-06T14:46:15+00:00","description":"Entdecken Sie diesen wundersch\u00f6nen Truppens\u00e4bel 1801 zum besten Preis. Die Klinge ist aus Stahl gefertigt. Speziell geformter Schutzb\u00fcgel aus vergoldetem Stahl. Scheide aus Metall","breadcrumb":{"@id":"https:\/\/repliquemangacine.fr\/armes-historiques\/sabre-de-troupe-1801\/#breadcrumb"},"inLanguage":"de","potentialAction":[{"@type":"ReadAction","target":["https:\/\/repliquemangacine.fr\/armes-historiques\/sabre-de-troupe-1801\/"]}]},{"@type":"ImageObject","inLanguage":"de","@id":"https:\/\/repliquemangacine.fr\/armes-historiques\/sabre-de-troupe-1801\/#primaryimage","url":"https:\/\/repliquemangacine.fr\/wp-content\/uploads\/2023\/11\/sabre-de-cavalerie-napoleonlamejpg.jpg","contentUrl":"https:\/\/repliquemangacine.fr\/wp-content\/uploads\/2023\/11\/sabre-de-cavalerie-napoleonlamejpg.jpg","width":500,"height":500,"caption":"Sabre de Troupe 1801"},{"@type":"BreadcrumbList","@id":"https:\/\/repliquemangacine.fr\/armes-historiques\/sabre-de-troupe-1801\/#breadcrumb","itemListElement":[{"@type":"ListItem","position":1,"name":"Accueil","item":"https:\/\/repliquemangacine.fr\/"},{"@type":"ListItem","position":2,"name":"Produits","item":"https:\/\/repliquemangacine.fr\/boutique\/"},{"@type":"ListItem","position":3,"name":"Sabre de Troupe 1801"}]},{"@type":"WebSite","@id":"https:\/\/repliquemangacine.fr\/#website","url":"https:\/\/repliquemangacine.fr\/","name":"R\u00e9plique Manga Cin\u00e9","description":"","publisher":{"@id":"https:\/\/repliquemangacine.fr\/#organization"},"potentialAction":[{"@type":"SearchAction","target":{"@type":"EntryPoint","urlTemplate":"https:\/\/repliquemangacine.fr\/?s={search_term_string}"},"query-input":{"@type":"PropertyValueSpecification","valueRequired":true,"valueName":"search_term_string"}}],"inLanguage":"de"},{"@type":"Organization","@id":"https:\/\/repliquemangacine.fr\/#organization","name":"R\u00e9plique Manga Cin\u00e9","url":"https:\/\/repliquemangacine.fr\/","logo":{"@type":"ImageObject","inLanguage":"de","@id":"https:\/\/repliquemangacine.fr\/#\/schema\/logo\/image\/","url":"https:\/\/repliquemangacine.fr\/wp-content\/uploads\/2023\/10\/RMC-500250.png","contentUrl":"https:\/\/repliquemangacine.fr\/wp-content\/uploads\/2023\/10\/RMC-500250.png","width":500,"height":250,"caption":"R\u00e9plique Manga Cin\u00e9"},"image":{"@id":"https:\/\/repliquemangacine.fr\/#\/schema\/logo\/image\/"},"sameAs":["https:\/\/www.facebook.com\/RepliqueMangaCine","https:\/\/www.instagram.com\/repliquemangacine.fr\/"]}]}},"_links":{"self":[{"href":"https:\/\/repliquemangacine.fr\/de\/wp-json\/wp\/v2\/product\/65854","targetHints":{"allow":["GET"]}}],"collection":[{"href":"https:\/\/repliquemangacine.fr\/de\/wp-json\/wp\/v2\/product"}],"about":[{"href":"https:\/\/repliquemangacine.fr\/de\/wp-json\/wp\/v2\/types\/product"}],"wp:featuredmedia":[{"embeddable":true,"href":"https:\/\/repliquemangacine.fr\/de\/wp-json\/wp\/v2\/media\/65863"}],"wp:attachment":[{"href":"https:\/\/repliquemangacine.fr\/de\/wp-json\/wp\/v2\/media?parent=65854"}],"wp:term":[{"taxonomy":"product_brand","embeddable":true,"href":"https:\/\/repliquemangacine.fr\/de\/wp-json\/wp\/v2\/product_brand?post=65854"},{"taxonomy":"product_cat","embeddable":true,"href":"https:\/\/repliquemangacine.fr\/de\/wp-json\/wp\/v2\/product_cat?post=65854"},{"taxonomy":"product_tag","embeddable":true,"href":"https:\/\/repliquemangacine.fr\/de\/wp-json\/wp\/v2\/product_tag?post=65854"}],"curies":[{"name":"wp","href":"https:\/\/api.w.org\/{rel}","templated":true}]}}