





{"id":65781,"date":"2023-11-22T15:49:09","date_gmt":"2023-11-22T14:49:09","guid":{"rendered":"https:\/\/repliquemangacine.fr\/?post_type=product&#038;p=65781"},"modified":"2026-03-04T17:08:07","modified_gmt":"2026-03-04T16:08:07","slug":"epee-duhtred-the-last-kingdom","status":"publish","type":"product","link":"https:\/\/repliquemangacine.fr\/de\/films-series-tv-vente-de-katana-epee-et-produits-derives\/epee-duhtred-the-last-kingdom\/","title":{"rendered":"Uhtreds Schwert Last Kingdom"},"content":{"rendered":"<h2>Uhtreds Schwert-Replik: Ein historisches St\u00fcck<\/h2>\n<p>In erster Linie ist die<strong>Uhtreds Schwert<\/strong> die Hauptfigur der Serie \"The Last Kingdom\", ist mehr als nur eine Waffe, es ist ein Symbol f\u00fcr Tapferkeit und Ehre.<\/p>\n<p>Als \"Schlangenatem\" (\"Serpent-Breath\") bezeichnet, ist es ein st\u00e4ndiger Begleiter Uhtreds in seinen K\u00e4mpfen und Abenteuern. Wird im Laufe der Serie in zahlreichen Duellen und Schlachten eingesetzt. Demonstriert seine Bedeutung nicht nur als Waffe, sondern auch als Erweiterung von Uhtreds Pers\u00f6nlichkeit.<\/p>\n<h3>Uhtreds Schwert: Ein Artefakt f\u00fcr Enthusiasten<\/h3>\n<p>Diese treue Replik wurde sorgf\u00e4ltig aus der Originalwaffe, die in der Serie verwendet wurde, gefertigt.<\/p>\n<p>Jedes Detail der Replik wurde sorgf\u00e4ltig entworfen, um die Qualit\u00e4t und den Stil der damaligen Zeit widerzuspiegeln, was das Schwert zu einem idealen Sammlerst\u00fcck f\u00fcr Geschichtsinteressierte und Fans der Serie macht.<\/p>\n<h2>Ihr Uhtred-Schwert zum besten Preis-Leistungs-Verh\u00e4ltnis<\/h2>\n<p>Auf Replica Manga Cine liegt der Schwerpunkt auf Qualit\u00e4t, ohne Kompromisse beim Preis einzugehen. Wir sind auf den Verkauf von hochwertigen Repliken mittelalterlicher und wikingerzeitlicher Schwerter spezialisiert.  Unser Sortiment umfasst originalgetreue Nachbildungen ikonischer Waffen aus ber\u00fchmten historischen Serien, Filmen und Sagas.<\/p>\n<p>Nehmen wir das Beispiel des<a href=\"https:\/\/repliquemangacine.fr\/de\/schwerter-tv-serie-vikings\/replik-des-schwertes-von-konig-ragnar-lothbrok-aus-der-tv-serie-vikings\/\">Schwert von Ragnar Lothbrok<\/a> mit seiner ge\u00e4tzten Klinge und seinem Griff mit vielen kleinen Details. Bei den historischen Waffen finden Sie unter anderem das<a href=\"https:\/\/repliquemangacine.fr\/de\/mittelalterliches-schwert-der-templer\/epee-richard-coeur-de-lion-coeur\/\">Schwert von Richard L\u00f6wenherz<\/a> mit seinen erhabenen Gravuren der Marke Denix.<\/p>\n<h3>Investieren Sie in Qualit\u00e4t, ohne Ihr Sparschwein zu zerrei\u00dfen.<\/h3>\n<p>Wir bieten Sammlern und Enthusiasten ein einzigartiges Erlebnis. Wir erm\u00f6glichen es ihnen, einen Teil der Geschichte und Kultur des Mittelalters und der Wikinger zu besitzen. Mit einem hervorragenden Preis-Leistungs-Verh\u00e4ltnis sind unsere Repliken ideal f\u00fcr Geschichtsinteressierte, Filmfans und Liebhaber von historischen Rekonstruktionen.<\/p>\n<h2>Wie pflegt man die Klinge seines Schwertes?<\/h2>\n<p>An erster Stelle stehen Sammlungs- und Dekorationsschwerter, die auf vereinfachte Weise hergestellt und zusammengebaut werden. Da sie zu Dekorationszwecken verwendet werden, fehlen ihnen die Sicherheitsmerkmale, die ein japanisches Schwert f\u00fcr Trainingszwecke aufweisen muss.<\/p>\n<p>Allerdings ist Ihr <strong>Schwert Uhtred <\/strong>in der Netflix-Serie <a href=\"https:\/\/the-last-kingdom.fandom.com\/wiki\/The_Last_Kingdom_Wiki\" target=\"_blank\" rel=\"noopener noreferrer\">The Last Kingdom<\/a> zu einer Stahlklinge, die gepflegt werden muss, damit sie nicht mit der Zeit abgenutzt wird. Denn wenn du dein Schwert ausstellst, werden deine Freunde neugierig sein, die Klinge zu sehen und sie zu ber\u00fchren. Hierauf m\u00fcssen Sie achten. Es ist zu betonen, dass die S\u00e4ure der Finger dem Stahl unabh\u00e4ngig von seiner Qualit\u00e4t sehr schadet.<\/p>\n<p>Sollte dies jedoch passieren, keine Panik, Sie brauchen nur ein Tuch, das Sie mit etwas \u00d6l befeuchten und die Fingerabdr\u00fccke abwischen.<br \/>\nWenn Sie dies tun, werden Sie Ihr Schwert also sehr lange behalten.<\/p>","protected":false},"excerpt":{"rendered":"<p>Wundersch\u00f6ne Replik des Utrechter Schwertes in der Serie The Last Kingdom<\/p>\n<ul>\n<li>Klinge aus 440er Stahl mit Hohlkehle<\/li>\n<li>Griff mit braunem Kunstleder \u00fcberzogen<\/li>\n<li>Stahlknauf, der einen Stein aus Harz umgibt<\/li>\n<li>Vollstahl-Garde<\/li>\n<li>Wird mit einer dekorierten Wandhalterung geliefert<\/li>\n<li>Gesamtl\u00e4nge: 100 cm<\/li>\n<\/ul>","protected":false},"featured_media":65786,"template":"","meta":[],"product_brand":[896],"product_cat":[91,66,24,103],"product_tag":[],"class_list":{"0":"post-65781","1":"product","2":"type-product","3":"status-publish","4":"has-post-thumbnail","6":"product_brand-replique-manga-cine","7":"product_cat-katana-les-epees-de-films-et-series","8":"product_cat-repliques-d-armes-films-et-series","9":"product_cat-films-series-tv-vente-de-katana-epee-et-produits-derives","10":"product_cat-armes-et-accessoires-vikings","12":"first","13":"instock","14":"taxable","15":"shipping-taxable","16":"purchasable","17":"product-type-simple"},"yoast_head":"<!-- This site is optimized with the Yoast SEO plugin v27.5 - https:\/\/yoast.com\/product\/yoast-seo-wordpress\/ -->\n<title>\u00c9p\u00e9e d&#039;Uhtred Last Kingdom - R\u00e9plique Manga Cin\u00e9<\/title>\n<meta name=\"description\" content=\"Venez d\u00e9couvrir cette superbe \u00c9p\u00e9e d&#039;Uhtred dans The Last Kingdom au meilleur prix. Lame en acier inox. Poign\u00e9e similicuir. Support mural. L. 100 cm\" \/>\n<meta name=\"robots\" content=\"index, follow, max-snippet:-1, max-image-preview:large, max-video-preview:-1\" \/>\n<link rel=\"canonical\" href=\"https:\/\/repliquemangacine.fr\/de\/filme-tv-serien-verkauf-von-katana-schwertern-und-derivaten\/epee-duhtred-the-last-kingdom\/\" \/>\n<meta property=\"og:locale\" content=\"de_DE\" \/>\n<meta property=\"og:type\" content=\"article\" \/>\n<meta property=\"og:title\" content=\"\u00c9p\u00e9e d&#039;Uhtred Last Kingdom - R\u00e9plique Manga Cin\u00e9\" \/>\n<meta property=\"og:description\" content=\"Venez d\u00e9couvrir cette superbe \u00c9p\u00e9e d&#039;Uhtred dans The Last Kingdom au meilleur prix. Lame en acier inox. Poign\u00e9e similicuir. Support mural. L. 100 cm\" \/>\n<meta property=\"og:url\" content=\"https:\/\/repliquemangacine.fr\/de\/filme-tv-serien-verkauf-von-katana-schwertern-und-derivaten\/epee-duhtred-the-last-kingdom\/\" \/>\n<meta property=\"og:site_name\" content=\"R\u00e9plique Manga Cin\u00e9\" \/>\n<meta property=\"article:publisher\" content=\"https:\/\/www.facebook.com\/RepliqueMangaCine\" \/>\n<meta property=\"article:modified_time\" content=\"2026-03-04T16:08:07+00:00\" \/>\n<meta property=\"og:image\" content=\"https:\/\/repliquemangacine.fr\/wp-content\/uploads\/2023\/11\/Epee-dUtrecht-the-Last-Kingdom.jpg\" \/>\n\t<meta property=\"og:image:width\" content=\"500\" \/>\n\t<meta property=\"og:image:height\" content=\"500\" \/>\n\t<meta property=\"og:image:type\" content=\"image\/jpeg\" \/>\n<meta name=\"twitter:card\" content=\"summary_large_image\" \/>\n<meta name=\"twitter:label1\" content=\"Gesch\u00e4tzte Lesezeit\" \/>\n\t<meta name=\"twitter:data1\" content=\"3\u00a0Minuten\" \/>\n<script type=\"application\/ld+json\" class=\"yoast-schema-graph\">{\"@context\":\"https:\\\/\\\/schema.org\",\"@graph\":[{\"@type\":\"WebPage\",\"@id\":\"https:\\\/\\\/repliquemangacine.fr\\\/films-series-tv-vente-de-katana-epee-et-produits-derives\\\/epee-duhtred-the-last-kingdom\\\/\",\"url\":\"https:\\\/\\\/repliquemangacine.fr\\\/films-series-tv-vente-de-katana-epee-et-produits-derives\\\/epee-duhtred-the-last-kingdom\\\/\",\"name\":\"\u00c9p\u00e9e d'Uhtred Last Kingdom - R\u00e9plique Manga Cin\u00e9\",\"isPartOf\":{\"@id\":\"https:\\\/\\\/repliquemangacine.fr\\\/#website\"},\"primaryImageOfPage\":{\"@id\":\"https:\\\/\\\/repliquemangacine.fr\\\/films-series-tv-vente-de-katana-epee-et-produits-derives\\\/epee-duhtred-the-last-kingdom\\\/#primaryimage\"},\"image\":{\"@id\":\"https:\\\/\\\/repliquemangacine.fr\\\/films-series-tv-vente-de-katana-epee-et-produits-derives\\\/epee-duhtred-the-last-kingdom\\\/#primaryimage\"},\"thumbnailUrl\":\"https:\\\/\\\/repliquemangacine.fr\\\/wp-content\\\/uploads\\\/2023\\\/11\\\/Epee-dUtrecht-the-Last-Kingdom.jpg\",\"datePublished\":\"2023-11-22T14:49:09+00:00\",\"dateModified\":\"2026-03-04T16:08:07+00:00\",\"description\":\"Venez d\u00e9couvrir cette superbe \u00c9p\u00e9e d'Uhtred dans The Last Kingdom au meilleur prix. Lame en acier inox. Poign\u00e9e similicuir. Support mural. L. 100 cm\",\"breadcrumb\":{\"@id\":\"https:\\\/\\\/repliquemangacine.fr\\\/films-series-tv-vente-de-katana-epee-et-produits-derives\\\/epee-duhtred-the-last-kingdom\\\/#breadcrumb\"},\"inLanguage\":\"de\",\"potentialAction\":[{\"@type\":\"ReadAction\",\"target\":[\"https:\\\/\\\/repliquemangacine.fr\\\/films-series-tv-vente-de-katana-epee-et-produits-derives\\\/epee-duhtred-the-last-kingdom\\\/\"]}]},{\"@type\":\"ImageObject\",\"inLanguage\":\"de\",\"@id\":\"https:\\\/\\\/repliquemangacine.fr\\\/films-series-tv-vente-de-katana-epee-et-produits-derives\\\/epee-duhtred-the-last-kingdom\\\/#primaryimage\",\"url\":\"https:\\\/\\\/repliquemangacine.fr\\\/wp-content\\\/uploads\\\/2023\\\/11\\\/Epee-dUtrecht-the-Last-Kingdom.jpg\",\"contentUrl\":\"https:\\\/\\\/repliquemangacine.fr\\\/wp-content\\\/uploads\\\/2023\\\/11\\\/Epee-dUtrecht-the-Last-Kingdom.jpg\",\"width\":500,\"height\":500,\"caption\":\"\u00c9p\u00e9e Uhtred The Last Kingdom\"},{\"@type\":\"BreadcrumbList\",\"@id\":\"https:\\\/\\\/repliquemangacine.fr\\\/films-series-tv-vente-de-katana-epee-et-produits-derives\\\/epee-duhtred-the-last-kingdom\\\/#breadcrumb\",\"itemListElement\":[{\"@type\":\"ListItem\",\"position\":1,\"name\":\"Accueil\",\"item\":\"https:\\\/\\\/repliquemangacine.fr\\\/\"},{\"@type\":\"ListItem\",\"position\":2,\"name\":\"Produits\",\"item\":\"https:\\\/\\\/repliquemangacine.fr\\\/boutique\\\/\"},{\"@type\":\"ListItem\",\"position\":3,\"name\":\"\u00c9p\u00e9e d&#8217;Uhtred Last Kingdom\"}]},{\"@type\":\"WebSite\",\"@id\":\"https:\\\/\\\/repliquemangacine.fr\\\/#website\",\"url\":\"https:\\\/\\\/repliquemangacine.fr\\\/\",\"name\":\"R\u00e9plique Manga Cin\u00e9\",\"description\":\"\",\"publisher\":{\"@id\":\"https:\\\/\\\/repliquemangacine.fr\\\/#organization\"},\"potentialAction\":[{\"@type\":\"SearchAction\",\"target\":{\"@type\":\"EntryPoint\",\"urlTemplate\":\"https:\\\/\\\/repliquemangacine.fr\\\/?s={search_term_string}\"},\"query-input\":{\"@type\":\"PropertyValueSpecification\",\"valueRequired\":true,\"valueName\":\"search_term_string\"}}],\"inLanguage\":\"de\"},{\"@type\":\"Organization\",\"@id\":\"https:\\\/\\\/repliquemangacine.fr\\\/#organization\",\"name\":\"R\u00e9plique Manga Cin\u00e9\",\"url\":\"https:\\\/\\\/repliquemangacine.fr\\\/\",\"logo\":{\"@type\":\"ImageObject\",\"inLanguage\":\"de\",\"@id\":\"https:\\\/\\\/repliquemangacine.fr\\\/#\\\/schema\\\/logo\\\/image\\\/\",\"url\":\"https:\\\/\\\/repliquemangacine.fr\\\/wp-content\\\/uploads\\\/2023\\\/10\\\/RMC-500250.png\",\"contentUrl\":\"https:\\\/\\\/repliquemangacine.fr\\\/wp-content\\\/uploads\\\/2023\\\/10\\\/RMC-500250.png\",\"width\":500,\"height\":250,\"caption\":\"R\u00e9plique Manga Cin\u00e9\"},\"image\":{\"@id\":\"https:\\\/\\\/repliquemangacine.fr\\\/#\\\/schema\\\/logo\\\/image\\\/\"},\"sameAs\":[\"https:\\\/\\\/www.facebook.com\\\/RepliqueMangaCine\",\"https:\\\/\\\/www.instagram.com\\\/repliquemangacine.fr\\\/\"]}]}<\/script>\n<!-- \/ Yoast SEO plugin. -->","yoast_head_json":{"title":"Uhtreds Schwert Last Kingdom - R\u00e9plique Manga Cin\u00e9","description":"Entdecken Sie dieses gro\u00dfartige Schwert von Uhtred in The Last Kingdom zum besten Preis. Klinge aus rostfreiem Stahl. Griff aus Kunstleder. Halterung f\u00fcr die Wand. L. 100 cm","robots":{"index":"index","follow":"follow","max-snippet":"max-snippet:-1","max-image-preview":"max-image-preview:large","max-video-preview":"max-video-preview:-1"},"canonical":"https:\/\/repliquemangacine.fr\/de\/filme-tv-serien-verkauf-von-katana-schwertern-und-derivaten\/epee-duhtred-the-last-kingdom\/","og_locale":"de_DE","og_type":"article","og_title":"\u00c9p\u00e9e d'Uhtred Last Kingdom - R\u00e9plique Manga Cin\u00e9","og_description":"Venez d\u00e9couvrir cette superbe \u00c9p\u00e9e d'Uhtred dans The Last Kingdom au meilleur prix. Lame en acier inox. Poign\u00e9e similicuir. Support mural. L. 100 cm","og_url":"https:\/\/repliquemangacine.fr\/de\/filme-tv-serien-verkauf-von-katana-schwertern-und-derivaten\/epee-duhtred-the-last-kingdom\/","og_site_name":"R\u00e9plique Manga Cin\u00e9","article_publisher":"https:\/\/www.facebook.com\/RepliqueMangaCine","article_modified_time":"2026-03-04T16:08:07+00:00","og_image":[{"width":500,"height":500,"url":"https:\/\/repliquemangacine.fr\/wp-content\/uploads\/2023\/11\/Epee-dUtrecht-the-Last-Kingdom.jpg","type":"image\/jpeg"}],"twitter_card":"summary_large_image","twitter_misc":{"Gesch\u00e4tzte Lesezeit":"3\u00a0Minuten"},"schema":{"@context":"https:\/\/schema.org","@graph":[{"@type":"WebPage","@id":"https:\/\/repliquemangacine.fr\/films-series-tv-vente-de-katana-epee-et-produits-derives\/epee-duhtred-the-last-kingdom\/","url":"https:\/\/repliquemangacine.fr\/films-series-tv-vente-de-katana-epee-et-produits-derives\/epee-duhtred-the-last-kingdom\/","name":"Uhtreds Schwert Last Kingdom - R\u00e9plique Manga Cin\u00e9","isPartOf":{"@id":"https:\/\/repliquemangacine.fr\/#website"},"primaryImageOfPage":{"@id":"https:\/\/repliquemangacine.fr\/films-series-tv-vente-de-katana-epee-et-produits-derives\/epee-duhtred-the-last-kingdom\/#primaryimage"},"image":{"@id":"https:\/\/repliquemangacine.fr\/films-series-tv-vente-de-katana-epee-et-produits-derives\/epee-duhtred-the-last-kingdom\/#primaryimage"},"thumbnailUrl":"https:\/\/repliquemangacine.fr\/wp-content\/uploads\/2023\/11\/Epee-dUtrecht-the-Last-Kingdom.jpg","datePublished":"2023-11-22T14:49:09+00:00","dateModified":"2026-03-04T16:08:07+00:00","description":"Entdecken Sie dieses gro\u00dfartige Schwert von Uhtred in The Last Kingdom zum besten Preis. Klinge aus rostfreiem Stahl. Griff aus Kunstleder. Halterung f\u00fcr die Wand. L. 100 cm","breadcrumb":{"@id":"https:\/\/repliquemangacine.fr\/films-series-tv-vente-de-katana-epee-et-produits-derives\/epee-duhtred-the-last-kingdom\/#breadcrumb"},"inLanguage":"de","potentialAction":[{"@type":"ReadAction","target":["https:\/\/repliquemangacine.fr\/films-series-tv-vente-de-katana-epee-et-produits-derives\/epee-duhtred-the-last-kingdom\/"]}]},{"@type":"ImageObject","inLanguage":"de","@id":"https:\/\/repliquemangacine.fr\/films-series-tv-vente-de-katana-epee-et-produits-derives\/epee-duhtred-the-last-kingdom\/#primaryimage","url":"https:\/\/repliquemangacine.fr\/wp-content\/uploads\/2023\/11\/Epee-dUtrecht-the-Last-Kingdom.jpg","contentUrl":"https:\/\/repliquemangacine.fr\/wp-content\/uploads\/2023\/11\/Epee-dUtrecht-the-Last-Kingdom.jpg","width":500,"height":500,"caption":"\u00c9p\u00e9e Uhtred The Last Kingdom"},{"@type":"BreadcrumbList","@id":"https:\/\/repliquemangacine.fr\/films-series-tv-vente-de-katana-epee-et-produits-derives\/epee-duhtred-the-last-kingdom\/#breadcrumb","itemListElement":[{"@type":"ListItem","position":1,"name":"Accueil","item":"https:\/\/repliquemangacine.fr\/"},{"@type":"ListItem","position":2,"name":"Produits","item":"https:\/\/repliquemangacine.fr\/boutique\/"},{"@type":"ListItem","position":3,"name":"\u00c9p\u00e9e d&#8217;Uhtred Last Kingdom"}]},{"@type":"WebSite","@id":"https:\/\/repliquemangacine.fr\/#website","url":"https:\/\/repliquemangacine.fr\/","name":"R\u00e9plique Manga Cin\u00e9","description":"","publisher":{"@id":"https:\/\/repliquemangacine.fr\/#organization"},"potentialAction":[{"@type":"SearchAction","target":{"@type":"EntryPoint","urlTemplate":"https:\/\/repliquemangacine.fr\/?s={search_term_string}"},"query-input":{"@type":"PropertyValueSpecification","valueRequired":true,"valueName":"search_term_string"}}],"inLanguage":"de"},{"@type":"Organization","@id":"https:\/\/repliquemangacine.fr\/#organization","name":"R\u00e9plique Manga Cin\u00e9","url":"https:\/\/repliquemangacine.fr\/","logo":{"@type":"ImageObject","inLanguage":"de","@id":"https:\/\/repliquemangacine.fr\/#\/schema\/logo\/image\/","url":"https:\/\/repliquemangacine.fr\/wp-content\/uploads\/2023\/10\/RMC-500250.png","contentUrl":"https:\/\/repliquemangacine.fr\/wp-content\/uploads\/2023\/10\/RMC-500250.png","width":500,"height":250,"caption":"R\u00e9plique Manga Cin\u00e9"},"image":{"@id":"https:\/\/repliquemangacine.fr\/#\/schema\/logo\/image\/"},"sameAs":["https:\/\/www.facebook.com\/RepliqueMangaCine","https:\/\/www.instagram.com\/repliquemangacine.fr\/"]}]}},"_links":{"self":[{"href":"https:\/\/repliquemangacine.fr\/de\/wp-json\/wp\/v2\/product\/65781","targetHints":{"allow":["GET"]}}],"collection":[{"href":"https:\/\/repliquemangacine.fr\/de\/wp-json\/wp\/v2\/product"}],"about":[{"href":"https:\/\/repliquemangacine.fr\/de\/wp-json\/wp\/v2\/types\/product"}],"wp:featuredmedia":[{"embeddable":true,"href":"https:\/\/repliquemangacine.fr\/de\/wp-json\/wp\/v2\/media\/65786"}],"wp:attachment":[{"href":"https:\/\/repliquemangacine.fr\/de\/wp-json\/wp\/v2\/media?parent=65781"}],"wp:term":[{"taxonomy":"product_brand","embeddable":true,"href":"https:\/\/repliquemangacine.fr\/de\/wp-json\/wp\/v2\/product_brand?post=65781"},{"taxonomy":"product_cat","embeddable":true,"href":"https:\/\/repliquemangacine.fr\/de\/wp-json\/wp\/v2\/product_cat?post=65781"},{"taxonomy":"product_tag","embeddable":true,"href":"https:\/\/repliquemangacine.fr\/de\/wp-json\/wp\/v2\/product_tag?post=65781"}],"curies":[{"name":"wp","href":"https:\/\/api.w.org\/{rel}","templated":true}]}}