





{"id":65765,"date":"2023-11-22T12:35:02","date_gmt":"2023-11-22T11:35:02","guid":{"rendered":"https:\/\/repliquemangacine.fr\/?post_type=product&#038;p=65765"},"modified":"2025-11-18T15:53:14","modified_gmt":"2025-11-18T14:53:14","slug":"katana-duncan-highlander","status":"publish","type":"product","link":"https:\/\/repliquemangacine.fr\/de\/repliques-d-armes-films-et-series\/katana-duncan-highlander\/","title":{"rendered":"Katana Duncan Highlander"},"content":{"rendered":"<h2>Duncans Katana in Highlander : Eine Ikone der Macht<\/h2>\n<p>Zun\u00e4chst einmal ist das Katana von Duncan MacLeod aus der ber\u00fchmten Serie \u201cHighlander\u201d mehr als nur eine Waffe.  Es wird oft als Symbol f\u00fcr sein Erbe und seine Identit\u00e4t als Unsterblicher dargestellt. Es steht f\u00fcr Ehre, Tradition und die Fortf\u00fchrung der Lehren seines Volkes.<\/p>\n<p>In \u201c<a href=\"https:\/\/highlander.fandom.com\/fr\/wiki\/Accueil\" target=\"_blank\" rel=\"noopener noreferrer\">Highlander<\/a>\u201cDas Katana kommt in zahlreichen K\u00e4mpfen zum Einsatz und spielt eine zentrale Rolle in der Handlung. Es ist ein Symbol f\u00fcr Duncans St\u00e4rke und Kampfkunst.<br \/>\nDie Serie betont h\u00e4ufig die Bedeutung der Beherrschung des Schwertes in der Kultur der Unsterblichen.<\/p>\n<h3>Ein Replikat f\u00fcr Enthusiasten<\/h3>\n<p>Duncan's Katana ist nicht nur f\u00fcr seine Rolle in der Serie bekannt, sondern auch f\u00fcr sein elegantes und pr\u00e4zises Design.<\/p>\n<p>Dieses Katana ist ein Schatz f\u00fcr jeden Sammler der Serie. Es f\u00e4ngt den Geist der Samurai und die geheimnisvolle Aura der Unsterblichen ein.<\/p>\n<h2>Die Schwerter in Highlander : Legend\u00e4re Waffen<\/h2>\n<p>Die Serie \u201cHighlander\u201d beschr\u00e4nkt sich nicht nur auf das Katana von Duncan MacLeod. Sie zeigt eine Vielzahl von Schwertern und Katanas, von denen jedes seine eigene Geschichte und Ausstrahlung hat.<\/p>\n<p>Nehmen wir den Fall der\u2019<a href=\"https:\/\/repliquemangacine.fr\/de\/katana-die-schwerter-aus-filmen-und-serien\/epee-kurgan-highlander\/\">Kurgan-Schwert<\/a>, Sie zeichnet sich durch ihr imposantes Design und ihr bedrohliches Aussehen aus. Diese Waffe spiegelt perfekt die gnadenlose und dominante Natur ihres Charakters wider.<\/p>\n<p>Es gibt auch, die<a href=\"https:\/\/repliquemangacine.fr\/de\/katana-die-schwerter-aus-filmen-und-serien\/schwert-connor-macleod-highlander\/\">Schwert von Connor MacLeod<\/a>, ein schottisches Schwert, das oft als Claymore dargestellt wird. Es symbolisiert seine schottischen Wurzeln und sein Erbe.<\/p>\n<p>Diese Waffen veranschaulichen die Vielfalt der Kulturen und Epochen, die in der Serie dargestellt werden.<\/p>\n<h3>Ein Panorama historischer und mythischer Klingen<\/h3>\n<p>Die Schwerter und Katanas in Highlander sind Zeugnisse des immensen kulturellen und historischen Erbes, das die Serie zu repr\u00e4sentieren versucht.<br \/>\nJede Klinge hat ihre eigene Pers\u00f6nlichkeit, die die Eigenschaften und die Geschichte ihres Tr\u00e4gers widerspiegelt.<\/p>\n<h2>Wie pflegt man die Klinge seines Duncan Katana?<\/h2>\n<p>Zun\u00e4chst einmal werden Katanas f\u00fcr Sammlungen und Dekorationen auf vereinfachte Weise hergestellt und zusammengesetzt. Da sie zu Dekorationszwecken verwendet werden, verf\u00fcgen sie nicht \u00fcber die Sicherheitsmerkmale, die ein japanisches Schwert f\u00fcr das Training aufweisen muss. Dennoch ist Ihr <strong>Duncans Katana in Highlander<\/strong> zu einer Stahlklinge, die gepflegt werden muss, damit sie mit der Zeit nicht besch\u00e4digt wird. Denn Sie werden Ihr Katana ausstellen, Ihre Freunde werden neugierig sein, die Klinge zu sehen und anzufassen.<\/p>\n<p>Hier ist Vorsicht geboten, denn es muss betont werden, dass die S\u00e4ure der Finger f\u00fcr Stahl jeder Qualit\u00e4t sehr sch\u00e4dlich ist. Sollte dies dennoch passieren, keine Panik, Sie brauchen nur ein mit etwas \u00d6l befeuchtetes Tuch und wischen die Fingerabdr\u00fccke ab. Auf diese Weise bleibt Ihr Schwert sehr lange erhalten.<\/p>","protected":false},"excerpt":{"rendered":"<p>Wundersch\u00f6ne Replik von Duncan McLeods Katana aus \"Highlander\".<\/p>\n<ul>\n<li>Klinge aus rostfreiem Stahl 440<\/li>\n<li>Reich verzierter Harzgriff auf beiden Seiten<\/li>\n<li>Harzknauf in Form eines Schlangenkopfs<\/li>\n<li>Schwarz lackierte Scheide mit goldenen Verzierungen an den Enden.<\/li>\n<li>Gesamtl\u00e4nge: 104 cm<\/li>\n<\/ul>","protected":false},"featured_media":65767,"template":"","meta":[],"product_brand":[896],"product_cat":[91,66,24],"product_tag":[],"class_list":{"0":"post-65765","1":"product","2":"type-product","3":"status-publish","4":"has-post-thumbnail","6":"product_brand-replique-manga-cine","7":"product_cat-katana-les-epees-de-films-et-series","8":"product_cat-repliques-d-armes-films-et-series","9":"product_cat-films-series-tv-vente-de-katana-epee-et-produits-derives","11":"first","12":"instock","13":"taxable","14":"shipping-taxable","15":"purchasable","16":"product-type-simple"},"yoast_head":"<!-- This site is optimized with the Yoast SEO plugin v27.5 - https:\/\/yoast.com\/product\/yoast-seo-wordpress\/ -->\n<title>Katana Duncan Highlander | R\u00e9plique Manga Cin\u00e9<\/title>\n<meta name=\"description\" content=\"D\u00e9couvrez le magnifique Katana de Duncan dans Highlander au meilleur prix. Lame acier. Poign\u00e9e en r\u00e9sine superbement d\u00e9cor\u00e9e. Pommeau t\u00eate de serpent.\" \/>\n<meta name=\"robots\" content=\"index, follow, max-snippet:-1, max-image-preview:large, max-video-preview:-1\" \/>\n<link rel=\"canonical\" href=\"https:\/\/repliquemangacine.fr\/de\/repliken-von-waffen-filme-und-serien\/katana-duncan-highlander\/\" \/>\n<meta property=\"og:locale\" content=\"de_DE\" \/>\n<meta property=\"og:type\" content=\"article\" \/>\n<meta property=\"og:title\" content=\"Katana Duncan Highlander | R\u00e9plique Manga Cin\u00e9\" \/>\n<meta property=\"og:description\" content=\"D\u00e9couvrez le magnifique Katana de Duncan dans Highlander au meilleur prix. Lame acier. Poign\u00e9e en r\u00e9sine superbement d\u00e9cor\u00e9e. Pommeau t\u00eate de serpent.\" \/>\n<meta property=\"og:url\" content=\"https:\/\/repliquemangacine.fr\/de\/repliken-von-waffen-filme-und-serien\/katana-duncan-highlander\/\" \/>\n<meta property=\"og:site_name\" content=\"R\u00e9plique Manga Cin\u00e9\" \/>\n<meta property=\"article:publisher\" content=\"https:\/\/www.facebook.com\/RepliqueMangaCine\" \/>\n<meta property=\"article:modified_time\" content=\"2025-11-18T14:53:14+00:00\" \/>\n<meta property=\"og:image\" content=\"https:\/\/repliquemangacine.fr\/wp-content\/uploads\/2023\/11\/katana-highlander.jpg\" \/>\n\t<meta property=\"og:image:width\" content=\"500\" \/>\n\t<meta property=\"og:image:height\" content=\"500\" \/>\n\t<meta property=\"og:image:type\" content=\"image\/jpeg\" \/>\n<meta name=\"twitter:card\" content=\"summary_large_image\" \/>\n<meta name=\"twitter:label1\" content=\"Gesch\u00e4tzte Lesezeit\" \/>\n\t<meta name=\"twitter:data1\" content=\"3\u00a0Minuten\" \/>\n<script type=\"application\/ld+json\" class=\"yoast-schema-graph\">{\"@context\":\"https:\\\/\\\/schema.org\",\"@graph\":[{\"@type\":\"WebPage\",\"@id\":\"https:\\\/\\\/repliquemangacine.fr\\\/repliques-d-armes-films-et-series\\\/katana-duncan-highlander\\\/\",\"url\":\"https:\\\/\\\/repliquemangacine.fr\\\/repliques-d-armes-films-et-series\\\/katana-duncan-highlander\\\/\",\"name\":\"Katana Duncan Highlander | R\u00e9plique Manga Cin\u00e9\",\"isPartOf\":{\"@id\":\"https:\\\/\\\/repliquemangacine.fr\\\/#website\"},\"primaryImageOfPage\":{\"@id\":\"https:\\\/\\\/repliquemangacine.fr\\\/repliques-d-armes-films-et-series\\\/katana-duncan-highlander\\\/#primaryimage\"},\"image\":{\"@id\":\"https:\\\/\\\/repliquemangacine.fr\\\/repliques-d-armes-films-et-series\\\/katana-duncan-highlander\\\/#primaryimage\"},\"thumbnailUrl\":\"https:\\\/\\\/repliquemangacine.fr\\\/wp-content\\\/uploads\\\/2023\\\/11\\\/katana-highlander.jpg\",\"datePublished\":\"2023-11-22T11:35:02+00:00\",\"dateModified\":\"2025-11-18T14:53:14+00:00\",\"description\":\"D\u00e9couvrez le magnifique Katana de Duncan dans Highlander au meilleur prix. Lame acier. Poign\u00e9e en r\u00e9sine superbement d\u00e9cor\u00e9e. Pommeau t\u00eate de serpent.\",\"breadcrumb\":{\"@id\":\"https:\\\/\\\/repliquemangacine.fr\\\/repliques-d-armes-films-et-series\\\/katana-duncan-highlander\\\/#breadcrumb\"},\"inLanguage\":\"de\",\"potentialAction\":[{\"@type\":\"ReadAction\",\"target\":[\"https:\\\/\\\/repliquemangacine.fr\\\/repliques-d-armes-films-et-series\\\/katana-duncan-highlander\\\/\"]}]},{\"@type\":\"ImageObject\",\"inLanguage\":\"de\",\"@id\":\"https:\\\/\\\/repliquemangacine.fr\\\/repliques-d-armes-films-et-series\\\/katana-duncan-highlander\\\/#primaryimage\",\"url\":\"https:\\\/\\\/repliquemangacine.fr\\\/wp-content\\\/uploads\\\/2023\\\/11\\\/katana-highlander.jpg\",\"contentUrl\":\"https:\\\/\\\/repliquemangacine.fr\\\/wp-content\\\/uploads\\\/2023\\\/11\\\/katana-highlander.jpg\",\"width\":500,\"height\":500,\"caption\":\"Katana Duncan Highlander\"},{\"@type\":\"BreadcrumbList\",\"@id\":\"https:\\\/\\\/repliquemangacine.fr\\\/repliques-d-armes-films-et-series\\\/katana-duncan-highlander\\\/#breadcrumb\",\"itemListElement\":[{\"@type\":\"ListItem\",\"position\":1,\"name\":\"Accueil\",\"item\":\"https:\\\/\\\/repliquemangacine.fr\\\/\"},{\"@type\":\"ListItem\",\"position\":2,\"name\":\"Produits\",\"item\":\"https:\\\/\\\/repliquemangacine.fr\\\/boutique\\\/\"},{\"@type\":\"ListItem\",\"position\":3,\"name\":\"Katana Duncan Highlander\"}]},{\"@type\":\"WebSite\",\"@id\":\"https:\\\/\\\/repliquemangacine.fr\\\/#website\",\"url\":\"https:\\\/\\\/repliquemangacine.fr\\\/\",\"name\":\"R\u00e9plique Manga Cin\u00e9\",\"description\":\"\",\"publisher\":{\"@id\":\"https:\\\/\\\/repliquemangacine.fr\\\/#organization\"},\"potentialAction\":[{\"@type\":\"SearchAction\",\"target\":{\"@type\":\"EntryPoint\",\"urlTemplate\":\"https:\\\/\\\/repliquemangacine.fr\\\/?s={search_term_string}\"},\"query-input\":{\"@type\":\"PropertyValueSpecification\",\"valueRequired\":true,\"valueName\":\"search_term_string\"}}],\"inLanguage\":\"de\"},{\"@type\":\"Organization\",\"@id\":\"https:\\\/\\\/repliquemangacine.fr\\\/#organization\",\"name\":\"R\u00e9plique Manga Cin\u00e9\",\"url\":\"https:\\\/\\\/repliquemangacine.fr\\\/\",\"logo\":{\"@type\":\"ImageObject\",\"inLanguage\":\"de\",\"@id\":\"https:\\\/\\\/repliquemangacine.fr\\\/#\\\/schema\\\/logo\\\/image\\\/\",\"url\":\"https:\\\/\\\/repliquemangacine.fr\\\/wp-content\\\/uploads\\\/2023\\\/10\\\/RMC-500250.png\",\"contentUrl\":\"https:\\\/\\\/repliquemangacine.fr\\\/wp-content\\\/uploads\\\/2023\\\/10\\\/RMC-500250.png\",\"width\":500,\"height\":250,\"caption\":\"R\u00e9plique Manga Cin\u00e9\"},\"image\":{\"@id\":\"https:\\\/\\\/repliquemangacine.fr\\\/#\\\/schema\\\/logo\\\/image\\\/\"},\"sameAs\":[\"https:\\\/\\\/www.facebook.com\\\/RepliqueMangaCine\",\"https:\\\/\\\/www.instagram.com\\\/repliquemangacine.fr\\\/\"]}]}<\/script>\n<!-- \/ Yoast SEO plugin. -->","yoast_head_json":{"title":"Katana Duncan Highlander | R\u00e9plique Manga Cin\u00e9","description":"Entdecken Sie das wundersch\u00f6ne Katana von Duncan aus Highlander zum besten Preis. Klinge aus Stahl. Wundersch\u00f6n verzierter Griff aus Kunstharz. Schlangenkopfknauf.","robots":{"index":"index","follow":"follow","max-snippet":"max-snippet:-1","max-image-preview":"max-image-preview:large","max-video-preview":"max-video-preview:-1"},"canonical":"https:\/\/repliquemangacine.fr\/de\/repliken-von-waffen-filme-und-serien\/katana-duncan-highlander\/","og_locale":"de_DE","og_type":"article","og_title":"Katana Duncan Highlander | R\u00e9plique Manga Cin\u00e9","og_description":"D\u00e9couvrez le magnifique Katana de Duncan dans Highlander au meilleur prix. Lame acier. Poign\u00e9e en r\u00e9sine superbement d\u00e9cor\u00e9e. Pommeau t\u00eate de serpent.","og_url":"https:\/\/repliquemangacine.fr\/de\/repliken-von-waffen-filme-und-serien\/katana-duncan-highlander\/","og_site_name":"R\u00e9plique Manga Cin\u00e9","article_publisher":"https:\/\/www.facebook.com\/RepliqueMangaCine","article_modified_time":"2025-11-18T14:53:14+00:00","og_image":[{"width":500,"height":500,"url":"https:\/\/repliquemangacine.fr\/wp-content\/uploads\/2023\/11\/katana-highlander.jpg","type":"image\/jpeg"}],"twitter_card":"summary_large_image","twitter_misc":{"Gesch\u00e4tzte Lesezeit":"3\u00a0Minuten"},"schema":{"@context":"https:\/\/schema.org","@graph":[{"@type":"WebPage","@id":"https:\/\/repliquemangacine.fr\/repliques-d-armes-films-et-series\/katana-duncan-highlander\/","url":"https:\/\/repliquemangacine.fr\/repliques-d-armes-films-et-series\/katana-duncan-highlander\/","name":"Katana Duncan Highlander | R\u00e9plique Manga Cin\u00e9","isPartOf":{"@id":"https:\/\/repliquemangacine.fr\/#website"},"primaryImageOfPage":{"@id":"https:\/\/repliquemangacine.fr\/repliques-d-armes-films-et-series\/katana-duncan-highlander\/#primaryimage"},"image":{"@id":"https:\/\/repliquemangacine.fr\/repliques-d-armes-films-et-series\/katana-duncan-highlander\/#primaryimage"},"thumbnailUrl":"https:\/\/repliquemangacine.fr\/wp-content\/uploads\/2023\/11\/katana-highlander.jpg","datePublished":"2023-11-22T11:35:02+00:00","dateModified":"2025-11-18T14:53:14+00:00","description":"Entdecken Sie das wundersch\u00f6ne Katana von Duncan aus Highlander zum besten Preis. Klinge aus Stahl. Wundersch\u00f6n verzierter Griff aus Kunstharz. Schlangenkopfknauf.","breadcrumb":{"@id":"https:\/\/repliquemangacine.fr\/repliques-d-armes-films-et-series\/katana-duncan-highlander\/#breadcrumb"},"inLanguage":"de","potentialAction":[{"@type":"ReadAction","target":["https:\/\/repliquemangacine.fr\/repliques-d-armes-films-et-series\/katana-duncan-highlander\/"]}]},{"@type":"ImageObject","inLanguage":"de","@id":"https:\/\/repliquemangacine.fr\/repliques-d-armes-films-et-series\/katana-duncan-highlander\/#primaryimage","url":"https:\/\/repliquemangacine.fr\/wp-content\/uploads\/2023\/11\/katana-highlander.jpg","contentUrl":"https:\/\/repliquemangacine.fr\/wp-content\/uploads\/2023\/11\/katana-highlander.jpg","width":500,"height":500,"caption":"Katana Duncan Highlander"},{"@type":"BreadcrumbList","@id":"https:\/\/repliquemangacine.fr\/repliques-d-armes-films-et-series\/katana-duncan-highlander\/#breadcrumb","itemListElement":[{"@type":"ListItem","position":1,"name":"Accueil","item":"https:\/\/repliquemangacine.fr\/"},{"@type":"ListItem","position":2,"name":"Produits","item":"https:\/\/repliquemangacine.fr\/boutique\/"},{"@type":"ListItem","position":3,"name":"Katana Duncan Highlander"}]},{"@type":"WebSite","@id":"https:\/\/repliquemangacine.fr\/#website","url":"https:\/\/repliquemangacine.fr\/","name":"R\u00e9plique Manga Cin\u00e9","description":"","publisher":{"@id":"https:\/\/repliquemangacine.fr\/#organization"},"potentialAction":[{"@type":"SearchAction","target":{"@type":"EntryPoint","urlTemplate":"https:\/\/repliquemangacine.fr\/?s={search_term_string}"},"query-input":{"@type":"PropertyValueSpecification","valueRequired":true,"valueName":"search_term_string"}}],"inLanguage":"de"},{"@type":"Organization","@id":"https:\/\/repliquemangacine.fr\/#organization","name":"R\u00e9plique Manga Cin\u00e9","url":"https:\/\/repliquemangacine.fr\/","logo":{"@type":"ImageObject","inLanguage":"de","@id":"https:\/\/repliquemangacine.fr\/#\/schema\/logo\/image\/","url":"https:\/\/repliquemangacine.fr\/wp-content\/uploads\/2023\/10\/RMC-500250.png","contentUrl":"https:\/\/repliquemangacine.fr\/wp-content\/uploads\/2023\/10\/RMC-500250.png","width":500,"height":250,"caption":"R\u00e9plique Manga Cin\u00e9"},"image":{"@id":"https:\/\/repliquemangacine.fr\/#\/schema\/logo\/image\/"},"sameAs":["https:\/\/www.facebook.com\/RepliqueMangaCine","https:\/\/www.instagram.com\/repliquemangacine.fr\/"]}]}},"_links":{"self":[{"href":"https:\/\/repliquemangacine.fr\/de\/wp-json\/wp\/v2\/product\/65765","targetHints":{"allow":["GET"]}}],"collection":[{"href":"https:\/\/repliquemangacine.fr\/de\/wp-json\/wp\/v2\/product"}],"about":[{"href":"https:\/\/repliquemangacine.fr\/de\/wp-json\/wp\/v2\/types\/product"}],"wp:featuredmedia":[{"embeddable":true,"href":"https:\/\/repliquemangacine.fr\/de\/wp-json\/wp\/v2\/media\/65767"}],"wp:attachment":[{"href":"https:\/\/repliquemangacine.fr\/de\/wp-json\/wp\/v2\/media?parent=65765"}],"wp:term":[{"taxonomy":"product_brand","embeddable":true,"href":"https:\/\/repliquemangacine.fr\/de\/wp-json\/wp\/v2\/product_brand?post=65765"},{"taxonomy":"product_cat","embeddable":true,"href":"https:\/\/repliquemangacine.fr\/de\/wp-json\/wp\/v2\/product_cat?post=65765"},{"taxonomy":"product_tag","embeddable":true,"href":"https:\/\/repliquemangacine.fr\/de\/wp-json\/wp\/v2\/product_tag?post=65765"}],"curies":[{"name":"wp","href":"https:\/\/api.w.org\/{rel}","templated":true}]}}