





{"id":65741,"date":"2023-11-21T18:20:35","date_gmt":"2023-11-21T17:20:35","guid":{"rendered":"https:\/\/repliquemangacine.fr\/?post_type=product&#038;p=65741"},"modified":"2025-12-30T21:14:10","modified_gmt":"2025-12-30T20:14:10","slug":"epee-heartsbane-game-of-thrones","status":"publish","type":"product","link":"https:\/\/repliquemangacine.fr\/de\/game-of-thrones\/epee-heartsbane-game-of-thrones\/","title":{"rendered":"Schwert Heartsbane Game of Thrones"},"content":{"rendered":"<h2>Das Heartsbane-Schwert in Game of Thrones<\/h2>\n<p>In erster Linie ist die<strong>Schwert Heartsbane<\/strong>oder <a href=\"https:\/\/gameofthrones.fandom.com\/fr\/wiki\/Corvenin\" target=\"_blank\" rel=\"noopener noreferrer\">Corvenin<\/a> auf Franz\u00f6sisch, nimmt einen besonderen Platz in der Welt von \u201cGame of Thrones\u201d ein. Dieses alte Schwert, Symbol des Hauses Tarly, ist aus valyrischem Stahl geschmiedet, einem seltenen und extrem widerstandsf\u00e4higen Material.<\/p>\n<p>Corvenin geh\u00f6rte jahrhundertelang dem Haus Tarly. Es thronte \u00fcber einem Kamin im Wohnhaus der Familie, bevor Samwell es stahl. Er schenkte es Jorah Mormont, damit dieser es im Kampf gegen die Wei\u00dfen Wanderer einsetzen konnte.<\/p>\n<h3>Ein Symbol f\u00fcr Macht und Tradition<\/h3>\n<p>In der Serie ist Heartsbane weit mehr als nur eine Waffe. Es verk\u00f6rpert den Stolz und die Ehre des Hauses Tarly und wird von Generation zu Generation weitergegeben.<\/p>\n<p>Seine Pr\u00e4senz in der Serie unterstreicht die Bedeutung von Erbe und Macht innerhalb der gro\u00dfen H\u00e4user von Westeros.<\/p>\n<h2>Game of Thrones Schwerter zu Erschwinglichen Preisen<\/h2>\n<p>R\u00e9plique Manga Cin\u00e9 pr\u00e4sentiert eine attraktive Kollektion von Schwertern aus \u201cGame of Thrones\u201d, die Qualit\u00e4t und g\u00fcnstige Preise vereinen. Diese Auswahl ist ideal f\u00fcr Fans, die sowohl Authentizit\u00e4t als auch Erschwinglichkeit suchen.<\/p>\n<p>Unser Sortiment umfasst Kultst\u00fccke wie den\u2019<a href=\"https:\/\/repliquemangacine.fr\/de\/schwerter-game-of-thrones\/schwert-needle-arya-stark-game-of-thrones\/\">Aryas Schwert Needle<\/a> Stark, der ber\u00fchmte Oathkeeper von Brienne von Tarth und nat\u00fcrlich die ber\u00fchmte <a href=\"https:\/\/repliquemangacine.fr\/de\/schwerter-game-of-thrones\/jon-snow-schwert-grose-kralle-game-of-thrones\/\">Jon Snows Gro\u00dfes Schwert<\/a>.<\/p>\n<h3>Qualit\u00e4t und Treue der Repliken<\/h3>\n<p>Diese Schwerter werden aus den besten Materialien hergestellt und sind nicht nur Sammlerst\u00fccke, sondern auch echte Sch\u00e4tze f\u00fcr Fans der Serie. Ihre sorgf\u00e4ltige Herstellung garantiert eine detailgetreue Nachbildung der Schwerter aus der Serie mit komplexen Gravuren und hochwertigen Oberfl\u00e4chen.<\/p>\n<p>Wir bei RMC sind stolz darauf, diese legend\u00e4ren Schwerter zu erschwinglichen Preisen anbieten zu k\u00f6nnen. So k\u00f6nnen Fans von \u201cGame of Thrones\u201d ein St\u00fcck ihrer Lieblingsserie besitzen, ohne Kompromisse bei der Qualit\u00e4t eingehen zu m\u00fcssen.<\/p>\n<h2>Wie pflegt man die Klinge seines Heartsbane-Schwerts?<\/h2>\n<p>An erster Stelle stehen Sammlungs- und Dekorationsschwerter, die auf vereinfachte Weise hergestellt und zusammengebaut werden. Da sie zu Dekorationszwecken verwendet werden, verf\u00fcgen sie nicht \u00fcber die Sicherheitselemente, die ein japanisches Schwert f\u00fcr das Training ben\u00f6tigt. Dennoch ist Ihr <strong>Schwert Heartsbane<\/strong> in Game of Thrones zu einer Stahlklinge, die gepflegt werden muss, damit sie mit der Zeit nicht besch\u00e4digt wird.<\/p>\n<p>Wenn Sie Ihr Schwert ausstellen, werden Ihre Freunde neugierig sein, die Klinge zu sehen und anzufassen. Hier ist Vorsicht geboten. Es muss betont werden, dass die S\u00e4ure der Finger f\u00fcr Stahl jeder Qualit\u00e4t sehr sch\u00e4dlich ist.<\/p>\n<p>Sollte dies dennoch passieren, keine Panik, Sie brauchen nur ein mit etwas \u00d6l befeuchtetes Tuch und wischen die Fingerabdr\u00fccke ab. Auf diese Weise bleibt Ihr Schwert sehr lange erhalten.<\/p>","protected":false},"excerpt":{"rendered":"<p>Wundersch\u00f6ne Replik des Heartsbane-Schwerts aus dem Haus Tarly in Game of Thrones<\/p>\n<ul>\n<li>Klinge aus rostfreiem Stahl mit Hohlkehle<\/li>\n<li>Bronze Funition Stahlgarde, fein verziert mit den beiden Bogensch\u00fctzen<\/li>\n<li>Knauf aus Vollstahl mit Bronzefinish<\/li>\n<li>Holzgriff<\/li>\n<li>Wird mit einer Wandplatte aus Holz geliefert, die mit einem Bogensch\u00fctzen verziert ist.<\/li>\n<li>L\u00e4nge der Klinge 82 cm - Gesamtl\u00e4nge: 107 cm<\/li>\n<li>Gewicht: 1875 gr<\/li>\n<\/ul>","protected":false},"featured_media":75704,"template":"","meta":[],"product_brand":[896],"product_cat":[72,47],"product_tag":[],"class_list":{"0":"post-65741","1":"product","2":"type-product","3":"status-publish","4":"has-post-thumbnail","6":"product_brand-replique-manga-cine","7":"product_cat-epees-game-of-thrones","8":"product_cat-game-of-thrones","10":"first","11":"instock","12":"sale","13":"taxable","14":"shipping-taxable","15":"purchasable","16":"product-type-simple"},"yoast_head":"<!-- This site is optimized with the Yoast SEO plugin v27.5 - https:\/\/yoast.com\/product\/yoast-seo-wordpress\/ -->\n<title>\u00c9p\u00e9e Heartsbane Game of Thrones | R\u00e9plique Manga Cin\u00e9<\/title>\n<meta name=\"description\" content=\"D\u00e9couvrez cette superbe r\u00e9plique de l&#039;\u00c9p\u00e9e Heartsbane dans Game of Thrones au meilleur prix. Lame en acier. Garde en m\u00e9tal finement d\u00e9cor\u00e9e. L. 120 cm\" \/>\n<meta name=\"robots\" content=\"index, follow, max-snippet:-1, max-image-preview:large, max-video-preview:-1\" \/>\n<link rel=\"canonical\" href=\"https:\/\/repliquemangacine.fr\/de\/game-of-thrones\/epee-heartsbane-game-of-thrones\/\" \/>\n<meta property=\"og:locale\" content=\"de_DE\" \/>\n<meta property=\"og:type\" content=\"article\" \/>\n<meta property=\"og:title\" content=\"\u00c9p\u00e9e Heartsbane Game of Thrones | R\u00e9plique Manga Cin\u00e9\" \/>\n<meta property=\"og:description\" content=\"D\u00e9couvrez cette superbe r\u00e9plique de l&#039;\u00c9p\u00e9e Heartsbane dans Game of Thrones au meilleur prix. Lame en acier. Garde en m\u00e9tal finement d\u00e9cor\u00e9e. L. 120 cm\" \/>\n<meta property=\"og:url\" content=\"https:\/\/repliquemangacine.fr\/de\/game-of-thrones\/epee-heartsbane-game-of-thrones\/\" \/>\n<meta property=\"og:site_name\" content=\"R\u00e9plique Manga Cin\u00e9\" \/>\n<meta property=\"article:publisher\" content=\"https:\/\/www.facebook.com\/RepliqueMangaCine\" \/>\n<meta property=\"article:modified_time\" content=\"2025-12-30T20:14:10+00:00\" \/>\n<meta property=\"og:image\" content=\"https:\/\/repliquemangacine.fr\/wp-content\/uploads\/2023\/11\/epee-tally.jpg\" \/>\n\t<meta property=\"og:image:width\" content=\"500\" \/>\n\t<meta property=\"og:image:height\" content=\"500\" \/>\n\t<meta property=\"og:image:type\" content=\"image\/jpeg\" \/>\n<meta name=\"twitter:card\" content=\"summary_large_image\" \/>\n<meta name=\"twitter:label1\" content=\"Gesch\u00e4tzte Lesezeit\" \/>\n\t<meta name=\"twitter:data1\" content=\"3\u00a0Minuten\" \/>\n<script type=\"application\/ld+json\" class=\"yoast-schema-graph\">{\"@context\":\"https:\\\/\\\/schema.org\",\"@graph\":[{\"@type\":\"WebPage\",\"@id\":\"https:\\\/\\\/repliquemangacine.fr\\\/game-of-thrones\\\/epee-heartsbane-game-of-thrones\\\/\",\"url\":\"https:\\\/\\\/repliquemangacine.fr\\\/game-of-thrones\\\/epee-heartsbane-game-of-thrones\\\/\",\"name\":\"\u00c9p\u00e9e Heartsbane Game of Thrones | R\u00e9plique Manga Cin\u00e9\",\"isPartOf\":{\"@id\":\"https:\\\/\\\/repliquemangacine.fr\\\/#website\"},\"primaryImageOfPage\":{\"@id\":\"https:\\\/\\\/repliquemangacine.fr\\\/game-of-thrones\\\/epee-heartsbane-game-of-thrones\\\/#primaryimage\"},\"image\":{\"@id\":\"https:\\\/\\\/repliquemangacine.fr\\\/game-of-thrones\\\/epee-heartsbane-game-of-thrones\\\/#primaryimage\"},\"thumbnailUrl\":\"https:\\\/\\\/repliquemangacine.fr\\\/wp-content\\\/uploads\\\/2023\\\/11\\\/epee-tally.jpg\",\"datePublished\":\"2023-11-21T17:20:35+00:00\",\"dateModified\":\"2025-12-30T20:14:10+00:00\",\"description\":\"D\u00e9couvrez cette superbe r\u00e9plique de l'\u00c9p\u00e9e Heartsbane dans Game of Thrones au meilleur prix. Lame en acier. Garde en m\u00e9tal finement d\u00e9cor\u00e9e. L. 120 cm\",\"breadcrumb\":{\"@id\":\"https:\\\/\\\/repliquemangacine.fr\\\/game-of-thrones\\\/epee-heartsbane-game-of-thrones\\\/#breadcrumb\"},\"inLanguage\":\"de\",\"potentialAction\":[{\"@type\":\"ReadAction\",\"target\":[\"https:\\\/\\\/repliquemangacine.fr\\\/game-of-thrones\\\/epee-heartsbane-game-of-thrones\\\/\"]}]},{\"@type\":\"ImageObject\",\"inLanguage\":\"de\",\"@id\":\"https:\\\/\\\/repliquemangacine.fr\\\/game-of-thrones\\\/epee-heartsbane-game-of-thrones\\\/#primaryimage\",\"url\":\"https:\\\/\\\/repliquemangacine.fr\\\/wp-content\\\/uploads\\\/2023\\\/11\\\/epee-tally.jpg\",\"contentUrl\":\"https:\\\/\\\/repliquemangacine.fr\\\/wp-content\\\/uploads\\\/2023\\\/11\\\/epee-tally.jpg\",\"width\":500,\"height\":500,\"caption\":\"\u00c9p\u00e9e Heartsbane Game of Thrones Maison Tarly\"},{\"@type\":\"BreadcrumbList\",\"@id\":\"https:\\\/\\\/repliquemangacine.fr\\\/game-of-thrones\\\/epee-heartsbane-game-of-thrones\\\/#breadcrumb\",\"itemListElement\":[{\"@type\":\"ListItem\",\"position\":1,\"name\":\"Accueil\",\"item\":\"https:\\\/\\\/repliquemangacine.fr\\\/\"},{\"@type\":\"ListItem\",\"position\":2,\"name\":\"Produits\",\"item\":\"https:\\\/\\\/repliquemangacine.fr\\\/boutique\\\/\"},{\"@type\":\"ListItem\",\"position\":3,\"name\":\"\u00c9p\u00e9e Heartsbane Game of Thrones\"}]},{\"@type\":\"WebSite\",\"@id\":\"https:\\\/\\\/repliquemangacine.fr\\\/#website\",\"url\":\"https:\\\/\\\/repliquemangacine.fr\\\/\",\"name\":\"R\u00e9plique Manga Cin\u00e9\",\"description\":\"\",\"publisher\":{\"@id\":\"https:\\\/\\\/repliquemangacine.fr\\\/#organization\"},\"potentialAction\":[{\"@type\":\"SearchAction\",\"target\":{\"@type\":\"EntryPoint\",\"urlTemplate\":\"https:\\\/\\\/repliquemangacine.fr\\\/?s={search_term_string}\"},\"query-input\":{\"@type\":\"PropertyValueSpecification\",\"valueRequired\":true,\"valueName\":\"search_term_string\"}}],\"inLanguage\":\"de\"},{\"@type\":\"Organization\",\"@id\":\"https:\\\/\\\/repliquemangacine.fr\\\/#organization\",\"name\":\"R\u00e9plique Manga Cin\u00e9\",\"url\":\"https:\\\/\\\/repliquemangacine.fr\\\/\",\"logo\":{\"@type\":\"ImageObject\",\"inLanguage\":\"de\",\"@id\":\"https:\\\/\\\/repliquemangacine.fr\\\/#\\\/schema\\\/logo\\\/image\\\/\",\"url\":\"https:\\\/\\\/repliquemangacine.fr\\\/wp-content\\\/uploads\\\/2023\\\/10\\\/RMC-500250.png\",\"contentUrl\":\"https:\\\/\\\/repliquemangacine.fr\\\/wp-content\\\/uploads\\\/2023\\\/10\\\/RMC-500250.png\",\"width\":500,\"height\":250,\"caption\":\"R\u00e9plique Manga Cin\u00e9\"},\"image\":{\"@id\":\"https:\\\/\\\/repliquemangacine.fr\\\/#\\\/schema\\\/logo\\\/image\\\/\"},\"sameAs\":[\"https:\\\/\\\/www.facebook.com\\\/RepliqueMangaCine\",\"https:\\\/\\\/www.instagram.com\\\/repliquemangacine.fr\\\/\"]}]}<\/script>\n<!-- \/ Yoast SEO plugin. -->","yoast_head_json":{"title":"Schwert Heartsbane Game of Thrones | R\u00e9plique Manga Cin\u00e9","description":"Entdecken Sie diese gro\u00dfartige Replik des Heartsbane-Schwerts aus Game of Thrones zum besten Preis. Klinge aus Stahl. Fein verzierter Metallschutzb\u00fcgel. L. 120 cm","robots":{"index":"index","follow":"follow","max-snippet":"max-snippet:-1","max-image-preview":"max-image-preview:large","max-video-preview":"max-video-preview:-1"},"canonical":"https:\/\/repliquemangacine.fr\/de\/game-of-thrones\/epee-heartsbane-game-of-thrones\/","og_locale":"de_DE","og_type":"article","og_title":"\u00c9p\u00e9e Heartsbane Game of Thrones | R\u00e9plique Manga Cin\u00e9","og_description":"D\u00e9couvrez cette superbe r\u00e9plique de l'\u00c9p\u00e9e Heartsbane dans Game of Thrones au meilleur prix. Lame en acier. Garde en m\u00e9tal finement d\u00e9cor\u00e9e. L. 120 cm","og_url":"https:\/\/repliquemangacine.fr\/de\/game-of-thrones\/epee-heartsbane-game-of-thrones\/","og_site_name":"R\u00e9plique Manga Cin\u00e9","article_publisher":"https:\/\/www.facebook.com\/RepliqueMangaCine","article_modified_time":"2025-12-30T20:14:10+00:00","og_image":[{"width":500,"height":500,"url":"https:\/\/repliquemangacine.fr\/wp-content\/uploads\/2023\/11\/epee-tally.jpg","type":"image\/jpeg"}],"twitter_card":"summary_large_image","twitter_misc":{"Gesch\u00e4tzte Lesezeit":"3\u00a0Minuten"},"schema":{"@context":"https:\/\/schema.org","@graph":[{"@type":"WebPage","@id":"https:\/\/repliquemangacine.fr\/game-of-thrones\/epee-heartsbane-game-of-thrones\/","url":"https:\/\/repliquemangacine.fr\/game-of-thrones\/epee-heartsbane-game-of-thrones\/","name":"Schwert Heartsbane Game of Thrones | R\u00e9plique Manga Cin\u00e9","isPartOf":{"@id":"https:\/\/repliquemangacine.fr\/#website"},"primaryImageOfPage":{"@id":"https:\/\/repliquemangacine.fr\/game-of-thrones\/epee-heartsbane-game-of-thrones\/#primaryimage"},"image":{"@id":"https:\/\/repliquemangacine.fr\/game-of-thrones\/epee-heartsbane-game-of-thrones\/#primaryimage"},"thumbnailUrl":"https:\/\/repliquemangacine.fr\/wp-content\/uploads\/2023\/11\/epee-tally.jpg","datePublished":"2023-11-21T17:20:35+00:00","dateModified":"2025-12-30T20:14:10+00:00","description":"Entdecken Sie diese gro\u00dfartige Replik des Heartsbane-Schwerts aus Game of Thrones zum besten Preis. Klinge aus Stahl. Fein verzierter Metallschutzb\u00fcgel. L. 120 cm","breadcrumb":{"@id":"https:\/\/repliquemangacine.fr\/game-of-thrones\/epee-heartsbane-game-of-thrones\/#breadcrumb"},"inLanguage":"de","potentialAction":[{"@type":"ReadAction","target":["https:\/\/repliquemangacine.fr\/game-of-thrones\/epee-heartsbane-game-of-thrones\/"]}]},{"@type":"ImageObject","inLanguage":"de","@id":"https:\/\/repliquemangacine.fr\/game-of-thrones\/epee-heartsbane-game-of-thrones\/#primaryimage","url":"https:\/\/repliquemangacine.fr\/wp-content\/uploads\/2023\/11\/epee-tally.jpg","contentUrl":"https:\/\/repliquemangacine.fr\/wp-content\/uploads\/2023\/11\/epee-tally.jpg","width":500,"height":500,"caption":"\u00c9p\u00e9e Heartsbane Game of Thrones Maison Tarly"},{"@type":"BreadcrumbList","@id":"https:\/\/repliquemangacine.fr\/game-of-thrones\/epee-heartsbane-game-of-thrones\/#breadcrumb","itemListElement":[{"@type":"ListItem","position":1,"name":"Accueil","item":"https:\/\/repliquemangacine.fr\/"},{"@type":"ListItem","position":2,"name":"Produits","item":"https:\/\/repliquemangacine.fr\/boutique\/"},{"@type":"ListItem","position":3,"name":"\u00c9p\u00e9e Heartsbane Game of Thrones"}]},{"@type":"WebSite","@id":"https:\/\/repliquemangacine.fr\/#website","url":"https:\/\/repliquemangacine.fr\/","name":"R\u00e9plique Manga Cin\u00e9","description":"","publisher":{"@id":"https:\/\/repliquemangacine.fr\/#organization"},"potentialAction":[{"@type":"SearchAction","target":{"@type":"EntryPoint","urlTemplate":"https:\/\/repliquemangacine.fr\/?s={search_term_string}"},"query-input":{"@type":"PropertyValueSpecification","valueRequired":true,"valueName":"search_term_string"}}],"inLanguage":"de"},{"@type":"Organization","@id":"https:\/\/repliquemangacine.fr\/#organization","name":"R\u00e9plique Manga Cin\u00e9","url":"https:\/\/repliquemangacine.fr\/","logo":{"@type":"ImageObject","inLanguage":"de","@id":"https:\/\/repliquemangacine.fr\/#\/schema\/logo\/image\/","url":"https:\/\/repliquemangacine.fr\/wp-content\/uploads\/2023\/10\/RMC-500250.png","contentUrl":"https:\/\/repliquemangacine.fr\/wp-content\/uploads\/2023\/10\/RMC-500250.png","width":500,"height":250,"caption":"R\u00e9plique Manga Cin\u00e9"},"image":{"@id":"https:\/\/repliquemangacine.fr\/#\/schema\/logo\/image\/"},"sameAs":["https:\/\/www.facebook.com\/RepliqueMangaCine","https:\/\/www.instagram.com\/repliquemangacine.fr\/"]}]}},"_links":{"self":[{"href":"https:\/\/repliquemangacine.fr\/de\/wp-json\/wp\/v2\/product\/65741","targetHints":{"allow":["GET"]}}],"collection":[{"href":"https:\/\/repliquemangacine.fr\/de\/wp-json\/wp\/v2\/product"}],"about":[{"href":"https:\/\/repliquemangacine.fr\/de\/wp-json\/wp\/v2\/types\/product"}],"wp:featuredmedia":[{"embeddable":true,"href":"https:\/\/repliquemangacine.fr\/de\/wp-json\/wp\/v2\/media\/75704"}],"wp:attachment":[{"href":"https:\/\/repliquemangacine.fr\/de\/wp-json\/wp\/v2\/media?parent=65741"}],"wp:term":[{"taxonomy":"product_brand","embeddable":true,"href":"https:\/\/repliquemangacine.fr\/de\/wp-json\/wp\/v2\/product_brand?post=65741"},{"taxonomy":"product_cat","embeddable":true,"href":"https:\/\/repliquemangacine.fr\/de\/wp-json\/wp\/v2\/product_cat?post=65741"},{"taxonomy":"product_tag","embeddable":true,"href":"https:\/\/repliquemangacine.fr\/de\/wp-json\/wp\/v2\/product_tag?post=65741"}],"curies":[{"name":"wp","href":"https:\/\/api.w.org\/{rel}","templated":true}]}}