





{"id":65723,"date":"2023-11-21T16:12:32","date_gmt":"2023-11-21T15:12:32","guid":{"rendered":"https:\/\/repliquemangacine.fr\/?post_type=product&#038;p=65723"},"modified":"2026-04-29T15:46:00","modified_gmt":"2026-04-29T13:46:00","slug":"dolch-john-rambo-signatur","status":"publish","type":"product","link":"https:\/\/repliquemangacine.fr\/de\/couteaux-rambo-poignard-john-rambo\/poignard-john-rambo-signature\/","title":{"rendered":"John Rambo Signature-Dolch"},"content":{"rendered":"<h2>John Rambo Signature Dagger: Ein Klassiker von \"First Blood\".<\/h2>\n<p>In erster Linie <strong>Dolch John Rambo Signature<\/strong> ist eine ikonische Replik aus dem Kultfilm \u201cFirst Blood\u201d. Dieses Sammlerst\u00fcck verk\u00f6rpert den Geist des \u00dcberlebens und des Abenteuers.<br \/>\ndie die Figur Rambo symbolisiert.<\/p>\n<p>Der pr\u00e4zise gefertigte Dolch zeichnet sich durch seine robuste Klinge und seinen ergonomischen Griff aus, der einen optimalen Halt bietet.<\/p>\n<p>Jedes Detail dieses Dolches wurde sorgf\u00e4ltig nachgebildet, um die von Sylvester Stallone verwendete Originalwaffe widerzuspiegeln. Vom Schutzgriff \u00fcber den Knauf bis hin zur Scheide.,<br \/>\nalles erinnert an die Welt von <a href=\"https:\/\/heros.fandom.com\/fr\/wiki\/John_Rambo\" target=\"_blank\" rel=\"noopener noreferrer\">Rambo<\/a>.<\/p>\n<h3>Ein authentisches Design, inspiriert von \"First Blood\".<\/h3>\n<p>Dieses Sammlerst\u00fcck ist perfekt f\u00fcr Liebhaber historischer Waffen und des Kinos und vereint Funktionalit\u00e4t und \u00c4sthetik.<\/p>\n<p>Der Erwerb eines <strong>John Rambo Signature-Dolch<\/strong> \"First Blood\" ist eine Hommage an die Ikone des Actionkinos und ein Muss f\u00fcr jeden begeisterten Sammler.<\/p>\n<h2>Rambo-Messer: Bestes Preis-Leistungs-Verh\u00e4ltnis<\/h2>\n<p>Die Rambo-Messersammlung ist das ultimative Symbol f\u00fcr Robustheit und Effizienz. Diese Repliken, inspiriert von den ber\u00fchmten Rambo-Filmen, bieten das beste Preis-Leistungs-Verh\u00e4ltnis f\u00fcr Sammler und Liebhaber von \u00dcberlebenswaffen.<\/p>\n<p>Jedes Messer ist so konzipiert, dass es Langlebigkeit, Leistungsf\u00e4higkeit und \u00e4sthetische Treue zu den Originalmodellen vereint.<\/p>\n<p>Von den ersten klassischen Modellen wie dem ersten <a href=\"https:\/\/repliquemangacine.fr\/de\/messer-rambo-dolch-john-rambo\/messer-rambo-first-blood\/\">Messer First Blood<\/a> oder zuletzt am <a href=\"https:\/\/repliquemangacine.fr\/de\/messer-rambo-dolch-john-rambo\/rambo-messer-5-heartstopper\/\">rambo Heartstopper-Messer.<\/a> Diese Messer sind aus hochwertigen Materialien gefertigt.<\/p>\n<h3>Beeindruckende Vielfalt f\u00fcr jeden Geschmack<\/h3>\n<p>Egal, ob Sie ein eingefleischter Fan von Sylvester Stallone oder ein Outdoor-Enthusiast sind, unsere Auswahl deckt alle Bed\u00fcrfnisse und Vorlieben ab.<\/p>\n<p>Ihre scharfen Klingen und ergonomischen Griffe garantieren ein au\u00dfergew\u00f6hnliches Benutzererlebnis.<\/p>\n<p>Wenn Sie sich f\u00fcr ein Messer aus unserem Rambo-Sortiment entscheiden, investieren Sie in ein hochwertiges Produkt zu einem erschwinglichen Preis.<\/p>\n<h2>Wie pflegt man die Klinge seines John Rambo Signature Daggers?<\/h2>\n<p>Zun\u00e4chst einmal werden Sammler- und Dekorationskatana auf vereinfachte Weise hergestellt und zusammengesetzt. Da sie nur zu Dekorationszwecken dienen, verf\u00fcgen sie nicht \u00fcber die Sicherheitsmerkmale, die f\u00fcr ein japanisches Schwert zum Training erforderlich sind.<\/p>\n<p>Allerdings ist Ihr <strong>John Rambo Signature-Dolch<\/strong> zu einer Stahlklinge, die gepflegt werden muss, damit sie mit der Zeit nicht besch\u00e4digt wird. Denn Sie werden Ihr Messer vorzeigen, Ihre Freunde werden neugierig sein, die Klinge zu sehen und anzufassen.<\/p>\n<p>Hier ist Vorsicht geboten. Es muss betont werden, dass die S\u00e4ure der Finger f\u00fcr Stahl jeder Qualit\u00e4t sehr sch\u00e4dlich ist. Wenn dies jedoch passiert, keine Panik, Sie brauchen nur ein mit etwas \u00d6l befeuchtetes Tuch und wischen die Fingerabdr\u00fccke ab. Auf diese Weise bleibt Ihr Messer sehr lange erhalten.<\/p>","protected":false},"excerpt":{"rendered":"<p>Wundersch\u00f6ne Nachbildung von Rambos Messer aus dem ersten Teil First Blood.<\/p>\n<ul>\n<li>Gezackte und gesch\u00e4rfte Klinge aus geschmiedetem Stahl mit \"John Rambo\"-Signatur<\/li>\n<li>Spezifischer Schutz mit zwei Schraubendreherbits<\/li>\n<li>Metallgriff mit gr\u00fcnem Baumwollfaden \u00fcberzogen.<\/li>\n<li>\u00dcberlebensausr\u00fcstung und Kompass<\/li>\n<li>Scheide aus braunem Kunstleder<\/li>\n<li>Gesamtl\u00e4nge: 41 cm<\/li>\n<\/ul>","protected":false},"featured_media":65731,"template":"","meta":[],"product_brand":[896],"product_cat":[890,892,61],"product_tag":[],"class_list":{"0":"post-65723","1":"product","2":"type-product","3":"status-publish","4":"has-post-thumbnail","6":"product_brand-replique-manga-cine","7":"product_cat-couteaux-de-chasse","8":"product_cat-couteaux-tactical","9":"product_cat-couteaux-rambo-poignard-john-rambo","11":"first","12":"instock","13":"taxable","14":"shipping-taxable","15":"purchasable","16":"product-type-simple"},"yoast_head":"<!-- This site is optimized with the Yoast SEO plugin v27.5 - https:\/\/yoast.com\/product\/yoast-seo-wordpress\/ -->\n<title>Poignard John Rambo Signature | R\u00e9plique Manga Cin\u00e9<\/title>\n<meta name=\"description\" content=\"D\u00e9couvrez ce superbe Poignard John Rambo Signature First Blood au meilleur prix du march\u00e9. Lame dentel\u00e9e en acier avec signature. Fourreau. 41 cm\" \/>\n<meta name=\"robots\" content=\"index, follow, max-snippet:-1, max-image-preview:large, max-video-preview:-1\" \/>\n<link rel=\"canonical\" href=\"https:\/\/repliquemangacine.fr\/de\/messer-rambo-dolch-john-rambo\/dolch-john-rambo-signatur\/\" \/>\n<meta property=\"og:locale\" content=\"de_DE\" \/>\n<meta property=\"og:type\" content=\"article\" \/>\n<meta property=\"og:title\" content=\"Poignard John Rambo Signature | R\u00e9plique Manga Cin\u00e9\" \/>\n<meta property=\"og:description\" content=\"D\u00e9couvrez ce superbe Poignard John Rambo Signature First Blood au meilleur prix du march\u00e9. Lame dentel\u00e9e en acier avec signature. Fourreau. 41 cm\" \/>\n<meta property=\"og:url\" content=\"https:\/\/repliquemangacine.fr\/de\/messer-rambo-dolch-john-rambo\/dolch-john-rambo-signatur\/\" \/>\n<meta property=\"og:site_name\" content=\"R\u00e9plique Manga Cin\u00e9\" \/>\n<meta property=\"article:publisher\" content=\"https:\/\/www.facebook.com\/RepliqueMangaCine\" \/>\n<meta property=\"article:modified_time\" content=\"2026-04-29T13:46:00+00:00\" \/>\n<meta property=\"og:image\" content=\"https:\/\/repliquemangacine.fr\/wp-content\/uploads\/2023\/11\/Couteau-John-Rambo-first-blood.jpg\" \/>\n\t<meta property=\"og:image:width\" content=\"500\" \/>\n\t<meta property=\"og:image:height\" content=\"500\" \/>\n\t<meta property=\"og:image:type\" content=\"image\/jpeg\" \/>\n<meta name=\"twitter:card\" content=\"summary_large_image\" \/>\n<meta name=\"twitter:label1\" content=\"Gesch\u00e4tzte Lesezeit\" \/>\n\t<meta name=\"twitter:data1\" content=\"3\u00a0Minuten\" \/>\n<script type=\"application\/ld+json\" class=\"yoast-schema-graph\">{\"@context\":\"https:\\\/\\\/schema.org\",\"@graph\":[{\"@type\":\"WebPage\",\"@id\":\"https:\\\/\\\/repliquemangacine.fr\\\/couteaux-rambo-poignard-john-rambo\\\/poignard-john-rambo-signature\\\/\",\"url\":\"https:\\\/\\\/repliquemangacine.fr\\\/couteaux-rambo-poignard-john-rambo\\\/poignard-john-rambo-signature\\\/\",\"name\":\"Poignard John Rambo Signature | R\u00e9plique Manga Cin\u00e9\",\"isPartOf\":{\"@id\":\"https:\\\/\\\/repliquemangacine.fr\\\/#website\"},\"primaryImageOfPage\":{\"@id\":\"https:\\\/\\\/repliquemangacine.fr\\\/couteaux-rambo-poignard-john-rambo\\\/poignard-john-rambo-signature\\\/#primaryimage\"},\"image\":{\"@id\":\"https:\\\/\\\/repliquemangacine.fr\\\/couteaux-rambo-poignard-john-rambo\\\/poignard-john-rambo-signature\\\/#primaryimage\"},\"thumbnailUrl\":\"https:\\\/\\\/repliquemangacine.fr\\\/wp-content\\\/uploads\\\/2023\\\/11\\\/Couteau-John-Rambo-first-blood.jpg\",\"datePublished\":\"2023-11-21T15:12:32+00:00\",\"dateModified\":\"2026-04-29T13:46:00+00:00\",\"description\":\"D\u00e9couvrez ce superbe Poignard John Rambo Signature First Blood au meilleur prix du march\u00e9. Lame dentel\u00e9e en acier avec signature. Fourreau. 41 cm\",\"breadcrumb\":{\"@id\":\"https:\\\/\\\/repliquemangacine.fr\\\/couteaux-rambo-poignard-john-rambo\\\/poignard-john-rambo-signature\\\/#breadcrumb\"},\"inLanguage\":\"de\",\"potentialAction\":[{\"@type\":\"ReadAction\",\"target\":[\"https:\\\/\\\/repliquemangacine.fr\\\/couteaux-rambo-poignard-john-rambo\\\/poignard-john-rambo-signature\\\/\"]}]},{\"@type\":\"ImageObject\",\"inLanguage\":\"de\",\"@id\":\"https:\\\/\\\/repliquemangacine.fr\\\/couteaux-rambo-poignard-john-rambo\\\/poignard-john-rambo-signature\\\/#primaryimage\",\"url\":\"https:\\\/\\\/repliquemangacine.fr\\\/wp-content\\\/uploads\\\/2023\\\/11\\\/Couteau-John-Rambo-first-blood.jpg\",\"contentUrl\":\"https:\\\/\\\/repliquemangacine.fr\\\/wp-content\\\/uploads\\\/2023\\\/11\\\/Couteau-John-Rambo-first-blood.jpg\",\"width\":500,\"height\":500,\"caption\":\"Poignard John Rambo signature\"},{\"@type\":\"BreadcrumbList\",\"@id\":\"https:\\\/\\\/repliquemangacine.fr\\\/couteaux-rambo-poignard-john-rambo\\\/poignard-john-rambo-signature\\\/#breadcrumb\",\"itemListElement\":[{\"@type\":\"ListItem\",\"position\":1,\"name\":\"Accueil\",\"item\":\"https:\\\/\\\/repliquemangacine.fr\\\/\"},{\"@type\":\"ListItem\",\"position\":2,\"name\":\"Produits\",\"item\":\"https:\\\/\\\/repliquemangacine.fr\\\/boutique\\\/\"},{\"@type\":\"ListItem\",\"position\":3,\"name\":\"Poignard John Rambo Signature\"}]},{\"@type\":\"WebSite\",\"@id\":\"https:\\\/\\\/repliquemangacine.fr\\\/#website\",\"url\":\"https:\\\/\\\/repliquemangacine.fr\\\/\",\"name\":\"R\u00e9plique Manga Cin\u00e9\",\"description\":\"\",\"publisher\":{\"@id\":\"https:\\\/\\\/repliquemangacine.fr\\\/#organization\"},\"potentialAction\":[{\"@type\":\"SearchAction\",\"target\":{\"@type\":\"EntryPoint\",\"urlTemplate\":\"https:\\\/\\\/repliquemangacine.fr\\\/?s={search_term_string}\"},\"query-input\":{\"@type\":\"PropertyValueSpecification\",\"valueRequired\":true,\"valueName\":\"search_term_string\"}}],\"inLanguage\":\"de\"},{\"@type\":\"Organization\",\"@id\":\"https:\\\/\\\/repliquemangacine.fr\\\/#organization\",\"name\":\"R\u00e9plique Manga Cin\u00e9\",\"url\":\"https:\\\/\\\/repliquemangacine.fr\\\/\",\"logo\":{\"@type\":\"ImageObject\",\"inLanguage\":\"de\",\"@id\":\"https:\\\/\\\/repliquemangacine.fr\\\/#\\\/schema\\\/logo\\\/image\\\/\",\"url\":\"https:\\\/\\\/repliquemangacine.fr\\\/wp-content\\\/uploads\\\/2023\\\/10\\\/RMC-500250.png\",\"contentUrl\":\"https:\\\/\\\/repliquemangacine.fr\\\/wp-content\\\/uploads\\\/2023\\\/10\\\/RMC-500250.png\",\"width\":500,\"height\":250,\"caption\":\"R\u00e9plique Manga Cin\u00e9\"},\"image\":{\"@id\":\"https:\\\/\\\/repliquemangacine.fr\\\/#\\\/schema\\\/logo\\\/image\\\/\"},\"sameAs\":[\"https:\\\/\\\/www.facebook.com\\\/RepliqueMangaCine\",\"https:\\\/\\\/www.instagram.com\\\/repliquemangacine.fr\\\/\"]}]}<\/script>\n<!-- \/ Yoast SEO plugin. -->","yoast_head_json":{"title":"John Rambo Signature Dolch | R\u00e9plique Manga Cin\u00e9","description":"Entdecken Sie diesen gro\u00dfartigen John Rambo Signature First Blood Dagger zum besten Preis auf dem Markt. Gezackte Stahlklinge mit Signatur. Scheide. 41 cm","robots":{"index":"index","follow":"follow","max-snippet":"max-snippet:-1","max-image-preview":"max-image-preview:large","max-video-preview":"max-video-preview:-1"},"canonical":"https:\/\/repliquemangacine.fr\/de\/messer-rambo-dolch-john-rambo\/dolch-john-rambo-signatur\/","og_locale":"de_DE","og_type":"article","og_title":"Poignard John Rambo Signature | R\u00e9plique Manga Cin\u00e9","og_description":"D\u00e9couvrez ce superbe Poignard John Rambo Signature First Blood au meilleur prix du march\u00e9. Lame dentel\u00e9e en acier avec signature. Fourreau. 41 cm","og_url":"https:\/\/repliquemangacine.fr\/de\/messer-rambo-dolch-john-rambo\/dolch-john-rambo-signatur\/","og_site_name":"R\u00e9plique Manga Cin\u00e9","article_publisher":"https:\/\/www.facebook.com\/RepliqueMangaCine","article_modified_time":"2026-04-29T13:46:00+00:00","og_image":[{"width":500,"height":500,"url":"https:\/\/repliquemangacine.fr\/wp-content\/uploads\/2023\/11\/Couteau-John-Rambo-first-blood.jpg","type":"image\/jpeg"}],"twitter_card":"summary_large_image","twitter_misc":{"Gesch\u00e4tzte Lesezeit":"3\u00a0Minuten"},"schema":{"@context":"https:\/\/schema.org","@graph":[{"@type":"WebPage","@id":"https:\/\/repliquemangacine.fr\/couteaux-rambo-poignard-john-rambo\/poignard-john-rambo-signature\/","url":"https:\/\/repliquemangacine.fr\/couteaux-rambo-poignard-john-rambo\/poignard-john-rambo-signature\/","name":"John Rambo Signature Dolch | R\u00e9plique Manga Cin\u00e9","isPartOf":{"@id":"https:\/\/repliquemangacine.fr\/#website"},"primaryImageOfPage":{"@id":"https:\/\/repliquemangacine.fr\/couteaux-rambo-poignard-john-rambo\/poignard-john-rambo-signature\/#primaryimage"},"image":{"@id":"https:\/\/repliquemangacine.fr\/couteaux-rambo-poignard-john-rambo\/poignard-john-rambo-signature\/#primaryimage"},"thumbnailUrl":"https:\/\/repliquemangacine.fr\/wp-content\/uploads\/2023\/11\/Couteau-John-Rambo-first-blood.jpg","datePublished":"2023-11-21T15:12:32+00:00","dateModified":"2026-04-29T13:46:00+00:00","description":"Entdecken Sie diesen gro\u00dfartigen John Rambo Signature First Blood Dagger zum besten Preis auf dem Markt. Gezackte Stahlklinge mit Signatur. Scheide. 41 cm","breadcrumb":{"@id":"https:\/\/repliquemangacine.fr\/couteaux-rambo-poignard-john-rambo\/poignard-john-rambo-signature\/#breadcrumb"},"inLanguage":"de","potentialAction":[{"@type":"ReadAction","target":["https:\/\/repliquemangacine.fr\/couteaux-rambo-poignard-john-rambo\/poignard-john-rambo-signature\/"]}]},{"@type":"ImageObject","inLanguage":"de","@id":"https:\/\/repliquemangacine.fr\/couteaux-rambo-poignard-john-rambo\/poignard-john-rambo-signature\/#primaryimage","url":"https:\/\/repliquemangacine.fr\/wp-content\/uploads\/2023\/11\/Couteau-John-Rambo-first-blood.jpg","contentUrl":"https:\/\/repliquemangacine.fr\/wp-content\/uploads\/2023\/11\/Couteau-John-Rambo-first-blood.jpg","width":500,"height":500,"caption":"Poignard John Rambo signature"},{"@type":"BreadcrumbList","@id":"https:\/\/repliquemangacine.fr\/couteaux-rambo-poignard-john-rambo\/poignard-john-rambo-signature\/#breadcrumb","itemListElement":[{"@type":"ListItem","position":1,"name":"Accueil","item":"https:\/\/repliquemangacine.fr\/"},{"@type":"ListItem","position":2,"name":"Produits","item":"https:\/\/repliquemangacine.fr\/boutique\/"},{"@type":"ListItem","position":3,"name":"Poignard John Rambo Signature"}]},{"@type":"WebSite","@id":"https:\/\/repliquemangacine.fr\/#website","url":"https:\/\/repliquemangacine.fr\/","name":"R\u00e9plique Manga Cin\u00e9","description":"","publisher":{"@id":"https:\/\/repliquemangacine.fr\/#organization"},"potentialAction":[{"@type":"SearchAction","target":{"@type":"EntryPoint","urlTemplate":"https:\/\/repliquemangacine.fr\/?s={search_term_string}"},"query-input":{"@type":"PropertyValueSpecification","valueRequired":true,"valueName":"search_term_string"}}],"inLanguage":"de"},{"@type":"Organization","@id":"https:\/\/repliquemangacine.fr\/#organization","name":"R\u00e9plique Manga Cin\u00e9","url":"https:\/\/repliquemangacine.fr\/","logo":{"@type":"ImageObject","inLanguage":"de","@id":"https:\/\/repliquemangacine.fr\/#\/schema\/logo\/image\/","url":"https:\/\/repliquemangacine.fr\/wp-content\/uploads\/2023\/10\/RMC-500250.png","contentUrl":"https:\/\/repliquemangacine.fr\/wp-content\/uploads\/2023\/10\/RMC-500250.png","width":500,"height":250,"caption":"R\u00e9plique Manga Cin\u00e9"},"image":{"@id":"https:\/\/repliquemangacine.fr\/#\/schema\/logo\/image\/"},"sameAs":["https:\/\/www.facebook.com\/RepliqueMangaCine","https:\/\/www.instagram.com\/repliquemangacine.fr\/"]}]}},"_links":{"self":[{"href":"https:\/\/repliquemangacine.fr\/de\/wp-json\/wp\/v2\/product\/65723","targetHints":{"allow":["GET"]}}],"collection":[{"href":"https:\/\/repliquemangacine.fr\/de\/wp-json\/wp\/v2\/product"}],"about":[{"href":"https:\/\/repliquemangacine.fr\/de\/wp-json\/wp\/v2\/types\/product"}],"wp:featuredmedia":[{"embeddable":true,"href":"https:\/\/repliquemangacine.fr\/de\/wp-json\/wp\/v2\/media\/65731"}],"wp:attachment":[{"href":"https:\/\/repliquemangacine.fr\/de\/wp-json\/wp\/v2\/media?parent=65723"}],"wp:term":[{"taxonomy":"product_brand","embeddable":true,"href":"https:\/\/repliquemangacine.fr\/de\/wp-json\/wp\/v2\/product_brand?post=65723"},{"taxonomy":"product_cat","embeddable":true,"href":"https:\/\/repliquemangacine.fr\/de\/wp-json\/wp\/v2\/product_cat?post=65723"},{"taxonomy":"product_tag","embeddable":true,"href":"https:\/\/repliquemangacine.fr\/de\/wp-json\/wp\/v2\/product_tag?post=65723"}],"curies":[{"name":"wp","href":"https:\/\/api.w.org\/{rel}","templated":true}]}}