





{"id":65673,"date":"2023-11-20T17:49:36","date_gmt":"2023-11-20T16:49:36","guid":{"rendered":"https:\/\/repliquemangacine.fr\/?post_type=product&#038;p=65673"},"modified":"2025-11-27T11:41:23","modified_gmt":"2025-11-27T10:41:23","slug":"excalibur-legendares-schwert","status":"publish","type":"product","link":"https:\/\/repliquemangacine.fr\/de\/armes-historiques\/excalibur-epee-legendaire\/","title":{"rendered":"Excalibur legend\u00e4res Schwert"},"content":{"rendered":"<h2>Excalibur, das legend\u00e4re Schwert der Mythologie<\/h2>\n<p>Zun\u00e4chst einmal, <strong>Excalibur das legend\u00e4re Schwert<\/strong>, verk\u00f6rpert einen wesentlichen Teil der Artus-Sagen, umgeben von Geheimnissen und Legenden.<\/p>\n<p>Dieses legend\u00e4re Schwert, das oft mit K\u00f6nig Artus in Verbindung gebracht wird, symbolisiert K\u00f6nigtum und unersch\u00fctterlichen Mut. Der Legende nach konnte nur der wahre K\u00f6nig von England Excalibur aus seinem Felsen ziehen.<br \/>\noder des Ambosses, je nach Version der Geschichte.<\/p>\n<p>Diese Heldentat Arthurs markierte den Beginn seiner legend\u00e4ren Herrschaft und seiner Abenteuer mit den Rittern der Tafelrunde.<\/p>\n<h3>Die Magie und Macht von Excalibur<\/h3>\n<p>Die Magie von Excalibur liegt in seiner Heilkraft und seiner unbesiegbaren Widerstandsf\u00e4higkeit im Kampf. Geschmiedet auf der mystischen Insel Avalon, sollte es magische Kr\u00e4fte besitzen.<br \/>\nund eine unvergleichliche Kraft.<\/p>\n<p>Die Szene der \u00dcbergabe\u2019<a href=\"https:\/\/www.worldhistory.org\/trans\/fr\/1-16022\/excalibur\/\" target=\"_blank\" rel=\"noopener noreferrer\">Excalibur<\/a> an den jungen Artus durch die Herrin vom See ist ein emblematischer Moment in der mittelalterlichen Literatur.<\/p>\n<h2>Au\u00dfergew\u00f6hnliches Preis-Leistungs-Verh\u00e4ltnis bei R\u00e9plique Manga Cin\u00e9<\/h2>\n<p>Bei RMC ist das Preis-Leistungs-Verh\u00e4ltnis unserer historischen Schwerter und Repliken aus Mangas und Filmen un\u00fcbertroffen. Wir wissen, wie wichtig es ist, unseren Kunden<br \/>\nProdukte, die nicht nur die Essenz und die feinen Details der Originalwerke einfangen, sondern auch zug\u00e4nglich und erschwinglich sind.<\/p>\n<p>Unsere Sammlung historischer Schwerter, von <a href=\"https:\/\/repliquemangacine.fr\/de\/antike-schwerter\/\">antike Schwerter<\/a> an <a href=\"https:\/\/repliquemangacine.fr\/de\/mittelalterliches-schwert-der-templer\/\">mittelalterliche Schwerter<\/a>Die meisten der von uns verwendeten Materialien werden sorgf\u00e4ltig ausgew\u00e4hlt, um eine hohe Qualit\u00e4t und einen g\u00fcnstigen Preis zu gew\u00e4hrleisten.<\/p>\n<h3>Historische und k\u00fcnstlerische Treue zu erschwinglichen Preisen<\/h3>\n<p>Die Leidenschaft von Manga- und Filmfans verdient nur das Beste. Deshalb wird bei R\u00e9plique Manga Cin\u00e9 jedes St\u00fcck aus unserem Katalog, sei es der <a href=\"https:\/\/repliquemangacine.fr\/de\/katana-kimetsu-no-yaiba-aus-stahl-katana-demon-slayer-aus-metall\/katana-tanjiro-kamado-demon-slayer\/\">Katana von Tanjiro<\/a> in Demon Slayer oder eine Nachbildung einer ikonischen Waffe aus einem Film, wird mit Leidenschaft und Hingabe hergestellt. Lassen Sie sich in die fantastische Welt Ihrer Lieblingshelden entf\u00fchren.<\/p>\n<h2>Wie pflegt man die Klinge von Excalibur, dem legend\u00e4ren Schwert?<\/h2>\n<p>Zun\u00e4chst einmal Sammler- und Dekorations-Katanas, die auf vereinfachte Weise hergestellt und zusammengesetzt werden. Da sie nur zu Dekorationszwecken dienen, verf\u00fcgen sie nicht \u00fcber die Sicherheitsmerkmale, die f\u00fcr ein japanisches Schwert zum Training erforderlich sind.<\/p>\n<p>Allerdings ist Ihr <strong>Excalibur legend\u00e4res Schwert<\/strong> zu einer Stahlklinge, die gepflegt werden muss, damit sie mit der Zeit nicht besch\u00e4digt wird. Denn Sie werden Ihr Katana ausstellen, Ihre Freunde werden neugierig sein, die Klinge zu sehen und anzufassen.<\/p>\n<p>Hier ist Vorsicht geboten, denn es muss betont werden, dass die S\u00e4ure der Finger f\u00fcr Stahl jeder Qualit\u00e4t sehr sch\u00e4dlich ist. Sollte dies dennoch passieren, keine Panik, Sie brauchen nur ein mit etwas \u00d6l befeuchtetes Tuch und wischen die Fingerabdr\u00fccke ab. Auf diese Weise bleibt Ihr Schwert sehr lange erhalten.<\/p>","protected":false},"excerpt":{"rendered":"<p>Wundersch\u00f6ne Replik des legend\u00e4ren Schwertes Excalibur<\/p>\n<ul>\n<li>Klinge aus rostfreiem Stahl mit zentraler Hohlkehle<\/li>\n<li>Fein verzierter Stahlb\u00fcgel<\/li>\n<li>Vollstahlknauf mit roter Perle aus Kunstharz<\/li>\n<li>Mit Kunstleder \u00fcberzogener Griff<\/li>\n<li>Wird mit seiner dekorierten Wandplatte geliefert<\/li>\n<li>Gesamtl\u00e4nge: 100 cm<\/li>\n<\/ul>","protected":false},"featured_media":65674,"template":"","meta":[],"product_brand":[896],"product_cat":[25,84],"product_tag":[],"class_list":{"0":"post-65673","1":"product","2":"type-product","3":"status-publish","4":"has-post-thumbnail","6":"product_brand-replique-manga-cine","7":"product_cat-armes-historiques","8":"product_cat-epee-templier-medievale","10":"first","11":"instock","12":"taxable","13":"shipping-taxable","14":"purchasable","15":"product-type-simple"},"yoast_head":"<!-- This site is optimized with the Yoast SEO plugin v27.5 - https:\/\/yoast.com\/product\/yoast-seo-wordpress\/ -->\n<title>Excalibur \u00e9p\u00e9e l\u00e9gendaire - Vente Ep\u00e9es historiques | R\u00e9plique Manga Cin\u00e9<\/title>\n<meta name=\"description\" content=\"D\u00e9couvrez la nouvelle Excalibur \u00e9p\u00e9e l\u00e9gendaire au meilleur prix. Cette r\u00e9plique s&#039;inspire de celle de Windlass. Lame acier inox. Garde en acier. 100 cm\" \/>\n<meta name=\"robots\" content=\"index, follow, max-snippet:-1, max-image-preview:large, max-video-preview:-1\" \/>\n<link rel=\"canonical\" href=\"https:\/\/repliquemangacine.fr\/de\/historische-waffen\/excalibur-legendares-schwert\/\" \/>\n<meta property=\"og:locale\" content=\"de_DE\" \/>\n<meta property=\"og:type\" content=\"article\" \/>\n<meta property=\"og:title\" content=\"Excalibur \u00e9p\u00e9e l\u00e9gendaire - Vente Ep\u00e9es historiques | R\u00e9plique Manga Cin\u00e9\" \/>\n<meta property=\"og:description\" content=\"D\u00e9couvrez la nouvelle Excalibur \u00e9p\u00e9e l\u00e9gendaire au meilleur prix. Cette r\u00e9plique s&#039;inspire de celle de Windlass. Lame acier inox. Garde en acier. 100 cm\" \/>\n<meta property=\"og:url\" content=\"https:\/\/repliquemangacine.fr\/de\/historische-waffen\/excalibur-legendares-schwert\/\" \/>\n<meta property=\"og:site_name\" content=\"R\u00e9plique Manga Cin\u00e9\" \/>\n<meta property=\"article:publisher\" content=\"https:\/\/www.facebook.com\/RepliqueMangaCine\" \/>\n<meta property=\"article:modified_time\" content=\"2025-11-27T10:41:23+00:00\" \/>\n<meta property=\"og:image\" content=\"https:\/\/repliquemangacine.fr\/wp-content\/uploads\/2023\/11\/epee-excalibur.jpg\" \/>\n\t<meta property=\"og:image:width\" content=\"500\" \/>\n\t<meta property=\"og:image:height\" content=\"500\" \/>\n\t<meta property=\"og:image:type\" content=\"image\/jpeg\" \/>\n<meta name=\"twitter:card\" content=\"summary_large_image\" \/>\n<meta name=\"twitter:label1\" content=\"Gesch\u00e4tzte Lesezeit\" \/>\n\t<meta name=\"twitter:data1\" content=\"3\u00a0Minuten\" \/>\n<script type=\"application\/ld+json\" class=\"yoast-schema-graph\">{\"@context\":\"https:\\\/\\\/schema.org\",\"@graph\":[{\"@type\":\"WebPage\",\"@id\":\"https:\\\/\\\/repliquemangacine.fr\\\/armes-historiques\\\/excalibur-epee-legendaire\\\/\",\"url\":\"https:\\\/\\\/repliquemangacine.fr\\\/armes-historiques\\\/excalibur-epee-legendaire\\\/\",\"name\":\"Excalibur \u00e9p\u00e9e l\u00e9gendaire - Vente Ep\u00e9es historiques | R\u00e9plique Manga Cin\u00e9\",\"isPartOf\":{\"@id\":\"https:\\\/\\\/repliquemangacine.fr\\\/#website\"},\"primaryImageOfPage\":{\"@id\":\"https:\\\/\\\/repliquemangacine.fr\\\/armes-historiques\\\/excalibur-epee-legendaire\\\/#primaryimage\"},\"image\":{\"@id\":\"https:\\\/\\\/repliquemangacine.fr\\\/armes-historiques\\\/excalibur-epee-legendaire\\\/#primaryimage\"},\"thumbnailUrl\":\"https:\\\/\\\/repliquemangacine.fr\\\/wp-content\\\/uploads\\\/2023\\\/11\\\/epee-excalibur.jpg\",\"datePublished\":\"2023-11-20T16:49:36+00:00\",\"dateModified\":\"2025-11-27T10:41:23+00:00\",\"description\":\"D\u00e9couvrez la nouvelle Excalibur \u00e9p\u00e9e l\u00e9gendaire au meilleur prix. Cette r\u00e9plique s'inspire de celle de Windlass. Lame acier inox. Garde en acier. 100 cm\",\"breadcrumb\":{\"@id\":\"https:\\\/\\\/repliquemangacine.fr\\\/armes-historiques\\\/excalibur-epee-legendaire\\\/#breadcrumb\"},\"inLanguage\":\"de\",\"potentialAction\":[{\"@type\":\"ReadAction\",\"target\":[\"https:\\\/\\\/repliquemangacine.fr\\\/armes-historiques\\\/excalibur-epee-legendaire\\\/\"]}]},{\"@type\":\"ImageObject\",\"inLanguage\":\"de\",\"@id\":\"https:\\\/\\\/repliquemangacine.fr\\\/armes-historiques\\\/excalibur-epee-legendaire\\\/#primaryimage\",\"url\":\"https:\\\/\\\/repliquemangacine.fr\\\/wp-content\\\/uploads\\\/2023\\\/11\\\/epee-excalibur.jpg\",\"contentUrl\":\"https:\\\/\\\/repliquemangacine.fr\\\/wp-content\\\/uploads\\\/2023\\\/11\\\/epee-excalibur.jpg\",\"width\":500,\"height\":500,\"caption\":\"Excalibur \u00e9p\u00e9e l\u00e9gendaire\"},{\"@type\":\"BreadcrumbList\",\"@id\":\"https:\\\/\\\/repliquemangacine.fr\\\/armes-historiques\\\/excalibur-epee-legendaire\\\/#breadcrumb\",\"itemListElement\":[{\"@type\":\"ListItem\",\"position\":1,\"name\":\"Accueil\",\"item\":\"https:\\\/\\\/repliquemangacine.fr\\\/\"},{\"@type\":\"ListItem\",\"position\":2,\"name\":\"Produits\",\"item\":\"https:\\\/\\\/repliquemangacine.fr\\\/boutique\\\/\"},{\"@type\":\"ListItem\",\"position\":3,\"name\":\"Excalibur \u00e9p\u00e9e l\u00e9gendaire\"}]},{\"@type\":\"WebSite\",\"@id\":\"https:\\\/\\\/repliquemangacine.fr\\\/#website\",\"url\":\"https:\\\/\\\/repliquemangacine.fr\\\/\",\"name\":\"R\u00e9plique Manga Cin\u00e9\",\"description\":\"\",\"publisher\":{\"@id\":\"https:\\\/\\\/repliquemangacine.fr\\\/#organization\"},\"potentialAction\":[{\"@type\":\"SearchAction\",\"target\":{\"@type\":\"EntryPoint\",\"urlTemplate\":\"https:\\\/\\\/repliquemangacine.fr\\\/?s={search_term_string}\"},\"query-input\":{\"@type\":\"PropertyValueSpecification\",\"valueRequired\":true,\"valueName\":\"search_term_string\"}}],\"inLanguage\":\"de\"},{\"@type\":\"Organization\",\"@id\":\"https:\\\/\\\/repliquemangacine.fr\\\/#organization\",\"name\":\"R\u00e9plique Manga Cin\u00e9\",\"url\":\"https:\\\/\\\/repliquemangacine.fr\\\/\",\"logo\":{\"@type\":\"ImageObject\",\"inLanguage\":\"de\",\"@id\":\"https:\\\/\\\/repliquemangacine.fr\\\/#\\\/schema\\\/logo\\\/image\\\/\",\"url\":\"https:\\\/\\\/repliquemangacine.fr\\\/wp-content\\\/uploads\\\/2023\\\/10\\\/RMC-500250.png\",\"contentUrl\":\"https:\\\/\\\/repliquemangacine.fr\\\/wp-content\\\/uploads\\\/2023\\\/10\\\/RMC-500250.png\",\"width\":500,\"height\":250,\"caption\":\"R\u00e9plique Manga Cin\u00e9\"},\"image\":{\"@id\":\"https:\\\/\\\/repliquemangacine.fr\\\/#\\\/schema\\\/logo\\\/image\\\/\"},\"sameAs\":[\"https:\\\/\\\/www.facebook.com\\\/RepliqueMangaCine\",\"https:\\\/\\\/www.instagram.com\\\/repliquemangacine.fr\\\/\"]}]}<\/script>\n<!-- \/ Yoast SEO plugin. -->","yoast_head_json":{"title":"Excalibur Legend\u00e4res Schwert - Verkauf Historische Schwerter | R\u00e9plique Manga Cin\u00e9","description":"Entdecken Sie das neue legend\u00e4re Excalibur-Schwert zum besten Preis. Diese Replik ist von Windlass inspiriert. Klinge aus rostfreiem Stahl. Schutzb\u00fcgel aus Stahl. 100 cm","robots":{"index":"index","follow":"follow","max-snippet":"max-snippet:-1","max-image-preview":"max-image-preview:large","max-video-preview":"max-video-preview:-1"},"canonical":"https:\/\/repliquemangacine.fr\/de\/historische-waffen\/excalibur-legendares-schwert\/","og_locale":"de_DE","og_type":"article","og_title":"Excalibur \u00e9p\u00e9e l\u00e9gendaire - Vente Ep\u00e9es historiques | R\u00e9plique Manga Cin\u00e9","og_description":"D\u00e9couvrez la nouvelle Excalibur \u00e9p\u00e9e l\u00e9gendaire au meilleur prix. Cette r\u00e9plique s'inspire de celle de Windlass. Lame acier inox. Garde en acier. 100 cm","og_url":"https:\/\/repliquemangacine.fr\/de\/historische-waffen\/excalibur-legendares-schwert\/","og_site_name":"R\u00e9plique Manga Cin\u00e9","article_publisher":"https:\/\/www.facebook.com\/RepliqueMangaCine","article_modified_time":"2025-11-27T10:41:23+00:00","og_image":[{"width":500,"height":500,"url":"https:\/\/repliquemangacine.fr\/wp-content\/uploads\/2023\/11\/epee-excalibur.jpg","type":"image\/jpeg"}],"twitter_card":"summary_large_image","twitter_misc":{"Gesch\u00e4tzte Lesezeit":"3\u00a0Minuten"},"schema":{"@context":"https:\/\/schema.org","@graph":[{"@type":"WebPage","@id":"https:\/\/repliquemangacine.fr\/armes-historiques\/excalibur-epee-legendaire\/","url":"https:\/\/repliquemangacine.fr\/armes-historiques\/excalibur-epee-legendaire\/","name":"Excalibur Legend\u00e4res Schwert - Verkauf Historische Schwerter | R\u00e9plique Manga Cin\u00e9","isPartOf":{"@id":"https:\/\/repliquemangacine.fr\/#website"},"primaryImageOfPage":{"@id":"https:\/\/repliquemangacine.fr\/armes-historiques\/excalibur-epee-legendaire\/#primaryimage"},"image":{"@id":"https:\/\/repliquemangacine.fr\/armes-historiques\/excalibur-epee-legendaire\/#primaryimage"},"thumbnailUrl":"https:\/\/repliquemangacine.fr\/wp-content\/uploads\/2023\/11\/epee-excalibur.jpg","datePublished":"2023-11-20T16:49:36+00:00","dateModified":"2025-11-27T10:41:23+00:00","description":"Entdecken Sie das neue legend\u00e4re Excalibur-Schwert zum besten Preis. Diese Replik ist von Windlass inspiriert. Klinge aus rostfreiem Stahl. Schutzb\u00fcgel aus Stahl. 100 cm","breadcrumb":{"@id":"https:\/\/repliquemangacine.fr\/armes-historiques\/excalibur-epee-legendaire\/#breadcrumb"},"inLanguage":"de","potentialAction":[{"@type":"ReadAction","target":["https:\/\/repliquemangacine.fr\/armes-historiques\/excalibur-epee-legendaire\/"]}]},{"@type":"ImageObject","inLanguage":"de","@id":"https:\/\/repliquemangacine.fr\/armes-historiques\/excalibur-epee-legendaire\/#primaryimage","url":"https:\/\/repliquemangacine.fr\/wp-content\/uploads\/2023\/11\/epee-excalibur.jpg","contentUrl":"https:\/\/repliquemangacine.fr\/wp-content\/uploads\/2023\/11\/epee-excalibur.jpg","width":500,"height":500,"caption":"Excalibur \u00e9p\u00e9e l\u00e9gendaire"},{"@type":"BreadcrumbList","@id":"https:\/\/repliquemangacine.fr\/armes-historiques\/excalibur-epee-legendaire\/#breadcrumb","itemListElement":[{"@type":"ListItem","position":1,"name":"Accueil","item":"https:\/\/repliquemangacine.fr\/"},{"@type":"ListItem","position":2,"name":"Produits","item":"https:\/\/repliquemangacine.fr\/boutique\/"},{"@type":"ListItem","position":3,"name":"Excalibur \u00e9p\u00e9e l\u00e9gendaire"}]},{"@type":"WebSite","@id":"https:\/\/repliquemangacine.fr\/#website","url":"https:\/\/repliquemangacine.fr\/","name":"R\u00e9plique Manga Cin\u00e9","description":"","publisher":{"@id":"https:\/\/repliquemangacine.fr\/#organization"},"potentialAction":[{"@type":"SearchAction","target":{"@type":"EntryPoint","urlTemplate":"https:\/\/repliquemangacine.fr\/?s={search_term_string}"},"query-input":{"@type":"PropertyValueSpecification","valueRequired":true,"valueName":"search_term_string"}}],"inLanguage":"de"},{"@type":"Organization","@id":"https:\/\/repliquemangacine.fr\/#organization","name":"R\u00e9plique Manga Cin\u00e9","url":"https:\/\/repliquemangacine.fr\/","logo":{"@type":"ImageObject","inLanguage":"de","@id":"https:\/\/repliquemangacine.fr\/#\/schema\/logo\/image\/","url":"https:\/\/repliquemangacine.fr\/wp-content\/uploads\/2023\/10\/RMC-500250.png","contentUrl":"https:\/\/repliquemangacine.fr\/wp-content\/uploads\/2023\/10\/RMC-500250.png","width":500,"height":250,"caption":"R\u00e9plique Manga Cin\u00e9"},"image":{"@id":"https:\/\/repliquemangacine.fr\/#\/schema\/logo\/image\/"},"sameAs":["https:\/\/www.facebook.com\/RepliqueMangaCine","https:\/\/www.instagram.com\/repliquemangacine.fr\/"]}]}},"_links":{"self":[{"href":"https:\/\/repliquemangacine.fr\/de\/wp-json\/wp\/v2\/product\/65673","targetHints":{"allow":["GET"]}}],"collection":[{"href":"https:\/\/repliquemangacine.fr\/de\/wp-json\/wp\/v2\/product"}],"about":[{"href":"https:\/\/repliquemangacine.fr\/de\/wp-json\/wp\/v2\/types\/product"}],"wp:featuredmedia":[{"embeddable":true,"href":"https:\/\/repliquemangacine.fr\/de\/wp-json\/wp\/v2\/media\/65674"}],"wp:attachment":[{"href":"https:\/\/repliquemangacine.fr\/de\/wp-json\/wp\/v2\/media?parent=65673"}],"wp:term":[{"taxonomy":"product_brand","embeddable":true,"href":"https:\/\/repliquemangacine.fr\/de\/wp-json\/wp\/v2\/product_brand?post=65673"},{"taxonomy":"product_cat","embeddable":true,"href":"https:\/\/repliquemangacine.fr\/de\/wp-json\/wp\/v2\/product_cat?post=65673"},{"taxonomy":"product_tag","embeddable":true,"href":"https:\/\/repliquemangacine.fr\/de\/wp-json\/wp\/v2\/product_tag?post=65673"}],"curies":[{"name":"wp","href":"https:\/\/api.w.org\/{rel}","templated":true}]}}