





{"id":65656,"date":"2023-11-20T12:48:07","date_gmt":"2023-11-20T11:48:07","guid":{"rendered":"https:\/\/repliquemangacine.fr\/?post_type=product&#038;p=65656"},"modified":"2026-04-21T19:29:10","modified_gmt":"2026-04-21T17:29:10","slug":"katana-von-yami-in-black-clover","status":"publish","type":"product","link":"https:\/\/repliquemangacine.fr\/de\/katana-et-epee-de-manga-anime-autre-manga\/katana-de-yami-dans-black-clover\/","title":{"rendered":"Yamis Katana in Black Clover"},"content":{"rendered":"<h2>Yamis Katana in Black Clover<\/h2>\n<p>Zun\u00e4chst einmal ist Yamis Katana in Black Clover, ein Schl\u00fcsselelement der Handlung, nicht nur ein Kampfwerkzeug. Yami nutzt es, um seine m\u00e4chtige Dunkelheitsmagie zu kanalisieren.,<br \/>\nDadurch kann er die Magie selbst zerschneiden, eine seltene F\u00e4higkeit in dieser magischen Welt.<\/p>\n<p>Die Figur von <a href=\"https:\/\/blackclover.fandom.com\/fr\/wiki\/Yami_Sukehiro\" target=\"_blank\" rel=\"noopener noreferrer\">Yami Sukehiro<\/a> zeichnet sich durch seine beeindruckende Beherrschung des Kenjutsu und den Besitz eines einzigartigen Katana aus.<\/p>\n<p>Dieses Schwert ist mehr als nur eine Waffe, es ist ein Symbol f\u00fcr seine St\u00e4rke und Entschlossenheit. Yami stammt aus einem fernen Land und verleiht dem Spiel mit seinem Kampfstil und seinem charakteristischen Katana einen exotischen Touch.<\/p>\n<h3>Yamis Legend\u00e4res Schwert in \"Black Clover<\/h3>\n<p>Yamis Katana mit seiner dunklen Klinge und seiner geheimnisvollen Aura stellt die Verschmelzung der traditionellen japanischen Kultur mit der fantastischen Welt von \"Black Clover\" dar und macht Yami zu einem faszinierenden und unvergesslichen Charakter.<\/p>\n<h2>Ihr Katana von Yami: Bestes Preis-Leistungs-Verh\u00e4ltnis<\/h2>\n<p>Die Welt von \u201cBlack Clover\u201d ist voller faszinierender Symbole, aber nur wenige sind so emblematisch wie das Katana von Yami Sukehiro. Diese Waffe, die die Kraft und Geschicklichkeit ihres Besitzers verk\u00f6rpert, ist f\u00fcr Fans des Mangas zu einem begehrten Objekt geworden.<\/p>\n<p>Diese dem Originaldesign getreue Nachbildung bietet ein hervorragendes Preis-Leistungs-Verh\u00e4ltnis. Hergestellt aus hochwertigen Materialien, die Langlebigkeit und Manga-Treue garantieren.<\/p>\n<h3>Die universelle Anziehungskraft von Katanas in Mangas<\/h3>\n<p>Katanas haben einen besonderen Platz im Herzen von Manga- und Anime-Fans. Diese Schwerter, die oft mit viel Liebe zum Detail dargestellt werden, sind mehr als nur Waffen.<\/p>\n<p>Sie sind eine Erweiterung der Figuren selbst. Aus \u201d <a href=\"https:\/\/repliquemangacine.fr\/de\/katana-aus-metall-one-piece\/katana-schwert-wado-ichimonji-schwert-des-zoro\/\">Zoros Schwert Wado Ichimonji<\/a> in One Piece\" bis hin zu dem der<a href=\"https:\/\/repliquemangacine.fr\/de\/naruto-katana\/schwert-kusanagi-sasuke-naruto\/\">Sasukes Kusanagi-Schwert<\/a> in Naruto\", \u00fcbrigens erz\u00e4hlt jedes Katana eine Geschichte, die die Pers\u00f6nlichkeit und die Entwicklung seines Tr\u00e4gers widerspiegelt.<\/p>\n<h2>Wie pflegt man die Klinge seines Katanas?<\/h2>\n<p>Zun\u00e4chst einmal werden Katanas f\u00fcr Sammlungen und Dekorationen auf vereinfachte Weise hergestellt und zusammengesetzt. Da sie zu Dekorationszwecken verwendet werden, verf\u00fcgen sie nicht \u00fcber die Sicherheitsmerkmale, die ein japanisches Schwert f\u00fcr das Training aufweisen muss. Dennoch ist Ihr <strong>Katana von Yami in Black Clover<\/strong> zu einer Stahlklinge, die gepflegt werden muss, damit sie mit der Zeit nicht besch\u00e4digt wird.<\/p>\n<p>Wenn Sie Ihr Katana ausstellen, werden Ihre Freunde neugierig sein, die Klinge zu sehen und anzufassen. Hier ist Vorsicht geboten, denn die S\u00e4ure der Finger ist f\u00fcr Stahl jeder Qualit\u00e4t sehr sch\u00e4dlich.<\/p>\n<p>Sollte dies dennoch passieren, keine Panik, Sie brauchen nur ein mit etwas \u00d6l befeuchtetes Tuch und wischen die Fingerabdr\u00fccke ab. Auf diese Weise bleibt Ihr Schwert sehr lange erhalten.<\/p>","protected":false},"excerpt":{"rendered":"<p>Wundersch\u00f6ne Replik von Yami Sukehiros Katana aus Black Clover<\/p>\n<ul>\n<li>Klinge aus Zwei-Ton-Stahl<\/li>\n<li>Griff aus Rochenhautimitat mit schwarzem Baumwollgeflecht \u00fcberzogen<\/li>\n<li>Speziell geformter Vollstahlschutz<\/li>\n<li>Holzscheide schwarz<\/li>\n<li>Gesamtl\u00e4nge: 103 cm<\/li>\n<\/ul>","protected":false},"featured_media":65658,"template":"","meta":[],"product_brand":[896],"product_cat":[65,23],"product_tag":[],"class_list":{"0":"post-65656","1":"product","2":"type-product","3":"status-publish","4":"has-post-thumbnail","6":"product_brand-replique-manga-cine","7":"product_cat-katana-et-epee-de-manga-anime-autre-manga","8":"product_cat-repliques-manga-jeux-video","10":"first","11":"outofstock","12":"taxable","13":"shipping-taxable","14":"purchasable","15":"product-type-simple"},"yoast_head":"<!-- This site is optimized with the Yoast SEO plugin v27.5 - https:\/\/yoast.com\/product\/yoast-seo-wordpress\/ -->\n<title>Katana de Yami dans Black Clover - Vente Katana Manga | RMC<\/title>\n<meta name=\"description\" content=\"D\u00e9couvrez le Katana de Yami dans Black Clover au meilleur prix. Lame en acier deux tons. Garde en acier plein de forme sp\u00e9cifique. Longueur totale : 103 cm\" \/>\n<meta name=\"robots\" content=\"index, follow, max-snippet:-1, max-image-preview:large, max-video-preview:-1\" \/>\n<link rel=\"canonical\" href=\"https:\/\/repliquemangacine.fr\/de\/katana-und-schwert-von-manga-anime-andere-manga\/katana-von-yami-in-black-clover\/\" \/>\n<meta property=\"og:locale\" content=\"de_DE\" \/>\n<meta property=\"og:type\" content=\"article\" \/>\n<meta property=\"og:title\" content=\"Katana de Yami dans Black Clover - Vente Katana Manga | RMC\" \/>\n<meta property=\"og:description\" content=\"D\u00e9couvrez le Katana de Yami dans Black Clover au meilleur prix. Lame en acier deux tons. Garde en acier plein de forme sp\u00e9cifique. Longueur totale : 103 cm\" \/>\n<meta property=\"og:url\" content=\"https:\/\/repliquemangacine.fr\/de\/katana-und-schwert-von-manga-anime-andere-manga\/katana-von-yami-in-black-clover\/\" \/>\n<meta property=\"og:site_name\" content=\"R\u00e9plique Manga Cin\u00e9\" \/>\n<meta property=\"article:publisher\" content=\"https:\/\/www.facebook.com\/RepliqueMangaCine\" \/>\n<meta property=\"article:modified_time\" content=\"2026-04-21T17:29:10+00:00\" \/>\n<meta property=\"og:image\" content=\"https:\/\/repliquemangacine.fr\/wp-content\/uploads\/2023\/11\/Katana-Yami-Black-Clover-lame.jpg\" \/>\n\t<meta property=\"og:image:width\" content=\"500\" \/>\n\t<meta property=\"og:image:height\" content=\"500\" \/>\n\t<meta property=\"og:image:type\" content=\"image\/jpeg\" \/>\n<meta name=\"twitter:card\" content=\"summary_large_image\" \/>\n<meta name=\"twitter:label1\" content=\"Gesch\u00e4tzte Lesezeit\" \/>\n\t<meta name=\"twitter:data1\" content=\"3\u00a0Minuten\" \/>\n<script type=\"application\/ld+json\" class=\"yoast-schema-graph\">{\"@context\":\"https:\\\/\\\/schema.org\",\"@graph\":[{\"@type\":\"WebPage\",\"@id\":\"https:\\\/\\\/repliquemangacine.fr\\\/katana-et-epee-de-manga-anime-autre-manga\\\/katana-de-yami-dans-black-clover\\\/\",\"url\":\"https:\\\/\\\/repliquemangacine.fr\\\/katana-et-epee-de-manga-anime-autre-manga\\\/katana-de-yami-dans-black-clover\\\/\",\"name\":\"Katana de Yami dans Black Clover - Vente Katana Manga | RMC\",\"isPartOf\":{\"@id\":\"https:\\\/\\\/repliquemangacine.fr\\\/#website\"},\"primaryImageOfPage\":{\"@id\":\"https:\\\/\\\/repliquemangacine.fr\\\/katana-et-epee-de-manga-anime-autre-manga\\\/katana-de-yami-dans-black-clover\\\/#primaryimage\"},\"image\":{\"@id\":\"https:\\\/\\\/repliquemangacine.fr\\\/katana-et-epee-de-manga-anime-autre-manga\\\/katana-de-yami-dans-black-clover\\\/#primaryimage\"},\"thumbnailUrl\":\"https:\\\/\\\/repliquemangacine.fr\\\/wp-content\\\/uploads\\\/2023\\\/11\\\/Katana-Yami-Black-Clover-lame.jpg\",\"datePublished\":\"2023-11-20T11:48:07+00:00\",\"dateModified\":\"2026-04-21T17:29:10+00:00\",\"description\":\"D\u00e9couvrez le Katana de Yami dans Black Clover au meilleur prix. Lame en acier deux tons. Garde en acier plein de forme sp\u00e9cifique. Longueur totale : 103 cm\",\"breadcrumb\":{\"@id\":\"https:\\\/\\\/repliquemangacine.fr\\\/katana-et-epee-de-manga-anime-autre-manga\\\/katana-de-yami-dans-black-clover\\\/#breadcrumb\"},\"inLanguage\":\"de\",\"potentialAction\":[{\"@type\":\"ReadAction\",\"target\":[\"https:\\\/\\\/repliquemangacine.fr\\\/katana-et-epee-de-manga-anime-autre-manga\\\/katana-de-yami-dans-black-clover\\\/\"]}]},{\"@type\":\"ImageObject\",\"inLanguage\":\"de\",\"@id\":\"https:\\\/\\\/repliquemangacine.fr\\\/katana-et-epee-de-manga-anime-autre-manga\\\/katana-de-yami-dans-black-clover\\\/#primaryimage\",\"url\":\"https:\\\/\\\/repliquemangacine.fr\\\/wp-content\\\/uploads\\\/2023\\\/11\\\/Katana-Yami-Black-Clover-lame.jpg\",\"contentUrl\":\"https:\\\/\\\/repliquemangacine.fr\\\/wp-content\\\/uploads\\\/2023\\\/11\\\/Katana-Yami-Black-Clover-lame.jpg\",\"width\":500,\"height\":500,\"caption\":\"Katana de Yami dans Black Clover\"},{\"@type\":\"BreadcrumbList\",\"@id\":\"https:\\\/\\\/repliquemangacine.fr\\\/katana-et-epee-de-manga-anime-autre-manga\\\/katana-de-yami-dans-black-clover\\\/#breadcrumb\",\"itemListElement\":[{\"@type\":\"ListItem\",\"position\":1,\"name\":\"Accueil\",\"item\":\"https:\\\/\\\/repliquemangacine.fr\\\/\"},{\"@type\":\"ListItem\",\"position\":2,\"name\":\"Produits\",\"item\":\"https:\\\/\\\/repliquemangacine.fr\\\/boutique\\\/\"},{\"@type\":\"ListItem\",\"position\":3,\"name\":\"Katana de Yami dans Black Clover\"}]},{\"@type\":\"WebSite\",\"@id\":\"https:\\\/\\\/repliquemangacine.fr\\\/#website\",\"url\":\"https:\\\/\\\/repliquemangacine.fr\\\/\",\"name\":\"R\u00e9plique Manga Cin\u00e9\",\"description\":\"\",\"publisher\":{\"@id\":\"https:\\\/\\\/repliquemangacine.fr\\\/#organization\"},\"potentialAction\":[{\"@type\":\"SearchAction\",\"target\":{\"@type\":\"EntryPoint\",\"urlTemplate\":\"https:\\\/\\\/repliquemangacine.fr\\\/?s={search_term_string}\"},\"query-input\":{\"@type\":\"PropertyValueSpecification\",\"valueRequired\":true,\"valueName\":\"search_term_string\"}}],\"inLanguage\":\"de\"},{\"@type\":\"Organization\",\"@id\":\"https:\\\/\\\/repliquemangacine.fr\\\/#organization\",\"name\":\"R\u00e9plique Manga Cin\u00e9\",\"url\":\"https:\\\/\\\/repliquemangacine.fr\\\/\",\"logo\":{\"@type\":\"ImageObject\",\"inLanguage\":\"de\",\"@id\":\"https:\\\/\\\/repliquemangacine.fr\\\/#\\\/schema\\\/logo\\\/image\\\/\",\"url\":\"https:\\\/\\\/repliquemangacine.fr\\\/wp-content\\\/uploads\\\/2023\\\/10\\\/RMC-500250.png\",\"contentUrl\":\"https:\\\/\\\/repliquemangacine.fr\\\/wp-content\\\/uploads\\\/2023\\\/10\\\/RMC-500250.png\",\"width\":500,\"height\":250,\"caption\":\"R\u00e9plique Manga Cin\u00e9\"},\"image\":{\"@id\":\"https:\\\/\\\/repliquemangacine.fr\\\/#\\\/schema\\\/logo\\\/image\\\/\"},\"sameAs\":[\"https:\\\/\\\/www.facebook.com\\\/RepliqueMangaCine\",\"https:\\\/\\\/www.instagram.com\\\/repliquemangacine.fr\\\/\"]}]}<\/script>\n<!-- \/ Yoast SEO plugin. -->","yoast_head_json":{"title":"Yamis Katana in Black Clover - Manga Katana Verkauf | RMC","description":"Entdecken Sie das Katana von Yami in Black Clover zum besten Preis. Klinge aus zweifarbigem Stahl. Speziell geformter Vollstahlb\u00fcgel. Gesamtl\u00e4nge: 103 cm","robots":{"index":"index","follow":"follow","max-snippet":"max-snippet:-1","max-image-preview":"max-image-preview:large","max-video-preview":"max-video-preview:-1"},"canonical":"https:\/\/repliquemangacine.fr\/de\/katana-und-schwert-von-manga-anime-andere-manga\/katana-von-yami-in-black-clover\/","og_locale":"de_DE","og_type":"article","og_title":"Katana de Yami dans Black Clover - Vente Katana Manga | RMC","og_description":"D\u00e9couvrez le Katana de Yami dans Black Clover au meilleur prix. Lame en acier deux tons. Garde en acier plein de forme sp\u00e9cifique. Longueur totale : 103 cm","og_url":"https:\/\/repliquemangacine.fr\/de\/katana-und-schwert-von-manga-anime-andere-manga\/katana-von-yami-in-black-clover\/","og_site_name":"R\u00e9plique Manga Cin\u00e9","article_publisher":"https:\/\/www.facebook.com\/RepliqueMangaCine","article_modified_time":"2026-04-21T17:29:10+00:00","og_image":[{"width":500,"height":500,"url":"https:\/\/repliquemangacine.fr\/wp-content\/uploads\/2023\/11\/Katana-Yami-Black-Clover-lame.jpg","type":"image\/jpeg"}],"twitter_card":"summary_large_image","twitter_misc":{"Gesch\u00e4tzte Lesezeit":"3\u00a0Minuten"},"schema":{"@context":"https:\/\/schema.org","@graph":[{"@type":"WebPage","@id":"https:\/\/repliquemangacine.fr\/katana-et-epee-de-manga-anime-autre-manga\/katana-de-yami-dans-black-clover\/","url":"https:\/\/repliquemangacine.fr\/katana-et-epee-de-manga-anime-autre-manga\/katana-de-yami-dans-black-clover\/","name":"Yamis Katana in Black Clover - Manga Katana Verkauf | RMC","isPartOf":{"@id":"https:\/\/repliquemangacine.fr\/#website"},"primaryImageOfPage":{"@id":"https:\/\/repliquemangacine.fr\/katana-et-epee-de-manga-anime-autre-manga\/katana-de-yami-dans-black-clover\/#primaryimage"},"image":{"@id":"https:\/\/repliquemangacine.fr\/katana-et-epee-de-manga-anime-autre-manga\/katana-de-yami-dans-black-clover\/#primaryimage"},"thumbnailUrl":"https:\/\/repliquemangacine.fr\/wp-content\/uploads\/2023\/11\/Katana-Yami-Black-Clover-lame.jpg","datePublished":"2023-11-20T11:48:07+00:00","dateModified":"2026-04-21T17:29:10+00:00","description":"Entdecken Sie das Katana von Yami in Black Clover zum besten Preis. Klinge aus zweifarbigem Stahl. Speziell geformter Vollstahlb\u00fcgel. Gesamtl\u00e4nge: 103 cm","breadcrumb":{"@id":"https:\/\/repliquemangacine.fr\/katana-et-epee-de-manga-anime-autre-manga\/katana-de-yami-dans-black-clover\/#breadcrumb"},"inLanguage":"de","potentialAction":[{"@type":"ReadAction","target":["https:\/\/repliquemangacine.fr\/katana-et-epee-de-manga-anime-autre-manga\/katana-de-yami-dans-black-clover\/"]}]},{"@type":"ImageObject","inLanguage":"de","@id":"https:\/\/repliquemangacine.fr\/katana-et-epee-de-manga-anime-autre-manga\/katana-de-yami-dans-black-clover\/#primaryimage","url":"https:\/\/repliquemangacine.fr\/wp-content\/uploads\/2023\/11\/Katana-Yami-Black-Clover-lame.jpg","contentUrl":"https:\/\/repliquemangacine.fr\/wp-content\/uploads\/2023\/11\/Katana-Yami-Black-Clover-lame.jpg","width":500,"height":500,"caption":"Katana de Yami dans Black Clover"},{"@type":"BreadcrumbList","@id":"https:\/\/repliquemangacine.fr\/katana-et-epee-de-manga-anime-autre-manga\/katana-de-yami-dans-black-clover\/#breadcrumb","itemListElement":[{"@type":"ListItem","position":1,"name":"Accueil","item":"https:\/\/repliquemangacine.fr\/"},{"@type":"ListItem","position":2,"name":"Produits","item":"https:\/\/repliquemangacine.fr\/boutique\/"},{"@type":"ListItem","position":3,"name":"Katana de Yami dans Black Clover"}]},{"@type":"WebSite","@id":"https:\/\/repliquemangacine.fr\/#website","url":"https:\/\/repliquemangacine.fr\/","name":"R\u00e9plique Manga Cin\u00e9","description":"","publisher":{"@id":"https:\/\/repliquemangacine.fr\/#organization"},"potentialAction":[{"@type":"SearchAction","target":{"@type":"EntryPoint","urlTemplate":"https:\/\/repliquemangacine.fr\/?s={search_term_string}"},"query-input":{"@type":"PropertyValueSpecification","valueRequired":true,"valueName":"search_term_string"}}],"inLanguage":"de"},{"@type":"Organization","@id":"https:\/\/repliquemangacine.fr\/#organization","name":"R\u00e9plique Manga Cin\u00e9","url":"https:\/\/repliquemangacine.fr\/","logo":{"@type":"ImageObject","inLanguage":"de","@id":"https:\/\/repliquemangacine.fr\/#\/schema\/logo\/image\/","url":"https:\/\/repliquemangacine.fr\/wp-content\/uploads\/2023\/10\/RMC-500250.png","contentUrl":"https:\/\/repliquemangacine.fr\/wp-content\/uploads\/2023\/10\/RMC-500250.png","width":500,"height":250,"caption":"R\u00e9plique Manga Cin\u00e9"},"image":{"@id":"https:\/\/repliquemangacine.fr\/#\/schema\/logo\/image\/"},"sameAs":["https:\/\/www.facebook.com\/RepliqueMangaCine","https:\/\/www.instagram.com\/repliquemangacine.fr\/"]}]}},"_links":{"self":[{"href":"https:\/\/repliquemangacine.fr\/de\/wp-json\/wp\/v2\/product\/65656","targetHints":{"allow":["GET"]}}],"collection":[{"href":"https:\/\/repliquemangacine.fr\/de\/wp-json\/wp\/v2\/product"}],"about":[{"href":"https:\/\/repliquemangacine.fr\/de\/wp-json\/wp\/v2\/types\/product"}],"wp:featuredmedia":[{"embeddable":true,"href":"https:\/\/repliquemangacine.fr\/de\/wp-json\/wp\/v2\/media\/65658"}],"wp:attachment":[{"href":"https:\/\/repliquemangacine.fr\/de\/wp-json\/wp\/v2\/media?parent=65656"}],"wp:term":[{"taxonomy":"product_brand","embeddable":true,"href":"https:\/\/repliquemangacine.fr\/de\/wp-json\/wp\/v2\/product_brand?post=65656"},{"taxonomy":"product_cat","embeddable":true,"href":"https:\/\/repliquemangacine.fr\/de\/wp-json\/wp\/v2\/product_cat?post=65656"},{"taxonomy":"product_tag","embeddable":true,"href":"https:\/\/repliquemangacine.fr\/de\/wp-json\/wp\/v2\/product_tag?post=65656"}],"curies":[{"name":"wp","href":"https:\/\/api.w.org\/{rel}","templated":true}]}}