





{"id":65630,"date":"2023-11-19T18:24:19","date_gmt":"2023-11-19T17:24:19","guid":{"rendered":"https:\/\/repliquemangacine.fr\/?post_type=product&#038;p=65630"},"modified":"2026-02-18T20:35:18","modified_gmt":"2026-02-18T19:35:18","slug":"holzstander-napoleon","status":"publish","type":"product","link":"https:\/\/repliquemangacine.fr\/de\/repliques-darmes-napoleon\/support-en-bois-napoleon\/","title":{"rendered":"Holzst\u00e4nder Napoleon"},"content":{"rendered":"<h2>Holzst\u00e4nder Napoleon - Denix<\/h2>\n<p>F\u00fcr den Anfang ist der Holzst\u00e4nder Napoleon unerl\u00e4sslich f\u00fcr eine sch\u00f6ne Pr\u00e4sentation Ihrer Waffen. Denix bietet uns hier eine originelle Idee f\u00fcr einen St\u00e4nder, der einfach zusammengesteckt werden kann, ohne N\u00e4gel oder Schrauben.<\/p>\n<p>Mit diesem kleinen Objekt k\u00f6nnen Sie alle Ihre Colts und Pistolen sowie Ihre Schwerter und Dolche kosteng\u00fcnstig ausstellen. Denix ist ein weltweit bekanntes spanisches Unternehmen, das Reproduktionen von historischen Waffen verkauft.<\/p>\n<p>\u00dcbrigens, seit \u00fcber 50 Jahren Marktf\u00fchrer auf seinem Gebiet, exportiert er in \u00fcber 40 L\u00e4nder, mit einem gro\u00dfen Netz von Vertriebspartnern, zu denen wir zur Freude aller geh\u00f6ren. Besonders hervorzuheben ist, dass alle historischen Epochen in ihrem Katalog vertreten sind:<\/p>\n<ul>\n<li>Die Antike und ihre Schwerter<\/li>\n<li>Mittelalter und seine Schwerter<\/li>\n<li><a href=\"https:\/\/repliquemangacine.fr\/de\/erstes-kaiserreich\/\">Napoleonische Epoche<\/a> mit ihren Gewehren, Pistolen und S\u00e4beln<\/li>\n<li>Der Western und seine Colts und Winchester<\/li>\n<li>Der 2\u1d49 Weltkrieg und seine <a href=\"https:\/\/repliquemangacine.fr\/de\/waffenreproduktionen-zweiter-weltkrieg-denix\/\">D-Day-Waffen<\/a><\/li>\n<\/ul>\n<h2>Ihre Denix-Waffenrepliken zum besten Preis.<\/h2>\n<p>Wir bieten Ihnen eine sehr gro\u00dfe Auswahl an Reproduktionen von Waffen der Marke <a href=\"https:\/\/www.denix.fr\/\" target=\"_blank\" rel=\"noopener noreferrer\">Denix<\/a>.<\/p>\n<p>Zun\u00e4chst einmal,<\/p>\n<ul>\n<li>Repliken aus der Antike wie das Gladius von Julius C\u00e4sar mit bemerkenswerten Endbearbeitungen.<\/li>\n<li>Es gibt auch die Westernzeit mit den Winchesters und den Cowboy Colts<\/li>\n<li>Sowie die antike und mittelalterliche Zeit wie das Schwert Excalibur von K\u00f6nig Artus<\/li>\n<li>Zum Abschluss des Zweiten Weltkriegs mit allen f\u00fcr den D-Day verwendeten Waffen<\/li>\n<li>Und, noch viel mehr zu entdecken in unserem Online-Shop!<\/li>\n<\/ul>\n<p>Deshalb sind dies gro\u00dfartige Geschenkideen f\u00fcr alle Geschichtsinteressierten. Schlie\u00dflich k\u00f6nnen Sie diesen Colthalter aus Holz als Dekoration und zur Ausstellung Ihrer Sammlerwaffen verwenden.<\/p>\n<p>R\u00e9plique Manga Cin\u00e9 ist ein franz\u00f6sisches Familienunternehmen und offizieller Vertriebspartner der Marke Denix.<\/p>\n<h2>Napoleon Holzst\u00e4nder: Feiern Sie den Kinostart von Ridley Scotts Film<\/h2>\n<p>Anl\u00e4sslich der Ver\u00f6ffentlichung von Ridley Scotts neuem Filmepos sind wir stolz darauf, den Napoleon-Holzst\u00e4nder zu pr\u00e4sentieren.<\/p>\n<p>Speziell f\u00fcr Liebhaber der napoleonischen Geschichte entworfen. Mit Sorgfalt und Pr\u00e4zision hergestellt, perfekt, um Ihre Repliken napoleonischer Waffen zur Geltung zu bringen,<br \/>\negal ob es sich dabei um Schwerter, Dolche oder Gewehre handelt.<\/p>\n<h3>Eine Hommage an Napoleons Milit\u00e4ringenieurwesen<\/h3>\n<p>Entwickelt, um die Sch\u00f6nheit Ihrer Sammlung zu erg\u00e4nzen und hervorzuheben. Inspiriert vom milit\u00e4rischen Genie und der \u00c4sthetik der napoleonischen \u00c4ra. Hergestellt aus hochwertigen Materialien, die Haltbarkeit und Eleganz garantieren. Es bietet nicht nur eine sichere und attraktive M\u00f6glichkeit, Ihre Repliken zu pr\u00e4sentieren, sondern sind auch eine Hommage an eine der ikonischsten Figuren der Geschichte.<\/p>\n<p>Fazit: Nutzen Sie diese einmalige Gelegenheit, um Ihre Sammlung mit einem Accessoire zu erweitern, das des gro\u00dfen Napoleon w\u00fcrdig ist.<\/p>\n<p>&nbsp;<\/p>","protected":false},"excerpt":{"rendered":"<p>Wundersch\u00f6ner Holzst\u00e4nder mit Kronenemblem, der von Denix speziell f\u00fcr den Kinostart von Ridley Scotts Film \"Napoleon\" angefertigt wurde.<\/p>\n<ul>\n<li>Alles aus lackiertem Holz<\/li>\n<li>Emblem aus fein verziertem Metall<\/li>\n<li>Einfaches Verlegen durch Zusammenstecken<\/li>\n<\/ul>","protected":false},"featured_media":65631,"template":"","meta":[],"product_brand":[896],"product_cat":[55,52,833],"product_tag":[],"class_list":{"0":"post-65630","1":"product","2":"type-product","3":"status-publish","4":"has-post-thumbnail","6":"product_brand-replique-manga-cine","7":"product_cat-fusil-ancien","8":"product_cat-pistolet-ancien","9":"product_cat-repliques-darmes-napoleon","11":"first","12":"outofstock","13":"taxable","14":"shipping-taxable","15":"purchasable","16":"product-type-simple"},"yoast_head":"<!-- This site is optimized with the Yoast SEO plugin v27.5 - https:\/\/yoast.com\/product\/yoast-seo-wordpress\/ -->\n<title>Support en bois Napol\u00e9on - R\u00e9pliques et accessoires Denix | R\u00e9plique Manga Cin\u00e9<\/title>\n<meta name=\"description\" content=\"D\u00e9couvrez ce magnifique Support en bois Napol\u00e9on avec son embl\u00e8me de la couronne en m\u00e9tal finement d\u00e9cor\u00e9. Support tout en bois \u00e0 emboiter\" \/>\n<meta name=\"robots\" content=\"index, follow, max-snippet:-1, max-image-preview:large, max-video-preview:-1\" \/>\n<link rel=\"canonical\" href=\"https:\/\/repliquemangacine.fr\/de\/repliken-darmen-napoleon\/holzstander-napoleon\/\" \/>\n<meta property=\"og:locale\" content=\"de_DE\" \/>\n<meta property=\"og:type\" content=\"article\" \/>\n<meta property=\"og:title\" content=\"Support en bois Napol\u00e9on - R\u00e9pliques et accessoires Denix | R\u00e9plique Manga Cin\u00e9\" \/>\n<meta property=\"og:description\" content=\"D\u00e9couvrez ce magnifique Support en bois Napol\u00e9on avec son embl\u00e8me de la couronne en m\u00e9tal finement d\u00e9cor\u00e9. Support tout en bois \u00e0 emboiter\" \/>\n<meta property=\"og:url\" content=\"https:\/\/repliquemangacine.fr\/de\/repliken-darmen-napoleon\/holzstander-napoleon\/\" \/>\n<meta property=\"og:site_name\" content=\"R\u00e9plique Manga Cin\u00e9\" \/>\n<meta property=\"article:publisher\" content=\"https:\/\/www.facebook.com\/RepliqueMangaCine\" \/>\n<meta property=\"article:modified_time\" content=\"2026-02-18T19:35:18+00:00\" \/>\n<meta property=\"og:image\" content=\"https:\/\/repliquemangacine.fr\/wp-content\/uploads\/2023\/11\/Support-bois-Napoleon.jpg\" \/>\n\t<meta property=\"og:image:width\" content=\"500\" \/>\n\t<meta property=\"og:image:height\" content=\"500\" \/>\n\t<meta property=\"og:image:type\" content=\"image\/jpeg\" \/>\n<meta name=\"twitter:card\" content=\"summary_large_image\" \/>\n<meta name=\"twitter:label1\" content=\"Gesch\u00e4tzte Lesezeit\" \/>\n\t<meta name=\"twitter:data1\" content=\"3\u00a0Minuten\" \/>\n<script type=\"application\/ld+json\" class=\"yoast-schema-graph\">{\"@context\":\"https:\\\/\\\/schema.org\",\"@graph\":[{\"@type\":\"WebPage\",\"@id\":\"https:\\\/\\\/repliquemangacine.fr\\\/repliques-darmes-napoleon\\\/support-en-bois-napoleon\\\/\",\"url\":\"https:\\\/\\\/repliquemangacine.fr\\\/repliques-darmes-napoleon\\\/support-en-bois-napoleon\\\/\",\"name\":\"Support en bois Napol\u00e9on - R\u00e9pliques et accessoires Denix | R\u00e9plique Manga Cin\u00e9\",\"isPartOf\":{\"@id\":\"https:\\\/\\\/repliquemangacine.fr\\\/#website\"},\"primaryImageOfPage\":{\"@id\":\"https:\\\/\\\/repliquemangacine.fr\\\/repliques-darmes-napoleon\\\/support-en-bois-napoleon\\\/#primaryimage\"},\"image\":{\"@id\":\"https:\\\/\\\/repliquemangacine.fr\\\/repliques-darmes-napoleon\\\/support-en-bois-napoleon\\\/#primaryimage\"},\"thumbnailUrl\":\"https:\\\/\\\/repliquemangacine.fr\\\/wp-content\\\/uploads\\\/2023\\\/11\\\/Support-bois-Napoleon.jpg\",\"datePublished\":\"2023-11-19T17:24:19+00:00\",\"dateModified\":\"2026-02-18T19:35:18+00:00\",\"description\":\"D\u00e9couvrez ce magnifique Support en bois Napol\u00e9on avec son embl\u00e8me de la couronne en m\u00e9tal finement d\u00e9cor\u00e9. Support tout en bois \u00e0 emboiter\",\"breadcrumb\":{\"@id\":\"https:\\\/\\\/repliquemangacine.fr\\\/repliques-darmes-napoleon\\\/support-en-bois-napoleon\\\/#breadcrumb\"},\"inLanguage\":\"de\",\"potentialAction\":[{\"@type\":\"ReadAction\",\"target\":[\"https:\\\/\\\/repliquemangacine.fr\\\/repliques-darmes-napoleon\\\/support-en-bois-napoleon\\\/\"]}]},{\"@type\":\"ImageObject\",\"inLanguage\":\"de\",\"@id\":\"https:\\\/\\\/repliquemangacine.fr\\\/repliques-darmes-napoleon\\\/support-en-bois-napoleon\\\/#primaryimage\",\"url\":\"https:\\\/\\\/repliquemangacine.fr\\\/wp-content\\\/uploads\\\/2023\\\/11\\\/Support-bois-Napoleon.jpg\",\"contentUrl\":\"https:\\\/\\\/repliquemangacine.fr\\\/wp-content\\\/uploads\\\/2023\\\/11\\\/Support-bois-Napoleon.jpg\",\"width\":500,\"height\":500,\"caption\":\"Support en bois Napol\u00e9on\"},{\"@type\":\"BreadcrumbList\",\"@id\":\"https:\\\/\\\/repliquemangacine.fr\\\/repliques-darmes-napoleon\\\/support-en-bois-napoleon\\\/#breadcrumb\",\"itemListElement\":[{\"@type\":\"ListItem\",\"position\":1,\"name\":\"Accueil\",\"item\":\"https:\\\/\\\/repliquemangacine.fr\\\/\"},{\"@type\":\"ListItem\",\"position\":2,\"name\":\"Produits\",\"item\":\"https:\\\/\\\/repliquemangacine.fr\\\/boutique\\\/\"},{\"@type\":\"ListItem\",\"position\":3,\"name\":\"Support en bois Napol\u00e9on\"}]},{\"@type\":\"WebSite\",\"@id\":\"https:\\\/\\\/repliquemangacine.fr\\\/#website\",\"url\":\"https:\\\/\\\/repliquemangacine.fr\\\/\",\"name\":\"R\u00e9plique Manga Cin\u00e9\",\"description\":\"\",\"publisher\":{\"@id\":\"https:\\\/\\\/repliquemangacine.fr\\\/#organization\"},\"potentialAction\":[{\"@type\":\"SearchAction\",\"target\":{\"@type\":\"EntryPoint\",\"urlTemplate\":\"https:\\\/\\\/repliquemangacine.fr\\\/?s={search_term_string}\"},\"query-input\":{\"@type\":\"PropertyValueSpecification\",\"valueRequired\":true,\"valueName\":\"search_term_string\"}}],\"inLanguage\":\"de\"},{\"@type\":\"Organization\",\"@id\":\"https:\\\/\\\/repliquemangacine.fr\\\/#organization\",\"name\":\"R\u00e9plique Manga Cin\u00e9\",\"url\":\"https:\\\/\\\/repliquemangacine.fr\\\/\",\"logo\":{\"@type\":\"ImageObject\",\"inLanguage\":\"de\",\"@id\":\"https:\\\/\\\/repliquemangacine.fr\\\/#\\\/schema\\\/logo\\\/image\\\/\",\"url\":\"https:\\\/\\\/repliquemangacine.fr\\\/wp-content\\\/uploads\\\/2023\\\/10\\\/RMC-500250.png\",\"contentUrl\":\"https:\\\/\\\/repliquemangacine.fr\\\/wp-content\\\/uploads\\\/2023\\\/10\\\/RMC-500250.png\",\"width\":500,\"height\":250,\"caption\":\"R\u00e9plique Manga Cin\u00e9\"},\"image\":{\"@id\":\"https:\\\/\\\/repliquemangacine.fr\\\/#\\\/schema\\\/logo\\\/image\\\/\"},\"sameAs\":[\"https:\\\/\\\/www.facebook.com\\\/RepliqueMangaCine\",\"https:\\\/\\\/www.instagram.com\\\/repliquemangacine.fr\\\/\"]}]}<\/script>\n<!-- \/ Yoast SEO plugin. -->","yoast_head_json":{"title":"Napoleon Holzst\u00e4nder - Repliken und Zubeh\u00f6r von Denix | R\u00e9plique Manga Cin\u00e9","description":"Entdecken Sie diesen wundersch\u00f6nen Napoleon-Holzst\u00e4nder mit dem Emblem der Krone aus fein verziertem Metall. St\u00e4nder ganz aus Holz zum Aufstecken","robots":{"index":"index","follow":"follow","max-snippet":"max-snippet:-1","max-image-preview":"max-image-preview:large","max-video-preview":"max-video-preview:-1"},"canonical":"https:\/\/repliquemangacine.fr\/de\/repliken-darmen-napoleon\/holzstander-napoleon\/","og_locale":"de_DE","og_type":"article","og_title":"Support en bois Napol\u00e9on - R\u00e9pliques et accessoires Denix | R\u00e9plique Manga Cin\u00e9","og_description":"D\u00e9couvrez ce magnifique Support en bois Napol\u00e9on avec son embl\u00e8me de la couronne en m\u00e9tal finement d\u00e9cor\u00e9. Support tout en bois \u00e0 emboiter","og_url":"https:\/\/repliquemangacine.fr\/de\/repliken-darmen-napoleon\/holzstander-napoleon\/","og_site_name":"R\u00e9plique Manga Cin\u00e9","article_publisher":"https:\/\/www.facebook.com\/RepliqueMangaCine","article_modified_time":"2026-02-18T19:35:18+00:00","og_image":[{"width":500,"height":500,"url":"https:\/\/repliquemangacine.fr\/wp-content\/uploads\/2023\/11\/Support-bois-Napoleon.jpg","type":"image\/jpeg"}],"twitter_card":"summary_large_image","twitter_misc":{"Gesch\u00e4tzte Lesezeit":"3\u00a0Minuten"},"schema":{"@context":"https:\/\/schema.org","@graph":[{"@type":"WebPage","@id":"https:\/\/repliquemangacine.fr\/repliques-darmes-napoleon\/support-en-bois-napoleon\/","url":"https:\/\/repliquemangacine.fr\/repliques-darmes-napoleon\/support-en-bois-napoleon\/","name":"Napoleon Holzst\u00e4nder - Repliken und Zubeh\u00f6r von Denix | R\u00e9plique Manga Cin\u00e9","isPartOf":{"@id":"https:\/\/repliquemangacine.fr\/#website"},"primaryImageOfPage":{"@id":"https:\/\/repliquemangacine.fr\/repliques-darmes-napoleon\/support-en-bois-napoleon\/#primaryimage"},"image":{"@id":"https:\/\/repliquemangacine.fr\/repliques-darmes-napoleon\/support-en-bois-napoleon\/#primaryimage"},"thumbnailUrl":"https:\/\/repliquemangacine.fr\/wp-content\/uploads\/2023\/11\/Support-bois-Napoleon.jpg","datePublished":"2023-11-19T17:24:19+00:00","dateModified":"2026-02-18T19:35:18+00:00","description":"Entdecken Sie diesen wundersch\u00f6nen Napoleon-Holzst\u00e4nder mit dem Emblem der Krone aus fein verziertem Metall. St\u00e4nder ganz aus Holz zum Aufstecken","breadcrumb":{"@id":"https:\/\/repliquemangacine.fr\/repliques-darmes-napoleon\/support-en-bois-napoleon\/#breadcrumb"},"inLanguage":"de","potentialAction":[{"@type":"ReadAction","target":["https:\/\/repliquemangacine.fr\/repliques-darmes-napoleon\/support-en-bois-napoleon\/"]}]},{"@type":"ImageObject","inLanguage":"de","@id":"https:\/\/repliquemangacine.fr\/repliques-darmes-napoleon\/support-en-bois-napoleon\/#primaryimage","url":"https:\/\/repliquemangacine.fr\/wp-content\/uploads\/2023\/11\/Support-bois-Napoleon.jpg","contentUrl":"https:\/\/repliquemangacine.fr\/wp-content\/uploads\/2023\/11\/Support-bois-Napoleon.jpg","width":500,"height":500,"caption":"Support en bois Napol\u00e9on"},{"@type":"BreadcrumbList","@id":"https:\/\/repliquemangacine.fr\/repliques-darmes-napoleon\/support-en-bois-napoleon\/#breadcrumb","itemListElement":[{"@type":"ListItem","position":1,"name":"Accueil","item":"https:\/\/repliquemangacine.fr\/"},{"@type":"ListItem","position":2,"name":"Produits","item":"https:\/\/repliquemangacine.fr\/boutique\/"},{"@type":"ListItem","position":3,"name":"Support en bois Napol\u00e9on"}]},{"@type":"WebSite","@id":"https:\/\/repliquemangacine.fr\/#website","url":"https:\/\/repliquemangacine.fr\/","name":"R\u00e9plique Manga Cin\u00e9","description":"","publisher":{"@id":"https:\/\/repliquemangacine.fr\/#organization"},"potentialAction":[{"@type":"SearchAction","target":{"@type":"EntryPoint","urlTemplate":"https:\/\/repliquemangacine.fr\/?s={search_term_string}"},"query-input":{"@type":"PropertyValueSpecification","valueRequired":true,"valueName":"search_term_string"}}],"inLanguage":"de"},{"@type":"Organization","@id":"https:\/\/repliquemangacine.fr\/#organization","name":"R\u00e9plique Manga Cin\u00e9","url":"https:\/\/repliquemangacine.fr\/","logo":{"@type":"ImageObject","inLanguage":"de","@id":"https:\/\/repliquemangacine.fr\/#\/schema\/logo\/image\/","url":"https:\/\/repliquemangacine.fr\/wp-content\/uploads\/2023\/10\/RMC-500250.png","contentUrl":"https:\/\/repliquemangacine.fr\/wp-content\/uploads\/2023\/10\/RMC-500250.png","width":500,"height":250,"caption":"R\u00e9plique Manga Cin\u00e9"},"image":{"@id":"https:\/\/repliquemangacine.fr\/#\/schema\/logo\/image\/"},"sameAs":["https:\/\/www.facebook.com\/RepliqueMangaCine","https:\/\/www.instagram.com\/repliquemangacine.fr\/"]}]}},"_links":{"self":[{"href":"https:\/\/repliquemangacine.fr\/de\/wp-json\/wp\/v2\/product\/65630","targetHints":{"allow":["GET"]}}],"collection":[{"href":"https:\/\/repliquemangacine.fr\/de\/wp-json\/wp\/v2\/product"}],"about":[{"href":"https:\/\/repliquemangacine.fr\/de\/wp-json\/wp\/v2\/types\/product"}],"wp:featuredmedia":[{"embeddable":true,"href":"https:\/\/repliquemangacine.fr\/de\/wp-json\/wp\/v2\/media\/65631"}],"wp:attachment":[{"href":"https:\/\/repliquemangacine.fr\/de\/wp-json\/wp\/v2\/media?parent=65630"}],"wp:term":[{"taxonomy":"product_brand","embeddable":true,"href":"https:\/\/repliquemangacine.fr\/de\/wp-json\/wp\/v2\/product_brand?post=65630"},{"taxonomy":"product_cat","embeddable":true,"href":"https:\/\/repliquemangacine.fr\/de\/wp-json\/wp\/v2\/product_cat?post=65630"},{"taxonomy":"product_tag","embeddable":true,"href":"https:\/\/repliquemangacine.fr\/de\/wp-json\/wp\/v2\/product_tag?post=65630"}],"curies":[{"name":"wp","href":"https:\/\/api.w.org\/{rel}","templated":true}]}}