





{"id":65618,"date":"2023-11-19T17:29:01","date_gmt":"2023-11-19T16:29:01","guid":{"rendered":"https:\/\/repliquemangacine.fr\/?post_type=product&#038;p=65618"},"modified":"2026-03-27T15:05:53","modified_gmt":"2026-03-27T14:05:53","slug":"dolch-der-kronung-napoleons","status":"publish","type":"product","link":"https:\/\/repliquemangacine.fr\/de\/repliques-darmes-napoleon\/dague-du-sacre-de-napoleon\/","title":{"rendered":"Dolch der Kr\u00f6nung Napoleons"},"content":{"rendered":"<h2>Der Kr\u00f6nungsdolch von Napoleon: Ein Symbol f\u00fcr Eleganz und Macht<\/h2>\n<p>Zun\u00e4chst einmal wurde der Kr\u00f6nungsdolch Napoleons, Modell 1809, von Martin-Guillaume Biennais, \"Orf\u00e8vre de sa Majest\u00e9 l'Empereur et Roi \u00e0 Paris\", angefertigt.<br \/>\nSie tr\u00e4gt die kaiserlichen Embleme.<\/p>\n<p>Diese M\u00fcnze, die oft von den ber\u00fchmten Schwertern des Kaisers in den Schatten gestellt wird, hat jedoch ihren eigenen historischen und k\u00fcnstlerischen Wert. Die reich verzierte M\u00fcnze symbolisierte Napoleons Eleganz und Macht.<\/p>\n<h3>Feinheit und Handwerkskunst: Der Zeremoniendolch Napoleon<\/h3>\n<p>Napoleons Dolch war ein Meisterwerk der Handwerkskunst. Der damalige Goldschmied achtete besonders auf Details. Er verzierte den Griff und die Scheide mit Motiven wie<br \/>\nkomplexen.  Sie war nicht nur eine Waffe, sondern ein wahres Kunstwerk, das den Status und den feinen Geschmack des Kaisers repr\u00e4sentierte.<\/p>\n<p>Dieser Dolch Bonapartes stellt mehr als nur eine Waffe dar: Er ist ein Emblem f\u00fcr die Geschichte und die Gr\u00f6\u00dfe der napoleonischen Epoche.<\/p>\n<h2>Denix Napoleonische Waffen: Ein Schatz der Vergangenheit<\/h2>\n<p>Denix bieten ein einzigartiges Fenster in die Vergangenheit, indem sie die Sch\u00f6nheit alter Handwerkskunst mit moderner Pr\u00e4zision verbinden.  Hergestellt von einem der weltweit f\u00fchrenden Hersteller von historischen Waffen, sind au\u00dfergew\u00f6hnliche St\u00fccke f\u00fcr Geschichtsliebhaber und Sammler. Darunter sind einige Beispiele:<\/p>\n<ul>\n<li>Die <a href=\"https:\/\/repliquemangacine.fr\/de\/repliken-darmen-napoleon\/sabel-feuerzeug-infanterie-napoleonischen-1-empire\/\">s\u00e4bel, genannt \"feuerzeug\"<\/a> Napoleonische Infanterie<\/li>\n<li>Es gibt auch den<a href=\"https:\/\/repliquemangacine.fr\/de\/repliken-darmen-napoleon\/kanone-napoleon-1857-burgerkrieg-usa-denix\/\"> Miniaturkanone<\/a> von Napoleon<\/li>\n<li>Sowie das <a href=\"https:\/\/repliquemangacine.fr\/de\/repliken-darmen-napoleon\/charleville-gewehr-modell-1806-mit-bajonett\/\">Gewehr Charleville 1806<\/a> mit seinem Bajonett<\/li>\n<\/ul>\n<p>Es muss betont werden, dass alle seine Repliken, den Reichtum der Geschichte durch minuti\u00f6se Details und eine hohe Qualit\u00e4t der Herstellung widerspiegeln.<\/p>\n<h3>Qualit\u00e4t und Authentizit\u00e4t: Denix zeichnet sich aus<\/h3>\n<p>Schlie\u00dflich ist die Marke <a href=\"https:\/\/www.denix.fr\/\" target=\"_blank\" rel=\"noopener noreferrer\">Denix<\/a> zeichnet sich durch ihre F\u00e4higkeit aus, historische Repliken herzustellen, die Originaltreue und au\u00dfergew\u00f6hnliche Qualit\u00e4t vereinen. Aber sie sind nicht einfach nur Reproduktionen. Sie sind das Ergebnis akribischer Handwerkskunst, die sich an die Techniken und Designs der damaligen Zeit h\u00e4lt.<\/p>\n<h2>Wie werden Denix-Waffenrepliken hergestellt?<\/h2>\n<p>Werden in historischen Rekonstruktionen, Filmen und Serien sowie von Sammlern verwendet. Denix-Waffenreproduktionen, die aus hochwertigen Materialien hergestellt werden. Sorgf\u00e4ltig bearbeitet und zusammengesetzt, um realistische Sammlerwaffen zu schaffen.<\/p>\n<ul>\n<li>Die Metalle sind in einer Metalllegierung, die als Zamac bekannt ist und deren Grundzusammensetzung Zink in 95% ist.<\/li>\n<li>Die Schwerter und Dolche haben eine Klinge aus hochwertigem rostfreiem Stahl.<\/li>\n<li>Die Kunststoffteile der Repliken aus geformtem ABS, das eine hohe Widerstandsf\u00e4higkeit bietet.<\/li>\n<li>Holz, das aufgrund seiner Sch\u00f6nheit und Haltbarkeit ausgew\u00e4hlt wird, wie z. B. Mahagoni, Olivenholz oder Walnuss, verleiht Ihren Sch\u00e4ften und F\u00e4ssern ein elegantes und authentisches Aussehen.<\/li>\n<\/ul>\n<p>Es ist hervorzuheben, dass alle Reproduktionen von Denix-Waffen mit den Originalen identisch sind, wie Ihr Dolch der Kr\u00f6nung Napoleons.<\/p>","protected":false},"excerpt":{"rendered":"<p>Wundersch\u00f6ne Replik des Dolches von Napoleons Sacre Modell 1809 signiert Denix<\/p>\n<ul>\n<li>Verzierte Klinge aus rostfreiem Stahl.<\/li>\n<li>Reich verzierter Metallgriff mit dem Kopf des Kaisers<\/li>\n<li>Scheide mit N-Emblem und dem Adler mit ausgebreiteten Fl\u00fcgeln.<\/li>\n<li>Ring an der Seite zum Tragen<\/li>\n<li>Gesamtl\u00e4nge: 41 cm<\/li>\n<\/ul>","protected":false},"featured_media":65619,"template":"","meta":[],"product_brand":[896],"product_cat":[25,833],"product_tag":[],"class_list":{"0":"post-65618","1":"product","2":"type-product","3":"status-publish","4":"has-post-thumbnail","6":"product_brand-replique-manga-cine","7":"product_cat-armes-historiques","8":"product_cat-repliques-darmes-napoleon","10":"first","11":"instock","12":"taxable","13":"shipping-taxable","14":"purchasable","15":"product-type-simple"},"yoast_head":"<!-- This site is optimized with the Yoast SEO plugin v27.5 - https:\/\/yoast.com\/product\/yoast-seo-wordpress\/ -->\n<title>Dague du Sacre de Napol\u00e9on - R\u00e9pliques d&#039;armes Denix | R\u00e9plique Manga Cin\u00e9<\/title>\n<meta name=\"description\" content=\"\u00c0 l&#039;occasion de la sortie du film &quot; Napol\u00e9on &quot; de Ridley Scott, la Dague du Sacre de Napol\u00e9on. Lame acier. Fourreau et poign\u00e9e avec embl\u00e8me de l&#039;empereur.\" \/>\n<meta name=\"robots\" content=\"index, follow, max-snippet:-1, max-image-preview:large, max-video-preview:-1\" \/>\n<link rel=\"canonical\" href=\"https:\/\/repliquemangacine.fr\/de\/repliken-darmen-napoleon\/dolch-der-kronung-napoleons\/\" \/>\n<meta property=\"og:locale\" content=\"de_DE\" \/>\n<meta property=\"og:type\" content=\"article\" \/>\n<meta property=\"og:title\" content=\"Dague du Sacre de Napol\u00e9on - R\u00e9pliques d&#039;armes Denix | R\u00e9plique Manga Cin\u00e9\" \/>\n<meta property=\"og:description\" content=\"\u00c0 l&#039;occasion de la sortie du film &quot; Napol\u00e9on &quot; de Ridley Scott, la Dague du Sacre de Napol\u00e9on. Lame acier. Fourreau et poign\u00e9e avec embl\u00e8me de l&#039;empereur.\" \/>\n<meta property=\"og:url\" content=\"https:\/\/repliquemangacine.fr\/de\/repliken-darmen-napoleon\/dolch-der-kronung-napoleons\/\" \/>\n<meta property=\"og:site_name\" content=\"R\u00e9plique Manga Cin\u00e9\" \/>\n<meta property=\"article:publisher\" content=\"https:\/\/www.facebook.com\/RepliqueMangaCine\" \/>\n<meta property=\"article:modified_time\" content=\"2026-03-27T14:05:53+00:00\" \/>\n<meta property=\"og:image\" content=\"https:\/\/repliquemangacine.fr\/wp-content\/uploads\/2023\/11\/dague-Napoleon-lame-jpg.jpg\" \/>\n\t<meta property=\"og:image:width\" content=\"500\" \/>\n\t<meta property=\"og:image:height\" content=\"500\" \/>\n\t<meta property=\"og:image:type\" content=\"image\/jpeg\" \/>\n<meta name=\"twitter:card\" content=\"summary_large_image\" \/>\n<meta name=\"twitter:label1\" content=\"Gesch\u00e4tzte Lesezeit\" \/>\n\t<meta name=\"twitter:data1\" content=\"3\u00a0Minuten\" \/>\n<script type=\"application\/ld+json\" class=\"yoast-schema-graph\">{\"@context\":\"https:\\\/\\\/schema.org\",\"@graph\":[{\"@type\":\"WebPage\",\"@id\":\"https:\\\/\\\/repliquemangacine.fr\\\/repliques-darmes-napoleon\\\/dague-du-sacre-de-napoleon\\\/\",\"url\":\"https:\\\/\\\/repliquemangacine.fr\\\/repliques-darmes-napoleon\\\/dague-du-sacre-de-napoleon\\\/\",\"name\":\"Dague du Sacre de Napol\u00e9on - R\u00e9pliques d'armes Denix | R\u00e9plique Manga Cin\u00e9\",\"isPartOf\":{\"@id\":\"https:\\\/\\\/repliquemangacine.fr\\\/#website\"},\"primaryImageOfPage\":{\"@id\":\"https:\\\/\\\/repliquemangacine.fr\\\/repliques-darmes-napoleon\\\/dague-du-sacre-de-napoleon\\\/#primaryimage\"},\"image\":{\"@id\":\"https:\\\/\\\/repliquemangacine.fr\\\/repliques-darmes-napoleon\\\/dague-du-sacre-de-napoleon\\\/#primaryimage\"},\"thumbnailUrl\":\"https:\\\/\\\/repliquemangacine.fr\\\/wp-content\\\/uploads\\\/2023\\\/11\\\/dague-Napoleon-lame-jpg.jpg\",\"datePublished\":\"2023-11-19T16:29:01+00:00\",\"dateModified\":\"2026-03-27T14:05:53+00:00\",\"description\":\"\u00c0 l'occasion de la sortie du film \\\" Napol\u00e9on \\\" de Ridley Scott, la Dague du Sacre de Napol\u00e9on. Lame acier. Fourreau et poign\u00e9e avec embl\u00e8me de l'empereur.\",\"breadcrumb\":{\"@id\":\"https:\\\/\\\/repliquemangacine.fr\\\/repliques-darmes-napoleon\\\/dague-du-sacre-de-napoleon\\\/#breadcrumb\"},\"inLanguage\":\"de\",\"potentialAction\":[{\"@type\":\"ReadAction\",\"target\":[\"https:\\\/\\\/repliquemangacine.fr\\\/repliques-darmes-napoleon\\\/dague-du-sacre-de-napoleon\\\/\"]}]},{\"@type\":\"ImageObject\",\"inLanguage\":\"de\",\"@id\":\"https:\\\/\\\/repliquemangacine.fr\\\/repliques-darmes-napoleon\\\/dague-du-sacre-de-napoleon\\\/#primaryimage\",\"url\":\"https:\\\/\\\/repliquemangacine.fr\\\/wp-content\\\/uploads\\\/2023\\\/11\\\/dague-Napoleon-lame-jpg.jpg\",\"contentUrl\":\"https:\\\/\\\/repliquemangacine.fr\\\/wp-content\\\/uploads\\\/2023\\\/11\\\/dague-Napoleon-lame-jpg.jpg\",\"width\":500,\"height\":500,\"caption\":\"Dague du Sacre de Napol\u00e9on\"},{\"@type\":\"BreadcrumbList\",\"@id\":\"https:\\\/\\\/repliquemangacine.fr\\\/repliques-darmes-napoleon\\\/dague-du-sacre-de-napoleon\\\/#breadcrumb\",\"itemListElement\":[{\"@type\":\"ListItem\",\"position\":1,\"name\":\"Accueil\",\"item\":\"https:\\\/\\\/repliquemangacine.fr\\\/\"},{\"@type\":\"ListItem\",\"position\":2,\"name\":\"Produits\",\"item\":\"https:\\\/\\\/repliquemangacine.fr\\\/boutique\\\/\"},{\"@type\":\"ListItem\",\"position\":3,\"name\":\"Dague du Sacre de Napol\u00e9on\"}]},{\"@type\":\"WebSite\",\"@id\":\"https:\\\/\\\/repliquemangacine.fr\\\/#website\",\"url\":\"https:\\\/\\\/repliquemangacine.fr\\\/\",\"name\":\"R\u00e9plique Manga Cin\u00e9\",\"description\":\"\",\"publisher\":{\"@id\":\"https:\\\/\\\/repliquemangacine.fr\\\/#organization\"},\"potentialAction\":[{\"@type\":\"SearchAction\",\"target\":{\"@type\":\"EntryPoint\",\"urlTemplate\":\"https:\\\/\\\/repliquemangacine.fr\\\/?s={search_term_string}\"},\"query-input\":{\"@type\":\"PropertyValueSpecification\",\"valueRequired\":true,\"valueName\":\"search_term_string\"}}],\"inLanguage\":\"de\"},{\"@type\":\"Organization\",\"@id\":\"https:\\\/\\\/repliquemangacine.fr\\\/#organization\",\"name\":\"R\u00e9plique Manga Cin\u00e9\",\"url\":\"https:\\\/\\\/repliquemangacine.fr\\\/\",\"logo\":{\"@type\":\"ImageObject\",\"inLanguage\":\"de\",\"@id\":\"https:\\\/\\\/repliquemangacine.fr\\\/#\\\/schema\\\/logo\\\/image\\\/\",\"url\":\"https:\\\/\\\/repliquemangacine.fr\\\/wp-content\\\/uploads\\\/2023\\\/10\\\/RMC-500250.png\",\"contentUrl\":\"https:\\\/\\\/repliquemangacine.fr\\\/wp-content\\\/uploads\\\/2023\\\/10\\\/RMC-500250.png\",\"width\":500,\"height\":250,\"caption\":\"R\u00e9plique Manga Cin\u00e9\"},\"image\":{\"@id\":\"https:\\\/\\\/repliquemangacine.fr\\\/#\\\/schema\\\/logo\\\/image\\\/\"},\"sameAs\":[\"https:\\\/\\\/www.facebook.com\\\/RepliqueMangaCine\",\"https:\\\/\\\/www.instagram.com\\\/repliquemangacine.fr\\\/\"]}]}<\/script>\n<!-- \/ Yoast SEO plugin. -->","yoast_head_json":{"title":"Napoleons Kr\u00f6nungsdolch - Denix Waffenrepliken | R\u00e9plique Manga Cin\u00e9","description":"Anl\u00e4sslich des Kinostarts des Films \"Napoleon\" von Ridley Scott, der Dolch des Sacre de Napol\u00e9on. Klinge aus Stahl. Scheide und Griff mit Emblem des Kaisers.","robots":{"index":"index","follow":"follow","max-snippet":"max-snippet:-1","max-image-preview":"max-image-preview:large","max-video-preview":"max-video-preview:-1"},"canonical":"https:\/\/repliquemangacine.fr\/de\/repliken-darmen-napoleon\/dolch-der-kronung-napoleons\/","og_locale":"de_DE","og_type":"article","og_title":"Dague du Sacre de Napol\u00e9on - R\u00e9pliques d'armes Denix | R\u00e9plique Manga Cin\u00e9","og_description":"\u00c0 l'occasion de la sortie du film \" Napol\u00e9on \" de Ridley Scott, la Dague du Sacre de Napol\u00e9on. Lame acier. Fourreau et poign\u00e9e avec embl\u00e8me de l'empereur.","og_url":"https:\/\/repliquemangacine.fr\/de\/repliken-darmen-napoleon\/dolch-der-kronung-napoleons\/","og_site_name":"R\u00e9plique Manga Cin\u00e9","article_publisher":"https:\/\/www.facebook.com\/RepliqueMangaCine","article_modified_time":"2026-03-27T14:05:53+00:00","og_image":[{"width":500,"height":500,"url":"https:\/\/repliquemangacine.fr\/wp-content\/uploads\/2023\/11\/dague-Napoleon-lame-jpg.jpg","type":"image\/jpeg"}],"twitter_card":"summary_large_image","twitter_misc":{"Gesch\u00e4tzte Lesezeit":"3\u00a0Minuten"},"schema":{"@context":"https:\/\/schema.org","@graph":[{"@type":"WebPage","@id":"https:\/\/repliquemangacine.fr\/repliques-darmes-napoleon\/dague-du-sacre-de-napoleon\/","url":"https:\/\/repliquemangacine.fr\/repliques-darmes-napoleon\/dague-du-sacre-de-napoleon\/","name":"Napoleons Kr\u00f6nungsdolch - Denix Waffenrepliken | R\u00e9plique Manga Cin\u00e9","isPartOf":{"@id":"https:\/\/repliquemangacine.fr\/#website"},"primaryImageOfPage":{"@id":"https:\/\/repliquemangacine.fr\/repliques-darmes-napoleon\/dague-du-sacre-de-napoleon\/#primaryimage"},"image":{"@id":"https:\/\/repliquemangacine.fr\/repliques-darmes-napoleon\/dague-du-sacre-de-napoleon\/#primaryimage"},"thumbnailUrl":"https:\/\/repliquemangacine.fr\/wp-content\/uploads\/2023\/11\/dague-Napoleon-lame-jpg.jpg","datePublished":"2023-11-19T16:29:01+00:00","dateModified":"2026-03-27T14:05:53+00:00","description":"Anl\u00e4sslich des Kinostarts des Films \"Napoleon\" von Ridley Scott, der Dolch des Sacre de Napol\u00e9on. Klinge aus Stahl. Scheide und Griff mit Emblem des Kaisers.","breadcrumb":{"@id":"https:\/\/repliquemangacine.fr\/repliques-darmes-napoleon\/dague-du-sacre-de-napoleon\/#breadcrumb"},"inLanguage":"de","potentialAction":[{"@type":"ReadAction","target":["https:\/\/repliquemangacine.fr\/repliques-darmes-napoleon\/dague-du-sacre-de-napoleon\/"]}]},{"@type":"ImageObject","inLanguage":"de","@id":"https:\/\/repliquemangacine.fr\/repliques-darmes-napoleon\/dague-du-sacre-de-napoleon\/#primaryimage","url":"https:\/\/repliquemangacine.fr\/wp-content\/uploads\/2023\/11\/dague-Napoleon-lame-jpg.jpg","contentUrl":"https:\/\/repliquemangacine.fr\/wp-content\/uploads\/2023\/11\/dague-Napoleon-lame-jpg.jpg","width":500,"height":500,"caption":"Dague du Sacre de Napol\u00e9on"},{"@type":"BreadcrumbList","@id":"https:\/\/repliquemangacine.fr\/repliques-darmes-napoleon\/dague-du-sacre-de-napoleon\/#breadcrumb","itemListElement":[{"@type":"ListItem","position":1,"name":"Accueil","item":"https:\/\/repliquemangacine.fr\/"},{"@type":"ListItem","position":2,"name":"Produits","item":"https:\/\/repliquemangacine.fr\/boutique\/"},{"@type":"ListItem","position":3,"name":"Dague du Sacre de Napol\u00e9on"}]},{"@type":"WebSite","@id":"https:\/\/repliquemangacine.fr\/#website","url":"https:\/\/repliquemangacine.fr\/","name":"R\u00e9plique Manga Cin\u00e9","description":"","publisher":{"@id":"https:\/\/repliquemangacine.fr\/#organization"},"potentialAction":[{"@type":"SearchAction","target":{"@type":"EntryPoint","urlTemplate":"https:\/\/repliquemangacine.fr\/?s={search_term_string}"},"query-input":{"@type":"PropertyValueSpecification","valueRequired":true,"valueName":"search_term_string"}}],"inLanguage":"de"},{"@type":"Organization","@id":"https:\/\/repliquemangacine.fr\/#organization","name":"R\u00e9plique Manga Cin\u00e9","url":"https:\/\/repliquemangacine.fr\/","logo":{"@type":"ImageObject","inLanguage":"de","@id":"https:\/\/repliquemangacine.fr\/#\/schema\/logo\/image\/","url":"https:\/\/repliquemangacine.fr\/wp-content\/uploads\/2023\/10\/RMC-500250.png","contentUrl":"https:\/\/repliquemangacine.fr\/wp-content\/uploads\/2023\/10\/RMC-500250.png","width":500,"height":250,"caption":"R\u00e9plique Manga Cin\u00e9"},"image":{"@id":"https:\/\/repliquemangacine.fr\/#\/schema\/logo\/image\/"},"sameAs":["https:\/\/www.facebook.com\/RepliqueMangaCine","https:\/\/www.instagram.com\/repliquemangacine.fr\/"]}]}},"_links":{"self":[{"href":"https:\/\/repliquemangacine.fr\/de\/wp-json\/wp\/v2\/product\/65618","targetHints":{"allow":["GET"]}}],"collection":[{"href":"https:\/\/repliquemangacine.fr\/de\/wp-json\/wp\/v2\/product"}],"about":[{"href":"https:\/\/repliquemangacine.fr\/de\/wp-json\/wp\/v2\/types\/product"}],"wp:featuredmedia":[{"embeddable":true,"href":"https:\/\/repliquemangacine.fr\/de\/wp-json\/wp\/v2\/media\/65619"}],"wp:attachment":[{"href":"https:\/\/repliquemangacine.fr\/de\/wp-json\/wp\/v2\/media?parent=65618"}],"wp:term":[{"taxonomy":"product_brand","embeddable":true,"href":"https:\/\/repliquemangacine.fr\/de\/wp-json\/wp\/v2\/product_brand?post=65618"},{"taxonomy":"product_cat","embeddable":true,"href":"https:\/\/repliquemangacine.fr\/de\/wp-json\/wp\/v2\/product_cat?post=65618"},{"taxonomy":"product_tag","embeddable":true,"href":"https:\/\/repliquemangacine.fr\/de\/wp-json\/wp\/v2\/product_tag?post=65618"}],"curies":[{"name":"wp","href":"https:\/\/api.w.org\/{rel}","templated":true}]}}