





{"id":65456,"date":"2023-11-14T12:41:25","date_gmt":"2023-11-14T11:41:25","guid":{"rendered":"https:\/\/repliquemangacine.fr\/?post_type=product&#038;p=65456"},"modified":"2026-01-17T12:45:05","modified_gmt":"2026-01-17T11:45:05","slug":"gewehr-winchester-1873-chrom","status":"publish","type":"product","link":"https:\/\/repliquemangacine.fr\/de\/western-repliques-armes\/fusil-winchester-1873-chrome\/","title":{"rendered":"Winchester-Gewehr 1873 Verchromt"},"content":{"rendered":"<h2>Winchester-Gewehr 1873 Verchromt von der Marke Denix<\/h2>\n<p>Zu Beginn wird der <strong>Winchester-Gewehr 1873 Verchromt<\/strong>, die oft als \u201cdie Waffe, die den Westen eroberte\u201d bezeichnet wird. Sie wurde von der Winchester Repeating Arms Company entworfen und revolutionierte mit ihrem innovativen Repetierlademechanismus die damaligen Feuerwaffen.<\/p>\n<p>Die Winchester 1873 erlangte einen legend\u00e4ren Ruf und wurde h\u00e4ufig in Westernfilmen und -literatur dargestellt. Hollywood machte sie sogar zum Titel des Films \u201cWinchester \u201973\u201d, der 1950 mit James Stewart unter der Regie von Anthony Mann gedreht wurde.<\/p>\n<h3>Aufbau und Funktionsweise des Winchester-Gewehrs 1873<\/h3>\n<p>Besonders hervorzuheben ist, dass die Winchester 1873 einen Hebelmechanismus verwendete, um eine verbrauchte Patrone auszuwerfen und eine neue Patrone in die Kammer zu laden. Dieses System erm\u00f6glichte ein schnelles und wiederholtes Schie\u00dfen, was einen gro\u00dfen Fortschritt gegen\u00fcber einsch\u00fcssigen Waffen darstellte. Erh\u00e4ltlich in verschiedenen Kalibern, am h\u00e4ufigsten ist die .44-40 Winchester.<\/p>\n<h2>Winchester-Gewehr 1873: Die Ikone des Westens von Denix<\/h2>\n<p>Die <strong>Winchester-Gewehr 1873<\/strong> <strong>verchromt<\/strong> von <a href=\"https:\/\/www.denix.fr\/fr\/catalogue\/guerre-civile-occidentale-et-americaine-1861-1899\/carabines-carabines-et-fusils\/6318\/\" target=\"_blank\" rel=\"noopener noreferrer\">Denix<\/a> verk\u00f6rpert den Geist und das Abenteuer des amerikanischen Westens. Diese akribische Replik, hergestellt von Denix, einem f\u00fchrenden Hersteller von Reproduktionen historischer Waffen. Bietet au\u00dfergew\u00f6hnliche Qualit\u00e4t und Realismus. Ber\u00fchmt f\u00fcr seinen innovativen Hebelmechanismus und die schnelle Schussabgabe.<\/p>\n<p>Denix, das ber\u00fchmte Gewehr bis ins kleinste Detail nachgebaut. Vom Originalkaliber .44-40 Winchester bis hin zum Lademechanismus und den Endbearbeitungen. Tats\u00e4chlich spiegelt jeder Aspekt das Erbe dieser legend\u00e4ren Waffe mit zus\u00e4tzlichem Geschossauswurf wider.<\/p>\n<h3>Authentische Replik von Denix<\/h3>\n<p>Mit Denix k\u00f6nnen Sie mit authentischen Waffennachbildungen in die Geschichte des amerikanischen Western eintauchen. Zum Beispiel :<\/p>\n<ul>\n<li>Die Replik des <a href=\"https:\/\/repliquemangacine.fr\/de\/denix\/revolver-colt-army-1860\/\">colt Army 1860<\/a> die w\u00e4hrend des Sezessionskriegs von beiden Seiten verwendet wurde.<\/li>\n<li>Sowie der ber\u00fchmte <a href=\"https:\/\/repliquemangacine.fr\/de\/denix\/peacemaker-revolver-colt-le-frontier-kaliber-45\/\">Colt \"Le Frontier \"<\/a> in verschiedenen Versionen.<\/li>\n<li>Und: Es gibt noch viel mehr zu entdecken!<\/li>\n<\/ul>\n<p>Jedes Denix-Replikat ist eine Hommage an den Wilden Westen<\/p>\n<h2>Qualit\u00e4t und Preis: Das Beste von Denix<\/h2>\n<p>Wenn es darum geht, au\u00dfergew\u00f6hnliche Qualit\u00e4t mit einem erschwinglichen Preis zu kombinieren, ist Denix eine Marke, an der man nicht vorbeikommt. Denix ist weltweit f\u00fcr seine Repliken historischer Waffen bekannt und bietet eine Produktpalette, die historische Treue und sorgf\u00e4ltige Herstellung zu erschwinglichen Preisen vereint.<\/p>\n<p>Jedes Produkt ist das Ergebnis gr\u00fcndlicher Forschung und akribischer Liebe zum Detail, wodurch ein authentisches Erlebnis gew\u00e4hrleistet wird. Das macht ihre Repliken sowohl f\u00fcr erfahrene Sammler als auch f\u00fcr Geschichtsinteressierte ideal.<\/p>\n<h3>Unvergleichliches Preis-Leistungs-Verh\u00e4ltnis bei Denix<\/h3>\n<p>Das Preis-Leistungs-Verh\u00e4ltnis von Denix ist im Bereich der Waffennachbildungen un\u00fcbertroffen. Sei es, um eine Sammlung zu bereichern, oder f\u00fcr historische Rekonstruktionen.<\/p>\n<p>Zusammenfassend l\u00e4sst sich sagen, dass die Marke sich verpflichtet hat, Repliken von bemerkenswerter Qualit\u00e4t zu konkurrenzlos g\u00fcnstigen Preisen anzubieten, wodurch die Geschichte f\u00fcr jeden erschwinglich wird.<\/p>","protected":false},"excerpt":{"rendered":"<p>Wundersch\u00f6ne Replik des Winchester-Gewehrs 1873 mit Repetiermechanismus der Marke Denix.<\/p>\n<ul>\n<li>Aus Metall (Zamak) und Holz<\/li>\n<li>Funktionaler Mechanismus mit Ballauswurf.<\/li>\n<li>Holzschaft<\/li>\n<li>Funktionaler Unterhebel, der zum Auswerfen von Kugeln dient.<\/li>\n<li>Wird mit 3 Schleuderb\u00e4llen geliefert.<\/li>\n<li>Gesamtl\u00e4nge: 110 cm<\/li>\n<li>Gewicht: 2625 g<\/li>\n<li>Unterliegt keiner Genehmigungspflicht. Verkauf und Besitz frei.<\/li>\n<\/ul>\n<p><iframe title=\"YouTube-Videoplayer\" src=\"https:\/\/www.youtube.com\/embed\/hOfWcKSPhvM?si=rMilG3JhfID0RdD5\" width=\"560\" height=\"315\" frameborder=\"0\" allowfullscreen=\"allowfullscreen\"><\/iframe><\/p>","protected":false},"featured_media":85654,"template":"","meta":[],"product_brand":[896],"product_cat":[34,39,86,28,64,27],"product_tag":[],"class_list":{"0":"post-65456","1":"product","2":"type-product","3":"status-publish","4":"has-post-thumbnail","6":"product_brand-replique-manga-cine","7":"product_cat-armes-westerns","8":"product_cat-carabine-winchester","9":"product_cat-repliques-carabine-winchester-western","10":"product_cat-repliques-darmes","11":"product_cat-western-repliques-armes","12":"product_cat-armes-et-accessoires-western","14":"first","15":"outofstock","16":"sale","17":"taxable","18":"shipping-taxable","19":"purchasable","20":"product-type-simple"},"yoast_head":"<!-- This site is optimized with the Yoast SEO plugin v27.5 - https:\/\/yoast.com\/product\/yoast-seo-wordpress\/ -->\n<title>Fusil Winchester 1873 Chrom\u00e9 - R\u00e9pliques d&#039;armes Denix | RMC<\/title>\n<meta name=\"description\" content=\"D\u00e9couvrez le Fusil Winchester 1873 Chrom\u00e9 de la marque Denix au meilleur prix. En zamac et bois. M\u00e9canisme fonctionnel. \u00c9jection des balles. L. 110 cm\" \/>\n<meta name=\"robots\" content=\"index, follow, max-snippet:-1, max-image-preview:large, max-video-preview:-1\" \/>\n<link rel=\"canonical\" href=\"https:\/\/repliquemangacine.fr\/de\/western-repliques-waffen\/gewehr-winchester-1873-chrom\/\" \/>\n<meta property=\"og:locale\" content=\"de_DE\" \/>\n<meta property=\"og:type\" content=\"article\" \/>\n<meta property=\"og:title\" content=\"Fusil Winchester 1873 Chrom\u00e9 - R\u00e9pliques d&#039;armes Denix | RMC\" \/>\n<meta property=\"og:description\" content=\"D\u00e9couvrez le Fusil Winchester 1873 Chrom\u00e9 de la marque Denix au meilleur prix. En zamac et bois. M\u00e9canisme fonctionnel. \u00c9jection des balles. L. 110 cm\" \/>\n<meta property=\"og:url\" content=\"https:\/\/repliquemangacine.fr\/de\/western-repliques-waffen\/gewehr-winchester-1873-chrom\/\" \/>\n<meta property=\"og:site_name\" content=\"R\u00e9plique Manga Cin\u00e9\" \/>\n<meta property=\"article:publisher\" content=\"https:\/\/www.facebook.com\/RepliqueMangaCine\" \/>\n<meta property=\"article:modified_time\" content=\"2026-01-17T11:45:05+00:00\" \/>\n<meta property=\"og:image\" content=\"https:\/\/repliquemangacine.fr\/wp-content\/uploads\/2023\/11\/Fusil-Winchester-1873-Chrome.jpg\" \/>\n\t<meta property=\"og:image:width\" content=\"700\" \/>\n\t<meta property=\"og:image:height\" content=\"700\" \/>\n\t<meta property=\"og:image:type\" content=\"image\/jpeg\" \/>\n<meta name=\"twitter:card\" content=\"summary_large_image\" \/>\n<meta name=\"twitter:label1\" content=\"Gesch\u00e4tzte Lesezeit\" \/>\n\t<meta name=\"twitter:data1\" content=\"3\u00a0Minuten\" \/>\n<script type=\"application\/ld+json\" class=\"yoast-schema-graph\">{\"@context\":\"https:\\\/\\\/schema.org\",\"@graph\":[{\"@type\":\"WebPage\",\"@id\":\"https:\\\/\\\/repliquemangacine.fr\\\/western-repliques-armes\\\/fusil-winchester-1873-chrome\\\/\",\"url\":\"https:\\\/\\\/repliquemangacine.fr\\\/western-repliques-armes\\\/fusil-winchester-1873-chrome\\\/\",\"name\":\"Fusil Winchester 1873 Chrom\u00e9 - R\u00e9pliques d'armes Denix | RMC\",\"isPartOf\":{\"@id\":\"https:\\\/\\\/repliquemangacine.fr\\\/#website\"},\"primaryImageOfPage\":{\"@id\":\"https:\\\/\\\/repliquemangacine.fr\\\/western-repliques-armes\\\/fusil-winchester-1873-chrome\\\/#primaryimage\"},\"image\":{\"@id\":\"https:\\\/\\\/repliquemangacine.fr\\\/western-repliques-armes\\\/fusil-winchester-1873-chrome\\\/#primaryimage\"},\"thumbnailUrl\":\"https:\\\/\\\/repliquemangacine.fr\\\/wp-content\\\/uploads\\\/2023\\\/11\\\/Fusil-Winchester-1873-Chrome.jpg\",\"datePublished\":\"2023-11-14T11:41:25+00:00\",\"dateModified\":\"2026-01-17T11:45:05+00:00\",\"description\":\"D\u00e9couvrez le Fusil Winchester 1873 Chrom\u00e9 de la marque Denix au meilleur prix. En zamac et bois. M\u00e9canisme fonctionnel. \u00c9jection des balles. L. 110 cm\",\"breadcrumb\":{\"@id\":\"https:\\\/\\\/repliquemangacine.fr\\\/western-repliques-armes\\\/fusil-winchester-1873-chrome\\\/#breadcrumb\"},\"inLanguage\":\"de\",\"potentialAction\":[{\"@type\":\"ReadAction\",\"target\":[\"https:\\\/\\\/repliquemangacine.fr\\\/western-repliques-armes\\\/fusil-winchester-1873-chrome\\\/\"]}]},{\"@type\":\"ImageObject\",\"inLanguage\":\"de\",\"@id\":\"https:\\\/\\\/repliquemangacine.fr\\\/western-repliques-armes\\\/fusil-winchester-1873-chrome\\\/#primaryimage\",\"url\":\"https:\\\/\\\/repliquemangacine.fr\\\/wp-content\\\/uploads\\\/2023\\\/11\\\/Fusil-Winchester-1873-Chrome.jpg\",\"contentUrl\":\"https:\\\/\\\/repliquemangacine.fr\\\/wp-content\\\/uploads\\\/2023\\\/11\\\/Fusil-Winchester-1873-Chrome.jpg\",\"width\":700,\"height\":700,\"caption\":\"Fusil Winchester 1873 Chrom\u00e9 Denix\"},{\"@type\":\"BreadcrumbList\",\"@id\":\"https:\\\/\\\/repliquemangacine.fr\\\/western-repliques-armes\\\/fusil-winchester-1873-chrome\\\/#breadcrumb\",\"itemListElement\":[{\"@type\":\"ListItem\",\"position\":1,\"name\":\"Accueil\",\"item\":\"https:\\\/\\\/repliquemangacine.fr\\\/\"},{\"@type\":\"ListItem\",\"position\":2,\"name\":\"Produits\",\"item\":\"https:\\\/\\\/repliquemangacine.fr\\\/boutique\\\/\"},{\"@type\":\"ListItem\",\"position\":3,\"name\":\"Fusil Winchester 1873 Chrom\u00e9\"}]},{\"@type\":\"WebSite\",\"@id\":\"https:\\\/\\\/repliquemangacine.fr\\\/#website\",\"url\":\"https:\\\/\\\/repliquemangacine.fr\\\/\",\"name\":\"R\u00e9plique Manga Cin\u00e9\",\"description\":\"\",\"publisher\":{\"@id\":\"https:\\\/\\\/repliquemangacine.fr\\\/#organization\"},\"potentialAction\":[{\"@type\":\"SearchAction\",\"target\":{\"@type\":\"EntryPoint\",\"urlTemplate\":\"https:\\\/\\\/repliquemangacine.fr\\\/?s={search_term_string}\"},\"query-input\":{\"@type\":\"PropertyValueSpecification\",\"valueRequired\":true,\"valueName\":\"search_term_string\"}}],\"inLanguage\":\"de\"},{\"@type\":\"Organization\",\"@id\":\"https:\\\/\\\/repliquemangacine.fr\\\/#organization\",\"name\":\"R\u00e9plique Manga Cin\u00e9\",\"url\":\"https:\\\/\\\/repliquemangacine.fr\\\/\",\"logo\":{\"@type\":\"ImageObject\",\"inLanguage\":\"de\",\"@id\":\"https:\\\/\\\/repliquemangacine.fr\\\/#\\\/schema\\\/logo\\\/image\\\/\",\"url\":\"https:\\\/\\\/repliquemangacine.fr\\\/wp-content\\\/uploads\\\/2023\\\/10\\\/RMC-500250.png\",\"contentUrl\":\"https:\\\/\\\/repliquemangacine.fr\\\/wp-content\\\/uploads\\\/2023\\\/10\\\/RMC-500250.png\",\"width\":500,\"height\":250,\"caption\":\"R\u00e9plique Manga Cin\u00e9\"},\"image\":{\"@id\":\"https:\\\/\\\/repliquemangacine.fr\\\/#\\\/schema\\\/logo\\\/image\\\/\"},\"sameAs\":[\"https:\\\/\\\/www.facebook.com\\\/RepliqueMangaCine\",\"https:\\\/\\\/www.instagram.com\\\/repliquemangacine.fr\\\/\"]}]}<\/script>\n<!-- \/ Yoast SEO plugin. -->","yoast_head_json":{"title":"Winchester-Gewehr 1873 Verchromt - Denix Waffenrepliken | RMC","description":"Entdecken Sie das Winchester-Gewehr 1873 Chrom von der Marke Denix zum besten Preis. Aus Zamak und Holz gefertigt. Funktioneller Mechanismus. Auswurf der Kugeln. L. 110 cm","robots":{"index":"index","follow":"follow","max-snippet":"max-snippet:-1","max-image-preview":"max-image-preview:large","max-video-preview":"max-video-preview:-1"},"canonical":"https:\/\/repliquemangacine.fr\/de\/western-repliques-waffen\/gewehr-winchester-1873-chrom\/","og_locale":"de_DE","og_type":"article","og_title":"Fusil Winchester 1873 Chrom\u00e9 - R\u00e9pliques d'armes Denix | RMC","og_description":"D\u00e9couvrez le Fusil Winchester 1873 Chrom\u00e9 de la marque Denix au meilleur prix. En zamac et bois. M\u00e9canisme fonctionnel. \u00c9jection des balles. L. 110 cm","og_url":"https:\/\/repliquemangacine.fr\/de\/western-repliques-waffen\/gewehr-winchester-1873-chrom\/","og_site_name":"R\u00e9plique Manga Cin\u00e9","article_publisher":"https:\/\/www.facebook.com\/RepliqueMangaCine","article_modified_time":"2026-01-17T11:45:05+00:00","og_image":[{"width":700,"height":700,"url":"https:\/\/repliquemangacine.fr\/wp-content\/uploads\/2023\/11\/Fusil-Winchester-1873-Chrome.jpg","type":"image\/jpeg"}],"twitter_card":"summary_large_image","twitter_misc":{"Gesch\u00e4tzte Lesezeit":"3\u00a0Minuten"},"schema":{"@context":"https:\/\/schema.org","@graph":[{"@type":"WebPage","@id":"https:\/\/repliquemangacine.fr\/western-repliques-armes\/fusil-winchester-1873-chrome\/","url":"https:\/\/repliquemangacine.fr\/western-repliques-armes\/fusil-winchester-1873-chrome\/","name":"Winchester-Gewehr 1873 Verchromt - Denix Waffenrepliken | RMC","isPartOf":{"@id":"https:\/\/repliquemangacine.fr\/#website"},"primaryImageOfPage":{"@id":"https:\/\/repliquemangacine.fr\/western-repliques-armes\/fusil-winchester-1873-chrome\/#primaryimage"},"image":{"@id":"https:\/\/repliquemangacine.fr\/western-repliques-armes\/fusil-winchester-1873-chrome\/#primaryimage"},"thumbnailUrl":"https:\/\/repliquemangacine.fr\/wp-content\/uploads\/2023\/11\/Fusil-Winchester-1873-Chrome.jpg","datePublished":"2023-11-14T11:41:25+00:00","dateModified":"2026-01-17T11:45:05+00:00","description":"Entdecken Sie das Winchester-Gewehr 1873 Chrom von der Marke Denix zum besten Preis. Aus Zamak und Holz gefertigt. Funktioneller Mechanismus. Auswurf der Kugeln. L. 110 cm","breadcrumb":{"@id":"https:\/\/repliquemangacine.fr\/western-repliques-armes\/fusil-winchester-1873-chrome\/#breadcrumb"},"inLanguage":"de","potentialAction":[{"@type":"ReadAction","target":["https:\/\/repliquemangacine.fr\/western-repliques-armes\/fusil-winchester-1873-chrome\/"]}]},{"@type":"ImageObject","inLanguage":"de","@id":"https:\/\/repliquemangacine.fr\/western-repliques-armes\/fusil-winchester-1873-chrome\/#primaryimage","url":"https:\/\/repliquemangacine.fr\/wp-content\/uploads\/2023\/11\/Fusil-Winchester-1873-Chrome.jpg","contentUrl":"https:\/\/repliquemangacine.fr\/wp-content\/uploads\/2023\/11\/Fusil-Winchester-1873-Chrome.jpg","width":700,"height":700,"caption":"Fusil Winchester 1873 Chrom\u00e9 Denix"},{"@type":"BreadcrumbList","@id":"https:\/\/repliquemangacine.fr\/western-repliques-armes\/fusil-winchester-1873-chrome\/#breadcrumb","itemListElement":[{"@type":"ListItem","position":1,"name":"Accueil","item":"https:\/\/repliquemangacine.fr\/"},{"@type":"ListItem","position":2,"name":"Produits","item":"https:\/\/repliquemangacine.fr\/boutique\/"},{"@type":"ListItem","position":3,"name":"Fusil Winchester 1873 Chrom\u00e9"}]},{"@type":"WebSite","@id":"https:\/\/repliquemangacine.fr\/#website","url":"https:\/\/repliquemangacine.fr\/","name":"R\u00e9plique Manga Cin\u00e9","description":"","publisher":{"@id":"https:\/\/repliquemangacine.fr\/#organization"},"potentialAction":[{"@type":"SearchAction","target":{"@type":"EntryPoint","urlTemplate":"https:\/\/repliquemangacine.fr\/?s={search_term_string}"},"query-input":{"@type":"PropertyValueSpecification","valueRequired":true,"valueName":"search_term_string"}}],"inLanguage":"de"},{"@type":"Organization","@id":"https:\/\/repliquemangacine.fr\/#organization","name":"R\u00e9plique Manga Cin\u00e9","url":"https:\/\/repliquemangacine.fr\/","logo":{"@type":"ImageObject","inLanguage":"de","@id":"https:\/\/repliquemangacine.fr\/#\/schema\/logo\/image\/","url":"https:\/\/repliquemangacine.fr\/wp-content\/uploads\/2023\/10\/RMC-500250.png","contentUrl":"https:\/\/repliquemangacine.fr\/wp-content\/uploads\/2023\/10\/RMC-500250.png","width":500,"height":250,"caption":"R\u00e9plique Manga Cin\u00e9"},"image":{"@id":"https:\/\/repliquemangacine.fr\/#\/schema\/logo\/image\/"},"sameAs":["https:\/\/www.facebook.com\/RepliqueMangaCine","https:\/\/www.instagram.com\/repliquemangacine.fr\/"]}]}},"_links":{"self":[{"href":"https:\/\/repliquemangacine.fr\/de\/wp-json\/wp\/v2\/product\/65456","targetHints":{"allow":["GET"]}}],"collection":[{"href":"https:\/\/repliquemangacine.fr\/de\/wp-json\/wp\/v2\/product"}],"about":[{"href":"https:\/\/repliquemangacine.fr\/de\/wp-json\/wp\/v2\/types\/product"}],"wp:featuredmedia":[{"embeddable":true,"href":"https:\/\/repliquemangacine.fr\/de\/wp-json\/wp\/v2\/media\/85654"}],"wp:attachment":[{"href":"https:\/\/repliquemangacine.fr\/de\/wp-json\/wp\/v2\/media?parent=65456"}],"wp:term":[{"taxonomy":"product_brand","embeddable":true,"href":"https:\/\/repliquemangacine.fr\/de\/wp-json\/wp\/v2\/product_brand?post=65456"},{"taxonomy":"product_cat","embeddable":true,"href":"https:\/\/repliquemangacine.fr\/de\/wp-json\/wp\/v2\/product_cat?post=65456"},{"taxonomy":"product_tag","embeddable":true,"href":"https:\/\/repliquemangacine.fr\/de\/wp-json\/wp\/v2\/product_tag?post=65456"}],"curies":[{"name":"wp","href":"https:\/\/api.w.org\/{rel}","templated":true}]}}