





{"id":65404,"date":"2023-11-13T15:05:31","date_gmt":"2023-11-13T14:05:31","guid":{"rendered":"https:\/\/repliquemangacine.fr\/?post_type=product&#038;p=65404"},"modified":"2026-02-25T15:22:27","modified_gmt":"2026-02-25T14:22:27","slug":"colt-navy-1851-kolser","status":"publish","type":"product","link":"https:\/\/repliquemangacine.fr\/de\/colt-revolver-western\/colt-navy-1851-kolser\/","title":{"rendered":"Colt Navy 1851 Kolser"},"content":{"rendered":"<h2>Der Colt Navy 1851 Kolser : F\u00fcr Geschichtsinteressierte.<\/h2>\n<p>Zun\u00e4chst einmal ist der Colt Navy 1851 grau der Marke Kolser ein kleines Wunderwerk f\u00fcr Sammler. Erstmals 1851 von Samuel Colt entworfen, fr\u00fcher Colt Belt Revolving Pistol genannt. Bevorzugter Revolver prominenter Pers\u00f6nlichkeiten und der meisten Ranger vor dem B\u00fcrgerkrieg.<\/p>\n<p>Tats\u00e4chlich gewann sie schnell an Beliebtheit, vor allem w\u00e4hrend des B\u00fcrgerkriegs, wo sie auf beiden Seiten, der Union und der Konf\u00f6deration, eingesetzt wurde. Dank ihrer Kapazit\u00e4t von sechs Schuss, ihrer Gr\u00f6\u00dfe und ihres Gewichts sowie ihrer Zuverl\u00e4ssigkeit war sie unter den oft schwierigen Bedingungen auf dem Schlachtfeld die Waffe der Wahl.<\/p>\n<h3>Das historische Erbe des Colt Navy 1851 im B\u00fcrgerkrieg<\/h3>\n<p>Es muss betont werden, dass dieser Revolver nach wie vor ein ikonisches St\u00fcck in der Geschichte der Feuerwaffen ist. Tats\u00e4chlich ist er auch weiterhin ein beliebtes St\u00fcck bei Sammlern und im Kino.<\/p>\n<h2>Der Colt Navy 1851 von Kolser: Qualit\u00e4t zu einem g\u00fcnstigen Preis<\/h2>\n<p>Die Marke <a href=\"https:\/\/kolser.com\/\" target=\"_blank\" rel=\"noopener noreferrer\">Kolser<\/a>, spezialisiert auf Repliken historischer Waffen, bietet mit seinem grauen Colt Navy 1851 eine bemerkenswerte Kombination aus Qualit\u00e4t und erschwinglichem Preis. Diese originalgetreue Replik des ber\u00fchmten B\u00fcrgerkriegsrevolvers ist eine bevorzugte Wahl f\u00fcr Sammler und Geschichtsinteressierte. Er bietet ein Erlebnis, das dem Original nahe kommt, ohne die unerschwinglichen Kosten f\u00fcr historische St\u00fccke.<\/p>\n<h3>Au\u00dfergew\u00f6hnliches Preis-Leistungs-Verh\u00e4ltnis des Colt Navy 1851 Kolser<\/h3>\n<p>Kolser ist es gelungen, ein perfektes Gleichgewicht zwischen dem Respekt f\u00fcr die historische Authentizit\u00e4t und der Erschwinglichkeit zu finden. Hergestellt aus hochwertigen Materialien, die die Details und die Mechanik der Originalwaffe nachbilden, aber dennoch f\u00fcr Ihr Budget erschwinglich sind.<\/p>\n<p>Dieses Preis-Leistungs-Verh\u00e4ltnis macht den Colt Navy besonders attraktiv f\u00fcr diejenigen, die ihre Sammlung um eine historische Replik erweitern m\u00f6chten, ohne dabei Kompromisse bei der Qualit\u00e4t einzugehen. So bietet Kolser die M\u00f6glichkeit, Zugang zu einem St\u00fcck Geschichte zu erhalten, das Authentizit\u00e4t, Leistung und einen wettbewerbsf\u00e4higen Preis vereint.<\/p>\n<h2>Kolser : Eine Referenz f\u00fcr Repliken historischer Waffen<\/h2>\n<p>Kolser hat sich zu einer festen Gr\u00f6\u00dfe bei der Herstellung hochwertiger Repliken historischer Waffen entwickelt. Anerkannt f\u00fcr seinen umfangreichen Katalog, der verschiedene Epochen und Stile abdeckt. Die Marke bietet Geschichtsliebhabern und Sammlern eine breite Palette an Auswahlm\u00f6glichkeiten, von klassischen Revolvern aus dem amerikanischen Westen.<\/p>\n<p>Nehmen wir das Beispiel des <a href=\"https:\/\/repliquemangacine.fr\/de\/kolser-waffe\/colt-peacemaker-kolser-5-5-snake\/\">Colt Snake in 5,5 Zoll<\/a> mit seinem austauschbaren Schaft. Es gibt auch die <a href=\"https:\/\/repliquemangacine.fr\/de\/kolser-waffe\/winchester-108-cm-laiton\/\">winchesters Modelle 92 108 cm<\/a>mit Ballenauswurf. Im Katalog finden Sie auch den <a href=\"https:\/\/repliquemangacine.fr\/de\/kolser-waffe\/revolver-thunderer-black-kolser\/\">Thunderer-Pistole<\/a> ganz in Schwarz gekleidet.<\/p>\n<h3>Vielfalt und Treue: Die St\u00e4rken des Kolser-Katalogs<\/h3>\n<p>Zusammenfassend l\u00e4sst sich sagen, dass jedes Replikat das Ergebnis sorgf\u00e4ltiger Arbeit ist, um das Wesen der Originalwaffe einzufangen. Sei es f\u00fcr historische Rekonstruktionen, Ausstellungen oder einfach nur aus Freude am Sammeln. Kolsers Repliken bieten ein authentisches Erlebnis.<\/p>","protected":false},"excerpt":{"rendered":"<p>Absolut bemerkenswert ist diese Replik des Colt Navy 1851 der Marke Kolser.<\/p>\n<ul>\n<li>Ganz aus zweifarbigem Stahl<\/li>\n<li>Holzschaft<\/li>\n<li>Gravur der beiden Seiten des achteckigen Laufs<\/li>\n<li>Funktioneller Mechanismus mit drei Positionen<\/li>\n<li>Rotierende 6-Kammer-Trommel geeignet f\u00fcr Knallk\u00f6rperz\u00fcndh\u00fctchen<\/li>\n<li>Wird in einer Schachtel geliefert<\/li>\n<li>Gesamtl\u00e4nge: 35cm<\/li>\n<\/ul>\n<p><iframe title=\"YouTube-Videoplayer\" src=\"https:\/\/www.youtube.com\/embed\/6lT4fGB7hAc?si=OUGueoPSUHwitwYE\" width=\"560\" height=\"315\" frameborder=\"0\" allowfullscreen=\"allowfullscreen\"><\/iframe><\/p>","protected":false},"featured_media":65405,"template":"","meta":[],"product_brand":[896],"product_cat":[100,34,77,28,64,27],"product_tag":[],"class_list":{"0":"post-65404","1":"product","2":"type-product","3":"status-publish","4":"has-post-thumbnail","6":"product_brand-replique-manga-cine","7":"product_cat-arme-kolser","8":"product_cat-armes-westerns","9":"product_cat-colt-revolver-western","10":"product_cat-repliques-darmes","11":"product_cat-western-repliques-armes","12":"product_cat-armes-et-accessoires-western","14":"first","15":"outofstock","16":"taxable","17":"shipping-taxable","18":"purchasable","19":"product-type-simple"},"yoast_head":"<!-- This site is optimized with the Yoast SEO plugin v27.5 - https:\/\/yoast.com\/product\/yoast-seo-wordpress\/ -->\n<title>Colt Navy 1851 Kolser - R\u00e9plique d&#039;armes Kolser | R\u00e9plique Manga Cin\u00e9<\/title>\n<meta name=\"description\" content=\"D\u00e9couvrez cette magnifique r\u00e9plique du Colt Navy 1851 de la marque Kolser au meilleur prix. Tout en acier. Crosse en bois. M\u00e9canisme fonctionnel. L. 35 cm\" \/>\n<meta name=\"robots\" content=\"index, follow, max-snippet:-1, max-image-preview:large, max-video-preview:-1\" \/>\n<link rel=\"canonical\" href=\"https:\/\/repliquemangacine.fr\/de\/colt-western-revolver\/colt-navy-1851-kolser\/\" \/>\n<meta property=\"og:locale\" content=\"de_DE\" \/>\n<meta property=\"og:type\" content=\"article\" \/>\n<meta property=\"og:title\" content=\"Colt Navy 1851 Kolser - R\u00e9plique d&#039;armes Kolser | R\u00e9plique Manga Cin\u00e9\" \/>\n<meta property=\"og:description\" content=\"D\u00e9couvrez cette magnifique r\u00e9plique du Colt Navy 1851 de la marque Kolser au meilleur prix. Tout en acier. Crosse en bois. M\u00e9canisme fonctionnel. L. 35 cm\" \/>\n<meta property=\"og:url\" content=\"https:\/\/repliquemangacine.fr\/de\/colt-western-revolver\/colt-navy-1851-kolser\/\" \/>\n<meta property=\"og:site_name\" content=\"R\u00e9plique Manga Cin\u00e9\" \/>\n<meta property=\"article:publisher\" content=\"https:\/\/www.facebook.com\/RepliqueMangaCine\" \/>\n<meta property=\"article:modified_time\" content=\"2026-02-25T14:22:27+00:00\" \/>\n<meta property=\"og:image\" content=\"https:\/\/repliquemangacine.fr\/wp-content\/uploads\/2023\/11\/Colt-Navy-1851.jpg\" \/>\n\t<meta property=\"og:image:width\" content=\"500\" \/>\n\t<meta property=\"og:image:height\" content=\"500\" \/>\n\t<meta property=\"og:image:type\" content=\"image\/jpeg\" \/>\n<meta name=\"twitter:card\" content=\"summary_large_image\" \/>\n<meta name=\"twitter:label1\" content=\"Gesch\u00e4tzte Lesezeit\" \/>\n\t<meta name=\"twitter:data1\" content=\"3\u00a0Minuten\" \/>\n<script type=\"application\/ld+json\" class=\"yoast-schema-graph\">{\"@context\":\"https:\\\/\\\/schema.org\",\"@graph\":[{\"@type\":\"WebPage\",\"@id\":\"https:\\\/\\\/repliquemangacine.fr\\\/colt-revolver-western\\\/colt-navy-1851-kolser\\\/\",\"url\":\"https:\\\/\\\/repliquemangacine.fr\\\/colt-revolver-western\\\/colt-navy-1851-kolser\\\/\",\"name\":\"Colt Navy 1851 Kolser - R\u00e9plique d'armes Kolser | R\u00e9plique Manga Cin\u00e9\",\"isPartOf\":{\"@id\":\"https:\\\/\\\/repliquemangacine.fr\\\/#website\"},\"primaryImageOfPage\":{\"@id\":\"https:\\\/\\\/repliquemangacine.fr\\\/colt-revolver-western\\\/colt-navy-1851-kolser\\\/#primaryimage\"},\"image\":{\"@id\":\"https:\\\/\\\/repliquemangacine.fr\\\/colt-revolver-western\\\/colt-navy-1851-kolser\\\/#primaryimage\"},\"thumbnailUrl\":\"https:\\\/\\\/repliquemangacine.fr\\\/wp-content\\\/uploads\\\/2023\\\/11\\\/Colt-Navy-1851.jpg\",\"datePublished\":\"2023-11-13T14:05:31+00:00\",\"dateModified\":\"2026-02-25T14:22:27+00:00\",\"description\":\"D\u00e9couvrez cette magnifique r\u00e9plique du Colt Navy 1851 de la marque Kolser au meilleur prix. Tout en acier. Crosse en bois. M\u00e9canisme fonctionnel. L. 35 cm\",\"breadcrumb\":{\"@id\":\"https:\\\/\\\/repliquemangacine.fr\\\/colt-revolver-western\\\/colt-navy-1851-kolser\\\/#breadcrumb\"},\"inLanguage\":\"de\",\"potentialAction\":[{\"@type\":\"ReadAction\",\"target\":[\"https:\\\/\\\/repliquemangacine.fr\\\/colt-revolver-western\\\/colt-navy-1851-kolser\\\/\"]}]},{\"@type\":\"ImageObject\",\"inLanguage\":\"de\",\"@id\":\"https:\\\/\\\/repliquemangacine.fr\\\/colt-revolver-western\\\/colt-navy-1851-kolser\\\/#primaryimage\",\"url\":\"https:\\\/\\\/repliquemangacine.fr\\\/wp-content\\\/uploads\\\/2023\\\/11\\\/Colt-Navy-1851.jpg\",\"contentUrl\":\"https:\\\/\\\/repliquemangacine.fr\\\/wp-content\\\/uploads\\\/2023\\\/11\\\/Colt-Navy-1851.jpg\",\"width\":500,\"height\":500,\"caption\":\"Colt Navy 1851\"},{\"@type\":\"BreadcrumbList\",\"@id\":\"https:\\\/\\\/repliquemangacine.fr\\\/colt-revolver-western\\\/colt-navy-1851-kolser\\\/#breadcrumb\",\"itemListElement\":[{\"@type\":\"ListItem\",\"position\":1,\"name\":\"Accueil\",\"item\":\"https:\\\/\\\/repliquemangacine.fr\\\/\"},{\"@type\":\"ListItem\",\"position\":2,\"name\":\"Produits\",\"item\":\"https:\\\/\\\/repliquemangacine.fr\\\/boutique\\\/\"},{\"@type\":\"ListItem\",\"position\":3,\"name\":\"Colt Navy 1851 Kolser\"}]},{\"@type\":\"WebSite\",\"@id\":\"https:\\\/\\\/repliquemangacine.fr\\\/#website\",\"url\":\"https:\\\/\\\/repliquemangacine.fr\\\/\",\"name\":\"R\u00e9plique Manga Cin\u00e9\",\"description\":\"\",\"publisher\":{\"@id\":\"https:\\\/\\\/repliquemangacine.fr\\\/#organization\"},\"potentialAction\":[{\"@type\":\"SearchAction\",\"target\":{\"@type\":\"EntryPoint\",\"urlTemplate\":\"https:\\\/\\\/repliquemangacine.fr\\\/?s={search_term_string}\"},\"query-input\":{\"@type\":\"PropertyValueSpecification\",\"valueRequired\":true,\"valueName\":\"search_term_string\"}}],\"inLanguage\":\"de\"},{\"@type\":\"Organization\",\"@id\":\"https:\\\/\\\/repliquemangacine.fr\\\/#organization\",\"name\":\"R\u00e9plique Manga Cin\u00e9\",\"url\":\"https:\\\/\\\/repliquemangacine.fr\\\/\",\"logo\":{\"@type\":\"ImageObject\",\"inLanguage\":\"de\",\"@id\":\"https:\\\/\\\/repliquemangacine.fr\\\/#\\\/schema\\\/logo\\\/image\\\/\",\"url\":\"https:\\\/\\\/repliquemangacine.fr\\\/wp-content\\\/uploads\\\/2023\\\/10\\\/RMC-500250.png\",\"contentUrl\":\"https:\\\/\\\/repliquemangacine.fr\\\/wp-content\\\/uploads\\\/2023\\\/10\\\/RMC-500250.png\",\"width\":500,\"height\":250,\"caption\":\"R\u00e9plique Manga Cin\u00e9\"},\"image\":{\"@id\":\"https:\\\/\\\/repliquemangacine.fr\\\/#\\\/schema\\\/logo\\\/image\\\/\"},\"sameAs\":[\"https:\\\/\\\/www.facebook.com\\\/RepliqueMangaCine\",\"https:\\\/\\\/www.instagram.com\\\/repliquemangacine.fr\\\/\"]}]}<\/script>\n<!-- \/ Yoast SEO plugin. -->","yoast_head_json":{"title":"Colt Navy 1851 Kolser - Kolser Replica Waffen | R\u00e9plique Manga Cin\u00e9","description":"Entdecken Sie diese wundersch\u00f6ne Replik des Colt Navy 1851 der Marke Kolser zum besten Preis. Ganz aus Stahl gefertigt. Schaft aus Holz. Funktioneller Mechanismus. L. 35 cm","robots":{"index":"index","follow":"follow","max-snippet":"max-snippet:-1","max-image-preview":"max-image-preview:large","max-video-preview":"max-video-preview:-1"},"canonical":"https:\/\/repliquemangacine.fr\/de\/colt-western-revolver\/colt-navy-1851-kolser\/","og_locale":"de_DE","og_type":"article","og_title":"Colt Navy 1851 Kolser - R\u00e9plique d'armes Kolser | R\u00e9plique Manga Cin\u00e9","og_description":"D\u00e9couvrez cette magnifique r\u00e9plique du Colt Navy 1851 de la marque Kolser au meilleur prix. Tout en acier. Crosse en bois. M\u00e9canisme fonctionnel. L. 35 cm","og_url":"https:\/\/repliquemangacine.fr\/de\/colt-western-revolver\/colt-navy-1851-kolser\/","og_site_name":"R\u00e9plique Manga Cin\u00e9","article_publisher":"https:\/\/www.facebook.com\/RepliqueMangaCine","article_modified_time":"2026-02-25T14:22:27+00:00","og_image":[{"width":500,"height":500,"url":"https:\/\/repliquemangacine.fr\/wp-content\/uploads\/2023\/11\/Colt-Navy-1851.jpg","type":"image\/jpeg"}],"twitter_card":"summary_large_image","twitter_misc":{"Gesch\u00e4tzte Lesezeit":"3\u00a0Minuten"},"schema":{"@context":"https:\/\/schema.org","@graph":[{"@type":"WebPage","@id":"https:\/\/repliquemangacine.fr\/colt-revolver-western\/colt-navy-1851-kolser\/","url":"https:\/\/repliquemangacine.fr\/colt-revolver-western\/colt-navy-1851-kolser\/","name":"Colt Navy 1851 Kolser - Kolser Replica Waffen | R\u00e9plique Manga Cin\u00e9","isPartOf":{"@id":"https:\/\/repliquemangacine.fr\/#website"},"primaryImageOfPage":{"@id":"https:\/\/repliquemangacine.fr\/colt-revolver-western\/colt-navy-1851-kolser\/#primaryimage"},"image":{"@id":"https:\/\/repliquemangacine.fr\/colt-revolver-western\/colt-navy-1851-kolser\/#primaryimage"},"thumbnailUrl":"https:\/\/repliquemangacine.fr\/wp-content\/uploads\/2023\/11\/Colt-Navy-1851.jpg","datePublished":"2023-11-13T14:05:31+00:00","dateModified":"2026-02-25T14:22:27+00:00","description":"Entdecken Sie diese wundersch\u00f6ne Replik des Colt Navy 1851 der Marke Kolser zum besten Preis. Ganz aus Stahl gefertigt. Schaft aus Holz. Funktioneller Mechanismus. L. 35 cm","breadcrumb":{"@id":"https:\/\/repliquemangacine.fr\/colt-revolver-western\/colt-navy-1851-kolser\/#breadcrumb"},"inLanguage":"de","potentialAction":[{"@type":"ReadAction","target":["https:\/\/repliquemangacine.fr\/colt-revolver-western\/colt-navy-1851-kolser\/"]}]},{"@type":"ImageObject","inLanguage":"de","@id":"https:\/\/repliquemangacine.fr\/colt-revolver-western\/colt-navy-1851-kolser\/#primaryimage","url":"https:\/\/repliquemangacine.fr\/wp-content\/uploads\/2023\/11\/Colt-Navy-1851.jpg","contentUrl":"https:\/\/repliquemangacine.fr\/wp-content\/uploads\/2023\/11\/Colt-Navy-1851.jpg","width":500,"height":500,"caption":"Colt Navy 1851"},{"@type":"BreadcrumbList","@id":"https:\/\/repliquemangacine.fr\/colt-revolver-western\/colt-navy-1851-kolser\/#breadcrumb","itemListElement":[{"@type":"ListItem","position":1,"name":"Accueil","item":"https:\/\/repliquemangacine.fr\/"},{"@type":"ListItem","position":2,"name":"Produits","item":"https:\/\/repliquemangacine.fr\/boutique\/"},{"@type":"ListItem","position":3,"name":"Colt Navy 1851 Kolser"}]},{"@type":"WebSite","@id":"https:\/\/repliquemangacine.fr\/#website","url":"https:\/\/repliquemangacine.fr\/","name":"R\u00e9plique Manga Cin\u00e9","description":"","publisher":{"@id":"https:\/\/repliquemangacine.fr\/#organization"},"potentialAction":[{"@type":"SearchAction","target":{"@type":"EntryPoint","urlTemplate":"https:\/\/repliquemangacine.fr\/?s={search_term_string}"},"query-input":{"@type":"PropertyValueSpecification","valueRequired":true,"valueName":"search_term_string"}}],"inLanguage":"de"},{"@type":"Organization","@id":"https:\/\/repliquemangacine.fr\/#organization","name":"R\u00e9plique Manga Cin\u00e9","url":"https:\/\/repliquemangacine.fr\/","logo":{"@type":"ImageObject","inLanguage":"de","@id":"https:\/\/repliquemangacine.fr\/#\/schema\/logo\/image\/","url":"https:\/\/repliquemangacine.fr\/wp-content\/uploads\/2023\/10\/RMC-500250.png","contentUrl":"https:\/\/repliquemangacine.fr\/wp-content\/uploads\/2023\/10\/RMC-500250.png","width":500,"height":250,"caption":"R\u00e9plique Manga Cin\u00e9"},"image":{"@id":"https:\/\/repliquemangacine.fr\/#\/schema\/logo\/image\/"},"sameAs":["https:\/\/www.facebook.com\/RepliqueMangaCine","https:\/\/www.instagram.com\/repliquemangacine.fr\/"]}]}},"_links":{"self":[{"href":"https:\/\/repliquemangacine.fr\/de\/wp-json\/wp\/v2\/product\/65404","targetHints":{"allow":["GET"]}}],"collection":[{"href":"https:\/\/repliquemangacine.fr\/de\/wp-json\/wp\/v2\/product"}],"about":[{"href":"https:\/\/repliquemangacine.fr\/de\/wp-json\/wp\/v2\/types\/product"}],"wp:featuredmedia":[{"embeddable":true,"href":"https:\/\/repliquemangacine.fr\/de\/wp-json\/wp\/v2\/media\/65405"}],"wp:attachment":[{"href":"https:\/\/repliquemangacine.fr\/de\/wp-json\/wp\/v2\/media?parent=65404"}],"wp:term":[{"taxonomy":"product_brand","embeddable":true,"href":"https:\/\/repliquemangacine.fr\/de\/wp-json\/wp\/v2\/product_brand?post=65404"},{"taxonomy":"product_cat","embeddable":true,"href":"https:\/\/repliquemangacine.fr\/de\/wp-json\/wp\/v2\/product_cat?post=65404"},{"taxonomy":"product_tag","embeddable":true,"href":"https:\/\/repliquemangacine.fr\/de\/wp-json\/wp\/v2\/product_tag?post=65404"}],"curies":[{"name":"wp","href":"https:\/\/api.w.org\/{rel}","templated":true}]}}