





{"id":65378,"date":"2023-11-13T11:45:52","date_gmt":"2023-11-13T10:45:52","guid":{"rendered":"https:\/\/repliquemangacine.fr\/?post_type=product&#038;p=65378"},"modified":"2026-04-17T11:29:51","modified_gmt":"2026-04-17T09:29:51","slug":"colt-navy-1851-messing","status":"publish","type":"product","link":"https:\/\/repliquemangacine.fr\/de\/arme-kolser\/colt-navy-1851-laiton\/","title":{"rendered":"Colt Navy 1851 Messing"},"content":{"rendered":"<h2>Colt Navy 1851 Messing von Kolser: eine historische Replik<\/h2>\n<p>Zun\u00e4chst einmal ist der <strong>Colt Navy 1851 Messing<\/strong>, eine symboltr\u00e4chtige Waffe des Sezessionskrieges, spielte w\u00e4hrend dieses Konflikts eine entscheidende Rolle. Der wegen seiner Zuverl\u00e4ssigkeit sehr gesch\u00e4tzte Perkussionsrevolver,<br \/>\nseine Pr\u00e4zision und einfache Handhabung.<\/p>\n<p>Wurde sowohl von Soldaten der Union als auch der Konf\u00f6deration verwendet. Der Colt Navy 1851 hat zahlreiche Schlachten gepr\u00e4gt. Sein innovatives Design und seine Robustheit machten ihn zu einer bevorzugten Waffe auf den Schlachtfeldern, und seine elegante \u00c4sthetik begeisterte auch Zivilisten.<\/p>\n<h3>Treue und Pr\u00e4zision: Die St\u00e4rken des Colt Navy 1851 Kolser<\/h3>\n<p>Es ist hervorzuheben, dass sich die Marke Kolser dazu verpflichtet hat, den Colt Navy 1851 mit beeindruckender Genauigkeit nachzubilden. Jeder Aspekt der Waffe, von der Gravur bis zur Metallverarbeitung, wurde sorgf\u00e4ltig ausgearbeitet, um die historische Waffe originalgetreu nachzubilden.<\/p>\n<p>Dies wird durch eine sorgf\u00e4ltige Konstruktion jedes einzelnen Teils und einen manuellen Montageprozess erreicht, der eine unvergleichliche Liebe zum Detail garantiert.<\/p>\n<h2>Der Colt Navy 1851 von Kolser : Eine Qualit\u00e4tsauswahl zu einem wettbewerbsf\u00e4higen Preis<\/h2>\n<p>Dieser von Kolser originalgetreu nachgebaute Colt ist eine ausgezeichnete Wahl f\u00fcr Liebhaber historischer Waffen und vereint einwandfreie Qualit\u00e4t mit einem attraktiven Preis. Diese sorgf\u00e4ltig gefertigte Replik bietet Enthusiasten ein authentisches Erlebnis, da sie die Details und den Mechanismus der Originalwaffe, die w\u00e4hrend des amerikanischen B\u00fcrgerkriegs verwendet wurde, pr\u00e4zise nachbildet.<\/p>\n<p>Die Sorgfalt, mit der jeder Aspekt des Revolvers gestaltet wurde, garantiert eine au\u00dfergew\u00f6hnliche historische Genauigkeit. Insgesamt verbindet der Revolver von Kolser auf perfekte Weise historische Tradition und Erschwinglichkeit.<\/p>\n<h3>Au\u00dfergew\u00f6hnliches Preis-Leistungs-Verh\u00e4ltnis des Colt Navy 1851 Kolser<\/h3>\n<p>Kolsers Engagement, einen authentischen und gleichzeitig erschwinglichen Colt anzubieten, spiegelt sich \u00fcbrigens in seinem Preis-Leistungs-Verh\u00e4ltnis wider. Sammler und historische Reenactors erhalten ein hochwertiges Replikat, ohne viel Geld investieren zu m\u00fcssen. Es gibt auch, das <a href=\"https:\/\/repliquemangacine.fr\/de\/neuheiten\/thunderer-revolver-messing\/\">Colt Thunderer<\/a> mit seinem Perlmuttgriff - ein Wunder! Und, viele andere mehr<\/p>\n<h2>Die Vorteile der Wahl der Marke Kolser f\u00fcr historische Repliken<\/h2>\n<p>Kolser, eine bekannte Marke im Bereich der Replikas historischer Waffen. Bekannt f\u00fcr ihr Engagement f\u00fcr Authentizit\u00e4t und Qualit\u00e4t. <a href=\"https:\/\/kolser.com\/\" target=\"_blank\" rel=\"noopener noreferrer\">Kolser<\/a> bietet Repliken, die historische Genauigkeit mit hochwertiger handwerklicher Verarbeitung verbinden.<\/p>\n<p>Diese Marke ist bei Sammlern und Geschichtsinteressierten besonders beliebt, da sie legend\u00e4re Waffen originalgetreu nachbildet. Insgesamt zeichnet sich die Marke Kolser durch ihre F\u00e4higkeit aus, Repliken von au\u00dfergew\u00f6hnlicher Genauigkeit und Qualit\u00e4t anzubieten.<\/p>\n<h3>H\u00f6chste Qualit\u00e4t und historische Treue: Die St\u00e4rken von Kolser<\/h3>\n<p>Einer der Hauptvorteile von Kolser ist die hohe Qualit\u00e4t seiner Nachbildungen. Jedes Produkt ist das Ergebnis gr\u00fcndlicher Forschung und handwerklichen Know-hows, wodurch eine originalgetreue Reproduktion der Originalwaffen gew\u00e4hrleistet ist. Dar\u00fcber hinaus verwendet Kolser hochwertige Materialien, die jedem St\u00fcck Langlebigkeit und \u00c4sthetik verleihen.<\/p>\n<p>Zusammenfassend l\u00e4sst sich sagen, dass Kolser die Erwartungen selbst der anspruchsvollsten Liebhaber erf\u00fcllt.<\/p>","protected":false},"excerpt":{"rendered":"<p>Absolut bemerkenswert ist diese Replik des Colt Navy 1851 der Marke Kolser.<\/p>\n<ul>\n<li>Ganz aus zweifarbigem Stahl<\/li>\n<li>Holzschaft<\/li>\n<li>Gravur der beiden Seiten des achteckigen Laufs<\/li>\n<li>Funktioneller Mechanismus mit drei Positionen<\/li>\n<li>Rotierende 6-Kammer-Trommel geeignet f\u00fcr Knallk\u00f6rperz\u00fcndh\u00fctchen<\/li>\n<li>Wird in einer Schachtel geliefert<\/li>\n<li>Gesamtl\u00e4nge: 35 cm<\/li>\n<\/ul>\n<p><iframe title=\"YouTube-Videoplayer\" src=\"https:\/\/www.youtube.com\/embed\/6lT4fGB7hAc?si=OUGueoPSUHwitwYE\" width=\"560\" height=\"315\" frameborder=\"0\" allowfullscreen=\"allowfullscreen\"><\/iframe><\/p>","protected":false},"featured_media":65380,"template":"","meta":[],"product_brand":[896],"product_cat":[100,34,77,28,27],"product_tag":[],"class_list":{"0":"post-65378","1":"product","2":"type-product","3":"status-publish","4":"has-post-thumbnail","6":"product_brand-replique-manga-cine","7":"product_cat-arme-kolser","8":"product_cat-armes-westerns","9":"product_cat-colt-revolver-western","10":"product_cat-repliques-darmes","11":"product_cat-armes-et-accessoires-western","13":"first","14":"outofstock","15":"taxable","16":"shipping-taxable","17":"purchasable","18":"product-type-simple"},"yoast_head":"<!-- This site is optimized with the Yoast SEO plugin v27.5 - https:\/\/yoast.com\/product\/yoast-seo-wordpress\/ -->\n<title>Colt Navy 1851 laiton - R\u00e9pliques d&#039;armes Kolser | R\u00e9plique Manga Cin\u00e9<\/title>\n<meta name=\"description\" content=\"D\u00e9couvrez la derni\u00e8re nouveaut\u00e9 Kolser, le Colt Navy 1851 laiton au meilleur prix. Tout en m\u00e9tal deux tons. M\u00e9canisme fonctionnel. Identique aux originaux.\" \/>\n<meta name=\"robots\" content=\"index, follow, max-snippet:-1, max-image-preview:large, max-video-preview:-1\" \/>\n<link rel=\"canonical\" href=\"https:\/\/repliquemangacine.fr\/de\/kolser-waffe\/colt-navy-1851-messing\/\" \/>\n<meta property=\"og:locale\" content=\"de_DE\" \/>\n<meta property=\"og:type\" content=\"article\" \/>\n<meta property=\"og:title\" content=\"Colt Navy 1851 laiton - R\u00e9pliques d&#039;armes Kolser | R\u00e9plique Manga Cin\u00e9\" \/>\n<meta property=\"og:description\" content=\"D\u00e9couvrez la derni\u00e8re nouveaut\u00e9 Kolser, le Colt Navy 1851 laiton au meilleur prix. Tout en m\u00e9tal deux tons. M\u00e9canisme fonctionnel. Identique aux originaux.\" \/>\n<meta property=\"og:url\" content=\"https:\/\/repliquemangacine.fr\/de\/kolser-waffe\/colt-navy-1851-messing\/\" \/>\n<meta property=\"og:site_name\" content=\"R\u00e9plique Manga Cin\u00e9\" \/>\n<meta property=\"article:publisher\" content=\"https:\/\/www.facebook.com\/RepliqueMangaCine\" \/>\n<meta property=\"article:modified_time\" content=\"2026-04-17T09:29:51+00:00\" \/>\n<meta property=\"og:image\" content=\"https:\/\/repliquemangacine.fr\/wp-content\/uploads\/2023\/11\/Colt-Navy-1851-laiton-kolser.jpg\" \/>\n\t<meta property=\"og:image:width\" content=\"500\" \/>\n\t<meta property=\"og:image:height\" content=\"500\" \/>\n\t<meta property=\"og:image:type\" content=\"image\/jpeg\" \/>\n<meta name=\"twitter:card\" content=\"summary_large_image\" \/>\n<meta name=\"twitter:label1\" content=\"Gesch\u00e4tzte Lesezeit\" \/>\n\t<meta name=\"twitter:data1\" content=\"3\u00a0Minuten\" \/>\n<script type=\"application\/ld+json\" class=\"yoast-schema-graph\">{\"@context\":\"https:\\\/\\\/schema.org\",\"@graph\":[{\"@type\":\"WebPage\",\"@id\":\"https:\\\/\\\/repliquemangacine.fr\\\/arme-kolser\\\/colt-navy-1851-laiton\\\/\",\"url\":\"https:\\\/\\\/repliquemangacine.fr\\\/arme-kolser\\\/colt-navy-1851-laiton\\\/\",\"name\":\"Colt Navy 1851 laiton - R\u00e9pliques d'armes Kolser | R\u00e9plique Manga Cin\u00e9\",\"isPartOf\":{\"@id\":\"https:\\\/\\\/repliquemangacine.fr\\\/#website\"},\"primaryImageOfPage\":{\"@id\":\"https:\\\/\\\/repliquemangacine.fr\\\/arme-kolser\\\/colt-navy-1851-laiton\\\/#primaryimage\"},\"image\":{\"@id\":\"https:\\\/\\\/repliquemangacine.fr\\\/arme-kolser\\\/colt-navy-1851-laiton\\\/#primaryimage\"},\"thumbnailUrl\":\"https:\\\/\\\/repliquemangacine.fr\\\/wp-content\\\/uploads\\\/2023\\\/11\\\/Colt-Navy-1851-laiton-kolser.jpg\",\"datePublished\":\"2023-11-13T10:45:52+00:00\",\"dateModified\":\"2026-04-17T09:29:51+00:00\",\"description\":\"D\u00e9couvrez la derni\u00e8re nouveaut\u00e9 Kolser, le Colt Navy 1851 laiton au meilleur prix. Tout en m\u00e9tal deux tons. M\u00e9canisme fonctionnel. Identique aux originaux.\",\"breadcrumb\":{\"@id\":\"https:\\\/\\\/repliquemangacine.fr\\\/arme-kolser\\\/colt-navy-1851-laiton\\\/#breadcrumb\"},\"inLanguage\":\"de\",\"potentialAction\":[{\"@type\":\"ReadAction\",\"target\":[\"https:\\\/\\\/repliquemangacine.fr\\\/arme-kolser\\\/colt-navy-1851-laiton\\\/\"]}]},{\"@type\":\"ImageObject\",\"inLanguage\":\"de\",\"@id\":\"https:\\\/\\\/repliquemangacine.fr\\\/arme-kolser\\\/colt-navy-1851-laiton\\\/#primaryimage\",\"url\":\"https:\\\/\\\/repliquemangacine.fr\\\/wp-content\\\/uploads\\\/2023\\\/11\\\/Colt-Navy-1851-laiton-kolser.jpg\",\"contentUrl\":\"https:\\\/\\\/repliquemangacine.fr\\\/wp-content\\\/uploads\\\/2023\\\/11\\\/Colt-Navy-1851-laiton-kolser.jpg\",\"width\":500,\"height\":500,\"caption\":\"Colt Navy 1851 laiton. Marque Kolser\"},{\"@type\":\"BreadcrumbList\",\"@id\":\"https:\\\/\\\/repliquemangacine.fr\\\/arme-kolser\\\/colt-navy-1851-laiton\\\/#breadcrumb\",\"itemListElement\":[{\"@type\":\"ListItem\",\"position\":1,\"name\":\"Accueil\",\"item\":\"https:\\\/\\\/repliquemangacine.fr\\\/\"},{\"@type\":\"ListItem\",\"position\":2,\"name\":\"Produits\",\"item\":\"https:\\\/\\\/repliquemangacine.fr\\\/boutique\\\/\"},{\"@type\":\"ListItem\",\"position\":3,\"name\":\"Colt Navy 1851 laiton\"}]},{\"@type\":\"WebSite\",\"@id\":\"https:\\\/\\\/repliquemangacine.fr\\\/#website\",\"url\":\"https:\\\/\\\/repliquemangacine.fr\\\/\",\"name\":\"R\u00e9plique Manga Cin\u00e9\",\"description\":\"\",\"publisher\":{\"@id\":\"https:\\\/\\\/repliquemangacine.fr\\\/#organization\"},\"potentialAction\":[{\"@type\":\"SearchAction\",\"target\":{\"@type\":\"EntryPoint\",\"urlTemplate\":\"https:\\\/\\\/repliquemangacine.fr\\\/?s={search_term_string}\"},\"query-input\":{\"@type\":\"PropertyValueSpecification\",\"valueRequired\":true,\"valueName\":\"search_term_string\"}}],\"inLanguage\":\"de\"},{\"@type\":\"Organization\",\"@id\":\"https:\\\/\\\/repliquemangacine.fr\\\/#organization\",\"name\":\"R\u00e9plique Manga Cin\u00e9\",\"url\":\"https:\\\/\\\/repliquemangacine.fr\\\/\",\"logo\":{\"@type\":\"ImageObject\",\"inLanguage\":\"de\",\"@id\":\"https:\\\/\\\/repliquemangacine.fr\\\/#\\\/schema\\\/logo\\\/image\\\/\",\"url\":\"https:\\\/\\\/repliquemangacine.fr\\\/wp-content\\\/uploads\\\/2023\\\/10\\\/RMC-500250.png\",\"contentUrl\":\"https:\\\/\\\/repliquemangacine.fr\\\/wp-content\\\/uploads\\\/2023\\\/10\\\/RMC-500250.png\",\"width\":500,\"height\":250,\"caption\":\"R\u00e9plique Manga Cin\u00e9\"},\"image\":{\"@id\":\"https:\\\/\\\/repliquemangacine.fr\\\/#\\\/schema\\\/logo\\\/image\\\/\"},\"sameAs\":[\"https:\\\/\\\/www.facebook.com\\\/RepliqueMangaCine\",\"https:\\\/\\\/www.instagram.com\\\/repliquemangacine.fr\\\/\"]}]}<\/script>\n<!-- \/ Yoast SEO plugin. -->","yoast_head_json":{"title":"Colt Navy 1851 Messing - Kolser Replica Waffen | R\u00e9plique Manga Cin\u00e9","description":"Entdecken Sie die neueste Kolser Neuheit, die Colt Navy 1851 Messing zum besten Preis. Komplett aus zweifarbigem Metall. Funktioneller Mechanismus. Identisch mit den Originalen.","robots":{"index":"index","follow":"follow","max-snippet":"max-snippet:-1","max-image-preview":"max-image-preview:large","max-video-preview":"max-video-preview:-1"},"canonical":"https:\/\/repliquemangacine.fr\/de\/kolser-waffe\/colt-navy-1851-messing\/","og_locale":"de_DE","og_type":"article","og_title":"Colt Navy 1851 laiton - R\u00e9pliques d'armes Kolser | R\u00e9plique Manga Cin\u00e9","og_description":"D\u00e9couvrez la derni\u00e8re nouveaut\u00e9 Kolser, le Colt Navy 1851 laiton au meilleur prix. Tout en m\u00e9tal deux tons. M\u00e9canisme fonctionnel. Identique aux originaux.","og_url":"https:\/\/repliquemangacine.fr\/de\/kolser-waffe\/colt-navy-1851-messing\/","og_site_name":"R\u00e9plique Manga Cin\u00e9","article_publisher":"https:\/\/www.facebook.com\/RepliqueMangaCine","article_modified_time":"2026-04-17T09:29:51+00:00","og_image":[{"width":500,"height":500,"url":"https:\/\/repliquemangacine.fr\/wp-content\/uploads\/2023\/11\/Colt-Navy-1851-laiton-kolser.jpg","type":"image\/jpeg"}],"twitter_card":"summary_large_image","twitter_misc":{"Gesch\u00e4tzte Lesezeit":"3\u00a0Minuten"},"schema":{"@context":"https:\/\/schema.org","@graph":[{"@type":"WebPage","@id":"https:\/\/repliquemangacine.fr\/arme-kolser\/colt-navy-1851-laiton\/","url":"https:\/\/repliquemangacine.fr\/arme-kolser\/colt-navy-1851-laiton\/","name":"Colt Navy 1851 Messing - Kolser Replica Waffen | R\u00e9plique Manga Cin\u00e9","isPartOf":{"@id":"https:\/\/repliquemangacine.fr\/#website"},"primaryImageOfPage":{"@id":"https:\/\/repliquemangacine.fr\/arme-kolser\/colt-navy-1851-laiton\/#primaryimage"},"image":{"@id":"https:\/\/repliquemangacine.fr\/arme-kolser\/colt-navy-1851-laiton\/#primaryimage"},"thumbnailUrl":"https:\/\/repliquemangacine.fr\/wp-content\/uploads\/2023\/11\/Colt-Navy-1851-laiton-kolser.jpg","datePublished":"2023-11-13T10:45:52+00:00","dateModified":"2026-04-17T09:29:51+00:00","description":"Entdecken Sie die neueste Kolser Neuheit, die Colt Navy 1851 Messing zum besten Preis. Komplett aus zweifarbigem Metall. Funktioneller Mechanismus. Identisch mit den Originalen.","breadcrumb":{"@id":"https:\/\/repliquemangacine.fr\/arme-kolser\/colt-navy-1851-laiton\/#breadcrumb"},"inLanguage":"de","potentialAction":[{"@type":"ReadAction","target":["https:\/\/repliquemangacine.fr\/arme-kolser\/colt-navy-1851-laiton\/"]}]},{"@type":"ImageObject","inLanguage":"de","@id":"https:\/\/repliquemangacine.fr\/arme-kolser\/colt-navy-1851-laiton\/#primaryimage","url":"https:\/\/repliquemangacine.fr\/wp-content\/uploads\/2023\/11\/Colt-Navy-1851-laiton-kolser.jpg","contentUrl":"https:\/\/repliquemangacine.fr\/wp-content\/uploads\/2023\/11\/Colt-Navy-1851-laiton-kolser.jpg","width":500,"height":500,"caption":"Colt Navy 1851 laiton. Marque Kolser"},{"@type":"BreadcrumbList","@id":"https:\/\/repliquemangacine.fr\/arme-kolser\/colt-navy-1851-laiton\/#breadcrumb","itemListElement":[{"@type":"ListItem","position":1,"name":"Accueil","item":"https:\/\/repliquemangacine.fr\/"},{"@type":"ListItem","position":2,"name":"Produits","item":"https:\/\/repliquemangacine.fr\/boutique\/"},{"@type":"ListItem","position":3,"name":"Colt Navy 1851 laiton"}]},{"@type":"WebSite","@id":"https:\/\/repliquemangacine.fr\/#website","url":"https:\/\/repliquemangacine.fr\/","name":"R\u00e9plique Manga Cin\u00e9","description":"","publisher":{"@id":"https:\/\/repliquemangacine.fr\/#organization"},"potentialAction":[{"@type":"SearchAction","target":{"@type":"EntryPoint","urlTemplate":"https:\/\/repliquemangacine.fr\/?s={search_term_string}"},"query-input":{"@type":"PropertyValueSpecification","valueRequired":true,"valueName":"search_term_string"}}],"inLanguage":"de"},{"@type":"Organization","@id":"https:\/\/repliquemangacine.fr\/#organization","name":"R\u00e9plique Manga Cin\u00e9","url":"https:\/\/repliquemangacine.fr\/","logo":{"@type":"ImageObject","inLanguage":"de","@id":"https:\/\/repliquemangacine.fr\/#\/schema\/logo\/image\/","url":"https:\/\/repliquemangacine.fr\/wp-content\/uploads\/2023\/10\/RMC-500250.png","contentUrl":"https:\/\/repliquemangacine.fr\/wp-content\/uploads\/2023\/10\/RMC-500250.png","width":500,"height":250,"caption":"R\u00e9plique Manga Cin\u00e9"},"image":{"@id":"https:\/\/repliquemangacine.fr\/#\/schema\/logo\/image\/"},"sameAs":["https:\/\/www.facebook.com\/RepliqueMangaCine","https:\/\/www.instagram.com\/repliquemangacine.fr\/"]}]}},"_links":{"self":[{"href":"https:\/\/repliquemangacine.fr\/de\/wp-json\/wp\/v2\/product\/65378","targetHints":{"allow":["GET"]}}],"collection":[{"href":"https:\/\/repliquemangacine.fr\/de\/wp-json\/wp\/v2\/product"}],"about":[{"href":"https:\/\/repliquemangacine.fr\/de\/wp-json\/wp\/v2\/types\/product"}],"wp:featuredmedia":[{"embeddable":true,"href":"https:\/\/repliquemangacine.fr\/de\/wp-json\/wp\/v2\/media\/65380"}],"wp:attachment":[{"href":"https:\/\/repliquemangacine.fr\/de\/wp-json\/wp\/v2\/media?parent=65378"}],"wp:term":[{"taxonomy":"product_brand","embeddable":true,"href":"https:\/\/repliquemangacine.fr\/de\/wp-json\/wp\/v2\/product_brand?post=65378"},{"taxonomy":"product_cat","embeddable":true,"href":"https:\/\/repliquemangacine.fr\/de\/wp-json\/wp\/v2\/product_cat?post=65378"},{"taxonomy":"product_tag","embeddable":true,"href":"https:\/\/repliquemangacine.fr\/de\/wp-json\/wp\/v2\/product_tag?post=65378"}],"curies":[{"name":"wp","href":"https:\/\/api.w.org\/{rel}","templated":true}]}}