





{"id":65257,"date":"2023-11-13T11:06:10","date_gmt":"2023-11-13T10:06:10","guid":{"rendered":"https:\/\/repliquemangacine.fr\/?post_type=product&#038;p=65257"},"modified":"2025-12-12T17:24:52","modified_gmt":"2025-12-12T16:24:52","slug":"colt-navy-1862-grau","status":"publish","type":"product","link":"https:\/\/repliquemangacine.fr\/de\/arme-kolser\/colt-navy-1862-gris\/","title":{"rendered":"Colt Navy 1862 Grau"},"content":{"rendered":"<h2>Der Colt Navy 1862 von Kolser : Ein hochwertiges historisches Replikat<\/h2>\n<p>Zun\u00e4chst einmal ist der <strong>Colt Navy 1862 grau<\/strong>ist eine Replik einer historischen Waffe. Sie vereint die Treue zum Originalmodell mit hervorragender Handwerkskunst. Diese Replik, hergestellt von einer Marke, die f\u00fcr ihre Liebe zum Detail bekannt ist. Bietet Sammlern und Geschichtsliebhabern ein authentisches Eintauchen in die Vergangenheit.<\/p>\n<p>Dieser Colt zeichnet sich durch seine pr\u00e4zise Fertigung aus, bei der die Spezifikationen und das Design der Originalwaffe eingehalten wurden. Wurde w\u00e4hrend des B\u00fcrgerkriegs verwendet. Jeder Aspekt der Waffe, von der Gravur bis zur Metallverarbeitung, wurde akribisch bearbeitet, um die historische Waffe widerzuspiegeln.<\/p>\n<h3>Treue und Pr\u00e4zision: Die St\u00e4rken des Colt Navy 1862 Kolser<\/h3>\n<p>Dieser rigorose Ansatz garantiert ein authentisches Erlebnis f\u00fcr die Nutzer. Ob sie nun historische Reenactors sind oder einfach nur Geschichtsliebhaber. Der Kolser Colt Navy 1862 ist nicht nur ein Replikat, sondern ein St\u00fcck greifbare Geschichte, das einer vergangenen Epoche Tribut zollt.<\/p>\n<h2>Preis-Leistungs-Verh\u00e4ltnis des Colt Navy 1862 Kolser : Eine kluge Investition<\/h2>\n<p>Das Preis-Leistungs-Verh\u00e4ltnis des Colt Navy 1862 der Marke Kolser ist f\u00fcr viele Sammler und Liebhaber historischer Waffen ein entscheidender Faktor. Diese Replik verbindet gewissenhaften Respekt vor der Geschichte mit einem erschwinglichen Preis und bietet so einen au\u00dfergew\u00f6hnlichen Wert. Sammler k\u00f6nnen sich ein St\u00fcck Geschichte leisten, ohne Kompromisse bei der Qualit\u00e4t oder ihrem Budget eingehen zu m\u00fcssen.<\/p>\n<p>Tats\u00e4chlich ist es Kolser gelungen, ein perfektes Gleichgewicht zwischen der originalgetreuen Nachbildung einer historischen Waffe und einem f\u00fcr die breite \u00d6ffentlichkeit erschwinglichen Preis herzustellen.<\/p>\n<h3>Ein perfektes Gleichgewicht zwischen Authentizit\u00e4t und Zug\u00e4nglichkeit<\/h3>\n<p>So macht diese Gewinnkombination die Repliken des <strong>Colt Navy 1862 grau<\/strong> f\u00fcr eine breite Palette von Liebhabern zug\u00e4nglich, von Anf\u00e4ngern bis zu erfahrenen Sammlern. Die Erschwinglichkeit dieser Repliken beeintr\u00e4chtigt in keiner Weise ihre Qualit\u00e4t. <a href=\"https:\/\/repliquemangacine.fr\/de\/kolser-waffe\/\">Kolser Waffen<\/a> eine bevorzugte Wahl f\u00fcr alle, die einen greifbaren Teil der Geschichte besitzen m\u00f6chten.<\/p>\n<h2>Warum Sie Kolser f\u00fcr Ihre Colt Navy 1862 Replik w\u00e4hlen sollten<\/h2>\n<p>Wenn Sie sich f\u00fcr ein Kolser-Replikat entscheiden, entscheiden Sie sich f\u00fcr eine Marke, die sich im Bereich der historischen Waffen bew\u00e4hrt hat. Sie ist bekannt f\u00fcr ihre F\u00e4higkeit, au\u00dfergew\u00f6hnlich originalgetreue Repliken herzustellen, die handwerkliches K\u00f6nnen mit moderner Technologie verbinden. Daher macht dieser Ruf Kolser zu einer unumg\u00e4nglichen Wahl f\u00fcr Liebhaber historischer Waffen.<\/p>\n<p>Es muss betont werden, dass die Marke auf jedes noch so kleine Detail achtet. Dadurch wird gew\u00e4hrleistet, dass jedes Replikat nicht nur ein Sammlerst\u00fcck ist, sondern auch ein St\u00fcck originalgetreue Geschichte.<\/p>\n<h3>Kolser: Synonym f\u00fcr historische Treue und Qualit\u00e4t<\/h3>\n<p>Im \u00dcbrigen ist die Verpflichtung von <a href=\"https:\/\/kolser.com\/\" target=\"_blank\" rel=\"noopener noreferrer\">Kolser<\/a> Qualit\u00e4t und Authentizit\u00e4t spiegeln sich in jeder Replik in ihrem Katalog wider, z. B. der <a href=\"https:\/\/repliquemangacine.fr\/de\/kolser-waffe\/koffer-peacemaker-5-5-poliert-kolser\/\">colt peacemaker poli<\/a>.<\/p>\n<p>Zusammenfassend l\u00e4sst sich sagen, dass Sammler, die sich f\u00fcr Kolser entscheiden, sicher sein k\u00f6nnen, dass sie eine Replik erwerben, die das Erbe des <strong>Colt Navy 1862 grau<\/strong>Sie k\u00f6nnen sich auf ein modernes Know-how und eine einwandfreie Herstellungsqualit\u00e4t verlassen.<\/p>","protected":false},"excerpt":{"rendered":"<p>Wundersch\u00f6ne Replik des grauen Colt Navy 1862 der Marke Kolser.<\/p>\n<ul>\n<li>Aus grauem, gealtertem Metall<\/li>\n<li>Schaft aus Holz.<\/li>\n<li>Funktioneller Mechanismus mit drei Positionen.<\/li>\n<li>Nachf\u00fcllbare, rotierende Trommelkammer, geeignet f\u00fcr Knallk\u00f6rper-Z\u00fcndh\u00fctchen<\/li>\n<li>Wird in einer Schachtel geliefert<\/li>\n<li>Gesamtl\u00e4nge: 35 cm<\/li>\n<\/ul>\n<p><iframe title=\"YouTube-Videoplayer\" src=\"https:\/\/www.youtube.com\/embed\/6lT4fGB7hAc?si=f_fQ1nHr52Ynp5OL\" width=\"560\" height=\"315\" frameborder=\"0\" allowfullscreen=\"allowfullscreen\"><\/iframe><\/p>","protected":false},"featured_media":65266,"template":"","meta":[],"product_brand":[896],"product_cat":[100,34,77,28,27,64],"product_tag":[],"class_list":{"0":"post-65257","1":"product","2":"type-product","3":"status-publish","4":"has-post-thumbnail","6":"product_brand-replique-manga-cine","7":"product_cat-arme-kolser","8":"product_cat-armes-westerns","9":"product_cat-colt-revolver-western","10":"product_cat-repliques-darmes","11":"product_cat-armes-et-accessoires-western","12":"product_cat-western-repliques-armes","14":"first","15":"instock","16":"taxable","17":"shipping-taxable","18":"purchasable","19":"product-type-simple"},"yoast_head":"<!-- This site is optimized with the Yoast SEO plugin v27.5 - https:\/\/yoast.com\/product\/yoast-seo-wordpress\/ -->\n<title>Colt Navy 1862 Gris - R\u00e9plique d&#039;armes Kolser | R\u00e9plique Manga Cin\u00e9<\/title>\n<meta name=\"description\" content=\"Venez vite d\u00e9couvrir notre derni\u00e8re nouveaut\u00e9 Kolser le Colt Navy 1862 gris. Tout en m\u00e9tal, fid\u00e8le \u00e0 l&#039;original. M\u00e9canisme fonctionnel. Qualit\u00e9\/prix garanti\" \/>\n<meta name=\"robots\" content=\"index, follow, max-snippet:-1, max-image-preview:large, max-video-preview:-1\" \/>\n<link rel=\"canonical\" href=\"https:\/\/repliquemangacine.fr\/de\/kolser-waffe\/colt-navy-1862-grau\/\" \/>\n<meta property=\"og:locale\" content=\"de_DE\" \/>\n<meta property=\"og:type\" content=\"article\" \/>\n<meta property=\"og:title\" content=\"Colt Navy 1862 Gris - R\u00e9plique d&#039;armes Kolser | R\u00e9plique Manga Cin\u00e9\" \/>\n<meta property=\"og:description\" content=\"Venez vite d\u00e9couvrir notre derni\u00e8re nouveaut\u00e9 Kolser le Colt Navy 1862 gris. Tout en m\u00e9tal, fid\u00e8le \u00e0 l&#039;original. M\u00e9canisme fonctionnel. Qualit\u00e9\/prix garanti\" \/>\n<meta property=\"og:url\" content=\"https:\/\/repliquemangacine.fr\/de\/kolser-waffe\/colt-navy-1862-grau\/\" \/>\n<meta property=\"og:site_name\" content=\"R\u00e9plique Manga Cin\u00e9\" \/>\n<meta property=\"article:publisher\" content=\"https:\/\/www.facebook.com\/RepliqueMangaCine\" \/>\n<meta property=\"article:modified_time\" content=\"2025-12-12T16:24:52+00:00\" \/>\n<meta property=\"og:image\" content=\"https:\/\/repliquemangacine.fr\/wp-content\/uploads\/2023\/11\/Colt-Navy-1862-Gris.jpg\" \/>\n\t<meta property=\"og:image:width\" content=\"500\" \/>\n\t<meta property=\"og:image:height\" content=\"500\" \/>\n\t<meta property=\"og:image:type\" content=\"image\/jpeg\" \/>\n<meta name=\"twitter:card\" content=\"summary_large_image\" \/>\n<meta name=\"twitter:label1\" content=\"Gesch\u00e4tzte Lesezeit\" \/>\n\t<meta name=\"twitter:data1\" content=\"3\u00a0Minuten\" \/>\n<script type=\"application\/ld+json\" class=\"yoast-schema-graph\">{\"@context\":\"https:\\\/\\\/schema.org\",\"@graph\":[{\"@type\":\"WebPage\",\"@id\":\"https:\\\/\\\/repliquemangacine.fr\\\/arme-kolser\\\/colt-navy-1862-gris\\\/\",\"url\":\"https:\\\/\\\/repliquemangacine.fr\\\/arme-kolser\\\/colt-navy-1862-gris\\\/\",\"name\":\"Colt Navy 1862 Gris - R\u00e9plique d'armes Kolser | R\u00e9plique Manga Cin\u00e9\",\"isPartOf\":{\"@id\":\"https:\\\/\\\/repliquemangacine.fr\\\/#website\"},\"primaryImageOfPage\":{\"@id\":\"https:\\\/\\\/repliquemangacine.fr\\\/arme-kolser\\\/colt-navy-1862-gris\\\/#primaryimage\"},\"image\":{\"@id\":\"https:\\\/\\\/repliquemangacine.fr\\\/arme-kolser\\\/colt-navy-1862-gris\\\/#primaryimage\"},\"thumbnailUrl\":\"https:\\\/\\\/repliquemangacine.fr\\\/wp-content\\\/uploads\\\/2023\\\/11\\\/Colt-Navy-1862-Gris.jpg\",\"datePublished\":\"2023-11-13T10:06:10+00:00\",\"dateModified\":\"2025-12-12T16:24:52+00:00\",\"description\":\"Venez vite d\u00e9couvrir notre derni\u00e8re nouveaut\u00e9 Kolser le Colt Navy 1862 gris. Tout en m\u00e9tal, fid\u00e8le \u00e0 l'original. M\u00e9canisme fonctionnel. Qualit\u00e9\\\/prix garanti\",\"breadcrumb\":{\"@id\":\"https:\\\/\\\/repliquemangacine.fr\\\/arme-kolser\\\/colt-navy-1862-gris\\\/#breadcrumb\"},\"inLanguage\":\"de\",\"potentialAction\":[{\"@type\":\"ReadAction\",\"target\":[\"https:\\\/\\\/repliquemangacine.fr\\\/arme-kolser\\\/colt-navy-1862-gris\\\/\"]}]},{\"@type\":\"ImageObject\",\"inLanguage\":\"de\",\"@id\":\"https:\\\/\\\/repliquemangacine.fr\\\/arme-kolser\\\/colt-navy-1862-gris\\\/#primaryimage\",\"url\":\"https:\\\/\\\/repliquemangacine.fr\\\/wp-content\\\/uploads\\\/2023\\\/11\\\/Colt-Navy-1862-Gris.jpg\",\"contentUrl\":\"https:\\\/\\\/repliquemangacine.fr\\\/wp-content\\\/uploads\\\/2023\\\/11\\\/Colt-Navy-1862-Gris.jpg\",\"width\":500,\"height\":500,\"caption\":\"Colt Navy 1862 gris\"},{\"@type\":\"BreadcrumbList\",\"@id\":\"https:\\\/\\\/repliquemangacine.fr\\\/arme-kolser\\\/colt-navy-1862-gris\\\/#breadcrumb\",\"itemListElement\":[{\"@type\":\"ListItem\",\"position\":1,\"name\":\"Accueil\",\"item\":\"https:\\\/\\\/repliquemangacine.fr\\\/\"},{\"@type\":\"ListItem\",\"position\":2,\"name\":\"Produits\",\"item\":\"https:\\\/\\\/repliquemangacine.fr\\\/boutique\\\/\"},{\"@type\":\"ListItem\",\"position\":3,\"name\":\"Colt Navy 1862 Gris\"}]},{\"@type\":\"WebSite\",\"@id\":\"https:\\\/\\\/repliquemangacine.fr\\\/#website\",\"url\":\"https:\\\/\\\/repliquemangacine.fr\\\/\",\"name\":\"R\u00e9plique Manga Cin\u00e9\",\"description\":\"\",\"publisher\":{\"@id\":\"https:\\\/\\\/repliquemangacine.fr\\\/#organization\"},\"potentialAction\":[{\"@type\":\"SearchAction\",\"target\":{\"@type\":\"EntryPoint\",\"urlTemplate\":\"https:\\\/\\\/repliquemangacine.fr\\\/?s={search_term_string}\"},\"query-input\":{\"@type\":\"PropertyValueSpecification\",\"valueRequired\":true,\"valueName\":\"search_term_string\"}}],\"inLanguage\":\"de\"},{\"@type\":\"Organization\",\"@id\":\"https:\\\/\\\/repliquemangacine.fr\\\/#organization\",\"name\":\"R\u00e9plique Manga Cin\u00e9\",\"url\":\"https:\\\/\\\/repliquemangacine.fr\\\/\",\"logo\":{\"@type\":\"ImageObject\",\"inLanguage\":\"de\",\"@id\":\"https:\\\/\\\/repliquemangacine.fr\\\/#\\\/schema\\\/logo\\\/image\\\/\",\"url\":\"https:\\\/\\\/repliquemangacine.fr\\\/wp-content\\\/uploads\\\/2023\\\/10\\\/RMC-500250.png\",\"contentUrl\":\"https:\\\/\\\/repliquemangacine.fr\\\/wp-content\\\/uploads\\\/2023\\\/10\\\/RMC-500250.png\",\"width\":500,\"height\":250,\"caption\":\"R\u00e9plique Manga Cin\u00e9\"},\"image\":{\"@id\":\"https:\\\/\\\/repliquemangacine.fr\\\/#\\\/schema\\\/logo\\\/image\\\/\"},\"sameAs\":[\"https:\\\/\\\/www.facebook.com\\\/RepliqueMangaCine\",\"https:\\\/\\\/www.instagram.com\\\/repliquemangacine.fr\\\/\"]}]}<\/script>\n<!-- \/ Yoast SEO plugin. -->","yoast_head_json":{"title":"Colt Navy 1862 Grau - Kolser Replica Waffen | R\u00e9plique Manga Cin\u00e9","description":"Kommen Sie und entdecken Sie unsere neueste Kolser-Neuheit, den Colt Navy 1862 grau. Ganz aus Metall, originalgetreu. Funktioneller Mechanismus. Garantierte Qualit\u00e4t\/Preis","robots":{"index":"index","follow":"follow","max-snippet":"max-snippet:-1","max-image-preview":"max-image-preview:large","max-video-preview":"max-video-preview:-1"},"canonical":"https:\/\/repliquemangacine.fr\/de\/kolser-waffe\/colt-navy-1862-grau\/","og_locale":"de_DE","og_type":"article","og_title":"Colt Navy 1862 Gris - R\u00e9plique d'armes Kolser | R\u00e9plique Manga Cin\u00e9","og_description":"Venez vite d\u00e9couvrir notre derni\u00e8re nouveaut\u00e9 Kolser le Colt Navy 1862 gris. Tout en m\u00e9tal, fid\u00e8le \u00e0 l'original. M\u00e9canisme fonctionnel. Qualit\u00e9\/prix garanti","og_url":"https:\/\/repliquemangacine.fr\/de\/kolser-waffe\/colt-navy-1862-grau\/","og_site_name":"R\u00e9plique Manga Cin\u00e9","article_publisher":"https:\/\/www.facebook.com\/RepliqueMangaCine","article_modified_time":"2025-12-12T16:24:52+00:00","og_image":[{"width":500,"height":500,"url":"https:\/\/repliquemangacine.fr\/wp-content\/uploads\/2023\/11\/Colt-Navy-1862-Gris.jpg","type":"image\/jpeg"}],"twitter_card":"summary_large_image","twitter_misc":{"Gesch\u00e4tzte Lesezeit":"3\u00a0Minuten"},"schema":{"@context":"https:\/\/schema.org","@graph":[{"@type":"WebPage","@id":"https:\/\/repliquemangacine.fr\/arme-kolser\/colt-navy-1862-gris\/","url":"https:\/\/repliquemangacine.fr\/arme-kolser\/colt-navy-1862-gris\/","name":"Colt Navy 1862 Grau - Kolser Replica Waffen | R\u00e9plique Manga Cin\u00e9","isPartOf":{"@id":"https:\/\/repliquemangacine.fr\/#website"},"primaryImageOfPage":{"@id":"https:\/\/repliquemangacine.fr\/arme-kolser\/colt-navy-1862-gris\/#primaryimage"},"image":{"@id":"https:\/\/repliquemangacine.fr\/arme-kolser\/colt-navy-1862-gris\/#primaryimage"},"thumbnailUrl":"https:\/\/repliquemangacine.fr\/wp-content\/uploads\/2023\/11\/Colt-Navy-1862-Gris.jpg","datePublished":"2023-11-13T10:06:10+00:00","dateModified":"2025-12-12T16:24:52+00:00","description":"Kommen Sie und entdecken Sie unsere neueste Kolser-Neuheit, den Colt Navy 1862 grau. Ganz aus Metall, originalgetreu. Funktioneller Mechanismus. Garantierte Qualit\u00e4t\/Preis","breadcrumb":{"@id":"https:\/\/repliquemangacine.fr\/arme-kolser\/colt-navy-1862-gris\/#breadcrumb"},"inLanguage":"de","potentialAction":[{"@type":"ReadAction","target":["https:\/\/repliquemangacine.fr\/arme-kolser\/colt-navy-1862-gris\/"]}]},{"@type":"ImageObject","inLanguage":"de","@id":"https:\/\/repliquemangacine.fr\/arme-kolser\/colt-navy-1862-gris\/#primaryimage","url":"https:\/\/repliquemangacine.fr\/wp-content\/uploads\/2023\/11\/Colt-Navy-1862-Gris.jpg","contentUrl":"https:\/\/repliquemangacine.fr\/wp-content\/uploads\/2023\/11\/Colt-Navy-1862-Gris.jpg","width":500,"height":500,"caption":"Colt Navy 1862 gris"},{"@type":"BreadcrumbList","@id":"https:\/\/repliquemangacine.fr\/arme-kolser\/colt-navy-1862-gris\/#breadcrumb","itemListElement":[{"@type":"ListItem","position":1,"name":"Accueil","item":"https:\/\/repliquemangacine.fr\/"},{"@type":"ListItem","position":2,"name":"Produits","item":"https:\/\/repliquemangacine.fr\/boutique\/"},{"@type":"ListItem","position":3,"name":"Colt Navy 1862 Gris"}]},{"@type":"WebSite","@id":"https:\/\/repliquemangacine.fr\/#website","url":"https:\/\/repliquemangacine.fr\/","name":"R\u00e9plique Manga Cin\u00e9","description":"","publisher":{"@id":"https:\/\/repliquemangacine.fr\/#organization"},"potentialAction":[{"@type":"SearchAction","target":{"@type":"EntryPoint","urlTemplate":"https:\/\/repliquemangacine.fr\/?s={search_term_string}"},"query-input":{"@type":"PropertyValueSpecification","valueRequired":true,"valueName":"search_term_string"}}],"inLanguage":"de"},{"@type":"Organization","@id":"https:\/\/repliquemangacine.fr\/#organization","name":"R\u00e9plique Manga Cin\u00e9","url":"https:\/\/repliquemangacine.fr\/","logo":{"@type":"ImageObject","inLanguage":"de","@id":"https:\/\/repliquemangacine.fr\/#\/schema\/logo\/image\/","url":"https:\/\/repliquemangacine.fr\/wp-content\/uploads\/2023\/10\/RMC-500250.png","contentUrl":"https:\/\/repliquemangacine.fr\/wp-content\/uploads\/2023\/10\/RMC-500250.png","width":500,"height":250,"caption":"R\u00e9plique Manga Cin\u00e9"},"image":{"@id":"https:\/\/repliquemangacine.fr\/#\/schema\/logo\/image\/"},"sameAs":["https:\/\/www.facebook.com\/RepliqueMangaCine","https:\/\/www.instagram.com\/repliquemangacine.fr\/"]}]}},"_links":{"self":[{"href":"https:\/\/repliquemangacine.fr\/de\/wp-json\/wp\/v2\/product\/65257","targetHints":{"allow":["GET"]}}],"collection":[{"href":"https:\/\/repliquemangacine.fr\/de\/wp-json\/wp\/v2\/product"}],"about":[{"href":"https:\/\/repliquemangacine.fr\/de\/wp-json\/wp\/v2\/types\/product"}],"wp:featuredmedia":[{"embeddable":true,"href":"https:\/\/repliquemangacine.fr\/de\/wp-json\/wp\/v2\/media\/65266"}],"wp:attachment":[{"href":"https:\/\/repliquemangacine.fr\/de\/wp-json\/wp\/v2\/media?parent=65257"}],"wp:term":[{"taxonomy":"product_brand","embeddable":true,"href":"https:\/\/repliquemangacine.fr\/de\/wp-json\/wp\/v2\/product_brand?post=65257"},{"taxonomy":"product_cat","embeddable":true,"href":"https:\/\/repliquemangacine.fr\/de\/wp-json\/wp\/v2\/product_cat?post=65257"},{"taxonomy":"product_tag","embeddable":true,"href":"https:\/\/repliquemangacine.fr\/de\/wp-json\/wp\/v2\/product_tag?post=65257"}],"curies":[{"name":"wp","href":"https:\/\/api.w.org\/{rel}","templated":true}]}}