





{"id":65238,"date":"2023-11-13T11:12:10","date_gmt":"2023-11-13T10:12:10","guid":{"rendered":"https:\/\/repliquemangacine.fr\/?post_type=product&#038;p=65238"},"modified":"2026-04-14T12:08:32","modified_gmt":"2026-04-14T10:08:32","slug":"colt-navy-1862-schwarz-und-messing-kolser","status":"publish","type":"product","link":"https:\/\/repliquemangacine.fr\/de\/arme-kolser\/colt-navy-1862-noir-et-laiton-kolser\/","title":{"rendered":"Colt Navy 1862 Messing - Kolser"},"content":{"rendered":"<h2>Kolsers Replik des Colt Navy Confederate von 1862<\/h2>\n<p>Zun\u00e4chst einmal ist der <strong>Colt Navy 1862 Messing<\/strong> Die von Kolser gealterte Nachbildung entspricht genau der Pistole, die urspr\u00fcnglich von Samuel Colt entworfen und w\u00e4hrend des amerikanischen B\u00fcrgerkriegs von den Soldaten der Konf\u00f6derierten getragen wurde. Obwohl sie auf dem Modell von 1851 basiert, unterscheidet sich diese Nachbildung durch einen zylindrischen Lauf, der das achteckige Design ersetzt.<\/p>\n<p>Kolser gibt die Ma\u00dfe der authentischen Waffe originalgetreu wieder und garantiert so eine originalgetreue Nachbildung, w\u00e4hrend ihr Gewicht dem des Originals sehr nahe kommt. Diese Nachbildung verf\u00fcgt \u00fcber einen funktionsf\u00e4higen Mechanismus mit drei Positionen und einen Lauf mit sechs Kammern.<\/p>\n<h3>Das historische Erbe des Colt Navy 1862 im B\u00fcrgerkrieg<\/h3>\n<p>Symbolischer Revolver aus dem amerikanischen B\u00fcrgerkrieg. Gesch\u00e4tzt f\u00fcr seine Zuverl\u00e4ssigkeit, Pr\u00e4zision und Handlichkeit. Dieser Revolver wurde von beiden Seiten, der Union und der Konf\u00f6deration, verwendet und spielte in vielen K\u00e4mpfen eine Schl\u00fcsselrolle. Sein innovatives Design pr\u00e4gte die Entwicklung von Feuerwaffen und beeinflusste zuk\u00fcnftige Modelle.<\/p>\n<h2>Der Colt Navy 1862 Messing: Eine erstklassige Investition f\u00fcr Geschichtsliebhaber<\/h2>\n<p>Diese <strong>Colt Navy 1862 Messing<\/strong>, originalgetreu nachgebildet von Kolser, ist eine Gelegenheit f\u00fcr Sammler und Geschichtsinteressierte. Diese Replik, die Qualit\u00e4t und Erschwinglichkeit vereint, bietet eine einzigartige Chance, ein St\u00fcck Geschichte zu besitzen, ohne sich zu ruinieren. Der mit Liebe zum Detail gefertigte Revolver f\u00e4ngt die Essenz und den Geist des Originals ein und bleibt dabei erschwinglich.<\/p>\n<p>Diese Repliken sind so konzipiert, dass sie die Eigenschaften des Originalmodells, einschlie\u00dflich seiner ber\u00fchmten Pr\u00e4zision und Zuverl\u00e4ssigkeit, originalgetreu widerspiegeln. Die Sorgfalt, die jedem Detail gewidmet wird, von der Gravur bis zur Endbearbeitung, macht jedes St\u00fcck zu einem wertvollen Sammlerst\u00fcck.<\/p>\n<h3>Preis-Leistungs-Verh\u00e4ltnis der Kolser-Repliken<\/h3>\n<p>Wenn Sammler sich also f\u00fcr Kolser entscheiden, profitieren sie von einem ausgezeichneten Preis-Leistungs-Verh\u00e4ltnis. Au\u00dferdem sind diese Repliken aufgrund ihrer Erschwinglichkeit ideal f\u00fcr diejenigen, die mit ihrer Sammlung beginnen oder sie erweitern m\u00f6chten. So k\u00f6nnen Sie sich mehrere Modelle wie den <a href=\"https:\/\/repliquemangacine.fr\/de\/kolser-waffe\/colt-thunderer-schaft-perlmutt\/\">Colt Thunderer<\/a> und seinem Perlmuttgriff oder auch die <a href=\"https:\/\/repliquemangacine.fr\/de\/kolser-waffe\/mares-leg-55cm-messing-kolser\/\">winchester Mare's Leg<\/a> von Josh Randall.<\/p>\n<h2>Warum Sie Kolser f\u00fcr Ihre Colt Navy 1862 Replik w\u00e4hlen sollten<\/h2>\n<p><a href=\"https:\/\/kolser.com\/fr\/produit\/replica-colt-navy-confederate-1862\/\" target=\"_blank\" rel=\"noopener noreferrer\">Kolser<\/a> hat sich als bevorzugte Wahl f\u00fcr Repliken historischer Waffen etabliert, und der <strong>Colt Navy 1862 Messing<\/strong> bildet da keine Ausnahme. Au\u00dferdem zeichnen sich die Repliken von Kolser durch ihre originalgetreue Ausf\u00fchrung aus. Ihre hochwertige Verarbeitung und ihr erschwinglicher Preis machen diese Marke zu einer unverzichtbaren Wahl f\u00fcr Sammler.<\/p>\n<p>Die Marke Kolser hat sich auf dem Markt f\u00fcr Waffenrepliken durch ihr au\u00dfergew\u00f6hnliches Engagement f\u00fcr h\u00f6chste Qualit\u00e4t und den bemerkenswerten Realismus ihrer Nachbildungen einen Namen gemacht. Dies wird durch eine sorgf\u00e4ltige Konstruktion jedes einzelnen Teils und einen akribischen manuellen Montageprozess erreicht, der eine un\u00fcbertroffene Liebe zum Detail garantiert.<\/p>\n<h3>Die distinktiven Vorteile der Kolser-Repliken<\/h3>\n<p>Zusammenfassend l\u00e4sst sich sagen, dass die Entscheidung f\u00fcr ein Kolser-Replikat bedeutet, sich f\u00fcr die Exzellenz bei der Reproduktion historischer Waffen zu entscheiden. Dar\u00fcber hinaus verwendet Kolser hochwertige Materialien, um Haltbarkeit und \u00c4sthetik zu gew\u00e4hrleisten.<\/p>","protected":false},"excerpt":{"rendered":"<p>Absolut wundersch\u00f6n ist diese Replik des Colt Navy 1862 Messing von der Marke Kolser.<\/p>\n<ul>\n<li>Aus Metall und Messing<\/li>\n<li>Schaft aus Holz.<\/li>\n<li>Funktionaler Mechanismus.<\/li>\n<li>Gravur auf beiden Seiten des Laufs<\/li>\n<li>Nachf\u00fcllbare rotierende Trommelkammer geeignet f\u00fcr Knallk\u00f6rper-Z\u00fcndh\u00fctchen.<\/li>\n<li>Wird in einer Schachtel geliefert.<\/li>\n<li>Gesamtl\u00e4nge: 35 cm<\/li>\n<\/ul>\n<p><iframe title=\"YouTube-Videoplayer\" src=\"https:\/\/www.youtube.com\/embed\/6lT4fGB7hAc?si=kmY9Kajzr3u-F2Ah\" width=\"560\" height=\"315\" frameborder=\"0\" allowfullscreen=\"allowfullscreen\"><\/iframe><\/p>","protected":false},"featured_media":65246,"template":"","meta":[],"product_brand":[896],"product_cat":[100,34,33,77,28,64,27],"product_tag":[],"class_list":{"0":"post-65238","1":"product","2":"type-product","3":"status-publish","4":"has-post-thumbnail","6":"product_brand-replique-manga-cine","7":"product_cat-arme-kolser","8":"product_cat-armes-westerns","9":"product_cat-colt-pistolet","10":"product_cat-colt-revolver-western","11":"product_cat-repliques-darmes","12":"product_cat-western-repliques-armes","13":"product_cat-armes-et-accessoires-western","15":"first","16":"outofstock","17":"taxable","18":"shipping-taxable","19":"purchasable","20":"product-type-simple"},"yoast_head":"<!-- This site is optimized with the Yoast SEO plugin v27.5 - https:\/\/yoast.com\/product\/yoast-seo-wordpress\/ -->\n<title>Colt Navy 1862 laiton - Kolser - R\u00e9pliques d&#039;armes westerns | RMC<\/title>\n<meta name=\"description\" content=\"D\u00e9couvrez cette superbe r\u00e9plique du Colt Navy 1862 laiton de la marque Kolser. Finitions absolument remarquables. M\u00e9canisme fonctionnel. Haute qualit\u00e9.\" \/>\n<meta name=\"robots\" content=\"index, follow, max-snippet:-1, max-image-preview:large, max-video-preview:-1\" \/>\n<link rel=\"canonical\" href=\"https:\/\/repliquemangacine.fr\/de\/kolser-waffe\/colt-navy-1862-schwarz-und-messing-kolser\/\" \/>\n<meta property=\"og:locale\" content=\"de_DE\" \/>\n<meta property=\"og:type\" content=\"article\" \/>\n<meta property=\"og:title\" content=\"Colt Navy 1862 laiton - Kolser - R\u00e9pliques d&#039;armes westerns | RMC\" \/>\n<meta property=\"og:description\" content=\"D\u00e9couvrez cette superbe r\u00e9plique du Colt Navy 1862 laiton de la marque Kolser. Finitions absolument remarquables. M\u00e9canisme fonctionnel. Haute qualit\u00e9.\" \/>\n<meta property=\"og:url\" content=\"https:\/\/repliquemangacine.fr\/de\/kolser-waffe\/colt-navy-1862-schwarz-und-messing-kolser\/\" \/>\n<meta property=\"og:site_name\" content=\"R\u00e9plique Manga Cin\u00e9\" \/>\n<meta property=\"article:publisher\" content=\"https:\/\/www.facebook.com\/RepliqueMangaCine\" \/>\n<meta property=\"article:modified_time\" content=\"2026-04-14T10:08:32+00:00\" \/>\n<meta property=\"og:image\" content=\"https:\/\/repliquemangacine.fr\/wp-content\/uploads\/2023\/11\/colt-navy-1862-laiton-vieilli.jpg\" \/>\n\t<meta property=\"og:image:width\" content=\"500\" \/>\n\t<meta property=\"og:image:height\" content=\"500\" \/>\n\t<meta property=\"og:image:type\" content=\"image\/jpeg\" \/>\n<meta name=\"twitter:card\" content=\"summary_large_image\" \/>\n<meta name=\"twitter:label1\" content=\"Gesch\u00e4tzte Lesezeit\" \/>\n\t<meta name=\"twitter:data1\" content=\"3\u00a0Minuten\" \/>\n<script type=\"application\/ld+json\" class=\"yoast-schema-graph\">{\"@context\":\"https:\\\/\\\/schema.org\",\"@graph\":[{\"@type\":\"WebPage\",\"@id\":\"https:\\\/\\\/repliquemangacine.fr\\\/arme-kolser\\\/colt-navy-1862-noir-et-laiton-kolser\\\/\",\"url\":\"https:\\\/\\\/repliquemangacine.fr\\\/arme-kolser\\\/colt-navy-1862-noir-et-laiton-kolser\\\/\",\"name\":\"Colt Navy 1862 laiton - Kolser - R\u00e9pliques d'armes westerns | RMC\",\"isPartOf\":{\"@id\":\"https:\\\/\\\/repliquemangacine.fr\\\/#website\"},\"primaryImageOfPage\":{\"@id\":\"https:\\\/\\\/repliquemangacine.fr\\\/arme-kolser\\\/colt-navy-1862-noir-et-laiton-kolser\\\/#primaryimage\"},\"image\":{\"@id\":\"https:\\\/\\\/repliquemangacine.fr\\\/arme-kolser\\\/colt-navy-1862-noir-et-laiton-kolser\\\/#primaryimage\"},\"thumbnailUrl\":\"https:\\\/\\\/repliquemangacine.fr\\\/wp-content\\\/uploads\\\/2023\\\/11\\\/colt-navy-1862-laiton-vieilli.jpg\",\"datePublished\":\"2023-11-13T10:12:10+00:00\",\"dateModified\":\"2026-04-14T10:08:32+00:00\",\"description\":\"D\u00e9couvrez cette superbe r\u00e9plique du Colt Navy 1862 laiton de la marque Kolser. Finitions absolument remarquables. M\u00e9canisme fonctionnel. Haute qualit\u00e9.\",\"breadcrumb\":{\"@id\":\"https:\\\/\\\/repliquemangacine.fr\\\/arme-kolser\\\/colt-navy-1862-noir-et-laiton-kolser\\\/#breadcrumb\"},\"inLanguage\":\"de\",\"potentialAction\":[{\"@type\":\"ReadAction\",\"target\":[\"https:\\\/\\\/repliquemangacine.fr\\\/arme-kolser\\\/colt-navy-1862-noir-et-laiton-kolser\\\/\"]}]},{\"@type\":\"ImageObject\",\"inLanguage\":\"de\",\"@id\":\"https:\\\/\\\/repliquemangacine.fr\\\/arme-kolser\\\/colt-navy-1862-noir-et-laiton-kolser\\\/#primaryimage\",\"url\":\"https:\\\/\\\/repliquemangacine.fr\\\/wp-content\\\/uploads\\\/2023\\\/11\\\/colt-navy-1862-laiton-vieilli.jpg\",\"contentUrl\":\"https:\\\/\\\/repliquemangacine.fr\\\/wp-content\\\/uploads\\\/2023\\\/11\\\/colt-navy-1862-laiton-vieilli.jpg\",\"width\":500,\"height\":500,\"caption\":\"Colt Navy 1862 laiton Kolser\"},{\"@type\":\"BreadcrumbList\",\"@id\":\"https:\\\/\\\/repliquemangacine.fr\\\/arme-kolser\\\/colt-navy-1862-noir-et-laiton-kolser\\\/#breadcrumb\",\"itemListElement\":[{\"@type\":\"ListItem\",\"position\":1,\"name\":\"Accueil\",\"item\":\"https:\\\/\\\/repliquemangacine.fr\\\/\"},{\"@type\":\"ListItem\",\"position\":2,\"name\":\"Produits\",\"item\":\"https:\\\/\\\/repliquemangacine.fr\\\/boutique\\\/\"},{\"@type\":\"ListItem\",\"position\":3,\"name\":\"Colt Navy 1862 laiton &#8211; Kolser\"}]},{\"@type\":\"WebSite\",\"@id\":\"https:\\\/\\\/repliquemangacine.fr\\\/#website\",\"url\":\"https:\\\/\\\/repliquemangacine.fr\\\/\",\"name\":\"R\u00e9plique Manga Cin\u00e9\",\"description\":\"\",\"publisher\":{\"@id\":\"https:\\\/\\\/repliquemangacine.fr\\\/#organization\"},\"potentialAction\":[{\"@type\":\"SearchAction\",\"target\":{\"@type\":\"EntryPoint\",\"urlTemplate\":\"https:\\\/\\\/repliquemangacine.fr\\\/?s={search_term_string}\"},\"query-input\":{\"@type\":\"PropertyValueSpecification\",\"valueRequired\":true,\"valueName\":\"search_term_string\"}}],\"inLanguage\":\"de\"},{\"@type\":\"Organization\",\"@id\":\"https:\\\/\\\/repliquemangacine.fr\\\/#organization\",\"name\":\"R\u00e9plique Manga Cin\u00e9\",\"url\":\"https:\\\/\\\/repliquemangacine.fr\\\/\",\"logo\":{\"@type\":\"ImageObject\",\"inLanguage\":\"de\",\"@id\":\"https:\\\/\\\/repliquemangacine.fr\\\/#\\\/schema\\\/logo\\\/image\\\/\",\"url\":\"https:\\\/\\\/repliquemangacine.fr\\\/wp-content\\\/uploads\\\/2023\\\/10\\\/RMC-500250.png\",\"contentUrl\":\"https:\\\/\\\/repliquemangacine.fr\\\/wp-content\\\/uploads\\\/2023\\\/10\\\/RMC-500250.png\",\"width\":500,\"height\":250,\"caption\":\"R\u00e9plique Manga Cin\u00e9\"},\"image\":{\"@id\":\"https:\\\/\\\/repliquemangacine.fr\\\/#\\\/schema\\\/logo\\\/image\\\/\"},\"sameAs\":[\"https:\\\/\\\/www.facebook.com\\\/RepliqueMangaCine\",\"https:\\\/\\\/www.instagram.com\\\/repliquemangacine.fr\\\/\"]}]}<\/script>\n<!-- \/ Yoast SEO plugin. -->","yoast_head_json":{"title":"Colt Navy 1862 Messing - Kolser - Western Replica Waffen | RMC","description":"Entdecken Sie diese wundersch\u00f6ne Replik des Colt Navy 1862 Messing der Marke Kolser. Absolut bemerkenswerte Verarbeitung. Funktioneller Mechanismus. Hohe Qualit\u00e4t.","robots":{"index":"index","follow":"follow","max-snippet":"max-snippet:-1","max-image-preview":"max-image-preview:large","max-video-preview":"max-video-preview:-1"},"canonical":"https:\/\/repliquemangacine.fr\/de\/kolser-waffe\/colt-navy-1862-schwarz-und-messing-kolser\/","og_locale":"de_DE","og_type":"article","og_title":"Colt Navy 1862 laiton - Kolser - R\u00e9pliques d'armes westerns | RMC","og_description":"D\u00e9couvrez cette superbe r\u00e9plique du Colt Navy 1862 laiton de la marque Kolser. Finitions absolument remarquables. M\u00e9canisme fonctionnel. Haute qualit\u00e9.","og_url":"https:\/\/repliquemangacine.fr\/de\/kolser-waffe\/colt-navy-1862-schwarz-und-messing-kolser\/","og_site_name":"R\u00e9plique Manga Cin\u00e9","article_publisher":"https:\/\/www.facebook.com\/RepliqueMangaCine","article_modified_time":"2026-04-14T10:08:32+00:00","og_image":[{"width":500,"height":500,"url":"https:\/\/repliquemangacine.fr\/wp-content\/uploads\/2023\/11\/colt-navy-1862-laiton-vieilli.jpg","type":"image\/jpeg"}],"twitter_card":"summary_large_image","twitter_misc":{"Gesch\u00e4tzte Lesezeit":"3\u00a0Minuten"},"schema":{"@context":"https:\/\/schema.org","@graph":[{"@type":"WebPage","@id":"https:\/\/repliquemangacine.fr\/arme-kolser\/colt-navy-1862-noir-et-laiton-kolser\/","url":"https:\/\/repliquemangacine.fr\/arme-kolser\/colt-navy-1862-noir-et-laiton-kolser\/","name":"Colt Navy 1862 Messing - Kolser - Western Replica Waffen | RMC","isPartOf":{"@id":"https:\/\/repliquemangacine.fr\/#website"},"primaryImageOfPage":{"@id":"https:\/\/repliquemangacine.fr\/arme-kolser\/colt-navy-1862-noir-et-laiton-kolser\/#primaryimage"},"image":{"@id":"https:\/\/repliquemangacine.fr\/arme-kolser\/colt-navy-1862-noir-et-laiton-kolser\/#primaryimage"},"thumbnailUrl":"https:\/\/repliquemangacine.fr\/wp-content\/uploads\/2023\/11\/colt-navy-1862-laiton-vieilli.jpg","datePublished":"2023-11-13T10:12:10+00:00","dateModified":"2026-04-14T10:08:32+00:00","description":"Entdecken Sie diese wundersch\u00f6ne Replik des Colt Navy 1862 Messing der Marke Kolser. Absolut bemerkenswerte Verarbeitung. Funktioneller Mechanismus. Hohe Qualit\u00e4t.","breadcrumb":{"@id":"https:\/\/repliquemangacine.fr\/arme-kolser\/colt-navy-1862-noir-et-laiton-kolser\/#breadcrumb"},"inLanguage":"de","potentialAction":[{"@type":"ReadAction","target":["https:\/\/repliquemangacine.fr\/arme-kolser\/colt-navy-1862-noir-et-laiton-kolser\/"]}]},{"@type":"ImageObject","inLanguage":"de","@id":"https:\/\/repliquemangacine.fr\/arme-kolser\/colt-navy-1862-noir-et-laiton-kolser\/#primaryimage","url":"https:\/\/repliquemangacine.fr\/wp-content\/uploads\/2023\/11\/colt-navy-1862-laiton-vieilli.jpg","contentUrl":"https:\/\/repliquemangacine.fr\/wp-content\/uploads\/2023\/11\/colt-navy-1862-laiton-vieilli.jpg","width":500,"height":500,"caption":"Colt Navy 1862 laiton Kolser"},{"@type":"BreadcrumbList","@id":"https:\/\/repliquemangacine.fr\/arme-kolser\/colt-navy-1862-noir-et-laiton-kolser\/#breadcrumb","itemListElement":[{"@type":"ListItem","position":1,"name":"Accueil","item":"https:\/\/repliquemangacine.fr\/"},{"@type":"ListItem","position":2,"name":"Produits","item":"https:\/\/repliquemangacine.fr\/boutique\/"},{"@type":"ListItem","position":3,"name":"Colt Navy 1862 laiton &#8211; Kolser"}]},{"@type":"WebSite","@id":"https:\/\/repliquemangacine.fr\/#website","url":"https:\/\/repliquemangacine.fr\/","name":"R\u00e9plique Manga Cin\u00e9","description":"","publisher":{"@id":"https:\/\/repliquemangacine.fr\/#organization"},"potentialAction":[{"@type":"SearchAction","target":{"@type":"EntryPoint","urlTemplate":"https:\/\/repliquemangacine.fr\/?s={search_term_string}"},"query-input":{"@type":"PropertyValueSpecification","valueRequired":true,"valueName":"search_term_string"}}],"inLanguage":"de"},{"@type":"Organization","@id":"https:\/\/repliquemangacine.fr\/#organization","name":"R\u00e9plique Manga Cin\u00e9","url":"https:\/\/repliquemangacine.fr\/","logo":{"@type":"ImageObject","inLanguage":"de","@id":"https:\/\/repliquemangacine.fr\/#\/schema\/logo\/image\/","url":"https:\/\/repliquemangacine.fr\/wp-content\/uploads\/2023\/10\/RMC-500250.png","contentUrl":"https:\/\/repliquemangacine.fr\/wp-content\/uploads\/2023\/10\/RMC-500250.png","width":500,"height":250,"caption":"R\u00e9plique Manga Cin\u00e9"},"image":{"@id":"https:\/\/repliquemangacine.fr\/#\/schema\/logo\/image\/"},"sameAs":["https:\/\/www.facebook.com\/RepliqueMangaCine","https:\/\/www.instagram.com\/repliquemangacine.fr\/"]}]}},"_links":{"self":[{"href":"https:\/\/repliquemangacine.fr\/de\/wp-json\/wp\/v2\/product\/65238","targetHints":{"allow":["GET"]}}],"collection":[{"href":"https:\/\/repliquemangacine.fr\/de\/wp-json\/wp\/v2\/product"}],"about":[{"href":"https:\/\/repliquemangacine.fr\/de\/wp-json\/wp\/v2\/types\/product"}],"wp:featuredmedia":[{"embeddable":true,"href":"https:\/\/repliquemangacine.fr\/de\/wp-json\/wp\/v2\/media\/65246"}],"wp:attachment":[{"href":"https:\/\/repliquemangacine.fr\/de\/wp-json\/wp\/v2\/media?parent=65238"}],"wp:term":[{"taxonomy":"product_brand","embeddable":true,"href":"https:\/\/repliquemangacine.fr\/de\/wp-json\/wp\/v2\/product_brand?post=65238"},{"taxonomy":"product_cat","embeddable":true,"href":"https:\/\/repliquemangacine.fr\/de\/wp-json\/wp\/v2\/product_cat?post=65238"},{"taxonomy":"product_tag","embeddable":true,"href":"https:\/\/repliquemangacine.fr\/de\/wp-json\/wp\/v2\/product_tag?post=65238"}],"curies":[{"name":"wp","href":"https:\/\/api.w.org\/{rel}","templated":true}]}}