





{"id":65231,"date":"2023-11-12T12:55:42","date_gmt":"2023-11-12T11:55:42","guid":{"rendered":"https:\/\/repliquemangacine.fr\/?post_type=product&#038;p=65231"},"modified":"2025-11-18T16:14:06","modified_gmt":"2025-11-18T15:14:06","slug":"figurine-kakashi-hatake","status":"publish","type":"product","link":"https:\/\/repliquemangacine.fr\/de\/figurine-naruto\/figurine-kakashi-hatake\/","title":{"rendered":"Kakashi Hatake Actionfigur"},"content":{"rendered":"<h2>Kakashi Hatake Figuren: Eintauchen in die Welt von Naruto<\/h2>\n<p>F\u00fcr den Anfang entdecken Sie unser <strong>Figurine Kakashi Hatake<\/strong>Diese Figur aus dem Naruto-Universum wird jeden Fan begeistern. Zun\u00e4chst einmal ist die Figur von Kakashi, dem legend\u00e4ren kopierenden Ninja, mit viel Liebe zum Detail gefertigt. Das Ergebnis ist eine detailgetreue und beeindruckende Darstellung dieses ikonischen Charakters.<\/p>\n<p>Es ist hervorzuheben, dass diese Figur von Kakashi, wenn er beschw\u00f6rt: den Trupp der Rei\u00dfz\u00e4hne.<\/p>\n<p>Diese Figur ist die perfekte Verk\u00f6rperung von Kakashis Geist und St\u00e4rke und w\u00fcrdigt seine entscheidende Rolle in der Serie.<\/p>\n<h3>Kakashi Hatake: Ein ikonischer Charakter zum Sammeln<\/h3>\n<p>Unsere Kakashi Hatake-Figur ist nicht einfach nur ein Sammlerst\u00fcck, sie ist ein Symbol f\u00fcr den Einfallsreichtum und die Macht dieses beliebten Charakters. Indem Sie sie in Ihre Sammlung aufnehmen, feiern Sie nicht nur den Charakter von <a href=\"https:\/\/naruto.fandom.com\/fr\/wiki\/Kakashi_Hatake\" target=\"_blank\" rel=\"noopener noreferrer\">Kakashi<\/a>Die Sch\u00fclerinnen und Sch\u00fcler sollten sich nicht nur mit der Geschichte, sondern auch mit dem reichen und spannenden Erbe der Naruto-Serie auseinandersetzen.<\/p>\n<h2>Au\u00dfergew\u00f6hnlicher Service f\u00fcr Ihre Kakashi Hatake Figuren<\/h2>\n<p>Bei R\u00e9plique Manga Cin\u00e9 ist der Kauf Ihres <strong>Figurine Kakashi Hatake<\/strong> wird von einem hervorragenden Kundenservice begleitet. Ob eine Figur oder ein <a href=\"https:\/\/repliquemangacine.fr\/de\/naruto-katana\/\">Naruto Katana<\/a>. Wir achten besonders auf die Verpackung jedes einzelnen Gegenstandes und garantieren so eine Lieferung in einwandfreiem Zustand. Mit unserem schnellen Lieferservice innerhalb von 24\/48 Stunden m\u00fcssen Sie au\u00dferdem nicht lange warten, um Kakashi bei sich zu Hause willkommen zu hei\u00dfen.<\/p>\n<h3>Sichere Bezahlung und Kundensupport f\u00fcr eine sorgenfreie Erfahrung<\/h3>\n<p>Wir wissen, wie wichtig Sicherheit und Vertrauen beim Online-Einkauf sind. Deshalb bieten wir einen sicheren 100%-Zahlungsvorgang f\u00fcr Ihre Kakashi Hatake Figur an. Und wenn Sie irgendwelche Fragen haben, ist unser engagierter Kundenservice da, um Ihnen bei jedem Schritt zu helfen und Sie zu beraten.<\/p>\n<h2>Entscheiden Sie sich f\u00fcr Qualit\u00e4t mit unseren Naruto Figuren<\/h2>\n<p>Wenn Sie sich f\u00fcr eine Naruto-Figur aus unserer Kollektion entscheiden, entscheiden Sie sich f\u00fcr hohe Qualit\u00e4t. Diese Figuren sind das Ergebnis einer sorgf\u00e4ltigen Herstellung, die Haltbarkeit und k\u00fcnstlerische Treue vereint. Sie sind zwar inoffiziell, aber f\u00fcr die Ewigkeit gemacht und sollen einen Hauch des Naruto-Universums in Ihren pers\u00f6nlichen oder gesch\u00e4ftlichen Bereich bringen.<\/p>\n<h3>Ein unvergleichliches Preis-Leistungs-Verh\u00e4ltnis f\u00fcr Kakashi Hatake<\/h3>\n<p>Wir sind stolz darauf, Naruto-Figuren zu einem au\u00dfergew\u00f6hnlichen Preis-Leistungs-Verh\u00e4ltnis anbieten zu k\u00f6nnen. Zum Beispiel: die <a href=\"https:\/\/repliquemangacine.fr\/de\/naruto-figurine\/naruto-figurine-rikudo-sennin\/\">Naruto Rikudo-Figur<\/a> Sennin.<\/p>\n<p>Jede Figur ist eine Investition in Ihre Leidenschaft f\u00fcr Naruto. Bieten Sie Ihrer Sammlung einen Mehrwert, ohne Ihr Budget zu belasten.<\/p>\n<p>Zusammenfassend l\u00e4sst sich sagen, dass mit R\u00e9plique Manga Cin\u00e9 der Besitz einer au\u00dfergew\u00f6hnlichen M\u00fcnze f\u00fcr jeden erschwinglich ist, ohne Ihren Geldbeutel zu sprengen.<\/p>","protected":false},"excerpt":{"rendered":"<p>Wundersch\u00f6ne Figur <strong>inoffiziell<\/strong> des Charakters Kakashi Hatake in Naruto.<\/p>\n<ul>\n<li>Alles aus PVC<\/li>\n<li>Fein detailliert<\/li>\n<li>H\u00f6he: 18 cm<\/li>\n<li>Wird mit seiner Vitrinenbox geliefert.<\/li>\n<\/ul>","protected":false},"featured_media":65232,"template":"","meta":[],"product_brand":[896],"product_cat":[832,831,42],"product_tag":[],"class_list":{"0":"post-65231","1":"product","2":"type-product","3":"status-publish","4":"has-post-thumbnail","6":"product_brand-replique-manga-cine","7":"product_cat-figurine-naruto","8":"product_cat-figurines-collector","9":"product_cat-katana-goodies-naruto-kunai","11":"first","12":"instock","13":"taxable","14":"shipping-taxable","15":"purchasable","16":"product-type-simple"},"yoast_head":"<!-- This site is optimized with the Yoast SEO plugin v27.5 - https:\/\/yoast.com\/product\/yoast-seo-wordpress\/ -->\n<title>Figurine Kakashi Hatake - R\u00e9plique Manga Cin\u00e9<\/title>\n<meta name=\"description\" content=\"Venez d\u00e9couvrir votre figurine Kakashi Hatake dans Naruto au meilleur prix du march\u00e9. Tout en PVC. Finement d\u00e9taill\u00e9e. Livr\u00e9 avec sa boite vitrine. H. 18 cm\" \/>\n<meta name=\"robots\" content=\"index, follow, max-snippet:-1, max-image-preview:large, max-video-preview:-1\" \/>\n<link rel=\"canonical\" href=\"https:\/\/repliquemangacine.fr\/de\/naruto-figurine\/figurine-kakashi-hatake\/\" \/>\n<meta property=\"og:locale\" content=\"de_DE\" \/>\n<meta property=\"og:type\" content=\"article\" \/>\n<meta property=\"og:title\" content=\"Figurine Kakashi Hatake - R\u00e9plique Manga Cin\u00e9\" \/>\n<meta property=\"og:description\" content=\"Venez d\u00e9couvrir votre figurine Kakashi Hatake dans Naruto au meilleur prix du march\u00e9. Tout en PVC. Finement d\u00e9taill\u00e9e. Livr\u00e9 avec sa boite vitrine. H. 18 cm\" \/>\n<meta property=\"og:url\" content=\"https:\/\/repliquemangacine.fr\/de\/naruto-figurine\/figurine-kakashi-hatake\/\" \/>\n<meta property=\"og:site_name\" content=\"R\u00e9plique Manga Cin\u00e9\" \/>\n<meta property=\"article:publisher\" content=\"https:\/\/www.facebook.com\/RepliqueMangaCine\" \/>\n<meta property=\"article:modified_time\" content=\"2025-11-18T15:14:06+00:00\" \/>\n<meta property=\"og:image\" content=\"https:\/\/repliquemangacine.fr\/wp-content\/uploads\/2023\/11\/figurine-kakashi-corps.jpg\" \/>\n\t<meta property=\"og:image:width\" content=\"500\" \/>\n\t<meta property=\"og:image:height\" content=\"500\" \/>\n\t<meta property=\"og:image:type\" content=\"image\/jpeg\" \/>\n<meta name=\"twitter:card\" content=\"summary_large_image\" \/>\n<meta name=\"twitter:label1\" content=\"Gesch\u00e4tzte Lesezeit\" \/>\n\t<meta name=\"twitter:data1\" content=\"3\u00a0Minuten\" \/>\n<script type=\"application\/ld+json\" class=\"yoast-schema-graph\">{\"@context\":\"https:\\\/\\\/schema.org\",\"@graph\":[{\"@type\":\"WebPage\",\"@id\":\"https:\\\/\\\/repliquemangacine.fr\\\/figurine-naruto\\\/figurine-kakashi-hatake\\\/\",\"url\":\"https:\\\/\\\/repliquemangacine.fr\\\/figurine-naruto\\\/figurine-kakashi-hatake\\\/\",\"name\":\"Figurine Kakashi Hatake - R\u00e9plique Manga Cin\u00e9\",\"isPartOf\":{\"@id\":\"https:\\\/\\\/repliquemangacine.fr\\\/#website\"},\"primaryImageOfPage\":{\"@id\":\"https:\\\/\\\/repliquemangacine.fr\\\/figurine-naruto\\\/figurine-kakashi-hatake\\\/#primaryimage\"},\"image\":{\"@id\":\"https:\\\/\\\/repliquemangacine.fr\\\/figurine-naruto\\\/figurine-kakashi-hatake\\\/#primaryimage\"},\"thumbnailUrl\":\"https:\\\/\\\/repliquemangacine.fr\\\/wp-content\\\/uploads\\\/2023\\\/11\\\/figurine-kakashi-corps.jpg\",\"datePublished\":\"2023-11-12T11:55:42+00:00\",\"dateModified\":\"2025-11-18T15:14:06+00:00\",\"description\":\"Venez d\u00e9couvrir votre figurine Kakashi Hatake dans Naruto au meilleur prix du march\u00e9. Tout en PVC. Finement d\u00e9taill\u00e9e. Livr\u00e9 avec sa boite vitrine. H. 18 cm\",\"breadcrumb\":{\"@id\":\"https:\\\/\\\/repliquemangacine.fr\\\/figurine-naruto\\\/figurine-kakashi-hatake\\\/#breadcrumb\"},\"inLanguage\":\"de\",\"potentialAction\":[{\"@type\":\"ReadAction\",\"target\":[\"https:\\\/\\\/repliquemangacine.fr\\\/figurine-naruto\\\/figurine-kakashi-hatake\\\/\"]}]},{\"@type\":\"ImageObject\",\"inLanguage\":\"de\",\"@id\":\"https:\\\/\\\/repliquemangacine.fr\\\/figurine-naruto\\\/figurine-kakashi-hatake\\\/#primaryimage\",\"url\":\"https:\\\/\\\/repliquemangacine.fr\\\/wp-content\\\/uploads\\\/2023\\\/11\\\/figurine-kakashi-corps.jpg\",\"contentUrl\":\"https:\\\/\\\/repliquemangacine.fr\\\/wp-content\\\/uploads\\\/2023\\\/11\\\/figurine-kakashi-corps.jpg\",\"width\":500,\"height\":500,\"caption\":\"Figurine Kakashi Hatake dans Naruto\"},{\"@type\":\"BreadcrumbList\",\"@id\":\"https:\\\/\\\/repliquemangacine.fr\\\/figurine-naruto\\\/figurine-kakashi-hatake\\\/#breadcrumb\",\"itemListElement\":[{\"@type\":\"ListItem\",\"position\":1,\"name\":\"Accueil\",\"item\":\"https:\\\/\\\/repliquemangacine.fr\\\/\"},{\"@type\":\"ListItem\",\"position\":2,\"name\":\"Produits\",\"item\":\"https:\\\/\\\/repliquemangacine.fr\\\/boutique\\\/\"},{\"@type\":\"ListItem\",\"position\":3,\"name\":\"Figurine Kakashi Hatake\"}]},{\"@type\":\"WebSite\",\"@id\":\"https:\\\/\\\/repliquemangacine.fr\\\/#website\",\"url\":\"https:\\\/\\\/repliquemangacine.fr\\\/\",\"name\":\"R\u00e9plique Manga Cin\u00e9\",\"description\":\"\",\"publisher\":{\"@id\":\"https:\\\/\\\/repliquemangacine.fr\\\/#organization\"},\"potentialAction\":[{\"@type\":\"SearchAction\",\"target\":{\"@type\":\"EntryPoint\",\"urlTemplate\":\"https:\\\/\\\/repliquemangacine.fr\\\/?s={search_term_string}\"},\"query-input\":{\"@type\":\"PropertyValueSpecification\",\"valueRequired\":true,\"valueName\":\"search_term_string\"}}],\"inLanguage\":\"de\"},{\"@type\":\"Organization\",\"@id\":\"https:\\\/\\\/repliquemangacine.fr\\\/#organization\",\"name\":\"R\u00e9plique Manga Cin\u00e9\",\"url\":\"https:\\\/\\\/repliquemangacine.fr\\\/\",\"logo\":{\"@type\":\"ImageObject\",\"inLanguage\":\"de\",\"@id\":\"https:\\\/\\\/repliquemangacine.fr\\\/#\\\/schema\\\/logo\\\/image\\\/\",\"url\":\"https:\\\/\\\/repliquemangacine.fr\\\/wp-content\\\/uploads\\\/2023\\\/10\\\/RMC-500250.png\",\"contentUrl\":\"https:\\\/\\\/repliquemangacine.fr\\\/wp-content\\\/uploads\\\/2023\\\/10\\\/RMC-500250.png\",\"width\":500,\"height\":250,\"caption\":\"R\u00e9plique Manga Cin\u00e9\"},\"image\":{\"@id\":\"https:\\\/\\\/repliquemangacine.fr\\\/#\\\/schema\\\/logo\\\/image\\\/\"},\"sameAs\":[\"https:\\\/\\\/www.facebook.com\\\/RepliqueMangaCine\",\"https:\\\/\\\/www.instagram.com\\\/repliquemangacine.fr\\\/\"]}]}<\/script>\n<!-- \/ Yoast SEO plugin. -->","yoast_head_json":{"title":"Figurine Kakashi Hatake - R\u00e9plique Manga Cin\u00e9","description":"Entdecken Sie Ihre Kakashi Hatake Figur in Naruto zum besten Preis auf dem Markt. Komplett aus PVC gefertigt. Fein und detailliert. Geliefert mit seiner Vitrinenbox. H. 18 cm","robots":{"index":"index","follow":"follow","max-snippet":"max-snippet:-1","max-image-preview":"max-image-preview:large","max-video-preview":"max-video-preview:-1"},"canonical":"https:\/\/repliquemangacine.fr\/de\/naruto-figurine\/figurine-kakashi-hatake\/","og_locale":"de_DE","og_type":"article","og_title":"Figurine Kakashi Hatake - R\u00e9plique Manga Cin\u00e9","og_description":"Venez d\u00e9couvrir votre figurine Kakashi Hatake dans Naruto au meilleur prix du march\u00e9. Tout en PVC. Finement d\u00e9taill\u00e9e. Livr\u00e9 avec sa boite vitrine. H. 18 cm","og_url":"https:\/\/repliquemangacine.fr\/de\/naruto-figurine\/figurine-kakashi-hatake\/","og_site_name":"R\u00e9plique Manga Cin\u00e9","article_publisher":"https:\/\/www.facebook.com\/RepliqueMangaCine","article_modified_time":"2025-11-18T15:14:06+00:00","og_image":[{"width":500,"height":500,"url":"https:\/\/repliquemangacine.fr\/wp-content\/uploads\/2023\/11\/figurine-kakashi-corps.jpg","type":"image\/jpeg"}],"twitter_card":"summary_large_image","twitter_misc":{"Gesch\u00e4tzte Lesezeit":"3\u00a0Minuten"},"schema":{"@context":"https:\/\/schema.org","@graph":[{"@type":"WebPage","@id":"https:\/\/repliquemangacine.fr\/figurine-naruto\/figurine-kakashi-hatake\/","url":"https:\/\/repliquemangacine.fr\/figurine-naruto\/figurine-kakashi-hatake\/","name":"Figurine Kakashi Hatake - R\u00e9plique Manga Cin\u00e9","isPartOf":{"@id":"https:\/\/repliquemangacine.fr\/#website"},"primaryImageOfPage":{"@id":"https:\/\/repliquemangacine.fr\/figurine-naruto\/figurine-kakashi-hatake\/#primaryimage"},"image":{"@id":"https:\/\/repliquemangacine.fr\/figurine-naruto\/figurine-kakashi-hatake\/#primaryimage"},"thumbnailUrl":"https:\/\/repliquemangacine.fr\/wp-content\/uploads\/2023\/11\/figurine-kakashi-corps.jpg","datePublished":"2023-11-12T11:55:42+00:00","dateModified":"2025-11-18T15:14:06+00:00","description":"Entdecken Sie Ihre Kakashi Hatake Figur in Naruto zum besten Preis auf dem Markt. Komplett aus PVC gefertigt. Fein und detailliert. Geliefert mit seiner Vitrinenbox. H. 18 cm","breadcrumb":{"@id":"https:\/\/repliquemangacine.fr\/figurine-naruto\/figurine-kakashi-hatake\/#breadcrumb"},"inLanguage":"de","potentialAction":[{"@type":"ReadAction","target":["https:\/\/repliquemangacine.fr\/figurine-naruto\/figurine-kakashi-hatake\/"]}]},{"@type":"ImageObject","inLanguage":"de","@id":"https:\/\/repliquemangacine.fr\/figurine-naruto\/figurine-kakashi-hatake\/#primaryimage","url":"https:\/\/repliquemangacine.fr\/wp-content\/uploads\/2023\/11\/figurine-kakashi-corps.jpg","contentUrl":"https:\/\/repliquemangacine.fr\/wp-content\/uploads\/2023\/11\/figurine-kakashi-corps.jpg","width":500,"height":500,"caption":"Figurine Kakashi Hatake dans Naruto"},{"@type":"BreadcrumbList","@id":"https:\/\/repliquemangacine.fr\/figurine-naruto\/figurine-kakashi-hatake\/#breadcrumb","itemListElement":[{"@type":"ListItem","position":1,"name":"Accueil","item":"https:\/\/repliquemangacine.fr\/"},{"@type":"ListItem","position":2,"name":"Produits","item":"https:\/\/repliquemangacine.fr\/boutique\/"},{"@type":"ListItem","position":3,"name":"Figurine Kakashi Hatake"}]},{"@type":"WebSite","@id":"https:\/\/repliquemangacine.fr\/#website","url":"https:\/\/repliquemangacine.fr\/","name":"R\u00e9plique Manga Cin\u00e9","description":"","publisher":{"@id":"https:\/\/repliquemangacine.fr\/#organization"},"potentialAction":[{"@type":"SearchAction","target":{"@type":"EntryPoint","urlTemplate":"https:\/\/repliquemangacine.fr\/?s={search_term_string}"},"query-input":{"@type":"PropertyValueSpecification","valueRequired":true,"valueName":"search_term_string"}}],"inLanguage":"de"},{"@type":"Organization","@id":"https:\/\/repliquemangacine.fr\/#organization","name":"R\u00e9plique Manga Cin\u00e9","url":"https:\/\/repliquemangacine.fr\/","logo":{"@type":"ImageObject","inLanguage":"de","@id":"https:\/\/repliquemangacine.fr\/#\/schema\/logo\/image\/","url":"https:\/\/repliquemangacine.fr\/wp-content\/uploads\/2023\/10\/RMC-500250.png","contentUrl":"https:\/\/repliquemangacine.fr\/wp-content\/uploads\/2023\/10\/RMC-500250.png","width":500,"height":250,"caption":"R\u00e9plique Manga Cin\u00e9"},"image":{"@id":"https:\/\/repliquemangacine.fr\/#\/schema\/logo\/image\/"},"sameAs":["https:\/\/www.facebook.com\/RepliqueMangaCine","https:\/\/www.instagram.com\/repliquemangacine.fr\/"]}]}},"_links":{"self":[{"href":"https:\/\/repliquemangacine.fr\/de\/wp-json\/wp\/v2\/product\/65231","targetHints":{"allow":["GET"]}}],"collection":[{"href":"https:\/\/repliquemangacine.fr\/de\/wp-json\/wp\/v2\/product"}],"about":[{"href":"https:\/\/repliquemangacine.fr\/de\/wp-json\/wp\/v2\/types\/product"}],"wp:featuredmedia":[{"embeddable":true,"href":"https:\/\/repliquemangacine.fr\/de\/wp-json\/wp\/v2\/media\/65232"}],"wp:attachment":[{"href":"https:\/\/repliquemangacine.fr\/de\/wp-json\/wp\/v2\/media?parent=65231"}],"wp:term":[{"taxonomy":"product_brand","embeddable":true,"href":"https:\/\/repliquemangacine.fr\/de\/wp-json\/wp\/v2\/product_brand?post=65231"},{"taxonomy":"product_cat","embeddable":true,"href":"https:\/\/repliquemangacine.fr\/de\/wp-json\/wp\/v2\/product_cat?post=65231"},{"taxonomy":"product_tag","embeddable":true,"href":"https:\/\/repliquemangacine.fr\/de\/wp-json\/wp\/v2\/product_tag?post=65231"}],"curies":[{"name":"wp","href":"https:\/\/api.w.org\/{rel}","templated":true}]}}