





{"id":65223,"date":"2023-11-12T11:59:58","date_gmt":"2023-11-12T10:59:58","guid":{"rendered":"https:\/\/repliquemangacine.fr\/?post_type=product&#038;p=65223"},"modified":"2025-11-18T16:14:36","modified_gmt":"2025-11-18T15:14:36","slug":"figurine-naruto-uzumaki","status":"publish","type":"product","link":"https:\/\/repliquemangacine.fr\/de\/figurine-naruto\/figurine-naruto-uzumaki\/","title":{"rendered":"Naruto Uzumaki Actionfigur"},"content":{"rendered":"<h2>Entdecken Sie die Figuren von Naruto Uzumaki<\/h2>\n<p>Betreten Sie zu Beginn die fesselnde Welt von Naruto mit unserem <strong>Figurine Naruto Uzumaki<\/strong>, der furchtloseste Ninja von Konoha. Diese sorgf\u00e4ltig und pr\u00e4zise gestalteten Figuren fangen das Wesen des Hauptcharakters der Serie ein. Jede Figur spiegelt Narutos Entschlossenheit und Energie wider und bietet den Fans eine originalgetreue Darstellung ihres Lieblingshelden. Aber das ist noch nicht alles: RMC bietet Ihnen zur Erweiterung Ihrer Sammlung auch die<a href=\"https:\/\/repliquemangacine.fr\/de\/naruto-katana\/schwert-kusanagi-sasuke-naruto\/\"> Katanas von Sasuke<\/a>. Nicht zu vergessen die Kunais und andere Goodies.<\/p>\n<h3>Der Geist von Naruto Uzumaki in Jeder Figur<\/h3>\n<p>Von seinem ber\u00fchmten <a href=\"https:\/\/repliquemangacine.fr\/de\/ausverkauf\/stirnband-konoha-naruto\/\">Konoha-Stirnband<\/a> zu seinen ikonischen Outfits, jede Figur von<a href=\"https:\/\/naruto.fandom.com\/fr\/wiki\/Naruto_Uzumaki\" target=\"_blank\" rel=\"noopener noreferrer\"> Naruto Uzumaki<\/a> ist eine Ode an den Kampfgeist und die Ausdauer des Charakters. Egal, ob Sie ein langj\u00e4hriger Sammler oder ein neuer Fan sind, diese Figuren sind eine unsch\u00e4tzbare Erg\u00e4nzung f\u00fcr jede Sammlung und fangen das Herz und die Seele des Naruto-Universums ein.<\/p>\n<h2>Au\u00dfergew\u00f6hnliche Figuren: Unvergleichliche Qualit\u00e4t\/Preis<\/h2>\n<p>Dar\u00fcber hinaus bietet unsere Auswahl an Figuren eine perfekte Kombination aus Qualit\u00e4t und g\u00fcnstigen Preisen. So haben Fans und Sammler die M\u00f6glichkeit, au\u00dfergew\u00f6hnliche St\u00fccke ohne Kompromisse zu erwerben. Jede Figur ist das Ergebnis sorgf\u00e4ltiger Arbeit, die die Liebe zum Detail und die Treue zu den Originalcharakteren widerspiegelt. Diese Kombination aus h\u00f6chster Qualit\u00e4t und erschwinglichem Preis macht unsere Kollektion einzigartig auf dem Markt. Es muss betont werden, dass es sich um eine inoffizielle Figur handelt, was aber nichts an ihrer Qualit\u00e4t \u00e4ndert, au\u00dfer dass der Preis niedrig ist.<\/p>\n<h3>Finden Sie die Perfektion mit unserem Preis-Leistungs-Verh\u00e4ltnis<\/h3>\n<p>Wir wissen, wie wichtig ein gutes Preis-Leistungs-Verh\u00e4ltnis in der Welt der Sammlungen ist. Deshalb bem\u00fchen wir uns, Figuren anzubieten, die nicht nur \u00e4sthetisch ansprechend, sondern auch langlebig und erschwinglich sind. Egal, ob Sie eine neue Sammlung beginnen oder eine bestehende erweitern wollen, unsere Figuren sind der beste Kompromiss.<\/p>\n<h2>Warum Sie sich f\u00fcr unsere Figuren entscheiden sollten: Garantierter Service und Qualit\u00e4t<\/h2>\n<p>Wenn Sie sich f\u00fcr unsere Figuren entscheiden, w\u00e4hlen Sie einen erstklassigen Service in jeder Phase Ihres Einkaufserlebnisses. Unsere sorgf\u00e4ltige Verpackung sorgt daf\u00fcr, dass jede Figur in einwandfreiem Zustand bei Ihnen ankommt und sofort in Ihre Sammlung aufgenommen werden kann. Dank unserer Option f\u00fcr eine schnelle Lieferung innerhalb von 24\/48 Stunden m\u00fcssen Sie nicht lange warten, um sich an Ihrem Kauf zu erfreuen.<\/p>\n<p>Unser Service beschr\u00e4nkt sich nicht nur auf eine schnelle Lieferung und eine sorgf\u00e4ltige Verpackung. Wir bieten auch eine sichere Zahlungsabwicklung, damit Sie beim Einkauf vollkommen beruhigt sein k\u00f6nnen.<\/p>\n<h3>Engagement und Zuverl\u00e4ssigkeit: Unsere Kundenversprechen<\/h3>\n<p>Abschlie\u00dfend sei gesagt, dass unser Kundenservice, falls Sie Fragen haben oder Unterst\u00fctzung ben\u00f6tigen, immer f\u00fcr Sie da ist und Ihnen zuh\u00f6rt, um Ihnen zu helfen. Bei uns ist jeder Kunde wertvoll, und wir sind bestrebt, von Anfang bis Ende ein au\u00dfergew\u00f6hnliches Einkaufserlebnis zu bieten. Kurz gesagt: Bis bald!<\/p>","protected":false},"excerpt":{"rendered":"<p>Hervorragende Figurine <strong>Inoffiziell<\/strong> von Naruto Uzumaki<\/p>\n<ul>\n<li>Alles aus PVC<\/li>\n<li>Fein detailliert<\/li>\n<li>Kleiner St\u00e4nder, um die Figur zu halten<\/li>\n<li>H\u00f6he: 20 cm<\/li>\n<li>Wird mit seiner Sammlerbox geliefert<\/li>\n<\/ul>","protected":false},"featured_media":65226,"template":"","meta":[],"product_brand":[896],"product_cat":[832,831,42],"product_tag":[],"class_list":{"0":"post-65223","1":"product","2":"type-product","3":"status-publish","4":"has-post-thumbnail","6":"product_brand-replique-manga-cine","7":"product_cat-figurine-naruto","8":"product_cat-figurines-collector","9":"product_cat-katana-goodies-naruto-kunai","11":"first","12":"instock","13":"taxable","14":"shipping-taxable","15":"purchasable","16":"product-type-simple"},"yoast_head":"<!-- This site is optimized with the Yoast SEO plugin v27.5 - https:\/\/yoast.com\/product\/yoast-seo-wordpress\/ -->\n<title>Figurine Naruto Uzumaki - R\u00e9plique Manga Cin\u00e9<\/title>\n<meta name=\"description\" content=\"D\u00e9couvrez cette superbe figurine Naruto Uzumaki au meilleur prix. Tout en PVC. Finement d\u00e9taill\u00e9e. Livr\u00e9 avec sa bo\u00eete collector. Hauteur : 20 cm\" \/>\n<meta name=\"robots\" content=\"index, follow, max-snippet:-1, max-image-preview:large, max-video-preview:-1\" \/>\n<link rel=\"canonical\" href=\"https:\/\/repliquemangacine.fr\/de\/naruto-figurine\/figurine-naruto-uzumaki\/\" \/>\n<meta property=\"og:locale\" content=\"de_DE\" \/>\n<meta property=\"og:type\" content=\"article\" \/>\n<meta property=\"og:title\" content=\"Figurine Naruto Uzumaki - R\u00e9plique Manga Cin\u00e9\" \/>\n<meta property=\"og:description\" content=\"D\u00e9couvrez cette superbe figurine Naruto Uzumaki au meilleur prix. Tout en PVC. Finement d\u00e9taill\u00e9e. Livr\u00e9 avec sa bo\u00eete collector. Hauteur : 20 cm\" \/>\n<meta property=\"og:url\" content=\"https:\/\/repliquemangacine.fr\/de\/naruto-figurine\/figurine-naruto-uzumaki\/\" \/>\n<meta property=\"og:site_name\" content=\"R\u00e9plique Manga Cin\u00e9\" \/>\n<meta property=\"article:publisher\" content=\"https:\/\/www.facebook.com\/RepliqueMangaCine\" \/>\n<meta property=\"article:modified_time\" content=\"2025-11-18T15:14:36+00:00\" \/>\n<meta property=\"og:image\" content=\"https:\/\/repliquemangacine.fr\/wp-content\/uploads\/2023\/11\/Figurine-naruto-1.jpg\" \/>\n\t<meta property=\"og:image:width\" content=\"500\" \/>\n\t<meta property=\"og:image:height\" content=\"500\" \/>\n\t<meta property=\"og:image:type\" content=\"image\/jpeg\" \/>\n<meta name=\"twitter:card\" content=\"summary_large_image\" \/>\n<meta name=\"twitter:label1\" content=\"Gesch\u00e4tzte Lesezeit\" \/>\n\t<meta name=\"twitter:data1\" content=\"3\u00a0Minuten\" \/>\n<script type=\"application\/ld+json\" class=\"yoast-schema-graph\">{\"@context\":\"https:\\\/\\\/schema.org\",\"@graph\":[{\"@type\":\"WebPage\",\"@id\":\"https:\\\/\\\/repliquemangacine.fr\\\/figurine-naruto\\\/figurine-naruto-uzumaki\\\/\",\"url\":\"https:\\\/\\\/repliquemangacine.fr\\\/figurine-naruto\\\/figurine-naruto-uzumaki\\\/\",\"name\":\"Figurine Naruto Uzumaki - R\u00e9plique Manga Cin\u00e9\",\"isPartOf\":{\"@id\":\"https:\\\/\\\/repliquemangacine.fr\\\/#website\"},\"primaryImageOfPage\":{\"@id\":\"https:\\\/\\\/repliquemangacine.fr\\\/figurine-naruto\\\/figurine-naruto-uzumaki\\\/#primaryimage\"},\"image\":{\"@id\":\"https:\\\/\\\/repliquemangacine.fr\\\/figurine-naruto\\\/figurine-naruto-uzumaki\\\/#primaryimage\"},\"thumbnailUrl\":\"https:\\\/\\\/repliquemangacine.fr\\\/wp-content\\\/uploads\\\/2023\\\/11\\\/Figurine-naruto-1.jpg\",\"datePublished\":\"2023-11-12T10:59:58+00:00\",\"dateModified\":\"2025-11-18T15:14:36+00:00\",\"description\":\"D\u00e9couvrez cette superbe figurine Naruto Uzumaki au meilleur prix. Tout en PVC. Finement d\u00e9taill\u00e9e. Livr\u00e9 avec sa bo\u00eete collector. Hauteur : 20 cm\",\"breadcrumb\":{\"@id\":\"https:\\\/\\\/repliquemangacine.fr\\\/figurine-naruto\\\/figurine-naruto-uzumaki\\\/#breadcrumb\"},\"inLanguage\":\"de\",\"potentialAction\":[{\"@type\":\"ReadAction\",\"target\":[\"https:\\\/\\\/repliquemangacine.fr\\\/figurine-naruto\\\/figurine-naruto-uzumaki\\\/\"]}]},{\"@type\":\"ImageObject\",\"inLanguage\":\"de\",\"@id\":\"https:\\\/\\\/repliquemangacine.fr\\\/figurine-naruto\\\/figurine-naruto-uzumaki\\\/#primaryimage\",\"url\":\"https:\\\/\\\/repliquemangacine.fr\\\/wp-content\\\/uploads\\\/2023\\\/11\\\/Figurine-naruto-1.jpg\",\"contentUrl\":\"https:\\\/\\\/repliquemangacine.fr\\\/wp-content\\\/uploads\\\/2023\\\/11\\\/Figurine-naruto-1.jpg\",\"width\":500,\"height\":500,\"caption\":\"Figurine Naruto Uzumaki\"},{\"@type\":\"BreadcrumbList\",\"@id\":\"https:\\\/\\\/repliquemangacine.fr\\\/figurine-naruto\\\/figurine-naruto-uzumaki\\\/#breadcrumb\",\"itemListElement\":[{\"@type\":\"ListItem\",\"position\":1,\"name\":\"Accueil\",\"item\":\"https:\\\/\\\/repliquemangacine.fr\\\/\"},{\"@type\":\"ListItem\",\"position\":2,\"name\":\"Produits\",\"item\":\"https:\\\/\\\/repliquemangacine.fr\\\/boutique\\\/\"},{\"@type\":\"ListItem\",\"position\":3,\"name\":\"Figurine Naruto Uzumaki\"}]},{\"@type\":\"WebSite\",\"@id\":\"https:\\\/\\\/repliquemangacine.fr\\\/#website\",\"url\":\"https:\\\/\\\/repliquemangacine.fr\\\/\",\"name\":\"R\u00e9plique Manga Cin\u00e9\",\"description\":\"\",\"publisher\":{\"@id\":\"https:\\\/\\\/repliquemangacine.fr\\\/#organization\"},\"potentialAction\":[{\"@type\":\"SearchAction\",\"target\":{\"@type\":\"EntryPoint\",\"urlTemplate\":\"https:\\\/\\\/repliquemangacine.fr\\\/?s={search_term_string}\"},\"query-input\":{\"@type\":\"PropertyValueSpecification\",\"valueRequired\":true,\"valueName\":\"search_term_string\"}}],\"inLanguage\":\"de\"},{\"@type\":\"Organization\",\"@id\":\"https:\\\/\\\/repliquemangacine.fr\\\/#organization\",\"name\":\"R\u00e9plique Manga Cin\u00e9\",\"url\":\"https:\\\/\\\/repliquemangacine.fr\\\/\",\"logo\":{\"@type\":\"ImageObject\",\"inLanguage\":\"de\",\"@id\":\"https:\\\/\\\/repliquemangacine.fr\\\/#\\\/schema\\\/logo\\\/image\\\/\",\"url\":\"https:\\\/\\\/repliquemangacine.fr\\\/wp-content\\\/uploads\\\/2023\\\/10\\\/RMC-500250.png\",\"contentUrl\":\"https:\\\/\\\/repliquemangacine.fr\\\/wp-content\\\/uploads\\\/2023\\\/10\\\/RMC-500250.png\",\"width\":500,\"height\":250,\"caption\":\"R\u00e9plique Manga Cin\u00e9\"},\"image\":{\"@id\":\"https:\\\/\\\/repliquemangacine.fr\\\/#\\\/schema\\\/logo\\\/image\\\/\"},\"sameAs\":[\"https:\\\/\\\/www.facebook.com\\\/RepliqueMangaCine\",\"https:\\\/\\\/www.instagram.com\\\/repliquemangacine.fr\\\/\"]}]}<\/script>\n<!-- \/ Yoast SEO plugin. -->","yoast_head_json":{"title":"Figurine Naruto Uzumaki - R\u00e9plique Manga Cin\u00e9","description":"Entdecken Sie diese tolle Naruto Uzumaki Figur zum besten Preis. Sie ist komplett aus PVC gefertigt. Mit feinen Details versehen. Wird mit seiner Sammlerbox geliefert. H\u00f6he: 20 cm","robots":{"index":"index","follow":"follow","max-snippet":"max-snippet:-1","max-image-preview":"max-image-preview:large","max-video-preview":"max-video-preview:-1"},"canonical":"https:\/\/repliquemangacine.fr\/de\/naruto-figurine\/figurine-naruto-uzumaki\/","og_locale":"de_DE","og_type":"article","og_title":"Figurine Naruto Uzumaki - R\u00e9plique Manga Cin\u00e9","og_description":"D\u00e9couvrez cette superbe figurine Naruto Uzumaki au meilleur prix. Tout en PVC. Finement d\u00e9taill\u00e9e. Livr\u00e9 avec sa bo\u00eete collector. Hauteur : 20 cm","og_url":"https:\/\/repliquemangacine.fr\/de\/naruto-figurine\/figurine-naruto-uzumaki\/","og_site_name":"R\u00e9plique Manga Cin\u00e9","article_publisher":"https:\/\/www.facebook.com\/RepliqueMangaCine","article_modified_time":"2025-11-18T15:14:36+00:00","og_image":[{"width":500,"height":500,"url":"https:\/\/repliquemangacine.fr\/wp-content\/uploads\/2023\/11\/Figurine-naruto-1.jpg","type":"image\/jpeg"}],"twitter_card":"summary_large_image","twitter_misc":{"Gesch\u00e4tzte Lesezeit":"3\u00a0Minuten"},"schema":{"@context":"https:\/\/schema.org","@graph":[{"@type":"WebPage","@id":"https:\/\/repliquemangacine.fr\/figurine-naruto\/figurine-naruto-uzumaki\/","url":"https:\/\/repliquemangacine.fr\/figurine-naruto\/figurine-naruto-uzumaki\/","name":"Figurine Naruto Uzumaki - R\u00e9plique Manga Cin\u00e9","isPartOf":{"@id":"https:\/\/repliquemangacine.fr\/#website"},"primaryImageOfPage":{"@id":"https:\/\/repliquemangacine.fr\/figurine-naruto\/figurine-naruto-uzumaki\/#primaryimage"},"image":{"@id":"https:\/\/repliquemangacine.fr\/figurine-naruto\/figurine-naruto-uzumaki\/#primaryimage"},"thumbnailUrl":"https:\/\/repliquemangacine.fr\/wp-content\/uploads\/2023\/11\/Figurine-naruto-1.jpg","datePublished":"2023-11-12T10:59:58+00:00","dateModified":"2025-11-18T15:14:36+00:00","description":"Entdecken Sie diese tolle Naruto Uzumaki Figur zum besten Preis. Sie ist komplett aus PVC gefertigt. Mit feinen Details versehen. Wird mit seiner Sammlerbox geliefert. H\u00f6he: 20 cm","breadcrumb":{"@id":"https:\/\/repliquemangacine.fr\/figurine-naruto\/figurine-naruto-uzumaki\/#breadcrumb"},"inLanguage":"de","potentialAction":[{"@type":"ReadAction","target":["https:\/\/repliquemangacine.fr\/figurine-naruto\/figurine-naruto-uzumaki\/"]}]},{"@type":"ImageObject","inLanguage":"de","@id":"https:\/\/repliquemangacine.fr\/figurine-naruto\/figurine-naruto-uzumaki\/#primaryimage","url":"https:\/\/repliquemangacine.fr\/wp-content\/uploads\/2023\/11\/Figurine-naruto-1.jpg","contentUrl":"https:\/\/repliquemangacine.fr\/wp-content\/uploads\/2023\/11\/Figurine-naruto-1.jpg","width":500,"height":500,"caption":"Figurine Naruto Uzumaki"},{"@type":"BreadcrumbList","@id":"https:\/\/repliquemangacine.fr\/figurine-naruto\/figurine-naruto-uzumaki\/#breadcrumb","itemListElement":[{"@type":"ListItem","position":1,"name":"Accueil","item":"https:\/\/repliquemangacine.fr\/"},{"@type":"ListItem","position":2,"name":"Produits","item":"https:\/\/repliquemangacine.fr\/boutique\/"},{"@type":"ListItem","position":3,"name":"Figurine Naruto Uzumaki"}]},{"@type":"WebSite","@id":"https:\/\/repliquemangacine.fr\/#website","url":"https:\/\/repliquemangacine.fr\/","name":"R\u00e9plique Manga Cin\u00e9","description":"","publisher":{"@id":"https:\/\/repliquemangacine.fr\/#organization"},"potentialAction":[{"@type":"SearchAction","target":{"@type":"EntryPoint","urlTemplate":"https:\/\/repliquemangacine.fr\/?s={search_term_string}"},"query-input":{"@type":"PropertyValueSpecification","valueRequired":true,"valueName":"search_term_string"}}],"inLanguage":"de"},{"@type":"Organization","@id":"https:\/\/repliquemangacine.fr\/#organization","name":"R\u00e9plique Manga Cin\u00e9","url":"https:\/\/repliquemangacine.fr\/","logo":{"@type":"ImageObject","inLanguage":"de","@id":"https:\/\/repliquemangacine.fr\/#\/schema\/logo\/image\/","url":"https:\/\/repliquemangacine.fr\/wp-content\/uploads\/2023\/10\/RMC-500250.png","contentUrl":"https:\/\/repliquemangacine.fr\/wp-content\/uploads\/2023\/10\/RMC-500250.png","width":500,"height":250,"caption":"R\u00e9plique Manga Cin\u00e9"},"image":{"@id":"https:\/\/repliquemangacine.fr\/#\/schema\/logo\/image\/"},"sameAs":["https:\/\/www.facebook.com\/RepliqueMangaCine","https:\/\/www.instagram.com\/repliquemangacine.fr\/"]}]}},"_links":{"self":[{"href":"https:\/\/repliquemangacine.fr\/de\/wp-json\/wp\/v2\/product\/65223","targetHints":{"allow":["GET"]}}],"collection":[{"href":"https:\/\/repliquemangacine.fr\/de\/wp-json\/wp\/v2\/product"}],"about":[{"href":"https:\/\/repliquemangacine.fr\/de\/wp-json\/wp\/v2\/types\/product"}],"wp:featuredmedia":[{"embeddable":true,"href":"https:\/\/repliquemangacine.fr\/de\/wp-json\/wp\/v2\/media\/65226"}],"wp:attachment":[{"href":"https:\/\/repliquemangacine.fr\/de\/wp-json\/wp\/v2\/media?parent=65223"}],"wp:term":[{"taxonomy":"product_brand","embeddable":true,"href":"https:\/\/repliquemangacine.fr\/de\/wp-json\/wp\/v2\/product_brand?post=65223"},{"taxonomy":"product_cat","embeddable":true,"href":"https:\/\/repliquemangacine.fr\/de\/wp-json\/wp\/v2\/product_cat?post=65223"},{"taxonomy":"product_tag","embeddable":true,"href":"https:\/\/repliquemangacine.fr\/de\/wp-json\/wp\/v2\/product_tag?post=65223"}],"curies":[{"name":"wp","href":"https:\/\/api.w.org\/{rel}","templated":true}]}}