





{"id":65194,"date":"2023-11-11T16:38:48","date_gmt":"2023-11-11T15:38:48","guid":{"rendered":"https:\/\/repliquemangacine.fr\/?post_type=product&#038;p=65194"},"modified":"2025-11-18T16:15:41","modified_gmt":"2025-11-18T15:15:41","slug":"minato-namikaze-figurine","status":"publish","type":"product","link":"https:\/\/repliquemangacine.fr\/de\/figurine-naruto\/figurine-minato-namikaze\/","title":{"rendered":"Minato Namikaze Actionfigur"},"content":{"rendered":"<h2>Sammeln Sie die Minato Namikaze Figur aus Naruto<\/h2>\n<p>Tauchen Sie zu Beginn in die Welt von Naruto ein mit unserem <strong>Minato Namikaze Actionfigur<\/strong>. Dieses Sammlerst\u00fcck fesselt durch seinen Realismus und seine Treue zur legend\u00e4ren Figur von <a href=\"https:\/\/naruto.fandom.com\/fr\/wiki\/Minato_Namikaze\" target=\"_blank\" rel=\"noopener noreferrer\">Minato.<\/a> Yondaime, der vierte Hokage von Konoha.<\/p>\n<p>Diese Figur, die f\u00fcr ihre Detailgenauigkeit bekannt ist, verk\u00f6rpert den Geist und die Kraft eines der am meisten verehrten Ninjas der Serie. Sie ist eine perfekte Darstellung des ber\u00fchmten blonden Ninjas.<\/p>\n<p>Au\u00dferdem finden Sie hier unverzichtbare St\u00fccke f\u00fcr jeden Naruto-Fan, der seine Sammlung erweitern m\u00f6chte.<\/p>\n<h3>Minato Namikaze Figur: Ein Must-Have f\u00fcr Fans<\/h3>\n<p>Ideal, um die ikonischen Momente von Naruto wieder aufleben zu lassen oder um einem Fan der Serie ein einzigartiges Geschenk zu machen. Diese Figuren sind nicht nur Sammlerst\u00fccke, sie sind Fenster in die faszinierende Welt von Naruto und laden Fans dazu ein, ganz in sie einzutauchen.<\/p>\n<h2>Entdecken Sie unsere Naruto Figuren: Qualit\u00e4t\/Preis garantiert<\/h2>\n<p>Tauchen Sie ein in die faszinierende Welt von Naruto mit unserem inoffiziellen Sortiment an Naruto-Figuren, bei denen Qualit\u00e4t und Preis perfekt aufeinander abgestimmt sind.<\/p>\n<p>Es ist hervorzuheben, dass jede Figur mit gr\u00f6\u00dfter Sorgfalt entworfen wurde, um die Figuren der Serie originalgetreu darzustellen. Von Naruto Uzumaki bis <a href=\"https:\/\/repliquemangacine.fr\/de\/figuren\/figurine-sasuke-uchiwa-naruto\/\">Sasuke Uchiha<\/a>Unsere Figuren verk\u00f6rpern den Geist des Ninja und bieten ein gutes Preis-Leistungs-Verh\u00e4ltnis.<\/p>\n<h3>Unsere Naruto Figuren: zum besten Preis<\/h3>\n<p>Sie sind das Ergebnis einer perfekten Kombination aus hochwertiger Handwerkskunst und erschwinglichen Preisen, wodurch diese Sammlerst\u00fccke ebenso attraktiv wie langlebig sind.<\/p>\n<p>Ob Sie nun ein erfahrener Sammler oder ein Neuling in der Welt von Naruto sind, unsere Figuren sind die ideale Wahl, um Ihre Sammlung zu bereichern, ohne Kompromisse bei der Qualit\u00e4t oder Ihrem Budget einzugehen.<\/p>\n<h2>Warum Sie die Minato Namikaze-Figur bei R\u00e9plique Manga Cin\u00e9 kaufen sollten<\/h2>\n<p>Erfahren Sie, warum unser <strong>Minato Namikaze-Figur<\/strong> Bei R\u00e9plique Manga Cin\u00e9 ist ein Muss f\u00fcr alle Naruto-Fans. Wir bieten nicht nur eine originalgetreue Nachbildung des Vierten Hokage, sondern auch ein au\u00dfergew\u00f6hnliches Einkaufserlebnis.<\/p>\n<p>Dank einer schnellen Lieferung innerhalb von 24\/48 Stunden k\u00f6nnen Sie Ihren Lieblingshelden ohne Verz\u00f6gerung zu sich nach Hause holen. Wenn Sie Zweifel oder Fragen haben, rufen Sie uns an. Ihr Ansprechpartner wird Sie bei Ihrer Auswahl gerne beraten.<\/p>\n<h3>Garantierter Kundenservice und Qualit\u00e4t bei R\u00e9plique Manga Cin\u00e9<\/h3>\n<p>Unser Engagement f\u00fcr Kundenzufriedenheit spiegelt sich in unserem sorgf\u00e4ltigen Verpackungsservice wider, der sicherstellt, dass Ihre Figur in einwandfreiem Zustand bei Ihnen ankommt. Dar\u00fcber hinaus bieten wir Ihnen f\u00fcr absolute Sicherheit eine sichere Zahlungsabwicklung f\u00fcr alle Ihre Transaktionen.<\/p>\n<p>Zusammenfassend l\u00e4sst sich sagen: Wenn Sie sich f\u00fcr RMC entscheiden, entscheiden Sie sich f\u00fcr Qualit\u00e4t, schnelle Lieferung und zuverl\u00e4ssigen Service.<\/p>\n<p>&nbsp;<\/p>","protected":false},"excerpt":{"rendered":"<p>Replik <strong>inoffiziell<\/strong> der Minato Namikaze-Figur in Naruto<\/p>\n<ul>\n<li>Alles aus PVC<\/li>\n<li>Fein detailliert<\/li>\n<li>Kleine transparente Halterung<\/li>\n<li>H\u00f6he: 27 cm<\/li>\n<li>Wird in seiner Sammlerbox geliefert<\/li>\n<\/ul>","protected":false},"featured_media":65196,"template":"","meta":[],"product_brand":[896],"product_cat":[832,831,42],"product_tag":[],"class_list":{"0":"post-65194","1":"product","2":"type-product","3":"status-publish","4":"has-post-thumbnail","6":"product_brand-replique-manga-cine","7":"product_cat-figurine-naruto","8":"product_cat-figurines-collector","9":"product_cat-katana-goodies-naruto-kunai","11":"first","12":"instock","13":"taxable","14":"shipping-taxable","15":"purchasable","16":"product-type-simple"},"yoast_head":"<!-- This site is optimized with the Yoast SEO plugin v27.5 - https:\/\/yoast.com\/product\/yoast-seo-wordpress\/ -->\n<title>Figurine Minato Namikaze - Figurines Naruto | R\u00e9plique Manga Cin\u00e9<\/title>\n<meta name=\"description\" content=\"Entrez dans le monde de Naruto avec notre Figurine de Minato Namikaze au meilleur prix. Tout en PVC. Hauteur 27 cm - Livr\u00e9 avec sa boite collector\" \/>\n<meta name=\"robots\" content=\"index, follow, max-snippet:-1, max-image-preview:large, max-video-preview:-1\" \/>\n<link rel=\"canonical\" href=\"https:\/\/repliquemangacine.fr\/de\/naruto-figurine\/minato-namikaze-figurine\/\" \/>\n<meta property=\"og:locale\" content=\"de_DE\" \/>\n<meta property=\"og:type\" content=\"article\" \/>\n<meta property=\"og:title\" content=\"Figurine Minato Namikaze - Figurines Naruto | R\u00e9plique Manga Cin\u00e9\" \/>\n<meta property=\"og:description\" content=\"Entrez dans le monde de Naruto avec notre Figurine de Minato Namikaze au meilleur prix. Tout en PVC. Hauteur 27 cm - Livr\u00e9 avec sa boite collector\" \/>\n<meta property=\"og:url\" content=\"https:\/\/repliquemangacine.fr\/de\/naruto-figurine\/minato-namikaze-figurine\/\" \/>\n<meta property=\"og:site_name\" content=\"R\u00e9plique Manga Cin\u00e9\" \/>\n<meta property=\"article:publisher\" content=\"https:\/\/www.facebook.com\/RepliqueMangaCine\" \/>\n<meta property=\"article:modified_time\" content=\"2025-11-18T15:15:41+00:00\" \/>\n<meta property=\"og:image\" content=\"https:\/\/repliquemangacine.fr\/wp-content\/uploads\/2023\/11\/figurine-yondaime.jpg\" \/>\n\t<meta property=\"og:image:width\" content=\"500\" \/>\n\t<meta property=\"og:image:height\" content=\"500\" \/>\n\t<meta property=\"og:image:type\" content=\"image\/jpeg\" \/>\n<meta name=\"twitter:card\" content=\"summary_large_image\" \/>\n<meta name=\"twitter:label1\" content=\"Gesch\u00e4tzte Lesezeit\" \/>\n\t<meta name=\"twitter:data1\" content=\"3\u00a0Minuten\" \/>\n<script type=\"application\/ld+json\" class=\"yoast-schema-graph\">{\"@context\":\"https:\\\/\\\/schema.org\",\"@graph\":[{\"@type\":\"WebPage\",\"@id\":\"https:\\\/\\\/repliquemangacine.fr\\\/figurine-naruto\\\/figurine-minato-namikaze\\\/\",\"url\":\"https:\\\/\\\/repliquemangacine.fr\\\/figurine-naruto\\\/figurine-minato-namikaze\\\/\",\"name\":\"Figurine Minato Namikaze - Figurines Naruto | R\u00e9plique Manga Cin\u00e9\",\"isPartOf\":{\"@id\":\"https:\\\/\\\/repliquemangacine.fr\\\/#website\"},\"primaryImageOfPage\":{\"@id\":\"https:\\\/\\\/repliquemangacine.fr\\\/figurine-naruto\\\/figurine-minato-namikaze\\\/#primaryimage\"},\"image\":{\"@id\":\"https:\\\/\\\/repliquemangacine.fr\\\/figurine-naruto\\\/figurine-minato-namikaze\\\/#primaryimage\"},\"thumbnailUrl\":\"https:\\\/\\\/repliquemangacine.fr\\\/wp-content\\\/uploads\\\/2023\\\/11\\\/figurine-yondaime.jpg\",\"datePublished\":\"2023-11-11T15:38:48+00:00\",\"dateModified\":\"2025-11-18T15:15:41+00:00\",\"description\":\"Entrez dans le monde de Naruto avec notre Figurine de Minato Namikaze au meilleur prix. Tout en PVC. Hauteur 27 cm - Livr\u00e9 avec sa boite collector\",\"breadcrumb\":{\"@id\":\"https:\\\/\\\/repliquemangacine.fr\\\/figurine-naruto\\\/figurine-minato-namikaze\\\/#breadcrumb\"},\"inLanguage\":\"de\",\"potentialAction\":[{\"@type\":\"ReadAction\",\"target\":[\"https:\\\/\\\/repliquemangacine.fr\\\/figurine-naruto\\\/figurine-minato-namikaze\\\/\"]}]},{\"@type\":\"ImageObject\",\"inLanguage\":\"de\",\"@id\":\"https:\\\/\\\/repliquemangacine.fr\\\/figurine-naruto\\\/figurine-minato-namikaze\\\/#primaryimage\",\"url\":\"https:\\\/\\\/repliquemangacine.fr\\\/wp-content\\\/uploads\\\/2023\\\/11\\\/figurine-yondaime.jpg\",\"contentUrl\":\"https:\\\/\\\/repliquemangacine.fr\\\/wp-content\\\/uploads\\\/2023\\\/11\\\/figurine-yondaime.jpg\",\"width\":500,\"height\":500,\"caption\":\"Figurine Minato Namikaze dans Naruto\"},{\"@type\":\"BreadcrumbList\",\"@id\":\"https:\\\/\\\/repliquemangacine.fr\\\/figurine-naruto\\\/figurine-minato-namikaze\\\/#breadcrumb\",\"itemListElement\":[{\"@type\":\"ListItem\",\"position\":1,\"name\":\"Accueil\",\"item\":\"https:\\\/\\\/repliquemangacine.fr\\\/\"},{\"@type\":\"ListItem\",\"position\":2,\"name\":\"Produits\",\"item\":\"https:\\\/\\\/repliquemangacine.fr\\\/boutique\\\/\"},{\"@type\":\"ListItem\",\"position\":3,\"name\":\"Figurine Minato Namikaze\"}]},{\"@type\":\"WebSite\",\"@id\":\"https:\\\/\\\/repliquemangacine.fr\\\/#website\",\"url\":\"https:\\\/\\\/repliquemangacine.fr\\\/\",\"name\":\"R\u00e9plique Manga Cin\u00e9\",\"description\":\"\",\"publisher\":{\"@id\":\"https:\\\/\\\/repliquemangacine.fr\\\/#organization\"},\"potentialAction\":[{\"@type\":\"SearchAction\",\"target\":{\"@type\":\"EntryPoint\",\"urlTemplate\":\"https:\\\/\\\/repliquemangacine.fr\\\/?s={search_term_string}\"},\"query-input\":{\"@type\":\"PropertyValueSpecification\",\"valueRequired\":true,\"valueName\":\"search_term_string\"}}],\"inLanguage\":\"de\"},{\"@type\":\"Organization\",\"@id\":\"https:\\\/\\\/repliquemangacine.fr\\\/#organization\",\"name\":\"R\u00e9plique Manga Cin\u00e9\",\"url\":\"https:\\\/\\\/repliquemangacine.fr\\\/\",\"logo\":{\"@type\":\"ImageObject\",\"inLanguage\":\"de\",\"@id\":\"https:\\\/\\\/repliquemangacine.fr\\\/#\\\/schema\\\/logo\\\/image\\\/\",\"url\":\"https:\\\/\\\/repliquemangacine.fr\\\/wp-content\\\/uploads\\\/2023\\\/10\\\/RMC-500250.png\",\"contentUrl\":\"https:\\\/\\\/repliquemangacine.fr\\\/wp-content\\\/uploads\\\/2023\\\/10\\\/RMC-500250.png\",\"width\":500,\"height\":250,\"caption\":\"R\u00e9plique Manga Cin\u00e9\"},\"image\":{\"@id\":\"https:\\\/\\\/repliquemangacine.fr\\\/#\\\/schema\\\/logo\\\/image\\\/\"},\"sameAs\":[\"https:\\\/\\\/www.facebook.com\\\/RepliqueMangaCine\",\"https:\\\/\\\/www.instagram.com\\\/repliquemangacine.fr\\\/\"]}]}<\/script>\n<!-- \/ Yoast SEO plugin. -->","yoast_head_json":{"title":"Figurine Minato Namikaze - Figurines Naruto | R\u00e9plique Manga Cin\u00e9","description":"Treten Sie ein in die Welt von Naruto mit unserer Minato Namikaze Figur zum besten Preis. Ganz aus PVC gefertigt. H\u00f6he 27 cm - Wird mit einer Sammlerbox geliefert.","robots":{"index":"index","follow":"follow","max-snippet":"max-snippet:-1","max-image-preview":"max-image-preview:large","max-video-preview":"max-video-preview:-1"},"canonical":"https:\/\/repliquemangacine.fr\/de\/naruto-figurine\/minato-namikaze-figurine\/","og_locale":"de_DE","og_type":"article","og_title":"Figurine Minato Namikaze - Figurines Naruto | R\u00e9plique Manga Cin\u00e9","og_description":"Entrez dans le monde de Naruto avec notre Figurine de Minato Namikaze au meilleur prix. Tout en PVC. Hauteur 27 cm - Livr\u00e9 avec sa boite collector","og_url":"https:\/\/repliquemangacine.fr\/de\/naruto-figurine\/minato-namikaze-figurine\/","og_site_name":"R\u00e9plique Manga Cin\u00e9","article_publisher":"https:\/\/www.facebook.com\/RepliqueMangaCine","article_modified_time":"2025-11-18T15:15:41+00:00","og_image":[{"width":500,"height":500,"url":"https:\/\/repliquemangacine.fr\/wp-content\/uploads\/2023\/11\/figurine-yondaime.jpg","type":"image\/jpeg"}],"twitter_card":"summary_large_image","twitter_misc":{"Gesch\u00e4tzte Lesezeit":"3\u00a0Minuten"},"schema":{"@context":"https:\/\/schema.org","@graph":[{"@type":"WebPage","@id":"https:\/\/repliquemangacine.fr\/figurine-naruto\/figurine-minato-namikaze\/","url":"https:\/\/repliquemangacine.fr\/figurine-naruto\/figurine-minato-namikaze\/","name":"Figurine Minato Namikaze - Figurines Naruto | R\u00e9plique Manga Cin\u00e9","isPartOf":{"@id":"https:\/\/repliquemangacine.fr\/#website"},"primaryImageOfPage":{"@id":"https:\/\/repliquemangacine.fr\/figurine-naruto\/figurine-minato-namikaze\/#primaryimage"},"image":{"@id":"https:\/\/repliquemangacine.fr\/figurine-naruto\/figurine-minato-namikaze\/#primaryimage"},"thumbnailUrl":"https:\/\/repliquemangacine.fr\/wp-content\/uploads\/2023\/11\/figurine-yondaime.jpg","datePublished":"2023-11-11T15:38:48+00:00","dateModified":"2025-11-18T15:15:41+00:00","description":"Treten Sie ein in die Welt von Naruto mit unserer Minato Namikaze Figur zum besten Preis. Ganz aus PVC gefertigt. H\u00f6he 27 cm - Wird mit einer Sammlerbox geliefert.","breadcrumb":{"@id":"https:\/\/repliquemangacine.fr\/figurine-naruto\/figurine-minato-namikaze\/#breadcrumb"},"inLanguage":"de","potentialAction":[{"@type":"ReadAction","target":["https:\/\/repliquemangacine.fr\/figurine-naruto\/figurine-minato-namikaze\/"]}]},{"@type":"ImageObject","inLanguage":"de","@id":"https:\/\/repliquemangacine.fr\/figurine-naruto\/figurine-minato-namikaze\/#primaryimage","url":"https:\/\/repliquemangacine.fr\/wp-content\/uploads\/2023\/11\/figurine-yondaime.jpg","contentUrl":"https:\/\/repliquemangacine.fr\/wp-content\/uploads\/2023\/11\/figurine-yondaime.jpg","width":500,"height":500,"caption":"Figurine Minato Namikaze dans Naruto"},{"@type":"BreadcrumbList","@id":"https:\/\/repliquemangacine.fr\/figurine-naruto\/figurine-minato-namikaze\/#breadcrumb","itemListElement":[{"@type":"ListItem","position":1,"name":"Accueil","item":"https:\/\/repliquemangacine.fr\/"},{"@type":"ListItem","position":2,"name":"Produits","item":"https:\/\/repliquemangacine.fr\/boutique\/"},{"@type":"ListItem","position":3,"name":"Figurine Minato Namikaze"}]},{"@type":"WebSite","@id":"https:\/\/repliquemangacine.fr\/#website","url":"https:\/\/repliquemangacine.fr\/","name":"R\u00e9plique Manga Cin\u00e9","description":"","publisher":{"@id":"https:\/\/repliquemangacine.fr\/#organization"},"potentialAction":[{"@type":"SearchAction","target":{"@type":"EntryPoint","urlTemplate":"https:\/\/repliquemangacine.fr\/?s={search_term_string}"},"query-input":{"@type":"PropertyValueSpecification","valueRequired":true,"valueName":"search_term_string"}}],"inLanguage":"de"},{"@type":"Organization","@id":"https:\/\/repliquemangacine.fr\/#organization","name":"R\u00e9plique Manga Cin\u00e9","url":"https:\/\/repliquemangacine.fr\/","logo":{"@type":"ImageObject","inLanguage":"de","@id":"https:\/\/repliquemangacine.fr\/#\/schema\/logo\/image\/","url":"https:\/\/repliquemangacine.fr\/wp-content\/uploads\/2023\/10\/RMC-500250.png","contentUrl":"https:\/\/repliquemangacine.fr\/wp-content\/uploads\/2023\/10\/RMC-500250.png","width":500,"height":250,"caption":"R\u00e9plique Manga Cin\u00e9"},"image":{"@id":"https:\/\/repliquemangacine.fr\/#\/schema\/logo\/image\/"},"sameAs":["https:\/\/www.facebook.com\/RepliqueMangaCine","https:\/\/www.instagram.com\/repliquemangacine.fr\/"]}]}},"_links":{"self":[{"href":"https:\/\/repliquemangacine.fr\/de\/wp-json\/wp\/v2\/product\/65194","targetHints":{"allow":["GET"]}}],"collection":[{"href":"https:\/\/repliquemangacine.fr\/de\/wp-json\/wp\/v2\/product"}],"about":[{"href":"https:\/\/repliquemangacine.fr\/de\/wp-json\/wp\/v2\/types\/product"}],"wp:featuredmedia":[{"embeddable":true,"href":"https:\/\/repliquemangacine.fr\/de\/wp-json\/wp\/v2\/media\/65196"}],"wp:attachment":[{"href":"https:\/\/repliquemangacine.fr\/de\/wp-json\/wp\/v2\/media?parent=65194"}],"wp:term":[{"taxonomy":"product_brand","embeddable":true,"href":"https:\/\/repliquemangacine.fr\/de\/wp-json\/wp\/v2\/product_brand?post=65194"},{"taxonomy":"product_cat","embeddable":true,"href":"https:\/\/repliquemangacine.fr\/de\/wp-json\/wp\/v2\/product_cat?post=65194"},{"taxonomy":"product_tag","embeddable":true,"href":"https:\/\/repliquemangacine.fr\/de\/wp-json\/wp\/v2\/product_tag?post=65194"}],"curies":[{"name":"wp","href":"https:\/\/api.w.org\/{rel}","templated":true}]}}