





{"id":65062,"date":"2023-11-08T18:09:05","date_gmt":"2023-11-08T17:09:05","guid":{"rendered":"https:\/\/repliquemangacine.fr\/?post_type=product&#038;p=65062"},"modified":"2025-09-23T18:03:23","modified_gmt":"2025-09-23T16:03:23","slug":"saiyan-goku-dbz-figurine","status":"publish","type":"product","link":"https:\/\/repliquemangacine.fr\/de\/figurines-collector\/figurine-saiyan-goku-dbz\/","title":{"rendered":"Saiyan Goku DBZ Figurine"},"content":{"rendered":"<h2>Saiyajin Goku Figur; die Ikone aus Dragon Ball Z<\/h2>\n<p>Tauchen Sie zun\u00e4chst einmal mitten ins Geschehen ein mit der<strong> Saiyajin Goku Actionfigur<\/strong>direkt aus dem \u00fcberdrehten Universum von Dragon Ball Z. Diese Statuette f\u00e4ngt die Kraft und Entschlossenheit des legend\u00e4ren Saiyajin-Kriegers in seiner ikonischen Kampfhaltung ein. Au\u00dferdem ist jedes Detail, von seinem flammenden Haar bis hin zu den Falten seiner Kampfuniform, originalgetreu nachgebildet. Die Dragon Ball Z Saiyan Goku Actionfigur ist mehr als nur ein Sammlerst\u00fcck.<\/p>\n<h3>Ein Saiyajin-Erbe in Ihrem Wohnzimmer<\/h3>\n<p>Es ist eine Feier des Geistes <a href=\"https:\/\/dragonball.fandom.com\/fr\/wiki\/Saiyans\" target=\"_blank\" rel=\"noopener noreferrer\">Saiyajin<\/a>ist eine Hommage an die Seele des K\u00e4mpfers, die in jedem Fan der Serie schlummert. Mit ihrer makellosen Verarbeitung und ihrem dynamischen Design verk\u00f6rpert sie Gokus St\u00e4rke, bereit, einen vernichtenden Kamehameha zu schleudern. Vor allem aber sollten Sie sich die Gelegenheit nicht entgehen lassen, ein St\u00fcck Anime-Geschichte zu besitzen, in der Leidenschaft und Nostalgie aufeinandertreffen.<\/p>\n<h2>Ihre Saiyajin Goku Figur in hoher Qualit\u00e4t zum g\u00fcnstigen Preis<\/h2>\n<p>Betreten Sie die Arena der Saiyajins mit unserem <strong>Saiyajin Goku Actionfigur<\/strong>ist ein Sammlerst\u00fcck, das die Essenz von Dragon Ball Z einf\u00e4ngt, ohne Kompromisse bei der Qualit\u00e4t oder dem Preis einzugehen. Diese inoffizielle Reproduktion bietet Fans die Chance, einen Teil ihres Lieblingsanimes zu besitzen, verk\u00f6rpert in einer Statuette, deren Preis-Leistungs-Verh\u00e4ltnis unschlagbar ist.<\/p>\n<h3>Holen Sie sich das Beste von Goku zu einem unschlagbaren Preis<\/h3>\n<p>Es ist hervorzuheben, dass unser <strong>Saiyajin Goku Figurine<\/strong> Dragon Ball Z vereint erschwingliche Preise mit herausragender Qualit\u00e4t. Das macht sie zu einer unverzichtbaren Wahl f\u00fcr Sammler und Liebhaber der Serie. Erleben Sie Gokus Macht mit dieser Figur, die f\u00fcr diejenigen entworfen wurde, die sich nicht zwischen h\u00f6chster Qualit\u00e4t und einem \u00fcberschaubaren Budget entscheiden wollen. F\u00fcgen Sie dieses St\u00fcck jetzt Ihrer Sammlung hinzu und feiern Sie das Erbe von Dragon Ball Z mit einem Produkt, das Ihre Leidenschaft ehrt.<\/p>\n<h2>R\u00e9plique Manga Cin\u00e9: Ihr Reiseziel f\u00fcr Figuren<\/h2>\n<p>Bei R\u00e9plique Manga Cin\u00e9 verstehen wir die Begeisterung f\u00fcr Kultfiguren wie unseren <strong>Saiyajin Goku Actionfigur<\/strong> von Dragon Ball Z. Aber auch die <a href=\"https:\/\/repliquemangacine.fr\/de\/one-piece-figurines\/\">Figuren aus One Piece<\/a>sowie die <a href=\"https:\/\/repliquemangacine.fr\/de\/demon-slayer-figurines\/\">Demon slayer Figuren<\/a> \u00fcber Naruto.<\/p>\n<p>Deshalb haben wir uns dazu verpflichtet, mehr als nur Repliken anzubieten. Mit einer schnellen Lieferung innerhalb von 24\/48 Stunden, einer sorgf\u00e4ltigen Verpackung, die die Sicherheit Ihres wertvollen Saiyajins w\u00e4hrend des Transports garantiert, und einer sicheren Zahlung, damit Sie sich ganz beruhigt zur\u00fccklehnen k\u00f6nnen.<\/p>\n<h3>Mehr als eine Figur: Qualit\u00e4tsservice bei R\u00e9plique Manga Cin\u00e9<\/h3>\n<p>Zusammenfassend l\u00e4sst sich sagen, dass Sie von der Bestellung bis zur Lieferung von einem einwandfreien Kundenerlebnis profitieren. Lassen Sie sich in die Welt von Goku entf\u00fchren, mit der Gelassenheit eines Kundenservice, der Sie bei jedem Schritt begleitet. F\u00fcgen Sie dieses au\u00dfergew\u00f6hnliche St\u00fcck noch heute Ihrer Sammlung hinzu!<\/p>","protected":false},"excerpt":{"rendered":"<p>Wundersch\u00f6ne Figur von Super Saiyan Goku aus Dragon Ball Z<\/p>\n<ul>\n<li>Alles aus PVC<\/li>\n<li>Fein detailliert<\/li>\n<li>H\u00f6he: 17 cm<\/li>\n<li>Wird mit seiner Vitrinenbox geliefert<\/li>\n<li>Inoffiziell<\/li>\n<\/ul>","protected":false},"featured_media":65063,"template":"","meta":[],"product_brand":[896],"product_cat":[831,94],"product_tag":[],"class_list":{"0":"post-65062","1":"product","2":"type-product","3":"status-publish","4":"has-post-thumbnail","6":"product_brand-replique-manga-cine","7":"product_cat-figurines-collector","8":"product_cat-goodies","10":"first","11":"instock","12":"taxable","13":"shipping-taxable","14":"purchasable","15":"product-type-simple"},"yoast_head":"<!-- This site is optimized with the Yoast SEO plugin v27.5 - https:\/\/yoast.com\/product\/yoast-seo-wordpress\/ -->\n<title>Figurine Saiyan Goku DBZ - Figurine Dragon Ball Z | R\u00e9plique Manga Cin\u00e9<\/title>\n<meta name=\"description\" content=\"D\u00e9couvrez la figurine Saiyan Goku dans Dragon Ball Z \u00e0 la qualit\u00e9 exceptionnelle, prix imbattable. Livraison rapide. Commandez maintenant !\" \/>\n<meta name=\"robots\" content=\"index, follow, max-snippet:-1, max-image-preview:large, max-video-preview:-1\" \/>\n<link rel=\"canonical\" href=\"https:\/\/repliquemangacine.fr\/de\/sammlerfiguren\/saiyan-goku-dbz-figurine\/\" \/>\n<meta property=\"og:locale\" content=\"de_DE\" \/>\n<meta property=\"og:type\" content=\"article\" \/>\n<meta property=\"og:title\" content=\"Figurine Saiyan Goku DBZ - Figurine Dragon Ball Z | R\u00e9plique Manga Cin\u00e9\" \/>\n<meta property=\"og:description\" content=\"D\u00e9couvrez la figurine Saiyan Goku dans Dragon Ball Z \u00e0 la qualit\u00e9 exceptionnelle, prix imbattable. Livraison rapide. Commandez maintenant !\" \/>\n<meta property=\"og:url\" content=\"https:\/\/repliquemangacine.fr\/de\/sammlerfiguren\/saiyan-goku-dbz-figurine\/\" \/>\n<meta property=\"og:site_name\" content=\"R\u00e9plique Manga Cin\u00e9\" \/>\n<meta property=\"article:publisher\" content=\"https:\/\/www.facebook.com\/RepliqueMangaCine\" \/>\n<meta property=\"article:modified_time\" content=\"2025-09-23T16:03:23+00:00\" \/>\n<meta property=\"og:image\" content=\"https:\/\/repliquemangacine.fr\/wp-content\/uploads\/2023\/11\/Figurine-Dragon-ball-Z.jpg\" \/>\n\t<meta property=\"og:image:width\" content=\"500\" \/>\n\t<meta property=\"og:image:height\" content=\"500\" \/>\n\t<meta property=\"og:image:type\" content=\"image\/jpeg\" \/>\n<meta name=\"twitter:card\" content=\"summary_large_image\" \/>\n<meta name=\"twitter:label1\" content=\"Gesch\u00e4tzte Lesezeit\" \/>\n\t<meta name=\"twitter:data1\" content=\"3\u00a0Minuten\" \/>\n<script type=\"application\/ld+json\" class=\"yoast-schema-graph\">{\"@context\":\"https:\\\/\\\/schema.org\",\"@graph\":[{\"@type\":\"WebPage\",\"@id\":\"https:\\\/\\\/repliquemangacine.fr\\\/en\\\/collectors-figurines\\\/saiyan-goku-dbz-figurine\\\/\",\"url\":\"https:\\\/\\\/repliquemangacine.fr\\\/en\\\/collectors-figurines\\\/saiyan-goku-dbz-figurine\\\/\",\"name\":\"Figurine Saiyan Goku DBZ - Figurine Dragon Ball Z | R\u00e9plique Manga Cin\u00e9\",\"isPartOf\":{\"@id\":\"https:\\\/\\\/repliquemangacine.fr\\\/#website\"},\"primaryImageOfPage\":{\"@id\":\"https:\\\/\\\/repliquemangacine.fr\\\/en\\\/collectors-figurines\\\/saiyan-goku-dbz-figurine\\\/#primaryimage\"},\"image\":{\"@id\":\"https:\\\/\\\/repliquemangacine.fr\\\/en\\\/collectors-figurines\\\/saiyan-goku-dbz-figurine\\\/#primaryimage\"},\"thumbnailUrl\":\"https:\\\/\\\/repliquemangacine.fr\\\/wp-content\\\/uploads\\\/2023\\\/11\\\/Figurine-Dragon-ball-Z.jpg\",\"datePublished\":\"2023-11-08T17:09:05+00:00\",\"dateModified\":\"2025-09-23T16:03:23+00:00\",\"description\":\"D\u00e9couvrez la figurine Saiyan Goku dans Dragon Ball Z \u00e0 la qualit\u00e9 exceptionnelle, prix imbattable. Livraison rapide. Commandez maintenant !\",\"breadcrumb\":{\"@id\":\"https:\\\/\\\/repliquemangacine.fr\\\/en\\\/collectors-figurines\\\/saiyan-goku-dbz-figurine\\\/#breadcrumb\"},\"inLanguage\":\"de\",\"potentialAction\":[{\"@type\":\"ReadAction\",\"target\":[\"https:\\\/\\\/repliquemangacine.fr\\\/en\\\/collectors-figurines\\\/saiyan-goku-dbz-figurine\\\/\"]}]},{\"@type\":\"ImageObject\",\"inLanguage\":\"de\",\"@id\":\"https:\\\/\\\/repliquemangacine.fr\\\/en\\\/collectors-figurines\\\/saiyan-goku-dbz-figurine\\\/#primaryimage\",\"url\":\"https:\\\/\\\/repliquemangacine.fr\\\/wp-content\\\/uploads\\\/2023\\\/11\\\/Figurine-Dragon-ball-Z.jpg\",\"contentUrl\":\"https:\\\/\\\/repliquemangacine.fr\\\/wp-content\\\/uploads\\\/2023\\\/11\\\/Figurine-Dragon-ball-Z.jpg\",\"width\":500,\"height\":500,\"caption\":\"Figurine Saiyan Goku DBZ\"},{\"@type\":\"BreadcrumbList\",\"@id\":\"https:\\\/\\\/repliquemangacine.fr\\\/en\\\/collectors-figurines\\\/saiyan-goku-dbz-figurine\\\/#breadcrumb\",\"itemListElement\":[{\"@type\":\"ListItem\",\"position\":1,\"name\":\"Accueil\",\"item\":\"https:\\\/\\\/repliquemangacine.fr\\\/\"},{\"@type\":\"ListItem\",\"position\":2,\"name\":\"Produits\",\"item\":\"https:\\\/\\\/repliquemangacine.fr\\\/boutique\\\/\"},{\"@type\":\"ListItem\",\"position\":3,\"name\":\"Figurine Saiyan Goku DBZ\"}]},{\"@type\":\"WebSite\",\"@id\":\"https:\\\/\\\/repliquemangacine.fr\\\/#website\",\"url\":\"https:\\\/\\\/repliquemangacine.fr\\\/\",\"name\":\"R\u00e9plique Manga Cin\u00e9\",\"description\":\"\",\"publisher\":{\"@id\":\"https:\\\/\\\/repliquemangacine.fr\\\/#organization\"},\"potentialAction\":[{\"@type\":\"SearchAction\",\"target\":{\"@type\":\"EntryPoint\",\"urlTemplate\":\"https:\\\/\\\/repliquemangacine.fr\\\/?s={search_term_string}\"},\"query-input\":{\"@type\":\"PropertyValueSpecification\",\"valueRequired\":true,\"valueName\":\"search_term_string\"}}],\"inLanguage\":\"de\"},{\"@type\":\"Organization\",\"@id\":\"https:\\\/\\\/repliquemangacine.fr\\\/#organization\",\"name\":\"R\u00e9plique Manga Cin\u00e9\",\"url\":\"https:\\\/\\\/repliquemangacine.fr\\\/\",\"logo\":{\"@type\":\"ImageObject\",\"inLanguage\":\"de\",\"@id\":\"https:\\\/\\\/repliquemangacine.fr\\\/#\\\/schema\\\/logo\\\/image\\\/\",\"url\":\"https:\\\/\\\/repliquemangacine.fr\\\/wp-content\\\/uploads\\\/2023\\\/10\\\/RMC-500250.png\",\"contentUrl\":\"https:\\\/\\\/repliquemangacine.fr\\\/wp-content\\\/uploads\\\/2023\\\/10\\\/RMC-500250.png\",\"width\":500,\"height\":250,\"caption\":\"R\u00e9plique Manga Cin\u00e9\"},\"image\":{\"@id\":\"https:\\\/\\\/repliquemangacine.fr\\\/#\\\/schema\\\/logo\\\/image\\\/\"},\"sameAs\":[\"https:\\\/\\\/www.facebook.com\\\/RepliqueMangaCine\",\"https:\\\/\\\/www.instagram.com\\\/repliquemangacine.fr\\\/\"]}]}<\/script>\n<!-- \/ Yoast SEO plugin. -->","yoast_head_json":{"title":"DBZ Saiyan Goku Figur - Dragon Ball Z Figurine | R\u00e9plique Manga Cin\u00e9","description":"Entdecken Sie die Saiyan Goku Figur in Dragon Ball Z mit au\u00dfergew\u00f6hnlicher Qualit\u00e4t und unschlagbarem Preis. Die Lieferung erfolgt schnell. Jetzt bestellen!","robots":{"index":"index","follow":"follow","max-snippet":"max-snippet:-1","max-image-preview":"max-image-preview:large","max-video-preview":"max-video-preview:-1"},"canonical":"https:\/\/repliquemangacine.fr\/de\/sammlerfiguren\/saiyan-goku-dbz-figurine\/","og_locale":"de_DE","og_type":"article","og_title":"Figurine Saiyan Goku DBZ - Figurine Dragon Ball Z | R\u00e9plique Manga Cin\u00e9","og_description":"D\u00e9couvrez la figurine Saiyan Goku dans Dragon Ball Z \u00e0 la qualit\u00e9 exceptionnelle, prix imbattable. Livraison rapide. Commandez maintenant !","og_url":"https:\/\/repliquemangacine.fr\/de\/sammlerfiguren\/saiyan-goku-dbz-figurine\/","og_site_name":"R\u00e9plique Manga Cin\u00e9","article_publisher":"https:\/\/www.facebook.com\/RepliqueMangaCine","article_modified_time":"2025-09-23T16:03:23+00:00","og_image":[{"width":500,"height":500,"url":"https:\/\/repliquemangacine.fr\/wp-content\/uploads\/2023\/11\/Figurine-Dragon-ball-Z.jpg","type":"image\/jpeg"}],"twitter_card":"summary_large_image","twitter_misc":{"Gesch\u00e4tzte Lesezeit":"3\u00a0Minuten"},"schema":{"@context":"https:\/\/schema.org","@graph":[{"@type":"WebPage","@id":"https:\/\/repliquemangacine.fr\/en\/collectors-figurines\/saiyan-goku-dbz-figurine\/","url":"https:\/\/repliquemangacine.fr\/en\/collectors-figurines\/saiyan-goku-dbz-figurine\/","name":"DBZ Saiyan Goku Figur - Dragon Ball Z Figurine | R\u00e9plique Manga Cin\u00e9","isPartOf":{"@id":"https:\/\/repliquemangacine.fr\/#website"},"primaryImageOfPage":{"@id":"https:\/\/repliquemangacine.fr\/en\/collectors-figurines\/saiyan-goku-dbz-figurine\/#primaryimage"},"image":{"@id":"https:\/\/repliquemangacine.fr\/en\/collectors-figurines\/saiyan-goku-dbz-figurine\/#primaryimage"},"thumbnailUrl":"https:\/\/repliquemangacine.fr\/wp-content\/uploads\/2023\/11\/Figurine-Dragon-ball-Z.jpg","datePublished":"2023-11-08T17:09:05+00:00","dateModified":"2025-09-23T16:03:23+00:00","description":"Entdecken Sie die Saiyan Goku Figur in Dragon Ball Z mit au\u00dfergew\u00f6hnlicher Qualit\u00e4t und unschlagbarem Preis. Die Lieferung erfolgt schnell. Jetzt bestellen!","breadcrumb":{"@id":"https:\/\/repliquemangacine.fr\/en\/collectors-figurines\/saiyan-goku-dbz-figurine\/#breadcrumb"},"inLanguage":"de","potentialAction":[{"@type":"ReadAction","target":["https:\/\/repliquemangacine.fr\/en\/collectors-figurines\/saiyan-goku-dbz-figurine\/"]}]},{"@type":"ImageObject","inLanguage":"de","@id":"https:\/\/repliquemangacine.fr\/en\/collectors-figurines\/saiyan-goku-dbz-figurine\/#primaryimage","url":"https:\/\/repliquemangacine.fr\/wp-content\/uploads\/2023\/11\/Figurine-Dragon-ball-Z.jpg","contentUrl":"https:\/\/repliquemangacine.fr\/wp-content\/uploads\/2023\/11\/Figurine-Dragon-ball-Z.jpg","width":500,"height":500,"caption":"Figurine Saiyan Goku DBZ"},{"@type":"BreadcrumbList","@id":"https:\/\/repliquemangacine.fr\/en\/collectors-figurines\/saiyan-goku-dbz-figurine\/#breadcrumb","itemListElement":[{"@type":"ListItem","position":1,"name":"Accueil","item":"https:\/\/repliquemangacine.fr\/"},{"@type":"ListItem","position":2,"name":"Produits","item":"https:\/\/repliquemangacine.fr\/boutique\/"},{"@type":"ListItem","position":3,"name":"Figurine Saiyan Goku DBZ"}]},{"@type":"WebSite","@id":"https:\/\/repliquemangacine.fr\/#website","url":"https:\/\/repliquemangacine.fr\/","name":"R\u00e9plique Manga Cin\u00e9","description":"","publisher":{"@id":"https:\/\/repliquemangacine.fr\/#organization"},"potentialAction":[{"@type":"SearchAction","target":{"@type":"EntryPoint","urlTemplate":"https:\/\/repliquemangacine.fr\/?s={search_term_string}"},"query-input":{"@type":"PropertyValueSpecification","valueRequired":true,"valueName":"search_term_string"}}],"inLanguage":"de"},{"@type":"Organization","@id":"https:\/\/repliquemangacine.fr\/#organization","name":"R\u00e9plique Manga Cin\u00e9","url":"https:\/\/repliquemangacine.fr\/","logo":{"@type":"ImageObject","inLanguage":"de","@id":"https:\/\/repliquemangacine.fr\/#\/schema\/logo\/image\/","url":"https:\/\/repliquemangacine.fr\/wp-content\/uploads\/2023\/10\/RMC-500250.png","contentUrl":"https:\/\/repliquemangacine.fr\/wp-content\/uploads\/2023\/10\/RMC-500250.png","width":500,"height":250,"caption":"R\u00e9plique Manga Cin\u00e9"},"image":{"@id":"https:\/\/repliquemangacine.fr\/#\/schema\/logo\/image\/"},"sameAs":["https:\/\/www.facebook.com\/RepliqueMangaCine","https:\/\/www.instagram.com\/repliquemangacine.fr\/"]}]}},"_links":{"self":[{"href":"https:\/\/repliquemangacine.fr\/de\/wp-json\/wp\/v2\/product\/65062","targetHints":{"allow":["GET"]}}],"collection":[{"href":"https:\/\/repliquemangacine.fr\/de\/wp-json\/wp\/v2\/product"}],"about":[{"href":"https:\/\/repliquemangacine.fr\/de\/wp-json\/wp\/v2\/types\/product"}],"wp:featuredmedia":[{"embeddable":true,"href":"https:\/\/repliquemangacine.fr\/de\/wp-json\/wp\/v2\/media\/65063"}],"wp:attachment":[{"href":"https:\/\/repliquemangacine.fr\/de\/wp-json\/wp\/v2\/media?parent=65062"}],"wp:term":[{"taxonomy":"product_brand","embeddable":true,"href":"https:\/\/repliquemangacine.fr\/de\/wp-json\/wp\/v2\/product_brand?post=65062"},{"taxonomy":"product_cat","embeddable":true,"href":"https:\/\/repliquemangacine.fr\/de\/wp-json\/wp\/v2\/product_cat?post=65062"},{"taxonomy":"product_tag","embeddable":true,"href":"https:\/\/repliquemangacine.fr\/de\/wp-json\/wp\/v2\/product_tag?post=65062"}],"curies":[{"name":"wp","href":"https:\/\/api.w.org\/{rel}","templated":true}]}}