





{"id":64875,"date":"2025-11-19T15:23:42","date_gmt":"2025-11-19T14:23:42","guid":{"rendered":"https:\/\/repliquemangacine.fr\/?post_type=product&#038;p=64875"},"modified":"2025-11-19T15:23:42","modified_gmt":"2025-11-19T14:23:42","slug":"luffy-gear-4-figurine","status":"publish","type":"product","link":"https:\/\/repliquemangacine.fr\/de\/figurines-one-piece\/figurine-luffy-gear-4\/","title":{"rendered":"Luffy Gear 4 Figurine"},"content":{"rendered":"<h2>Luffy Gear 4 One Piece Figurine<\/h2>\n<p>Tauchen Sie zu Beginn in die spannende Welt von One Piece mit der <strong>Luffy Gear 4 Figurine<\/strong>. Dieses au\u00dfergew\u00f6hnliche Sammlerst\u00fcck f\u00e4ngt den Abenteuergeist und die unvergleichliche Kraft von Monkey D. Luffy ein.<br \/>\nin seiner beeindruckenden Gear-4-Form. Dieses mit viel Liebe zum Detail gefertigte St\u00fcck verk\u00f6rpert perfekt die Entschlossenheit und St\u00e4rke des ber\u00fchmten Piraten.<\/p>\n<p>Die <a href=\"https:\/\/onepiece.fandom.com\/fr\/wiki\/Gomu_Gomu_no_Mi\/Gear_Fourth_Techniques#Gear_Fourth_Boundman\" target=\"_blank\" rel=\"noopener noreferrer\">Gear 4<\/a>, Der Name einer Kampftechnik von Monkey D. Luffy, die zum ersten Mal in Luffys Kampf gegen Doflamingo auftaucht. Entwickelt von Luffy w\u00e4hrend seines Trainings auf Rusukaina.<\/p>\n<h3>Luffys Macht in einer Figur eingefangen<\/h3>\n<p>Ob Sie nun ein langj\u00e4hriger Fan oder ein Neuling in der Welt der Piraten sind, diese Figur ist ein Muss. Sie f\u00e4ngt nicht nur das Wesen von Ruffy ein,<br \/>\nEs ist ein Symbol f\u00fcr Ihre Leidenschaft f\u00fcr Abenteuer und japanische Animationsfilme.<\/p>\n<h2>Luffy Gear 4 Actionfigur mit bestem Preis-Leistungs-Verh\u00e4ltnis<\/h2>\n<p>F\u00fcr One Piece-Fans, die auf der Suche nach einem unvergleichlichen Schatz sind, ist unser <strong>Luffy Gear 4 Actionfigur<\/strong> Das inoffizielle Produkt bietet das beste Preis-Leistungs-Verh\u00e4ltnis auf dem Markt.<br \/>\nEs ist hervorzuheben, dass jedes Detail dieses St\u00fccks sorgf\u00e4ltig entworfen wurde, um den rebellischen Geist und die Charakterst\u00e4rke von Monkey D. Luffy, dem Kapit\u00e4n mit dem Strohhut, einzufangen.<\/p>\n<p>Unsere inoffizielle Luffy-Figur besticht durch ihre hervorragende Verarbeitung und ihren erschwinglichen Preis, was sie zu einem Muss f\u00fcr Sammler und Fans macht.<\/p>\n<h3>Exzellenz und Zug\u00e4nglichkeit in einer einzigartigen Figur<\/h3>\n<p>Ob Sie diese Figur verschenken oder Ihrer eigenen Sammlung hinzuf\u00fcgen m\u00f6chten \u2013 Sie werden den Kauf nicht bereuen, denn sie spiegelt Ihre Leidenschaft f\u00fcr das epische Abenteuer von Ruffy wider.<br \/>\nund seiner Besatzung. Mit seiner hohen Qualit\u00e4t und seinem wettbewerbsf\u00e4higen Preis verspricht es, das Juwel Ihrer Sammlung zu werden, ohne Sie zu ruinieren.<\/p>\n<h2>Investieren Sie in eine One Piece Sammlerm\u00fcnze<\/h2>\n<p>Investieren in unsere <strong>Luffy Gear 4 Actionfigur<\/strong> Inoffiziell bedeutet dies, ein au\u00dfergew\u00f6hnliches Sammlerst\u00fcck auszuw\u00e4hlen, das \u00fcber einfache Fanartikel hinausgeht.<\/p>\n<p>Aber h\u00f6ren Sie hier nicht auf, entdecken Sie auch unsere anderen One Piece-Figuren, um Ihre Sammlung mit den Kultfiguren aus dem von Eiichiro Oda geschaffenen Universum zu vervollst\u00e4ndigen.<\/p>\n<p>Zun\u00e4chst einmal:<\/p>\n<ul>\n<li>Die <a href=\"https:\/\/repliquemangacine.fr\/de\/figuren\/figurine-zoro-one-piece\/\">Zoro-Figur<\/a> mit seinen drei Schwertern<\/li>\n<li>Sowie die <a href=\"https:\/\/repliquemangacine.fr\/de\/figuren\/figurine-trafalgar-law-one-piece\/\">Figurine von Trafalgar Law<\/a> mit seinem gro\u00dfen Katana<\/li>\n<li>Und, viele andere, die in unserem Online-Shop zu finden sind<\/li>\n<\/ul>\n<p>Bestellen Sie also jetzt, um von einem exklusiven Angebot zu profitieren und Ihre Sammlung mit der inoffiziellen Luffy-Figur zu erg\u00e4nzen oder zu erweitern.<br \/>\nEs ist zu beachten, dass die Verf\u00fcgbarkeit dieses au\u00dfergew\u00f6hnlichen St\u00fccks begrenzt ist. Verpassen Sie also nicht die Gelegenheit, ein St\u00fcck der One Piece-Saga zu erwerben.<\/p>","protected":false},"excerpt":{"rendered":"<p>Wundersch\u00f6ne Figur von Luffy Gear 4 in One Piece<\/p>\n<ul>\n<li>Alles aus PVC<\/li>\n<li>Beeindruckende Details<\/li>\n<li>Unterst\u00fctzung<\/li>\n<li>H\u00f6he: 25 cm<\/li>\n<li>Wird mit seiner Sammlerbox geliefert<\/li>\n<\/ul>","protected":false},"featured_media":64877,"template":"","meta":[],"product_brand":[896],"product_cat":[831,124,94,23,36],"product_tag":[],"class_list":{"0":"post-64875","1":"product","2":"type-product","3":"status-publish","4":"has-post-thumbnail","6":"product_brand-replique-manga-cine","7":"product_cat-figurines-collector","8":"product_cat-figurines-one-piece","9":"product_cat-goodies","10":"product_cat-repliques-manga-jeux-video","11":"product_cat-katana-one-piece","13":"first","14":"instock","15":"taxable","16":"shipping-taxable","17":"purchasable","18":"product-type-simple"},"yoast_head":"<!-- This site is optimized with the Yoast SEO plugin v27.4 - https:\/\/yoast.com\/product\/yoast-seo-wordpress\/ -->\n<title>Figurine Luffy Gear 4 - Figurine One Piece | R\u00e9plique Manga Cin\u00e9<\/title>\n<meta name=\"description\" content=\"Commandez la Figurine Luffy Gear 4 au meilleur prix. Qualit\u00e9 sup\u00e9rieure, d\u00e9tails pr\u00e9cis \u2013 un must pour les fans de One Piece. Commandez maintenant\u202f!\" \/>\n<meta name=\"robots\" content=\"index, follow, max-snippet:-1, max-image-preview:large, max-video-preview:-1\" \/>\n<link rel=\"canonical\" href=\"https:\/\/repliquemangacine.fr\/de\/one-piece-figurines\/luffy-gear-4-figurine\/\" \/>\n<meta property=\"og:locale\" content=\"de_DE\" \/>\n<meta property=\"og:type\" content=\"article\" \/>\n<meta property=\"og:title\" content=\"Figurine Luffy Gear 4 - Figurine One Piece | R\u00e9plique Manga Cin\u00e9\" \/>\n<meta property=\"og:description\" content=\"Commandez la Figurine Luffy Gear 4 au meilleur prix. Qualit\u00e9 sup\u00e9rieure, d\u00e9tails pr\u00e9cis \u2013 un must pour les fans de One Piece. Commandez maintenant\u202f!\" \/>\n<meta property=\"og:url\" content=\"https:\/\/repliquemangacine.fr\/de\/one-piece-figurines\/luffy-gear-4-figurine\/\" \/>\n<meta property=\"og:site_name\" content=\"R\u00e9plique Manga Cin\u00e9\" \/>\n<meta property=\"article:publisher\" content=\"https:\/\/www.facebook.com\/RepliqueMangaCine\" \/>\n<meta property=\"og:image\" content=\"https:\/\/repliquemangacine.fr\/wp-content\/uploads\/2023\/11\/Figurine-Luffy-One-Piece.jpg\" \/>\n\t<meta property=\"og:image:width\" content=\"500\" \/>\n\t<meta property=\"og:image:height\" content=\"500\" \/>\n\t<meta property=\"og:image:type\" content=\"image\/jpeg\" \/>\n<meta name=\"twitter:card\" content=\"summary_large_image\" \/>\n<meta name=\"twitter:label1\" content=\"Gesch\u00e4tzte Lesezeit\" \/>\n\t<meta name=\"twitter:data1\" content=\"3\u00a0Minuten\" \/>\n<script type=\"application\/ld+json\" class=\"yoast-schema-graph\">{\"@context\":\"https:\\\/\\\/schema.org\",\"@graph\":[{\"@type\":\"WebPage\",\"@id\":\"https:\\\/\\\/repliquemangacine.fr\\\/figurines-one-piece\\\/figurine-luffy-gear-4\\\/\",\"url\":\"https:\\\/\\\/repliquemangacine.fr\\\/figurines-one-piece\\\/figurine-luffy-gear-4\\\/\",\"name\":\"Figurine Luffy Gear 4 - Figurine One Piece | R\u00e9plique Manga Cin\u00e9\",\"isPartOf\":{\"@id\":\"https:\\\/\\\/repliquemangacine.fr\\\/#website\"},\"primaryImageOfPage\":{\"@id\":\"https:\\\/\\\/repliquemangacine.fr\\\/figurines-one-piece\\\/figurine-luffy-gear-4\\\/#primaryimage\"},\"image\":{\"@id\":\"https:\\\/\\\/repliquemangacine.fr\\\/figurines-one-piece\\\/figurine-luffy-gear-4\\\/#primaryimage\"},\"thumbnailUrl\":\"https:\\\/\\\/repliquemangacine.fr\\\/wp-content\\\/uploads\\\/2023\\\/11\\\/Figurine-Luffy-One-Piece.jpg\",\"datePublished\":\"2025-11-19T14:23:42+00:00\",\"description\":\"Commandez la Figurine Luffy Gear 4 au meilleur prix. Qualit\u00e9 sup\u00e9rieure, d\u00e9tails pr\u00e9cis \u2013 un must pour les fans de One Piece. Commandez maintenant\u202f!\",\"breadcrumb\":{\"@id\":\"https:\\\/\\\/repliquemangacine.fr\\\/figurines-one-piece\\\/figurine-luffy-gear-4\\\/#breadcrumb\"},\"inLanguage\":\"de\",\"potentialAction\":[{\"@type\":\"ReadAction\",\"target\":[\"https:\\\/\\\/repliquemangacine.fr\\\/figurines-one-piece\\\/figurine-luffy-gear-4\\\/\"]}]},{\"@type\":\"ImageObject\",\"inLanguage\":\"de\",\"@id\":\"https:\\\/\\\/repliquemangacine.fr\\\/figurines-one-piece\\\/figurine-luffy-gear-4\\\/#primaryimage\",\"url\":\"https:\\\/\\\/repliquemangacine.fr\\\/wp-content\\\/uploads\\\/2023\\\/11\\\/Figurine-Luffy-One-Piece.jpg\",\"contentUrl\":\"https:\\\/\\\/repliquemangacine.fr\\\/wp-content\\\/uploads\\\/2023\\\/11\\\/Figurine-Luffy-One-Piece.jpg\",\"width\":500,\"height\":500,\"caption\":\"Figurine Luffy Gear 4 One piece\"},{\"@type\":\"BreadcrumbList\",\"@id\":\"https:\\\/\\\/repliquemangacine.fr\\\/figurines-one-piece\\\/figurine-luffy-gear-4\\\/#breadcrumb\",\"itemListElement\":[{\"@type\":\"ListItem\",\"position\":1,\"name\":\"Accueil\",\"item\":\"https:\\\/\\\/repliquemangacine.fr\\\/\"},{\"@type\":\"ListItem\",\"position\":2,\"name\":\"Produits\",\"item\":\"https:\\\/\\\/repliquemangacine.fr\\\/boutique\\\/\"},{\"@type\":\"ListItem\",\"position\":3,\"name\":\"Figurine Luffy Gear 4\"}]},{\"@type\":\"WebSite\",\"@id\":\"https:\\\/\\\/repliquemangacine.fr\\\/#website\",\"url\":\"https:\\\/\\\/repliquemangacine.fr\\\/\",\"name\":\"R\u00e9plique Manga Cin\u00e9\",\"description\":\"\",\"publisher\":{\"@id\":\"https:\\\/\\\/repliquemangacine.fr\\\/#organization\"},\"potentialAction\":[{\"@type\":\"SearchAction\",\"target\":{\"@type\":\"EntryPoint\",\"urlTemplate\":\"https:\\\/\\\/repliquemangacine.fr\\\/?s={search_term_string}\"},\"query-input\":{\"@type\":\"PropertyValueSpecification\",\"valueRequired\":true,\"valueName\":\"search_term_string\"}}],\"inLanguage\":\"de\"},{\"@type\":\"Organization\",\"@id\":\"https:\\\/\\\/repliquemangacine.fr\\\/#organization\",\"name\":\"R\u00e9plique Manga Cin\u00e9\",\"url\":\"https:\\\/\\\/repliquemangacine.fr\\\/\",\"logo\":{\"@type\":\"ImageObject\",\"inLanguage\":\"de\",\"@id\":\"https:\\\/\\\/repliquemangacine.fr\\\/#\\\/schema\\\/logo\\\/image\\\/\",\"url\":\"https:\\\/\\\/repliquemangacine.fr\\\/wp-content\\\/uploads\\\/2023\\\/10\\\/RMC-500250.png\",\"contentUrl\":\"https:\\\/\\\/repliquemangacine.fr\\\/wp-content\\\/uploads\\\/2023\\\/10\\\/RMC-500250.png\",\"width\":500,\"height\":250,\"caption\":\"R\u00e9plique Manga Cin\u00e9\"},\"image\":{\"@id\":\"https:\\\/\\\/repliquemangacine.fr\\\/#\\\/schema\\\/logo\\\/image\\\/\"},\"sameAs\":[\"https:\\\/\\\/www.facebook.com\\\/RepliqueMangaCine\",\"https:\\\/\\\/www.instagram.com\\\/repliquemangacine.fr\\\/\"]}]}<\/script>\n<!-- \/ Yoast SEO plugin. -->","yoast_head_json":{"title":"Luffy Gear 4 Figurine - One Piece Figurine | R\u00e9plique Manga Cin\u00e9","description":"Bestellen Sie die Luffy Gear 4 Figur zum besten Preis. H\u00f6chste Qualit\u00e4t, pr\u00e4zise Details - ein Muss f\u00fcr jeden One Piece-Fan. Jetzt bestellen!","robots":{"index":"index","follow":"follow","max-snippet":"max-snippet:-1","max-image-preview":"max-image-preview:large","max-video-preview":"max-video-preview:-1"},"canonical":"https:\/\/repliquemangacine.fr\/de\/one-piece-figurines\/luffy-gear-4-figurine\/","og_locale":"de_DE","og_type":"article","og_title":"Figurine Luffy Gear 4 - Figurine One Piece | R\u00e9plique Manga Cin\u00e9","og_description":"Commandez la Figurine Luffy Gear 4 au meilleur prix. Qualit\u00e9 sup\u00e9rieure, d\u00e9tails pr\u00e9cis \u2013 un must pour les fans de One Piece. Commandez maintenant\u202f!","og_url":"https:\/\/repliquemangacine.fr\/de\/one-piece-figurines\/luffy-gear-4-figurine\/","og_site_name":"R\u00e9plique Manga Cin\u00e9","article_publisher":"https:\/\/www.facebook.com\/RepliqueMangaCine","og_image":[{"width":500,"height":500,"url":"https:\/\/repliquemangacine.fr\/wp-content\/uploads\/2023\/11\/Figurine-Luffy-One-Piece.jpg","type":"image\/jpeg"}],"twitter_card":"summary_large_image","twitter_misc":{"Gesch\u00e4tzte Lesezeit":"3\u00a0Minuten"},"schema":{"@context":"https:\/\/schema.org","@graph":[{"@type":"WebPage","@id":"https:\/\/repliquemangacine.fr\/figurines-one-piece\/figurine-luffy-gear-4\/","url":"https:\/\/repliquemangacine.fr\/figurines-one-piece\/figurine-luffy-gear-4\/","name":"Luffy Gear 4 Figurine - One Piece Figurine | R\u00e9plique Manga Cin\u00e9","isPartOf":{"@id":"https:\/\/repliquemangacine.fr\/#website"},"primaryImageOfPage":{"@id":"https:\/\/repliquemangacine.fr\/figurines-one-piece\/figurine-luffy-gear-4\/#primaryimage"},"image":{"@id":"https:\/\/repliquemangacine.fr\/figurines-one-piece\/figurine-luffy-gear-4\/#primaryimage"},"thumbnailUrl":"https:\/\/repliquemangacine.fr\/wp-content\/uploads\/2023\/11\/Figurine-Luffy-One-Piece.jpg","datePublished":"2025-11-19T14:23:42+00:00","description":"Bestellen Sie die Luffy Gear 4 Figur zum besten Preis. H\u00f6chste Qualit\u00e4t, pr\u00e4zise Details - ein Muss f\u00fcr jeden One Piece-Fan. Jetzt bestellen!","breadcrumb":{"@id":"https:\/\/repliquemangacine.fr\/figurines-one-piece\/figurine-luffy-gear-4\/#breadcrumb"},"inLanguage":"de","potentialAction":[{"@type":"ReadAction","target":["https:\/\/repliquemangacine.fr\/figurines-one-piece\/figurine-luffy-gear-4\/"]}]},{"@type":"ImageObject","inLanguage":"de","@id":"https:\/\/repliquemangacine.fr\/figurines-one-piece\/figurine-luffy-gear-4\/#primaryimage","url":"https:\/\/repliquemangacine.fr\/wp-content\/uploads\/2023\/11\/Figurine-Luffy-One-Piece.jpg","contentUrl":"https:\/\/repliquemangacine.fr\/wp-content\/uploads\/2023\/11\/Figurine-Luffy-One-Piece.jpg","width":500,"height":500,"caption":"Figurine Luffy Gear 4 One piece"},{"@type":"BreadcrumbList","@id":"https:\/\/repliquemangacine.fr\/figurines-one-piece\/figurine-luffy-gear-4\/#breadcrumb","itemListElement":[{"@type":"ListItem","position":1,"name":"Accueil","item":"https:\/\/repliquemangacine.fr\/"},{"@type":"ListItem","position":2,"name":"Produits","item":"https:\/\/repliquemangacine.fr\/boutique\/"},{"@type":"ListItem","position":3,"name":"Figurine Luffy Gear 4"}]},{"@type":"WebSite","@id":"https:\/\/repliquemangacine.fr\/#website","url":"https:\/\/repliquemangacine.fr\/","name":"R\u00e9plique Manga Cin\u00e9","description":"","publisher":{"@id":"https:\/\/repliquemangacine.fr\/#organization"},"potentialAction":[{"@type":"SearchAction","target":{"@type":"EntryPoint","urlTemplate":"https:\/\/repliquemangacine.fr\/?s={search_term_string}"},"query-input":{"@type":"PropertyValueSpecification","valueRequired":true,"valueName":"search_term_string"}}],"inLanguage":"de"},{"@type":"Organization","@id":"https:\/\/repliquemangacine.fr\/#organization","name":"R\u00e9plique Manga Cin\u00e9","url":"https:\/\/repliquemangacine.fr\/","logo":{"@type":"ImageObject","inLanguage":"de","@id":"https:\/\/repliquemangacine.fr\/#\/schema\/logo\/image\/","url":"https:\/\/repliquemangacine.fr\/wp-content\/uploads\/2023\/10\/RMC-500250.png","contentUrl":"https:\/\/repliquemangacine.fr\/wp-content\/uploads\/2023\/10\/RMC-500250.png","width":500,"height":250,"caption":"R\u00e9plique Manga Cin\u00e9"},"image":{"@id":"https:\/\/repliquemangacine.fr\/#\/schema\/logo\/image\/"},"sameAs":["https:\/\/www.facebook.com\/RepliqueMangaCine","https:\/\/www.instagram.com\/repliquemangacine.fr\/"]}]}},"_links":{"self":[{"href":"https:\/\/repliquemangacine.fr\/de\/wp-json\/wp\/v2\/product\/64875","targetHints":{"allow":["GET"]}}],"collection":[{"href":"https:\/\/repliquemangacine.fr\/de\/wp-json\/wp\/v2\/product"}],"about":[{"href":"https:\/\/repliquemangacine.fr\/de\/wp-json\/wp\/v2\/types\/product"}],"wp:featuredmedia":[{"embeddable":true,"href":"https:\/\/repliquemangacine.fr\/de\/wp-json\/wp\/v2\/media\/64877"}],"wp:attachment":[{"href":"https:\/\/repliquemangacine.fr\/de\/wp-json\/wp\/v2\/media?parent=64875"}],"wp:term":[{"taxonomy":"product_brand","embeddable":true,"href":"https:\/\/repliquemangacine.fr\/de\/wp-json\/wp\/v2\/product_brand?post=64875"},{"taxonomy":"product_cat","embeddable":true,"href":"https:\/\/repliquemangacine.fr\/de\/wp-json\/wp\/v2\/product_cat?post=64875"},{"taxonomy":"product_tag","embeddable":true,"href":"https:\/\/repliquemangacine.fr\/de\/wp-json\/wp\/v2\/product_tag?post=64875"}],"curies":[{"name":"wp","href":"https:\/\/api.w.org\/{rel}","templated":true}]}}