





{"id":64788,"date":"2023-11-03T19:16:41","date_gmt":"2023-11-03T18:16:41","guid":{"rendered":"https:\/\/repliquemangacine.fr\/?post_type=product&#038;p=64788"},"modified":"2026-03-11T08:15:18","modified_gmt":"2026-03-11T07:15:18","slug":"doppelter-fantasy-drachen-dolch","status":"publish","type":"product","link":"https:\/\/repliquemangacine.fr\/de\/epees-et-dagues-fantasy\/dague-double-fantasy-dragon\/","title":{"rendered":"Doppelter Dolch Fantasy Dragon"},"content":{"rendered":"<h2>Doppelter Fantasy-Drachen-Dekorationsdolch.<\/h2>\n<p>Der Fantasy Dragon Doppel-Dolch, der sich hervorragend f\u00fcr Ihre Inneneinrichtung eignet.<\/p>\n<p>Fantasy, ein k\u00fcnstlerisches Genre, das imagin\u00e4re \u00fcbernat\u00fcrliche Ph\u00e4nomene darstellt, oft in Verbindung mit Mythen oder dem Einsatz von Magie.<\/p>\n<p>Im Kino sind die ersten Filme von <a href=\"https:\/\/fr.wikipedia.org\/wiki\/Fantasy\">Fantasy<\/a> k\u00f6nnen auf Disneys Zeichentrickfilme zur\u00fcckgehen, die M\u00e4rchen adaptieren, oder auf den Zauberer von Oz. Die ersten eigentlichen Fantasyfilme kamen jedoch erst in den 1970er und 1980er Jahren mit Conan dem Barbaren auf die Leinwand.<\/p>\n<p>Die Fantasy im Kino erlebte einen spektakul\u00e4ren Aufschwung mit \"Der Herr der Ringe\", der Verfilmung von Tolkiens Klassiker, dessen sorgf\u00e4ltige visuelle Welt und epischer Atem den Fantasyfilmen eine neue Dimension verliehen.<\/p>\n<h2>Ihr Fantasy Dragon Doppel-Dolch zum besten Preis.<\/h2>\n<p>Wir bieten Ihnen eine gro\u00dfe Auswahl an Repliken aus dem Kunstgenre Fantasy.<\/p>\n<p>Zun\u00e4chst einmal,<\/p>\n<ul>\n<li>Die wunderbare <a href=\"https:\/\/repliquemangacine.fr\/de\/fantasy-schwerter-und-dolche\/skorpion-dolch-silber-fantasy-dolch\/\">Skorpiondolch<\/a> aus Gold und Silber mit einem Griff in Form eines Skorpionschwanzes.<\/li>\n<li>Sowie die <a href=\"https:\/\/repliquemangacine.fr\/de\/fantasy-schwerter-und-dolche\/fantasy-skorpion-dolch\/\">Dolch Dark Fantasy Skorpion<\/a> mit seiner eingravierten Klinge.<\/li>\n<li>Es gibt auch die erhabene <a href=\"https:\/\/repliquemangacine.fr\/de\/fantasy-schwerter-und-dolche\/dague-poignard-kit-rae-dague-de-decoration\/\">Dolch Dolch Kit Rae<\/a> und sein Pr\u00e4sentationsmedium.<\/li>\n<li>Und, viele weitere, die es in unserem Online-Shop zu entdecken gibt!<\/li>\n<\/ul>\n<p>Deshalb ist dies eine tolle Geschenkidee f\u00fcr alle, die sich f\u00fcr Dark Fantasy begeistern.<\/p>\n<p>Zusammenfassend l\u00e4sst sich sagen, dass Sie diesen Fantasy Dragon Doppel-Dolch auch f\u00fcr Ihre Innendekoration verwenden k\u00f6nnen. In erster Linie ist er jedoch ein Sammler- und Dekorationsst\u00fcck.<\/p>\n<p>R\u00e9plique Manga Cin\u00e9 ist ein franz\u00f6sisches Familienunternehmen.<\/p>\n<h2>Wie pflegt man die Klinge seines Dolches?<\/h2>\n<p>Sammlungs- und Dekorationsdolche werden auf vereinfachte Weise hergestellt und zusammengebaut. Da sie zu Dekorationszwecken verwendet werden, fehlen ihnen die Sicherheitsmerkmale, die ein japanisches Schwert f\u00fcr Trainingszwecke aufweisen muss.<\/p>\n<p>Ihr Fantasy Dragon Doppel-Dolch hat jedoch eine Stahlklinge, die gepflegt werden muss, damit sie nicht mit der Zeit abgenutzt wird. Wenn Sie Ihren Dolch ausstellen, werden Ihre Freunde neugierig sein, die Klinge zu sehen und sie zu ber\u00fchren. Hier ist Vorsicht geboten, denn die S\u00e4ure der Finger schadet dem Stahl unabh\u00e4ngig von seiner Qualit\u00e4t.<\/p>\n<p>Sollte dies jedoch passieren, keine Panik, Sie brauchen nur ein Tuch, das mit etwas \u00d6l befeuchtet ist, und wischen die Fingerabdr\u00fccke ab. Wenn Sie dies tun, werden Sie Ihren Dolch sehr lange behalten.<\/p>","protected":false},"excerpt":{"rendered":"<p>Fantastischer Dolch zur doppelten Drachendekoration.<\/p>\n<ul>\n<li>Dieses Set besteht aus zwei einander gegen\u00fcberliegenden Drachen-Dolchen.<\/li>\n<li>Klingen aus 440er Stahl.<\/li>\n<li>Drachen aus gegossenem Stahl.<\/li>\n<li>Ein Teil des K\u00f6rpers besteht aus ABS, das den Griff bildet.<\/li>\n<li>Wird mit Pr\u00e4sentationsst\u00e4nder geliefert.<\/li>\n<li>Gr\u00f6\u00dfe: 30 cm<\/li>\n<\/ul>","protected":false},"featured_media":64055,"template":"","meta":[],"product_brand":[],"product_cat":[44,26],"product_tag":[],"class_list":{"0":"post-64788","1":"product","2":"type-product","3":"status-publish","4":"has-post-thumbnail","6":"product_cat-epees-et-dagues-fantasy","7":"product_cat-katana-epee","9":"first","10":"instock","11":"taxable","12":"shipping-taxable","13":"purchasable","14":"product-type-variable"},"yoast_head":"<!-- This site is optimized with the Yoast SEO plugin v27.5 - https:\/\/yoast.com\/product\/yoast-seo-wordpress\/ -->\n<title>Dague double Fantasy Dragon | R\u00e9plique Manga Cin\u00e9<\/title>\n<meta name=\"description\" content=\"Offre-lui ! Cette Dague double Fantasy Dragon au meilleur prix - Lame en acier 440 - Poign\u00e9e dragon - Support pr\u00e9sentation - Longueur : 30 cm env.\" \/>\n<meta name=\"robots\" content=\"index, follow, max-snippet:-1, max-image-preview:large, max-video-preview:-1\" \/>\n<link rel=\"canonical\" href=\"https:\/\/repliquemangacine.fr\/de\/fantasy-schwerter-und-dolche\/doppelter-fantasy-drachen-dolch\/\" \/>\n<meta property=\"og:locale\" content=\"de_DE\" \/>\n<meta property=\"og:type\" content=\"article\" \/>\n<meta property=\"og:title\" content=\"Dague double Fantasy Dragon | R\u00e9plique Manga Cin\u00e9\" \/>\n<meta property=\"og:description\" content=\"Offre-lui ! Cette Dague double Fantasy Dragon au meilleur prix - Lame en acier 440 - Poign\u00e9e dragon - Support pr\u00e9sentation - Longueur : 30 cm env.\" \/>\n<meta property=\"og:url\" content=\"https:\/\/repliquemangacine.fr\/de\/fantasy-schwerter-und-dolche\/doppelter-fantasy-drachen-dolch\/\" \/>\n<meta property=\"og:site_name\" content=\"R\u00e9plique Manga Cin\u00e9\" \/>\n<meta property=\"article:publisher\" content=\"https:\/\/www.facebook.com\/RepliqueMangaCine\" \/>\n<meta property=\"article:modified_time\" content=\"2026-03-11T07:15:18+00:00\" \/>\n<meta property=\"og:image\" content=\"https:\/\/repliquemangacine.fr\/wp-content\/uploads\/2023\/10\/1772-Dague-fantasy-double-dragon-1.jpg\" \/>\n\t<meta property=\"og:image:width\" content=\"600\" \/>\n\t<meta property=\"og:image:height\" content=\"600\" \/>\n\t<meta property=\"og:image:type\" content=\"image\/jpeg\" \/>\n<meta name=\"twitter:card\" content=\"summary_large_image\" \/>\n<meta name=\"twitter:label1\" content=\"Gesch\u00e4tzte Lesezeit\" \/>\n\t<meta name=\"twitter:data1\" content=\"3\u00a0Minuten\" \/>\n<script type=\"application\/ld+json\" class=\"yoast-schema-graph\">{\"@context\":\"https:\\\/\\\/schema.org\",\"@graph\":[{\"@type\":\"WebPage\",\"@id\":\"https:\\\/\\\/repliquemangacine.fr\\\/epees-et-dagues-fantasy\\\/dague-double-fantasy-dragon\\\/\",\"url\":\"https:\\\/\\\/repliquemangacine.fr\\\/epees-et-dagues-fantasy\\\/dague-double-fantasy-dragon\\\/\",\"name\":\"Dague double Fantasy Dragon | R\u00e9plique Manga Cin\u00e9\",\"isPartOf\":{\"@id\":\"https:\\\/\\\/repliquemangacine.fr\\\/#website\"},\"primaryImageOfPage\":{\"@id\":\"https:\\\/\\\/repliquemangacine.fr\\\/epees-et-dagues-fantasy\\\/dague-double-fantasy-dragon\\\/#primaryimage\"},\"image\":{\"@id\":\"https:\\\/\\\/repliquemangacine.fr\\\/epees-et-dagues-fantasy\\\/dague-double-fantasy-dragon\\\/#primaryimage\"},\"thumbnailUrl\":\"https:\\\/\\\/repliquemangacine.fr\\\/wp-content\\\/uploads\\\/2023\\\/10\\\/1772-Dague-fantasy-double-dragon-1.jpg\",\"datePublished\":\"2023-11-03T18:16:41+00:00\",\"dateModified\":\"2026-03-11T07:15:18+00:00\",\"description\":\"Offre-lui ! Cette Dague double Fantasy Dragon au meilleur prix - Lame en acier 440 - Poign\u00e9e dragon - Support pr\u00e9sentation - Longueur : 30 cm env.\",\"breadcrumb\":{\"@id\":\"https:\\\/\\\/repliquemangacine.fr\\\/epees-et-dagues-fantasy\\\/dague-double-fantasy-dragon\\\/#breadcrumb\"},\"inLanguage\":\"de\",\"potentialAction\":[{\"@type\":\"ReadAction\",\"target\":[\"https:\\\/\\\/repliquemangacine.fr\\\/epees-et-dagues-fantasy\\\/dague-double-fantasy-dragon\\\/\"]}]},{\"@type\":\"ImageObject\",\"inLanguage\":\"de\",\"@id\":\"https:\\\/\\\/repliquemangacine.fr\\\/epees-et-dagues-fantasy\\\/dague-double-fantasy-dragon\\\/#primaryimage\",\"url\":\"https:\\\/\\\/repliquemangacine.fr\\\/wp-content\\\/uploads\\\/2023\\\/10\\\/1772-Dague-fantasy-double-dragon-1.jpg\",\"contentUrl\":\"https:\\\/\\\/repliquemangacine.fr\\\/wp-content\\\/uploads\\\/2023\\\/10\\\/1772-Dague-fantasy-double-dragon-1.jpg\",\"width\":600,\"height\":600,\"caption\":\"Dague fantasy double dragon\"},{\"@type\":\"BreadcrumbList\",\"@id\":\"https:\\\/\\\/repliquemangacine.fr\\\/epees-et-dagues-fantasy\\\/dague-double-fantasy-dragon\\\/#breadcrumb\",\"itemListElement\":[{\"@type\":\"ListItem\",\"position\":1,\"name\":\"Accueil\",\"item\":\"https:\\\/\\\/repliquemangacine.fr\\\/\"},{\"@type\":\"ListItem\",\"position\":2,\"name\":\"Produits\",\"item\":\"https:\\\/\\\/repliquemangacine.fr\\\/boutique\\\/\"},{\"@type\":\"ListItem\",\"position\":3,\"name\":\"Dague double Fantasy Dragon\"}]},{\"@type\":\"WebSite\",\"@id\":\"https:\\\/\\\/repliquemangacine.fr\\\/#website\",\"url\":\"https:\\\/\\\/repliquemangacine.fr\\\/\",\"name\":\"R\u00e9plique Manga Cin\u00e9\",\"description\":\"\",\"publisher\":{\"@id\":\"https:\\\/\\\/repliquemangacine.fr\\\/#organization\"},\"potentialAction\":[{\"@type\":\"SearchAction\",\"target\":{\"@type\":\"EntryPoint\",\"urlTemplate\":\"https:\\\/\\\/repliquemangacine.fr\\\/?s={search_term_string}\"},\"query-input\":{\"@type\":\"PropertyValueSpecification\",\"valueRequired\":true,\"valueName\":\"search_term_string\"}}],\"inLanguage\":\"de\"},{\"@type\":\"Organization\",\"@id\":\"https:\\\/\\\/repliquemangacine.fr\\\/#organization\",\"name\":\"R\u00e9plique Manga Cin\u00e9\",\"url\":\"https:\\\/\\\/repliquemangacine.fr\\\/\",\"logo\":{\"@type\":\"ImageObject\",\"inLanguage\":\"de\",\"@id\":\"https:\\\/\\\/repliquemangacine.fr\\\/#\\\/schema\\\/logo\\\/image\\\/\",\"url\":\"https:\\\/\\\/repliquemangacine.fr\\\/wp-content\\\/uploads\\\/2023\\\/10\\\/RMC-500250.png\",\"contentUrl\":\"https:\\\/\\\/repliquemangacine.fr\\\/wp-content\\\/uploads\\\/2023\\\/10\\\/RMC-500250.png\",\"width\":500,\"height\":250,\"caption\":\"R\u00e9plique Manga Cin\u00e9\"},\"image\":{\"@id\":\"https:\\\/\\\/repliquemangacine.fr\\\/#\\\/schema\\\/logo\\\/image\\\/\"},\"sameAs\":[\"https:\\\/\\\/www.facebook.com\\\/RepliqueMangaCine\",\"https:\\\/\\\/www.instagram.com\\\/repliquemangacine.fr\\\/\"]}]}<\/script>\n<!-- \/ Yoast SEO plugin. -->","yoast_head_json":{"title":"Doppelter Dolch Fantasy Dragon | R\u00e9plique Manga Cin\u00e9","description":"Biete es ihm an! Dieser Fantasy Dragon Doppel-Dolch zum besten Preis - Klinge aus 440er Stahl - Drachengriff - Pr\u00e4sentationsst\u00e4nder - L\u00e4nge: ca. 30 cm.","robots":{"index":"index","follow":"follow","max-snippet":"max-snippet:-1","max-image-preview":"max-image-preview:large","max-video-preview":"max-video-preview:-1"},"canonical":"https:\/\/repliquemangacine.fr\/de\/fantasy-schwerter-und-dolche\/doppelter-fantasy-drachen-dolch\/","og_locale":"de_DE","og_type":"article","og_title":"Dague double Fantasy Dragon | R\u00e9plique Manga Cin\u00e9","og_description":"Offre-lui ! Cette Dague double Fantasy Dragon au meilleur prix - Lame en acier 440 - Poign\u00e9e dragon - Support pr\u00e9sentation - Longueur : 30 cm env.","og_url":"https:\/\/repliquemangacine.fr\/de\/fantasy-schwerter-und-dolche\/doppelter-fantasy-drachen-dolch\/","og_site_name":"R\u00e9plique Manga Cin\u00e9","article_publisher":"https:\/\/www.facebook.com\/RepliqueMangaCine","article_modified_time":"2026-03-11T07:15:18+00:00","og_image":[{"width":600,"height":600,"url":"https:\/\/repliquemangacine.fr\/wp-content\/uploads\/2023\/10\/1772-Dague-fantasy-double-dragon-1.jpg","type":"image\/jpeg"}],"twitter_card":"summary_large_image","twitter_misc":{"Gesch\u00e4tzte Lesezeit":"3\u00a0Minuten"},"schema":{"@context":"https:\/\/schema.org","@graph":[{"@type":"WebPage","@id":"https:\/\/repliquemangacine.fr\/epees-et-dagues-fantasy\/dague-double-fantasy-dragon\/","url":"https:\/\/repliquemangacine.fr\/epees-et-dagues-fantasy\/dague-double-fantasy-dragon\/","name":"Doppelter Dolch Fantasy Dragon | R\u00e9plique Manga Cin\u00e9","isPartOf":{"@id":"https:\/\/repliquemangacine.fr\/#website"},"primaryImageOfPage":{"@id":"https:\/\/repliquemangacine.fr\/epees-et-dagues-fantasy\/dague-double-fantasy-dragon\/#primaryimage"},"image":{"@id":"https:\/\/repliquemangacine.fr\/epees-et-dagues-fantasy\/dague-double-fantasy-dragon\/#primaryimage"},"thumbnailUrl":"https:\/\/repliquemangacine.fr\/wp-content\/uploads\/2023\/10\/1772-Dague-fantasy-double-dragon-1.jpg","datePublished":"2023-11-03T18:16:41+00:00","dateModified":"2026-03-11T07:15:18+00:00","description":"Biete es ihm an! Dieser Fantasy Dragon Doppel-Dolch zum besten Preis - Klinge aus 440er Stahl - Drachengriff - Pr\u00e4sentationsst\u00e4nder - L\u00e4nge: ca. 30 cm.","breadcrumb":{"@id":"https:\/\/repliquemangacine.fr\/epees-et-dagues-fantasy\/dague-double-fantasy-dragon\/#breadcrumb"},"inLanguage":"de","potentialAction":[{"@type":"ReadAction","target":["https:\/\/repliquemangacine.fr\/epees-et-dagues-fantasy\/dague-double-fantasy-dragon\/"]}]},{"@type":"ImageObject","inLanguage":"de","@id":"https:\/\/repliquemangacine.fr\/epees-et-dagues-fantasy\/dague-double-fantasy-dragon\/#primaryimage","url":"https:\/\/repliquemangacine.fr\/wp-content\/uploads\/2023\/10\/1772-Dague-fantasy-double-dragon-1.jpg","contentUrl":"https:\/\/repliquemangacine.fr\/wp-content\/uploads\/2023\/10\/1772-Dague-fantasy-double-dragon-1.jpg","width":600,"height":600,"caption":"Dague fantasy double dragon"},{"@type":"BreadcrumbList","@id":"https:\/\/repliquemangacine.fr\/epees-et-dagues-fantasy\/dague-double-fantasy-dragon\/#breadcrumb","itemListElement":[{"@type":"ListItem","position":1,"name":"Accueil","item":"https:\/\/repliquemangacine.fr\/"},{"@type":"ListItem","position":2,"name":"Produits","item":"https:\/\/repliquemangacine.fr\/boutique\/"},{"@type":"ListItem","position":3,"name":"Dague double Fantasy Dragon"}]},{"@type":"WebSite","@id":"https:\/\/repliquemangacine.fr\/#website","url":"https:\/\/repliquemangacine.fr\/","name":"R\u00e9plique Manga Cin\u00e9","description":"","publisher":{"@id":"https:\/\/repliquemangacine.fr\/#organization"},"potentialAction":[{"@type":"SearchAction","target":{"@type":"EntryPoint","urlTemplate":"https:\/\/repliquemangacine.fr\/?s={search_term_string}"},"query-input":{"@type":"PropertyValueSpecification","valueRequired":true,"valueName":"search_term_string"}}],"inLanguage":"de"},{"@type":"Organization","@id":"https:\/\/repliquemangacine.fr\/#organization","name":"R\u00e9plique Manga Cin\u00e9","url":"https:\/\/repliquemangacine.fr\/","logo":{"@type":"ImageObject","inLanguage":"de","@id":"https:\/\/repliquemangacine.fr\/#\/schema\/logo\/image\/","url":"https:\/\/repliquemangacine.fr\/wp-content\/uploads\/2023\/10\/RMC-500250.png","contentUrl":"https:\/\/repliquemangacine.fr\/wp-content\/uploads\/2023\/10\/RMC-500250.png","width":500,"height":250,"caption":"R\u00e9plique Manga Cin\u00e9"},"image":{"@id":"https:\/\/repliquemangacine.fr\/#\/schema\/logo\/image\/"},"sameAs":["https:\/\/www.facebook.com\/RepliqueMangaCine","https:\/\/www.instagram.com\/repliquemangacine.fr\/"]}]}},"_links":{"self":[{"href":"https:\/\/repliquemangacine.fr\/de\/wp-json\/wp\/v2\/product\/64788","targetHints":{"allow":["GET"]}}],"collection":[{"href":"https:\/\/repliquemangacine.fr\/de\/wp-json\/wp\/v2\/product"}],"about":[{"href":"https:\/\/repliquemangacine.fr\/de\/wp-json\/wp\/v2\/types\/product"}],"wp:featuredmedia":[{"embeddable":true,"href":"https:\/\/repliquemangacine.fr\/de\/wp-json\/wp\/v2\/media\/64055"}],"wp:attachment":[{"href":"https:\/\/repliquemangacine.fr\/de\/wp-json\/wp\/v2\/media?parent=64788"}],"wp:term":[{"taxonomy":"product_brand","embeddable":true,"href":"https:\/\/repliquemangacine.fr\/de\/wp-json\/wp\/v2\/product_brand?post=64788"},{"taxonomy":"product_cat","embeddable":true,"href":"https:\/\/repliquemangacine.fr\/de\/wp-json\/wp\/v2\/product_cat?post=64788"},{"taxonomy":"product_tag","embeddable":true,"href":"https:\/\/repliquemangacine.fr\/de\/wp-json\/wp\/v2\/product_tag?post=64788"}],"curies":[{"name":"wp","href":"https:\/\/api.w.org\/{rel}","templated":true}]}}