





{"id":64784,"date":"2023-11-03T19:01:49","date_gmt":"2023-11-03T18:01:49","guid":{"rendered":"https:\/\/repliquemangacine.fr\/?post_type=product&#038;p=64784"},"modified":"2026-04-09T22:50:12","modified_gmt":"2026-04-09T20:50:12","slug":"einzelner-ring-titan-lotr","status":"publish","type":"product","link":"https:\/\/repliquemangacine.fr\/de\/bijoux-anneaux\/anneau-unique-titane-lotr\/","title":{"rendered":"Einzelner Ring Titanium LOTR"},"content":{"rendered":"<h2>Einzigartiger Ring Der Herr der Ringe<\/h2>\n<p>Zu Beginn wird die<strong>Einzelner Ring aus Titan<\/strong> aus dem Herrn der Ringe, von Gollum \u201dmein Schatz\u201d genannt, ist in drei verschiedenen Versionen super realistisch.<\/p>\n<p>Von Sauron, dem dunklen Herrscher, erschaffen, hat sein Umriss Schriften, die bedeuten: \u201dEin Ring, um sie alle zu regieren. Ein Ring, um sie zu finden. Ein Ring, um sie alle zu bringen und in der Finsternis zu binden\u201d.\u201d<\/p>\n<p>Die bekannten Kr\u00e4fte des Rings sind:<\/p>\n<ul>\n<li>Unsichtbarkeit, es wirkt auf denjenigen, der es an seinem Finger tr\u00e4gt, und wirft ihn in die Welt der Schatten, aus der die Geister umherwandern.<\/li>\n<li>Au\u00dferdem zieht er schwache Geister an.<\/li>\n<li>Er erh\u00f6ht die Kraft.<\/li>\n<li>Er unterdr\u00fcckt das Altern, was man sieht, wenn man sieht <a href=\"https:\/\/lotr.fandom.com\/fr\/wiki\/Bilbon_Sacquet\" target=\"_blank\" rel=\"noopener noreferrer\">Bilbo<\/a>.<\/li>\n<li>Schlie\u00dflich macht es unsterblich, Gollum ist der Beweis daf\u00fcr mit einem Leben von mehreren Jahrhunderten.<\/li>\n<\/ul>\n<h2>Ihr SDA Titanium Unique Ring zum besten Preis.<\/h2>\n<p>Wir bieten Ihnen alle Schwertrepliken und Schmuckst\u00fccke aus der Trilogie \"Der Herr der Ringe\" an.<\/p>\n<p>Zun\u00e4chst einmal,<\/p>\n<ul>\n<li>Der pr\u00e4chtige <a href=\"https:\/\/repliquemangacine.fr\/de\/schmuck-ringe\/arwen-halskette-herr-der-ringe\/\">Arwen-Anh\u00e4nger<\/a> die sie Aragorn gibt.<\/li>\n<li>Es gibt auch die <a href=\"https:\/\/repliquemangacine.fr\/de\/schmuck-ringe\/ring-aragorn-barahir-silber-925e\/\">Ring von Aragorn Barahir<\/a> aus massivem Silber 925e.<\/li>\n<li>Ebenso wie alle Schwerter aus \"Herr der Ringe\".<\/li>\n<li>Und, viele weitere, die es in unserem Online-Shop zu entdecken gibt!<\/li>\n<\/ul>\n<p>Deshalb ist dies eine tolle Geschenkidee f\u00fcr Fans der Trilogie \"Der Herr der Ringe\".<\/p>\n<p>Zusammenfassend l\u00e4sst sich sagen, dass Sie den\u2019<strong>Ring Einzigartig Titan<\/strong> Herr der Ringe im Alltag, als Ring oder um Ihren Hals wie Frodo. Vor allem aber ist dieser Ring ein Sammlerst\u00fcck, aber Sie k\u00f6nnen ihn auch tragen.<\/p>\n<h2>Wie pflegt man Titanschmuck?<\/h2>\n<p>Titan ist eines der haltbarsten Metalle, aus denen man Schmuck herstellen kann. Titan ben\u00f6tigt keine besondere Pflege, Sie k\u00f6nnen sie jedoch reinigen. Hier sind einige Tipps, wie Sie Ihren einzigartigen Herr der Ringe-Ring oder anderen Titanschmuck reinigen und pflegen k\u00f6nnen, damit er sehr lange h\u00e4lt.<\/p>\n<p>F\u00fcllen Sie eine Sch\u00fcssel mit lauwarmem Wasser und geben Sie etwas mildes Sp\u00fclmittel hinzu.<br \/>\nTauchen Sie Ihren Titanring oder anderen Schmuck etwa f\u00fcnf Minuten lang in die L\u00f6sung ein und entfernen Sie dann den Schmutz, indem Sie die Teile vorsichtig mit einem weichen Tuch abreiben.<br \/>\nWenn Ihr Schmuck sauber ist, sp\u00fclen Sie ihn mit Wasser ab und trocknen Sie ihn mit einem sauberen Handtuch ab (Titanteile an der Luft trocknen zu lassen, kann sie verf\u00e4rben).<\/p>","protected":false},"excerpt":{"rendered":"<p>Erhabene Nachbildung des einzigartigen Rings aus \"Der Herr der Ringe\".<\/p>\n<ul>\n<li>Erh\u00e4ltlich in drei Farben.<\/li>\n<li>Dieser Ring ist aus 100 % Titanium Edelstahl.<\/li>\n<li>Lasergravierte Elfenschrift.<\/li>\n<li>Einstecktuch aus Samt.<\/li>\n<li>Einheitsgr\u00f6\u00dfe<\/li>\n<\/ul>","protected":false},"featured_media":64041,"template":"","meta":[],"product_brand":[],"product_cat":[78,24,29],"product_tag":[],"class_list":{"0":"post-64784","1":"product","2":"type-product","3":"status-publish","4":"has-post-thumbnail","6":"product_cat-bijoux-anneaux","7":"product_cat-films-series-tv-vente-de-katana-epee-et-produits-derives","8":"product_cat-le-seigneur-des-anneaux","10":"first","11":"instock","12":"taxable","13":"shipping-taxable","14":"purchasable","15":"product-type-variable"},"yoast_head":"<!-- This site is optimized with the Yoast SEO plugin v27.5 - https:\/\/yoast.com\/product\/yoast-seo-wordpress\/ -->\n<title>Anneau unique Titane LOTR - Bijoux Seigneur des Anneaux | RMC<\/title>\n<meta name=\"description\" content=\"Offrez-lui l&#039;Anneau unique titane Seigneur des Anneaux au meilleur prix. Acier inoxydable 100 % titane - Chaine en acier - 3 coloris - Gravure laser\" \/>\n<meta name=\"robots\" content=\"index, follow, max-snippet:-1, max-image-preview:large, max-video-preview:-1\" \/>\n<link rel=\"canonical\" href=\"https:\/\/repliquemangacine.fr\/de\/schmuck-ringe\/einzelner-ring-titan-lotr\/\" \/>\n<meta property=\"og:locale\" content=\"de_DE\" \/>\n<meta property=\"og:type\" content=\"article\" \/>\n<meta property=\"og:title\" content=\"Anneau unique Titane LOTR - Bijoux Seigneur des Anneaux | RMC\" \/>\n<meta property=\"og:description\" content=\"Offrez-lui l&#039;Anneau unique titane Seigneur des Anneaux au meilleur prix. Acier inoxydable 100 % titane - Chaine en acier - 3 coloris - Gravure laser\" \/>\n<meta property=\"og:url\" content=\"https:\/\/repliquemangacine.fr\/de\/schmuck-ringe\/einzelner-ring-titan-lotr\/\" \/>\n<meta property=\"og:site_name\" content=\"R\u00e9plique Manga Cin\u00e9\" \/>\n<meta property=\"article:publisher\" content=\"https:\/\/www.facebook.com\/RepliqueMangaCine\" \/>\n<meta property=\"article:modified_time\" content=\"2026-04-09T20:50:12+00:00\" \/>\n<meta property=\"og:image\" content=\"https:\/\/repliquemangacine.fr\/wp-content\/uploads\/2023\/10\/1570-Anneau-unique-Le-Seigneur-des-Anneaux-1.jpg\" \/>\n\t<meta property=\"og:image:width\" content=\"600\" \/>\n\t<meta property=\"og:image:height\" content=\"600\" \/>\n\t<meta property=\"og:image:type\" content=\"image\/jpeg\" \/>\n<meta name=\"twitter:card\" content=\"summary_large_image\" \/>\n<meta name=\"twitter:label1\" content=\"Gesch\u00e4tzte Lesezeit\" \/>\n\t<meta name=\"twitter:data1\" content=\"3\u00a0Minuten\" \/>\n<script type=\"application\/ld+json\" class=\"yoast-schema-graph\">{\"@context\":\"https:\\\/\\\/schema.org\",\"@graph\":[{\"@type\":\"WebPage\",\"@id\":\"https:\\\/\\\/repliquemangacine.fr\\\/bijoux-anneaux\\\/anneau-unique-titane-lotr\\\/\",\"url\":\"https:\\\/\\\/repliquemangacine.fr\\\/bijoux-anneaux\\\/anneau-unique-titane-lotr\\\/\",\"name\":\"Anneau unique Titane LOTR - Bijoux Seigneur des Anneaux | RMC\",\"isPartOf\":{\"@id\":\"https:\\\/\\\/repliquemangacine.fr\\\/#website\"},\"primaryImageOfPage\":{\"@id\":\"https:\\\/\\\/repliquemangacine.fr\\\/bijoux-anneaux\\\/anneau-unique-titane-lotr\\\/#primaryimage\"},\"image\":{\"@id\":\"https:\\\/\\\/repliquemangacine.fr\\\/bijoux-anneaux\\\/anneau-unique-titane-lotr\\\/#primaryimage\"},\"thumbnailUrl\":\"https:\\\/\\\/repliquemangacine.fr\\\/wp-content\\\/uploads\\\/2023\\\/10\\\/1570-Anneau-unique-Le-Seigneur-des-Anneaux-1.jpg\",\"datePublished\":\"2023-11-03T18:01:49+00:00\",\"dateModified\":\"2026-04-09T20:50:12+00:00\",\"description\":\"Offrez-lui l'Anneau unique titane Seigneur des Anneaux au meilleur prix. Acier inoxydable 100 % titane - Chaine en acier - 3 coloris - Gravure laser\",\"breadcrumb\":{\"@id\":\"https:\\\/\\\/repliquemangacine.fr\\\/bijoux-anneaux\\\/anneau-unique-titane-lotr\\\/#breadcrumb\"},\"inLanguage\":\"de\",\"potentialAction\":[{\"@type\":\"ReadAction\",\"target\":[\"https:\\\/\\\/repliquemangacine.fr\\\/bijoux-anneaux\\\/anneau-unique-titane-lotr\\\/\"]}]},{\"@type\":\"ImageObject\",\"inLanguage\":\"de\",\"@id\":\"https:\\\/\\\/repliquemangacine.fr\\\/bijoux-anneaux\\\/anneau-unique-titane-lotr\\\/#primaryimage\",\"url\":\"https:\\\/\\\/repliquemangacine.fr\\\/wp-content\\\/uploads\\\/2023\\\/10\\\/1570-Anneau-unique-Le-Seigneur-des-Anneaux-1.jpg\",\"contentUrl\":\"https:\\\/\\\/repliquemangacine.fr\\\/wp-content\\\/uploads\\\/2023\\\/10\\\/1570-Anneau-unique-Le-Seigneur-des-Anneaux-1.jpg\",\"width\":600,\"height\":600,\"caption\":\"Anneau unique - Le Seigneur des Anneaux\"},{\"@type\":\"BreadcrumbList\",\"@id\":\"https:\\\/\\\/repliquemangacine.fr\\\/bijoux-anneaux\\\/anneau-unique-titane-lotr\\\/#breadcrumb\",\"itemListElement\":[{\"@type\":\"ListItem\",\"position\":1,\"name\":\"Accueil\",\"item\":\"https:\\\/\\\/repliquemangacine.fr\\\/\"},{\"@type\":\"ListItem\",\"position\":2,\"name\":\"Produits\",\"item\":\"https:\\\/\\\/repliquemangacine.fr\\\/boutique\\\/\"},{\"@type\":\"ListItem\",\"position\":3,\"name\":\"Anneau unique Titane LOTR\"}]},{\"@type\":\"WebSite\",\"@id\":\"https:\\\/\\\/repliquemangacine.fr\\\/#website\",\"url\":\"https:\\\/\\\/repliquemangacine.fr\\\/\",\"name\":\"R\u00e9plique Manga Cin\u00e9\",\"description\":\"\",\"publisher\":{\"@id\":\"https:\\\/\\\/repliquemangacine.fr\\\/#organization\"},\"potentialAction\":[{\"@type\":\"SearchAction\",\"target\":{\"@type\":\"EntryPoint\",\"urlTemplate\":\"https:\\\/\\\/repliquemangacine.fr\\\/?s={search_term_string}\"},\"query-input\":{\"@type\":\"PropertyValueSpecification\",\"valueRequired\":true,\"valueName\":\"search_term_string\"}}],\"inLanguage\":\"de\"},{\"@type\":\"Organization\",\"@id\":\"https:\\\/\\\/repliquemangacine.fr\\\/#organization\",\"name\":\"R\u00e9plique Manga Cin\u00e9\",\"url\":\"https:\\\/\\\/repliquemangacine.fr\\\/\",\"logo\":{\"@type\":\"ImageObject\",\"inLanguage\":\"de\",\"@id\":\"https:\\\/\\\/repliquemangacine.fr\\\/#\\\/schema\\\/logo\\\/image\\\/\",\"url\":\"https:\\\/\\\/repliquemangacine.fr\\\/wp-content\\\/uploads\\\/2023\\\/10\\\/RMC-500250.png\",\"contentUrl\":\"https:\\\/\\\/repliquemangacine.fr\\\/wp-content\\\/uploads\\\/2023\\\/10\\\/RMC-500250.png\",\"width\":500,\"height\":250,\"caption\":\"R\u00e9plique Manga Cin\u00e9\"},\"image\":{\"@id\":\"https:\\\/\\\/repliquemangacine.fr\\\/#\\\/schema\\\/logo\\\/image\\\/\"},\"sameAs\":[\"https:\\\/\\\/www.facebook.com\\\/RepliqueMangaCine\",\"https:\\\/\\\/www.instagram.com\\\/repliquemangacine.fr\\\/\"]}]}<\/script>\n<!-- \/ Yoast SEO plugin. -->","yoast_head_json":{"title":"Einzigartiger Ring aus Titan LOTR - Herr der Ringe Schmuck | RMC","description":"Schenken Sie ihr den einzigartigen \"Herr der Ringe\"-Titanring zum besten Preis. Edelstahl 100 % Titan - Stahlkette - 3 Farben - Lasergravur","robots":{"index":"index","follow":"follow","max-snippet":"max-snippet:-1","max-image-preview":"max-image-preview:large","max-video-preview":"max-video-preview:-1"},"canonical":"https:\/\/repliquemangacine.fr\/de\/schmuck-ringe\/einzelner-ring-titan-lotr\/","og_locale":"de_DE","og_type":"article","og_title":"Anneau unique Titane LOTR - Bijoux Seigneur des Anneaux | RMC","og_description":"Offrez-lui l'Anneau unique titane Seigneur des Anneaux au meilleur prix. Acier inoxydable 100 % titane - Chaine en acier - 3 coloris - Gravure laser","og_url":"https:\/\/repliquemangacine.fr\/de\/schmuck-ringe\/einzelner-ring-titan-lotr\/","og_site_name":"R\u00e9plique Manga Cin\u00e9","article_publisher":"https:\/\/www.facebook.com\/RepliqueMangaCine","article_modified_time":"2026-04-09T20:50:12+00:00","og_image":[{"width":600,"height":600,"url":"https:\/\/repliquemangacine.fr\/wp-content\/uploads\/2023\/10\/1570-Anneau-unique-Le-Seigneur-des-Anneaux-1.jpg","type":"image\/jpeg"}],"twitter_card":"summary_large_image","twitter_misc":{"Gesch\u00e4tzte Lesezeit":"3\u00a0Minuten"},"schema":{"@context":"https:\/\/schema.org","@graph":[{"@type":"WebPage","@id":"https:\/\/repliquemangacine.fr\/bijoux-anneaux\/anneau-unique-titane-lotr\/","url":"https:\/\/repliquemangacine.fr\/bijoux-anneaux\/anneau-unique-titane-lotr\/","name":"Einzigartiger Ring aus Titan LOTR - Herr der Ringe Schmuck | RMC","isPartOf":{"@id":"https:\/\/repliquemangacine.fr\/#website"},"primaryImageOfPage":{"@id":"https:\/\/repliquemangacine.fr\/bijoux-anneaux\/anneau-unique-titane-lotr\/#primaryimage"},"image":{"@id":"https:\/\/repliquemangacine.fr\/bijoux-anneaux\/anneau-unique-titane-lotr\/#primaryimage"},"thumbnailUrl":"https:\/\/repliquemangacine.fr\/wp-content\/uploads\/2023\/10\/1570-Anneau-unique-Le-Seigneur-des-Anneaux-1.jpg","datePublished":"2023-11-03T18:01:49+00:00","dateModified":"2026-04-09T20:50:12+00:00","description":"Schenken Sie ihr den einzigartigen \"Herr der Ringe\"-Titanring zum besten Preis. Edelstahl 100 % Titan - Stahlkette - 3 Farben - Lasergravur","breadcrumb":{"@id":"https:\/\/repliquemangacine.fr\/bijoux-anneaux\/anneau-unique-titane-lotr\/#breadcrumb"},"inLanguage":"de","potentialAction":[{"@type":"ReadAction","target":["https:\/\/repliquemangacine.fr\/bijoux-anneaux\/anneau-unique-titane-lotr\/"]}]},{"@type":"ImageObject","inLanguage":"de","@id":"https:\/\/repliquemangacine.fr\/bijoux-anneaux\/anneau-unique-titane-lotr\/#primaryimage","url":"https:\/\/repliquemangacine.fr\/wp-content\/uploads\/2023\/10\/1570-Anneau-unique-Le-Seigneur-des-Anneaux-1.jpg","contentUrl":"https:\/\/repliquemangacine.fr\/wp-content\/uploads\/2023\/10\/1570-Anneau-unique-Le-Seigneur-des-Anneaux-1.jpg","width":600,"height":600,"caption":"Anneau unique - Le Seigneur des Anneaux"},{"@type":"BreadcrumbList","@id":"https:\/\/repliquemangacine.fr\/bijoux-anneaux\/anneau-unique-titane-lotr\/#breadcrumb","itemListElement":[{"@type":"ListItem","position":1,"name":"Accueil","item":"https:\/\/repliquemangacine.fr\/"},{"@type":"ListItem","position":2,"name":"Produits","item":"https:\/\/repliquemangacine.fr\/boutique\/"},{"@type":"ListItem","position":3,"name":"Anneau unique Titane LOTR"}]},{"@type":"WebSite","@id":"https:\/\/repliquemangacine.fr\/#website","url":"https:\/\/repliquemangacine.fr\/","name":"R\u00e9plique Manga Cin\u00e9","description":"","publisher":{"@id":"https:\/\/repliquemangacine.fr\/#organization"},"potentialAction":[{"@type":"SearchAction","target":{"@type":"EntryPoint","urlTemplate":"https:\/\/repliquemangacine.fr\/?s={search_term_string}"},"query-input":{"@type":"PropertyValueSpecification","valueRequired":true,"valueName":"search_term_string"}}],"inLanguage":"de"},{"@type":"Organization","@id":"https:\/\/repliquemangacine.fr\/#organization","name":"R\u00e9plique Manga Cin\u00e9","url":"https:\/\/repliquemangacine.fr\/","logo":{"@type":"ImageObject","inLanguage":"de","@id":"https:\/\/repliquemangacine.fr\/#\/schema\/logo\/image\/","url":"https:\/\/repliquemangacine.fr\/wp-content\/uploads\/2023\/10\/RMC-500250.png","contentUrl":"https:\/\/repliquemangacine.fr\/wp-content\/uploads\/2023\/10\/RMC-500250.png","width":500,"height":250,"caption":"R\u00e9plique Manga Cin\u00e9"},"image":{"@id":"https:\/\/repliquemangacine.fr\/#\/schema\/logo\/image\/"},"sameAs":["https:\/\/www.facebook.com\/RepliqueMangaCine","https:\/\/www.instagram.com\/repliquemangacine.fr\/"]}]}},"_links":{"self":[{"href":"https:\/\/repliquemangacine.fr\/de\/wp-json\/wp\/v2\/product\/64784","targetHints":{"allow":["GET"]}}],"collection":[{"href":"https:\/\/repliquemangacine.fr\/de\/wp-json\/wp\/v2\/product"}],"about":[{"href":"https:\/\/repliquemangacine.fr\/de\/wp-json\/wp\/v2\/types\/product"}],"wp:featuredmedia":[{"embeddable":true,"href":"https:\/\/repliquemangacine.fr\/de\/wp-json\/wp\/v2\/media\/64041"}],"wp:attachment":[{"href":"https:\/\/repliquemangacine.fr\/de\/wp-json\/wp\/v2\/media?parent=64784"}],"wp:term":[{"taxonomy":"product_brand","embeddable":true,"href":"https:\/\/repliquemangacine.fr\/de\/wp-json\/wp\/v2\/product_brand?post=64784"},{"taxonomy":"product_cat","embeddable":true,"href":"https:\/\/repliquemangacine.fr\/de\/wp-json\/wp\/v2\/product_cat?post=64784"},{"taxonomy":"product_tag","embeddable":true,"href":"https:\/\/repliquemangacine.fr\/de\/wp-json\/wp\/v2\/product_tag?post=64784"}],"curies":[{"name":"wp","href":"https:\/\/api.w.org\/{rel}","templated":true}]}}