





{"id":64782,"date":"2023-11-03T18:37:58","date_gmt":"2023-11-03T17:37:58","guid":{"rendered":"https:\/\/repliquemangacine.fr\/?post_type=product&#038;p=64782"},"modified":"2026-03-26T20:11:14","modified_gmt":"2026-03-26T19:11:14","slug":"ring-aragorn-barahir-silber-925e","status":"publish","type":"product","link":"https:\/\/repliquemangacine.fr\/de\/bijoux-anneaux\/bague-aragorn-barahir-argent-925e\/","title":{"rendered":"Ring Aragorn Barahir Silber 925e"},"content":{"rendered":"<h2>Aragorn Ring Barahir Silber Ring Der Herr der Ringe<\/h2>\n<p>Pour commencer, la Bague Aragorn Anneau Barahir est en argent 925\u1d49. Cet Anneau n&#8217;est en aucun cas un Anneau de pouvoir.<\/p>\n<p>L&#8217;anneau de Barahir est le nom donn\u00e9 \u00e0 un anneau fabriqu\u00e9 par les \u00d1oldor en Valinor. Lors de la bataille de Dagor Bragollach, Barahir couvrit la retraite de ce dernier, qui lui donna cet anneau en signe de reconnaissance.<\/p>\n<p>Lorsque Barahir est tu\u00e9, sa main et l&#8217;anneau furent coup\u00e9s par les Orques comme preuve de sa mort. Beren, fils de Barahir, parvint toutefois \u00e0 r\u00e9cup\u00e9rer main et anneau.<\/p>\n<p>Pr\u00e9serv\u00e9 \u00e0 Fondcombe, Elrond le confia \u00e0 Aragorn lorsqu&#8217;il r\u00e9v\u00e9la \u00e0 ce dernier son lignage. <a href=\"https:\/\/lotr.fandom.com\/fr\/wiki\/Aragorn\" target=\"_blank\" rel=\"noopener noreferrer\">Aragorn<\/a> gab ihn Arwen bei ihrer Hochzeit.<\/p>\n<h2>Ihr Aragorn Ring Barahir Ring zum besten Preis<\/h2>\n<p>Wir bieten Ihnen eine gro\u00dfe Auswahl an Schwertrepliken und Schmuck aus der Trilogie \"Der Herr der Ringe\".<\/p>\n<p>Zun\u00e4chst einmal,<\/p>\n<ul>\n<li>Der pr\u00e4chtige <a href=\"https:\/\/repliquemangacine.fr\/de\/schmuck-ringe\/replica-anhanger-abendstern-arwen\/\">Arwen-Anh\u00e4nger<\/a> den Abendstern.<\/li>\n<li>Sowie die Spindelkette der<a href=\"https:\/\/repliquemangacine.fr\/de\/schmuck-ringe\/brosche-halskette-blatt-der-lorien-seigneur-des-anneaux\/\"> Lorienblatt<\/a>.<\/li>\n<li>Aber auch alle <a href=\"https:\/\/repliquemangacine.fr\/de\/herr-der-ringe-schwerter\/\">Schwerter aus dem Herrn der Ringe<\/a>.<\/li>\n<li>Und, viele weitere, die es in unserem Online-Shop zu entdecken gibt!<\/li>\n<\/ul>\n<p>Deshalb ist dies eine tolle Geschenkidee f\u00fcr Fans der Trilogie \"Der Herr der Ringe\".<\/p>\n<p>En conclusion, vous pouvez porter la Bague Aragorn Anneau Barahir en Argent dans la vie de tous les jours. Mais avant tout, c\u2019est une pi\u00e8ce de collection.<\/p>\n<p>R\u00e9plique Manga Cin\u00e9 ist ein franz\u00f6sisches Familienunternehmen.<\/p>\n<h2>Wie pflegt man Silberschmuck?<\/h2>\n<p>Es ist zu betonen, dass Silber empfindlicher ist als Gold. Mit der Zeit, durch Reibung, Schwei\u00df und Staub verliert es seinen Glanz und wird matt.<\/p>\n<p>Voici quelques conseils pour nettoyer votre Bague Aragorn Anneau Barahir en argent, vous ralentirez l\u2019apparition des signes d\u2019usures.<\/p>\n<p>Natron: Eine wirksame L\u00f6sung. Gie\u00dfen Sie Wasser in eine Sch\u00fcssel und schmelzen Sie das Natron darin. Tauchen Sie Ihren Schmuck f\u00fcr einige Stunden vollst\u00e4ndig unter Wasser. Nehmen Sie eine sehr weiche Zahnb\u00fcrste und schrubben Sie vorsichtig. Sp\u00fclen Sie mit klarem Wasser nach.<br \/>\nWei\u00dfer Essig: Auf die gleiche Weise tauchen Sie Ihren Schmuck vollst\u00e4ndig in den wei\u00dfen Essig. Warten Sie zwei Stunden, sp\u00fclen Sie ihn mit lauwarmem Wasser ab und wischen Sie ihn mit einem weichen Tuch ab.<br \/>\nUnd dann gibt es noch all die Tricks von Oma, wie zum Beispiel Cola...<\/p>\n<p>Dann k\u00f6nnen Sie Ihren Schmuck l\u00e4nger tragen.<\/p>","protected":false},"excerpt":{"rendered":"<p>Replik des Barahir-Rings, des Rings von Aragorn.<\/p>\n<ul>\n<li>Diese wundersch\u00f6n detaillierte Reproduktion ist aus 925\u1d49 Sterlingsilber gefertigt.<\/li>\n<li>Gr\u00fcner Kristall (Strass) in der Mitte.<\/li>\n<li>Sie werden \u00fcberrascht sein, wie hochwertig dieser Ring verarbeitet ist.<\/li>\n<li>Wird in einer Schachtel und einem Etui aus schwarzem Samt geliefert.<\/li>\n<li>Gr\u00f6\u00dfe: US09 - FR59,9<\/li>\n<\/ul>","protected":false},"featured_media":64049,"template":"","meta":[],"product_brand":[],"product_cat":[78,24,29],"product_tag":[],"class_list":{"0":"post-64782","1":"product","2":"type-product","3":"status-publish","4":"has-post-thumbnail","6":"product_cat-bijoux-anneaux","7":"product_cat-films-series-tv-vente-de-katana-epee-et-produits-derives","8":"product_cat-le-seigneur-des-anneaux","10":"first","11":"instock","12":"taxable","13":"shipping-taxable","14":"purchasable","15":"product-type-variable"},"yoast_head":"<!-- This site is optimized with the Yoast SEO plugin v27.5 - https:\/\/yoast.com\/product\/yoast-seo-wordpress\/ -->\n<title>Bague Aragorn Barahir Argent 925e - Seigneur des anneaux | RMC<\/title>\n<meta name=\"description\" content=\"Offre-lui la Bague Aragorn Barahir argent au meilleur prix. En Argent Massif 925\u1d49 - Pierre de cristal au centre. Prix exceptionnel de 79.90\u20ac ! Envoi 24\/48h\" \/>\n<meta name=\"robots\" content=\"index, follow, max-snippet:-1, max-image-preview:large, max-video-preview:-1\" \/>\n<link rel=\"canonical\" href=\"https:\/\/repliquemangacine.fr\/de\/schmuck-ringe\/ring-aragorn-barahir-silber-925e\/\" \/>\n<meta property=\"og:locale\" content=\"de_DE\" \/>\n<meta property=\"og:type\" content=\"article\" \/>\n<meta property=\"og:title\" content=\"Bague Aragorn Barahir Argent 925e - Seigneur des anneaux | RMC\" \/>\n<meta property=\"og:description\" content=\"Offre-lui la Bague Aragorn Barahir argent au meilleur prix. En Argent Massif 925\u1d49 - Pierre de cristal au centre. Prix exceptionnel de 79.90\u20ac ! Envoi 24\/48h\" \/>\n<meta property=\"og:url\" content=\"https:\/\/repliquemangacine.fr\/de\/schmuck-ringe\/ring-aragorn-barahir-silber-925e\/\" \/>\n<meta property=\"og:site_name\" content=\"R\u00e9plique Manga Cin\u00e9\" \/>\n<meta property=\"article:publisher\" content=\"https:\/\/www.facebook.com\/RepliqueMangaCine\" \/>\n<meta property=\"article:modified_time\" content=\"2026-03-26T19:11:14+00:00\" \/>\n<meta property=\"og:image\" content=\"https:\/\/repliquemangacine.fr\/wp-content\/uploads\/2023\/10\/1586-Anneau-Barahir-Argent-925e-Bague-Aragorn-1.jpg\" \/>\n\t<meta property=\"og:image:width\" content=\"600\" \/>\n\t<meta property=\"og:image:height\" content=\"600\" \/>\n\t<meta property=\"og:image:type\" content=\"image\/jpeg\" \/>\n<meta name=\"twitter:card\" content=\"summary_large_image\" \/>\n<meta name=\"twitter:label1\" content=\"Gesch\u00e4tzte Lesezeit\" \/>\n\t<meta name=\"twitter:data1\" content=\"3\u00a0Minuten\" \/>\n<script type=\"application\/ld+json\" class=\"yoast-schema-graph\">{\"@context\":\"https:\\\/\\\/schema.org\",\"@graph\":[{\"@type\":\"WebPage\",\"@id\":\"https:\\\/\\\/repliquemangacine.fr\\\/bijoux-anneaux\\\/bague-aragorn-barahir-argent-925e\\\/\",\"url\":\"https:\\\/\\\/repliquemangacine.fr\\\/bijoux-anneaux\\\/bague-aragorn-barahir-argent-925e\\\/\",\"name\":\"Bague Aragorn Barahir Argent 925e - Seigneur des anneaux | RMC\",\"isPartOf\":{\"@id\":\"https:\\\/\\\/repliquemangacine.fr\\\/#website\"},\"primaryImageOfPage\":{\"@id\":\"https:\\\/\\\/repliquemangacine.fr\\\/bijoux-anneaux\\\/bague-aragorn-barahir-argent-925e\\\/#primaryimage\"},\"image\":{\"@id\":\"https:\\\/\\\/repliquemangacine.fr\\\/bijoux-anneaux\\\/bague-aragorn-barahir-argent-925e\\\/#primaryimage\"},\"thumbnailUrl\":\"https:\\\/\\\/repliquemangacine.fr\\\/wp-content\\\/uploads\\\/2023\\\/10\\\/1586-Anneau-Barahir-Argent-925e-Bague-Aragorn-1.jpg\",\"datePublished\":\"2023-11-03T17:37:58+00:00\",\"dateModified\":\"2026-03-26T19:11:14+00:00\",\"description\":\"Offre-lui la Bague Aragorn Barahir argent au meilleur prix. En Argent Massif 925\u1d49 - Pierre de cristal au centre. Prix exceptionnel de 79.90\u20ac ! Envoi 24\\\/48h\",\"breadcrumb\":{\"@id\":\"https:\\\/\\\/repliquemangacine.fr\\\/bijoux-anneaux\\\/bague-aragorn-barahir-argent-925e\\\/#breadcrumb\"},\"inLanguage\":\"de\",\"potentialAction\":[{\"@type\":\"ReadAction\",\"target\":[\"https:\\\/\\\/repliquemangacine.fr\\\/bijoux-anneaux\\\/bague-aragorn-barahir-argent-925e\\\/\"]}]},{\"@type\":\"ImageObject\",\"inLanguage\":\"de\",\"@id\":\"https:\\\/\\\/repliquemangacine.fr\\\/bijoux-anneaux\\\/bague-aragorn-barahir-argent-925e\\\/#primaryimage\",\"url\":\"https:\\\/\\\/repliquemangacine.fr\\\/wp-content\\\/uploads\\\/2023\\\/10\\\/1586-Anneau-Barahir-Argent-925e-Bague-Aragorn-1.jpg\",\"contentUrl\":\"https:\\\/\\\/repliquemangacine.fr\\\/wp-content\\\/uploads\\\/2023\\\/10\\\/1586-Anneau-Barahir-Argent-925e-Bague-Aragorn-1.jpg\",\"width\":600,\"height\":600,\"caption\":\"Anneau Barahir Argent 925e - Bague Aragorn\"},{\"@type\":\"BreadcrumbList\",\"@id\":\"https:\\\/\\\/repliquemangacine.fr\\\/bijoux-anneaux\\\/bague-aragorn-barahir-argent-925e\\\/#breadcrumb\",\"itemListElement\":[{\"@type\":\"ListItem\",\"position\":1,\"name\":\"Accueil\",\"item\":\"https:\\\/\\\/repliquemangacine.fr\\\/\"},{\"@type\":\"ListItem\",\"position\":2,\"name\":\"Produits\",\"item\":\"https:\\\/\\\/repliquemangacine.fr\\\/boutique\\\/\"},{\"@type\":\"ListItem\",\"position\":3,\"name\":\"Bague Aragorn Barahir Argent 925e\"}]},{\"@type\":\"WebSite\",\"@id\":\"https:\\\/\\\/repliquemangacine.fr\\\/#website\",\"url\":\"https:\\\/\\\/repliquemangacine.fr\\\/\",\"name\":\"R\u00e9plique Manga Cin\u00e9\",\"description\":\"\",\"publisher\":{\"@id\":\"https:\\\/\\\/repliquemangacine.fr\\\/#organization\"},\"potentialAction\":[{\"@type\":\"SearchAction\",\"target\":{\"@type\":\"EntryPoint\",\"urlTemplate\":\"https:\\\/\\\/repliquemangacine.fr\\\/?s={search_term_string}\"},\"query-input\":{\"@type\":\"PropertyValueSpecification\",\"valueRequired\":true,\"valueName\":\"search_term_string\"}}],\"inLanguage\":\"de\"},{\"@type\":\"Organization\",\"@id\":\"https:\\\/\\\/repliquemangacine.fr\\\/#organization\",\"name\":\"R\u00e9plique Manga Cin\u00e9\",\"url\":\"https:\\\/\\\/repliquemangacine.fr\\\/\",\"logo\":{\"@type\":\"ImageObject\",\"inLanguage\":\"de\",\"@id\":\"https:\\\/\\\/repliquemangacine.fr\\\/#\\\/schema\\\/logo\\\/image\\\/\",\"url\":\"https:\\\/\\\/repliquemangacine.fr\\\/wp-content\\\/uploads\\\/2023\\\/10\\\/RMC-500250.png\",\"contentUrl\":\"https:\\\/\\\/repliquemangacine.fr\\\/wp-content\\\/uploads\\\/2023\\\/10\\\/RMC-500250.png\",\"width\":500,\"height\":250,\"caption\":\"R\u00e9plique Manga Cin\u00e9\"},\"image\":{\"@id\":\"https:\\\/\\\/repliquemangacine.fr\\\/#\\\/schema\\\/logo\\\/image\\\/\"},\"sameAs\":[\"https:\\\/\\\/www.facebook.com\\\/RepliqueMangaCine\",\"https:\\\/\\\/www.instagram.com\\\/repliquemangacine.fr\\\/\"]}]}<\/script>\n<!-- \/ Yoast SEO plugin. -->","yoast_head_json":{"title":"Ring Aragorn Barahir Silber 925e - Herr der Ringe | RMC","description":"Biete ihm den Aragorn Barahir Silber Ring zum besten Preis an. Aus 925\u1d49 Massivsilber - Kristallstein in der Mitte. Au\u00dfergew\u00f6hnlicher Preis von 79.90\u20ac! Versand 24\/48h","robots":{"index":"index","follow":"follow","max-snippet":"max-snippet:-1","max-image-preview":"max-image-preview:large","max-video-preview":"max-video-preview:-1"},"canonical":"https:\/\/repliquemangacine.fr\/de\/schmuck-ringe\/ring-aragorn-barahir-silber-925e\/","og_locale":"de_DE","og_type":"article","og_title":"Bague Aragorn Barahir Argent 925e - Seigneur des anneaux | RMC","og_description":"Offre-lui la Bague Aragorn Barahir argent au meilleur prix. En Argent Massif 925\u1d49 - Pierre de cristal au centre. Prix exceptionnel de 79.90\u20ac ! Envoi 24\/48h","og_url":"https:\/\/repliquemangacine.fr\/de\/schmuck-ringe\/ring-aragorn-barahir-silber-925e\/","og_site_name":"R\u00e9plique Manga Cin\u00e9","article_publisher":"https:\/\/www.facebook.com\/RepliqueMangaCine","article_modified_time":"2026-03-26T19:11:14+00:00","og_image":[{"width":600,"height":600,"url":"https:\/\/repliquemangacine.fr\/wp-content\/uploads\/2023\/10\/1586-Anneau-Barahir-Argent-925e-Bague-Aragorn-1.jpg","type":"image\/jpeg"}],"twitter_card":"summary_large_image","twitter_misc":{"Gesch\u00e4tzte Lesezeit":"3\u00a0Minuten"},"schema":{"@context":"https:\/\/schema.org","@graph":[{"@type":"WebPage","@id":"https:\/\/repliquemangacine.fr\/bijoux-anneaux\/bague-aragorn-barahir-argent-925e\/","url":"https:\/\/repliquemangacine.fr\/bijoux-anneaux\/bague-aragorn-barahir-argent-925e\/","name":"Ring Aragorn Barahir Silber 925e - Herr der Ringe | RMC","isPartOf":{"@id":"https:\/\/repliquemangacine.fr\/#website"},"primaryImageOfPage":{"@id":"https:\/\/repliquemangacine.fr\/bijoux-anneaux\/bague-aragorn-barahir-argent-925e\/#primaryimage"},"image":{"@id":"https:\/\/repliquemangacine.fr\/bijoux-anneaux\/bague-aragorn-barahir-argent-925e\/#primaryimage"},"thumbnailUrl":"https:\/\/repliquemangacine.fr\/wp-content\/uploads\/2023\/10\/1586-Anneau-Barahir-Argent-925e-Bague-Aragorn-1.jpg","datePublished":"2023-11-03T17:37:58+00:00","dateModified":"2026-03-26T19:11:14+00:00","description":"Biete ihm den Aragorn Barahir Silber Ring zum besten Preis an. Aus 925\u1d49 Massivsilber - Kristallstein in der Mitte. Au\u00dfergew\u00f6hnlicher Preis von 79.90\u20ac! Versand 24\/48h","breadcrumb":{"@id":"https:\/\/repliquemangacine.fr\/bijoux-anneaux\/bague-aragorn-barahir-argent-925e\/#breadcrumb"},"inLanguage":"de","potentialAction":[{"@type":"ReadAction","target":["https:\/\/repliquemangacine.fr\/bijoux-anneaux\/bague-aragorn-barahir-argent-925e\/"]}]},{"@type":"ImageObject","inLanguage":"de","@id":"https:\/\/repliquemangacine.fr\/bijoux-anneaux\/bague-aragorn-barahir-argent-925e\/#primaryimage","url":"https:\/\/repliquemangacine.fr\/wp-content\/uploads\/2023\/10\/1586-Anneau-Barahir-Argent-925e-Bague-Aragorn-1.jpg","contentUrl":"https:\/\/repliquemangacine.fr\/wp-content\/uploads\/2023\/10\/1586-Anneau-Barahir-Argent-925e-Bague-Aragorn-1.jpg","width":600,"height":600,"caption":"Anneau Barahir Argent 925e - Bague Aragorn"},{"@type":"BreadcrumbList","@id":"https:\/\/repliquemangacine.fr\/bijoux-anneaux\/bague-aragorn-barahir-argent-925e\/#breadcrumb","itemListElement":[{"@type":"ListItem","position":1,"name":"Accueil","item":"https:\/\/repliquemangacine.fr\/"},{"@type":"ListItem","position":2,"name":"Produits","item":"https:\/\/repliquemangacine.fr\/boutique\/"},{"@type":"ListItem","position":3,"name":"Bague Aragorn Barahir Argent 925e"}]},{"@type":"WebSite","@id":"https:\/\/repliquemangacine.fr\/#website","url":"https:\/\/repliquemangacine.fr\/","name":"R\u00e9plique Manga Cin\u00e9","description":"","publisher":{"@id":"https:\/\/repliquemangacine.fr\/#organization"},"potentialAction":[{"@type":"SearchAction","target":{"@type":"EntryPoint","urlTemplate":"https:\/\/repliquemangacine.fr\/?s={search_term_string}"},"query-input":{"@type":"PropertyValueSpecification","valueRequired":true,"valueName":"search_term_string"}}],"inLanguage":"de"},{"@type":"Organization","@id":"https:\/\/repliquemangacine.fr\/#organization","name":"R\u00e9plique Manga Cin\u00e9","url":"https:\/\/repliquemangacine.fr\/","logo":{"@type":"ImageObject","inLanguage":"de","@id":"https:\/\/repliquemangacine.fr\/#\/schema\/logo\/image\/","url":"https:\/\/repliquemangacine.fr\/wp-content\/uploads\/2023\/10\/RMC-500250.png","contentUrl":"https:\/\/repliquemangacine.fr\/wp-content\/uploads\/2023\/10\/RMC-500250.png","width":500,"height":250,"caption":"R\u00e9plique Manga Cin\u00e9"},"image":{"@id":"https:\/\/repliquemangacine.fr\/#\/schema\/logo\/image\/"},"sameAs":["https:\/\/www.facebook.com\/RepliqueMangaCine","https:\/\/www.instagram.com\/repliquemangacine.fr\/"]}]}},"_links":{"self":[{"href":"https:\/\/repliquemangacine.fr\/de\/wp-json\/wp\/v2\/product\/64782","targetHints":{"allow":["GET"]}}],"collection":[{"href":"https:\/\/repliquemangacine.fr\/de\/wp-json\/wp\/v2\/product"}],"about":[{"href":"https:\/\/repliquemangacine.fr\/de\/wp-json\/wp\/v2\/types\/product"}],"wp:featuredmedia":[{"embeddable":true,"href":"https:\/\/repliquemangacine.fr\/de\/wp-json\/wp\/v2\/media\/64049"}],"wp:attachment":[{"href":"https:\/\/repliquemangacine.fr\/de\/wp-json\/wp\/v2\/media?parent=64782"}],"wp:term":[{"taxonomy":"product_brand","embeddable":true,"href":"https:\/\/repliquemangacine.fr\/de\/wp-json\/wp\/v2\/product_brand?post=64782"},{"taxonomy":"product_cat","embeddable":true,"href":"https:\/\/repliquemangacine.fr\/de\/wp-json\/wp\/v2\/product_cat?post=64782"},{"taxonomy":"product_tag","embeddable":true,"href":"https:\/\/repliquemangacine.fr\/de\/wp-json\/wp\/v2\/product_tag?post=64782"}],"curies":[{"name":"wp","href":"https:\/\/api.w.org\/{rel}","templated":true}]}}