





{"id":64775,"date":"2023-11-03T18:13:51","date_gmt":"2023-11-03T17:13:51","guid":{"rendered":"https:\/\/repliquemangacine.fr\/?post_type=product&#038;p=64775"},"modified":"2025-12-05T16:58:43","modified_gmt":"2025-12-05T15:58:43","slug":"einzelring","status":"publish","type":"product","link":"https:\/\/repliquemangacine.fr\/de\/bijoux-anneaux\/anneau-unique\/","title":{"rendered":"Einzigartiger Ring"},"content":{"rendered":"<h2>Replik des Einen Rings in Der Herr der Ringe<\/h2>\n<p>Zu Beginn wird die<strong>Einzigartiger Ring<\/strong> wird von Gollum als \u201dmein Kostbarer\u201d bezeichnet. Von Sauron, dem dunklen Herrscher, erschaffen, hat sein Umriss Schriften, die bedeuten: \u201dEin Ring, um sie alle zu regieren. Ein Ring, um sie zu finden. Ein Ring, um sie alle zu bringen und in der Finsternis zu binden\u201d.\u201d<\/p>\n<p>Die bekannten Kr\u00e4fte des Rings sind:<\/p>\n<ul>\n<li>Unsichtbarkeit, es wirkt auf denjenigen, der es an seinem Finger tr\u00e4gt, und wirft ihn in die Welt der Schatten, aus der die Geister umherwandern.<\/li>\n<li>Au\u00dferdem zieht er schwache Geister an.<\/li>\n<li>Er erh\u00f6ht die Kraft.<\/li>\n<li>Er unterdr\u00fcckt das Altern, was man beim Anblick Bilbos deutlich erkennen kann.<\/li>\n<li>Schlie\u00dflich macht er unsterblich, <a href=\"https:\/\/lotr.fandom.com\/fr\/wiki\/Gollum\" target=\"_blank\" rel=\"noopener noreferrer\">Gollum<\/a> ist der Beweis daf\u00fcr mit einem Leben von mehreren Jahrhunderten.<\/li>\n<\/ul>\n<h2>Ihr einzigartiger Ring zum besten Preis.<\/h2>\n<p>Wir bieten Ihnen alle Schwertrepliken und Schmuckst\u00fccke aus der Trilogie \"Der Herr der Ringe\" an.<\/p>\n<p>Zun\u00e4chst einmal,<\/p>\n<ul>\n<li>Der pr\u00e4chtige <a href=\"https:\/\/repliquemangacine.fr\/de\/schmuck-ringe\/replica-anhanger-abendstern-arwen\/\">Arwen-Anh\u00e4nger<\/a> den sie Aragorn gibt, der ihn die ganze Trilogie hindurch tragen wird.<\/li>\n<li>Es gibt auch den Spie\u00df <a href=\"https:\/\/repliquemangacine.fr\/de\/schmuck-ringe\/brosche-halskette-blatt-der-lorien-seigneur-des-anneaux\/\">Lorienblatt<\/a>.<\/li>\n<li>Sowie alle <a href=\"https:\/\/repliquemangacine.fr\/de\/herr-der-ringe-schwerter\/\">Schwerter aus dem Herrn der Ringe<\/a> Ihrer Lieblingshelden.<\/li>\n<li>Und, viele weitere, die es in unserem Online-Shop zu entdecken gibt!<\/li>\n<\/ul>\n<p>Deshalb ist dies eine tolle Geschenkidee f\u00fcr Fans der Trilogie \"Der Herr der Ringe\".<\/p>\n<p>Zusammenfassend l\u00e4sst sich sagen, dass Sie den Einen Ring im Alltag, als Ring oder wie Frodo um den Hals tragen k\u00f6nnen. Aber in erster Linie ist er ein Sammlerst\u00fcck.<\/p>\n<h2>Wie pflegt man seinen Silber- oder Goldschmuck?<\/h2>\n<p>Es ist zu betonen, dass Silber empfindlicher ist als Gold. Mit der Zeit, durch Reibung, Schwei\u00df und Staub verliert es seinen Glanz und wird matt.<\/p>\n<p>Hier sind einige Tipps, wie Sie Ihren Unique Ring aus Silber oder Gold reinigen k\u00f6nnen. So verlangsamen Sie das Auftreten von Abnutzungserscheinungen.<\/p>\n<ul>\n<li>Natron: Eine wirksame L\u00f6sung. Gie\u00dfen Sie Wasser in eine Sch\u00fcssel und schmelzen Sie das Natron darin. Tauchen Sie Ihren Schmuck f\u00fcr einige Stunden vollst\u00e4ndig unter Wasser. Nehmen Sie eine sehr weiche Zahnb\u00fcrste und schrubben Sie vorsichtig. Sp\u00fclen Sie mit klarem Wasser nach.<\/li>\n<li>Wei\u00dfer Essig: Auf die gleiche Weise tauchen Sie Ihren Schmuck vollst\u00e4ndig in den wei\u00dfen Essig. Warten Sie zwei Stunden, sp\u00fclen Sie ihn mit lauwarmem Wasser ab und wischen Sie ihn mit einem weichen Tuch ab.<br \/>\nUnd dann gibt es noch all die Tricks von Oma, wie zum Beispiel Cola...<\/li>\n<\/ul>\n<p>Dann k\u00f6nnen Sie Ihren Schmuck l\u00e4nger tragen.<\/p>","protected":false},"excerpt":{"rendered":"<p>Erhabene Nachbildung des einzigartigen Rings aus \"Der Herr der Ringe\".<\/p>\n<ul>\n<li>In zwei Farben erh\u00e4ltlich.<\/li>\n<li>Dieser Ring ist aus Edelstahl, Wolfram, nickelfreiem Blei, vergoldet oder versilbert.<\/li>\n<li>Lasergravierte Elfenschrift.<\/li>\n<li>Wird in einem Samtbeutel geliefert.<\/li>\n<\/ul>","protected":false},"featured_media":64044,"template":"","meta":[],"product_brand":[896],"product_cat":[78,24,29],"product_tag":[],"class_list":{"0":"post-64775","1":"product","2":"type-product","3":"status-publish","4":"has-post-thumbnail","6":"product_brand-replique-manga-cine","7":"product_cat-bijoux-anneaux","8":"product_cat-films-series-tv-vente-de-katana-epee-et-produits-derives","9":"product_cat-le-seigneur-des-anneaux","11":"first","12":"instock","13":"taxable","14":"shipping-taxable","15":"purchasable","16":"product-type-variable"},"yoast_head":"<!-- This site is optimized with the Yoast SEO plugin v27.5 - https:\/\/yoast.com\/product\/yoast-seo-wordpress\/ -->\n<title>Anneau Unique - Le Seigneur des Anneaux - R\u00e9plique Manga Cin\u00e9<\/title>\n<meta name=\"description\" content=\"Offrez-vous l&#039;Anneau Unique de Pouvoir dans le Seigneur des Anneaux au meilleur prix. Bague en acier inoxydable plaqu\u00e9 or ou argent, \u00e9critures au laser\" \/>\n<meta name=\"robots\" content=\"index, follow, max-snippet:-1, max-image-preview:large, max-video-preview:-1\" \/>\n<link rel=\"canonical\" href=\"https:\/\/repliquemangacine.fr\/de\/schmuck-ringe\/einzelring\/\" \/>\n<meta property=\"og:locale\" content=\"de_DE\" \/>\n<meta property=\"og:type\" content=\"article\" \/>\n<meta property=\"og:title\" content=\"Anneau Unique - Le Seigneur des Anneaux - R\u00e9plique Manga Cin\u00e9\" \/>\n<meta property=\"og:description\" content=\"Offrez-vous l&#039;Anneau Unique de Pouvoir dans le Seigneur des Anneaux au meilleur prix. Bague en acier inoxydable plaqu\u00e9 or ou argent, \u00e9critures au laser\" \/>\n<meta property=\"og:url\" content=\"https:\/\/repliquemangacine.fr\/de\/schmuck-ringe\/einzelring\/\" \/>\n<meta property=\"og:site_name\" content=\"R\u00e9plique Manga Cin\u00e9\" \/>\n<meta property=\"article:publisher\" content=\"https:\/\/www.facebook.com\/RepliqueMangaCine\" \/>\n<meta property=\"article:modified_time\" content=\"2025-12-05T15:58:43+00:00\" \/>\n<meta property=\"og:image\" content=\"https:\/\/repliquemangacine.fr\/wp-content\/uploads\/2023\/10\/1580-Anneau-unique-Le-Signeur-des-Anneaux-1.jpg\" \/>\n\t<meta property=\"og:image:width\" content=\"600\" \/>\n\t<meta property=\"og:image:height\" content=\"600\" \/>\n\t<meta property=\"og:image:type\" content=\"image\/jpeg\" \/>\n<meta name=\"twitter:card\" content=\"summary_large_image\" \/>\n<meta name=\"twitter:label1\" content=\"Gesch\u00e4tzte Lesezeit\" \/>\n\t<meta name=\"twitter:data1\" content=\"3\u00a0Minuten\" \/>\n<script type=\"application\/ld+json\" class=\"yoast-schema-graph\">{\"@context\":\"https:\\\/\\\/schema.org\",\"@graph\":[{\"@type\":\"WebPage\",\"@id\":\"https:\\\/\\\/repliquemangacine.fr\\\/bijoux-anneaux\\\/anneau-unique\\\/\",\"url\":\"https:\\\/\\\/repliquemangacine.fr\\\/bijoux-anneaux\\\/anneau-unique\\\/\",\"name\":\"Anneau Unique - Le Seigneur des Anneaux - R\u00e9plique Manga Cin\u00e9\",\"isPartOf\":{\"@id\":\"https:\\\/\\\/repliquemangacine.fr\\\/#website\"},\"primaryImageOfPage\":{\"@id\":\"https:\\\/\\\/repliquemangacine.fr\\\/bijoux-anneaux\\\/anneau-unique\\\/#primaryimage\"},\"image\":{\"@id\":\"https:\\\/\\\/repliquemangacine.fr\\\/bijoux-anneaux\\\/anneau-unique\\\/#primaryimage\"},\"thumbnailUrl\":\"https:\\\/\\\/repliquemangacine.fr\\\/wp-content\\\/uploads\\\/2023\\\/10\\\/1580-Anneau-unique-Le-Signeur-des-Anneaux-1.jpg\",\"datePublished\":\"2023-11-03T17:13:51+00:00\",\"dateModified\":\"2025-12-05T15:58:43+00:00\",\"description\":\"Offrez-vous l'Anneau Unique de Pouvoir dans le Seigneur des Anneaux au meilleur prix. Bague en acier inoxydable plaqu\u00e9 or ou argent, \u00e9critures au laser\",\"breadcrumb\":{\"@id\":\"https:\\\/\\\/repliquemangacine.fr\\\/bijoux-anneaux\\\/anneau-unique\\\/#breadcrumb\"},\"inLanguage\":\"de\",\"potentialAction\":[{\"@type\":\"ReadAction\",\"target\":[\"https:\\\/\\\/repliquemangacine.fr\\\/bijoux-anneaux\\\/anneau-unique\\\/\"]}]},{\"@type\":\"ImageObject\",\"inLanguage\":\"de\",\"@id\":\"https:\\\/\\\/repliquemangacine.fr\\\/bijoux-anneaux\\\/anneau-unique\\\/#primaryimage\",\"url\":\"https:\\\/\\\/repliquemangacine.fr\\\/wp-content\\\/uploads\\\/2023\\\/10\\\/1580-Anneau-unique-Le-Signeur-des-Anneaux-1.jpg\",\"contentUrl\":\"https:\\\/\\\/repliquemangacine.fr\\\/wp-content\\\/uploads\\\/2023\\\/10\\\/1580-Anneau-unique-Le-Signeur-des-Anneaux-1.jpg\",\"width\":600,\"height\":600,\"caption\":\"Anneau unique - Le Seigneur des Anneaux\"},{\"@type\":\"BreadcrumbList\",\"@id\":\"https:\\\/\\\/repliquemangacine.fr\\\/bijoux-anneaux\\\/anneau-unique\\\/#breadcrumb\",\"itemListElement\":[{\"@type\":\"ListItem\",\"position\":1,\"name\":\"Accueil\",\"item\":\"https:\\\/\\\/repliquemangacine.fr\\\/\"},{\"@type\":\"ListItem\",\"position\":2,\"name\":\"Produits\",\"item\":\"https:\\\/\\\/repliquemangacine.fr\\\/boutique\\\/\"},{\"@type\":\"ListItem\",\"position\":3,\"name\":\"Anneau Unique\"}]},{\"@type\":\"WebSite\",\"@id\":\"https:\\\/\\\/repliquemangacine.fr\\\/#website\",\"url\":\"https:\\\/\\\/repliquemangacine.fr\\\/\",\"name\":\"R\u00e9plique Manga Cin\u00e9\",\"description\":\"\",\"publisher\":{\"@id\":\"https:\\\/\\\/repliquemangacine.fr\\\/#organization\"},\"potentialAction\":[{\"@type\":\"SearchAction\",\"target\":{\"@type\":\"EntryPoint\",\"urlTemplate\":\"https:\\\/\\\/repliquemangacine.fr\\\/?s={search_term_string}\"},\"query-input\":{\"@type\":\"PropertyValueSpecification\",\"valueRequired\":true,\"valueName\":\"search_term_string\"}}],\"inLanguage\":\"de\"},{\"@type\":\"Organization\",\"@id\":\"https:\\\/\\\/repliquemangacine.fr\\\/#organization\",\"name\":\"R\u00e9plique Manga Cin\u00e9\",\"url\":\"https:\\\/\\\/repliquemangacine.fr\\\/\",\"logo\":{\"@type\":\"ImageObject\",\"inLanguage\":\"de\",\"@id\":\"https:\\\/\\\/repliquemangacine.fr\\\/#\\\/schema\\\/logo\\\/image\\\/\",\"url\":\"https:\\\/\\\/repliquemangacine.fr\\\/wp-content\\\/uploads\\\/2023\\\/10\\\/RMC-500250.png\",\"contentUrl\":\"https:\\\/\\\/repliquemangacine.fr\\\/wp-content\\\/uploads\\\/2023\\\/10\\\/RMC-500250.png\",\"width\":500,\"height\":250,\"caption\":\"R\u00e9plique Manga Cin\u00e9\"},\"image\":{\"@id\":\"https:\\\/\\\/repliquemangacine.fr\\\/#\\\/schema\\\/logo\\\/image\\\/\"},\"sameAs\":[\"https:\\\/\\\/www.facebook.com\\\/RepliqueMangaCine\",\"https:\\\/\\\/www.instagram.com\\\/repliquemangacine.fr\\\/\"]}]}<\/script>\n<!-- \/ Yoast SEO plugin. -->","yoast_head_json":{"title":"Einzigartiger Ring - Der Herr der Ringe - R\u00e9plique Manga Cin\u00e9","description":"G\u00f6nnen Sie sich den einzigartigen Ring der Macht aus \"Der Herr der Ringe\" zum besten Preis. Ring aus Edelstahl, vergoldet oder versilbert, Laserschriftz\u00fcge","robots":{"index":"index","follow":"follow","max-snippet":"max-snippet:-1","max-image-preview":"max-image-preview:large","max-video-preview":"max-video-preview:-1"},"canonical":"https:\/\/repliquemangacine.fr\/de\/schmuck-ringe\/einzelring\/","og_locale":"de_DE","og_type":"article","og_title":"Anneau Unique - Le Seigneur des Anneaux - R\u00e9plique Manga Cin\u00e9","og_description":"Offrez-vous l'Anneau Unique de Pouvoir dans le Seigneur des Anneaux au meilleur prix. Bague en acier inoxydable plaqu\u00e9 or ou argent, \u00e9critures au laser","og_url":"https:\/\/repliquemangacine.fr\/de\/schmuck-ringe\/einzelring\/","og_site_name":"R\u00e9plique Manga Cin\u00e9","article_publisher":"https:\/\/www.facebook.com\/RepliqueMangaCine","article_modified_time":"2025-12-05T15:58:43+00:00","og_image":[{"width":600,"height":600,"url":"https:\/\/repliquemangacine.fr\/wp-content\/uploads\/2023\/10\/1580-Anneau-unique-Le-Signeur-des-Anneaux-1.jpg","type":"image\/jpeg"}],"twitter_card":"summary_large_image","twitter_misc":{"Gesch\u00e4tzte Lesezeit":"3\u00a0Minuten"},"schema":{"@context":"https:\/\/schema.org","@graph":[{"@type":"WebPage","@id":"https:\/\/repliquemangacine.fr\/bijoux-anneaux\/anneau-unique\/","url":"https:\/\/repliquemangacine.fr\/bijoux-anneaux\/anneau-unique\/","name":"Einzigartiger Ring - Der Herr der Ringe - R\u00e9plique Manga Cin\u00e9","isPartOf":{"@id":"https:\/\/repliquemangacine.fr\/#website"},"primaryImageOfPage":{"@id":"https:\/\/repliquemangacine.fr\/bijoux-anneaux\/anneau-unique\/#primaryimage"},"image":{"@id":"https:\/\/repliquemangacine.fr\/bijoux-anneaux\/anneau-unique\/#primaryimage"},"thumbnailUrl":"https:\/\/repliquemangacine.fr\/wp-content\/uploads\/2023\/10\/1580-Anneau-unique-Le-Signeur-des-Anneaux-1.jpg","datePublished":"2023-11-03T17:13:51+00:00","dateModified":"2025-12-05T15:58:43+00:00","description":"G\u00f6nnen Sie sich den einzigartigen Ring der Macht aus \"Der Herr der Ringe\" zum besten Preis. Ring aus Edelstahl, vergoldet oder versilbert, Laserschriftz\u00fcge","breadcrumb":{"@id":"https:\/\/repliquemangacine.fr\/bijoux-anneaux\/anneau-unique\/#breadcrumb"},"inLanguage":"de","potentialAction":[{"@type":"ReadAction","target":["https:\/\/repliquemangacine.fr\/bijoux-anneaux\/anneau-unique\/"]}]},{"@type":"ImageObject","inLanguage":"de","@id":"https:\/\/repliquemangacine.fr\/bijoux-anneaux\/anneau-unique\/#primaryimage","url":"https:\/\/repliquemangacine.fr\/wp-content\/uploads\/2023\/10\/1580-Anneau-unique-Le-Signeur-des-Anneaux-1.jpg","contentUrl":"https:\/\/repliquemangacine.fr\/wp-content\/uploads\/2023\/10\/1580-Anneau-unique-Le-Signeur-des-Anneaux-1.jpg","width":600,"height":600,"caption":"Anneau unique - Le Seigneur des Anneaux"},{"@type":"BreadcrumbList","@id":"https:\/\/repliquemangacine.fr\/bijoux-anneaux\/anneau-unique\/#breadcrumb","itemListElement":[{"@type":"ListItem","position":1,"name":"Accueil","item":"https:\/\/repliquemangacine.fr\/"},{"@type":"ListItem","position":2,"name":"Produits","item":"https:\/\/repliquemangacine.fr\/boutique\/"},{"@type":"ListItem","position":3,"name":"Anneau Unique"}]},{"@type":"WebSite","@id":"https:\/\/repliquemangacine.fr\/#website","url":"https:\/\/repliquemangacine.fr\/","name":"R\u00e9plique Manga Cin\u00e9","description":"","publisher":{"@id":"https:\/\/repliquemangacine.fr\/#organization"},"potentialAction":[{"@type":"SearchAction","target":{"@type":"EntryPoint","urlTemplate":"https:\/\/repliquemangacine.fr\/?s={search_term_string}"},"query-input":{"@type":"PropertyValueSpecification","valueRequired":true,"valueName":"search_term_string"}}],"inLanguage":"de"},{"@type":"Organization","@id":"https:\/\/repliquemangacine.fr\/#organization","name":"R\u00e9plique Manga Cin\u00e9","url":"https:\/\/repliquemangacine.fr\/","logo":{"@type":"ImageObject","inLanguage":"de","@id":"https:\/\/repliquemangacine.fr\/#\/schema\/logo\/image\/","url":"https:\/\/repliquemangacine.fr\/wp-content\/uploads\/2023\/10\/RMC-500250.png","contentUrl":"https:\/\/repliquemangacine.fr\/wp-content\/uploads\/2023\/10\/RMC-500250.png","width":500,"height":250,"caption":"R\u00e9plique Manga Cin\u00e9"},"image":{"@id":"https:\/\/repliquemangacine.fr\/#\/schema\/logo\/image\/"},"sameAs":["https:\/\/www.facebook.com\/RepliqueMangaCine","https:\/\/www.instagram.com\/repliquemangacine.fr\/"]}]}},"_links":{"self":[{"href":"https:\/\/repliquemangacine.fr\/de\/wp-json\/wp\/v2\/product\/64775","targetHints":{"allow":["GET"]}}],"collection":[{"href":"https:\/\/repliquemangacine.fr\/de\/wp-json\/wp\/v2\/product"}],"about":[{"href":"https:\/\/repliquemangacine.fr\/de\/wp-json\/wp\/v2\/types\/product"}],"wp:featuredmedia":[{"embeddable":true,"href":"https:\/\/repliquemangacine.fr\/de\/wp-json\/wp\/v2\/media\/64044"}],"wp:attachment":[{"href":"https:\/\/repliquemangacine.fr\/de\/wp-json\/wp\/v2\/media?parent=64775"}],"wp:term":[{"taxonomy":"product_brand","embeddable":true,"href":"https:\/\/repliquemangacine.fr\/de\/wp-json\/wp\/v2\/product_brand?post=64775"},{"taxonomy":"product_cat","embeddable":true,"href":"https:\/\/repliquemangacine.fr\/de\/wp-json\/wp\/v2\/product_cat?post=64775"},{"taxonomy":"product_tag","embeddable":true,"href":"https:\/\/repliquemangacine.fr\/de\/wp-json\/wp\/v2\/product_tag?post=64775"}],"curies":[{"name":"wp","href":"https:\/\/api.w.org\/{rel}","templated":true}]}}