





{"id":64751,"date":"2025-11-19T15:23:42","date_gmt":"2025-11-19T14:23:42","guid":{"rendered":"https:\/\/repliquemangacine.fr\/?post_type=product&#038;p=64751"},"modified":"2025-11-19T15:23:42","modified_gmt":"2025-11-19T14:23:42","slug":"figurine-daction-ace-one-piece","status":"publish","type":"product","link":"https:\/\/repliquemangacine.fr\/de\/figurines-collector\/figurine-daction-ace-one-piece\/","title":{"rendered":"Ace One Piece Actionfigur"},"content":{"rendered":"<h2>Ace aus One Piece Perfekte Figur f\u00fcr Ihre Sammlung<\/h2>\n<p>Tauchen Sie ein in das Abenteuer von \u201cOne Piece\u201d mit der <strong>Aktionsfigur Ace<\/strong>, Ein Sammlerst\u00fcck, das Fans nicht verpassen sollten. <a href=\"https:\/\/onepiece.fandom.com\/fr\/wiki\/Portgas_D._Ace\" target=\"_blank\" rel=\"noopener noreferrer\">Ace<\/a>, Pirat mit feurigem Herzen und Bruder von Ruffy, wird dank pr\u00e4ziser und detailreicher Arbeit zum Leben erweckt. Mit ihrer dynamischen Pose und ihrer bemerkenswerten Verarbeitung verk\u00f6rpert die Actionfigur Ace die St\u00e4rke und das Charisma des ber\u00fchmten Kommandanten der zweiten Flotte von Whitebeard.<\/p>\n<p>Ob Sie nun ein erfahrener Sammler oder ein Neuling in der Welt der Schatzsucher von \u201cOne Piece\u201d sind.<\/p>\n<h3>Bringen Sie Ihre Leidenschaft f\u00fcr One Piece mit der Ace Actionfigur zum Ausdruck.<\/h3>\n<p>Mit vibrierenden Farben und einer Liebe zum Detail, die sogar die Flammen seiner Teufelsfrucht-Kraft einf\u00e4ngt. Besonders hervorzuheben ist, dass diese Figur dem Anime ebenso treu wie beeindruckend ist. Nehmen Sie Ace in Ihre Sammlung auf und lassen Sie die Leidenschaft f\u00fcr \u201cOne Piece\u201d Ihren Raum erobern.<\/p>\n<h2>One Piece Ace Figurine - Ein Qualit\u00e4tsschatz zu einem g\u00fcnstigen Preis<\/h2>\n<p>Tauchen Sie ein in das legend\u00e4re Abenteuer von \u201cOne Piece\u201d mit der Actionfigur Ace, einem inoffiziellen Sammlerst\u00fcck, das ein un\u00fcbertroffenes Preis-Leistungs-Verh\u00e4ltnis bietet. Ace wurde \u00fcbrigens mit beeindruckender Pr\u00e4zision wundersch\u00f6n nachgebildet. Diese Figur ist ein Traumkauf, ohne dass man sich ruinieren muss. Sie ist f\u00fcr Sammler aller Niveaus erschwinglich, die in die aufregende Welt der Piraten von \u201cOne Piece\u201d eintauchen m\u00f6chten.<\/p>\n<p>Obwohl diese Figur nicht das offizielle Label tr\u00e4gt, ist sie von hoher Qualit\u00e4t und bewahrt den Stil und den Geist der Figur.<\/p>\n<h3>Ihre Leidenschaft f\u00fcr One Piece mit einem ausgezeichneten Preis-Leistungs-Verh\u00e4ltnis<\/h3>\n<p>Es wird zu einem konkurrenzlos g\u00fcnstigen Preis angeboten und stellt sicher, dass Ihre Investition so langlebig ist wie der abenteuerliche Geist von Ace selbst. Lassen Sie sich von dieser perfekten Verschmelzung von Qualit\u00e4t und Erschwinglichkeit begeistern. Verleihen Sie Ihrer \u201cOne Piece\u201d-Sammlung eine neue Dimension.<\/p>\n<h2>Entdecken Sie die One Piece Derivative Products: Sammlerschwerter und -s\u00e4bel<\/h2>\n<p>Tauchen Sie ein in das epische Abenteuer von \u201cOne Piece\u201d mit unserem exklusiven Sortiment an Merchandising-Produkten. Dazu geh\u00f6ren insbesondere Nachbildungen der Schwerter und S\u00e4bel, die von den legend\u00e4ren Figuren der Serie gef\u00fchrt werden.<\/p>\n<p>Legend\u00e4re <a href=\"https:\/\/repliquemangacine.fr\/de\/katana-aus-metall-one-piece\/los-3-katanas-von-zoro\/\">Meito de Zoro<\/a> an die m\u00e4chtige <a href=\"https:\/\/repliquemangacine.fr\/de\/katana-aus-metall-one-piece\/schwert-yoru-kokutou-dracula-schwert-mihawk-breite-klinge\/\">Yoru-Schwert<\/a> von Dracule Mihawk verk\u00f6rpern diese Waffen die Macht und den Mut der Piraten der Grand Line. Jedes St\u00fcck, aus hochwertigen Materialien gefertigt, um eine lange Haltbarkeit zu gew\u00e4hrleisten, wird zu erschwinglichen Preisen angeboten.<\/p>\n<h3>\u00dcbernehmen Sie das Erbe von One Piece mit unseren Goodies.<\/h3>\n<p>Zusammenfassend l\u00e4sst sich sagen, dass unsere One Piece-Merchandising-Produkte nicht nur Repliken sind, sondern Artefakte, die eine Geschichte erz\u00e4hlen. Von Schmuckk\u00e4stchen mit Schl\u00fcsselanh\u00e4ngern bis hin zu Wandrollbildern,<\/p>\n<p>Begeben Sie sich auf die Reise zu One Piece und verleihen Sie Ihrer Sammlung die Pr\u00e4senz, die sie verdient.<\/p>\n<p>&nbsp;<\/p>","protected":false},"excerpt":{"rendered":"<p>Wundersch\u00f6ne inoffizielle Figur von Ace aus One Piece<\/p>\n<ul>\n<li>Alles aus PVC<\/li>\n<li>H\u00f6he: 13 cm<\/li>\n<li>Inklusive Sockel<\/li>\n<li>Wird mit seiner Vitrinenbox geliefert<\/li>\n<\/ul>","protected":false},"featured_media":64752,"template":"","meta":[],"product_brand":[896],"product_cat":[831,124,94,23,36],"product_tag":[],"class_list":{"0":"post-64751","1":"product","2":"type-product","3":"status-publish","4":"has-post-thumbnail","6":"product_brand-replique-manga-cine","7":"product_cat-figurines-collector","8":"product_cat-figurines-one-piece","9":"product_cat-goodies","10":"product_cat-repliques-manga-jeux-video","11":"product_cat-katana-one-piece","13":"first","14":"instock","15":"taxable","16":"shipping-taxable","17":"purchasable","18":"product-type-simple"},"yoast_head":"<!-- This site is optimized with the Yoast SEO plugin v27.4 - https:\/\/yoast.com\/product\/yoast-seo-wordpress\/ -->\n<title>Figurine d&#039;action Ace One Piece - R\u00e9plique Manga Cin\u00e9<\/title>\n<meta name=\"description\" content=\"D\u00e9couvrez cette figurine d&#039;action d&#039;Ace dans One Piece au meilleur prix. Tout en PVC. Hauteur : 13 cm. Boite vitrine. Excellent rapport qualit\u00e9-prix.\" \/>\n<meta name=\"robots\" content=\"index, follow, max-snippet:-1, max-image-preview:large, max-video-preview:-1\" \/>\n<link rel=\"canonical\" href=\"https:\/\/repliquemangacine.fr\/de\/sammlerfiguren\/figurine-daction-ace-one-piece\/\" \/>\n<meta property=\"og:locale\" content=\"de_DE\" \/>\n<meta property=\"og:type\" content=\"article\" \/>\n<meta property=\"og:title\" content=\"Figurine d&#039;action Ace One Piece - R\u00e9plique Manga Cin\u00e9\" \/>\n<meta property=\"og:description\" content=\"D\u00e9couvrez cette figurine d&#039;action d&#039;Ace dans One Piece au meilleur prix. Tout en PVC. Hauteur : 13 cm. Boite vitrine. Excellent rapport qualit\u00e9-prix.\" \/>\n<meta property=\"og:url\" content=\"https:\/\/repliquemangacine.fr\/de\/sammlerfiguren\/figurine-daction-ace-one-piece\/\" \/>\n<meta property=\"og:site_name\" content=\"R\u00e9plique Manga Cin\u00e9\" \/>\n<meta property=\"article:publisher\" content=\"https:\/\/www.facebook.com\/RepliqueMangaCine\" \/>\n<meta property=\"og:image\" content=\"https:\/\/repliquemangacine.fr\/wp-content\/uploads\/2023\/11\/Figurine-action-ace-one-piece.jpg\" \/>\n\t<meta property=\"og:image:width\" content=\"500\" \/>\n\t<meta property=\"og:image:height\" content=\"500\" \/>\n\t<meta property=\"og:image:type\" content=\"image\/jpeg\" \/>\n<meta name=\"twitter:card\" content=\"summary_large_image\" \/>\n<meta name=\"twitter:label1\" content=\"Gesch\u00e4tzte Lesezeit\" \/>\n\t<meta name=\"twitter:data1\" content=\"3\u00a0Minuten\" \/>\n<script type=\"application\/ld+json\" class=\"yoast-schema-graph\">{\"@context\":\"https:\\\/\\\/schema.org\",\"@graph\":[{\"@type\":\"WebPage\",\"@id\":\"https:\\\/\\\/repliquemangacine.fr\\\/figurines-collector\\\/figurine-daction-ace-one-piece\\\/\",\"url\":\"https:\\\/\\\/repliquemangacine.fr\\\/figurines-collector\\\/figurine-daction-ace-one-piece\\\/\",\"name\":\"Figurine d'action Ace One Piece - R\u00e9plique Manga Cin\u00e9\",\"isPartOf\":{\"@id\":\"https:\\\/\\\/repliquemangacine.fr\\\/#website\"},\"primaryImageOfPage\":{\"@id\":\"https:\\\/\\\/repliquemangacine.fr\\\/figurines-collector\\\/figurine-daction-ace-one-piece\\\/#primaryimage\"},\"image\":{\"@id\":\"https:\\\/\\\/repliquemangacine.fr\\\/figurines-collector\\\/figurine-daction-ace-one-piece\\\/#primaryimage\"},\"thumbnailUrl\":\"https:\\\/\\\/repliquemangacine.fr\\\/wp-content\\\/uploads\\\/2023\\\/11\\\/Figurine-action-ace-one-piece.jpg\",\"datePublished\":\"2025-11-19T14:23:42+00:00\",\"description\":\"D\u00e9couvrez cette figurine d'action d'Ace dans One Piece au meilleur prix. Tout en PVC. Hauteur : 13 cm. Boite vitrine. Excellent rapport qualit\u00e9-prix.\",\"breadcrumb\":{\"@id\":\"https:\\\/\\\/repliquemangacine.fr\\\/figurines-collector\\\/figurine-daction-ace-one-piece\\\/#breadcrumb\"},\"inLanguage\":\"de\",\"potentialAction\":[{\"@type\":\"ReadAction\",\"target\":[\"https:\\\/\\\/repliquemangacine.fr\\\/figurines-collector\\\/figurine-daction-ace-one-piece\\\/\"]}]},{\"@type\":\"ImageObject\",\"inLanguage\":\"de\",\"@id\":\"https:\\\/\\\/repliquemangacine.fr\\\/figurines-collector\\\/figurine-daction-ace-one-piece\\\/#primaryimage\",\"url\":\"https:\\\/\\\/repliquemangacine.fr\\\/wp-content\\\/uploads\\\/2023\\\/11\\\/Figurine-action-ace-one-piece.jpg\",\"contentUrl\":\"https:\\\/\\\/repliquemangacine.fr\\\/wp-content\\\/uploads\\\/2023\\\/11\\\/Figurine-action-ace-one-piece.jpg\",\"width\":500,\"height\":500,\"caption\":\"Figurine d'action Ace One Piece\"},{\"@type\":\"BreadcrumbList\",\"@id\":\"https:\\\/\\\/repliquemangacine.fr\\\/figurines-collector\\\/figurine-daction-ace-one-piece\\\/#breadcrumb\",\"itemListElement\":[{\"@type\":\"ListItem\",\"position\":1,\"name\":\"Accueil\",\"item\":\"https:\\\/\\\/repliquemangacine.fr\\\/\"},{\"@type\":\"ListItem\",\"position\":2,\"name\":\"Produits\",\"item\":\"https:\\\/\\\/repliquemangacine.fr\\\/boutique\\\/\"},{\"@type\":\"ListItem\",\"position\":3,\"name\":\"Figurine d&#8217;action Ace One Piece\"}]},{\"@type\":\"WebSite\",\"@id\":\"https:\\\/\\\/repliquemangacine.fr\\\/#website\",\"url\":\"https:\\\/\\\/repliquemangacine.fr\\\/\",\"name\":\"R\u00e9plique Manga Cin\u00e9\",\"description\":\"\",\"publisher\":{\"@id\":\"https:\\\/\\\/repliquemangacine.fr\\\/#organization\"},\"potentialAction\":[{\"@type\":\"SearchAction\",\"target\":{\"@type\":\"EntryPoint\",\"urlTemplate\":\"https:\\\/\\\/repliquemangacine.fr\\\/?s={search_term_string}\"},\"query-input\":{\"@type\":\"PropertyValueSpecification\",\"valueRequired\":true,\"valueName\":\"search_term_string\"}}],\"inLanguage\":\"de\"},{\"@type\":\"Organization\",\"@id\":\"https:\\\/\\\/repliquemangacine.fr\\\/#organization\",\"name\":\"R\u00e9plique Manga Cin\u00e9\",\"url\":\"https:\\\/\\\/repliquemangacine.fr\\\/\",\"logo\":{\"@type\":\"ImageObject\",\"inLanguage\":\"de\",\"@id\":\"https:\\\/\\\/repliquemangacine.fr\\\/#\\\/schema\\\/logo\\\/image\\\/\",\"url\":\"https:\\\/\\\/repliquemangacine.fr\\\/wp-content\\\/uploads\\\/2023\\\/10\\\/RMC-500250.png\",\"contentUrl\":\"https:\\\/\\\/repliquemangacine.fr\\\/wp-content\\\/uploads\\\/2023\\\/10\\\/RMC-500250.png\",\"width\":500,\"height\":250,\"caption\":\"R\u00e9plique Manga Cin\u00e9\"},\"image\":{\"@id\":\"https:\\\/\\\/repliquemangacine.fr\\\/#\\\/schema\\\/logo\\\/image\\\/\"},\"sameAs\":[\"https:\\\/\\\/www.facebook.com\\\/RepliqueMangaCine\",\"https:\\\/\\\/www.instagram.com\\\/repliquemangacine.fr\\\/\"]}]}<\/script>\n<!-- \/ Yoast SEO plugin. -->","yoast_head_json":{"title":"Actionfigur Ace One Piece - R\u00e9plique Manga Cin\u00e9","description":"Entdecken Sie diese Actionfigur von Ace aus One Piece zum besten Preis. Komplett aus PVC gefertigt. H\u00f6he: 13 cm. Box mit Vitrine. Hervorragendes Preis-Leistungs-Verh\u00e4ltnis.","robots":{"index":"index","follow":"follow","max-snippet":"max-snippet:-1","max-image-preview":"max-image-preview:large","max-video-preview":"max-video-preview:-1"},"canonical":"https:\/\/repliquemangacine.fr\/de\/sammlerfiguren\/figurine-daction-ace-one-piece\/","og_locale":"de_DE","og_type":"article","og_title":"Figurine d'action Ace One Piece - R\u00e9plique Manga Cin\u00e9","og_description":"D\u00e9couvrez cette figurine d'action d'Ace dans One Piece au meilleur prix. Tout en PVC. Hauteur : 13 cm. Boite vitrine. Excellent rapport qualit\u00e9-prix.","og_url":"https:\/\/repliquemangacine.fr\/de\/sammlerfiguren\/figurine-daction-ace-one-piece\/","og_site_name":"R\u00e9plique Manga Cin\u00e9","article_publisher":"https:\/\/www.facebook.com\/RepliqueMangaCine","og_image":[{"width":500,"height":500,"url":"https:\/\/repliquemangacine.fr\/wp-content\/uploads\/2023\/11\/Figurine-action-ace-one-piece.jpg","type":"image\/jpeg"}],"twitter_card":"summary_large_image","twitter_misc":{"Gesch\u00e4tzte Lesezeit":"3\u00a0Minuten"},"schema":{"@context":"https:\/\/schema.org","@graph":[{"@type":"WebPage","@id":"https:\/\/repliquemangacine.fr\/figurines-collector\/figurine-daction-ace-one-piece\/","url":"https:\/\/repliquemangacine.fr\/figurines-collector\/figurine-daction-ace-one-piece\/","name":"Actionfigur Ace One Piece - R\u00e9plique Manga Cin\u00e9","isPartOf":{"@id":"https:\/\/repliquemangacine.fr\/#website"},"primaryImageOfPage":{"@id":"https:\/\/repliquemangacine.fr\/figurines-collector\/figurine-daction-ace-one-piece\/#primaryimage"},"image":{"@id":"https:\/\/repliquemangacine.fr\/figurines-collector\/figurine-daction-ace-one-piece\/#primaryimage"},"thumbnailUrl":"https:\/\/repliquemangacine.fr\/wp-content\/uploads\/2023\/11\/Figurine-action-ace-one-piece.jpg","datePublished":"2025-11-19T14:23:42+00:00","description":"Entdecken Sie diese Actionfigur von Ace aus One Piece zum besten Preis. Komplett aus PVC gefertigt. H\u00f6he: 13 cm. Box mit Vitrine. Hervorragendes Preis-Leistungs-Verh\u00e4ltnis.","breadcrumb":{"@id":"https:\/\/repliquemangacine.fr\/figurines-collector\/figurine-daction-ace-one-piece\/#breadcrumb"},"inLanguage":"de","potentialAction":[{"@type":"ReadAction","target":["https:\/\/repliquemangacine.fr\/figurines-collector\/figurine-daction-ace-one-piece\/"]}]},{"@type":"ImageObject","inLanguage":"de","@id":"https:\/\/repliquemangacine.fr\/figurines-collector\/figurine-daction-ace-one-piece\/#primaryimage","url":"https:\/\/repliquemangacine.fr\/wp-content\/uploads\/2023\/11\/Figurine-action-ace-one-piece.jpg","contentUrl":"https:\/\/repliquemangacine.fr\/wp-content\/uploads\/2023\/11\/Figurine-action-ace-one-piece.jpg","width":500,"height":500,"caption":"Figurine d'action Ace One Piece"},{"@type":"BreadcrumbList","@id":"https:\/\/repliquemangacine.fr\/figurines-collector\/figurine-daction-ace-one-piece\/#breadcrumb","itemListElement":[{"@type":"ListItem","position":1,"name":"Accueil","item":"https:\/\/repliquemangacine.fr\/"},{"@type":"ListItem","position":2,"name":"Produits","item":"https:\/\/repliquemangacine.fr\/boutique\/"},{"@type":"ListItem","position":3,"name":"Figurine d&#8217;action Ace One Piece"}]},{"@type":"WebSite","@id":"https:\/\/repliquemangacine.fr\/#website","url":"https:\/\/repliquemangacine.fr\/","name":"R\u00e9plique Manga Cin\u00e9","description":"","publisher":{"@id":"https:\/\/repliquemangacine.fr\/#organization"},"potentialAction":[{"@type":"SearchAction","target":{"@type":"EntryPoint","urlTemplate":"https:\/\/repliquemangacine.fr\/?s={search_term_string}"},"query-input":{"@type":"PropertyValueSpecification","valueRequired":true,"valueName":"search_term_string"}}],"inLanguage":"de"},{"@type":"Organization","@id":"https:\/\/repliquemangacine.fr\/#organization","name":"R\u00e9plique Manga Cin\u00e9","url":"https:\/\/repliquemangacine.fr\/","logo":{"@type":"ImageObject","inLanguage":"de","@id":"https:\/\/repliquemangacine.fr\/#\/schema\/logo\/image\/","url":"https:\/\/repliquemangacine.fr\/wp-content\/uploads\/2023\/10\/RMC-500250.png","contentUrl":"https:\/\/repliquemangacine.fr\/wp-content\/uploads\/2023\/10\/RMC-500250.png","width":500,"height":250,"caption":"R\u00e9plique Manga Cin\u00e9"},"image":{"@id":"https:\/\/repliquemangacine.fr\/#\/schema\/logo\/image\/"},"sameAs":["https:\/\/www.facebook.com\/RepliqueMangaCine","https:\/\/www.instagram.com\/repliquemangacine.fr\/"]}]}},"_links":{"self":[{"href":"https:\/\/repliquemangacine.fr\/de\/wp-json\/wp\/v2\/product\/64751","targetHints":{"allow":["GET"]}}],"collection":[{"href":"https:\/\/repliquemangacine.fr\/de\/wp-json\/wp\/v2\/product"}],"about":[{"href":"https:\/\/repliquemangacine.fr\/de\/wp-json\/wp\/v2\/types\/product"}],"wp:featuredmedia":[{"embeddable":true,"href":"https:\/\/repliquemangacine.fr\/de\/wp-json\/wp\/v2\/media\/64752"}],"wp:attachment":[{"href":"https:\/\/repliquemangacine.fr\/de\/wp-json\/wp\/v2\/media?parent=64751"}],"wp:term":[{"taxonomy":"product_brand","embeddable":true,"href":"https:\/\/repliquemangacine.fr\/de\/wp-json\/wp\/v2\/product_brand?post=64751"},{"taxonomy":"product_cat","embeddable":true,"href":"https:\/\/repliquemangacine.fr\/de\/wp-json\/wp\/v2\/product_cat?post=64751"},{"taxonomy":"product_tag","embeddable":true,"href":"https:\/\/repliquemangacine.fr\/de\/wp-json\/wp\/v2\/product_tag?post=64751"}],"curies":[{"name":"wp","href":"https:\/\/api.w.org\/{rel}","templated":true}]}}