





{"id":64689,"date":"2025-11-19T15:23:42","date_gmt":"2025-11-19T14:23:42","guid":{"rendered":"https:\/\/repliquemangacine.fr\/?post_type=product&#038;p=64689"},"modified":"2025-11-19T15:23:42","modified_gmt":"2025-11-19T14:23:42","slug":"figurine-trafalgar-law-one-piece","status":"publish","type":"product","link":"https:\/\/repliquemangacine.fr\/de\/figurines-collector\/figurine-trafalgar-law-one-piece\/","title":{"rendered":"Figurine Trafalgar Law One Piece"},"content":{"rendered":"<h2>Inoffizielle Figurine von Trafalgar Law: Ein Schatz f\u00fcr Fans<\/h2>\n<p>Zun\u00e4chst einmal ist die <strong>Figurine de Trafalgar Law<\/strong> von One Piece ist ein au\u00dfergew\u00f6hnliches St\u00fcck, das die Herzen der Fans h\u00f6her schlagen lassen wird. Diese Replik ist zwar nicht offiziell, f\u00e4ngt aber die Essenz des mysteri\u00f6sen und charismatischen Chirurgen des Todes ein.<\/p>\n<p>Es muss betont werden, dass die Qualit\u00e4t dieser inoffiziellen Figur erstaunlich ist. Sie bietet Fans von One Piece eine erschwingliche M\u00f6glichkeit, ihre Sammlung zu erweitern. Jedes Detail, von Laws charakteristischen Merkmalen bis hin zu den Nuancen seines Kost\u00fcms, wurde sorgf\u00e4ltig nachgebildet. So k\u00f6nnen Sammler eine originalgetreue Darstellung von <a href=\"https:\/\/onepiece.fandom.com\/fr\/wiki\/Trafalgar_D._Water_Law\" target=\"_blank\" rel=\"noopener noreferrer\">Trafalgar Law<\/a> ohne sich zu ruinieren.<\/p>\n<h3>Hohe Qualit\u00e4t der Law-Figur<\/h3>\n<p>Ideal zur Dekoration eines pers\u00f6nlichen Bereichs oder als Geschenk f\u00fcr einen Fan des One Piece-Universums. Diese Figur ist eine fantastische M\u00f6glichkeit, einen der faszinierendsten Charaktere der Serie zu feiern. Sie ist eine gro\u00dfartige Erg\u00e4nzung f\u00fcr jeden One Piece-Fan und kombiniert Zug\u00e4nglichkeit mit k\u00fcnstlerischer Treue.<\/p>\n<h2>Trafalgar Law Figurine: Ein au\u00dfergew\u00f6hnliches Preis-Leistungs-Verh\u00e4ltnis<\/h2>\n<p>Die inoffizielle Figur von Trafalgar Law aus der fesselnden Welt von One Piece bietet Fans ein un\u00fcbertroffenes Preis-Leistungs-Verh\u00e4ltnis. Diese Figur beweist, dass man hochwertige Produkte erwerben kann, ohne daf\u00fcr tief in die Tasche greifen zu m\u00fcssen. Diese inoffizielle Figur von Trafalgar Law wurde sorgf\u00e4ltig entworfen und vereint feine Details mit einem erschwinglichen Preis. Die Sorgfalt, mit der das ikonische Aussehen und die geheimnisvolle Aura des Charakters originalgetreu nachgebildet wurden, ist bemerkenswert.<\/p>\n<h3>Beeindruckende Qualit\u00e4t zu erschwinglichen Preisen<\/h3>\n<p>One Piece-Fans k\u00f6nnen ihre Sammlung mit einer authentischen Darstellung einer der charismatischsten Figuren der Serie erweitern, und das zu einem vern\u00fcnftigen Preis. Diese inoffizielle Figur eignet sich perfekt als Regalschmuck oder als Geschenk und ist eine gute Wahl f\u00fcr alle, die ihre Leidenschaft f\u00fcr One Piece mit einem schmalen Budget verbinden m\u00f6chten.<\/p>\n<h2>Warum sollten Sie sich f\u00fcr unsere Manga-Figuren entscheiden?<\/h2>\n<p>Zun\u00e4chst einmal sind unsere Manga-Figuren eine unverzichtbare Wahl f\u00fcr Fans und Sammler. Sie verk\u00f6rpern h\u00f6chste Pr\u00e4zision und Qualit\u00e4t und lassen Fans in ihre Lieblingswelten eintauchen.<\/p>\n<p>Sie zeichnen sich durch ihren Realismus und ihre Detailtreue aus. Jedes St\u00fcck ist das Ergebnis sorgf\u00e4ltiger Arbeit, die das Wesen der Figuren und ikonischen Szenen einf\u00e4ngt.<\/p>\n<p>Nehmen wir den Fall der <a href=\"https:\/\/repliquemangacine.fr\/de\/figuren\/figurine-zoro-one-piece\/\">Zoro-Figur<\/a> mit seinen drei Schwertern ist alles vereint, der Geist der Figur, die Pr\u00e4zision der Pose und die Lebendigkeit der Farben.<\/p>\n<h3>Treue und h\u00f6chste Qualit\u00e4t: Die Verpflichtung unserer Figuren<\/h3>\n<p>Au\u00dferdem werden unsere Figuren aus hochwertigen Materialien hergestellt, die ihre Langlebigkeit und Eleganz \u00fcber einen langen Zeitraum hinweg garantieren. Wenn Sie sich f\u00fcr unsere One Piece-Figuren entscheiden, sichern Sie sich nicht nur ein au\u00dfergew\u00f6hnliches Sammlerst\u00fcck, sondern auch ein St\u00fcck Geschichte des ber\u00fchmten Anime.<\/p>","protected":false},"excerpt":{"rendered":"<p>Wundersch\u00f6ne Figur <strong>inoffiziell<\/strong> von Trafalgar Law in One Piece.<\/p>\n<ul>\n<li>Alles aus PVC<\/li>\n<li>Extra Finishes<\/li>\n<li>Ausstellungsst\u00e4nder<\/li>\n<li>H\u00f6he: 23 cm<\/li>\n<li>Wird ohne eine Sammlerbox geliefert<\/li>\n<\/ul>","protected":false},"featured_media":64690,"template":"","meta":[],"product_brand":[896],"product_cat":[831,124,94,23,36],"product_tag":[],"class_list":{"0":"post-64689","1":"product","2":"type-product","3":"status-publish","4":"has-post-thumbnail","6":"product_brand-replique-manga-cine","7":"product_cat-figurines-collector","8":"product_cat-figurines-one-piece","9":"product_cat-goodies","10":"product_cat-repliques-manga-jeux-video","11":"product_cat-katana-one-piece","13":"first","14":"instock","15":"taxable","16":"shipping-taxable","17":"purchasable","18":"product-type-simple"},"yoast_head":"<!-- This site is optimized with the Yoast SEO plugin v27.4 - https:\/\/yoast.com\/product\/yoast-seo-wordpress\/ -->\n<title>Figurine Trafalgar Law One Piece - R\u00e9plique Manga Cin\u00e9<\/title>\n<meta name=\"description\" content=\"D\u00e9couvrez notre Figurine de Trafalgar Law dans One Piece. R\u00e9plique d\u00e9taill\u00e9e, offrant un excellent rapport qualit\u00e9-prix pour les fans et collectionneurs.\" \/>\n<meta name=\"robots\" content=\"index, follow, max-snippet:-1, max-image-preview:large, max-video-preview:-1\" \/>\n<link rel=\"canonical\" href=\"https:\/\/repliquemangacine.fr\/de\/sammlerfiguren\/figurine-trafalgar-law-one-piece\/\" \/>\n<meta property=\"og:locale\" content=\"de_DE\" \/>\n<meta property=\"og:type\" content=\"article\" \/>\n<meta property=\"og:title\" content=\"Figurine Trafalgar Law One Piece - R\u00e9plique Manga Cin\u00e9\" \/>\n<meta property=\"og:description\" content=\"D\u00e9couvrez notre Figurine de Trafalgar Law dans One Piece. R\u00e9plique d\u00e9taill\u00e9e, offrant un excellent rapport qualit\u00e9-prix pour les fans et collectionneurs.\" \/>\n<meta property=\"og:url\" content=\"https:\/\/repliquemangacine.fr\/de\/sammlerfiguren\/figurine-trafalgar-law-one-piece\/\" \/>\n<meta property=\"og:site_name\" content=\"R\u00e9plique Manga Cin\u00e9\" \/>\n<meta property=\"article:publisher\" content=\"https:\/\/www.facebook.com\/RepliqueMangaCine\" \/>\n<meta property=\"og:image\" content=\"https:\/\/repliquemangacine.fr\/wp-content\/uploads\/2023\/11\/figurine-Trafalgar-Law-avec-socle.jpg\" \/>\n\t<meta property=\"og:image:width\" content=\"500\" \/>\n\t<meta property=\"og:image:height\" content=\"500\" \/>\n\t<meta property=\"og:image:type\" content=\"image\/jpeg\" \/>\n<meta name=\"twitter:card\" content=\"summary_large_image\" \/>\n<meta name=\"twitter:label1\" content=\"Gesch\u00e4tzte Lesezeit\" \/>\n\t<meta name=\"twitter:data1\" content=\"3\u00a0Minuten\" \/>\n<script type=\"application\/ld+json\" class=\"yoast-schema-graph\">{\"@context\":\"https:\\\/\\\/schema.org\",\"@graph\":[{\"@type\":\"WebPage\",\"@id\":\"https:\\\/\\\/repliquemangacine.fr\\\/figurines-collector\\\/figurine-trafalgar-law-one-piece\\\/\",\"url\":\"https:\\\/\\\/repliquemangacine.fr\\\/figurines-collector\\\/figurine-trafalgar-law-one-piece\\\/\",\"name\":\"Figurine Trafalgar Law One Piece - R\u00e9plique Manga Cin\u00e9\",\"isPartOf\":{\"@id\":\"https:\\\/\\\/repliquemangacine.fr\\\/#website\"},\"primaryImageOfPage\":{\"@id\":\"https:\\\/\\\/repliquemangacine.fr\\\/figurines-collector\\\/figurine-trafalgar-law-one-piece\\\/#primaryimage\"},\"image\":{\"@id\":\"https:\\\/\\\/repliquemangacine.fr\\\/figurines-collector\\\/figurine-trafalgar-law-one-piece\\\/#primaryimage\"},\"thumbnailUrl\":\"https:\\\/\\\/repliquemangacine.fr\\\/wp-content\\\/uploads\\\/2023\\\/11\\\/figurine-Trafalgar-Law-avec-socle.jpg\",\"datePublished\":\"2025-11-19T14:23:42+00:00\",\"description\":\"D\u00e9couvrez notre Figurine de Trafalgar Law dans One Piece. R\u00e9plique d\u00e9taill\u00e9e, offrant un excellent rapport qualit\u00e9-prix pour les fans et collectionneurs.\",\"breadcrumb\":{\"@id\":\"https:\\\/\\\/repliquemangacine.fr\\\/figurines-collector\\\/figurine-trafalgar-law-one-piece\\\/#breadcrumb\"},\"inLanguage\":\"de\",\"potentialAction\":[{\"@type\":\"ReadAction\",\"target\":[\"https:\\\/\\\/repliquemangacine.fr\\\/figurines-collector\\\/figurine-trafalgar-law-one-piece\\\/\"]}]},{\"@type\":\"ImageObject\",\"inLanguage\":\"de\",\"@id\":\"https:\\\/\\\/repliquemangacine.fr\\\/figurines-collector\\\/figurine-trafalgar-law-one-piece\\\/#primaryimage\",\"url\":\"https:\\\/\\\/repliquemangacine.fr\\\/wp-content\\\/uploads\\\/2023\\\/11\\\/figurine-Trafalgar-Law-avec-socle.jpg\",\"contentUrl\":\"https:\\\/\\\/repliquemangacine.fr\\\/wp-content\\\/uploads\\\/2023\\\/11\\\/figurine-Trafalgar-Law-avec-socle.jpg\",\"width\":500,\"height\":500,\"caption\":\"Figurine Trafalgar Law One Piece\"},{\"@type\":\"BreadcrumbList\",\"@id\":\"https:\\\/\\\/repliquemangacine.fr\\\/figurines-collector\\\/figurine-trafalgar-law-one-piece\\\/#breadcrumb\",\"itemListElement\":[{\"@type\":\"ListItem\",\"position\":1,\"name\":\"Accueil\",\"item\":\"https:\\\/\\\/repliquemangacine.fr\\\/\"},{\"@type\":\"ListItem\",\"position\":2,\"name\":\"Produits\",\"item\":\"https:\\\/\\\/repliquemangacine.fr\\\/boutique\\\/\"},{\"@type\":\"ListItem\",\"position\":3,\"name\":\"Figurine Trafalgar Law One Piece\"}]},{\"@type\":\"WebSite\",\"@id\":\"https:\\\/\\\/repliquemangacine.fr\\\/#website\",\"url\":\"https:\\\/\\\/repliquemangacine.fr\\\/\",\"name\":\"R\u00e9plique Manga Cin\u00e9\",\"description\":\"\",\"publisher\":{\"@id\":\"https:\\\/\\\/repliquemangacine.fr\\\/#organization\"},\"potentialAction\":[{\"@type\":\"SearchAction\",\"target\":{\"@type\":\"EntryPoint\",\"urlTemplate\":\"https:\\\/\\\/repliquemangacine.fr\\\/?s={search_term_string}\"},\"query-input\":{\"@type\":\"PropertyValueSpecification\",\"valueRequired\":true,\"valueName\":\"search_term_string\"}}],\"inLanguage\":\"de\"},{\"@type\":\"Organization\",\"@id\":\"https:\\\/\\\/repliquemangacine.fr\\\/#organization\",\"name\":\"R\u00e9plique Manga Cin\u00e9\",\"url\":\"https:\\\/\\\/repliquemangacine.fr\\\/\",\"logo\":{\"@type\":\"ImageObject\",\"inLanguage\":\"de\",\"@id\":\"https:\\\/\\\/repliquemangacine.fr\\\/#\\\/schema\\\/logo\\\/image\\\/\",\"url\":\"https:\\\/\\\/repliquemangacine.fr\\\/wp-content\\\/uploads\\\/2023\\\/10\\\/RMC-500250.png\",\"contentUrl\":\"https:\\\/\\\/repliquemangacine.fr\\\/wp-content\\\/uploads\\\/2023\\\/10\\\/RMC-500250.png\",\"width\":500,\"height\":250,\"caption\":\"R\u00e9plique Manga Cin\u00e9\"},\"image\":{\"@id\":\"https:\\\/\\\/repliquemangacine.fr\\\/#\\\/schema\\\/logo\\\/image\\\/\"},\"sameAs\":[\"https:\\\/\\\/www.facebook.com\\\/RepliqueMangaCine\",\"https:\\\/\\\/www.instagram.com\\\/repliquemangacine.fr\\\/\"]}]}<\/script>\n<!-- \/ Yoast SEO plugin. -->","yoast_head_json":{"title":"Figurine Trafalgar Law One Piece - R\u00e9plique Manga Cin\u00e9","description":"Entdecken Sie unsere Figur von Trafalgar Law aus One Piece. Detaillierte Replik, die ein hervorragendes Preis-Leistungs-Verh\u00e4ltnis f\u00fcr Fans und Sammler bietet.","robots":{"index":"index","follow":"follow","max-snippet":"max-snippet:-1","max-image-preview":"max-image-preview:large","max-video-preview":"max-video-preview:-1"},"canonical":"https:\/\/repliquemangacine.fr\/de\/sammlerfiguren\/figurine-trafalgar-law-one-piece\/","og_locale":"de_DE","og_type":"article","og_title":"Figurine Trafalgar Law One Piece - R\u00e9plique Manga Cin\u00e9","og_description":"D\u00e9couvrez notre Figurine de Trafalgar Law dans One Piece. R\u00e9plique d\u00e9taill\u00e9e, offrant un excellent rapport qualit\u00e9-prix pour les fans et collectionneurs.","og_url":"https:\/\/repliquemangacine.fr\/de\/sammlerfiguren\/figurine-trafalgar-law-one-piece\/","og_site_name":"R\u00e9plique Manga Cin\u00e9","article_publisher":"https:\/\/www.facebook.com\/RepliqueMangaCine","og_image":[{"width":500,"height":500,"url":"https:\/\/repliquemangacine.fr\/wp-content\/uploads\/2023\/11\/figurine-Trafalgar-Law-avec-socle.jpg","type":"image\/jpeg"}],"twitter_card":"summary_large_image","twitter_misc":{"Gesch\u00e4tzte Lesezeit":"3\u00a0Minuten"},"schema":{"@context":"https:\/\/schema.org","@graph":[{"@type":"WebPage","@id":"https:\/\/repliquemangacine.fr\/figurines-collector\/figurine-trafalgar-law-one-piece\/","url":"https:\/\/repliquemangacine.fr\/figurines-collector\/figurine-trafalgar-law-one-piece\/","name":"Figurine Trafalgar Law One Piece - R\u00e9plique Manga Cin\u00e9","isPartOf":{"@id":"https:\/\/repliquemangacine.fr\/#website"},"primaryImageOfPage":{"@id":"https:\/\/repliquemangacine.fr\/figurines-collector\/figurine-trafalgar-law-one-piece\/#primaryimage"},"image":{"@id":"https:\/\/repliquemangacine.fr\/figurines-collector\/figurine-trafalgar-law-one-piece\/#primaryimage"},"thumbnailUrl":"https:\/\/repliquemangacine.fr\/wp-content\/uploads\/2023\/11\/figurine-Trafalgar-Law-avec-socle.jpg","datePublished":"2025-11-19T14:23:42+00:00","description":"Entdecken Sie unsere Figur von Trafalgar Law aus One Piece. Detaillierte Replik, die ein hervorragendes Preis-Leistungs-Verh\u00e4ltnis f\u00fcr Fans und Sammler bietet.","breadcrumb":{"@id":"https:\/\/repliquemangacine.fr\/figurines-collector\/figurine-trafalgar-law-one-piece\/#breadcrumb"},"inLanguage":"de","potentialAction":[{"@type":"ReadAction","target":["https:\/\/repliquemangacine.fr\/figurines-collector\/figurine-trafalgar-law-one-piece\/"]}]},{"@type":"ImageObject","inLanguage":"de","@id":"https:\/\/repliquemangacine.fr\/figurines-collector\/figurine-trafalgar-law-one-piece\/#primaryimage","url":"https:\/\/repliquemangacine.fr\/wp-content\/uploads\/2023\/11\/figurine-Trafalgar-Law-avec-socle.jpg","contentUrl":"https:\/\/repliquemangacine.fr\/wp-content\/uploads\/2023\/11\/figurine-Trafalgar-Law-avec-socle.jpg","width":500,"height":500,"caption":"Figurine Trafalgar Law One Piece"},{"@type":"BreadcrumbList","@id":"https:\/\/repliquemangacine.fr\/figurines-collector\/figurine-trafalgar-law-one-piece\/#breadcrumb","itemListElement":[{"@type":"ListItem","position":1,"name":"Accueil","item":"https:\/\/repliquemangacine.fr\/"},{"@type":"ListItem","position":2,"name":"Produits","item":"https:\/\/repliquemangacine.fr\/boutique\/"},{"@type":"ListItem","position":3,"name":"Figurine Trafalgar Law One Piece"}]},{"@type":"WebSite","@id":"https:\/\/repliquemangacine.fr\/#website","url":"https:\/\/repliquemangacine.fr\/","name":"R\u00e9plique Manga Cin\u00e9","description":"","publisher":{"@id":"https:\/\/repliquemangacine.fr\/#organization"},"potentialAction":[{"@type":"SearchAction","target":{"@type":"EntryPoint","urlTemplate":"https:\/\/repliquemangacine.fr\/?s={search_term_string}"},"query-input":{"@type":"PropertyValueSpecification","valueRequired":true,"valueName":"search_term_string"}}],"inLanguage":"de"},{"@type":"Organization","@id":"https:\/\/repliquemangacine.fr\/#organization","name":"R\u00e9plique Manga Cin\u00e9","url":"https:\/\/repliquemangacine.fr\/","logo":{"@type":"ImageObject","inLanguage":"de","@id":"https:\/\/repliquemangacine.fr\/#\/schema\/logo\/image\/","url":"https:\/\/repliquemangacine.fr\/wp-content\/uploads\/2023\/10\/RMC-500250.png","contentUrl":"https:\/\/repliquemangacine.fr\/wp-content\/uploads\/2023\/10\/RMC-500250.png","width":500,"height":250,"caption":"R\u00e9plique Manga Cin\u00e9"},"image":{"@id":"https:\/\/repliquemangacine.fr\/#\/schema\/logo\/image\/"},"sameAs":["https:\/\/www.facebook.com\/RepliqueMangaCine","https:\/\/www.instagram.com\/repliquemangacine.fr\/"]}]}},"_links":{"self":[{"href":"https:\/\/repliquemangacine.fr\/de\/wp-json\/wp\/v2\/product\/64689","targetHints":{"allow":["GET"]}}],"collection":[{"href":"https:\/\/repliquemangacine.fr\/de\/wp-json\/wp\/v2\/product"}],"about":[{"href":"https:\/\/repliquemangacine.fr\/de\/wp-json\/wp\/v2\/types\/product"}],"wp:featuredmedia":[{"embeddable":true,"href":"https:\/\/repliquemangacine.fr\/de\/wp-json\/wp\/v2\/media\/64690"}],"wp:attachment":[{"href":"https:\/\/repliquemangacine.fr\/de\/wp-json\/wp\/v2\/media?parent=64689"}],"wp:term":[{"taxonomy":"product_brand","embeddable":true,"href":"https:\/\/repliquemangacine.fr\/de\/wp-json\/wp\/v2\/product_brand?post=64689"},{"taxonomy":"product_cat","embeddable":true,"href":"https:\/\/repliquemangacine.fr\/de\/wp-json\/wp\/v2\/product_cat?post=64689"},{"taxonomy":"product_tag","embeddable":true,"href":"https:\/\/repliquemangacine.fr\/de\/wp-json\/wp\/v2\/product_tag?post=64689"}],"curies":[{"name":"wp","href":"https:\/\/api.w.org\/{rel}","templated":true}]}}