





{"id":64670,"date":"2025-11-19T15:23:42","date_gmt":"2025-11-19T14:23:42","guid":{"rendered":"https:\/\/repliquemangacine.fr\/?post_type=product&#038;p=64670"},"modified":"2025-12-17T13:37:32","modified_gmt":"2025-12-17T12:37:32","slug":"figurine-roronoa-zoro-one-piece","status":"publish","type":"product","link":"https:\/\/repliquemangacine.fr\/de\/figurines-one-piece\/figurine-roronoa-zoro-one-piece\/","title":{"rendered":"Roronoa Zoro One Piece Figurine"},"content":{"rendered":"<h2>Tauche mit der Roronoa Zoro Figur in die Welt von One Piece ein.<\/h2>\n<p>Zun\u00e4chst einmal ist unsere inoffizielle Roronoa Zoro-Figur aus \u201cOne Piece\u201d eine perfekte Darstellung, die jedes Detail des ikonischen Charakters widerspiegelt. Jeder Aspekt, vom detaillierten Kimono bis hin zu den ikonischen Schwertern, ist originalgetreu nachgebildet. Ideal f\u00fcr Sammler oder als zentrales Ausstellungsst\u00fcck in einer thematischen Ausstellung, entf\u00fchrt diese Figur \u201cOne Piece\u201d-Fans direkt in die spannende Welt des Mangas.<\/p>\n<h3>Die Roronoa Zoro Figur: Eintauchen in die Welt von One Piece<\/h3>\n<p>Sie verk\u00f6rpert Zoros Abenteuerlust und Entschlossenheit und ist eine Hommage an seine St\u00e4rke und sein Charisma. Diese Figur ist perfekt f\u00fcr Fans, die die epischen Momente der Serie nacherleben m\u00f6chten, und ist eine unsch\u00e4tzbare Erg\u00e4nzung f\u00fcr jede Sammlung.<\/p>\n<h2>Preis-Leistungs-Verh\u00e4ltnis f\u00fcr die Zoro-Figur<\/h2>\n<p>Es sei darauf hingewiesen, dass die inoffizielle Figur von <a href=\"https:\/\/onepiece.fandom.com\/fr\/wiki\/Roronoa_Zoro\" target=\"_blank\" rel=\"noopener noreferrer\">Roronoa Zoro<\/a> von \u201cOne Piece\u201d vereint hervorragende Handwerkskunst mit einem erschwinglichen Preis. Jedes Detail dieser Figur wurde sorgf\u00e4ltig durchdacht, von den ausdrucksstarken Gesichtsz\u00fcgen bis hin zur dynamischen Kampfhaltung. Sie bietet eine au\u00dfergew\u00f6hnliche Treue zur Originalfigur und ist gleichzeitig f\u00fcr jeden Geldbeutel erschwinglich.<\/p>\n<h3>Hohe Qualit\u00e4t zum g\u00fcnstigen Preis: Die Roronoa Zoro Figurine<\/h3>\n<p>Dar\u00fcber hinaus macht diese seltene Kombination aus h\u00f6chster Qualit\u00e4t und einem wettbewerbsf\u00e4higen Preis sie zu einer bevorzugten Wahl f\u00fcr Sammler und Fans. Sie eignet sich hervorragend als Geschenk f\u00fcr Manga-Fans und wird mit Sicherheit zu einem Schatz in jeder \u201cOne Piece\u201d-Sammlung.<\/p>\n<h2>Erweitere deine One Piece-Sammlung mit unseren Goodies<\/h2>\n<p>Zun\u00e4chst einmal ist unsere Auswahl an \u201cOne Piece\u201d-Goodies die perfekte Erg\u00e4nzung f\u00fcr Ihre Sammlung. Aber das ist noch nicht alles. Wir bieten Ihnen auch Holzschwerter und sogar Metallkatanas Ihrer Lieblingshelden an. Sie finden :<\/p>\n<ul>\n<li>alle Schwerter von Zoro, zuletzt das\u2019<a href=\"https:\/\/repliquemangacine.fr\/de\/katana-aus-metall-one-piece\/katana-enma-violett-one-piece\/\">enma in lila<\/a><\/li>\n<li>sondern auch das <a href=\"https:\/\/repliquemangacine.fr\/de\/katana-aus-metall-one-piece\/nidai-kitetsu-schwert-von-luffy-one-piece\/\">Luffys Katana<\/a>,<\/li>\n<li>sowie der gro\u00dfe <a href=\"https:\/\/repliquemangacine.fr\/de\/katana-aus-metall-one-piece\/katana-trafalgar-law-violett-one-piece\/\">Laws Katana<\/a> 143 cm lang.<\/li>\n<\/ul>\n<h3>One Piece Boxen und Schl\u00fcsselanh\u00e4nger: Sch\u00e4tze f\u00fcr Fans<\/h3>\n<p>Von Sammlerboxen bis hin zu Schl\u00fcsselanh\u00e4ngern - jeder Artikel ist eine Feier des abenteuerlichen Geistes von \u201cOne Piece\u201d. Diese sorgf\u00e4ltig ausgew\u00e4hlten Sammlerst\u00fccke bieten den Fans eine einzigartige M\u00f6glichkeit, ihre Liebe zur Serie zu zeigen.<\/p>","protected":false},"excerpt":{"rendered":"<p>Wundersch\u00f6ne Figur <strong>inoffiziell<\/strong> von Roronoa Zoro in One Piece<\/p>\n<ul>\n<li>Alles aus PVC<\/li>\n<li>Sockel<\/li>\n<li>H\u00f6he: 16 cm<\/li>\n<li>Wird mit seiner Sammlerbox geliefert<\/li>\n<\/ul>","protected":false},"featured_media":64671,"template":"","meta":[],"product_brand":[896],"product_cat":[831,124,94,23,36],"product_tag":[],"class_list":{"0":"post-64670","1":"product","2":"type-product","3":"status-publish","4":"has-post-thumbnail","6":"product_brand-replique-manga-cine","7":"product_cat-figurines-collector","8":"product_cat-figurines-one-piece","9":"product_cat-goodies","10":"product_cat-repliques-manga-jeux-video","11":"product_cat-katana-one-piece","13":"first","14":"outofstock","15":"sale","16":"taxable","17":"shipping-taxable","18":"purchasable","19":"product-type-simple"},"yoast_head":"<!-- This site is optimized with the Yoast SEO plugin v27.4 - https:\/\/yoast.com\/product\/yoast-seo-wordpress\/ -->\n<title>Figurine Roronoa Zoro One Piece | R\u00e9plique Manga Cin\u00e9<\/title>\n<meta name=\"description\" content=\"N&#039;attendez plus ! Commandez vite votre Figurine Roronoa Zoro dans One Piece au meilleur prix. Tout en PVC. Hauteur : 16 cm. Boite collector\" \/>\n<meta name=\"robots\" content=\"index, follow, max-snippet:-1, max-image-preview:large, max-video-preview:-1\" \/>\n<link rel=\"canonical\" href=\"https:\/\/repliquemangacine.fr\/de\/one-piece-figurines\/figurine-roronoa-zoro-one-piece\/\" \/>\n<meta property=\"og:locale\" content=\"de_DE\" \/>\n<meta property=\"og:type\" content=\"article\" \/>\n<meta property=\"og:title\" content=\"Figurine Roronoa Zoro One Piece | R\u00e9plique Manga Cin\u00e9\" \/>\n<meta property=\"og:description\" content=\"N&#039;attendez plus ! Commandez vite votre Figurine Roronoa Zoro dans One Piece au meilleur prix. Tout en PVC. Hauteur : 16 cm. Boite collector\" \/>\n<meta property=\"og:url\" content=\"https:\/\/repliquemangacine.fr\/de\/one-piece-figurines\/figurine-roronoa-zoro-one-piece\/\" \/>\n<meta property=\"og:site_name\" content=\"R\u00e9plique Manga Cin\u00e9\" \/>\n<meta property=\"article:publisher\" content=\"https:\/\/www.facebook.com\/RepliqueMangaCine\" \/>\n<meta property=\"article:modified_time\" content=\"2025-12-17T12:37:32+00:00\" \/>\n<meta property=\"og:image\" content=\"https:\/\/repliquemangacine.fr\/wp-content\/uploads\/2023\/11\/Figurine-Roronoa-Zoro-One-Piece-avec-socle.jpg\" \/>\n\t<meta property=\"og:image:width\" content=\"500\" \/>\n\t<meta property=\"og:image:height\" content=\"500\" \/>\n\t<meta property=\"og:image:type\" content=\"image\/jpeg\" \/>\n<meta name=\"twitter:card\" content=\"summary_large_image\" \/>\n<meta name=\"twitter:label1\" content=\"Gesch\u00e4tzte Lesezeit\" \/>\n\t<meta name=\"twitter:data1\" content=\"3\u00a0Minuten\" \/>\n<script type=\"application\/ld+json\" class=\"yoast-schema-graph\">{\"@context\":\"https:\\\/\\\/schema.org\",\"@graph\":[{\"@type\":\"WebPage\",\"@id\":\"https:\\\/\\\/repliquemangacine.fr\\\/figurines-one-piece\\\/figurine-roronoa-zoro-one-piece\\\/\",\"url\":\"https:\\\/\\\/repliquemangacine.fr\\\/figurines-one-piece\\\/figurine-roronoa-zoro-one-piece\\\/\",\"name\":\"Figurine Roronoa Zoro One Piece | R\u00e9plique Manga Cin\u00e9\",\"isPartOf\":{\"@id\":\"https:\\\/\\\/repliquemangacine.fr\\\/#website\"},\"primaryImageOfPage\":{\"@id\":\"https:\\\/\\\/repliquemangacine.fr\\\/figurines-one-piece\\\/figurine-roronoa-zoro-one-piece\\\/#primaryimage\"},\"image\":{\"@id\":\"https:\\\/\\\/repliquemangacine.fr\\\/figurines-one-piece\\\/figurine-roronoa-zoro-one-piece\\\/#primaryimage\"},\"thumbnailUrl\":\"https:\\\/\\\/repliquemangacine.fr\\\/wp-content\\\/uploads\\\/2023\\\/11\\\/Figurine-Roronoa-Zoro-One-Piece-avec-socle.jpg\",\"datePublished\":\"2025-11-19T14:23:42+00:00\",\"dateModified\":\"2025-12-17T12:37:32+00:00\",\"description\":\"N'attendez plus ! Commandez vite votre Figurine Roronoa Zoro dans One Piece au meilleur prix. Tout en PVC. Hauteur : 16 cm. Boite collector\",\"breadcrumb\":{\"@id\":\"https:\\\/\\\/repliquemangacine.fr\\\/figurines-one-piece\\\/figurine-roronoa-zoro-one-piece\\\/#breadcrumb\"},\"inLanguage\":\"de\",\"potentialAction\":[{\"@type\":\"ReadAction\",\"target\":[\"https:\\\/\\\/repliquemangacine.fr\\\/figurines-one-piece\\\/figurine-roronoa-zoro-one-piece\\\/\"]}]},{\"@type\":\"ImageObject\",\"inLanguage\":\"de\",\"@id\":\"https:\\\/\\\/repliquemangacine.fr\\\/figurines-one-piece\\\/figurine-roronoa-zoro-one-piece\\\/#primaryimage\",\"url\":\"https:\\\/\\\/repliquemangacine.fr\\\/wp-content\\\/uploads\\\/2023\\\/11\\\/Figurine-Roronoa-Zoro-One-Piece-avec-socle.jpg\",\"contentUrl\":\"https:\\\/\\\/repliquemangacine.fr\\\/wp-content\\\/uploads\\\/2023\\\/11\\\/Figurine-Roronoa-Zoro-One-Piece-avec-socle.jpg\",\"width\":500,\"height\":500,\"caption\":\"Figurine Roronoa Zoro avec socle\"},{\"@type\":\"BreadcrumbList\",\"@id\":\"https:\\\/\\\/repliquemangacine.fr\\\/figurines-one-piece\\\/figurine-roronoa-zoro-one-piece\\\/#breadcrumb\",\"itemListElement\":[{\"@type\":\"ListItem\",\"position\":1,\"name\":\"Accueil\",\"item\":\"https:\\\/\\\/repliquemangacine.fr\\\/\"},{\"@type\":\"ListItem\",\"position\":2,\"name\":\"Produits\",\"item\":\"https:\\\/\\\/repliquemangacine.fr\\\/boutique\\\/\"},{\"@type\":\"ListItem\",\"position\":3,\"name\":\"Figurine Roronoa Zoro One Piece\"}]},{\"@type\":\"WebSite\",\"@id\":\"https:\\\/\\\/repliquemangacine.fr\\\/#website\",\"url\":\"https:\\\/\\\/repliquemangacine.fr\\\/\",\"name\":\"R\u00e9plique Manga Cin\u00e9\",\"description\":\"\",\"publisher\":{\"@id\":\"https:\\\/\\\/repliquemangacine.fr\\\/#organization\"},\"potentialAction\":[{\"@type\":\"SearchAction\",\"target\":{\"@type\":\"EntryPoint\",\"urlTemplate\":\"https:\\\/\\\/repliquemangacine.fr\\\/?s={search_term_string}\"},\"query-input\":{\"@type\":\"PropertyValueSpecification\",\"valueRequired\":true,\"valueName\":\"search_term_string\"}}],\"inLanguage\":\"de\"},{\"@type\":\"Organization\",\"@id\":\"https:\\\/\\\/repliquemangacine.fr\\\/#organization\",\"name\":\"R\u00e9plique Manga Cin\u00e9\",\"url\":\"https:\\\/\\\/repliquemangacine.fr\\\/\",\"logo\":{\"@type\":\"ImageObject\",\"inLanguage\":\"de\",\"@id\":\"https:\\\/\\\/repliquemangacine.fr\\\/#\\\/schema\\\/logo\\\/image\\\/\",\"url\":\"https:\\\/\\\/repliquemangacine.fr\\\/wp-content\\\/uploads\\\/2023\\\/10\\\/RMC-500250.png\",\"contentUrl\":\"https:\\\/\\\/repliquemangacine.fr\\\/wp-content\\\/uploads\\\/2023\\\/10\\\/RMC-500250.png\",\"width\":500,\"height\":250,\"caption\":\"R\u00e9plique Manga Cin\u00e9\"},\"image\":{\"@id\":\"https:\\\/\\\/repliquemangacine.fr\\\/#\\\/schema\\\/logo\\\/image\\\/\"},\"sameAs\":[\"https:\\\/\\\/www.facebook.com\\\/RepliqueMangaCine\",\"https:\\\/\\\/www.instagram.com\\\/repliquemangacine.fr\\\/\"]}]}<\/script>\n<!-- \/ Yoast SEO plugin. -->","yoast_head_json":{"title":"Roronoa Zoro One Piece Figurine | R\u00e9plique Manga Cin\u00e9","description":"Warten Sie nicht l\u00e4nger! Bestellen Sie schnell Ihre Roronoa Zoro Figur in One Piece zum besten Preis. Komplett aus PVC gefertigt. H\u00f6he: 16 cm. Sammlerbox","robots":{"index":"index","follow":"follow","max-snippet":"max-snippet:-1","max-image-preview":"max-image-preview:large","max-video-preview":"max-video-preview:-1"},"canonical":"https:\/\/repliquemangacine.fr\/de\/one-piece-figurines\/figurine-roronoa-zoro-one-piece\/","og_locale":"de_DE","og_type":"article","og_title":"Figurine Roronoa Zoro One Piece | R\u00e9plique Manga Cin\u00e9","og_description":"N'attendez plus ! Commandez vite votre Figurine Roronoa Zoro dans One Piece au meilleur prix. Tout en PVC. Hauteur : 16 cm. Boite collector","og_url":"https:\/\/repliquemangacine.fr\/de\/one-piece-figurines\/figurine-roronoa-zoro-one-piece\/","og_site_name":"R\u00e9plique Manga Cin\u00e9","article_publisher":"https:\/\/www.facebook.com\/RepliqueMangaCine","article_modified_time":"2025-12-17T12:37:32+00:00","og_image":[{"width":500,"height":500,"url":"https:\/\/repliquemangacine.fr\/wp-content\/uploads\/2023\/11\/Figurine-Roronoa-Zoro-One-Piece-avec-socle.jpg","type":"image\/jpeg"}],"twitter_card":"summary_large_image","twitter_misc":{"Gesch\u00e4tzte Lesezeit":"3\u00a0Minuten"},"schema":{"@context":"https:\/\/schema.org","@graph":[{"@type":"WebPage","@id":"https:\/\/repliquemangacine.fr\/figurines-one-piece\/figurine-roronoa-zoro-one-piece\/","url":"https:\/\/repliquemangacine.fr\/figurines-one-piece\/figurine-roronoa-zoro-one-piece\/","name":"Roronoa Zoro One Piece Figurine | R\u00e9plique Manga Cin\u00e9","isPartOf":{"@id":"https:\/\/repliquemangacine.fr\/#website"},"primaryImageOfPage":{"@id":"https:\/\/repliquemangacine.fr\/figurines-one-piece\/figurine-roronoa-zoro-one-piece\/#primaryimage"},"image":{"@id":"https:\/\/repliquemangacine.fr\/figurines-one-piece\/figurine-roronoa-zoro-one-piece\/#primaryimage"},"thumbnailUrl":"https:\/\/repliquemangacine.fr\/wp-content\/uploads\/2023\/11\/Figurine-Roronoa-Zoro-One-Piece-avec-socle.jpg","datePublished":"2025-11-19T14:23:42+00:00","dateModified":"2025-12-17T12:37:32+00:00","description":"Warten Sie nicht l\u00e4nger! Bestellen Sie schnell Ihre Roronoa Zoro Figur in One Piece zum besten Preis. Komplett aus PVC gefertigt. H\u00f6he: 16 cm. Sammlerbox","breadcrumb":{"@id":"https:\/\/repliquemangacine.fr\/figurines-one-piece\/figurine-roronoa-zoro-one-piece\/#breadcrumb"},"inLanguage":"de","potentialAction":[{"@type":"ReadAction","target":["https:\/\/repliquemangacine.fr\/figurines-one-piece\/figurine-roronoa-zoro-one-piece\/"]}]},{"@type":"ImageObject","inLanguage":"de","@id":"https:\/\/repliquemangacine.fr\/figurines-one-piece\/figurine-roronoa-zoro-one-piece\/#primaryimage","url":"https:\/\/repliquemangacine.fr\/wp-content\/uploads\/2023\/11\/Figurine-Roronoa-Zoro-One-Piece-avec-socle.jpg","contentUrl":"https:\/\/repliquemangacine.fr\/wp-content\/uploads\/2023\/11\/Figurine-Roronoa-Zoro-One-Piece-avec-socle.jpg","width":500,"height":500,"caption":"Figurine Roronoa Zoro avec socle"},{"@type":"BreadcrumbList","@id":"https:\/\/repliquemangacine.fr\/figurines-one-piece\/figurine-roronoa-zoro-one-piece\/#breadcrumb","itemListElement":[{"@type":"ListItem","position":1,"name":"Accueil","item":"https:\/\/repliquemangacine.fr\/"},{"@type":"ListItem","position":2,"name":"Produits","item":"https:\/\/repliquemangacine.fr\/boutique\/"},{"@type":"ListItem","position":3,"name":"Figurine Roronoa Zoro One Piece"}]},{"@type":"WebSite","@id":"https:\/\/repliquemangacine.fr\/#website","url":"https:\/\/repliquemangacine.fr\/","name":"R\u00e9plique Manga Cin\u00e9","description":"","publisher":{"@id":"https:\/\/repliquemangacine.fr\/#organization"},"potentialAction":[{"@type":"SearchAction","target":{"@type":"EntryPoint","urlTemplate":"https:\/\/repliquemangacine.fr\/?s={search_term_string}"},"query-input":{"@type":"PropertyValueSpecification","valueRequired":true,"valueName":"search_term_string"}}],"inLanguage":"de"},{"@type":"Organization","@id":"https:\/\/repliquemangacine.fr\/#organization","name":"R\u00e9plique Manga Cin\u00e9","url":"https:\/\/repliquemangacine.fr\/","logo":{"@type":"ImageObject","inLanguage":"de","@id":"https:\/\/repliquemangacine.fr\/#\/schema\/logo\/image\/","url":"https:\/\/repliquemangacine.fr\/wp-content\/uploads\/2023\/10\/RMC-500250.png","contentUrl":"https:\/\/repliquemangacine.fr\/wp-content\/uploads\/2023\/10\/RMC-500250.png","width":500,"height":250,"caption":"R\u00e9plique Manga Cin\u00e9"},"image":{"@id":"https:\/\/repliquemangacine.fr\/#\/schema\/logo\/image\/"},"sameAs":["https:\/\/www.facebook.com\/RepliqueMangaCine","https:\/\/www.instagram.com\/repliquemangacine.fr\/"]}]}},"_links":{"self":[{"href":"https:\/\/repliquemangacine.fr\/de\/wp-json\/wp\/v2\/product\/64670","targetHints":{"allow":["GET"]}}],"collection":[{"href":"https:\/\/repliquemangacine.fr\/de\/wp-json\/wp\/v2\/product"}],"about":[{"href":"https:\/\/repliquemangacine.fr\/de\/wp-json\/wp\/v2\/types\/product"}],"wp:featuredmedia":[{"embeddable":true,"href":"https:\/\/repliquemangacine.fr\/de\/wp-json\/wp\/v2\/media\/64671"}],"wp:attachment":[{"href":"https:\/\/repliquemangacine.fr\/de\/wp-json\/wp\/v2\/media?parent=64670"}],"wp:term":[{"taxonomy":"product_brand","embeddable":true,"href":"https:\/\/repliquemangacine.fr\/de\/wp-json\/wp\/v2\/product_brand?post=64670"},{"taxonomy":"product_cat","embeddable":true,"href":"https:\/\/repliquemangacine.fr\/de\/wp-json\/wp\/v2\/product_cat?post=64670"},{"taxonomy":"product_tag","embeddable":true,"href":"https:\/\/repliquemangacine.fr\/de\/wp-json\/wp\/v2\/product_tag?post=64670"}],"curies":[{"name":"wp","href":"https:\/\/api.w.org\/{rel}","templated":true}]}}